{"id":21795,"date":"2021-07-26T12:38:59","date_gmt":"2021-07-26T10:38:59","guid":{"rendered":"https:\/\/d-identify.be\/product\/industrie-etikettendrucker-duralabel-lobo\/"},"modified":"2024-09-10T11:45:27","modified_gmt":"2024-09-10T09:45:27","slug":"industrie-etikettendrucker-duralabel-lobo","status":"publish","type":"product","link":"https:\/\/d-identify.be\/de\/produkt\/industrie-etikettendrucker-duralabel-lobo\/","title":{"rendered":"Industrie-Etikettendrucker DuraLabel Lobo"},"content":{"rendered":"<ul>\n<li><strong>Eigenst\u00e4ndiges System:<\/strong> Lobo ist betriebsbereit ohne Netzwerkverbindung. Entwerfen Sie Etiketten mithilfe der vollst\u00e4ndigen Tastatur, der Designsoftware und des Farbbildschirms, um Etiketten vor dem Drucken zu \u00fcberpr\u00fcfen. <\/li>\n<li><strong>Tragbares Design:<\/strong> Lobo ist leicht und verf\u00fcgt \u00fcber einen integrierten Griff f\u00fcr einfachen Transport. Verwenden Sie es mit einem AC-Adapter oder Akku f\u00fcr stundenlangen kontinuierlichen Druck (entspricht 2.800 Etiketten von 2\u201dx 6\u201d). Sie k\u00f6nnen es auch \u00fcber den USB-Anschluss mit einem PC verbinden.  <\/li>\n<li><strong>Leistungsstarke Software:<\/strong> Enth\u00e4lt eine Etiketten-Design-Software, um standardisierte Etiketten zu erstellen, die den gesetzlichen Anforderungen entsprechen, indem Vorlagen verwendet oder Etiketten von Grund auf individuell<\/li>\n<\/ul>\n<p>&nbsp;<\/p>\n","protected":false},"excerpt":{"rendered":"<p>Lobo ist das perfekte tragbare Mehrzweck-Etikettierger\u00e4t f\u00fcr jede Branche. Er ist klein und dennoch robust, so dass Sie ihn problemlos im B\u00fcro oder drau\u00dfen im Lager und auf dem Bau einsetzen k\u00f6nnen. Bedrucken Sie 1\/2&#8220; bis 2&#8220; breites Material in beliebiger L\u00e4nge, um Inventaretiketten, Strichcodes, Rohrmarkierungen, Draht- und Kabelmarkierungen und verschiedene B\u00fcroetiketten zu erstellen.   &nbsp;<\/p>\n","protected":false},"featured_media":21796,"comment_status":"open","ping_status":"closed","template":"","meta":{"_acf_changed":false,"_et_pb_use_builder":"","_et_pb_old_content":"","_et_gb_content_width":""},"product_brand":[],"product_cat":[601,590],"product_tag":[930],"pa_connextion-shapes":[],"class_list":{"0":"post-21795","1":"product","2":"type-product","3":"status-publish","4":"has-post-thumbnail","6":"product_cat-duralabel-drucker","7":"product_cat-lobo-verbrauchsmaterialien","8":"product_tag-duralabel-de","10":"first","11":"instock","12":"taxable","13":"shipping-taxable","14":"purchasable","15":"product-type-simple"},"exclude_global_add_ons":[],"addons":[],"acf":[],"yoast_head":"<!-- This site is optimized with the Yoast SEO Premium plugin v27.0 (Yoast SEO v27.1) - https:\/\/yoast.com\/product\/yoast-seo-premium-wordpress\/ -->\n<title>Industrie-Etikettendrucker DuraLabel Lobo<\/title>\n<meta name=\"description\" content=\"Lobo ist der perfekte vielseitige tragbare Etikettendrucker f\u00fcr jede Branche. Er ist klein, aber dennoch robust und einfach im B\u00fcro zu verwenden...\" \/>\n<meta name=\"robots\" content=\"index, follow, max-snippet:-1, max-image-preview:large, max-video-preview:-1\" \/>\n<link rel=\"canonical\" href=\"https:\/\/d-identify.be\/de\/produkt\/industrie-etikettendrucker-duralabel-lobo\/\" \/>\n<meta property=\"og:locale\" content=\"de_DE\" \/>\n<meta property=\"og:type\" content=\"article\" \/>\n<meta property=\"og:title\" content=\"Industrie-Etikettendrucker DuraLabel Lobo\" \/>\n<meta property=\"og:description\" content=\"Lobo ist der perfekte vielseitige tragbare Etikettendrucker f\u00fcr jede Branche. Er ist klein, aber dennoch robust und einfach im B\u00fcro zu verwenden...\" \/>\n<meta property=\"og:url\" content=\"https:\/\/d-identify.be\/de\/produkt\/industrie-etikettendrucker-duralabel-lobo\/\" \/>\n<meta property=\"og:site_name\" content=\"d-identify\" \/>\n<meta property=\"article:modified_time\" content=\"2024-09-10T09:45:27+00:00\" \/>\n<meta property=\"og:image\" content=\"https:\/\/d-identify.be\/wp-content\/uploads\/2021\/07\/DLL-FL2-scaled.jpg\" \/>\n\t<meta property=\"og:image:width\" content=\"2560\" \/>\n\t<meta property=\"og:image:height\" content=\"2560\" \/>\n\t<meta property=\"og:image:type\" content=\"image\/jpeg\" \/>\n<meta name=\"twitter:card\" content=\"summary_large_image\" \/>\n<meta name=\"twitter:label1\" content=\"Gesch\u00e4tzte Lesezeit\" \/>\n\t<meta name=\"twitter:data1\" content=\"1\u00a0Minute\" \/>\n<script type=\"application\/ld+json\" class=\"yoast-schema-graph\">{\"@context\":\"https:\/\/schema.org\",\"@graph\":[{\"@type\":\"WebPage\",\"@id\":\"https:\/\/d-identify.be\/de\/produkt\/industrie-etikettendrucker-duralabel-lobo\/\",\"url\":\"https:\/\/d-identify.be\/de\/produkt\/industrie-etikettendrucker-duralabel-lobo\/\",\"name\":\"Industrie-Etikettendrucker DuraLabel Lobo\",\"isPartOf\":{\"@id\":\"https:\/\/d-identify.be\/de\/#website\"},\"primaryImageOfPage\":{\"@id\":\"https:\/\/d-identify.be\/de\/produkt\/industrie-etikettendrucker-duralabel-lobo\/#primaryimage\"},\"image\":{\"@id\":\"https:\/\/d-identify.be\/de\/produkt\/industrie-etikettendrucker-duralabel-lobo\/#primaryimage\"},\"thumbnailUrl\":\"https:\/\/d-identify.be\/wp-content\/uploads\/2021\/07\/DLL-FL2-scaled.jpg\",\"datePublished\":\"2021-07-26T10:38:59+00:00\",\"dateModified\":\"2024-09-10T09:45:27+00:00\",\"description\":\"Lobo ist der perfekte vielseitige tragbare Etikettendrucker f\u00fcr jede Branche. Er ist klein, aber dennoch robust und einfach im B\u00fcro zu verwenden...\",\"breadcrumb\":{\"@id\":\"https:\/\/d-identify.be\/de\/produkt\/industrie-etikettendrucker-duralabel-lobo\/#breadcrumb\"},\"inLanguage\":\"de\",\"potentialAction\":[{\"@type\":\"ReadAction\",\"target\":[\"https:\/\/d-identify.be\/de\/produkt\/industrie-etikettendrucker-duralabel-lobo\/\"]}]},{\"@type\":\"ImageObject\",\"inLanguage\":\"de\",\"@id\":\"https:\/\/d-identify.be\/de\/produkt\/industrie-etikettendrucker-duralabel-lobo\/#primaryimage\",\"url\":\"https:\/\/d-identify.be\/wp-content\/uploads\/2021\/07\/DLL-FL2-scaled.jpg\",\"contentUrl\":\"https:\/\/d-identify.be\/wp-content\/uploads\/2021\/07\/DLL-FL2-scaled.jpg\",\"width\":2560,\"height\":2560,\"caption\":\"DL LOBO\"},{\"@type\":\"BreadcrumbList\",\"@id\":\"https:\/\/d-identify.be\/de\/produkt\/industrie-etikettendrucker-duralabel-lobo\/#breadcrumb\",\"itemListElement\":[{\"@type\":\"ListItem\",\"position\":1,\"name\":\"Home\",\"item\":\"https:\/\/d-identify.be\/de\/home-2\/\"},{\"@type\":\"ListItem\",\"position\":2,\"name\":\"Shop\",\"item\":\"https:\/\/d-identify.be\/shop-2\/\"},{\"@type\":\"ListItem\",\"position\":3,\"name\":\"Industrie-Etikettendrucker DuraLabel Lobo\"}]},{\"@type\":\"WebSite\",\"@id\":\"https:\/\/d-identify.be\/de\/#website\",\"url\":\"https:\/\/d-identify.be\/de\/\",\"name\":\"d-identify\",\"description\":\"Industrial identification - Lockout - Tagout - Floor marking\",\"potentialAction\":[{\"@type\":\"SearchAction\",\"target\":{\"@type\":\"EntryPoint\",\"urlTemplate\":\"https:\/\/d-identify.be\/de\/?s={search_term_string}\"},\"query-input\":{\"@type\":\"PropertyValueSpecification\",\"valueRequired\":true,\"valueName\":\"search_term_string\"}}],\"inLanguage\":\"de\"}]}<\/script>\n<!-- \/ Yoast SEO Premium plugin. -->","yoast_head_json":{"title":"Industrie-Etikettendrucker DuraLabel Lobo","description":"Lobo ist der perfekte vielseitige tragbare Etikettendrucker f\u00fcr jede Branche. Er ist klein, aber dennoch robust und einfach im B\u00fcro zu verwenden...","robots":{"index":"index","follow":"follow","max-snippet":"max-snippet:-1","max-image-preview":"max-image-preview:large","max-video-preview":"max-video-preview:-1"},"canonical":"https:\/\/d-identify.be\/de\/produkt\/industrie-etikettendrucker-duralabel-lobo\/","og_locale":"de_DE","og_type":"article","og_title":"Industrie-Etikettendrucker DuraLabel Lobo","og_description":"Lobo ist der perfekte vielseitige tragbare Etikettendrucker f\u00fcr jede Branche. Er ist klein, aber dennoch robust und einfach im B\u00fcro zu verwenden...","og_url":"https:\/\/d-identify.be\/de\/produkt\/industrie-etikettendrucker-duralabel-lobo\/","og_site_name":"d-identify","article_modified_time":"2024-09-10T09:45:27+00:00","og_image":[{"width":2560,"height":2560,"url":"https:\/\/d-identify.be\/wp-content\/uploads\/2021\/07\/DLL-FL2-scaled.jpg","type":"image\/jpeg"}],"twitter_card":"summary_large_image","twitter_misc":{"Gesch\u00e4tzte Lesezeit":"1\u00a0Minute"},"schema":{"@context":"https:\/\/schema.org","@graph":[{"@type":"WebPage","@id":"https:\/\/d-identify.be\/de\/produkt\/industrie-etikettendrucker-duralabel-lobo\/","url":"https:\/\/d-identify.be\/de\/produkt\/industrie-etikettendrucker-duralabel-lobo\/","name":"Industrie-Etikettendrucker DuraLabel Lobo","isPartOf":{"@id":"https:\/\/d-identify.be\/de\/#website"},"primaryImageOfPage":{"@id":"https:\/\/d-identify.be\/de\/produkt\/industrie-etikettendrucker-duralabel-lobo\/#primaryimage"},"image":{"@id":"https:\/\/d-identify.be\/de\/produkt\/industrie-etikettendrucker-duralabel-lobo\/#primaryimage"},"thumbnailUrl":"https:\/\/d-identify.be\/wp-content\/uploads\/2021\/07\/DLL-FL2-scaled.jpg","datePublished":"2021-07-26T10:38:59+00:00","dateModified":"2024-09-10T09:45:27+00:00","description":"Lobo ist der perfekte vielseitige tragbare Etikettendrucker f\u00fcr jede Branche. Er ist klein, aber dennoch robust und einfach im B\u00fcro zu verwenden...","breadcrumb":{"@id":"https:\/\/d-identify.be\/de\/produkt\/industrie-etikettendrucker-duralabel-lobo\/#breadcrumb"},"inLanguage":"de","potentialAction":[{"@type":"ReadAction","target":["https:\/\/d-identify.be\/de\/produkt\/industrie-etikettendrucker-duralabel-lobo\/"]}]},{"@type":"ImageObject","inLanguage":"de","@id":"https:\/\/d-identify.be\/de\/produkt\/industrie-etikettendrucker-duralabel-lobo\/#primaryimage","url":"https:\/\/d-identify.be\/wp-content\/uploads\/2021\/07\/DLL-FL2-scaled.jpg","contentUrl":"https:\/\/d-identify.be\/wp-content\/uploads\/2021\/07\/DLL-FL2-scaled.jpg","width":2560,"height":2560,"caption":"DL LOBO"},{"@type":"BreadcrumbList","@id":"https:\/\/d-identify.be\/de\/produkt\/industrie-etikettendrucker-duralabel-lobo\/#breadcrumb","itemListElement":[{"@type":"ListItem","position":1,"name":"Home","item":"https:\/\/d-identify.be\/de\/home-2\/"},{"@type":"ListItem","position":2,"name":"Shop","item":"https:\/\/d-identify.be\/shop-2\/"},{"@type":"ListItem","position":3,"name":"Industrie-Etikettendrucker DuraLabel Lobo"}]},{"@type":"WebSite","@id":"https:\/\/d-identify.be\/de\/#website","url":"https:\/\/d-identify.be\/de\/","name":"d-identify","description":"Industrial identification - Lockout - Tagout - Floor marking","potentialAction":[{"@type":"SearchAction","target":{"@type":"EntryPoint","urlTemplate":"https:\/\/d-identify.be\/de\/?s={search_term_string}"},"query-input":{"@type":"PropertyValueSpecification","valueRequired":true,"valueName":"search_term_string"}}],"inLanguage":"de"}]}},"_links":{"self":[{"href":"https:\/\/d-identify.be\/de\/wp-json\/wp\/v2\/product\/21795","targetHints":{"allow":["GET"]}}],"collection":[{"href":"https:\/\/d-identify.be\/de\/wp-json\/wp\/v2\/product"}],"about":[{"href":"https:\/\/d-identify.be\/de\/wp-json\/wp\/v2\/types\/product"}],"replies":[{"embeddable":true,"href":"https:\/\/d-identify.be\/de\/wp-json\/wp\/v2\/comments?post=21795"}],"wp:featuredmedia":[{"embeddable":true,"href":"https:\/\/d-identify.be\/de\/wp-json\/wp\/v2\/media\/21796"}],"wp:attachment":[{"href":"https:\/\/d-identify.be\/de\/wp-json\/wp\/v2\/media?parent=21795"}],"wp:term":[{"taxonomy":"product_brand","embeddable":true,"href":"https:\/\/d-identify.be\/de\/wp-json\/wp\/v2\/product_brand?post=21795"},{"taxonomy":"product_cat","embeddable":true,"href":"https:\/\/d-identify.be\/de\/wp-json\/wp\/v2\/product_cat?post=21795"},{"taxonomy":"product_tag","embeddable":true,"href":"https:\/\/d-identify.be\/de\/wp-json\/wp\/v2\/product_tag?post=21795"},{"taxonomy":"pa_connextion-shapes","embeddable":true,"href":"https:\/\/d-identify.be\/de\/wp-json\/wp\/v2\/pa_connextion-shapes?post=21795"}],"curies":[{"name":"wp","href":"https:\/\/api.w.org\/{rel}","templated":true}]}}