{"id":21772,"date":"2022-09-12T14:21:11","date_gmt":"2022-09-12T12:21:11","guid":{"rendered":"https:\/\/d-identify.be\/product\/duralabel-toro-max-2\/"},"modified":"2026-01-21T16:28:37","modified_gmt":"2026-01-21T14:28:37","slug":"duralabel-toro-max-printer-gr","status":"publish","type":"product","link":"https:\/\/d-identify.be\/de\/produkt\/duralabel-toro-max-printer-gr\/","title":{"rendered":"DuraLabel Toro Max \u2013 Industrieller Sicherheits-Etikettendrucker"},"content":{"rendered":"<p data-start=\"239\" data-end=\"550\">Der <strong data-start=\"243\" data-end=\"273\">DuraLabel Toro Max printer<\/strong> ist eine leistungsstarke, mittelgro\u00dfe All-in-One-L\u00f6sung f\u00fcr Sicherheits- und Industriekennzeichnung. Mit dem <strong data-start=\"383\" data-end=\"413\">DuraLabel Toro Max printer<\/strong> entwerfen und drucken Sie standardisierte sowie vollst\u00e4ndig kundenspezifische Sicherheitsetiketten genau dann, wenn sie ben\u00f6tigt werden.<\/p>\n<p data-start=\"552\" data-end=\"885\">Dieser industrielle Etikettendrucker deckt ein breites Anwendungsspektrum ab. Drucken Sie kleine Inventaretiketten und Tags. Erstellen Sie OSHA- und ANSI-konforme Sicherheitsschilder. Produzieren Sie Arc-Flash-Warnetiketten und langlebige Rohrkennzeichnungen. Ein Drucker erf\u00fcllt mehrere Kennzeichnungsanforderungen in Ihrem Betrieb.<\/p>\n<p data-start=\"887\" data-end=\"1179\">Der <strong data-start=\"891\" data-end=\"921\">Toro Max printer<\/strong> eignet sich ideal f\u00fcr 5S-Programme und visuelles Management. Klare und konsistente Kennzeichnung erh\u00f6ht die Sicherheit, reduziert Fehler und sorgt f\u00fcr Ordnung am Arbeitsplatz. Etiketten werden on-demand gedruckt \u2013 ohne Mindestmengen oder lange Lieferzeiten.<\/p>\n","protected":false},"excerpt":{"rendered":"<p data-start=\"2547\" data-end=\"2701\">DuraLabel Toro Max printer f\u00fcr industrielle Sicherheitsetiketten, Arc-Flash-Warnungen, Schilder und Rohrkennzeichnung. Ideal f\u00fcr 5S und Arbeitssicherheit.<\/p>\n","protected":false},"featured_media":21773,"comment_status":"open","ping_status":"closed","template":"","meta":{"_acf_changed":false,"_et_pb_use_builder":"","_et_pb_old_content":"","_et_gb_content_width":""},"product_brand":[],"product_cat":[601],"product_tag":[930],"pa_connextion-shapes":[],"class_list":{"0":"post-21772","1":"product","2":"type-product","3":"status-publish","4":"has-post-thumbnail","6":"product_cat-duralabel-drucker","7":"product_tag-duralabel-de","9":"first","10":"instock","11":"taxable","12":"shipping-taxable","13":"purchasable","14":"product-type-simple"},"exclude_global_add_ons":[],"addons":[],"acf":[],"yoast_head":"<!-- This site is optimized with the Yoast SEO Premium plugin v27.0 (Yoast SEO v27.1) - https:\/\/yoast.com\/product\/yoast-seo-premium-wordpress\/ -->\n<title>DuraLabel Toro Max printer | Sicherheitsdrucker<\/title>\n<meta name=\"description\" content=\"DuraLabel Toro Max printer f\u00fcr Sicherheitsetiketten, Arc-Flash-Warnungen und Rohrkennzeichnung. Ideal f\u00fcr 5S-Programme und industrielle Sicherheit.\" \/>\n<meta name=\"robots\" content=\"index, follow, max-snippet:-1, max-image-preview:large, max-video-preview:-1\" \/>\n<link rel=\"canonical\" href=\"https:\/\/d-identify.be\/de\/produkt\/duralabel-toro-max-printer-gr\/\" \/>\n<meta property=\"og:locale\" content=\"de_DE\" \/>\n<meta property=\"og:type\" content=\"article\" \/>\n<meta property=\"og:title\" content=\"DuraLabel Toro Max \u2013 Industrieller Sicherheits-Etikettendrucker\" \/>\n<meta property=\"og:description\" content=\"DuraLabel Toro Max printer f\u00fcr Sicherheitsetiketten, Arc-Flash-Warnungen und Rohrkennzeichnung. Ideal f\u00fcr 5S-Programme und industrielle Sicherheit.\" \/>\n<meta property=\"og:url\" content=\"https:\/\/d-identify.be\/de\/produkt\/duralabel-toro-max-printer-gr\/\" \/>\n<meta property=\"og:site_name\" content=\"d-identify\" \/>\n<meta property=\"article:modified_time\" content=\"2026-01-21T14:28:37+00:00\" \/>\n<meta property=\"og:image\" content=\"https:\/\/d-identify.be\/wp-content\/uploads\/2022\/09\/toro-max-main.png\" \/>\n\t<meta property=\"og:image:width\" content=\"1600\" \/>\n\t<meta property=\"og:image:height\" content=\"1600\" \/>\n\t<meta property=\"og:image:type\" content=\"image\/png\" \/>\n<meta name=\"twitter:card\" content=\"summary_large_image\" \/>\n<meta name=\"twitter:label1\" content=\"Gesch\u00e4tzte Lesezeit\" \/>\n\t<meta name=\"twitter:data1\" content=\"1\u00a0Minute\" \/>\n<script type=\"application\/ld+json\" class=\"yoast-schema-graph\">{\"@context\":\"https:\/\/schema.org\",\"@graph\":[{\"@type\":\"WebPage\",\"@id\":\"https:\/\/d-identify.be\/de\/produkt\/duralabel-toro-max-printer-gr\/\",\"url\":\"https:\/\/d-identify.be\/de\/produkt\/duralabel-toro-max-printer-gr\/\",\"name\":\"DuraLabel Toro Max printer | Sicherheitsdrucker\",\"isPartOf\":{\"@id\":\"https:\/\/d-identify.be\/de\/#website\"},\"primaryImageOfPage\":{\"@id\":\"https:\/\/d-identify.be\/de\/produkt\/duralabel-toro-max-printer-gr\/#primaryimage\"},\"image\":{\"@id\":\"https:\/\/d-identify.be\/de\/produkt\/duralabel-toro-max-printer-gr\/#primaryimage\"},\"thumbnailUrl\":\"https:\/\/d-identify.be\/wp-content\/uploads\/2022\/09\/toro-max-main.png\",\"datePublished\":\"2022-09-12T12:21:11+00:00\",\"dateModified\":\"2026-01-21T14:28:37+00:00\",\"description\":\"DuraLabel Toro Max printer f\u00fcr Sicherheitsetiketten, Arc-Flash-Warnungen und Rohrkennzeichnung. Ideal f\u00fcr 5S-Programme und industrielle Sicherheit.\",\"breadcrumb\":{\"@id\":\"https:\/\/d-identify.be\/de\/produkt\/duralabel-toro-max-printer-gr\/#breadcrumb\"},\"inLanguage\":\"de\",\"potentialAction\":[{\"@type\":\"ReadAction\",\"target\":[\"https:\/\/d-identify.be\/de\/produkt\/duralabel-toro-max-printer-gr\/\"]}]},{\"@type\":\"ImageObject\",\"inLanguage\":\"de\",\"@id\":\"https:\/\/d-identify.be\/de\/produkt\/duralabel-toro-max-printer-gr\/#primaryimage\",\"url\":\"https:\/\/d-identify.be\/wp-content\/uploads\/2022\/09\/toro-max-main.png\",\"contentUrl\":\"https:\/\/d-identify.be\/wp-content\/uploads\/2022\/09\/toro-max-main.png\",\"width\":1600,\"height\":1600,\"caption\":\"DuraLabel Toro Max printer | Sicherheitsdrucker\"},{\"@type\":\"BreadcrumbList\",\"@id\":\"https:\/\/d-identify.be\/de\/produkt\/duralabel-toro-max-printer-gr\/#breadcrumb\",\"itemListElement\":[{\"@type\":\"ListItem\",\"position\":1,\"name\":\"Home\",\"item\":\"https:\/\/d-identify.be\/de\/home-2\/\"},{\"@type\":\"ListItem\",\"position\":2,\"name\":\"Shop\",\"item\":\"https:\/\/d-identify.be\/shop-2\/\"},{\"@type\":\"ListItem\",\"position\":3,\"name\":\"DuraLabel Toro Max \u2013 Industrieller Sicherheits-Etikettendrucker\"}]},{\"@type\":\"WebSite\",\"@id\":\"https:\/\/d-identify.be\/de\/#website\",\"url\":\"https:\/\/d-identify.be\/de\/\",\"name\":\"d-identify\",\"description\":\"Industrial identification - Lockout - Tagout - Floor marking\",\"potentialAction\":[{\"@type\":\"SearchAction\",\"target\":{\"@type\":\"EntryPoint\",\"urlTemplate\":\"https:\/\/d-identify.be\/de\/?s={search_term_string}\"},\"query-input\":{\"@type\":\"PropertyValueSpecification\",\"valueRequired\":true,\"valueName\":\"search_term_string\"}}],\"inLanguage\":\"de\"}]}<\/script>\n<!-- \/ Yoast SEO Premium plugin. -->","yoast_head_json":{"title":"DuraLabel Toro Max printer | Sicherheitsdrucker","description":"DuraLabel Toro Max printer f\u00fcr Sicherheitsetiketten, Arc-Flash-Warnungen und Rohrkennzeichnung. Ideal f\u00fcr 5S-Programme und industrielle Sicherheit.","robots":{"index":"index","follow":"follow","max-snippet":"max-snippet:-1","max-image-preview":"max-image-preview:large","max-video-preview":"max-video-preview:-1"},"canonical":"https:\/\/d-identify.be\/de\/produkt\/duralabel-toro-max-printer-gr\/","og_locale":"de_DE","og_type":"article","og_title":"DuraLabel Toro Max \u2013 Industrieller Sicherheits-Etikettendrucker","og_description":"DuraLabel Toro Max printer f\u00fcr Sicherheitsetiketten, Arc-Flash-Warnungen und Rohrkennzeichnung. Ideal f\u00fcr 5S-Programme und industrielle Sicherheit.","og_url":"https:\/\/d-identify.be\/de\/produkt\/duralabel-toro-max-printer-gr\/","og_site_name":"d-identify","article_modified_time":"2026-01-21T14:28:37+00:00","og_image":[{"width":1600,"height":1600,"url":"https:\/\/d-identify.be\/wp-content\/uploads\/2022\/09\/toro-max-main.png","type":"image\/png"}],"twitter_card":"summary_large_image","twitter_misc":{"Gesch\u00e4tzte Lesezeit":"1\u00a0Minute"},"schema":{"@context":"https:\/\/schema.org","@graph":[{"@type":"WebPage","@id":"https:\/\/d-identify.be\/de\/produkt\/duralabel-toro-max-printer-gr\/","url":"https:\/\/d-identify.be\/de\/produkt\/duralabel-toro-max-printer-gr\/","name":"DuraLabel Toro Max printer | Sicherheitsdrucker","isPartOf":{"@id":"https:\/\/d-identify.be\/de\/#website"},"primaryImageOfPage":{"@id":"https:\/\/d-identify.be\/de\/produkt\/duralabel-toro-max-printer-gr\/#primaryimage"},"image":{"@id":"https:\/\/d-identify.be\/de\/produkt\/duralabel-toro-max-printer-gr\/#primaryimage"},"thumbnailUrl":"https:\/\/d-identify.be\/wp-content\/uploads\/2022\/09\/toro-max-main.png","datePublished":"2022-09-12T12:21:11+00:00","dateModified":"2026-01-21T14:28:37+00:00","description":"DuraLabel Toro Max printer f\u00fcr Sicherheitsetiketten, Arc-Flash-Warnungen und Rohrkennzeichnung. Ideal f\u00fcr 5S-Programme und industrielle Sicherheit.","breadcrumb":{"@id":"https:\/\/d-identify.be\/de\/produkt\/duralabel-toro-max-printer-gr\/#breadcrumb"},"inLanguage":"de","potentialAction":[{"@type":"ReadAction","target":["https:\/\/d-identify.be\/de\/produkt\/duralabel-toro-max-printer-gr\/"]}]},{"@type":"ImageObject","inLanguage":"de","@id":"https:\/\/d-identify.be\/de\/produkt\/duralabel-toro-max-printer-gr\/#primaryimage","url":"https:\/\/d-identify.be\/wp-content\/uploads\/2022\/09\/toro-max-main.png","contentUrl":"https:\/\/d-identify.be\/wp-content\/uploads\/2022\/09\/toro-max-main.png","width":1600,"height":1600,"caption":"DuraLabel Toro Max printer | Sicherheitsdrucker"},{"@type":"BreadcrumbList","@id":"https:\/\/d-identify.be\/de\/produkt\/duralabel-toro-max-printer-gr\/#breadcrumb","itemListElement":[{"@type":"ListItem","position":1,"name":"Home","item":"https:\/\/d-identify.be\/de\/home-2\/"},{"@type":"ListItem","position":2,"name":"Shop","item":"https:\/\/d-identify.be\/shop-2\/"},{"@type":"ListItem","position":3,"name":"DuraLabel Toro Max \u2013 Industrieller Sicherheits-Etikettendrucker"}]},{"@type":"WebSite","@id":"https:\/\/d-identify.be\/de\/#website","url":"https:\/\/d-identify.be\/de\/","name":"d-identify","description":"Industrial identification - Lockout - Tagout - Floor marking","potentialAction":[{"@type":"SearchAction","target":{"@type":"EntryPoint","urlTemplate":"https:\/\/d-identify.be\/de\/?s={search_term_string}"},"query-input":{"@type":"PropertyValueSpecification","valueRequired":true,"valueName":"search_term_string"}}],"inLanguage":"de"}]}},"_links":{"self":[{"href":"https:\/\/d-identify.be\/de\/wp-json\/wp\/v2\/product\/21772","targetHints":{"allow":["GET"]}}],"collection":[{"href":"https:\/\/d-identify.be\/de\/wp-json\/wp\/v2\/product"}],"about":[{"href":"https:\/\/d-identify.be\/de\/wp-json\/wp\/v2\/types\/product"}],"replies":[{"embeddable":true,"href":"https:\/\/d-identify.be\/de\/wp-json\/wp\/v2\/comments?post=21772"}],"wp:featuredmedia":[{"embeddable":true,"href":"https:\/\/d-identify.be\/de\/wp-json\/wp\/v2\/media\/21773"}],"wp:attachment":[{"href":"https:\/\/d-identify.be\/de\/wp-json\/wp\/v2\/media?parent=21772"}],"wp:term":[{"taxonomy":"product_brand","embeddable":true,"href":"https:\/\/d-identify.be\/de\/wp-json\/wp\/v2\/product_brand?post=21772"},{"taxonomy":"product_cat","embeddable":true,"href":"https:\/\/d-identify.be\/de\/wp-json\/wp\/v2\/product_cat?post=21772"},{"taxonomy":"product_tag","embeddable":true,"href":"https:\/\/d-identify.be\/de\/wp-json\/wp\/v2\/product_tag?post=21772"},{"taxonomy":"pa_connextion-shapes","embeddable":true,"href":"https:\/\/d-identify.be\/de\/wp-json\/wp\/v2\/pa_connextion-shapes?post=21772"}],"curies":[{"name":"wp","href":"https:\/\/api.w.org\/{rel}","templated":true}]}}