{"id":21531,"date":"2021-07-26T12:38:44","date_gmt":"2021-07-26T10:38:44","guid":{"rendered":"https:\/\/d-identify.be\/product\/kabelbundel-rohrmarkierungen\/"},"modified":"2021-07-26T12:38:44","modified_gmt":"2021-07-26T10:38:44","slug":"kabelbundel-rohrmarkierungen","status":"publish","type":"product","link":"https:\/\/d-identify.be\/de\/produkt\/kabelbundel-rohrmarkierungen\/","title":{"rendered":"Kabelb\u00fcndel-\/Rohrmarkierungen"},"content":{"rendered":"<ul>\n<li><strong>Vorgeschnittenes Design:<\/strong> Die Etiketten werden vorgeschnitten auf einer Rolle geliefert, um sie einfach zu entfernen und zu installieren.<\/li>\n<li><strong>Polyolefin-Kunststoffplatte: <\/strong> Dieses scheuerfeste Material aus Kunststoff-Sperrholz ist extrem langlebig und weist eine hohe Zugfestigkeit auf, um Sch\u00e4den durch Rei\u00dfen zu widerstehen.<\/li>\n<li><strong>Wasserdicht:<\/strong> Das Kunststoffmaterial widersteht Sch\u00e4den durch Feuchtigkeit und Chemikalien.<\/li>\n<li><strong>Leerleinwand: <\/strong> Leere Etiketten erm\u00f6glichen es Ihnen, Etikettennachrichten nach Ihren Bed\u00fcrfnissen anzupassen.<\/li>\n<\/ul>\n<p>&nbsp;<\/p>\n","protected":false},"excerpt":{"rendered":"<p>Dieses Etikettenmaterial ist perfekt f\u00fcr die Kennzeichnung von Ger\u00e4ten mit kleinen Durchmessern bis zu 0,5 Zoll. Es ist \u00e4u\u00dferst rei\u00dffest, um die Etiketten in einer Vielzahl von Arbeitsbedingungen intakt zu halten.  Passen Sie Nachrichten an, um Rohre, Leitungen und das B\u00fcndeln von Kabeln oder Dr\u00e4hten zu beschriften.<\/p>\n","protected":false},"featured_media":21532,"comment_status":"open","ping_status":"closed","template":"","meta":{"_acf_changed":false,"_et_pb_use_builder":"","_et_pb_old_content":"","_et_gb_content_width":""},"product_brand":[],"product_cat":[2612],"product_tag":[930],"pa_connextion-shapes":[],"class_list":{"0":"post-21531","1":"product","2":"type-product","3":"status-publish","4":"has-post-thumbnail","6":"product_cat-duralabel-toro-bronco-verbrauchsmaterial","7":"product_tag-duralabel-de","9":"first","10":"instock","11":"taxable","12":"shipping-taxable","13":"purchasable","14":"product-type-variable"},"exclude_global_add_ons":[],"addons":[],"acf":[],"yoast_head":"<!-- This site is optimized with the Yoast SEO Premium plugin v27.0 (Yoast SEO v27.1) - https:\/\/yoast.com\/product\/yoast-seo-premium-wordpress\/ -->\n<title>Kabelb\u00fcndel-\/Rohrmarkierungen<\/title>\n<meta name=\"description\" content=\"Dieses Etikettenmaterial eignet sich perfekt f\u00fcr die Kennzeichnung von Ger\u00e4ten mit kleinen Durchmessern bis zu 0,5 Zoll. Es ist \u00e4u\u00dferst rei\u00dffest, um die Etiketten zu halten...\" \/>\n<meta name=\"robots\" content=\"index, follow, max-snippet:-1, max-image-preview:large, max-video-preview:-1\" \/>\n<link rel=\"canonical\" href=\"https:\/\/d-identify.be\/de\/produkt\/kabelbundel-rohrmarkierungen\/\" \/>\n<meta property=\"og:locale\" content=\"de_DE\" \/>\n<meta property=\"og:type\" content=\"article\" \/>\n<meta property=\"og:title\" content=\"Kabelb\u00fcndel-\/Rohrmarkierungen\" \/>\n<meta property=\"og:description\" content=\"Dieses Etikettenmaterial eignet sich perfekt f\u00fcr die Kennzeichnung von Ger\u00e4ten mit kleinen Durchmessern bis zu 0,5 Zoll. Es ist \u00e4u\u00dferst rei\u00dffest, um die Etiketten zu halten...\" \/>\n<meta property=\"og:url\" content=\"https:\/\/d-identify.be\/de\/produkt\/kabelbundel-rohrmarkierungen\/\" \/>\n<meta property=\"og:site_name\" content=\"d-identify\" \/>\n<meta property=\"og:image\" content=\"https:\/\/d-identify.be\/wp-content\/uploads\/2021\/07\/T0103-1DT.png\" \/>\n\t<meta property=\"og:image:width\" content=\"400\" \/>\n\t<meta property=\"og:image:height\" content=\"400\" \/>\n\t<meta property=\"og:image:type\" content=\"image\/png\" \/>\n<meta name=\"twitter:card\" content=\"summary_large_image\" \/>\n<script type=\"application\/ld+json\" class=\"yoast-schema-graph\">{\"@context\":\"https:\/\/schema.org\",\"@graph\":[{\"@type\":\"WebPage\",\"@id\":\"https:\/\/d-identify.be\/de\/produkt\/kabelbundel-rohrmarkierungen\/\",\"url\":\"https:\/\/d-identify.be\/de\/produkt\/kabelbundel-rohrmarkierungen\/\",\"name\":\"Kabelb\u00fcndel-\/Rohrmarkierungen\",\"isPartOf\":{\"@id\":\"https:\/\/d-identify.be\/de\/#website\"},\"primaryImageOfPage\":{\"@id\":\"https:\/\/d-identify.be\/de\/produkt\/kabelbundel-rohrmarkierungen\/#primaryimage\"},\"image\":{\"@id\":\"https:\/\/d-identify.be\/de\/produkt\/kabelbundel-rohrmarkierungen\/#primaryimage\"},\"thumbnailUrl\":\"https:\/\/d-identify.be\/wp-content\/uploads\/2021\/07\/T0103-1DT.png\",\"datePublished\":\"2021-07-26T10:38:44+00:00\",\"description\":\"Dieses Etikettenmaterial eignet sich perfekt f\u00fcr die Kennzeichnung von Ger\u00e4ten mit kleinen Durchmessern bis zu 0,5 Zoll. Es ist \u00e4u\u00dferst rei\u00dffest, um die Etiketten zu halten...\",\"breadcrumb\":{\"@id\":\"https:\/\/d-identify.be\/de\/produkt\/kabelbundel-rohrmarkierungen\/#breadcrumb\"},\"inLanguage\":\"de\",\"potentialAction\":[{\"@type\":\"ReadAction\",\"target\":[\"https:\/\/d-identify.be\/de\/produkt\/kabelbundel-rohrmarkierungen\/\"]}]},{\"@type\":\"ImageObject\",\"inLanguage\":\"de\",\"@id\":\"https:\/\/d-identify.be\/de\/produkt\/kabelbundel-rohrmarkierungen\/#primaryimage\",\"url\":\"https:\/\/d-identify.be\/wp-content\/uploads\/2021\/07\/T0103-1DT.png\",\"contentUrl\":\"https:\/\/d-identify.be\/wp-content\/uploads\/2021\/07\/T0103-1DT.png\",\"width\":400,\"height\":400,\"caption\":\"Cable bundle\/Conduit tags\"},{\"@type\":\"BreadcrumbList\",\"@id\":\"https:\/\/d-identify.be\/de\/produkt\/kabelbundel-rohrmarkierungen\/#breadcrumb\",\"itemListElement\":[{\"@type\":\"ListItem\",\"position\":1,\"name\":\"Home\",\"item\":\"https:\/\/d-identify.be\/de\/home-2\/\"},{\"@type\":\"ListItem\",\"position\":2,\"name\":\"Shop\",\"item\":\"https:\/\/d-identify.be\/shop-2\/\"},{\"@type\":\"ListItem\",\"position\":3,\"name\":\"Kabelb\u00fcndel-\/Rohrmarkierungen\"}]},{\"@type\":\"WebSite\",\"@id\":\"https:\/\/d-identify.be\/de\/#website\",\"url\":\"https:\/\/d-identify.be\/de\/\",\"name\":\"d-identify\",\"description\":\"Industrial identification - Lockout - Tagout - Floor marking\",\"potentialAction\":[{\"@type\":\"SearchAction\",\"target\":{\"@type\":\"EntryPoint\",\"urlTemplate\":\"https:\/\/d-identify.be\/de\/?s={search_term_string}\"},\"query-input\":{\"@type\":\"PropertyValueSpecification\",\"valueRequired\":true,\"valueName\":\"search_term_string\"}}],\"inLanguage\":\"de\"}]}<\/script>\n<!-- \/ Yoast SEO Premium plugin. -->","yoast_head_json":{"title":"Kabelb\u00fcndel-\/Rohrmarkierungen","description":"Dieses Etikettenmaterial eignet sich perfekt f\u00fcr die Kennzeichnung von Ger\u00e4ten mit kleinen Durchmessern bis zu 0,5 Zoll. Es ist \u00e4u\u00dferst rei\u00dffest, um die Etiketten zu halten...","robots":{"index":"index","follow":"follow","max-snippet":"max-snippet:-1","max-image-preview":"max-image-preview:large","max-video-preview":"max-video-preview:-1"},"canonical":"https:\/\/d-identify.be\/de\/produkt\/kabelbundel-rohrmarkierungen\/","og_locale":"de_DE","og_type":"article","og_title":"Kabelb\u00fcndel-\/Rohrmarkierungen","og_description":"Dieses Etikettenmaterial eignet sich perfekt f\u00fcr die Kennzeichnung von Ger\u00e4ten mit kleinen Durchmessern bis zu 0,5 Zoll. Es ist \u00e4u\u00dferst rei\u00dffest, um die Etiketten zu halten...","og_url":"https:\/\/d-identify.be\/de\/produkt\/kabelbundel-rohrmarkierungen\/","og_site_name":"d-identify","og_image":[{"width":400,"height":400,"url":"https:\/\/d-identify.be\/wp-content\/uploads\/2021\/07\/T0103-1DT.png","type":"image\/png"}],"twitter_card":"summary_large_image","schema":{"@context":"https:\/\/schema.org","@graph":[{"@type":"WebPage","@id":"https:\/\/d-identify.be\/de\/produkt\/kabelbundel-rohrmarkierungen\/","url":"https:\/\/d-identify.be\/de\/produkt\/kabelbundel-rohrmarkierungen\/","name":"Kabelb\u00fcndel-\/Rohrmarkierungen","isPartOf":{"@id":"https:\/\/d-identify.be\/de\/#website"},"primaryImageOfPage":{"@id":"https:\/\/d-identify.be\/de\/produkt\/kabelbundel-rohrmarkierungen\/#primaryimage"},"image":{"@id":"https:\/\/d-identify.be\/de\/produkt\/kabelbundel-rohrmarkierungen\/#primaryimage"},"thumbnailUrl":"https:\/\/d-identify.be\/wp-content\/uploads\/2021\/07\/T0103-1DT.png","datePublished":"2021-07-26T10:38:44+00:00","description":"Dieses Etikettenmaterial eignet sich perfekt f\u00fcr die Kennzeichnung von Ger\u00e4ten mit kleinen Durchmessern bis zu 0,5 Zoll. Es ist \u00e4u\u00dferst rei\u00dffest, um die Etiketten zu halten...","breadcrumb":{"@id":"https:\/\/d-identify.be\/de\/produkt\/kabelbundel-rohrmarkierungen\/#breadcrumb"},"inLanguage":"de","potentialAction":[{"@type":"ReadAction","target":["https:\/\/d-identify.be\/de\/produkt\/kabelbundel-rohrmarkierungen\/"]}]},{"@type":"ImageObject","inLanguage":"de","@id":"https:\/\/d-identify.be\/de\/produkt\/kabelbundel-rohrmarkierungen\/#primaryimage","url":"https:\/\/d-identify.be\/wp-content\/uploads\/2021\/07\/T0103-1DT.png","contentUrl":"https:\/\/d-identify.be\/wp-content\/uploads\/2021\/07\/T0103-1DT.png","width":400,"height":400,"caption":"Cable bundle\/Conduit tags"},{"@type":"BreadcrumbList","@id":"https:\/\/d-identify.be\/de\/produkt\/kabelbundel-rohrmarkierungen\/#breadcrumb","itemListElement":[{"@type":"ListItem","position":1,"name":"Home","item":"https:\/\/d-identify.be\/de\/home-2\/"},{"@type":"ListItem","position":2,"name":"Shop","item":"https:\/\/d-identify.be\/shop-2\/"},{"@type":"ListItem","position":3,"name":"Kabelb\u00fcndel-\/Rohrmarkierungen"}]},{"@type":"WebSite","@id":"https:\/\/d-identify.be\/de\/#website","url":"https:\/\/d-identify.be\/de\/","name":"d-identify","description":"Industrial identification - Lockout - Tagout - Floor marking","potentialAction":[{"@type":"SearchAction","target":{"@type":"EntryPoint","urlTemplate":"https:\/\/d-identify.be\/de\/?s={search_term_string}"},"query-input":{"@type":"PropertyValueSpecification","valueRequired":true,"valueName":"search_term_string"}}],"inLanguage":"de"}]}},"_links":{"self":[{"href":"https:\/\/d-identify.be\/de\/wp-json\/wp\/v2\/product\/21531","targetHints":{"allow":["GET"]}}],"collection":[{"href":"https:\/\/d-identify.be\/de\/wp-json\/wp\/v2\/product"}],"about":[{"href":"https:\/\/d-identify.be\/de\/wp-json\/wp\/v2\/types\/product"}],"replies":[{"embeddable":true,"href":"https:\/\/d-identify.be\/de\/wp-json\/wp\/v2\/comments?post=21531"}],"wp:featuredmedia":[{"embeddable":true,"href":"https:\/\/d-identify.be\/de\/wp-json\/wp\/v2\/media\/21532"}],"wp:attachment":[{"href":"https:\/\/d-identify.be\/de\/wp-json\/wp\/v2\/media?parent=21531"}],"wp:term":[{"taxonomy":"product_brand","embeddable":true,"href":"https:\/\/d-identify.be\/de\/wp-json\/wp\/v2\/product_brand?post=21531"},{"taxonomy":"product_cat","embeddable":true,"href":"https:\/\/d-identify.be\/de\/wp-json\/wp\/v2\/product_cat?post=21531"},{"taxonomy":"product_tag","embeddable":true,"href":"https:\/\/d-identify.be\/de\/wp-json\/wp\/v2\/product_tag?post=21531"},{"taxonomy":"pa_connextion-shapes","embeddable":true,"href":"https:\/\/d-identify.be\/de\/wp-json\/wp\/v2\/pa_connextion-shapes?post=21531"}],"curies":[{"name":"wp","href":"https:\/\/api.w.org\/{rel}","templated":true}]}}