{"id":21498,"date":"2021-07-26T12:38:59","date_gmt":"2021-07-26T10:38:59","guid":{"rendered":"https:\/\/d-identify.be\/product\/dl9000-premium-vinyl-150-mm-breit\/"},"modified":"2021-07-26T12:38:59","modified_gmt":"2021-07-26T10:38:59","slug":"dl9000-premium-vinyl-150-mm-breit","status":"publish","type":"product","link":"https:\/\/d-identify.be\/de\/produkt\/dl9000-premium-vinyl-150-mm-breit\/","title":{"rendered":"DL9000 Premium-Vinyl, 150 mm breit"},"content":{"rendered":"<ul>\n<li><strong>F\u00fcr den Innen- und Au\u00dfeneinsatz geeignet:<\/strong> Das Material h\u00e4lt stark auf einer Vielzahl von Oberfl\u00e4chen und in verschiedenen Temperaturen sowohl drinnen als auch drau\u00dfen.<\/li>\n<li><strong>Vielseitig einsetzbar:<\/strong> Passen Sie Beschriftungen f\u00fcr eine Vielzahl von Anwendungen an, wie allgemeine Sicherheitsschilder f\u00fcr Einrichtungen, Rohrmarkierungen und 5S-Beschriftungen.<\/li>\n<li><strong>Kalenderisiertes Vinyl und starke Klebstoffe:<\/strong> Das strapazierf\u00e4hige Material widersteht Sch\u00e4den durch UV-Licht, Feuchtigkeit und die meisten Chemikalien, um Beschriftungen in verschiedenen Arbeitsumgebungen intakt und gut lesbar zu halten.<\/li>\n<\/ul>\n","protected":false},"excerpt":{"rendered":"<p>Unser beliebtestes Material ist so konzipiert, dass es eine dauerhafte Haltbarkeit f\u00fcr eine Vielzahl von Etikettierungs- und Beschilderungsanwendungen bietet Das flexible Material erm\u00f6glicht eine einfache Anwendung und maximale Haltbarkeit in anspruchsvollen Industrieumgebungen. Premium-Vinyl ist ideal f\u00fcr die allgemeine Sicherheits- und Anlagenbeschriftung, die Rohrmarkierung, die 5S\/6S-Beschriftung und mehr. Dieses Material ist in einer breiten Palette von Farben erh\u00e4ltlich, um Ihren spezifischen Anforderungen gerecht zu werden. Brauchen Sie ein breiteres Band? <a href=\"https:\/\/d-identify.be\/product\/dl9000-premium-vinyl-175-mm\/\">DL9000 Premium-Vinyl, 200 mm breit<\/a><\/p>\n","protected":false},"featured_media":21499,"comment_status":"open","ping_status":"closed","template":"","meta":{"_acf_changed":false,"_et_pb_use_builder":"","_et_pb_old_content":"","_et_gb_content_width":""},"product_brand":[],"product_cat":[2616],"product_tag":[],"pa_connextion-shapes":[],"class_list":{"0":"post-21498","1":"product","2":"type-product","3":"status-publish","4":"has-post-thumbnail","6":"product_cat-duralabel-legacy-tapes","8":"first","9":"instock","10":"taxable","11":"shipping-taxable","12":"purchasable","13":"product-type-variable"},"exclude_global_add_ons":[],"addons":[],"acf":[],"yoast_head":"<!-- This site is optimized with the Yoast SEO Premium plugin v27.0 (Yoast SEO v27.1) - https:\/\/yoast.com\/product\/yoast-seo-premium-wordpress\/ -->\n<title>DL9000 Premium-Vinyl, 150 mm breit<\/title>\n<meta name=\"description\" content=\"Unser beliebtestes Material ist so konzipiert, dass es eine dauerhafte Haltbarkeit f\u00fcr eine Vielzahl von Etikettierungs- und Beschilderungsanwendungen bietet...\" \/>\n<meta name=\"robots\" content=\"index, follow, max-snippet:-1, max-image-preview:large, max-video-preview:-1\" \/>\n<link rel=\"canonical\" href=\"https:\/\/d-identify.be\/de\/produkt\/dl9000-premium-vinyl-150-mm-breit\/\" \/>\n<meta property=\"og:locale\" content=\"de_DE\" \/>\n<meta property=\"og:type\" content=\"article\" \/>\n<meta property=\"og:title\" content=\"DL9000 Premium-Vinyl, 150 mm breit\" \/>\n<meta property=\"og:description\" content=\"Unser beliebtestes Material ist so konzipiert, dass es eine dauerhafte Haltbarkeit f\u00fcr eine Vielzahl von Etikettierungs- und Beschilderungsanwendungen bietet...\" \/>\n<meta property=\"og:url\" content=\"https:\/\/d-identify.be\/de\/produkt\/dl9000-premium-vinyl-150-mm-breit\/\" \/>\n<meta property=\"og:site_name\" content=\"d-identify\" \/>\n<meta property=\"og:image\" content=\"https:\/\/d-identify.be\/wp-content\/uploads\/2021\/07\/96-3008.png\" \/>\n\t<meta property=\"og:image:width\" content=\"295\" \/>\n\t<meta property=\"og:image:height\" content=\"295\" \/>\n\t<meta property=\"og:image:type\" content=\"image\/png\" \/>\n<meta name=\"twitter:card\" content=\"summary_large_image\" \/>\n<script type=\"application\/ld+json\" class=\"yoast-schema-graph\">{\"@context\":\"https:\/\/schema.org\",\"@graph\":[{\"@type\":\"WebPage\",\"@id\":\"https:\/\/d-identify.be\/de\/produkt\/dl9000-premium-vinyl-150-mm-breit\/\",\"url\":\"https:\/\/d-identify.be\/de\/produkt\/dl9000-premium-vinyl-150-mm-breit\/\",\"name\":\"DL9000 Premium-Vinyl, 150 mm breit\",\"isPartOf\":{\"@id\":\"https:\/\/d-identify.be\/de\/#website\"},\"primaryImageOfPage\":{\"@id\":\"https:\/\/d-identify.be\/de\/produkt\/dl9000-premium-vinyl-150-mm-breit\/#primaryimage\"},\"image\":{\"@id\":\"https:\/\/d-identify.be\/de\/produkt\/dl9000-premium-vinyl-150-mm-breit\/#primaryimage\"},\"thumbnailUrl\":\"https:\/\/d-identify.be\/wp-content\/uploads\/2021\/07\/96-3008.png\",\"datePublished\":\"2021-07-26T10:38:59+00:00\",\"description\":\"Unser beliebtestes Material ist so konzipiert, dass es eine dauerhafte Haltbarkeit f\u00fcr eine Vielzahl von Etikettierungs- und Beschilderungsanwendungen bietet...\",\"breadcrumb\":{\"@id\":\"https:\/\/d-identify.be\/de\/produkt\/dl9000-premium-vinyl-150-mm-breit\/#breadcrumb\"},\"inLanguage\":\"de\",\"potentialAction\":[{\"@type\":\"ReadAction\",\"target\":[\"https:\/\/d-identify.be\/de\/produkt\/dl9000-premium-vinyl-150-mm-breit\/\"]}]},{\"@type\":\"ImageObject\",\"inLanguage\":\"de\",\"@id\":\"https:\/\/d-identify.be\/de\/produkt\/dl9000-premium-vinyl-150-mm-breit\/#primaryimage\",\"url\":\"https:\/\/d-identify.be\/wp-content\/uploads\/2021\/07\/96-3008.png\",\"contentUrl\":\"https:\/\/d-identify.be\/wp-content\/uploads\/2021\/07\/96-3008.png\",\"width\":295,\"height\":295},{\"@type\":\"BreadcrumbList\",\"@id\":\"https:\/\/d-identify.be\/de\/produkt\/dl9000-premium-vinyl-150-mm-breit\/#breadcrumb\",\"itemListElement\":[{\"@type\":\"ListItem\",\"position\":1,\"name\":\"Home\",\"item\":\"https:\/\/d-identify.be\/de\/home-2\/\"},{\"@type\":\"ListItem\",\"position\":2,\"name\":\"Shop\",\"item\":\"https:\/\/d-identify.be\/shop-2\/\"},{\"@type\":\"ListItem\",\"position\":3,\"name\":\"DL9000 Premium-Vinyl, 150 mm breit\"}]},{\"@type\":\"WebSite\",\"@id\":\"https:\/\/d-identify.be\/de\/#website\",\"url\":\"https:\/\/d-identify.be\/de\/\",\"name\":\"d-identify\",\"description\":\"Industrial identification - Lockout - Tagout - Floor marking\",\"potentialAction\":[{\"@type\":\"SearchAction\",\"target\":{\"@type\":\"EntryPoint\",\"urlTemplate\":\"https:\/\/d-identify.be\/de\/?s={search_term_string}\"},\"query-input\":{\"@type\":\"PropertyValueSpecification\",\"valueRequired\":true,\"valueName\":\"search_term_string\"}}],\"inLanguage\":\"de\"}]}<\/script>\n<!-- \/ Yoast SEO Premium plugin. -->","yoast_head_json":{"title":"DL9000 Premium-Vinyl, 150 mm breit","description":"Unser beliebtestes Material ist so konzipiert, dass es eine dauerhafte Haltbarkeit f\u00fcr eine Vielzahl von Etikettierungs- und Beschilderungsanwendungen bietet...","robots":{"index":"index","follow":"follow","max-snippet":"max-snippet:-1","max-image-preview":"max-image-preview:large","max-video-preview":"max-video-preview:-1"},"canonical":"https:\/\/d-identify.be\/de\/produkt\/dl9000-premium-vinyl-150-mm-breit\/","og_locale":"de_DE","og_type":"article","og_title":"DL9000 Premium-Vinyl, 150 mm breit","og_description":"Unser beliebtestes Material ist so konzipiert, dass es eine dauerhafte Haltbarkeit f\u00fcr eine Vielzahl von Etikettierungs- und Beschilderungsanwendungen bietet...","og_url":"https:\/\/d-identify.be\/de\/produkt\/dl9000-premium-vinyl-150-mm-breit\/","og_site_name":"d-identify","og_image":[{"width":295,"height":295,"url":"https:\/\/d-identify.be\/wp-content\/uploads\/2021\/07\/96-3008.png","type":"image\/png"}],"twitter_card":"summary_large_image","schema":{"@context":"https:\/\/schema.org","@graph":[{"@type":"WebPage","@id":"https:\/\/d-identify.be\/de\/produkt\/dl9000-premium-vinyl-150-mm-breit\/","url":"https:\/\/d-identify.be\/de\/produkt\/dl9000-premium-vinyl-150-mm-breit\/","name":"DL9000 Premium-Vinyl, 150 mm breit","isPartOf":{"@id":"https:\/\/d-identify.be\/de\/#website"},"primaryImageOfPage":{"@id":"https:\/\/d-identify.be\/de\/produkt\/dl9000-premium-vinyl-150-mm-breit\/#primaryimage"},"image":{"@id":"https:\/\/d-identify.be\/de\/produkt\/dl9000-premium-vinyl-150-mm-breit\/#primaryimage"},"thumbnailUrl":"https:\/\/d-identify.be\/wp-content\/uploads\/2021\/07\/96-3008.png","datePublished":"2021-07-26T10:38:59+00:00","description":"Unser beliebtestes Material ist so konzipiert, dass es eine dauerhafte Haltbarkeit f\u00fcr eine Vielzahl von Etikettierungs- und Beschilderungsanwendungen bietet...","breadcrumb":{"@id":"https:\/\/d-identify.be\/de\/produkt\/dl9000-premium-vinyl-150-mm-breit\/#breadcrumb"},"inLanguage":"de","potentialAction":[{"@type":"ReadAction","target":["https:\/\/d-identify.be\/de\/produkt\/dl9000-premium-vinyl-150-mm-breit\/"]}]},{"@type":"ImageObject","inLanguage":"de","@id":"https:\/\/d-identify.be\/de\/produkt\/dl9000-premium-vinyl-150-mm-breit\/#primaryimage","url":"https:\/\/d-identify.be\/wp-content\/uploads\/2021\/07\/96-3008.png","contentUrl":"https:\/\/d-identify.be\/wp-content\/uploads\/2021\/07\/96-3008.png","width":295,"height":295},{"@type":"BreadcrumbList","@id":"https:\/\/d-identify.be\/de\/produkt\/dl9000-premium-vinyl-150-mm-breit\/#breadcrumb","itemListElement":[{"@type":"ListItem","position":1,"name":"Home","item":"https:\/\/d-identify.be\/de\/home-2\/"},{"@type":"ListItem","position":2,"name":"Shop","item":"https:\/\/d-identify.be\/shop-2\/"},{"@type":"ListItem","position":3,"name":"DL9000 Premium-Vinyl, 150 mm breit"}]},{"@type":"WebSite","@id":"https:\/\/d-identify.be\/de\/#website","url":"https:\/\/d-identify.be\/de\/","name":"d-identify","description":"Industrial identification - Lockout - Tagout - Floor marking","potentialAction":[{"@type":"SearchAction","target":{"@type":"EntryPoint","urlTemplate":"https:\/\/d-identify.be\/de\/?s={search_term_string}"},"query-input":{"@type":"PropertyValueSpecification","valueRequired":true,"valueName":"search_term_string"}}],"inLanguage":"de"}]}},"_links":{"self":[{"href":"https:\/\/d-identify.be\/de\/wp-json\/wp\/v2\/product\/21498","targetHints":{"allow":["GET"]}}],"collection":[{"href":"https:\/\/d-identify.be\/de\/wp-json\/wp\/v2\/product"}],"about":[{"href":"https:\/\/d-identify.be\/de\/wp-json\/wp\/v2\/types\/product"}],"replies":[{"embeddable":true,"href":"https:\/\/d-identify.be\/de\/wp-json\/wp\/v2\/comments?post=21498"}],"wp:featuredmedia":[{"embeddable":true,"href":"https:\/\/d-identify.be\/de\/wp-json\/wp\/v2\/media\/21499"}],"wp:attachment":[{"href":"https:\/\/d-identify.be\/de\/wp-json\/wp\/v2\/media?parent=21498"}],"wp:term":[{"taxonomy":"product_brand","embeddable":true,"href":"https:\/\/d-identify.be\/de\/wp-json\/wp\/v2\/product_brand?post=21498"},{"taxonomy":"product_cat","embeddable":true,"href":"https:\/\/d-identify.be\/de\/wp-json\/wp\/v2\/product_cat?post=21498"},{"taxonomy":"product_tag","embeddable":true,"href":"https:\/\/d-identify.be\/de\/wp-json\/wp\/v2\/product_tag?post=21498"},{"taxonomy":"pa_connextion-shapes","embeddable":true,"href":"https:\/\/d-identify.be\/de\/wp-json\/wp\/v2\/pa_connextion-shapes?post=21498"}],"curies":[{"name":"wp","href":"https:\/\/api.w.org\/{rel}","templated":true}]}}