{"id":21445,"date":"2021-07-26T12:38:59","date_gmt":"2021-07-26T10:38:59","guid":{"rendered":"https:\/\/d-identify.be\/product\/dl9000-premium-farbband-220-mm-breit\/"},"modified":"2021-07-26T12:38:59","modified_gmt":"2021-07-26T10:38:59","slug":"dl9000-premium-farbband-220-mm-breit","status":"publish","type":"product","link":"https:\/\/d-identify.be\/de\/produkt\/dl9000-premium-farbband-220-mm-breit\/","title":{"rendered":"DL9000 Premium-Farbband, 220 mm breit"},"content":{"rendered":"<ul>\n<li><strong>F\u00fcr den Innen- und Au\u00dfenbereich geeignet:<\/strong> Der Text bleibt bei einer Vielzahl von Temperaturen und Bedingungen lesbar, einschlie\u00dflich Licht, Feuchtigkeit und den meisten Chemikalien.<\/li>\n<li><strong>Wetterbest\u00e4ndige Tinte:<\/strong> Hochwertige Tinte, die \u00e4u\u00dferst strapazierf\u00e4hig ist und Sch\u00e4den durch Kratzer, Verschmierungen und Verblassen verhindert. Sie verhindert auch die statische Aufladung im Druckprozess. <\/li>\n<li><strong>Vielseitig einsetzbar:<\/strong> Verwenden Sie es mit verschiedenen Materialien, um Ihren Anforderungen gerecht zu werden, einschlie\u00dflich synthetischer, matter und gl\u00e4nzend beschichteter Materialien.<\/li>\n<\/ul>\n","protected":false},"excerpt":{"rendered":"<p>Dieses Allzweckband eignet sich perfekt f\u00fcr Umgebungen mit starker chemischer Belastung. Drucken Sie hochwertigen Text, der drinnen und drau\u00dfen gut lesbar bleibt.  Verwenden Sie es f\u00fcr alle Ihre allgemeinen Sicherheits- und Anlagenbeschriftungsaufgaben f\u00fcr langlebige Etiketten.<\/p>\n","protected":false},"featured_media":21446,"comment_status":"open","ping_status":"closed","template":"","meta":{"_acf_changed":false,"_et_pb_use_builder":"","_et_pb_old_content":"","_et_gb_content_width":""},"product_brand":[],"product_cat":[2616],"product_tag":[],"pa_connextion-shapes":[],"class_list":{"0":"post-21445","1":"product","2":"type-product","3":"status-publish","4":"has-post-thumbnail","6":"product_cat-duralabel-legacy-tapes","8":"first","9":"instock","10":"taxable","11":"shipping-taxable","12":"purchasable","13":"product-type-variable"},"exclude_global_add_ons":[],"addons":[],"acf":[],"yoast_head":"<!-- This site is optimized with the Yoast SEO Premium plugin v27.0 (Yoast SEO v27.1) - https:\/\/yoast.com\/product\/yoast-seo-premium-wordpress\/ -->\n<title>DL9000 Premium-Farbband, 220 mm breit<\/title>\n<meta name=\"description\" content=\"Dieses Allzweckband eignet sich perfekt f\u00fcr Umgebungen mit starker chemischer Belastung. Drucken Sie hochwertigen Text, der drinnen und drau\u00dfen gut lesbar bleibt.\" \/>\n<meta name=\"robots\" content=\"index, follow, max-snippet:-1, max-image-preview:large, max-video-preview:-1\" \/>\n<link rel=\"canonical\" href=\"https:\/\/d-identify.be\/de\/produkt\/dl9000-premium-farbband-220-mm-breit\/\" \/>\n<meta property=\"og:locale\" content=\"de_DE\" \/>\n<meta property=\"og:type\" content=\"article\" \/>\n<meta property=\"og:title\" content=\"DL9000 Premium-Farbband, 220 mm breit\" \/>\n<meta property=\"og:description\" content=\"Dieses Allzweckband eignet sich perfekt f\u00fcr Umgebungen mit starker chemischer Belastung. Drucken Sie hochwertigen Text, der drinnen und drau\u00dfen gut lesbar bleibt.\" \/>\n<meta property=\"og:url\" content=\"https:\/\/d-identify.be\/de\/produkt\/dl9000-premium-farbband-220-mm-breit\/\" \/>\n<meta property=\"og:site_name\" content=\"d-identify\" \/>\n<meta property=\"og:image\" content=\"https:\/\/d-identify.be\/wp-content\/uploads\/2021\/07\/7861510_4683ec35-a483-4114-a450-e2272acf345d.png\" \/>\n\t<meta property=\"og:image:width\" content=\"983\" \/>\n\t<meta property=\"og:image:height\" content=\"983\" \/>\n\t<meta property=\"og:image:type\" content=\"image\/png\" \/>\n<meta name=\"twitter:card\" content=\"summary_large_image\" \/>\n<script type=\"application\/ld+json\" class=\"yoast-schema-graph\">{\"@context\":\"https:\/\/schema.org\",\"@graph\":[{\"@type\":\"WebPage\",\"@id\":\"https:\/\/d-identify.be\/de\/produkt\/dl9000-premium-farbband-220-mm-breit\/\",\"url\":\"https:\/\/d-identify.be\/de\/produkt\/dl9000-premium-farbband-220-mm-breit\/\",\"name\":\"DL9000 Premium-Farbband, 220 mm breit\",\"isPartOf\":{\"@id\":\"https:\/\/d-identify.be\/de\/#website\"},\"primaryImageOfPage\":{\"@id\":\"https:\/\/d-identify.be\/de\/produkt\/dl9000-premium-farbband-220-mm-breit\/#primaryimage\"},\"image\":{\"@id\":\"https:\/\/d-identify.be\/de\/produkt\/dl9000-premium-farbband-220-mm-breit\/#primaryimage\"},\"thumbnailUrl\":\"https:\/\/d-identify.be\/wp-content\/uploads\/2021\/07\/7861510_4683ec35-a483-4114-a450-e2272acf345d.png\",\"datePublished\":\"2021-07-26T10:38:59+00:00\",\"description\":\"Dieses Allzweckband eignet sich perfekt f\u00fcr Umgebungen mit starker chemischer Belastung. Drucken Sie hochwertigen Text, der drinnen und drau\u00dfen gut lesbar bleibt.\",\"breadcrumb\":{\"@id\":\"https:\/\/d-identify.be\/de\/produkt\/dl9000-premium-farbband-220-mm-breit\/#breadcrumb\"},\"inLanguage\":\"de\",\"potentialAction\":[{\"@type\":\"ReadAction\",\"target\":[\"https:\/\/d-identify.be\/de\/produkt\/dl9000-premium-farbband-220-mm-breit\/\"]}]},{\"@type\":\"ImageObject\",\"inLanguage\":\"de\",\"@id\":\"https:\/\/d-identify.be\/de\/produkt\/dl9000-premium-farbband-220-mm-breit\/#primaryimage\",\"url\":\"https:\/\/d-identify.be\/wp-content\/uploads\/2021\/07\/7861510_4683ec35-a483-4114-a450-e2272acf345d.png\",\"contentUrl\":\"https:\/\/d-identify.be\/wp-content\/uploads\/2021\/07\/7861510_4683ec35-a483-4114-a450-e2272acf345d.png\",\"width\":983,\"height\":983},{\"@type\":\"BreadcrumbList\",\"@id\":\"https:\/\/d-identify.be\/de\/produkt\/dl9000-premium-farbband-220-mm-breit\/#breadcrumb\",\"itemListElement\":[{\"@type\":\"ListItem\",\"position\":1,\"name\":\"Home\",\"item\":\"https:\/\/d-identify.be\/de\/home-2\/\"},{\"@type\":\"ListItem\",\"position\":2,\"name\":\"Shop\",\"item\":\"https:\/\/d-identify.be\/shop-2\/\"},{\"@type\":\"ListItem\",\"position\":3,\"name\":\"DL9000 Premium-Farbband, 220 mm breit\"}]},{\"@type\":\"WebSite\",\"@id\":\"https:\/\/d-identify.be\/de\/#website\",\"url\":\"https:\/\/d-identify.be\/de\/\",\"name\":\"d-identify\",\"description\":\"Industrial identification - Lockout - Tagout - Floor marking\",\"potentialAction\":[{\"@type\":\"SearchAction\",\"target\":{\"@type\":\"EntryPoint\",\"urlTemplate\":\"https:\/\/d-identify.be\/de\/?s={search_term_string}\"},\"query-input\":{\"@type\":\"PropertyValueSpecification\",\"valueRequired\":true,\"valueName\":\"search_term_string\"}}],\"inLanguage\":\"de\"}]}<\/script>\n<!-- \/ Yoast SEO Premium plugin. -->","yoast_head_json":{"title":"DL9000 Premium-Farbband, 220 mm breit","description":"Dieses Allzweckband eignet sich perfekt f\u00fcr Umgebungen mit starker chemischer Belastung. Drucken Sie hochwertigen Text, der drinnen und drau\u00dfen gut lesbar bleibt.","robots":{"index":"index","follow":"follow","max-snippet":"max-snippet:-1","max-image-preview":"max-image-preview:large","max-video-preview":"max-video-preview:-1"},"canonical":"https:\/\/d-identify.be\/de\/produkt\/dl9000-premium-farbband-220-mm-breit\/","og_locale":"de_DE","og_type":"article","og_title":"DL9000 Premium-Farbband, 220 mm breit","og_description":"Dieses Allzweckband eignet sich perfekt f\u00fcr Umgebungen mit starker chemischer Belastung. Drucken Sie hochwertigen Text, der drinnen und drau\u00dfen gut lesbar bleibt.","og_url":"https:\/\/d-identify.be\/de\/produkt\/dl9000-premium-farbband-220-mm-breit\/","og_site_name":"d-identify","og_image":[{"width":983,"height":983,"url":"https:\/\/d-identify.be\/wp-content\/uploads\/2021\/07\/7861510_4683ec35-a483-4114-a450-e2272acf345d.png","type":"image\/png"}],"twitter_card":"summary_large_image","schema":{"@context":"https:\/\/schema.org","@graph":[{"@type":"WebPage","@id":"https:\/\/d-identify.be\/de\/produkt\/dl9000-premium-farbband-220-mm-breit\/","url":"https:\/\/d-identify.be\/de\/produkt\/dl9000-premium-farbband-220-mm-breit\/","name":"DL9000 Premium-Farbband, 220 mm breit","isPartOf":{"@id":"https:\/\/d-identify.be\/de\/#website"},"primaryImageOfPage":{"@id":"https:\/\/d-identify.be\/de\/produkt\/dl9000-premium-farbband-220-mm-breit\/#primaryimage"},"image":{"@id":"https:\/\/d-identify.be\/de\/produkt\/dl9000-premium-farbband-220-mm-breit\/#primaryimage"},"thumbnailUrl":"https:\/\/d-identify.be\/wp-content\/uploads\/2021\/07\/7861510_4683ec35-a483-4114-a450-e2272acf345d.png","datePublished":"2021-07-26T10:38:59+00:00","description":"Dieses Allzweckband eignet sich perfekt f\u00fcr Umgebungen mit starker chemischer Belastung. Drucken Sie hochwertigen Text, der drinnen und drau\u00dfen gut lesbar bleibt.","breadcrumb":{"@id":"https:\/\/d-identify.be\/de\/produkt\/dl9000-premium-farbband-220-mm-breit\/#breadcrumb"},"inLanguage":"de","potentialAction":[{"@type":"ReadAction","target":["https:\/\/d-identify.be\/de\/produkt\/dl9000-premium-farbband-220-mm-breit\/"]}]},{"@type":"ImageObject","inLanguage":"de","@id":"https:\/\/d-identify.be\/de\/produkt\/dl9000-premium-farbband-220-mm-breit\/#primaryimage","url":"https:\/\/d-identify.be\/wp-content\/uploads\/2021\/07\/7861510_4683ec35-a483-4114-a450-e2272acf345d.png","contentUrl":"https:\/\/d-identify.be\/wp-content\/uploads\/2021\/07\/7861510_4683ec35-a483-4114-a450-e2272acf345d.png","width":983,"height":983},{"@type":"BreadcrumbList","@id":"https:\/\/d-identify.be\/de\/produkt\/dl9000-premium-farbband-220-mm-breit\/#breadcrumb","itemListElement":[{"@type":"ListItem","position":1,"name":"Home","item":"https:\/\/d-identify.be\/de\/home-2\/"},{"@type":"ListItem","position":2,"name":"Shop","item":"https:\/\/d-identify.be\/shop-2\/"},{"@type":"ListItem","position":3,"name":"DL9000 Premium-Farbband, 220 mm breit"}]},{"@type":"WebSite","@id":"https:\/\/d-identify.be\/de\/#website","url":"https:\/\/d-identify.be\/de\/","name":"d-identify","description":"Industrial identification - Lockout - Tagout - Floor marking","potentialAction":[{"@type":"SearchAction","target":{"@type":"EntryPoint","urlTemplate":"https:\/\/d-identify.be\/de\/?s={search_term_string}"},"query-input":{"@type":"PropertyValueSpecification","valueRequired":true,"valueName":"search_term_string"}}],"inLanguage":"de"}]}},"_links":{"self":[{"href":"https:\/\/d-identify.be\/de\/wp-json\/wp\/v2\/product\/21445","targetHints":{"allow":["GET"]}}],"collection":[{"href":"https:\/\/d-identify.be\/de\/wp-json\/wp\/v2\/product"}],"about":[{"href":"https:\/\/d-identify.be\/de\/wp-json\/wp\/v2\/types\/product"}],"replies":[{"embeddable":true,"href":"https:\/\/d-identify.be\/de\/wp-json\/wp\/v2\/comments?post=21445"}],"wp:featuredmedia":[{"embeddable":true,"href":"https:\/\/d-identify.be\/de\/wp-json\/wp\/v2\/media\/21446"}],"wp:attachment":[{"href":"https:\/\/d-identify.be\/de\/wp-json\/wp\/v2\/media?parent=21445"}],"wp:term":[{"taxonomy":"product_brand","embeddable":true,"href":"https:\/\/d-identify.be\/de\/wp-json\/wp\/v2\/product_brand?post=21445"},{"taxonomy":"product_cat","embeddable":true,"href":"https:\/\/d-identify.be\/de\/wp-json\/wp\/v2\/product_cat?post=21445"},{"taxonomy":"product_tag","embeddable":true,"href":"https:\/\/d-identify.be\/de\/wp-json\/wp\/v2\/product_tag?post=21445"},{"taxonomy":"pa_connextion-shapes","embeddable":true,"href":"https:\/\/d-identify.be\/de\/wp-json\/wp\/v2\/pa_connextion-shapes?post=21445"}],"curies":[{"name":"wp","href":"https:\/\/api.w.org\/{rel}","templated":true}]}}