{"id":21032,"date":"2021-07-26T12:40:51","date_gmt":"2021-07-26T10:40:51","guid":{"rendered":"https:\/\/d-identify.be\/product\/etiketten-fur-den-ausenbereich-lichtbogen-und-gesundheits-sowie-sicherheitshinweise\/"},"modified":"2021-07-26T12:40:51","modified_gmt":"2021-07-26T10:40:51","slug":"etiketten-fur-den-ausenbereich-lichtbogen-und-gesundheits-sowie-sicherheitshinweise","status":"publish","type":"product","link":"https:\/\/d-identify.be\/de\/produkt\/etiketten-fur-den-ausenbereich-lichtbogen-und-gesundheits-sowie-sicherheitshinweise\/","title":{"rendered":"Etiketten f\u00fcr den Au\u00dfenbereich: Lichtbogen und Gesundheits- sowie Sicherheitshinweise"},"content":{"rendered":"<p>Au\u00dfenbereiche bergen zahlreiche Sicherheitsrisiken und Gefahren durch Lichtb\u00f6gen. Kennzeichnen Sie diese Bereiche ordnungsgem\u00e4\u00df mit einem Outdoor-Gesundheits- und Sicherheitsetikett von DuraLabel. Robuster als ein durchschnittliches Etikett, wurden diese auf ihre Best\u00e4ndigkeit im Freien getestet und halten bis zu f\u00fcnf Jahre lang stand, wobei sie Chemikalien, Wasser und UV-Licht widerstehen. Die gestanzten Etiketten bestehen aus gl\u00e4nzendem Vinyl mit abgerundeten Ecken f\u00fcr schnelles Drucken, einfache Entfernung und zus\u00e4tzlichen Schutz vor Feuchtigkeit. 100x150mm (200 Etiketten\/Rolle)    <\/p>\n","protected":false},"excerpt":{"rendered":"<p>Diese Au\u00dfenetiketten k\u00f6nnen verwendet werden, um Personen \u00fcber spezifische Informationen Ihrer Einrichtung zu informieren. Diese gestanzte Lieferung verf\u00fcgt \u00fcber eine Vielzahl von OSHA\/ANSI-\u00dcberschriften, die perfekt f\u00fcr Lichtbogen- und allgemeine Sicherheitskennzeichnungen im Freien geeignet sind. Laden Sie die Etiketten in Ihren Drucker, geben Sie Ihre benutzerdefinierte Nachricht ein, drucken Sie sie, ziehen Sie sie ab und bringen Sie sie \u00fcberall an.  <\/p>\n","protected":false},"featured_media":21033,"comment_status":"open","ping_status":"closed","template":"","meta":{"_acf_changed":false,"_et_pb_use_builder":"","_et_pb_old_content":"","_et_gb_content_width":""},"product_brand":[],"product_cat":[2612],"product_tag":[930],"pa_connextion-shapes":[],"class_list":{"0":"post-21032","1":"product","2":"type-product","3":"status-publish","4":"has-post-thumbnail","6":"product_cat-duralabel-toro-bronco-verbrauchsmaterial","7":"product_tag-duralabel-de","9":"first","10":"instock","11":"taxable","12":"shipping-taxable","13":"purchasable","14":"product-type-variable","15":"has-default-attributes"},"exclude_global_add_ons":[],"addons":[],"acf":[],"yoast_head":"<!-- This site is optimized with the Yoast SEO Premium plugin v27.0 (Yoast SEO v27.1) - https:\/\/yoast.com\/product\/yoast-seo-premium-wordpress\/ -->\n<title>Etiketten f\u00fcr Outdoor-Lichtb\u00f6gen, Gesundheit und Sicherheit<\/title>\n<meta name=\"description\" content=\"Diese Outdoor-Arc-Flash-Etiketten k\u00f6nnen verwendet werden, um Personen auf Informationen hinzuweisen, die spezifisch f\u00fcr Ihre Einrichtung sind. Diese gestanzte Lieferung bietet eine Vielzahl von...\" \/>\n<meta name=\"robots\" content=\"index, follow, max-snippet:-1, max-image-preview:large, max-video-preview:-1\" \/>\n<link rel=\"canonical\" href=\"https:\/\/d-identify.be\/de\/produkt\/etiketten-fur-den-ausenbereich-lichtbogen-und-gesundheits-sowie-sicherheitshinweise\/\" \/>\n<meta property=\"og:locale\" content=\"de_DE\" \/>\n<meta property=\"og:type\" content=\"article\" \/>\n<meta property=\"og:title\" content=\"Etiketten f\u00fcr den Au\u00dfenbereich: Lichtbogen und Gesundheits- sowie Sicherheitshinweise\" \/>\n<meta property=\"og:description\" content=\"Diese Outdoor-Arc-Flash-Etiketten k\u00f6nnen verwendet werden, um Personen auf Informationen hinzuweisen, die spezifisch f\u00fcr Ihre Einrichtung sind. Diese gestanzte Lieferung bietet eine Vielzahl von...\" \/>\n<meta property=\"og:url\" content=\"https:\/\/d-identify.be\/de\/produkt\/etiketten-fur-den-ausenbereich-lichtbogen-und-gesundheits-sowie-sicherheitshinweise\/\" \/>\n<meta property=\"og:site_name\" content=\"d-identify\" \/>\n<meta property=\"og:image\" content=\"https:\/\/d-identify.be\/wp-content\/uploads\/2021\/07\/80406-6O.png\" \/>\n\t<meta property=\"og:image:width\" content=\"984\" \/>\n\t<meta property=\"og:image:height\" content=\"984\" \/>\n\t<meta property=\"og:image:type\" content=\"image\/png\" \/>\n<meta name=\"twitter:card\" content=\"summary_large_image\" \/>\n<script type=\"application\/ld+json\" class=\"yoast-schema-graph\">{\"@context\":\"https:\/\/schema.org\",\"@graph\":[{\"@type\":\"WebPage\",\"@id\":\"https:\/\/d-identify.be\/de\/produkt\/etiketten-fur-den-ausenbereich-lichtbogen-und-gesundheits-sowie-sicherheitshinweise\/\",\"url\":\"https:\/\/d-identify.be\/de\/produkt\/etiketten-fur-den-ausenbereich-lichtbogen-und-gesundheits-sowie-sicherheitshinweise\/\",\"name\":\"Etiketten f\u00fcr Outdoor-Lichtb\u00f6gen, Gesundheit und Sicherheit\",\"isPartOf\":{\"@id\":\"https:\/\/d-identify.be\/de\/#website\"},\"primaryImageOfPage\":{\"@id\":\"https:\/\/d-identify.be\/de\/produkt\/etiketten-fur-den-ausenbereich-lichtbogen-und-gesundheits-sowie-sicherheitshinweise\/#primaryimage\"},\"image\":{\"@id\":\"https:\/\/d-identify.be\/de\/produkt\/etiketten-fur-den-ausenbereich-lichtbogen-und-gesundheits-sowie-sicherheitshinweise\/#primaryimage\"},\"thumbnailUrl\":\"https:\/\/d-identify.be\/wp-content\/uploads\/2021\/07\/80406-6O.png\",\"datePublished\":\"2021-07-26T10:40:51+00:00\",\"description\":\"Diese Outdoor-Arc-Flash-Etiketten k\u00f6nnen verwendet werden, um Personen auf Informationen hinzuweisen, die spezifisch f\u00fcr Ihre Einrichtung sind. Diese gestanzte Lieferung bietet eine Vielzahl von...\",\"breadcrumb\":{\"@id\":\"https:\/\/d-identify.be\/de\/produkt\/etiketten-fur-den-ausenbereich-lichtbogen-und-gesundheits-sowie-sicherheitshinweise\/#breadcrumb\"},\"inLanguage\":\"de\",\"potentialAction\":[{\"@type\":\"ReadAction\",\"target\":[\"https:\/\/d-identify.be\/de\/produkt\/etiketten-fur-den-ausenbereich-lichtbogen-und-gesundheits-sowie-sicherheitshinweise\/\"]}]},{\"@type\":\"ImageObject\",\"inLanguage\":\"de\",\"@id\":\"https:\/\/d-identify.be\/de\/produkt\/etiketten-fur-den-ausenbereich-lichtbogen-und-gesundheits-sowie-sicherheitshinweise\/#primaryimage\",\"url\":\"https:\/\/d-identify.be\/wp-content\/uploads\/2021\/07\/80406-6O.png\",\"contentUrl\":\"https:\/\/d-identify.be\/wp-content\/uploads\/2021\/07\/80406-6O.png\",\"width\":984,\"height\":984,\"caption\":\"Outdoor Arc-flash and health and safety labels\"},{\"@type\":\"BreadcrumbList\",\"@id\":\"https:\/\/d-identify.be\/de\/produkt\/etiketten-fur-den-ausenbereich-lichtbogen-und-gesundheits-sowie-sicherheitshinweise\/#breadcrumb\",\"itemListElement\":[{\"@type\":\"ListItem\",\"position\":1,\"name\":\"Home\",\"item\":\"https:\/\/d-identify.be\/de\/home-2\/\"},{\"@type\":\"ListItem\",\"position\":2,\"name\":\"Shop\",\"item\":\"https:\/\/d-identify.be\/shop-2\/\"},{\"@type\":\"ListItem\",\"position\":3,\"name\":\"Etiketten f\u00fcr den Au\u00dfenbereich: Lichtbogen und Gesundheits- sowie Sicherheitshinweise\"}]},{\"@type\":\"WebSite\",\"@id\":\"https:\/\/d-identify.be\/de\/#website\",\"url\":\"https:\/\/d-identify.be\/de\/\",\"name\":\"d-identify\",\"description\":\"Industrial identification - Lockout - Tagout - Floor marking\",\"potentialAction\":[{\"@type\":\"SearchAction\",\"target\":{\"@type\":\"EntryPoint\",\"urlTemplate\":\"https:\/\/d-identify.be\/de\/?s={search_term_string}\"},\"query-input\":{\"@type\":\"PropertyValueSpecification\",\"valueRequired\":true,\"valueName\":\"search_term_string\"}}],\"inLanguage\":\"de\"}]}<\/script>\n<!-- \/ Yoast SEO Premium plugin. -->","yoast_head_json":{"title":"Etiketten f\u00fcr Outdoor-Lichtb\u00f6gen, Gesundheit und Sicherheit","description":"Diese Outdoor-Arc-Flash-Etiketten k\u00f6nnen verwendet werden, um Personen auf Informationen hinzuweisen, die spezifisch f\u00fcr Ihre Einrichtung sind. Diese gestanzte Lieferung bietet eine Vielzahl von...","robots":{"index":"index","follow":"follow","max-snippet":"max-snippet:-1","max-image-preview":"max-image-preview:large","max-video-preview":"max-video-preview:-1"},"canonical":"https:\/\/d-identify.be\/de\/produkt\/etiketten-fur-den-ausenbereich-lichtbogen-und-gesundheits-sowie-sicherheitshinweise\/","og_locale":"de_DE","og_type":"article","og_title":"Etiketten f\u00fcr den Au\u00dfenbereich: Lichtbogen und Gesundheits- sowie Sicherheitshinweise","og_description":"Diese Outdoor-Arc-Flash-Etiketten k\u00f6nnen verwendet werden, um Personen auf Informationen hinzuweisen, die spezifisch f\u00fcr Ihre Einrichtung sind. Diese gestanzte Lieferung bietet eine Vielzahl von...","og_url":"https:\/\/d-identify.be\/de\/produkt\/etiketten-fur-den-ausenbereich-lichtbogen-und-gesundheits-sowie-sicherheitshinweise\/","og_site_name":"d-identify","og_image":[{"width":984,"height":984,"url":"https:\/\/d-identify.be\/wp-content\/uploads\/2021\/07\/80406-6O.png","type":"image\/png"}],"twitter_card":"summary_large_image","schema":{"@context":"https:\/\/schema.org","@graph":[{"@type":"WebPage","@id":"https:\/\/d-identify.be\/de\/produkt\/etiketten-fur-den-ausenbereich-lichtbogen-und-gesundheits-sowie-sicherheitshinweise\/","url":"https:\/\/d-identify.be\/de\/produkt\/etiketten-fur-den-ausenbereich-lichtbogen-und-gesundheits-sowie-sicherheitshinweise\/","name":"Etiketten f\u00fcr Outdoor-Lichtb\u00f6gen, Gesundheit und Sicherheit","isPartOf":{"@id":"https:\/\/d-identify.be\/de\/#website"},"primaryImageOfPage":{"@id":"https:\/\/d-identify.be\/de\/produkt\/etiketten-fur-den-ausenbereich-lichtbogen-und-gesundheits-sowie-sicherheitshinweise\/#primaryimage"},"image":{"@id":"https:\/\/d-identify.be\/de\/produkt\/etiketten-fur-den-ausenbereich-lichtbogen-und-gesundheits-sowie-sicherheitshinweise\/#primaryimage"},"thumbnailUrl":"https:\/\/d-identify.be\/wp-content\/uploads\/2021\/07\/80406-6O.png","datePublished":"2021-07-26T10:40:51+00:00","description":"Diese Outdoor-Arc-Flash-Etiketten k\u00f6nnen verwendet werden, um Personen auf Informationen hinzuweisen, die spezifisch f\u00fcr Ihre Einrichtung sind. Diese gestanzte Lieferung bietet eine Vielzahl von...","breadcrumb":{"@id":"https:\/\/d-identify.be\/de\/produkt\/etiketten-fur-den-ausenbereich-lichtbogen-und-gesundheits-sowie-sicherheitshinweise\/#breadcrumb"},"inLanguage":"de","potentialAction":[{"@type":"ReadAction","target":["https:\/\/d-identify.be\/de\/produkt\/etiketten-fur-den-ausenbereich-lichtbogen-und-gesundheits-sowie-sicherheitshinweise\/"]}]},{"@type":"ImageObject","inLanguage":"de","@id":"https:\/\/d-identify.be\/de\/produkt\/etiketten-fur-den-ausenbereich-lichtbogen-und-gesundheits-sowie-sicherheitshinweise\/#primaryimage","url":"https:\/\/d-identify.be\/wp-content\/uploads\/2021\/07\/80406-6O.png","contentUrl":"https:\/\/d-identify.be\/wp-content\/uploads\/2021\/07\/80406-6O.png","width":984,"height":984,"caption":"Outdoor Arc-flash and health and safety labels"},{"@type":"BreadcrumbList","@id":"https:\/\/d-identify.be\/de\/produkt\/etiketten-fur-den-ausenbereich-lichtbogen-und-gesundheits-sowie-sicherheitshinweise\/#breadcrumb","itemListElement":[{"@type":"ListItem","position":1,"name":"Home","item":"https:\/\/d-identify.be\/de\/home-2\/"},{"@type":"ListItem","position":2,"name":"Shop","item":"https:\/\/d-identify.be\/shop-2\/"},{"@type":"ListItem","position":3,"name":"Etiketten f\u00fcr den Au\u00dfenbereich: Lichtbogen und Gesundheits- sowie Sicherheitshinweise"}]},{"@type":"WebSite","@id":"https:\/\/d-identify.be\/de\/#website","url":"https:\/\/d-identify.be\/de\/","name":"d-identify","description":"Industrial identification - Lockout - Tagout - Floor marking","potentialAction":[{"@type":"SearchAction","target":{"@type":"EntryPoint","urlTemplate":"https:\/\/d-identify.be\/de\/?s={search_term_string}"},"query-input":{"@type":"PropertyValueSpecification","valueRequired":true,"valueName":"search_term_string"}}],"inLanguage":"de"}]}},"_links":{"self":[{"href":"https:\/\/d-identify.be\/de\/wp-json\/wp\/v2\/product\/21032","targetHints":{"allow":["GET"]}}],"collection":[{"href":"https:\/\/d-identify.be\/de\/wp-json\/wp\/v2\/product"}],"about":[{"href":"https:\/\/d-identify.be\/de\/wp-json\/wp\/v2\/types\/product"}],"replies":[{"embeddable":true,"href":"https:\/\/d-identify.be\/de\/wp-json\/wp\/v2\/comments?post=21032"}],"wp:featuredmedia":[{"embeddable":true,"href":"https:\/\/d-identify.be\/de\/wp-json\/wp\/v2\/media\/21033"}],"wp:attachment":[{"href":"https:\/\/d-identify.be\/de\/wp-json\/wp\/v2\/media?parent=21032"}],"wp:term":[{"taxonomy":"product_brand","embeddable":true,"href":"https:\/\/d-identify.be\/de\/wp-json\/wp\/v2\/product_brand?post=21032"},{"taxonomy":"product_cat","embeddable":true,"href":"https:\/\/d-identify.be\/de\/wp-json\/wp\/v2\/product_cat?post=21032"},{"taxonomy":"product_tag","embeddable":true,"href":"https:\/\/d-identify.be\/de\/wp-json\/wp\/v2\/product_tag?post=21032"},{"taxonomy":"pa_connextion-shapes","embeddable":true,"href":"https:\/\/d-identify.be\/de\/wp-json\/wp\/v2\/pa_connextion-shapes?post=21032"}],"curies":[{"name":"wp","href":"https:\/\/api.w.org\/{rel}","templated":true}]}}