{"id":19464,"date":"2021-07-26T12:41:55","date_gmt":"2021-07-26T10:41:55","guid":{"rendered":"https:\/\/d-identify.be\/product\/toro-reflektierendes-industrie-vinyl\/"},"modified":"2026-02-11T20:23:48","modified_gmt":"2026-02-11T18:23:48","slug":"toro-reflektierendes-industrie-vinyl","status":"publish","type":"product","link":"https:\/\/d-identify.be\/de\/produkt\/toro-reflektierendes-industrie-vinyl\/","title":{"rendered":"Toro Reflektierendes Industrie-Vinyl"},"content":{"rendered":"<ul>\n<li><strong>Hohe Au\u00dfenbest\u00e4ndigkeit:<\/strong> Beschriftungen bleiben sieben Jahre lang intakt und gut lesbar in einer Vielzahl von Temperaturen und Au\u00dfenumgebungen.<\/li>\n<li><strong>Konform: entspricht dem ASTMD 4956-99 Standard f\u00fcr retroreflektierendes Folienmaterial.<\/strong><\/li>\n<li><strong>Zuverl\u00e4ssig:<\/strong> widersteht Sch\u00e4den durch \u00fcbliche Chemikalien und L\u00f6sungsmittel.<\/li>\n<\/ul>\n","protected":false},"excerpt":{"rendered":"<p>Verbessern Sie die Sichtbarkeit wichtiger Gegenst\u00e4nde und Informationen unter den meisten Lichtbedingungen mit kosteneffizientem reflektierendem Band. Das strapazierf\u00e4hige hochgl\u00e4nzende Gussvinyl und der Klebstoff bieten einen festen Halt auf vielen Oberfl\u00e4chen drinnen und drau\u00dfen. Verwenden Sie es bei schwachem Licht f\u00fcr Verkehrsschilder und zur Kennzeichnung von Ger\u00e4ten und Werkzeugen.  <\/p>\n","protected":false},"featured_media":19465,"comment_status":"open","ping_status":"closed","template":"","meta":{"_acf_changed":false,"_et_pb_use_builder":"","_et_pb_old_content":"","_et_gb_content_width":""},"product_brand":[],"product_cat":[2612],"product_tag":[930],"pa_connextion-shapes":[],"class_list":{"0":"post-19464","1":"product","2":"type-product","3":"status-publish","4":"has-post-thumbnail","6":"product_cat-duralabel-toro-bronco-verbrauchsmaterial","7":"product_tag-duralabel-de","9":"first","10":"instock","11":"taxable","12":"shipping-taxable","13":"purchasable","14":"product-type-variable","15":"has-default-attributes"},"exclude_global_add_ons":[],"addons":[],"acf":[],"yoast_head":"<!-- This site is optimized with the Yoast SEO Premium plugin v27.0 (Yoast SEO v27.1) - https:\/\/yoast.com\/product\/yoast-seo-premium-wordpress\/ -->\n<title>Toro Reflektierendes Industrie-Vinyl<\/title>\n<meta name=\"description\" content=\"Verbessern Sie die Sichtbarkeit wichtiger Gegenst\u00e4nde und Informationen unter den meisten Lichtbedingungen mit kosteneffizientem reflektierendem Band. Das strapazierf\u00e4hige hochgl\u00e4nzende Gussvinyl...\" \/>\n<meta name=\"robots\" content=\"index, follow, max-snippet:-1, max-image-preview:large, max-video-preview:-1\" \/>\n<link rel=\"canonical\" href=\"https:\/\/d-identify.be\/de\/produkt\/toro-reflektierendes-industrie-vinyl\/\" \/>\n<meta property=\"og:locale\" content=\"de_DE\" \/>\n<meta property=\"og:type\" content=\"article\" \/>\n<meta property=\"og:title\" content=\"Toro Reflektierendes Industrie-Vinyl\" \/>\n<meta property=\"og:description\" content=\"Verbessern Sie die Sichtbarkeit wichtiger Gegenst\u00e4nde und Informationen unter den meisten Lichtbedingungen mit kosteneffizientem reflektierendem Band. Das strapazierf\u00e4hige hochgl\u00e4nzende Gussvinyl...\" \/>\n<meta property=\"og:url\" content=\"https:\/\/d-identify.be\/de\/produkt\/toro-reflektierendes-industrie-vinyl\/\" \/>\n<meta property=\"og:site_name\" content=\"d-identify\" \/>\n<meta property=\"article:modified_time\" content=\"2026-02-11T18:23:48+00:00\" \/>\n<meta property=\"og:image\" content=\"https:\/\/d-identify.be\/wp-content\/uploads\/2021\/07\/T2-101.png\" \/>\n\t<meta property=\"og:image:width\" content=\"400\" \/>\n\t<meta property=\"og:image:height\" content=\"400\" \/>\n\t<meta property=\"og:image:type\" content=\"image\/png\" \/>\n<meta name=\"twitter:card\" content=\"summary_large_image\" \/>\n<script type=\"application\/ld+json\" class=\"yoast-schema-graph\">{\"@context\":\"https:\/\/schema.org\",\"@graph\":[{\"@type\":\"WebPage\",\"@id\":\"https:\/\/d-identify.be\/de\/produkt\/toro-reflektierendes-industrie-vinyl\/\",\"url\":\"https:\/\/d-identify.be\/de\/produkt\/toro-reflektierendes-industrie-vinyl\/\",\"name\":\"Toro Reflektierendes Industrie-Vinyl\",\"isPartOf\":{\"@id\":\"https:\/\/d-identify.be\/de\/#website\"},\"primaryImageOfPage\":{\"@id\":\"https:\/\/d-identify.be\/de\/produkt\/toro-reflektierendes-industrie-vinyl\/#primaryimage\"},\"image\":{\"@id\":\"https:\/\/d-identify.be\/de\/produkt\/toro-reflektierendes-industrie-vinyl\/#primaryimage\"},\"thumbnailUrl\":\"https:\/\/d-identify.be\/wp-content\/uploads\/2021\/07\/T2-101.png\",\"datePublished\":\"2021-07-26T10:41:55+00:00\",\"dateModified\":\"2026-02-11T18:23:48+00:00\",\"description\":\"Verbessern Sie die Sichtbarkeit wichtiger Gegenst\u00e4nde und Informationen unter den meisten Lichtbedingungen mit kosteneffizientem reflektierendem Band. Das strapazierf\u00e4hige hochgl\u00e4nzende Gussvinyl...\",\"breadcrumb\":{\"@id\":\"https:\/\/d-identify.be\/de\/produkt\/toro-reflektierendes-industrie-vinyl\/#breadcrumb\"},\"inLanguage\":\"de\",\"potentialAction\":[{\"@type\":\"ReadAction\",\"target\":[\"https:\/\/d-identify.be\/de\/produkt\/toro-reflektierendes-industrie-vinyl\/\"]}]},{\"@type\":\"ImageObject\",\"inLanguage\":\"de\",\"@id\":\"https:\/\/d-identify.be\/de\/produkt\/toro-reflektierendes-industrie-vinyl\/#primaryimage\",\"url\":\"https:\/\/d-identify.be\/wp-content\/uploads\/2021\/07\/T2-101.png\",\"contentUrl\":\"https:\/\/d-identify.be\/wp-content\/uploads\/2021\/07\/T2-101.png\",\"width\":400,\"height\":400,\"caption\":\"Reflektierendes Industrie-Vinyl\"},{\"@type\":\"BreadcrumbList\",\"@id\":\"https:\/\/d-identify.be\/de\/produkt\/toro-reflektierendes-industrie-vinyl\/#breadcrumb\",\"itemListElement\":[{\"@type\":\"ListItem\",\"position\":1,\"name\":\"Home\",\"item\":\"https:\/\/d-identify.be\/de\/home-2\/\"},{\"@type\":\"ListItem\",\"position\":2,\"name\":\"Shop\",\"item\":\"https:\/\/d-identify.be\/shop-2\/\"},{\"@type\":\"ListItem\",\"position\":3,\"name\":\"Toro Reflektierendes Industrie-Vinyl\"}]},{\"@type\":\"WebSite\",\"@id\":\"https:\/\/d-identify.be\/de\/#website\",\"url\":\"https:\/\/d-identify.be\/de\/\",\"name\":\"d-identify\",\"description\":\"Industrial identification - Lockout - Tagout - Floor marking\",\"potentialAction\":[{\"@type\":\"SearchAction\",\"target\":{\"@type\":\"EntryPoint\",\"urlTemplate\":\"https:\/\/d-identify.be\/de\/?s={search_term_string}\"},\"query-input\":{\"@type\":\"PropertyValueSpecification\",\"valueRequired\":true,\"valueName\":\"search_term_string\"}}],\"inLanguage\":\"de\"}]}<\/script>\n<!-- \/ Yoast SEO Premium plugin. -->","yoast_head_json":{"title":"Toro Reflektierendes Industrie-Vinyl","description":"Verbessern Sie die Sichtbarkeit wichtiger Gegenst\u00e4nde und Informationen unter den meisten Lichtbedingungen mit kosteneffizientem reflektierendem Band. Das strapazierf\u00e4hige hochgl\u00e4nzende Gussvinyl...","robots":{"index":"index","follow":"follow","max-snippet":"max-snippet:-1","max-image-preview":"max-image-preview:large","max-video-preview":"max-video-preview:-1"},"canonical":"https:\/\/d-identify.be\/de\/produkt\/toro-reflektierendes-industrie-vinyl\/","og_locale":"de_DE","og_type":"article","og_title":"Toro Reflektierendes Industrie-Vinyl","og_description":"Verbessern Sie die Sichtbarkeit wichtiger Gegenst\u00e4nde und Informationen unter den meisten Lichtbedingungen mit kosteneffizientem reflektierendem Band. Das strapazierf\u00e4hige hochgl\u00e4nzende Gussvinyl...","og_url":"https:\/\/d-identify.be\/de\/produkt\/toro-reflektierendes-industrie-vinyl\/","og_site_name":"d-identify","article_modified_time":"2026-02-11T18:23:48+00:00","og_image":[{"width":400,"height":400,"url":"https:\/\/d-identify.be\/wp-content\/uploads\/2021\/07\/T2-101.png","type":"image\/png"}],"twitter_card":"summary_large_image","schema":{"@context":"https:\/\/schema.org","@graph":[{"@type":"WebPage","@id":"https:\/\/d-identify.be\/de\/produkt\/toro-reflektierendes-industrie-vinyl\/","url":"https:\/\/d-identify.be\/de\/produkt\/toro-reflektierendes-industrie-vinyl\/","name":"Toro Reflektierendes Industrie-Vinyl","isPartOf":{"@id":"https:\/\/d-identify.be\/de\/#website"},"primaryImageOfPage":{"@id":"https:\/\/d-identify.be\/de\/produkt\/toro-reflektierendes-industrie-vinyl\/#primaryimage"},"image":{"@id":"https:\/\/d-identify.be\/de\/produkt\/toro-reflektierendes-industrie-vinyl\/#primaryimage"},"thumbnailUrl":"https:\/\/d-identify.be\/wp-content\/uploads\/2021\/07\/T2-101.png","datePublished":"2021-07-26T10:41:55+00:00","dateModified":"2026-02-11T18:23:48+00:00","description":"Verbessern Sie die Sichtbarkeit wichtiger Gegenst\u00e4nde und Informationen unter den meisten Lichtbedingungen mit kosteneffizientem reflektierendem Band. Das strapazierf\u00e4hige hochgl\u00e4nzende Gussvinyl...","breadcrumb":{"@id":"https:\/\/d-identify.be\/de\/produkt\/toro-reflektierendes-industrie-vinyl\/#breadcrumb"},"inLanguage":"de","potentialAction":[{"@type":"ReadAction","target":["https:\/\/d-identify.be\/de\/produkt\/toro-reflektierendes-industrie-vinyl\/"]}]},{"@type":"ImageObject","inLanguage":"de","@id":"https:\/\/d-identify.be\/de\/produkt\/toro-reflektierendes-industrie-vinyl\/#primaryimage","url":"https:\/\/d-identify.be\/wp-content\/uploads\/2021\/07\/T2-101.png","contentUrl":"https:\/\/d-identify.be\/wp-content\/uploads\/2021\/07\/T2-101.png","width":400,"height":400,"caption":"Reflektierendes Industrie-Vinyl"},{"@type":"BreadcrumbList","@id":"https:\/\/d-identify.be\/de\/produkt\/toro-reflektierendes-industrie-vinyl\/#breadcrumb","itemListElement":[{"@type":"ListItem","position":1,"name":"Home","item":"https:\/\/d-identify.be\/de\/home-2\/"},{"@type":"ListItem","position":2,"name":"Shop","item":"https:\/\/d-identify.be\/shop-2\/"},{"@type":"ListItem","position":3,"name":"Toro Reflektierendes Industrie-Vinyl"}]},{"@type":"WebSite","@id":"https:\/\/d-identify.be\/de\/#website","url":"https:\/\/d-identify.be\/de\/","name":"d-identify","description":"Industrial identification - Lockout - Tagout - Floor marking","potentialAction":[{"@type":"SearchAction","target":{"@type":"EntryPoint","urlTemplate":"https:\/\/d-identify.be\/de\/?s={search_term_string}"},"query-input":{"@type":"PropertyValueSpecification","valueRequired":true,"valueName":"search_term_string"}}],"inLanguage":"de"}]}},"_links":{"self":[{"href":"https:\/\/d-identify.be\/de\/wp-json\/wp\/v2\/product\/19464","targetHints":{"allow":["GET"]}}],"collection":[{"href":"https:\/\/d-identify.be\/de\/wp-json\/wp\/v2\/product"}],"about":[{"href":"https:\/\/d-identify.be\/de\/wp-json\/wp\/v2\/types\/product"}],"replies":[{"embeddable":true,"href":"https:\/\/d-identify.be\/de\/wp-json\/wp\/v2\/comments?post=19464"}],"wp:featuredmedia":[{"embeddable":true,"href":"https:\/\/d-identify.be\/de\/wp-json\/wp\/v2\/media\/19465"}],"wp:attachment":[{"href":"https:\/\/d-identify.be\/de\/wp-json\/wp\/v2\/media?parent=19464"}],"wp:term":[{"taxonomy":"product_brand","embeddable":true,"href":"https:\/\/d-identify.be\/de\/wp-json\/wp\/v2\/product_brand?post=19464"},{"taxonomy":"product_cat","embeddable":true,"href":"https:\/\/d-identify.be\/de\/wp-json\/wp\/v2\/product_cat?post=19464"},{"taxonomy":"product_tag","embeddable":true,"href":"https:\/\/d-identify.be\/de\/wp-json\/wp\/v2\/product_tag?post=19464"},{"taxonomy":"pa_connextion-shapes","embeddable":true,"href":"https:\/\/d-identify.be\/de\/wp-json\/wp\/v2\/pa_connextion-shapes?post=19464"}],"curies":[{"name":"wp","href":"https:\/\/api.w.org\/{rel}","templated":true}]}}