{"id":19413,"date":"2021-07-26T12:41:55","date_gmt":"2021-07-26T10:41:55","guid":{"rendered":"https:\/\/d-identify.be\/product\/toro-premium-vinyl-75mm-2\/"},"modified":"2026-02-11T20:21:24","modified_gmt":"2026-02-11T18:21:24","slug":"toro-premium-vinyl-75mm-2","status":"publish","type":"product","link":"https:\/\/d-identify.be\/de\/produkt\/toro-premium-vinyl-75mm-2\/","title":{"rendered":"Toro Premium Vinyl 75mm"},"content":{"rendered":"","protected":false},"excerpt":{"rendered":"<p>Dieses beliebte Multifunktionsmaterial eignet sich perfekt f\u00fcr eine Vielzahl von Beschriftungsaufgaben in jeder Branche. Das flexible, aber strapazierf\u00e4hige Vinyl passt sich vielen verschiedenen Oberfl\u00e4chen und Arbeitsumgebungen an. Verwenden Sie es f\u00fcr all Ihre allgemeinen Sicherheits- und Betriebsbeschriftungen. Kontaktieren Sie uns, um kundenspezifische Farben zu bestellen, die Ihren Anforderungen entsprechen. Ben\u00f6tigen Sie ein breiteres Band?<\/p>\n<p><a href=\"https:\/\/d-identify.be\/product\/toro-premium-vinyl-100mm\/\">Toro Premium Vinyl 100mm<\/a><\/p>\n<div class='et-learn-more clearfix'>\n\t\t\t\t\t<h3 class='heading-more'>Learn More about the Premium Vinyl<span class='et_learnmore_arrow'><span><\/span><\/span><\/h3>\n\t\t\t\t\t<div class='learn-more-content'><ul>\n<li><strong>F\u00fcr den Innen- und Au\u00dfeneinsatz geeignet:<\/strong> Das Material h\u00e4lt stark auf einer Vielzahl von Oberfl\u00e4chen und in verschiedenen Temperaturen sowohl drinnen als auch drau\u00dfen.<\/li>\n<li><strong>Vielseitig einsetzbar:<\/strong> Passen Sie Beschriftungen f\u00fcr eine Vielzahl von Anwendungen an, wie allgemeine Sicherheitsschilder f\u00fcr Einrichtungen, Rohrmarkierungen und 5S-Beschriftungen.<\/li>\n<li><strong>Kalenderisiertes Vinyl und starke Klebstoffe:<\/strong> Das strapazierf\u00e4hige Material widersteht Sch\u00e4den durch UV-Licht, Feuchtigkeit und die meisten Chemikalien, um Beschriftungen in verschiedenen Arbeitsumgebungen intakt und gut lesbar zu halten.<\/li>\n<\/ul><\/div>\n\t\t\t\t<\/div>\n<p>&nbsp;<\/p>\n","protected":false},"featured_media":27903,"comment_status":"open","ping_status":"closed","template":"","meta":{"_acf_changed":false,"_et_pb_use_builder":"","_et_pb_old_content":"","_et_gb_content_width":""},"product_brand":[],"product_cat":[2612],"product_tag":[930],"pa_connextion-shapes":[],"class_list":{"0":"post-19413","1":"product","2":"type-product","3":"status-publish","4":"has-post-thumbnail","6":"product_cat-duralabel-toro-bronco-verbrauchsmaterial","7":"product_tag-duralabel-de","9":"first","10":"instock","11":"taxable","12":"shipping-taxable","13":"purchasable","14":"product-type-variable"},"exclude_global_add_ons":[],"addons":[],"acf":[],"yoast_head":"<!-- This site is optimized with the Yoast SEO Premium plugin v27.0 (Yoast SEO v27.1) - https:\/\/yoast.com\/product\/yoast-seo-premium-wordpress\/ -->\n<title>Toro Premium Vinyl 75mm<\/title>\n<meta name=\"description\" content=\"Dieses beliebte vielseitige Produkt eignet sich perfekt f\u00fcr eine Vielzahl von Beschriftungsaufgaben in jeder Branche. Das flexible, aber strapazierf\u00e4hige Vinyl passt sich vielen...\" \/>\n<meta name=\"robots\" content=\"index, follow, max-snippet:-1, max-image-preview:large, max-video-preview:-1\" \/>\n<link rel=\"canonical\" href=\"https:\/\/d-identify.be\/de\/produkt\/toro-premium-vinyl-75mm-2\/\" \/>\n<meta property=\"og:locale\" content=\"de_DE\" \/>\n<meta property=\"og:type\" content=\"article\" \/>\n<meta property=\"og:title\" content=\"Toro Premium Vinyl 75mm\" \/>\n<meta property=\"og:description\" content=\"Dieses beliebte vielseitige Produkt eignet sich perfekt f\u00fcr eine Vielzahl von Beschriftungsaufgaben in jeder Branche. Das flexible, aber strapazierf\u00e4hige Vinyl passt sich vielen...\" \/>\n<meta property=\"og:url\" content=\"https:\/\/d-identify.be\/de\/produkt\/toro-premium-vinyl-75mm-2\/\" \/>\n<meta property=\"og:site_name\" content=\"d-identify\" \/>\n<meta property=\"article:modified_time\" content=\"2026-02-11T18:21:24+00:00\" \/>\n<meta property=\"og:image\" content=\"https:\/\/d-identify.be\/wp-content\/uploads\/2021\/07\/T3-3010.png\" \/>\n\t<meta property=\"og:image:width\" content=\"462\" \/>\n\t<meta property=\"og:image:height\" content=\"457\" \/>\n\t<meta property=\"og:image:type\" content=\"image\/png\" \/>\n<meta name=\"twitter:card\" content=\"summary_large_image\" \/>\n<meta name=\"twitter:label1\" content=\"Gesch\u00e4tzte Lesezeit\" \/>\n\t<meta name=\"twitter:data1\" content=\"1\u00a0Minute\" \/>\n<script type=\"application\/ld+json\" class=\"yoast-schema-graph\">{\"@context\":\"https:\/\/schema.org\",\"@graph\":[{\"@type\":\"WebPage\",\"@id\":\"https:\/\/d-identify.be\/de\/produkt\/toro-premium-vinyl-75mm-2\/\",\"url\":\"https:\/\/d-identify.be\/de\/produkt\/toro-premium-vinyl-75mm-2\/\",\"name\":\"Toro Premium Vinyl 75mm\",\"isPartOf\":{\"@id\":\"https:\/\/d-identify.be\/de\/#website\"},\"primaryImageOfPage\":{\"@id\":\"https:\/\/d-identify.be\/de\/produkt\/toro-premium-vinyl-75mm-2\/#primaryimage\"},\"image\":{\"@id\":\"https:\/\/d-identify.be\/de\/produkt\/toro-premium-vinyl-75mm-2\/#primaryimage\"},\"thumbnailUrl\":\"https:\/\/d-identify.be\/wp-content\/uploads\/2021\/07\/T3-3010.png\",\"datePublished\":\"2021-07-26T10:41:55+00:00\",\"dateModified\":\"2026-02-11T18:21:24+00:00\",\"description\":\"Dieses beliebte vielseitige Produkt eignet sich perfekt f\u00fcr eine Vielzahl von Beschriftungsaufgaben in jeder Branche. Das flexible, aber strapazierf\u00e4hige Vinyl passt sich vielen...\",\"breadcrumb\":{\"@id\":\"https:\/\/d-identify.be\/de\/produkt\/toro-premium-vinyl-75mm-2\/#breadcrumb\"},\"inLanguage\":\"de\",\"potentialAction\":[{\"@type\":\"ReadAction\",\"target\":[\"https:\/\/d-identify.be\/de\/produkt\/toro-premium-vinyl-75mm-2\/\"]}]},{\"@type\":\"ImageObject\",\"inLanguage\":\"de\",\"@id\":\"https:\/\/d-identify.be\/de\/produkt\/toro-premium-vinyl-75mm-2\/#primaryimage\",\"url\":\"https:\/\/d-identify.be\/wp-content\/uploads\/2021\/07\/T3-3010.png\",\"contentUrl\":\"https:\/\/d-identify.be\/wp-content\/uploads\/2021\/07\/T3-3010.png\",\"width\":462,\"height\":457,\"caption\":\"83-3010\"},{\"@type\":\"BreadcrumbList\",\"@id\":\"https:\/\/d-identify.be\/de\/produkt\/toro-premium-vinyl-75mm-2\/#breadcrumb\",\"itemListElement\":[{\"@type\":\"ListItem\",\"position\":1,\"name\":\"Home\",\"item\":\"https:\/\/d-identify.be\/de\/home-2\/\"},{\"@type\":\"ListItem\",\"position\":2,\"name\":\"Shop\",\"item\":\"https:\/\/d-identify.be\/shop-2\/\"},{\"@type\":\"ListItem\",\"position\":3,\"name\":\"Toro Premium Vinyl 75mm\"}]},{\"@type\":\"WebSite\",\"@id\":\"https:\/\/d-identify.be\/de\/#website\",\"url\":\"https:\/\/d-identify.be\/de\/\",\"name\":\"d-identify\",\"description\":\"Industrial identification - Lockout - Tagout - Floor marking\",\"potentialAction\":[{\"@type\":\"SearchAction\",\"target\":{\"@type\":\"EntryPoint\",\"urlTemplate\":\"https:\/\/d-identify.be\/de\/?s={search_term_string}\"},\"query-input\":{\"@type\":\"PropertyValueSpecification\",\"valueRequired\":true,\"valueName\":\"search_term_string\"}}],\"inLanguage\":\"de\"}]}<\/script>\n<!-- \/ Yoast SEO Premium plugin. -->","yoast_head_json":{"title":"Toro Premium Vinyl 75mm","description":"Dieses beliebte vielseitige Produkt eignet sich perfekt f\u00fcr eine Vielzahl von Beschriftungsaufgaben in jeder Branche. Das flexible, aber strapazierf\u00e4hige Vinyl passt sich vielen...","robots":{"index":"index","follow":"follow","max-snippet":"max-snippet:-1","max-image-preview":"max-image-preview:large","max-video-preview":"max-video-preview:-1"},"canonical":"https:\/\/d-identify.be\/de\/produkt\/toro-premium-vinyl-75mm-2\/","og_locale":"de_DE","og_type":"article","og_title":"Toro Premium Vinyl 75mm","og_description":"Dieses beliebte vielseitige Produkt eignet sich perfekt f\u00fcr eine Vielzahl von Beschriftungsaufgaben in jeder Branche. Das flexible, aber strapazierf\u00e4hige Vinyl passt sich vielen...","og_url":"https:\/\/d-identify.be\/de\/produkt\/toro-premium-vinyl-75mm-2\/","og_site_name":"d-identify","article_modified_time":"2026-02-11T18:21:24+00:00","og_image":[{"width":462,"height":457,"url":"https:\/\/d-identify.be\/wp-content\/uploads\/2021\/07\/T3-3010.png","type":"image\/png"}],"twitter_card":"summary_large_image","twitter_misc":{"Gesch\u00e4tzte Lesezeit":"1\u00a0Minute"},"schema":{"@context":"https:\/\/schema.org","@graph":[{"@type":"WebPage","@id":"https:\/\/d-identify.be\/de\/produkt\/toro-premium-vinyl-75mm-2\/","url":"https:\/\/d-identify.be\/de\/produkt\/toro-premium-vinyl-75mm-2\/","name":"Toro Premium Vinyl 75mm","isPartOf":{"@id":"https:\/\/d-identify.be\/de\/#website"},"primaryImageOfPage":{"@id":"https:\/\/d-identify.be\/de\/produkt\/toro-premium-vinyl-75mm-2\/#primaryimage"},"image":{"@id":"https:\/\/d-identify.be\/de\/produkt\/toro-premium-vinyl-75mm-2\/#primaryimage"},"thumbnailUrl":"https:\/\/d-identify.be\/wp-content\/uploads\/2021\/07\/T3-3010.png","datePublished":"2021-07-26T10:41:55+00:00","dateModified":"2026-02-11T18:21:24+00:00","description":"Dieses beliebte vielseitige Produkt eignet sich perfekt f\u00fcr eine Vielzahl von Beschriftungsaufgaben in jeder Branche. Das flexible, aber strapazierf\u00e4hige Vinyl passt sich vielen...","breadcrumb":{"@id":"https:\/\/d-identify.be\/de\/produkt\/toro-premium-vinyl-75mm-2\/#breadcrumb"},"inLanguage":"de","potentialAction":[{"@type":"ReadAction","target":["https:\/\/d-identify.be\/de\/produkt\/toro-premium-vinyl-75mm-2\/"]}]},{"@type":"ImageObject","inLanguage":"de","@id":"https:\/\/d-identify.be\/de\/produkt\/toro-premium-vinyl-75mm-2\/#primaryimage","url":"https:\/\/d-identify.be\/wp-content\/uploads\/2021\/07\/T3-3010.png","contentUrl":"https:\/\/d-identify.be\/wp-content\/uploads\/2021\/07\/T3-3010.png","width":462,"height":457,"caption":"83-3010"},{"@type":"BreadcrumbList","@id":"https:\/\/d-identify.be\/de\/produkt\/toro-premium-vinyl-75mm-2\/#breadcrumb","itemListElement":[{"@type":"ListItem","position":1,"name":"Home","item":"https:\/\/d-identify.be\/de\/home-2\/"},{"@type":"ListItem","position":2,"name":"Shop","item":"https:\/\/d-identify.be\/shop-2\/"},{"@type":"ListItem","position":3,"name":"Toro Premium Vinyl 75mm"}]},{"@type":"WebSite","@id":"https:\/\/d-identify.be\/de\/#website","url":"https:\/\/d-identify.be\/de\/","name":"d-identify","description":"Industrial identification - Lockout - Tagout - Floor marking","potentialAction":[{"@type":"SearchAction","target":{"@type":"EntryPoint","urlTemplate":"https:\/\/d-identify.be\/de\/?s={search_term_string}"},"query-input":{"@type":"PropertyValueSpecification","valueRequired":true,"valueName":"search_term_string"}}],"inLanguage":"de"}]}},"_links":{"self":[{"href":"https:\/\/d-identify.be\/de\/wp-json\/wp\/v2\/product\/19413","targetHints":{"allow":["GET"]}}],"collection":[{"href":"https:\/\/d-identify.be\/de\/wp-json\/wp\/v2\/product"}],"about":[{"href":"https:\/\/d-identify.be\/de\/wp-json\/wp\/v2\/types\/product"}],"replies":[{"embeddable":true,"href":"https:\/\/d-identify.be\/de\/wp-json\/wp\/v2\/comments?post=19413"}],"wp:featuredmedia":[{"embeddable":true,"href":"https:\/\/d-identify.be\/de\/wp-json\/wp\/v2\/media\/27903"}],"wp:attachment":[{"href":"https:\/\/d-identify.be\/de\/wp-json\/wp\/v2\/media?parent=19413"}],"wp:term":[{"taxonomy":"product_brand","embeddable":true,"href":"https:\/\/d-identify.be\/de\/wp-json\/wp\/v2\/product_brand?post=19413"},{"taxonomy":"product_cat","embeddable":true,"href":"https:\/\/d-identify.be\/de\/wp-json\/wp\/v2\/product_cat?post=19413"},{"taxonomy":"product_tag","embeddable":true,"href":"https:\/\/d-identify.be\/de\/wp-json\/wp\/v2\/product_tag?post=19413"},{"taxonomy":"pa_connextion-shapes","embeddable":true,"href":"https:\/\/d-identify.be\/de\/wp-json\/wp\/v2\/pa_connextion-shapes?post=19413"}],"curies":[{"name":"wp","href":"https:\/\/api.w.org\/{rel}","templated":true}]}}