{"id":19184,"date":"2021-09-07T15:02:30","date_gmt":"2021-09-07T13:02:30","guid":{"rendered":"https:\/\/d-identify.be\/product\/extended-life-vinyl-tape-with-ecr-ribbon-2\/"},"modified":"2024-05-28T17:02:09","modified_gmt":"2024-05-28T15:02:09","slug":"extended-life-vinyl-tape-with-ecr-ribbon-2","status":"publish","type":"product","link":"https:\/\/d-identify.be\/de\/produkt\/extended-life-vinyl-tape-with-ecr-ribbon-2\/","title":{"rendered":"Extended-Life Vinyl Tape with ECR Ribbon"},"content":{"rendered":"<ul>\n<li><strong>Hochwertige Harztinte:<\/strong> Das ECR-Farbband zeichnet sich durch hervorragende Haltbarkeit und Druckqualit\u00e4t sowie hohe Best\u00e4ndigkeit gegen\u00fcber Abrieb und L\u00f6sungsmitteln aus.<\/li>\n<li><strong>Permanent haftender Acrylkleber:<\/strong> Der strapazierf\u00e4hige Klebstoff haftet fest auf vielen verschiedenen Oberfl\u00e4chen.<\/li>\n<li><strong>Flaches Design:<\/strong> Die schlanke Bauweise verhindert Feuchtigkeitsansammlungen und reduziert Sch\u00e4den durch Abbl\u00e4ttern.<\/li>\n<li><strong>F\u00fcr den Innen- und Au\u00dfenbereich geeignet:<\/strong> Das Material bleibt in einer Vielzahl von Temperaturen und Oberfl\u00e4chen drinnen und drau\u00dfen intakt und lesbar.<\/li>\n<li><strong>Robust:<\/strong> widersteht Sch\u00e4den durch Abrieb, UV-Licht, \u00d6l, die meisten Chemikalien, L\u00f6sungsmittel, Fingerabdr\u00fccke und Kratzer.<\/li>\n<\/ul>\n","protected":false},"excerpt":{"rendered":"<p>Wir haben unser \u00e4u\u00dferst flexibles Etikettenmaterial mit unserem abriebfestesten Farbband f\u00fcr ultimative Haltbarkeit kombiniert. Diese Kombination ist perfekt f\u00fcr Umgebungen mit starken chemischen Einwirkungen und strukturierten, unebenen Oberfl\u00e4chen. Das schlanke Design passt sich einer Vielzahl von Oberfl\u00e4chen an, und die langlebige Harztinte verhindert Sch\u00e4den durch viele L\u00f6sungsmittel und Chemikalien f\u00fcr langlebigere Etiketten.  <\/p>\n","protected":false},"featured_media":19185,"comment_status":"open","ping_status":"closed","template":"","meta":{"_acf_changed":false,"_et_pb_use_builder":"","_et_pb_old_content":"","_et_gb_content_width":""},"product_brand":[],"product_cat":[590],"product_tag":[930],"pa_connextion-shapes":[],"class_list":{"0":"post-19184","1":"product","2":"type-product","3":"status-publish","4":"has-post-thumbnail","6":"product_cat-lobo-verbrauchsmaterialien","7":"product_tag-duralabel-de","9":"first","10":"instock","11":"taxable","12":"shipping-taxable","13":"purchasable","14":"product-type-variable","15":"has-default-attributes"},"exclude_global_add_ons":[],"addons":[],"acf":[],"yoast_head":"<!-- This site is optimized with the Yoast SEO Premium plugin v27.0 (Yoast SEO v27.1) - https:\/\/yoast.com\/product\/yoast-seo-premium-wordpress\/ -->\n<title>Extended-Life Vinyl Tape with ECR Ribbon<\/title>\n<meta name=\"description\" content=\"Wir haben unser \u00e4u\u00dferst flexibles Etikettenmaterial mit unserem abriebfestesten Farbband f\u00fcr ultimative Haltbarkeit kombiniert. Diese Kombination ist...\" \/>\n<meta name=\"robots\" content=\"index, follow, max-snippet:-1, max-image-preview:large, max-video-preview:-1\" \/>\n<link rel=\"canonical\" href=\"https:\/\/d-identify.be\/de\/produkt\/extended-life-vinyl-tape-with-ecr-ribbon-2\/\" \/>\n<meta property=\"og:locale\" content=\"de_DE\" \/>\n<meta property=\"og:type\" content=\"article\" \/>\n<meta property=\"og:title\" content=\"Extended-Life Vinyl Tape with ECR Ribbon\" \/>\n<meta property=\"og:description\" content=\"Wir haben unser \u00e4u\u00dferst flexibles Etikettenmaterial mit unserem abriebfestesten Farbband f\u00fcr ultimative Haltbarkeit kombiniert. Diese Kombination ist...\" \/>\n<meta property=\"og:url\" content=\"https:\/\/d-identify.be\/de\/produkt\/extended-life-vinyl-tape-with-ecr-ribbon-2\/\" \/>\n<meta property=\"og:site_name\" content=\"d-identify\" \/>\n<meta property=\"article:modified_time\" content=\"2024-05-28T15:02:09+00:00\" \/>\n<meta property=\"og:image\" content=\"https:\/\/d-identify.be\/wp-content\/uploads\/2021\/09\/L2-362609.png\" \/>\n\t<meta property=\"og:image:width\" content=\"1000\" \/>\n\t<meta property=\"og:image:height\" content=\"1000\" \/>\n\t<meta property=\"og:image:type\" content=\"image\/png\" \/>\n<meta name=\"twitter:card\" content=\"summary_large_image\" \/>\n<script type=\"application\/ld+json\" class=\"yoast-schema-graph\">{\"@context\":\"https:\/\/schema.org\",\"@graph\":[{\"@type\":\"WebPage\",\"@id\":\"https:\/\/d-identify.be\/de\/produkt\/extended-life-vinyl-tape-with-ecr-ribbon-2\/\",\"url\":\"https:\/\/d-identify.be\/de\/produkt\/extended-life-vinyl-tape-with-ecr-ribbon-2\/\",\"name\":\"Extended-Life Vinyl Tape with ECR Ribbon\",\"isPartOf\":{\"@id\":\"https:\/\/d-identify.be\/de\/#website\"},\"primaryImageOfPage\":{\"@id\":\"https:\/\/d-identify.be\/de\/produkt\/extended-life-vinyl-tape-with-ecr-ribbon-2\/#primaryimage\"},\"image\":{\"@id\":\"https:\/\/d-identify.be\/de\/produkt\/extended-life-vinyl-tape-with-ecr-ribbon-2\/#primaryimage\"},\"thumbnailUrl\":\"https:\/\/d-identify.be\/wp-content\/uploads\/2021\/09\/L2-362609.png\",\"datePublished\":\"2021-09-07T13:02:30+00:00\",\"dateModified\":\"2024-05-28T15:02:09+00:00\",\"description\":\"Wir haben unser \u00e4u\u00dferst flexibles Etikettenmaterial mit unserem abriebfestesten Farbband f\u00fcr ultimative Haltbarkeit kombiniert. Diese Kombination ist...\",\"breadcrumb\":{\"@id\":\"https:\/\/d-identify.be\/de\/produkt\/extended-life-vinyl-tape-with-ecr-ribbon-2\/#breadcrumb\"},\"inLanguage\":\"de\",\"potentialAction\":[{\"@type\":\"ReadAction\",\"target\":[\"https:\/\/d-identify.be\/de\/produkt\/extended-life-vinyl-tape-with-ecr-ribbon-2\/\"]}]},{\"@type\":\"ImageObject\",\"inLanguage\":\"de\",\"@id\":\"https:\/\/d-identify.be\/de\/produkt\/extended-life-vinyl-tape-with-ecr-ribbon-2\/#primaryimage\",\"url\":\"https:\/\/d-identify.be\/wp-content\/uploads\/2021\/09\/L2-362609.png\",\"contentUrl\":\"https:\/\/d-identify.be\/wp-content\/uploads\/2021\/09\/L2-362609.png\",\"width\":1000,\"height\":1000,\"caption\":\"vinyl tape ecr ribbon\"},{\"@type\":\"BreadcrumbList\",\"@id\":\"https:\/\/d-identify.be\/de\/produkt\/extended-life-vinyl-tape-with-ecr-ribbon-2\/#breadcrumb\",\"itemListElement\":[{\"@type\":\"ListItem\",\"position\":1,\"name\":\"Home\",\"item\":\"https:\/\/d-identify.be\/de\/home-2\/\"},{\"@type\":\"ListItem\",\"position\":2,\"name\":\"Shop\",\"item\":\"https:\/\/d-identify.be\/shop-2\/\"},{\"@type\":\"ListItem\",\"position\":3,\"name\":\"Extended-Life Vinyl Tape with ECR Ribbon\"}]},{\"@type\":\"WebSite\",\"@id\":\"https:\/\/d-identify.be\/de\/#website\",\"url\":\"https:\/\/d-identify.be\/de\/\",\"name\":\"d-identify\",\"description\":\"Industrial identification - Lockout - Tagout - Floor marking\",\"potentialAction\":[{\"@type\":\"SearchAction\",\"target\":{\"@type\":\"EntryPoint\",\"urlTemplate\":\"https:\/\/d-identify.be\/de\/?s={search_term_string}\"},\"query-input\":{\"@type\":\"PropertyValueSpecification\",\"valueRequired\":true,\"valueName\":\"search_term_string\"}}],\"inLanguage\":\"de\"}]}<\/script>\n<!-- \/ Yoast SEO Premium plugin. -->","yoast_head_json":{"title":"Extended-Life Vinyl Tape with ECR Ribbon","description":"Wir haben unser \u00e4u\u00dferst flexibles Etikettenmaterial mit unserem abriebfestesten Farbband f\u00fcr ultimative Haltbarkeit kombiniert. Diese Kombination ist...","robots":{"index":"index","follow":"follow","max-snippet":"max-snippet:-1","max-image-preview":"max-image-preview:large","max-video-preview":"max-video-preview:-1"},"canonical":"https:\/\/d-identify.be\/de\/produkt\/extended-life-vinyl-tape-with-ecr-ribbon-2\/","og_locale":"de_DE","og_type":"article","og_title":"Extended-Life Vinyl Tape with ECR Ribbon","og_description":"Wir haben unser \u00e4u\u00dferst flexibles Etikettenmaterial mit unserem abriebfestesten Farbband f\u00fcr ultimative Haltbarkeit kombiniert. Diese Kombination ist...","og_url":"https:\/\/d-identify.be\/de\/produkt\/extended-life-vinyl-tape-with-ecr-ribbon-2\/","og_site_name":"d-identify","article_modified_time":"2024-05-28T15:02:09+00:00","og_image":[{"width":1000,"height":1000,"url":"https:\/\/d-identify.be\/wp-content\/uploads\/2021\/09\/L2-362609.png","type":"image\/png"}],"twitter_card":"summary_large_image","schema":{"@context":"https:\/\/schema.org","@graph":[{"@type":"WebPage","@id":"https:\/\/d-identify.be\/de\/produkt\/extended-life-vinyl-tape-with-ecr-ribbon-2\/","url":"https:\/\/d-identify.be\/de\/produkt\/extended-life-vinyl-tape-with-ecr-ribbon-2\/","name":"Extended-Life Vinyl Tape with ECR Ribbon","isPartOf":{"@id":"https:\/\/d-identify.be\/de\/#website"},"primaryImageOfPage":{"@id":"https:\/\/d-identify.be\/de\/produkt\/extended-life-vinyl-tape-with-ecr-ribbon-2\/#primaryimage"},"image":{"@id":"https:\/\/d-identify.be\/de\/produkt\/extended-life-vinyl-tape-with-ecr-ribbon-2\/#primaryimage"},"thumbnailUrl":"https:\/\/d-identify.be\/wp-content\/uploads\/2021\/09\/L2-362609.png","datePublished":"2021-09-07T13:02:30+00:00","dateModified":"2024-05-28T15:02:09+00:00","description":"Wir haben unser \u00e4u\u00dferst flexibles Etikettenmaterial mit unserem abriebfestesten Farbband f\u00fcr ultimative Haltbarkeit kombiniert. Diese Kombination ist...","breadcrumb":{"@id":"https:\/\/d-identify.be\/de\/produkt\/extended-life-vinyl-tape-with-ecr-ribbon-2\/#breadcrumb"},"inLanguage":"de","potentialAction":[{"@type":"ReadAction","target":["https:\/\/d-identify.be\/de\/produkt\/extended-life-vinyl-tape-with-ecr-ribbon-2\/"]}]},{"@type":"ImageObject","inLanguage":"de","@id":"https:\/\/d-identify.be\/de\/produkt\/extended-life-vinyl-tape-with-ecr-ribbon-2\/#primaryimage","url":"https:\/\/d-identify.be\/wp-content\/uploads\/2021\/09\/L2-362609.png","contentUrl":"https:\/\/d-identify.be\/wp-content\/uploads\/2021\/09\/L2-362609.png","width":1000,"height":1000,"caption":"vinyl tape ecr ribbon"},{"@type":"BreadcrumbList","@id":"https:\/\/d-identify.be\/de\/produkt\/extended-life-vinyl-tape-with-ecr-ribbon-2\/#breadcrumb","itemListElement":[{"@type":"ListItem","position":1,"name":"Home","item":"https:\/\/d-identify.be\/de\/home-2\/"},{"@type":"ListItem","position":2,"name":"Shop","item":"https:\/\/d-identify.be\/shop-2\/"},{"@type":"ListItem","position":3,"name":"Extended-Life Vinyl Tape with ECR Ribbon"}]},{"@type":"WebSite","@id":"https:\/\/d-identify.be\/de\/#website","url":"https:\/\/d-identify.be\/de\/","name":"d-identify","description":"Industrial identification - Lockout - Tagout - Floor marking","potentialAction":[{"@type":"SearchAction","target":{"@type":"EntryPoint","urlTemplate":"https:\/\/d-identify.be\/de\/?s={search_term_string}"},"query-input":{"@type":"PropertyValueSpecification","valueRequired":true,"valueName":"search_term_string"}}],"inLanguage":"de"}]}},"_links":{"self":[{"href":"https:\/\/d-identify.be\/de\/wp-json\/wp\/v2\/product\/19184","targetHints":{"allow":["GET"]}}],"collection":[{"href":"https:\/\/d-identify.be\/de\/wp-json\/wp\/v2\/product"}],"about":[{"href":"https:\/\/d-identify.be\/de\/wp-json\/wp\/v2\/types\/product"}],"replies":[{"embeddable":true,"href":"https:\/\/d-identify.be\/de\/wp-json\/wp\/v2\/comments?post=19184"}],"wp:featuredmedia":[{"embeddable":true,"href":"https:\/\/d-identify.be\/de\/wp-json\/wp\/v2\/media\/19185"}],"wp:attachment":[{"href":"https:\/\/d-identify.be\/de\/wp-json\/wp\/v2\/media?parent=19184"}],"wp:term":[{"taxonomy":"product_brand","embeddable":true,"href":"https:\/\/d-identify.be\/de\/wp-json\/wp\/v2\/product_brand?post=19184"},{"taxonomy":"product_cat","embeddable":true,"href":"https:\/\/d-identify.be\/de\/wp-json\/wp\/v2\/product_cat?post=19184"},{"taxonomy":"product_tag","embeddable":true,"href":"https:\/\/d-identify.be\/de\/wp-json\/wp\/v2\/product_tag?post=19184"},{"taxonomy":"pa_connextion-shapes","embeddable":true,"href":"https:\/\/d-identify.be\/de\/wp-json\/wp\/v2\/pa_connextion-shapes?post=19184"}],"curies":[{"name":"wp","href":"https:\/\/api.w.org\/{rel}","templated":true}]}}