{"id":19134,"date":"2021-09-07T16:27:55","date_gmt":"2021-09-07T14:27:55","guid":{"rendered":"https:\/\/d-identify.be\/product\/duralabel-lobo-soft-case-2\/"},"modified":"2024-05-28T17:01:36","modified_gmt":"2024-05-28T15:01:36","slug":"duralabel-lobo-soft-case-2","status":"publish","type":"product","link":"https:\/\/d-identify.be\/de\/produkt\/duralabel-lobo-soft-case-2\/","title":{"rendered":"DuraLabel Lobo Soft Case"},"content":{"rendered":"<p>Nehmen Sie Ihren Lobo und Verbrauchsmaterialien sicher und einfach \u00fcberall hin mit diesem weichen Tragekoffer. Die weiche Au\u00dfenschicht sch\u00fctzt den Drucker vor Staub und leichten St\u00f6\u00dfen w\u00e4hrend des Transports oder am Arbeitsplatz. <\/p>\n","protected":false},"excerpt":{"rendered":"<p>Nehmen Sie Ihren DuraLabel Lobo Drucker sicher \u00fcberallhin in diesem praktischen Softcase mit.<\/p>\n","protected":false},"featured_media":19135,"comment_status":"open","ping_status":"closed","template":"","meta":{"_acf_changed":false,"_et_pb_use_builder":"","_et_pb_old_content":"","_et_gb_content_width":""},"product_brand":[],"product_cat":[590],"product_tag":[930],"pa_connextion-shapes":[],"class_list":{"0":"post-19134","1":"product","2":"type-product","3":"status-publish","4":"has-post-thumbnail","6":"product_cat-lobo-verbrauchsmaterialien","7":"product_tag-duralabel-de","9":"first","10":"instock","11":"taxable","12":"shipping-taxable","13":"purchasable","14":"product-type-simple"},"exclude_global_add_ons":[],"addons":[],"acf":[],"yoast_head":"<!-- This site is optimized with the Yoast SEO Premium plugin v27.0 (Yoast SEO v27.1) - https:\/\/yoast.com\/product\/yoast-seo-premium-wordpress\/ -->\n<title>DuraLabel Lobo Soft Case<\/title>\n<meta name=\"description\" content=\"Nehmen Sie Ihren DuraLabel Lobo Drucker sicher \u00fcberallhin mit diesem praktischen Softcase mit. Die weiche Au\u00dfenschicht sch\u00fctzt den Drucker vor Staub...\" \/>\n<meta name=\"robots\" content=\"index, follow, max-snippet:-1, max-image-preview:large, max-video-preview:-1\" \/>\n<link rel=\"canonical\" href=\"https:\/\/d-identify.be\/de\/produkt\/duralabel-lobo-soft-case-2\/\" \/>\n<meta property=\"og:locale\" content=\"de_DE\" \/>\n<meta property=\"og:type\" content=\"article\" \/>\n<meta property=\"og:title\" content=\"DuraLabel Lobo Soft Case\" \/>\n<meta property=\"og:description\" content=\"Nehmen Sie Ihren DuraLabel Lobo Drucker sicher \u00fcberallhin mit diesem praktischen Softcase mit. Die weiche Au\u00dfenschicht sch\u00fctzt den Drucker vor Staub...\" \/>\n<meta property=\"og:url\" content=\"https:\/\/d-identify.be\/de\/produkt\/duralabel-lobo-soft-case-2\/\" \/>\n<meta property=\"og:site_name\" content=\"d-identify\" \/>\n<meta property=\"article:modified_time\" content=\"2024-05-28T15:01:36+00:00\" \/>\n<meta property=\"og:image\" content=\"https:\/\/d-identify.be\/wp-content\/uploads\/2021\/09\/DLL-SOFTCASE.png\" \/>\n\t<meta property=\"og:image:width\" content=\"1000\" \/>\n\t<meta property=\"og:image:height\" content=\"1000\" \/>\n\t<meta property=\"og:image:type\" content=\"image\/png\" \/>\n<meta name=\"twitter:card\" content=\"summary_large_image\" \/>\n<script type=\"application\/ld+json\" class=\"yoast-schema-graph\">{\"@context\":\"https:\/\/schema.org\",\"@graph\":[{\"@type\":\"WebPage\",\"@id\":\"https:\/\/d-identify.be\/de\/produkt\/duralabel-lobo-soft-case-2\/\",\"url\":\"https:\/\/d-identify.be\/de\/produkt\/duralabel-lobo-soft-case-2\/\",\"name\":\"DuraLabel Lobo Soft Case\",\"isPartOf\":{\"@id\":\"https:\/\/d-identify.be\/de\/#website\"},\"primaryImageOfPage\":{\"@id\":\"https:\/\/d-identify.be\/de\/produkt\/duralabel-lobo-soft-case-2\/#primaryimage\"},\"image\":{\"@id\":\"https:\/\/d-identify.be\/de\/produkt\/duralabel-lobo-soft-case-2\/#primaryimage\"},\"thumbnailUrl\":\"https:\/\/d-identify.be\/wp-content\/uploads\/2021\/09\/DLL-SOFTCASE.png\",\"datePublished\":\"2021-09-07T14:27:55+00:00\",\"dateModified\":\"2024-05-28T15:01:36+00:00\",\"description\":\"Nehmen Sie Ihren DuraLabel Lobo Drucker sicher \u00fcberallhin mit diesem praktischen Softcase mit. Die weiche Au\u00dfenschicht sch\u00fctzt den Drucker vor Staub...\",\"breadcrumb\":{\"@id\":\"https:\/\/d-identify.be\/de\/produkt\/duralabel-lobo-soft-case-2\/#breadcrumb\"},\"inLanguage\":\"de\",\"potentialAction\":[{\"@type\":\"ReadAction\",\"target\":[\"https:\/\/d-identify.be\/de\/produkt\/duralabel-lobo-soft-case-2\/\"]}]},{\"@type\":\"ImageObject\",\"inLanguage\":\"de\",\"@id\":\"https:\/\/d-identify.be\/de\/produkt\/duralabel-lobo-soft-case-2\/#primaryimage\",\"url\":\"https:\/\/d-identify.be\/wp-content\/uploads\/2021\/09\/DLL-SOFTCASE.png\",\"contentUrl\":\"https:\/\/d-identify.be\/wp-content\/uploads\/2021\/09\/DLL-SOFTCASE.png\",\"width\":1000,\"height\":1000,\"caption\":\"lobo soft case\"},{\"@type\":\"BreadcrumbList\",\"@id\":\"https:\/\/d-identify.be\/de\/produkt\/duralabel-lobo-soft-case-2\/#breadcrumb\",\"itemListElement\":[{\"@type\":\"ListItem\",\"position\":1,\"name\":\"Home\",\"item\":\"https:\/\/d-identify.be\/de\/home-2\/\"},{\"@type\":\"ListItem\",\"position\":2,\"name\":\"Shop\",\"item\":\"https:\/\/d-identify.be\/shop-2\/\"},{\"@type\":\"ListItem\",\"position\":3,\"name\":\"DuraLabel Lobo Soft Case\"}]},{\"@type\":\"WebSite\",\"@id\":\"https:\/\/d-identify.be\/de\/#website\",\"url\":\"https:\/\/d-identify.be\/de\/\",\"name\":\"d-identify\",\"description\":\"Industrial identification - Lockout - Tagout - Floor marking\",\"potentialAction\":[{\"@type\":\"SearchAction\",\"target\":{\"@type\":\"EntryPoint\",\"urlTemplate\":\"https:\/\/d-identify.be\/de\/?s={search_term_string}\"},\"query-input\":{\"@type\":\"PropertyValueSpecification\",\"valueRequired\":true,\"valueName\":\"search_term_string\"}}],\"inLanguage\":\"de\"}]}<\/script>\n<!-- \/ Yoast SEO Premium plugin. -->","yoast_head_json":{"title":"DuraLabel Lobo Soft Case","description":"Nehmen Sie Ihren DuraLabel Lobo Drucker sicher \u00fcberallhin mit diesem praktischen Softcase mit. Die weiche Au\u00dfenschicht sch\u00fctzt den Drucker vor Staub...","robots":{"index":"index","follow":"follow","max-snippet":"max-snippet:-1","max-image-preview":"max-image-preview:large","max-video-preview":"max-video-preview:-1"},"canonical":"https:\/\/d-identify.be\/de\/produkt\/duralabel-lobo-soft-case-2\/","og_locale":"de_DE","og_type":"article","og_title":"DuraLabel Lobo Soft Case","og_description":"Nehmen Sie Ihren DuraLabel Lobo Drucker sicher \u00fcberallhin mit diesem praktischen Softcase mit. Die weiche Au\u00dfenschicht sch\u00fctzt den Drucker vor Staub...","og_url":"https:\/\/d-identify.be\/de\/produkt\/duralabel-lobo-soft-case-2\/","og_site_name":"d-identify","article_modified_time":"2024-05-28T15:01:36+00:00","og_image":[{"width":1000,"height":1000,"url":"https:\/\/d-identify.be\/wp-content\/uploads\/2021\/09\/DLL-SOFTCASE.png","type":"image\/png"}],"twitter_card":"summary_large_image","schema":{"@context":"https:\/\/schema.org","@graph":[{"@type":"WebPage","@id":"https:\/\/d-identify.be\/de\/produkt\/duralabel-lobo-soft-case-2\/","url":"https:\/\/d-identify.be\/de\/produkt\/duralabel-lobo-soft-case-2\/","name":"DuraLabel Lobo Soft Case","isPartOf":{"@id":"https:\/\/d-identify.be\/de\/#website"},"primaryImageOfPage":{"@id":"https:\/\/d-identify.be\/de\/produkt\/duralabel-lobo-soft-case-2\/#primaryimage"},"image":{"@id":"https:\/\/d-identify.be\/de\/produkt\/duralabel-lobo-soft-case-2\/#primaryimage"},"thumbnailUrl":"https:\/\/d-identify.be\/wp-content\/uploads\/2021\/09\/DLL-SOFTCASE.png","datePublished":"2021-09-07T14:27:55+00:00","dateModified":"2024-05-28T15:01:36+00:00","description":"Nehmen Sie Ihren DuraLabel Lobo Drucker sicher \u00fcberallhin mit diesem praktischen Softcase mit. Die weiche Au\u00dfenschicht sch\u00fctzt den Drucker vor Staub...","breadcrumb":{"@id":"https:\/\/d-identify.be\/de\/produkt\/duralabel-lobo-soft-case-2\/#breadcrumb"},"inLanguage":"de","potentialAction":[{"@type":"ReadAction","target":["https:\/\/d-identify.be\/de\/produkt\/duralabel-lobo-soft-case-2\/"]}]},{"@type":"ImageObject","inLanguage":"de","@id":"https:\/\/d-identify.be\/de\/produkt\/duralabel-lobo-soft-case-2\/#primaryimage","url":"https:\/\/d-identify.be\/wp-content\/uploads\/2021\/09\/DLL-SOFTCASE.png","contentUrl":"https:\/\/d-identify.be\/wp-content\/uploads\/2021\/09\/DLL-SOFTCASE.png","width":1000,"height":1000,"caption":"lobo soft case"},{"@type":"BreadcrumbList","@id":"https:\/\/d-identify.be\/de\/produkt\/duralabel-lobo-soft-case-2\/#breadcrumb","itemListElement":[{"@type":"ListItem","position":1,"name":"Home","item":"https:\/\/d-identify.be\/de\/home-2\/"},{"@type":"ListItem","position":2,"name":"Shop","item":"https:\/\/d-identify.be\/shop-2\/"},{"@type":"ListItem","position":3,"name":"DuraLabel Lobo Soft Case"}]},{"@type":"WebSite","@id":"https:\/\/d-identify.be\/de\/#website","url":"https:\/\/d-identify.be\/de\/","name":"d-identify","description":"Industrial identification - Lockout - Tagout - Floor marking","potentialAction":[{"@type":"SearchAction","target":{"@type":"EntryPoint","urlTemplate":"https:\/\/d-identify.be\/de\/?s={search_term_string}"},"query-input":{"@type":"PropertyValueSpecification","valueRequired":true,"valueName":"search_term_string"}}],"inLanguage":"de"}]}},"_links":{"self":[{"href":"https:\/\/d-identify.be\/de\/wp-json\/wp\/v2\/product\/19134","targetHints":{"allow":["GET"]}}],"collection":[{"href":"https:\/\/d-identify.be\/de\/wp-json\/wp\/v2\/product"}],"about":[{"href":"https:\/\/d-identify.be\/de\/wp-json\/wp\/v2\/types\/product"}],"replies":[{"embeddable":true,"href":"https:\/\/d-identify.be\/de\/wp-json\/wp\/v2\/comments?post=19134"}],"wp:featuredmedia":[{"embeddable":true,"href":"https:\/\/d-identify.be\/de\/wp-json\/wp\/v2\/media\/19135"}],"wp:attachment":[{"href":"https:\/\/d-identify.be\/de\/wp-json\/wp\/v2\/media?parent=19134"}],"wp:term":[{"taxonomy":"product_brand","embeddable":true,"href":"https:\/\/d-identify.be\/de\/wp-json\/wp\/v2\/product_brand?post=19134"},{"taxonomy":"product_cat","embeddable":true,"href":"https:\/\/d-identify.be\/de\/wp-json\/wp\/v2\/product_cat?post=19134"},{"taxonomy":"product_tag","embeddable":true,"href":"https:\/\/d-identify.be\/de\/wp-json\/wp\/v2\/product_tag?post=19134"},{"taxonomy":"pa_connextion-shapes","embeddable":true,"href":"https:\/\/d-identify.be\/de\/wp-json\/wp\/v2\/pa_connextion-shapes?post=19134"}],"curies":[{"name":"wp","href":"https:\/\/api.w.org\/{rel}","templated":true}]}}