{"id":19129,"date":"2021-09-07T16:31:35","date_gmt":"2021-09-07T14:31:35","guid":{"rendered":"https:\/\/d-identify.be\/product\/duralabel-lobo-lithium-ion-battery-2\/"},"modified":"2024-05-28T17:01:01","modified_gmt":"2024-05-28T15:01:01","slug":"duralabel-lobo-lithium-ion-battery-2","status":"publish","type":"product","link":"https:\/\/d-identify.be\/de\/produkt\/duralabel-lobo-lithium-ion-battery-2\/","title":{"rendered":"DuraLabel Lobo Lithium Ion Battery"},"content":{"rendered":"<p>Jetzt k\u00f6nnen Sie Ihren DuraLabel Lobo in einen vollst\u00e4ndig tragbaren Drucker f\u00fcr stundenlanges Drucken auf dem Feld verwandeln. Der ansteckbare DuraLabel Lobo Lithium-Ionen-Akku erm\u00f6glicht es Ihnen, Etiketten unterwegs zu drucken, ohne externe Stromquelle. Der Akku bietet bis zu drei Stunden kontinuierliche Druckzeit, sodass Sie unabh\u00e4ngig von Ihrer mobilen Situation nach Herzenslust drucken k\u00f6nnen. Bestellen Sie noch heute Ihre DuraLabel Lobo Batterie.   <\/p>\n","protected":false},"excerpt":{"rendered":"<p>Verwandeln Sie Ihren DuraLabel Lobo in einen vollst\u00e4ndig tragbaren Drucker, der stundenlang an jedem Ort drucken kann. Mit diesem anschlie\u00dfbaren Lithium-Ionen-Akku k\u00f6nnen Sie Etiketten unterwegs drucken, ohne eine externe Stromquelle zu ben\u00f6tigen. <\/p>\n","protected":false},"featured_media":19130,"comment_status":"open","ping_status":"closed","template":"","meta":{"_acf_changed":false,"_et_pb_use_builder":"","_et_pb_old_content":"","_et_gb_content_width":""},"product_brand":[],"product_cat":[590],"product_tag":[930],"pa_connextion-shapes":[],"class_list":{"0":"post-19129","1":"product","2":"type-product","3":"status-publish","4":"has-post-thumbnail","6":"product_cat-lobo-verbrauchsmaterialien","7":"product_tag-duralabel-de","9":"first","10":"instock","11":"taxable","12":"shipping-taxable","13":"purchasable","14":"product-type-simple"},"exclude_global_add_ons":[],"addons":[],"acf":[],"yoast_head":"<!-- This site is optimized with the Yoast SEO Premium plugin v27.0 (Yoast SEO v27.1) - https:\/\/yoast.com\/product\/yoast-seo-premium-wordpress\/ -->\n<title>DuraLabel LOBO Lithium Ion Battery<\/title>\n<meta name=\"description\" content=\"Der ansteckbare DuraLabel Lobo Lithium-Ionen-Akku erm\u00f6glicht es Ihnen, Etiketten unterwegs zu drucken, ohne externe Stromquelle.\" \/>\n<meta name=\"robots\" content=\"index, follow, max-snippet:-1, max-image-preview:large, max-video-preview:-1\" \/>\n<link rel=\"canonical\" href=\"https:\/\/d-identify.be\/de\/produkt\/duralabel-lobo-lithium-ion-battery-2\/\" \/>\n<meta property=\"og:locale\" content=\"de_DE\" \/>\n<meta property=\"og:type\" content=\"article\" \/>\n<meta property=\"og:title\" content=\"DuraLabel Lobo Lithium Ion Battery\" \/>\n<meta property=\"og:description\" content=\"Der ansteckbare DuraLabel Lobo Lithium-Ionen-Akku erm\u00f6glicht es Ihnen, Etiketten unterwegs zu drucken, ohne externe Stromquelle.\" \/>\n<meta property=\"og:url\" content=\"https:\/\/d-identify.be\/de\/produkt\/duralabel-lobo-lithium-ion-battery-2\/\" \/>\n<meta property=\"og:site_name\" content=\"d-identify\" \/>\n<meta property=\"article:modified_time\" content=\"2024-05-28T15:01:01+00:00\" \/>\n<meta property=\"og:image\" content=\"https:\/\/d-identify.be\/wp-content\/uploads\/2021\/09\/DLL-BATTERY.png\" \/>\n\t<meta property=\"og:image:width\" content=\"1000\" \/>\n\t<meta property=\"og:image:height\" content=\"1000\" \/>\n\t<meta property=\"og:image:type\" content=\"image\/png\" \/>\n<meta name=\"twitter:card\" content=\"summary_large_image\" \/>\n<script type=\"application\/ld+json\" class=\"yoast-schema-graph\">{\"@context\":\"https:\/\/schema.org\",\"@graph\":[{\"@type\":\"WebPage\",\"@id\":\"https:\/\/d-identify.be\/de\/produkt\/duralabel-lobo-lithium-ion-battery-2\/\",\"url\":\"https:\/\/d-identify.be\/de\/produkt\/duralabel-lobo-lithium-ion-battery-2\/\",\"name\":\"DuraLabel LOBO Lithium Ion Battery\",\"isPartOf\":{\"@id\":\"https:\/\/d-identify.be\/de\/#website\"},\"primaryImageOfPage\":{\"@id\":\"https:\/\/d-identify.be\/de\/produkt\/duralabel-lobo-lithium-ion-battery-2\/#primaryimage\"},\"image\":{\"@id\":\"https:\/\/d-identify.be\/de\/produkt\/duralabel-lobo-lithium-ion-battery-2\/#primaryimage\"},\"thumbnailUrl\":\"https:\/\/d-identify.be\/wp-content\/uploads\/2021\/09\/DLL-BATTERY.png\",\"datePublished\":\"2021-09-07T14:31:35+00:00\",\"dateModified\":\"2024-05-28T15:01:01+00:00\",\"description\":\"Der ansteckbare DuraLabel Lobo Lithium-Ionen-Akku erm\u00f6glicht es Ihnen, Etiketten unterwegs zu drucken, ohne externe Stromquelle.\",\"breadcrumb\":{\"@id\":\"https:\/\/d-identify.be\/de\/produkt\/duralabel-lobo-lithium-ion-battery-2\/#breadcrumb\"},\"inLanguage\":\"de\",\"potentialAction\":[{\"@type\":\"ReadAction\",\"target\":[\"https:\/\/d-identify.be\/de\/produkt\/duralabel-lobo-lithium-ion-battery-2\/\"]}]},{\"@type\":\"ImageObject\",\"inLanguage\":\"de\",\"@id\":\"https:\/\/d-identify.be\/de\/produkt\/duralabel-lobo-lithium-ion-battery-2\/#primaryimage\",\"url\":\"https:\/\/d-identify.be\/wp-content\/uploads\/2021\/09\/DLL-BATTERY.png\",\"contentUrl\":\"https:\/\/d-identify.be\/wp-content\/uploads\/2021\/09\/DLL-BATTERY.png\",\"width\":1000,\"height\":1000,\"caption\":\"lithium ion battery lobo\"},{\"@type\":\"BreadcrumbList\",\"@id\":\"https:\/\/d-identify.be\/de\/produkt\/duralabel-lobo-lithium-ion-battery-2\/#breadcrumb\",\"itemListElement\":[{\"@type\":\"ListItem\",\"position\":1,\"name\":\"Home\",\"item\":\"https:\/\/d-identify.be\/de\/home-2\/\"},{\"@type\":\"ListItem\",\"position\":2,\"name\":\"Shop\",\"item\":\"https:\/\/d-identify.be\/shop-2\/\"},{\"@type\":\"ListItem\",\"position\":3,\"name\":\"DuraLabel Lobo Lithium Ion Battery\"}]},{\"@type\":\"WebSite\",\"@id\":\"https:\/\/d-identify.be\/de\/#website\",\"url\":\"https:\/\/d-identify.be\/de\/\",\"name\":\"d-identify\",\"description\":\"Industrial identification - Lockout - Tagout - Floor marking\",\"potentialAction\":[{\"@type\":\"SearchAction\",\"target\":{\"@type\":\"EntryPoint\",\"urlTemplate\":\"https:\/\/d-identify.be\/de\/?s={search_term_string}\"},\"query-input\":{\"@type\":\"PropertyValueSpecification\",\"valueRequired\":true,\"valueName\":\"search_term_string\"}}],\"inLanguage\":\"de\"}]}<\/script>\n<!-- \/ Yoast SEO Premium plugin. -->","yoast_head_json":{"title":"DuraLabel LOBO Lithium Ion Battery","description":"Der ansteckbare DuraLabel Lobo Lithium-Ionen-Akku erm\u00f6glicht es Ihnen, Etiketten unterwegs zu drucken, ohne externe Stromquelle.","robots":{"index":"index","follow":"follow","max-snippet":"max-snippet:-1","max-image-preview":"max-image-preview:large","max-video-preview":"max-video-preview:-1"},"canonical":"https:\/\/d-identify.be\/de\/produkt\/duralabel-lobo-lithium-ion-battery-2\/","og_locale":"de_DE","og_type":"article","og_title":"DuraLabel Lobo Lithium Ion Battery","og_description":"Der ansteckbare DuraLabel Lobo Lithium-Ionen-Akku erm\u00f6glicht es Ihnen, Etiketten unterwegs zu drucken, ohne externe Stromquelle.","og_url":"https:\/\/d-identify.be\/de\/produkt\/duralabel-lobo-lithium-ion-battery-2\/","og_site_name":"d-identify","article_modified_time":"2024-05-28T15:01:01+00:00","og_image":[{"width":1000,"height":1000,"url":"https:\/\/d-identify.be\/wp-content\/uploads\/2021\/09\/DLL-BATTERY.png","type":"image\/png"}],"twitter_card":"summary_large_image","schema":{"@context":"https:\/\/schema.org","@graph":[{"@type":"WebPage","@id":"https:\/\/d-identify.be\/de\/produkt\/duralabel-lobo-lithium-ion-battery-2\/","url":"https:\/\/d-identify.be\/de\/produkt\/duralabel-lobo-lithium-ion-battery-2\/","name":"DuraLabel LOBO Lithium Ion Battery","isPartOf":{"@id":"https:\/\/d-identify.be\/de\/#website"},"primaryImageOfPage":{"@id":"https:\/\/d-identify.be\/de\/produkt\/duralabel-lobo-lithium-ion-battery-2\/#primaryimage"},"image":{"@id":"https:\/\/d-identify.be\/de\/produkt\/duralabel-lobo-lithium-ion-battery-2\/#primaryimage"},"thumbnailUrl":"https:\/\/d-identify.be\/wp-content\/uploads\/2021\/09\/DLL-BATTERY.png","datePublished":"2021-09-07T14:31:35+00:00","dateModified":"2024-05-28T15:01:01+00:00","description":"Der ansteckbare DuraLabel Lobo Lithium-Ionen-Akku erm\u00f6glicht es Ihnen, Etiketten unterwegs zu drucken, ohne externe Stromquelle.","breadcrumb":{"@id":"https:\/\/d-identify.be\/de\/produkt\/duralabel-lobo-lithium-ion-battery-2\/#breadcrumb"},"inLanguage":"de","potentialAction":[{"@type":"ReadAction","target":["https:\/\/d-identify.be\/de\/produkt\/duralabel-lobo-lithium-ion-battery-2\/"]}]},{"@type":"ImageObject","inLanguage":"de","@id":"https:\/\/d-identify.be\/de\/produkt\/duralabel-lobo-lithium-ion-battery-2\/#primaryimage","url":"https:\/\/d-identify.be\/wp-content\/uploads\/2021\/09\/DLL-BATTERY.png","contentUrl":"https:\/\/d-identify.be\/wp-content\/uploads\/2021\/09\/DLL-BATTERY.png","width":1000,"height":1000,"caption":"lithium ion battery lobo"},{"@type":"BreadcrumbList","@id":"https:\/\/d-identify.be\/de\/produkt\/duralabel-lobo-lithium-ion-battery-2\/#breadcrumb","itemListElement":[{"@type":"ListItem","position":1,"name":"Home","item":"https:\/\/d-identify.be\/de\/home-2\/"},{"@type":"ListItem","position":2,"name":"Shop","item":"https:\/\/d-identify.be\/shop-2\/"},{"@type":"ListItem","position":3,"name":"DuraLabel Lobo Lithium Ion Battery"}]},{"@type":"WebSite","@id":"https:\/\/d-identify.be\/de\/#website","url":"https:\/\/d-identify.be\/de\/","name":"d-identify","description":"Industrial identification - Lockout - Tagout - Floor marking","potentialAction":[{"@type":"SearchAction","target":{"@type":"EntryPoint","urlTemplate":"https:\/\/d-identify.be\/de\/?s={search_term_string}"},"query-input":{"@type":"PropertyValueSpecification","valueRequired":true,"valueName":"search_term_string"}}],"inLanguage":"de"}]}},"_links":{"self":[{"href":"https:\/\/d-identify.be\/de\/wp-json\/wp\/v2\/product\/19129","targetHints":{"allow":["GET"]}}],"collection":[{"href":"https:\/\/d-identify.be\/de\/wp-json\/wp\/v2\/product"}],"about":[{"href":"https:\/\/d-identify.be\/de\/wp-json\/wp\/v2\/types\/product"}],"replies":[{"embeddable":true,"href":"https:\/\/d-identify.be\/de\/wp-json\/wp\/v2\/comments?post=19129"}],"wp:featuredmedia":[{"embeddable":true,"href":"https:\/\/d-identify.be\/de\/wp-json\/wp\/v2\/media\/19130"}],"wp:attachment":[{"href":"https:\/\/d-identify.be\/de\/wp-json\/wp\/v2\/media?parent=19129"}],"wp:term":[{"taxonomy":"product_brand","embeddable":true,"href":"https:\/\/d-identify.be\/de\/wp-json\/wp\/v2\/product_brand?post=19129"},{"taxonomy":"product_cat","embeddable":true,"href":"https:\/\/d-identify.be\/de\/wp-json\/wp\/v2\/product_cat?post=19129"},{"taxonomy":"product_tag","embeddable":true,"href":"https:\/\/d-identify.be\/de\/wp-json\/wp\/v2\/product_tag?post=19129"},{"taxonomy":"pa_connextion-shapes","embeddable":true,"href":"https:\/\/d-identify.be\/de\/wp-json\/wp\/v2\/pa_connextion-shapes?post=19129"}],"curies":[{"name":"wp","href":"https:\/\/api.w.org\/{rel}","templated":true}]}}