{"id":19119,"date":"2021-09-07T16:36:47","date_gmt":"2021-09-07T14:36:47","guid":{"rendered":"https:\/\/d-identify.be\/product\/selbstlaminierte-drahtumwicklungen-25mm\/"},"modified":"2024-05-28T17:00:33","modified_gmt":"2024-05-28T15:00:33","slug":"selbstlaminierte-drahtumwicklungen-25mm","status":"publish","type":"product","link":"https:\/\/d-identify.be\/de\/produkt\/selbstlaminierte-drahtumwicklungen-25mm\/","title":{"rendered":"Selbstlaminierte Drahtumwicklungen 25mm"},"content":{"rendered":"<p>Organisieren Sie Dr\u00e4hte und Kabel mit leicht lesbaren Etiketten. Dieses Material eignet sich ideal f\u00fcr den Druck von farbigen \u00dcberschriften, Texten, Sicherheitssymbolen und Barcodes. Es eignet sich perfekt f\u00fcr die Beschriftung von abgeschlossenen und nicht abgeschlossenen Dr\u00e4hten, Kabeln, Rohren, Leitungen, kleinen Rohren und mehr.  <\/p>\n<ul>\n<li><strong>Vielseitig einsetzbar:<\/strong> Passen Sie Etiketten mit Text und Grafiken an, um Ihren Anforderungen gerecht zu werden.<\/li>\n<li><strong>Langlebig:<\/strong> Best\u00e4ndig gegen Wasser, \u00d6l, UV-Licht, Abrieb und milde L\u00f6sungsmittel. French: Durable : r\u00e9sist<\/li>\n<li><strong>Einfach zu bedienen:<\/strong> Drucken, Abziehen und Umwickeln des Materials um die Etiketteninformationen.<\/li>\n<li style=\"list-style-type: none;\">\n<\/li>\n<\/ul>\n","protected":false},"excerpt":{"rendered":"<p>Organisieren Sie Dr\u00e4hte und Kabel m\u00fchelos und bieten Sie zus\u00e4tzlichen Schutz f\u00fcr Etiketten. Das \u00dcberwickelungsdesign sch\u00fctzt die Etiketteninformationen f\u00fcr eine l\u00e4ngere Lebensdauer. Ideal f\u00fcr die Kennzeichnung von abgeschlossenen und nicht abgeschlossenen Dr\u00e4hten, Rohren, Kabeln, Leitungen und kleinen Rohren.    <a href=\"https:\/\/d-identify.be\/product\/selflam-wire-wraps-38mm\/\" target=\"_blank\" rel=\"noopener\">Selbstlaminierte Drahtumwicklungen 38mm<\/a><\/p>\n","protected":false},"featured_media":19120,"comment_status":"open","ping_status":"closed","template":"","meta":{"_acf_changed":false,"_et_pb_use_builder":"","_et_pb_old_content":"","_et_gb_content_width":""},"product_brand":[],"product_cat":[590],"product_tag":[930],"pa_connextion-shapes":[],"class_list":{"0":"post-19119","1":"product","2":"type-product","3":"status-publish","4":"has-post-thumbnail","6":"product_cat-lobo-verbrauchsmaterialien","7":"product_tag-duralabel-de","9":"first","10":"instock","11":"taxable","12":"shipping-taxable","13":"purchasable","14":"product-type-variable","15":"has-default-attributes"},"exclude_global_add_ons":[],"addons":[],"acf":[],"yoast_head":"<!-- This site is optimized with the Yoast SEO Premium plugin v27.0 (Yoast SEO v27.1) - https:\/\/yoast.com\/product\/yoast-seo-premium-wordpress\/ -->\n<title>Selbstlaminierte Drahtumwicklungen 25mm<\/title>\n<meta name=\"description\" content=\"Organisieren Sie Dr\u00e4hte und Kabel m\u00fchelos und bieten Sie mit den selbstlaminierten Drahtumwicklungen 25mm zus\u00e4tzlichen Schutz f\u00fcr Etiketten. Das \u00dcberwickelungsdesign sch\u00fctzt...\" \/>\n<meta name=\"robots\" content=\"index, follow, max-snippet:-1, max-image-preview:large, max-video-preview:-1\" \/>\n<link rel=\"canonical\" href=\"https:\/\/d-identify.be\/de\/produkt\/selbstlaminierte-drahtumwicklungen-25mm\/\" \/>\n<meta property=\"og:locale\" content=\"de_DE\" \/>\n<meta property=\"og:type\" content=\"article\" \/>\n<meta property=\"og:title\" content=\"Selbstlaminierte Drahtumwicklungen 25mm\" \/>\n<meta property=\"og:description\" content=\"Organisieren Sie Dr\u00e4hte und Kabel m\u00fchelos und bieten Sie mit den selbstlaminierten Drahtumwicklungen 25mm zus\u00e4tzlichen Schutz f\u00fcr Etiketten. Das \u00dcberwickelungsdesign sch\u00fctzt...\" \/>\n<meta property=\"og:url\" content=\"https:\/\/d-identify.be\/de\/produkt\/selbstlaminierte-drahtumwicklungen-25mm\/\" \/>\n<meta property=\"og:site_name\" content=\"d-identify\" \/>\n<meta property=\"article:modified_time\" content=\"2024-05-28T15:00:33+00:00\" \/>\n<meta property=\"og:image\" content=\"https:\/\/d-identify.be\/wp-content\/uploads\/2021\/09\/L13125-100308.png\" \/>\n\t<meta property=\"og:image:width\" content=\"1000\" \/>\n\t<meta property=\"og:image:height\" content=\"1000\" \/>\n\t<meta property=\"og:image:type\" content=\"image\/png\" \/>\n<meta name=\"twitter:card\" content=\"summary_large_image\" \/>\n<script type=\"application\/ld+json\" class=\"yoast-schema-graph\">{\"@context\":\"https:\/\/schema.org\",\"@graph\":[{\"@type\":\"WebPage\",\"@id\":\"https:\/\/d-identify.be\/de\/produkt\/selbstlaminierte-drahtumwicklungen-25mm\/\",\"url\":\"https:\/\/d-identify.be\/de\/produkt\/selbstlaminierte-drahtumwicklungen-25mm\/\",\"name\":\"Selbstlaminierte Drahtumwicklungen 25mm\",\"isPartOf\":{\"@id\":\"https:\/\/d-identify.be\/de\/#website\"},\"primaryImageOfPage\":{\"@id\":\"https:\/\/d-identify.be\/de\/produkt\/selbstlaminierte-drahtumwicklungen-25mm\/#primaryimage\"},\"image\":{\"@id\":\"https:\/\/d-identify.be\/de\/produkt\/selbstlaminierte-drahtumwicklungen-25mm\/#primaryimage\"},\"thumbnailUrl\":\"https:\/\/d-identify.be\/wp-content\/uploads\/2021\/09\/L13125-100308.png\",\"datePublished\":\"2021-09-07T14:36:47+00:00\",\"dateModified\":\"2024-05-28T15:00:33+00:00\",\"description\":\"Organisieren Sie Dr\u00e4hte und Kabel m\u00fchelos und bieten Sie mit den selbstlaminierten Drahtumwicklungen 25mm zus\u00e4tzlichen Schutz f\u00fcr Etiketten. Das \u00dcberwickelungsdesign sch\u00fctzt...\",\"breadcrumb\":{\"@id\":\"https:\/\/d-identify.be\/de\/produkt\/selbstlaminierte-drahtumwicklungen-25mm\/#breadcrumb\"},\"inLanguage\":\"de\",\"potentialAction\":[{\"@type\":\"ReadAction\",\"target\":[\"https:\/\/d-identify.be\/de\/produkt\/selbstlaminierte-drahtumwicklungen-25mm\/\"]}]},{\"@type\":\"ImageObject\",\"inLanguage\":\"de\",\"@id\":\"https:\/\/d-identify.be\/de\/produkt\/selbstlaminierte-drahtumwicklungen-25mm\/#primaryimage\",\"url\":\"https:\/\/d-identify.be\/wp-content\/uploads\/2021\/09\/L13125-100308.png\",\"contentUrl\":\"https:\/\/d-identify.be\/wp-content\/uploads\/2021\/09\/L13125-100308.png\",\"width\":1000,\"height\":1000,\"caption\":\"Selbstlaminierte Drahtumwicklungen 25mm\"},{\"@type\":\"BreadcrumbList\",\"@id\":\"https:\/\/d-identify.be\/de\/produkt\/selbstlaminierte-drahtumwicklungen-25mm\/#breadcrumb\",\"itemListElement\":[{\"@type\":\"ListItem\",\"position\":1,\"name\":\"Home\",\"item\":\"https:\/\/d-identify.be\/de\/home-2\/\"},{\"@type\":\"ListItem\",\"position\":2,\"name\":\"Shop\",\"item\":\"https:\/\/d-identify.be\/shop-2\/\"},{\"@type\":\"ListItem\",\"position\":3,\"name\":\"Selbstlaminierte Drahtumwicklungen 25mm\"}]},{\"@type\":\"WebSite\",\"@id\":\"https:\/\/d-identify.be\/de\/#website\",\"url\":\"https:\/\/d-identify.be\/de\/\",\"name\":\"d-identify\",\"description\":\"Industrial identification - Lockout - Tagout - Floor marking\",\"potentialAction\":[{\"@type\":\"SearchAction\",\"target\":{\"@type\":\"EntryPoint\",\"urlTemplate\":\"https:\/\/d-identify.be\/de\/?s={search_term_string}\"},\"query-input\":{\"@type\":\"PropertyValueSpecification\",\"valueRequired\":true,\"valueName\":\"search_term_string\"}}],\"inLanguage\":\"de\"}]}<\/script>\n<!-- \/ Yoast SEO Premium plugin. -->","yoast_head_json":{"title":"Selbstlaminierte Drahtumwicklungen 25mm","description":"Organisieren Sie Dr\u00e4hte und Kabel m\u00fchelos und bieten Sie mit den selbstlaminierten Drahtumwicklungen 25mm zus\u00e4tzlichen Schutz f\u00fcr Etiketten. Das \u00dcberwickelungsdesign sch\u00fctzt...","robots":{"index":"index","follow":"follow","max-snippet":"max-snippet:-1","max-image-preview":"max-image-preview:large","max-video-preview":"max-video-preview:-1"},"canonical":"https:\/\/d-identify.be\/de\/produkt\/selbstlaminierte-drahtumwicklungen-25mm\/","og_locale":"de_DE","og_type":"article","og_title":"Selbstlaminierte Drahtumwicklungen 25mm","og_description":"Organisieren Sie Dr\u00e4hte und Kabel m\u00fchelos und bieten Sie mit den selbstlaminierten Drahtumwicklungen 25mm zus\u00e4tzlichen Schutz f\u00fcr Etiketten. Das \u00dcberwickelungsdesign sch\u00fctzt...","og_url":"https:\/\/d-identify.be\/de\/produkt\/selbstlaminierte-drahtumwicklungen-25mm\/","og_site_name":"d-identify","article_modified_time":"2024-05-28T15:00:33+00:00","og_image":[{"width":1000,"height":1000,"url":"https:\/\/d-identify.be\/wp-content\/uploads\/2021\/09\/L13125-100308.png","type":"image\/png"}],"twitter_card":"summary_large_image","schema":{"@context":"https:\/\/schema.org","@graph":[{"@type":"WebPage","@id":"https:\/\/d-identify.be\/de\/produkt\/selbstlaminierte-drahtumwicklungen-25mm\/","url":"https:\/\/d-identify.be\/de\/produkt\/selbstlaminierte-drahtumwicklungen-25mm\/","name":"Selbstlaminierte Drahtumwicklungen 25mm","isPartOf":{"@id":"https:\/\/d-identify.be\/de\/#website"},"primaryImageOfPage":{"@id":"https:\/\/d-identify.be\/de\/produkt\/selbstlaminierte-drahtumwicklungen-25mm\/#primaryimage"},"image":{"@id":"https:\/\/d-identify.be\/de\/produkt\/selbstlaminierte-drahtumwicklungen-25mm\/#primaryimage"},"thumbnailUrl":"https:\/\/d-identify.be\/wp-content\/uploads\/2021\/09\/L13125-100308.png","datePublished":"2021-09-07T14:36:47+00:00","dateModified":"2024-05-28T15:00:33+00:00","description":"Organisieren Sie Dr\u00e4hte und Kabel m\u00fchelos und bieten Sie mit den selbstlaminierten Drahtumwicklungen 25mm zus\u00e4tzlichen Schutz f\u00fcr Etiketten. Das \u00dcberwickelungsdesign sch\u00fctzt...","breadcrumb":{"@id":"https:\/\/d-identify.be\/de\/produkt\/selbstlaminierte-drahtumwicklungen-25mm\/#breadcrumb"},"inLanguage":"de","potentialAction":[{"@type":"ReadAction","target":["https:\/\/d-identify.be\/de\/produkt\/selbstlaminierte-drahtumwicklungen-25mm\/"]}]},{"@type":"ImageObject","inLanguage":"de","@id":"https:\/\/d-identify.be\/de\/produkt\/selbstlaminierte-drahtumwicklungen-25mm\/#primaryimage","url":"https:\/\/d-identify.be\/wp-content\/uploads\/2021\/09\/L13125-100308.png","contentUrl":"https:\/\/d-identify.be\/wp-content\/uploads\/2021\/09\/L13125-100308.png","width":1000,"height":1000,"caption":"Selbstlaminierte Drahtumwicklungen 25mm"},{"@type":"BreadcrumbList","@id":"https:\/\/d-identify.be\/de\/produkt\/selbstlaminierte-drahtumwicklungen-25mm\/#breadcrumb","itemListElement":[{"@type":"ListItem","position":1,"name":"Home","item":"https:\/\/d-identify.be\/de\/home-2\/"},{"@type":"ListItem","position":2,"name":"Shop","item":"https:\/\/d-identify.be\/shop-2\/"},{"@type":"ListItem","position":3,"name":"Selbstlaminierte Drahtumwicklungen 25mm"}]},{"@type":"WebSite","@id":"https:\/\/d-identify.be\/de\/#website","url":"https:\/\/d-identify.be\/de\/","name":"d-identify","description":"Industrial identification - Lockout - Tagout - Floor marking","potentialAction":[{"@type":"SearchAction","target":{"@type":"EntryPoint","urlTemplate":"https:\/\/d-identify.be\/de\/?s={search_term_string}"},"query-input":{"@type":"PropertyValueSpecification","valueRequired":true,"valueName":"search_term_string"}}],"inLanguage":"de"}]}},"_links":{"self":[{"href":"https:\/\/d-identify.be\/de\/wp-json\/wp\/v2\/product\/19119","targetHints":{"allow":["GET"]}}],"collection":[{"href":"https:\/\/d-identify.be\/de\/wp-json\/wp\/v2\/product"}],"about":[{"href":"https:\/\/d-identify.be\/de\/wp-json\/wp\/v2\/types\/product"}],"replies":[{"embeddable":true,"href":"https:\/\/d-identify.be\/de\/wp-json\/wp\/v2\/comments?post=19119"}],"wp:featuredmedia":[{"embeddable":true,"href":"https:\/\/d-identify.be\/de\/wp-json\/wp\/v2\/media\/19120"}],"wp:attachment":[{"href":"https:\/\/d-identify.be\/de\/wp-json\/wp\/v2\/media?parent=19119"}],"wp:term":[{"taxonomy":"product_brand","embeddable":true,"href":"https:\/\/d-identify.be\/de\/wp-json\/wp\/v2\/product_brand?post=19119"},{"taxonomy":"product_cat","embeddable":true,"href":"https:\/\/d-identify.be\/de\/wp-json\/wp\/v2\/product_cat?post=19119"},{"taxonomy":"product_tag","embeddable":true,"href":"https:\/\/d-identify.be\/de\/wp-json\/wp\/v2\/product_tag?post=19119"},{"taxonomy":"pa_connextion-shapes","embeddable":true,"href":"https:\/\/d-identify.be\/de\/wp-json\/wp\/v2\/pa_connextion-shapes?post=19119"}],"curies":[{"name":"wp","href":"https:\/\/api.w.org\/{rel}","templated":true}]}}