{"id":19055,"date":"2021-09-07T19:12:10","date_gmt":"2021-09-07T17:12:10","guid":{"rendered":"https:\/\/d-identify.be\/product\/schrumpfschlauch-31\/"},"modified":"2024-05-28T16:59:09","modified_gmt":"2024-05-28T14:59:09","slug":"schrumpfschlauch-31","status":"publish","type":"product","link":"https:\/\/d-identify.be\/de\/produkt\/schrumpfschlauch-31\/","title":{"rendered":"Schrumpfschlauch 3:1"},"content":{"rendered":"<ul>\n<li><strong>Konform:<\/strong> Das Material ist strapazierf\u00e4hig und flammenhemmend, um den Anforderungen von UL, CSA und MIL-STD-202F zu entsprechen. Wir empfehlen, dieses Material mit unserem Schrumpfschlauchband f\u00fcr die beste Leistung zu kombinieren. <\/li>\n<li><strong>Verschiedene Gr\u00f6\u00dfen und Farben:<\/strong> Codieren Sie einzelne oder mehrere Str\u00e4nge von Dr\u00e4hten und Kabeln aller Gr\u00f6\u00dfen mit verschiedenen Farben, um Organisation und Effizienz zu verbessern.<\/li>\n<li><strong>3:1 Schrumpfverh\u00e4ltnis:<\/strong> F\u00fcr die beste Passform empfehlen wir, eine Gr\u00f6\u00dfe zu w\u00e4hlen, die bis zu dreimal breiter ist als Ihre Dr\u00e4hte oder Kabel.<\/li>\n<\/ul>\n","protected":false},"excerpt":{"rendered":"<p>Schrumpfschlauch eignet sich perfekt zum Organisieren von Dr\u00e4hten und Kabeln. Drucken Sie individuelle Nachrichten auf das Material, passen Sie es \u00fcber den Draht oder das Kabel an und verwenden Sie dann eine W\u00e4rmequelle, um es zu schrumpfen und zu installieren. Das \u00e4u\u00dferst flexible Polyolefin l\u00e4sst sich biegen und verdrehen, um den Beschriftungstext intakt und lesbar zu halten.  <\/p>\n","protected":false},"featured_media":19056,"comment_status":"open","ping_status":"closed","template":"","meta":{"_acf_changed":false,"_et_pb_use_builder":"","_et_pb_old_content":"","_et_gb_content_width":""},"product_brand":[],"product_cat":[590],"product_tag":[930],"pa_connextion-shapes":[],"class_list":{"0":"post-19055","1":"product","2":"type-product","3":"status-publish","4":"has-post-thumbnail","6":"product_cat-lobo-verbrauchsmaterialien","7":"product_tag-duralabel-de","9":"first","10":"instock","11":"taxable","12":"shipping-taxable","13":"purchasable","14":"product-type-variable","15":"has-default-attributes"},"exclude_global_add_ons":[],"addons":[],"acf":[],"yoast_head":"<!-- This site is optimized with the Yoast SEO Premium plugin v27.0 (Yoast SEO v27.1) - https:\/\/yoast.com\/product\/yoast-seo-premium-wordpress\/ -->\n<title>Schrumpfschlauch 3:1<\/title>\n<meta name=\"description\" content=\"Schrumpfschlauch 3:1 eignet sich perfekt zum Organisieren von Dr\u00e4hten und Kabeln. Drucken Sie individuelle Nachrichten auf das Material und passen Sie es \u00fcber den Draht oder das Kabel an, ...\" \/>\n<meta name=\"robots\" content=\"index, follow, max-snippet:-1, max-image-preview:large, max-video-preview:-1\" \/>\n<link rel=\"canonical\" href=\"https:\/\/d-identify.be\/de\/produkt\/schrumpfschlauch-31\/\" \/>\n<meta property=\"og:locale\" content=\"de_DE\" \/>\n<meta property=\"og:type\" content=\"article\" \/>\n<meta property=\"og:title\" content=\"Schrumpfschlauch 3:1\" \/>\n<meta property=\"og:description\" content=\"Schrumpfschlauch 3:1 eignet sich perfekt zum Organisieren von Dr\u00e4hten und Kabeln. Drucken Sie individuelle Nachrichten auf das Material und passen Sie es \u00fcber den Draht oder das Kabel an, ...\" \/>\n<meta property=\"og:url\" content=\"https:\/\/d-identify.be\/de\/produkt\/schrumpfschlauch-31\/\" \/>\n<meta property=\"og:site_name\" content=\"d-identify\" \/>\n<meta property=\"article:modified_time\" content=\"2024-05-28T14:59:09+00:00\" \/>\n<meta property=\"og:image\" content=\"https:\/\/d-identify.be\/wp-content\/uploads\/2021\/09\/L075-100501.png\" \/>\n\t<meta property=\"og:image:width\" content=\"1000\" \/>\n\t<meta property=\"og:image:height\" content=\"1000\" \/>\n\t<meta property=\"og:image:type\" content=\"image\/png\" \/>\n<meta name=\"twitter:card\" content=\"summary_large_image\" \/>\n<script type=\"application\/ld+json\" class=\"yoast-schema-graph\">{\"@context\":\"https:\/\/schema.org\",\"@graph\":[{\"@type\":\"WebPage\",\"@id\":\"https:\/\/d-identify.be\/de\/produkt\/schrumpfschlauch-31\/\",\"url\":\"https:\/\/d-identify.be\/de\/produkt\/schrumpfschlauch-31\/\",\"name\":\"Schrumpfschlauch 3:1\",\"isPartOf\":{\"@id\":\"https:\/\/d-identify.be\/de\/#website\"},\"primaryImageOfPage\":{\"@id\":\"https:\/\/d-identify.be\/de\/produkt\/schrumpfschlauch-31\/#primaryimage\"},\"image\":{\"@id\":\"https:\/\/d-identify.be\/de\/produkt\/schrumpfschlauch-31\/#primaryimage\"},\"thumbnailUrl\":\"https:\/\/d-identify.be\/wp-content\/uploads\/2021\/09\/L075-100501.png\",\"datePublished\":\"2021-09-07T17:12:10+00:00\",\"dateModified\":\"2024-05-28T14:59:09+00:00\",\"description\":\"Schrumpfschlauch 3:1 eignet sich perfekt zum Organisieren von Dr\u00e4hten und Kabeln. Drucken Sie individuelle Nachrichten auf das Material und passen Sie es \u00fcber den Draht oder das Kabel an, ...\",\"breadcrumb\":{\"@id\":\"https:\/\/d-identify.be\/de\/produkt\/schrumpfschlauch-31\/#breadcrumb\"},\"inLanguage\":\"de\",\"potentialAction\":[{\"@type\":\"ReadAction\",\"target\":[\"https:\/\/d-identify.be\/de\/produkt\/schrumpfschlauch-31\/\"]}]},{\"@type\":\"ImageObject\",\"inLanguage\":\"de\",\"@id\":\"https:\/\/d-identify.be\/de\/produkt\/schrumpfschlauch-31\/#primaryimage\",\"url\":\"https:\/\/d-identify.be\/wp-content\/uploads\/2021\/09\/L075-100501.png\",\"contentUrl\":\"https:\/\/d-identify.be\/wp-content\/uploads\/2021\/09\/L075-100501.png\",\"width\":1000,\"height\":1000,\"caption\":\"shrink tubing 3:1\"},{\"@type\":\"BreadcrumbList\",\"@id\":\"https:\/\/d-identify.be\/de\/produkt\/schrumpfschlauch-31\/#breadcrumb\",\"itemListElement\":[{\"@type\":\"ListItem\",\"position\":1,\"name\":\"Home\",\"item\":\"https:\/\/d-identify.be\/de\/home-2\/\"},{\"@type\":\"ListItem\",\"position\":2,\"name\":\"Shop\",\"item\":\"https:\/\/d-identify.be\/shop-2\/\"},{\"@type\":\"ListItem\",\"position\":3,\"name\":\"Schrumpfschlauch 3:1\"}]},{\"@type\":\"WebSite\",\"@id\":\"https:\/\/d-identify.be\/de\/#website\",\"url\":\"https:\/\/d-identify.be\/de\/\",\"name\":\"d-identify\",\"description\":\"Industrial identification - Lockout - Tagout - Floor marking\",\"potentialAction\":[{\"@type\":\"SearchAction\",\"target\":{\"@type\":\"EntryPoint\",\"urlTemplate\":\"https:\/\/d-identify.be\/de\/?s={search_term_string}\"},\"query-input\":{\"@type\":\"PropertyValueSpecification\",\"valueRequired\":true,\"valueName\":\"search_term_string\"}}],\"inLanguage\":\"de\"}]}<\/script>\n<!-- \/ Yoast SEO Premium plugin. -->","yoast_head_json":{"title":"Schrumpfschlauch 3:1","description":"Schrumpfschlauch 3:1 eignet sich perfekt zum Organisieren von Dr\u00e4hten und Kabeln. Drucken Sie individuelle Nachrichten auf das Material und passen Sie es \u00fcber den Draht oder das Kabel an, ...","robots":{"index":"index","follow":"follow","max-snippet":"max-snippet:-1","max-image-preview":"max-image-preview:large","max-video-preview":"max-video-preview:-1"},"canonical":"https:\/\/d-identify.be\/de\/produkt\/schrumpfschlauch-31\/","og_locale":"de_DE","og_type":"article","og_title":"Schrumpfschlauch 3:1","og_description":"Schrumpfschlauch 3:1 eignet sich perfekt zum Organisieren von Dr\u00e4hten und Kabeln. Drucken Sie individuelle Nachrichten auf das Material und passen Sie es \u00fcber den Draht oder das Kabel an, ...","og_url":"https:\/\/d-identify.be\/de\/produkt\/schrumpfschlauch-31\/","og_site_name":"d-identify","article_modified_time":"2024-05-28T14:59:09+00:00","og_image":[{"width":1000,"height":1000,"url":"https:\/\/d-identify.be\/wp-content\/uploads\/2021\/09\/L075-100501.png","type":"image\/png"}],"twitter_card":"summary_large_image","schema":{"@context":"https:\/\/schema.org","@graph":[{"@type":"WebPage","@id":"https:\/\/d-identify.be\/de\/produkt\/schrumpfschlauch-31\/","url":"https:\/\/d-identify.be\/de\/produkt\/schrumpfschlauch-31\/","name":"Schrumpfschlauch 3:1","isPartOf":{"@id":"https:\/\/d-identify.be\/de\/#website"},"primaryImageOfPage":{"@id":"https:\/\/d-identify.be\/de\/produkt\/schrumpfschlauch-31\/#primaryimage"},"image":{"@id":"https:\/\/d-identify.be\/de\/produkt\/schrumpfschlauch-31\/#primaryimage"},"thumbnailUrl":"https:\/\/d-identify.be\/wp-content\/uploads\/2021\/09\/L075-100501.png","datePublished":"2021-09-07T17:12:10+00:00","dateModified":"2024-05-28T14:59:09+00:00","description":"Schrumpfschlauch 3:1 eignet sich perfekt zum Organisieren von Dr\u00e4hten und Kabeln. Drucken Sie individuelle Nachrichten auf das Material und passen Sie es \u00fcber den Draht oder das Kabel an, ...","breadcrumb":{"@id":"https:\/\/d-identify.be\/de\/produkt\/schrumpfschlauch-31\/#breadcrumb"},"inLanguage":"de","potentialAction":[{"@type":"ReadAction","target":["https:\/\/d-identify.be\/de\/produkt\/schrumpfschlauch-31\/"]}]},{"@type":"ImageObject","inLanguage":"de","@id":"https:\/\/d-identify.be\/de\/produkt\/schrumpfschlauch-31\/#primaryimage","url":"https:\/\/d-identify.be\/wp-content\/uploads\/2021\/09\/L075-100501.png","contentUrl":"https:\/\/d-identify.be\/wp-content\/uploads\/2021\/09\/L075-100501.png","width":1000,"height":1000,"caption":"shrink tubing 3:1"},{"@type":"BreadcrumbList","@id":"https:\/\/d-identify.be\/de\/produkt\/schrumpfschlauch-31\/#breadcrumb","itemListElement":[{"@type":"ListItem","position":1,"name":"Home","item":"https:\/\/d-identify.be\/de\/home-2\/"},{"@type":"ListItem","position":2,"name":"Shop","item":"https:\/\/d-identify.be\/shop-2\/"},{"@type":"ListItem","position":3,"name":"Schrumpfschlauch 3:1"}]},{"@type":"WebSite","@id":"https:\/\/d-identify.be\/de\/#website","url":"https:\/\/d-identify.be\/de\/","name":"d-identify","description":"Industrial identification - Lockout - Tagout - Floor marking","potentialAction":[{"@type":"SearchAction","target":{"@type":"EntryPoint","urlTemplate":"https:\/\/d-identify.be\/de\/?s={search_term_string}"},"query-input":{"@type":"PropertyValueSpecification","valueRequired":true,"valueName":"search_term_string"}}],"inLanguage":"de"}]}},"_links":{"self":[{"href":"https:\/\/d-identify.be\/de\/wp-json\/wp\/v2\/product\/19055","targetHints":{"allow":["GET"]}}],"collection":[{"href":"https:\/\/d-identify.be\/de\/wp-json\/wp\/v2\/product"}],"about":[{"href":"https:\/\/d-identify.be\/de\/wp-json\/wp\/v2\/types\/product"}],"replies":[{"embeddable":true,"href":"https:\/\/d-identify.be\/de\/wp-json\/wp\/v2\/comments?post=19055"}],"wp:featuredmedia":[{"embeddable":true,"href":"https:\/\/d-identify.be\/de\/wp-json\/wp\/v2\/media\/19056"}],"wp:attachment":[{"href":"https:\/\/d-identify.be\/de\/wp-json\/wp\/v2\/media?parent=19055"}],"wp:term":[{"taxonomy":"product_brand","embeddable":true,"href":"https:\/\/d-identify.be\/de\/wp-json\/wp\/v2\/product_brand?post=19055"},{"taxonomy":"product_cat","embeddable":true,"href":"https:\/\/d-identify.be\/de\/wp-json\/wp\/v2\/product_cat?post=19055"},{"taxonomy":"product_tag","embeddable":true,"href":"https:\/\/d-identify.be\/de\/wp-json\/wp\/v2\/product_tag?post=19055"},{"taxonomy":"pa_connextion-shapes","embeddable":true,"href":"https:\/\/d-identify.be\/de\/wp-json\/wp\/v2\/pa_connextion-shapes?post=19055"}],"curies":[{"name":"wp","href":"https:\/\/api.w.org\/{rel}","templated":true}]}}