{"id":18965,"date":"2022-09-14T10:35:22","date_gmt":"2022-09-14T08:35:22","guid":{"rendered":"https:\/\/d-identify.be\/product\/bs-5609-marine-label-tape-2\/"},"modified":"2022-09-14T10:35:22","modified_gmt":"2022-09-14T08:35:22","slug":"bs-5609-marine-label-tape-2","status":"publish","type":"product","link":"https:\/\/d-identify.be\/de\/produkt\/bs-5609-marine-label-tape-2\/","title":{"rendered":"BS 5609 Marine Label Tape"},"content":{"rendered":"<ul>\n<li><strong>Speziell entwickelt:<\/strong> Das Produkt ist so konstruiert, dass es Sch\u00e4den durch extremen Salzwasserspr\u00fchnebel, UV-Licht und Abrieb widersteht.<\/li>\n<li><strong>Lab getestet:<\/strong> Das Produkt wurde von einer unabh\u00e4ngigen Beratungsgruppe getestet, um sicherzustellen, dass es den Anforderungen von BS 5609 Abschnitt 3 entspricht.<\/li>\n<li><strong>F\u00fcr den Innen- und Au\u00dfenbereich geeignet:<\/strong> Das Produkt bleibt bei einer Vielzahl von Temperaturen drinnen und drau\u00dfen intakt.<\/li>\n<\/ul>\n","protected":false},"excerpt":{"rendered":"<p>Kennzeichnen Sie problemlos Bereiche und Gegenst\u00e4nde, die mit Salzwasser in Kontakt kommen. Diese Versorgung ist von einem national anerkannten unabh\u00e4ngigen Pr\u00fcflabor f\u00fcr maritime Exposition zertifiziert, um eine zuverl\u00e4ssige Kennzeichnung unter extremsten Bedingungen sicherzustellen. Sie eignet sich ideal f\u00fcr die Kennzeichnung auf Hochseeschiffen, in Werften und in der N\u00e4he von Docks und H\u00e4fen.  <\/p>\n","protected":false},"featured_media":18966,"comment_status":"open","ping_status":"closed","template":"","meta":{"_acf_changed":false,"_et_pb_use_builder":"","_et_pb_old_content":"","_et_gb_content_width":""},"product_brand":[],"product_cat":[534],"product_tag":[930],"pa_connextion-shapes":[],"class_list":{"0":"post-18965","1":"product","2":"type-product","3":"status-publish","4":"has-post-thumbnail","6":"product_cat-kodiak-max-verbrauchsmaterialien","7":"product_tag-duralabel-de","9":"first","10":"instock","11":"taxable","12":"shipping-taxable","13":"purchasable","14":"product-type-variable","15":"has-default-attributes"},"exclude_global_add_ons":[],"addons":[],"acf":[],"yoast_head":"<!-- This site is optimized with the Yoast SEO Premium plugin v27.0 (Yoast SEO v27.1) - https:\/\/yoast.com\/product\/yoast-seo-premium-wordpress\/ -->\n<title>BS 5609 Marine Label Tape<\/title>\n<meta name=\"description\" content=\"Beschriften Sie problemlos Bereiche und Gegenst\u00e4nde, die mit Salzwasser in Kontakt kommen. Dieses Material ist von national anerkannten unabh\u00e4ngigen Pr\u00fcfstellen zertifiziert...\" \/>\n<meta name=\"robots\" content=\"index, follow, max-snippet:-1, max-image-preview:large, max-video-preview:-1\" \/>\n<link rel=\"canonical\" href=\"https:\/\/d-identify.be\/de\/produkt\/bs-5609-marine-label-tape-2\/\" \/>\n<meta property=\"og:locale\" content=\"de_DE\" \/>\n<meta property=\"og:type\" content=\"article\" \/>\n<meta property=\"og:title\" content=\"BS 5609 Marine Label Tape\" \/>\n<meta property=\"og:description\" content=\"Beschriften Sie problemlos Bereiche und Gegenst\u00e4nde, die mit Salzwasser in Kontakt kommen. Dieses Material ist von national anerkannten unabh\u00e4ngigen Pr\u00fcfstellen zertifiziert...\" \/>\n<meta property=\"og:url\" content=\"https:\/\/d-identify.be\/de\/produkt\/bs-5609-marine-label-tape-2\/\" \/>\n<meta property=\"og:site_name\" content=\"d-identify\" \/>\n<meta property=\"og:image\" content=\"https:\/\/d-identify.be\/wp-content\/uploads\/2022\/09\/K6-2001M.png\" \/>\n\t<meta property=\"og:image:width\" content=\"400\" \/>\n\t<meta property=\"og:image:height\" content=\"400\" \/>\n\t<meta property=\"og:image:type\" content=\"image\/png\" \/>\n<meta name=\"twitter:card\" content=\"summary_large_image\" \/>\n<script type=\"application\/ld+json\" class=\"yoast-schema-graph\">{\"@context\":\"https:\/\/schema.org\",\"@graph\":[{\"@type\":\"WebPage\",\"@id\":\"https:\/\/d-identify.be\/de\/produkt\/bs-5609-marine-label-tape-2\/\",\"url\":\"https:\/\/d-identify.be\/de\/produkt\/bs-5609-marine-label-tape-2\/\",\"name\":\"BS 5609 Marine Label Tape\",\"isPartOf\":{\"@id\":\"https:\/\/d-identify.be\/de\/#website\"},\"primaryImageOfPage\":{\"@id\":\"https:\/\/d-identify.be\/de\/produkt\/bs-5609-marine-label-tape-2\/#primaryimage\"},\"image\":{\"@id\":\"https:\/\/d-identify.be\/de\/produkt\/bs-5609-marine-label-tape-2\/#primaryimage\"},\"thumbnailUrl\":\"https:\/\/d-identify.be\/wp-content\/uploads\/2022\/09\/K6-2001M.png\",\"datePublished\":\"2022-09-14T08:35:22+00:00\",\"description\":\"Beschriften Sie problemlos Bereiche und Gegenst\u00e4nde, die mit Salzwasser in Kontakt kommen. Dieses Material ist von national anerkannten unabh\u00e4ngigen Pr\u00fcfstellen zertifiziert...\",\"breadcrumb\":{\"@id\":\"https:\/\/d-identify.be\/de\/produkt\/bs-5609-marine-label-tape-2\/#breadcrumb\"},\"inLanguage\":\"de\",\"potentialAction\":[{\"@type\":\"ReadAction\",\"target\":[\"https:\/\/d-identify.be\/de\/produkt\/bs-5609-marine-label-tape-2\/\"]}]},{\"@type\":\"ImageObject\",\"inLanguage\":\"de\",\"@id\":\"https:\/\/d-identify.be\/de\/produkt\/bs-5609-marine-label-tape-2\/#primaryimage\",\"url\":\"https:\/\/d-identify.be\/wp-content\/uploads\/2022\/09\/K6-2001M.png\",\"contentUrl\":\"https:\/\/d-identify.be\/wp-content\/uploads\/2022\/09\/K6-2001M.png\",\"width\":400,\"height\":400},{\"@type\":\"BreadcrumbList\",\"@id\":\"https:\/\/d-identify.be\/de\/produkt\/bs-5609-marine-label-tape-2\/#breadcrumb\",\"itemListElement\":[{\"@type\":\"ListItem\",\"position\":1,\"name\":\"Home\",\"item\":\"https:\/\/d-identify.be\/de\/home-2\/\"},{\"@type\":\"ListItem\",\"position\":2,\"name\":\"Shop\",\"item\":\"https:\/\/d-identify.be\/shop-2\/\"},{\"@type\":\"ListItem\",\"position\":3,\"name\":\"BS 5609 Marine Label Tape\"}]},{\"@type\":\"WebSite\",\"@id\":\"https:\/\/d-identify.be\/de\/#website\",\"url\":\"https:\/\/d-identify.be\/de\/\",\"name\":\"d-identify\",\"description\":\"Industrial identification - Lockout - Tagout - Floor marking\",\"potentialAction\":[{\"@type\":\"SearchAction\",\"target\":{\"@type\":\"EntryPoint\",\"urlTemplate\":\"https:\/\/d-identify.be\/de\/?s={search_term_string}\"},\"query-input\":{\"@type\":\"PropertyValueSpecification\",\"valueRequired\":true,\"valueName\":\"search_term_string\"}}],\"inLanguage\":\"de\"}]}<\/script>\n<!-- \/ Yoast SEO Premium plugin. -->","yoast_head_json":{"title":"BS 5609 Marine Label Tape","description":"Beschriften Sie problemlos Bereiche und Gegenst\u00e4nde, die mit Salzwasser in Kontakt kommen. Dieses Material ist von national anerkannten unabh\u00e4ngigen Pr\u00fcfstellen zertifiziert...","robots":{"index":"index","follow":"follow","max-snippet":"max-snippet:-1","max-image-preview":"max-image-preview:large","max-video-preview":"max-video-preview:-1"},"canonical":"https:\/\/d-identify.be\/de\/produkt\/bs-5609-marine-label-tape-2\/","og_locale":"de_DE","og_type":"article","og_title":"BS 5609 Marine Label Tape","og_description":"Beschriften Sie problemlos Bereiche und Gegenst\u00e4nde, die mit Salzwasser in Kontakt kommen. Dieses Material ist von national anerkannten unabh\u00e4ngigen Pr\u00fcfstellen zertifiziert...","og_url":"https:\/\/d-identify.be\/de\/produkt\/bs-5609-marine-label-tape-2\/","og_site_name":"d-identify","og_image":[{"width":400,"height":400,"url":"https:\/\/d-identify.be\/wp-content\/uploads\/2022\/09\/K6-2001M.png","type":"image\/png"}],"twitter_card":"summary_large_image","schema":{"@context":"https:\/\/schema.org","@graph":[{"@type":"WebPage","@id":"https:\/\/d-identify.be\/de\/produkt\/bs-5609-marine-label-tape-2\/","url":"https:\/\/d-identify.be\/de\/produkt\/bs-5609-marine-label-tape-2\/","name":"BS 5609 Marine Label Tape","isPartOf":{"@id":"https:\/\/d-identify.be\/de\/#website"},"primaryImageOfPage":{"@id":"https:\/\/d-identify.be\/de\/produkt\/bs-5609-marine-label-tape-2\/#primaryimage"},"image":{"@id":"https:\/\/d-identify.be\/de\/produkt\/bs-5609-marine-label-tape-2\/#primaryimage"},"thumbnailUrl":"https:\/\/d-identify.be\/wp-content\/uploads\/2022\/09\/K6-2001M.png","datePublished":"2022-09-14T08:35:22+00:00","description":"Beschriften Sie problemlos Bereiche und Gegenst\u00e4nde, die mit Salzwasser in Kontakt kommen. Dieses Material ist von national anerkannten unabh\u00e4ngigen Pr\u00fcfstellen zertifiziert...","breadcrumb":{"@id":"https:\/\/d-identify.be\/de\/produkt\/bs-5609-marine-label-tape-2\/#breadcrumb"},"inLanguage":"de","potentialAction":[{"@type":"ReadAction","target":["https:\/\/d-identify.be\/de\/produkt\/bs-5609-marine-label-tape-2\/"]}]},{"@type":"ImageObject","inLanguage":"de","@id":"https:\/\/d-identify.be\/de\/produkt\/bs-5609-marine-label-tape-2\/#primaryimage","url":"https:\/\/d-identify.be\/wp-content\/uploads\/2022\/09\/K6-2001M.png","contentUrl":"https:\/\/d-identify.be\/wp-content\/uploads\/2022\/09\/K6-2001M.png","width":400,"height":400},{"@type":"BreadcrumbList","@id":"https:\/\/d-identify.be\/de\/produkt\/bs-5609-marine-label-tape-2\/#breadcrumb","itemListElement":[{"@type":"ListItem","position":1,"name":"Home","item":"https:\/\/d-identify.be\/de\/home-2\/"},{"@type":"ListItem","position":2,"name":"Shop","item":"https:\/\/d-identify.be\/shop-2\/"},{"@type":"ListItem","position":3,"name":"BS 5609 Marine Label Tape"}]},{"@type":"WebSite","@id":"https:\/\/d-identify.be\/de\/#website","url":"https:\/\/d-identify.be\/de\/","name":"d-identify","description":"Industrial identification - Lockout - Tagout - Floor marking","potentialAction":[{"@type":"SearchAction","target":{"@type":"EntryPoint","urlTemplate":"https:\/\/d-identify.be\/de\/?s={search_term_string}"},"query-input":{"@type":"PropertyValueSpecification","valueRequired":true,"valueName":"search_term_string"}}],"inLanguage":"de"}]}},"_links":{"self":[{"href":"https:\/\/d-identify.be\/de\/wp-json\/wp\/v2\/product\/18965","targetHints":{"allow":["GET"]}}],"collection":[{"href":"https:\/\/d-identify.be\/de\/wp-json\/wp\/v2\/product"}],"about":[{"href":"https:\/\/d-identify.be\/de\/wp-json\/wp\/v2\/types\/product"}],"replies":[{"embeddable":true,"href":"https:\/\/d-identify.be\/de\/wp-json\/wp\/v2\/comments?post=18965"}],"wp:featuredmedia":[{"embeddable":true,"href":"https:\/\/d-identify.be\/de\/wp-json\/wp\/v2\/media\/18966"}],"wp:attachment":[{"href":"https:\/\/d-identify.be\/de\/wp-json\/wp\/v2\/media?parent=18965"}],"wp:term":[{"taxonomy":"product_brand","embeddable":true,"href":"https:\/\/d-identify.be\/de\/wp-json\/wp\/v2\/product_brand?post=18965"},{"taxonomy":"product_cat","embeddable":true,"href":"https:\/\/d-identify.be\/de\/wp-json\/wp\/v2\/product_cat?post=18965"},{"taxonomy":"product_tag","embeddable":true,"href":"https:\/\/d-identify.be\/de\/wp-json\/wp\/v2\/product_tag?post=18965"},{"taxonomy":"pa_connextion-shapes","embeddable":true,"href":"https:\/\/d-identify.be\/de\/wp-json\/wp\/v2\/pa_connextion-shapes?post=18965"}],"curies":[{"name":"wp","href":"https:\/\/api.w.org\/{rel}","templated":true}]}}