{"id":18944,"date":"2022-09-14T11:18:28","date_gmt":"2022-09-14T09:18:28","guid":{"rendered":"https:\/\/d-identify.be\/product\/duralabel-toro-max-soft-case-2\/"},"modified":"2025-06-12T14:09:20","modified_gmt":"2025-06-12T12:09:20","slug":"duralabel-toro-max-soft-case-2","status":"publish","type":"product","link":"https:\/\/d-identify.be\/de\/produkt\/duralabel-toro-max-soft-case-2\/","title":{"rendered":"DuraLabel Toro Max Soft Case"},"content":{"rendered":"<ul>\n<li><strong>Weiche Au\u00dfenschale:<\/strong> Die weiche Schicht sch\u00fctzt Ihren Drucker vor Staub und anderen Einfl\u00fcssen.<\/li>\n<li><strong>Au\u00dfentaschen:<\/strong> Nutzen Sie zus\u00e4tzlichen Stauraum f\u00fcr Verbrauchsmaterialien und Zubeh\u00f6r.<\/li>\n<\/ul>\n","protected":false},"excerpt":{"rendered":"<p>In dieser Softtasche k\u00f6nnen Sie Ihren Toro Max sicher und einfach \u00fcberallhin mitnehmen. Sie hat eine weiche Au\u00dfenh\u00fclle, die Ihren Drucker beim Transport am Arbeitsplatz oder auf anderen Baustellen vor Staub und anderen Einfl\u00fcssen sch\u00fctzt. <\/p>\n","protected":false},"featured_media":18945,"comment_status":"open","ping_status":"closed","template":"","meta":{"_acf_changed":false,"_et_pb_use_builder":"","_et_pb_old_content":"","_et_gb_content_width":""},"product_brand":[],"product_cat":[2612],"product_tag":[930],"pa_connextion-shapes":[],"class_list":{"0":"post-18944","1":"product","2":"type-product","3":"status-publish","4":"has-post-thumbnail","6":"product_cat-duralabel-toro-bronco-verbrauchsmaterial","7":"product_tag-duralabel-de","9":"first","10":"instock","11":"taxable","12":"shipping-taxable","13":"purchasable","14":"product-type-simple"},"exclude_global_add_ons":[],"addons":[],"acf":[],"yoast_head":"<!-- This site is optimized with the Yoast SEO Premium plugin v27.0 (Yoast SEO v27.1) - https:\/\/yoast.com\/product\/yoast-seo-premium-wordpress\/ -->\n<title>DuraLabel Toro Max Soft Case - d-identify<\/title>\n<meta name=\"description\" content=\"In dieser Softtasche k\u00f6nnen Sie Ihren Toro Max sicher und einfach \u00fcberallhin mitnehmen. Sie hat eine weiche Au\u00dfenh\u00fclle, die Ihren Drucker vor Staub und anderen...\" \/>\n<meta name=\"robots\" content=\"index, follow, max-snippet:-1, max-image-preview:large, max-video-preview:-1\" \/>\n<link rel=\"canonical\" href=\"https:\/\/d-identify.be\/de\/produkt\/duralabel-toro-max-soft-case-2\/\" \/>\n<meta property=\"og:locale\" content=\"de_DE\" \/>\n<meta property=\"og:type\" content=\"article\" \/>\n<meta property=\"og:title\" content=\"DuraLabel Toro Max Soft Case\" \/>\n<meta property=\"og:description\" content=\"In dieser Softtasche k\u00f6nnen Sie Ihren Toro Max sicher und einfach \u00fcberallhin mitnehmen. Sie hat eine weiche Au\u00dfenh\u00fclle, die Ihren Drucker vor Staub und anderen...\" \/>\n<meta property=\"og:url\" content=\"https:\/\/d-identify.be\/de\/produkt\/duralabel-toro-max-soft-case-2\/\" \/>\n<meta property=\"og:site_name\" content=\"d-identify\" \/>\n<meta property=\"article:modified_time\" content=\"2025-06-12T12:09:20+00:00\" \/>\n<meta property=\"og:image\" content=\"https:\/\/d-identify.be\/wp-content\/uploads\/2022\/09\/DLT-SOFTCASE.png\" \/>\n\t<meta property=\"og:image:width\" content=\"1000\" \/>\n\t<meta property=\"og:image:height\" content=\"1000\" \/>\n\t<meta property=\"og:image:type\" content=\"image\/png\" \/>\n<meta name=\"twitter:card\" content=\"summary_large_image\" \/>\n<script type=\"application\/ld+json\" class=\"yoast-schema-graph\">{\"@context\":\"https:\/\/schema.org\",\"@graph\":[{\"@type\":\"WebPage\",\"@id\":\"https:\/\/d-identify.be\/de\/produkt\/duralabel-toro-max-soft-case-2\/\",\"url\":\"https:\/\/d-identify.be\/de\/produkt\/duralabel-toro-max-soft-case-2\/\",\"name\":\"DuraLabel Toro Max Soft Case - d-identify\",\"isPartOf\":{\"@id\":\"https:\/\/d-identify.be\/de\/#website\"},\"primaryImageOfPage\":{\"@id\":\"https:\/\/d-identify.be\/de\/produkt\/duralabel-toro-max-soft-case-2\/#primaryimage\"},\"image\":{\"@id\":\"https:\/\/d-identify.be\/de\/produkt\/duralabel-toro-max-soft-case-2\/#primaryimage\"},\"thumbnailUrl\":\"https:\/\/d-identify.be\/wp-content\/uploads\/2022\/09\/DLT-SOFTCASE.png\",\"datePublished\":\"2022-09-14T09:18:28+00:00\",\"dateModified\":\"2025-06-12T12:09:20+00:00\",\"description\":\"In dieser Softtasche k\u00f6nnen Sie Ihren Toro Max sicher und einfach \u00fcberallhin mitnehmen. Sie hat eine weiche Au\u00dfenh\u00fclle, die Ihren Drucker vor Staub und anderen...\",\"breadcrumb\":{\"@id\":\"https:\/\/d-identify.be\/de\/produkt\/duralabel-toro-max-soft-case-2\/#breadcrumb\"},\"inLanguage\":\"de\",\"potentialAction\":[{\"@type\":\"ReadAction\",\"target\":[\"https:\/\/d-identify.be\/de\/produkt\/duralabel-toro-max-soft-case-2\/\"]}]},{\"@type\":\"ImageObject\",\"inLanguage\":\"de\",\"@id\":\"https:\/\/d-identify.be\/de\/produkt\/duralabel-toro-max-soft-case-2\/#primaryimage\",\"url\":\"https:\/\/d-identify.be\/wp-content\/uploads\/2022\/09\/DLT-SOFTCASE.png\",\"contentUrl\":\"https:\/\/d-identify.be\/wp-content\/uploads\/2022\/09\/DLT-SOFTCASE.png\",\"width\":1000,\"height\":1000,\"caption\":\"toro max softcase\"},{\"@type\":\"BreadcrumbList\",\"@id\":\"https:\/\/d-identify.be\/de\/produkt\/duralabel-toro-max-soft-case-2\/#breadcrumb\",\"itemListElement\":[{\"@type\":\"ListItem\",\"position\":1,\"name\":\"Home\",\"item\":\"https:\/\/d-identify.be\/de\/home-2\/\"},{\"@type\":\"ListItem\",\"position\":2,\"name\":\"Shop\",\"item\":\"https:\/\/d-identify.be\/shop-2\/\"},{\"@type\":\"ListItem\",\"position\":3,\"name\":\"DuraLabel Toro Max Soft Case\"}]},{\"@type\":\"WebSite\",\"@id\":\"https:\/\/d-identify.be\/de\/#website\",\"url\":\"https:\/\/d-identify.be\/de\/\",\"name\":\"d-identify\",\"description\":\"Industrial identification - Lockout - Tagout - Floor marking\",\"potentialAction\":[{\"@type\":\"SearchAction\",\"target\":{\"@type\":\"EntryPoint\",\"urlTemplate\":\"https:\/\/d-identify.be\/de\/?s={search_term_string}\"},\"query-input\":{\"@type\":\"PropertyValueSpecification\",\"valueRequired\":true,\"valueName\":\"search_term_string\"}}],\"inLanguage\":\"de\"}]}<\/script>\n<!-- \/ Yoast SEO Premium plugin. -->","yoast_head_json":{"title":"DuraLabel Toro Max Soft Case - d-identify","description":"In dieser Softtasche k\u00f6nnen Sie Ihren Toro Max sicher und einfach \u00fcberallhin mitnehmen. Sie hat eine weiche Au\u00dfenh\u00fclle, die Ihren Drucker vor Staub und anderen...","robots":{"index":"index","follow":"follow","max-snippet":"max-snippet:-1","max-image-preview":"max-image-preview:large","max-video-preview":"max-video-preview:-1"},"canonical":"https:\/\/d-identify.be\/de\/produkt\/duralabel-toro-max-soft-case-2\/","og_locale":"de_DE","og_type":"article","og_title":"DuraLabel Toro Max Soft Case","og_description":"In dieser Softtasche k\u00f6nnen Sie Ihren Toro Max sicher und einfach \u00fcberallhin mitnehmen. Sie hat eine weiche Au\u00dfenh\u00fclle, die Ihren Drucker vor Staub und anderen...","og_url":"https:\/\/d-identify.be\/de\/produkt\/duralabel-toro-max-soft-case-2\/","og_site_name":"d-identify","article_modified_time":"2025-06-12T12:09:20+00:00","og_image":[{"width":1000,"height":1000,"url":"https:\/\/d-identify.be\/wp-content\/uploads\/2022\/09\/DLT-SOFTCASE.png","type":"image\/png"}],"twitter_card":"summary_large_image","schema":{"@context":"https:\/\/schema.org","@graph":[{"@type":"WebPage","@id":"https:\/\/d-identify.be\/de\/produkt\/duralabel-toro-max-soft-case-2\/","url":"https:\/\/d-identify.be\/de\/produkt\/duralabel-toro-max-soft-case-2\/","name":"DuraLabel Toro Max Soft Case - d-identify","isPartOf":{"@id":"https:\/\/d-identify.be\/de\/#website"},"primaryImageOfPage":{"@id":"https:\/\/d-identify.be\/de\/produkt\/duralabel-toro-max-soft-case-2\/#primaryimage"},"image":{"@id":"https:\/\/d-identify.be\/de\/produkt\/duralabel-toro-max-soft-case-2\/#primaryimage"},"thumbnailUrl":"https:\/\/d-identify.be\/wp-content\/uploads\/2022\/09\/DLT-SOFTCASE.png","datePublished":"2022-09-14T09:18:28+00:00","dateModified":"2025-06-12T12:09:20+00:00","description":"In dieser Softtasche k\u00f6nnen Sie Ihren Toro Max sicher und einfach \u00fcberallhin mitnehmen. Sie hat eine weiche Au\u00dfenh\u00fclle, die Ihren Drucker vor Staub und anderen...","breadcrumb":{"@id":"https:\/\/d-identify.be\/de\/produkt\/duralabel-toro-max-soft-case-2\/#breadcrumb"},"inLanguage":"de","potentialAction":[{"@type":"ReadAction","target":["https:\/\/d-identify.be\/de\/produkt\/duralabel-toro-max-soft-case-2\/"]}]},{"@type":"ImageObject","inLanguage":"de","@id":"https:\/\/d-identify.be\/de\/produkt\/duralabel-toro-max-soft-case-2\/#primaryimage","url":"https:\/\/d-identify.be\/wp-content\/uploads\/2022\/09\/DLT-SOFTCASE.png","contentUrl":"https:\/\/d-identify.be\/wp-content\/uploads\/2022\/09\/DLT-SOFTCASE.png","width":1000,"height":1000,"caption":"toro max softcase"},{"@type":"BreadcrumbList","@id":"https:\/\/d-identify.be\/de\/produkt\/duralabel-toro-max-soft-case-2\/#breadcrumb","itemListElement":[{"@type":"ListItem","position":1,"name":"Home","item":"https:\/\/d-identify.be\/de\/home-2\/"},{"@type":"ListItem","position":2,"name":"Shop","item":"https:\/\/d-identify.be\/shop-2\/"},{"@type":"ListItem","position":3,"name":"DuraLabel Toro Max Soft Case"}]},{"@type":"WebSite","@id":"https:\/\/d-identify.be\/de\/#website","url":"https:\/\/d-identify.be\/de\/","name":"d-identify","description":"Industrial identification - Lockout - Tagout - Floor marking","potentialAction":[{"@type":"SearchAction","target":{"@type":"EntryPoint","urlTemplate":"https:\/\/d-identify.be\/de\/?s={search_term_string}"},"query-input":{"@type":"PropertyValueSpecification","valueRequired":true,"valueName":"search_term_string"}}],"inLanguage":"de"}]}},"_links":{"self":[{"href":"https:\/\/d-identify.be\/de\/wp-json\/wp\/v2\/product\/18944","targetHints":{"allow":["GET"]}}],"collection":[{"href":"https:\/\/d-identify.be\/de\/wp-json\/wp\/v2\/product"}],"about":[{"href":"https:\/\/d-identify.be\/de\/wp-json\/wp\/v2\/types\/product"}],"replies":[{"embeddable":true,"href":"https:\/\/d-identify.be\/de\/wp-json\/wp\/v2\/comments?post=18944"}],"wp:featuredmedia":[{"embeddable":true,"href":"https:\/\/d-identify.be\/de\/wp-json\/wp\/v2\/media\/18945"}],"wp:attachment":[{"href":"https:\/\/d-identify.be\/de\/wp-json\/wp\/v2\/media?parent=18944"}],"wp:term":[{"taxonomy":"product_brand","embeddable":true,"href":"https:\/\/d-identify.be\/de\/wp-json\/wp\/v2\/product_brand?post=18944"},{"taxonomy":"product_cat","embeddable":true,"href":"https:\/\/d-identify.be\/de\/wp-json\/wp\/v2\/product_cat?post=18944"},{"taxonomy":"product_tag","embeddable":true,"href":"https:\/\/d-identify.be\/de\/wp-json\/wp\/v2\/product_tag?post=18944"},{"taxonomy":"pa_connextion-shapes","embeddable":true,"href":"https:\/\/d-identify.be\/de\/wp-json\/wp\/v2\/pa_connextion-shapes?post=18944"}],"curies":[{"name":"wp","href":"https:\/\/api.w.org\/{rel}","templated":true}]}}