{"id":18692,"date":"2021-07-26T12:38:30","date_gmt":"2021-07-26T10:38:30","guid":{"rendered":"https:\/\/d-identify.be\/product\/1107-sicherheits-vorhangeschloss-aus-eloxiertem-aluminium-38-mm-breit-mit-76-mm-langem-bugel\/"},"modified":"2024-05-26T19:09:10","modified_gmt":"2024-05-26T17:09:10","slug":"1107-sicherheits-vorhangeschloss-aus-eloxiertem-aluminium-38-mm-breit-mit-76-mm-langem-bugel","status":"publish","type":"product","link":"https:\/\/d-identify.be\/de\/produkt\/1107-sicherheits-vorhangeschloss-aus-eloxiertem-aluminium-38-mm-breit-mit-76-mm-langem-bugel\/","title":{"rendered":"1107 Sicherheits-Vorh\u00e4ngeschloss aus eloxiertem Aluminium, 38 mm breit mit 76 mm langem B\u00fcgel"},"content":{"rendered":"<h3>Das American Lock No. A1107 Aluminium-Vorh\u00e4ngeschloss verf\u00fcgt \u00fcber einen 1-1\/2-Zoll (38 mm) breiten eloxierten Aluminiumk\u00f6rper. Mit einem 3 Zoll (75 mm) hohen, 1\/4 Zoll (6 mm) Durchmesser verchromten, boronlegierten B\u00fcgel f\u00fcr eine \u00fcberlegene Schnittfestigkeit. Die eloxierte Oberfl\u00e4che macht das Vorh\u00e4ngeschloss geeignet f\u00fcr die Verriegelung in Lebensmittelverarbeitungsanlagen. Und die korrosionsbest\u00e4ndige Oberfl\u00e4che ist auch ideal f\u00fcr raue Umgebungen.    <\/h3>\n<p><strong>KD<\/strong> &#8211; Jedes Schloss wird mit seinem eigenen einzigartigen Schl\u00fcssel ge\u00f6ffnet, der kein anderes Schloss im Set \u00f6ffnet. In \u00dcbereinstimmung mit dem Mantra &#8222;Ein Schloss, ein Mitarbeiter, ein Schl\u00fcssel&#8220; (Standardlieferung). <\/p>\n<p><strong>KA<\/strong> &#8211; Alle Vorh\u00e4ngeschl\u00f6sser im Set werden mit demselben Schl\u00fcssel ge\u00f6ffnet, sodass nur ein Schl\u00fcssel erforderlich ist, um zahlreiche Vorh\u00e4ngeschl\u00f6sser zu \u00f6ffnen &#8211; f\u00fcr Mitarbeiter, die viele Schl\u00f6sser ben\u00f6tigen, haben sie immer noch nur einen Schl\u00fcssel.<\/p>\n<p><strong>MK <\/strong>&#8211; Ein Generalschl\u00fcssel \u00f6ffnet alle Schl\u00f6sser im System, w\u00e4hrend jedes Schloss auch seinen eigenen einzigartigen Schl\u00fcssel hat &#8211; erm\u00f6glicht das verantwortungsbewusste Entfernen von falsch platzierten oder vergessenen Verriegelungen gem\u00e4\u00df Ihrer Notfallbenachrichtigungspolitik (nach Ma\u00dfgabe 4 bis 6 Wochen Lieferzeit).<\/p>\n","protected":false},"excerpt":{"rendered":"<p>Das American Lock No. A1107 Aluminium-Vorh\u00e4ngeschloss verf\u00fcgt \u00fcber einen 1-1\/2 Zoll (38mm) breiten eloxierten Aluminiumk\u00f6rper mit einem 3 Zoll (75mm) hohen, verchromten, boronlegierten B\u00fcgel mit einem Durchmesser von 1\/4 Zoll (6mm) f\u00fcr \u00fcberlegene Schnittfestigkeit. Die eloxierte Oberfl\u00e4che macht das Vorh\u00e4ngeschloss geeignet f\u00fcr die Verriegelung in Lebensmittelverarbeitungsanlagen, und die korrosionsbest\u00e4ndige Oberfl\u00e4che ist ideal f\u00fcr raue Umgebungen.  <\/p>\n","protected":false},"featured_media":18693,"comment_status":"open","ping_status":"closed","template":"","meta":{"_acf_changed":false,"_et_pb_use_builder":"","_et_pb_old_content":"","_et_gb_content_width":""},"product_brand":[],"product_cat":[461,629],"product_tag":[935],"pa_connextion-shapes":[],"class_list":{"0":"post-18692","1":"product","2":"type-product","3":"status-publish","4":"has-post-thumbnail","6":"product_cat-lockout-tagout-de","7":"product_cat-lockout-padlocks","8":"product_tag-master-lock-de","10":"first","11":"instock","12":"taxable","13":"shipping-taxable","14":"purchasable","15":"product-type-variable","16":"has-default-attributes"},"exclude_global_add_ons":[],"addons":[],"acf":[],"yoast_head":"<!-- This site is optimized with the Yoast SEO Premium plugin v27.0 (Yoast SEO v27.1) - https:\/\/yoast.com\/product\/yoast-seo-premium-wordpress\/ -->\n<title>Sicherheitsschloss aus eloxiertem Aluminium<\/title>\n<meta name=\"description\" content=\"The American Lock No. A1107 Aluminium-Vorh\u00e4ngeschloss verf\u00fcgt \u00fcber einen 1-1\/2-Zoll (38 mm) breiten eloxierten Aluminiumk\u00f6rper mit einer H\u00f6he von 3 Zoll (75 mm),\" \/>\n<meta name=\"robots\" content=\"index, follow, max-snippet:-1, max-image-preview:large, max-video-preview:-1\" \/>\n<link rel=\"canonical\" href=\"https:\/\/d-identify.be\/de\/produkt\/1107-sicherheits-vorhangeschloss-aus-eloxiertem-aluminium-38-mm-breit-mit-76-mm-langem-bugel\/\" \/>\n<meta property=\"og:locale\" content=\"de_DE\" \/>\n<meta property=\"og:type\" content=\"article\" \/>\n<meta property=\"og:title\" content=\"1107 Sicherheits-Vorh\u00e4ngeschloss aus eloxiertem Aluminium, 38 mm breit mit 76 mm langem B\u00fcgel\" \/>\n<meta property=\"og:description\" content=\"The American Lock No. A1107 Aluminium-Vorh\u00e4ngeschloss verf\u00fcgt \u00fcber einen 1-1\/2-Zoll (38 mm) breiten eloxierten Aluminiumk\u00f6rper mit einer H\u00f6he von 3 Zoll (75 mm),\" \/>\n<meta property=\"og:url\" content=\"https:\/\/d-identify.be\/de\/produkt\/1107-sicherheits-vorhangeschloss-aus-eloxiertem-aluminium-38-mm-breit-mit-76-mm-langem-bugel\/\" \/>\n<meta property=\"og:site_name\" content=\"d-identify\" \/>\n<meta property=\"article:modified_time\" content=\"2024-05-26T17:09:10+00:00\" \/>\n<meta property=\"og:image\" content=\"https:\/\/d-identify.be\/wp-content\/uploads\/2021\/07\/MLCOM_PRODUCT_S1107YLW-A1107YLW.jpg\" \/>\n\t<meta property=\"og:image:width\" content=\"285\" \/>\n\t<meta property=\"og:image:height\" content=\"285\" \/>\n\t<meta property=\"og:image:type\" content=\"image\/jpeg\" \/>\n<meta name=\"twitter:card\" content=\"summary_large_image\" \/>\n<meta name=\"twitter:label1\" content=\"Gesch\u00e4tzte Lesezeit\" \/>\n\t<meta name=\"twitter:data1\" content=\"1\u00a0Minute\" \/>\n<script type=\"application\/ld+json\" class=\"yoast-schema-graph\">{\"@context\":\"https:\/\/schema.org\",\"@graph\":[{\"@type\":\"WebPage\",\"@id\":\"https:\/\/d-identify.be\/de\/produkt\/1107-sicherheits-vorhangeschloss-aus-eloxiertem-aluminium-38-mm-breit-mit-76-mm-langem-bugel\/\",\"url\":\"https:\/\/d-identify.be\/de\/produkt\/1107-sicherheits-vorhangeschloss-aus-eloxiertem-aluminium-38-mm-breit-mit-76-mm-langem-bugel\/\",\"name\":\"Sicherheitsschloss aus eloxiertem Aluminium\",\"isPartOf\":{\"@id\":\"https:\/\/d-identify.be\/de\/#website\"},\"primaryImageOfPage\":{\"@id\":\"https:\/\/d-identify.be\/de\/produkt\/1107-sicherheits-vorhangeschloss-aus-eloxiertem-aluminium-38-mm-breit-mit-76-mm-langem-bugel\/#primaryimage\"},\"image\":{\"@id\":\"https:\/\/d-identify.be\/de\/produkt\/1107-sicherheits-vorhangeschloss-aus-eloxiertem-aluminium-38-mm-breit-mit-76-mm-langem-bugel\/#primaryimage\"},\"thumbnailUrl\":\"https:\/\/d-identify.be\/wp-content\/uploads\/2021\/07\/MLCOM_PRODUCT_S1107YLW-A1107YLW.jpg\",\"datePublished\":\"2021-07-26T10:38:30+00:00\",\"dateModified\":\"2024-05-26T17:09:10+00:00\",\"description\":\"The American Lock No. A1107 Aluminium-Vorh\u00e4ngeschloss verf\u00fcgt \u00fcber einen 1-1\/2-Zoll (38 mm) breiten eloxierten Aluminiumk\u00f6rper mit einer H\u00f6he von 3 Zoll (75 mm),\",\"breadcrumb\":{\"@id\":\"https:\/\/d-identify.be\/de\/produkt\/1107-sicherheits-vorhangeschloss-aus-eloxiertem-aluminium-38-mm-breit-mit-76-mm-langem-bugel\/#breadcrumb\"},\"inLanguage\":\"de\",\"potentialAction\":[{\"@type\":\"ReadAction\",\"target\":[\"https:\/\/d-identify.be\/de\/produkt\/1107-sicherheits-vorhangeschloss-aus-eloxiertem-aluminium-38-mm-breit-mit-76-mm-langem-bugel\/\"]}]},{\"@type\":\"ImageObject\",\"inLanguage\":\"de\",\"@id\":\"https:\/\/d-identify.be\/de\/produkt\/1107-sicherheits-vorhangeschloss-aus-eloxiertem-aluminium-38-mm-breit-mit-76-mm-langem-bugel\/#primaryimage\",\"url\":\"https:\/\/d-identify.be\/wp-content\/uploads\/2021\/07\/MLCOM_PRODUCT_S1107YLW-A1107YLW.jpg\",\"contentUrl\":\"https:\/\/d-identify.be\/wp-content\/uploads\/2021\/07\/MLCOM_PRODUCT_S1107YLW-A1107YLW.jpg\",\"width\":285,\"height\":285,\"caption\":\"1107 Anodized aluminum safety padlock, 38mm wide with 76mm tall shackle\"},{\"@type\":\"BreadcrumbList\",\"@id\":\"https:\/\/d-identify.be\/de\/produkt\/1107-sicherheits-vorhangeschloss-aus-eloxiertem-aluminium-38-mm-breit-mit-76-mm-langem-bugel\/#breadcrumb\",\"itemListElement\":[{\"@type\":\"ListItem\",\"position\":1,\"name\":\"Home\",\"item\":\"https:\/\/d-identify.be\/de\/home-2\/\"},{\"@type\":\"ListItem\",\"position\":2,\"name\":\"Shop\",\"item\":\"https:\/\/d-identify.be\/shop-2\/\"},{\"@type\":\"ListItem\",\"position\":3,\"name\":\"1107 Sicherheits-Vorh\u00e4ngeschloss aus eloxiertem Aluminium, 38 mm breit mit 76 mm langem B\u00fcgel\"}]},{\"@type\":\"WebSite\",\"@id\":\"https:\/\/d-identify.be\/de\/#website\",\"url\":\"https:\/\/d-identify.be\/de\/\",\"name\":\"d-identify\",\"description\":\"Industrial identification - Lockout - Tagout - Floor marking\",\"potentialAction\":[{\"@type\":\"SearchAction\",\"target\":{\"@type\":\"EntryPoint\",\"urlTemplate\":\"https:\/\/d-identify.be\/de\/?s={search_term_string}\"},\"query-input\":{\"@type\":\"PropertyValueSpecification\",\"valueRequired\":true,\"valueName\":\"search_term_string\"}}],\"inLanguage\":\"de\"}]}<\/script>\n<!-- \/ Yoast SEO Premium plugin. -->","yoast_head_json":{"title":"Sicherheitsschloss aus eloxiertem Aluminium","description":"The American Lock No. A1107 Aluminium-Vorh\u00e4ngeschloss verf\u00fcgt \u00fcber einen 1-1\/2-Zoll (38 mm) breiten eloxierten Aluminiumk\u00f6rper mit einer H\u00f6he von 3 Zoll (75 mm),","robots":{"index":"index","follow":"follow","max-snippet":"max-snippet:-1","max-image-preview":"max-image-preview:large","max-video-preview":"max-video-preview:-1"},"canonical":"https:\/\/d-identify.be\/de\/produkt\/1107-sicherheits-vorhangeschloss-aus-eloxiertem-aluminium-38-mm-breit-mit-76-mm-langem-bugel\/","og_locale":"de_DE","og_type":"article","og_title":"1107 Sicherheits-Vorh\u00e4ngeschloss aus eloxiertem Aluminium, 38 mm breit mit 76 mm langem B\u00fcgel","og_description":"The American Lock No. A1107 Aluminium-Vorh\u00e4ngeschloss verf\u00fcgt \u00fcber einen 1-1\/2-Zoll (38 mm) breiten eloxierten Aluminiumk\u00f6rper mit einer H\u00f6he von 3 Zoll (75 mm),","og_url":"https:\/\/d-identify.be\/de\/produkt\/1107-sicherheits-vorhangeschloss-aus-eloxiertem-aluminium-38-mm-breit-mit-76-mm-langem-bugel\/","og_site_name":"d-identify","article_modified_time":"2024-05-26T17:09:10+00:00","og_image":[{"width":285,"height":285,"url":"https:\/\/d-identify.be\/wp-content\/uploads\/2021\/07\/MLCOM_PRODUCT_S1107YLW-A1107YLW.jpg","type":"image\/jpeg"}],"twitter_card":"summary_large_image","twitter_misc":{"Gesch\u00e4tzte Lesezeit":"1\u00a0Minute"},"schema":{"@context":"https:\/\/schema.org","@graph":[{"@type":"WebPage","@id":"https:\/\/d-identify.be\/de\/produkt\/1107-sicherheits-vorhangeschloss-aus-eloxiertem-aluminium-38-mm-breit-mit-76-mm-langem-bugel\/","url":"https:\/\/d-identify.be\/de\/produkt\/1107-sicherheits-vorhangeschloss-aus-eloxiertem-aluminium-38-mm-breit-mit-76-mm-langem-bugel\/","name":"Sicherheitsschloss aus eloxiertem Aluminium","isPartOf":{"@id":"https:\/\/d-identify.be\/de\/#website"},"primaryImageOfPage":{"@id":"https:\/\/d-identify.be\/de\/produkt\/1107-sicherheits-vorhangeschloss-aus-eloxiertem-aluminium-38-mm-breit-mit-76-mm-langem-bugel\/#primaryimage"},"image":{"@id":"https:\/\/d-identify.be\/de\/produkt\/1107-sicherheits-vorhangeschloss-aus-eloxiertem-aluminium-38-mm-breit-mit-76-mm-langem-bugel\/#primaryimage"},"thumbnailUrl":"https:\/\/d-identify.be\/wp-content\/uploads\/2021\/07\/MLCOM_PRODUCT_S1107YLW-A1107YLW.jpg","datePublished":"2021-07-26T10:38:30+00:00","dateModified":"2024-05-26T17:09:10+00:00","description":"The American Lock No. A1107 Aluminium-Vorh\u00e4ngeschloss verf\u00fcgt \u00fcber einen 1-1\/2-Zoll (38 mm) breiten eloxierten Aluminiumk\u00f6rper mit einer H\u00f6he von 3 Zoll (75 mm),","breadcrumb":{"@id":"https:\/\/d-identify.be\/de\/produkt\/1107-sicherheits-vorhangeschloss-aus-eloxiertem-aluminium-38-mm-breit-mit-76-mm-langem-bugel\/#breadcrumb"},"inLanguage":"de","potentialAction":[{"@type":"ReadAction","target":["https:\/\/d-identify.be\/de\/produkt\/1107-sicherheits-vorhangeschloss-aus-eloxiertem-aluminium-38-mm-breit-mit-76-mm-langem-bugel\/"]}]},{"@type":"ImageObject","inLanguage":"de","@id":"https:\/\/d-identify.be\/de\/produkt\/1107-sicherheits-vorhangeschloss-aus-eloxiertem-aluminium-38-mm-breit-mit-76-mm-langem-bugel\/#primaryimage","url":"https:\/\/d-identify.be\/wp-content\/uploads\/2021\/07\/MLCOM_PRODUCT_S1107YLW-A1107YLW.jpg","contentUrl":"https:\/\/d-identify.be\/wp-content\/uploads\/2021\/07\/MLCOM_PRODUCT_S1107YLW-A1107YLW.jpg","width":285,"height":285,"caption":"1107 Anodized aluminum safety padlock, 38mm wide with 76mm tall shackle"},{"@type":"BreadcrumbList","@id":"https:\/\/d-identify.be\/de\/produkt\/1107-sicherheits-vorhangeschloss-aus-eloxiertem-aluminium-38-mm-breit-mit-76-mm-langem-bugel\/#breadcrumb","itemListElement":[{"@type":"ListItem","position":1,"name":"Home","item":"https:\/\/d-identify.be\/de\/home-2\/"},{"@type":"ListItem","position":2,"name":"Shop","item":"https:\/\/d-identify.be\/shop-2\/"},{"@type":"ListItem","position":3,"name":"1107 Sicherheits-Vorh\u00e4ngeschloss aus eloxiertem Aluminium, 38 mm breit mit 76 mm langem B\u00fcgel"}]},{"@type":"WebSite","@id":"https:\/\/d-identify.be\/de\/#website","url":"https:\/\/d-identify.be\/de\/","name":"d-identify","description":"Industrial identification - Lockout - Tagout - Floor marking","potentialAction":[{"@type":"SearchAction","target":{"@type":"EntryPoint","urlTemplate":"https:\/\/d-identify.be\/de\/?s={search_term_string}"},"query-input":{"@type":"PropertyValueSpecification","valueRequired":true,"valueName":"search_term_string"}}],"inLanguage":"de"}]}},"_links":{"self":[{"href":"https:\/\/d-identify.be\/de\/wp-json\/wp\/v2\/product\/18692","targetHints":{"allow":["GET"]}}],"collection":[{"href":"https:\/\/d-identify.be\/de\/wp-json\/wp\/v2\/product"}],"about":[{"href":"https:\/\/d-identify.be\/de\/wp-json\/wp\/v2\/types\/product"}],"replies":[{"embeddable":true,"href":"https:\/\/d-identify.be\/de\/wp-json\/wp\/v2\/comments?post=18692"}],"wp:featuredmedia":[{"embeddable":true,"href":"https:\/\/d-identify.be\/de\/wp-json\/wp\/v2\/media\/18693"}],"wp:attachment":[{"href":"https:\/\/d-identify.be\/de\/wp-json\/wp\/v2\/media?parent=18692"}],"wp:term":[{"taxonomy":"product_brand","embeddable":true,"href":"https:\/\/d-identify.be\/de\/wp-json\/wp\/v2\/product_brand?post=18692"},{"taxonomy":"product_cat","embeddable":true,"href":"https:\/\/d-identify.be\/de\/wp-json\/wp\/v2\/product_cat?post=18692"},{"taxonomy":"product_tag","embeddable":true,"href":"https:\/\/d-identify.be\/de\/wp-json\/wp\/v2\/product_tag?post=18692"},{"taxonomy":"pa_connextion-shapes","embeddable":true,"href":"https:\/\/d-identify.be\/de\/wp-json\/wp\/v2\/pa_connextion-shapes?post=18692"}],"curies":[{"name":"wp","href":"https:\/\/api.w.org\/{rel}","templated":true}]}}