{"id":18602,"date":"2021-07-26T12:38:32","date_gmt":"2021-07-26T10:38:32","guid":{"rendered":"https:\/\/d-identify.be\/product\/406-dielektrisches-zenex-thermoplastik-sicherheitsvorhangeschloss\/"},"modified":"2026-01-12T17:36:22","modified_gmt":"2026-01-12T15:36:22","slug":"406-dielektrisches-sicherheitsschloss","status":"publish","type":"product","link":"https:\/\/d-identify.be\/de\/produkt\/406-dielektrisches-sicherheitsschloss\/","title":{"rendered":"406 dielektrisches thermoplastisches Sicherheitsschloss"},"content":{"rendered":"<p data-start=\"459\" data-end=\"695\">Das <strong data-start=\"463\" data-end=\"504\">406 dielektrisches Sicherheitsschloss<\/strong> ist f\u00fcr Lockout-Tagout-Anwendungen in elektrischen Umgebungen konzipiert. Es verf\u00fcgt \u00fcber ein Zenex\u2122-Thermoplastgeh\u00e4use mit einer Breite von 38 mm und l\u00e4sst sich leicht und sicher handhaben.<\/p>\n<p data-start=\"697\" data-end=\"930\">Au\u00dferdem ist das Schloss mit einem Kunststoffb\u00fcgel von 38 mm H\u00f6he und 6 mm Durchmesser ausgestattet. Dieser B\u00fcgel leitet keinen elektrischen Strom. Dadurch hilft das Schloss, das Risiko von Stromschl\u00e4gen und Lichtb\u00f6gen zu reduzieren.<\/p>\n<p data-start=\"932\" data-end=\"1136\">Dar\u00fcber hinaus verhindert das Design den Stromfluss zwischen B\u00fcgel und Schl\u00fcssel. Alle Komponenten sind funkenfrei und nicht magnetisch. Somit eignet sich das Schloss f\u00fcr sensible elektrische Anwendungen.<\/p>\n<p data-start=\"1138\" data-end=\"1289\">Zudem widersteht das Zenex\u2122-Thermoplastgeh\u00e4use Chemikalien, Feuchtigkeit und St\u00f6\u00dfen. Dadurch bleibt das Schloss auch bei t\u00e4glichem Einsatz zuverl\u00e4ssig.<\/p>\n<p data-start=\"1291\" data-end=\"1551\">Abschlie\u00dfend integriert das <strong data-start=\"1319\" data-end=\"1360\">406 dielektrisches Sicherheitsschloss<\/strong> einen schl\u00fcsselr\u00fcckhaltenden Mechanismus. Der Anwender kann den Schl\u00fcssel nur entfernen, wenn das Schloss vollst\u00e4ndig verriegelt ist. Dies sorgt f\u00fcr eine sichere und normgerechte Absperrung.<\/p>\n","protected":false},"excerpt":{"rendered":"<p data-start=\"1024\" data-end=\"1263\">Das <strong data-start=\"1028\" data-end=\"1068\">406 dielektrische Sicherheitsschloss<\/strong> ist f\u00fcr elektrische Lockout-Tagout-Anwendungen konzipiert. Das Zenex\u2122-Thermoplastgeh\u00e4use und der nicht leitende Kunststoffb\u00fcgel helfen, das Risiko von Stromschl\u00e4gen und Lichtb\u00f6gen zu reduzieren.<\/p>\n","protected":false},"featured_media":18603,"comment_status":"open","ping_status":"closed","template":"","meta":{"_acf_changed":false,"_et_pb_use_builder":"","_et_pb_old_content":"","_et_gb_content_width":""},"product_brand":[],"product_cat":[461,629],"product_tag":[935],"pa_connextion-shapes":[],"class_list":{"0":"post-18602","1":"product","2":"type-product","3":"status-publish","4":"has-post-thumbnail","6":"product_cat-lockout-tagout-de","7":"product_cat-lockout-padlocks","8":"product_tag-master-lock-de","10":"first","11":"instock","12":"taxable","13":"shipping-taxable","14":"purchasable","15":"product-type-variable","16":"has-default-attributes"},"exclude_global_add_ons":[],"addons":[],"acf":[],"yoast_head":"<!-- This site is optimized with the Yoast SEO Premium plugin v27.0 (Yoast SEO v27.1) - https:\/\/yoast.com\/product\/yoast-seo-premium-wordpress\/ -->\n<title>406 dielektrisches Sicherheitsschloss - Master Lock<\/title>\n<meta name=\"description\" content=\"406 dielektrisches Sicherheitsschloss mit Zenex\u2122 Thermoplastgeh\u00e4use und nicht leitendem Kunststoffb\u00fcgel f\u00fcr elektrische Lockout-Tagout-Anwendungen.\" \/>\n<meta name=\"robots\" content=\"index, follow, max-snippet:-1, max-image-preview:large, max-video-preview:-1\" \/>\n<link rel=\"canonical\" href=\"https:\/\/d-identify.be\/de\/produkt\/406-dielektrisches-sicherheitsschloss\/\" \/>\n<meta property=\"og:locale\" content=\"de_DE\" \/>\n<meta property=\"og:type\" content=\"article\" \/>\n<meta property=\"og:title\" content=\"406 dielektrisches thermoplastisches Sicherheitsschloss\" \/>\n<meta property=\"og:description\" content=\"406 dielektrisches Sicherheitsschloss mit Zenex\u2122 Thermoplastgeh\u00e4use und nicht leitendem Kunststoffb\u00fcgel f\u00fcr elektrische Lockout-Tagout-Anwendungen.\" \/>\n<meta property=\"og:url\" content=\"https:\/\/d-identify.be\/de\/produkt\/406-dielektrisches-sicherheitsschloss\/\" \/>\n<meta property=\"og:site_name\" content=\"d-identify\" \/>\n<meta property=\"article:modified_time\" content=\"2026-01-12T15:36:22+00:00\" \/>\n<meta property=\"og:image\" content=\"https:\/\/d-identify.be\/wp-content\/uploads\/2021\/07\/406GRN.jpg\" \/>\n\t<meta property=\"og:image:width\" content=\"265\" \/>\n\t<meta property=\"og:image:height\" content=\"265\" \/>\n\t<meta property=\"og:image:type\" content=\"image\/jpeg\" \/>\n<meta name=\"twitter:card\" content=\"summary_large_image\" \/>\n<meta name=\"twitter:label1\" content=\"Gesch\u00e4tzte Lesezeit\" \/>\n\t<meta name=\"twitter:data1\" content=\"1\u00a0Minute\" \/>\n<script type=\"application\/ld+json\" class=\"yoast-schema-graph\">{\"@context\":\"https:\/\/schema.org\",\"@graph\":[{\"@type\":\"WebPage\",\"@id\":\"https:\/\/d-identify.be\/de\/produkt\/406-dielektrisches-sicherheitsschloss\/\",\"url\":\"https:\/\/d-identify.be\/de\/produkt\/406-dielektrisches-sicherheitsschloss\/\",\"name\":\"406 dielektrisches Sicherheitsschloss - Master Lock\",\"isPartOf\":{\"@id\":\"https:\/\/d-identify.be\/de\/#website\"},\"primaryImageOfPage\":{\"@id\":\"https:\/\/d-identify.be\/de\/produkt\/406-dielektrisches-sicherheitsschloss\/#primaryimage\"},\"image\":{\"@id\":\"https:\/\/d-identify.be\/de\/produkt\/406-dielektrisches-sicherheitsschloss\/#primaryimage\"},\"thumbnailUrl\":\"https:\/\/d-identify.be\/wp-content\/uploads\/2021\/07\/406GRN.jpg\",\"datePublished\":\"2021-07-26T10:38:32+00:00\",\"dateModified\":\"2026-01-12T15:36:22+00:00\",\"description\":\"406 dielektrisches Sicherheitsschloss mit Zenex\u2122 Thermoplastgeh\u00e4use und nicht leitendem Kunststoffb\u00fcgel f\u00fcr elektrische Lockout-Tagout-Anwendungen.\",\"breadcrumb\":{\"@id\":\"https:\/\/d-identify.be\/de\/produkt\/406-dielektrisches-sicherheitsschloss\/#breadcrumb\"},\"inLanguage\":\"de\",\"potentialAction\":[{\"@type\":\"ReadAction\",\"target\":[\"https:\/\/d-identify.be\/de\/produkt\/406-dielektrisches-sicherheitsschloss\/\"]}]},{\"@type\":\"ImageObject\",\"inLanguage\":\"de\",\"@id\":\"https:\/\/d-identify.be\/de\/produkt\/406-dielektrisches-sicherheitsschloss\/#primaryimage\",\"url\":\"https:\/\/d-identify.be\/wp-content\/uploads\/2021\/07\/406GRN.jpg\",\"contentUrl\":\"https:\/\/d-identify.be\/wp-content\/uploads\/2021\/07\/406GRN.jpg\",\"width\":265,\"height\":265,\"caption\":\"406 dielektrisches Sicherheitsschloss - Master Lock\"},{\"@type\":\"BreadcrumbList\",\"@id\":\"https:\/\/d-identify.be\/de\/produkt\/406-dielektrisches-sicherheitsschloss\/#breadcrumb\",\"itemListElement\":[{\"@type\":\"ListItem\",\"position\":1,\"name\":\"Home\",\"item\":\"https:\/\/d-identify.be\/de\/home-2\/\"},{\"@type\":\"ListItem\",\"position\":2,\"name\":\"Shop\",\"item\":\"https:\/\/d-identify.be\/shop-2\/\"},{\"@type\":\"ListItem\",\"position\":3,\"name\":\"406 dielektrisches thermoplastisches Sicherheitsschloss\"}]},{\"@type\":\"WebSite\",\"@id\":\"https:\/\/d-identify.be\/de\/#website\",\"url\":\"https:\/\/d-identify.be\/de\/\",\"name\":\"d-identify\",\"description\":\"Industrial identification - Lockout - Tagout - Floor marking\",\"potentialAction\":[{\"@type\":\"SearchAction\",\"target\":{\"@type\":\"EntryPoint\",\"urlTemplate\":\"https:\/\/d-identify.be\/de\/?s={search_term_string}\"},\"query-input\":{\"@type\":\"PropertyValueSpecification\",\"valueRequired\":true,\"valueName\":\"search_term_string\"}}],\"inLanguage\":\"de\"}]}<\/script>\n<!-- \/ Yoast SEO Premium plugin. -->","yoast_head_json":{"title":"406 dielektrisches Sicherheitsschloss - Master Lock","description":"406 dielektrisches Sicherheitsschloss mit Zenex\u2122 Thermoplastgeh\u00e4use und nicht leitendem Kunststoffb\u00fcgel f\u00fcr elektrische Lockout-Tagout-Anwendungen.","robots":{"index":"index","follow":"follow","max-snippet":"max-snippet:-1","max-image-preview":"max-image-preview:large","max-video-preview":"max-video-preview:-1"},"canonical":"https:\/\/d-identify.be\/de\/produkt\/406-dielektrisches-sicherheitsschloss\/","og_locale":"de_DE","og_type":"article","og_title":"406 dielektrisches thermoplastisches Sicherheitsschloss","og_description":"406 dielektrisches Sicherheitsschloss mit Zenex\u2122 Thermoplastgeh\u00e4use und nicht leitendem Kunststoffb\u00fcgel f\u00fcr elektrische Lockout-Tagout-Anwendungen.","og_url":"https:\/\/d-identify.be\/de\/produkt\/406-dielektrisches-sicherheitsschloss\/","og_site_name":"d-identify","article_modified_time":"2026-01-12T15:36:22+00:00","og_image":[{"width":265,"height":265,"url":"https:\/\/d-identify.be\/wp-content\/uploads\/2021\/07\/406GRN.jpg","type":"image\/jpeg"}],"twitter_card":"summary_large_image","twitter_misc":{"Gesch\u00e4tzte Lesezeit":"1\u00a0Minute"},"schema":{"@context":"https:\/\/schema.org","@graph":[{"@type":"WebPage","@id":"https:\/\/d-identify.be\/de\/produkt\/406-dielektrisches-sicherheitsschloss\/","url":"https:\/\/d-identify.be\/de\/produkt\/406-dielektrisches-sicherheitsschloss\/","name":"406 dielektrisches Sicherheitsschloss - Master Lock","isPartOf":{"@id":"https:\/\/d-identify.be\/de\/#website"},"primaryImageOfPage":{"@id":"https:\/\/d-identify.be\/de\/produkt\/406-dielektrisches-sicherheitsschloss\/#primaryimage"},"image":{"@id":"https:\/\/d-identify.be\/de\/produkt\/406-dielektrisches-sicherheitsschloss\/#primaryimage"},"thumbnailUrl":"https:\/\/d-identify.be\/wp-content\/uploads\/2021\/07\/406GRN.jpg","datePublished":"2021-07-26T10:38:32+00:00","dateModified":"2026-01-12T15:36:22+00:00","description":"406 dielektrisches Sicherheitsschloss mit Zenex\u2122 Thermoplastgeh\u00e4use und nicht leitendem Kunststoffb\u00fcgel f\u00fcr elektrische Lockout-Tagout-Anwendungen.","breadcrumb":{"@id":"https:\/\/d-identify.be\/de\/produkt\/406-dielektrisches-sicherheitsschloss\/#breadcrumb"},"inLanguage":"de","potentialAction":[{"@type":"ReadAction","target":["https:\/\/d-identify.be\/de\/produkt\/406-dielektrisches-sicherheitsschloss\/"]}]},{"@type":"ImageObject","inLanguage":"de","@id":"https:\/\/d-identify.be\/de\/produkt\/406-dielektrisches-sicherheitsschloss\/#primaryimage","url":"https:\/\/d-identify.be\/wp-content\/uploads\/2021\/07\/406GRN.jpg","contentUrl":"https:\/\/d-identify.be\/wp-content\/uploads\/2021\/07\/406GRN.jpg","width":265,"height":265,"caption":"406 dielektrisches Sicherheitsschloss - Master Lock"},{"@type":"BreadcrumbList","@id":"https:\/\/d-identify.be\/de\/produkt\/406-dielektrisches-sicherheitsschloss\/#breadcrumb","itemListElement":[{"@type":"ListItem","position":1,"name":"Home","item":"https:\/\/d-identify.be\/de\/home-2\/"},{"@type":"ListItem","position":2,"name":"Shop","item":"https:\/\/d-identify.be\/shop-2\/"},{"@type":"ListItem","position":3,"name":"406 dielektrisches thermoplastisches Sicherheitsschloss"}]},{"@type":"WebSite","@id":"https:\/\/d-identify.be\/de\/#website","url":"https:\/\/d-identify.be\/de\/","name":"d-identify","description":"Industrial identification - Lockout - Tagout - Floor marking","potentialAction":[{"@type":"SearchAction","target":{"@type":"EntryPoint","urlTemplate":"https:\/\/d-identify.be\/de\/?s={search_term_string}"},"query-input":{"@type":"PropertyValueSpecification","valueRequired":true,"valueName":"search_term_string"}}],"inLanguage":"de"}]}},"_links":{"self":[{"href":"https:\/\/d-identify.be\/de\/wp-json\/wp\/v2\/product\/18602","targetHints":{"allow":["GET"]}}],"collection":[{"href":"https:\/\/d-identify.be\/de\/wp-json\/wp\/v2\/product"}],"about":[{"href":"https:\/\/d-identify.be\/de\/wp-json\/wp\/v2\/types\/product"}],"replies":[{"embeddable":true,"href":"https:\/\/d-identify.be\/de\/wp-json\/wp\/v2\/comments?post=18602"}],"wp:featuredmedia":[{"embeddable":true,"href":"https:\/\/d-identify.be\/de\/wp-json\/wp\/v2\/media\/18603"}],"wp:attachment":[{"href":"https:\/\/d-identify.be\/de\/wp-json\/wp\/v2\/media?parent=18602"}],"wp:term":[{"taxonomy":"product_brand","embeddable":true,"href":"https:\/\/d-identify.be\/de\/wp-json\/wp\/v2\/product_brand?post=18602"},{"taxonomy":"product_cat","embeddable":true,"href":"https:\/\/d-identify.be\/de\/wp-json\/wp\/v2\/product_cat?post=18602"},{"taxonomy":"product_tag","embeddable":true,"href":"https:\/\/d-identify.be\/de\/wp-json\/wp\/v2\/product_tag?post=18602"},{"taxonomy":"pa_connextion-shapes","embeddable":true,"href":"https:\/\/d-identify.be\/de\/wp-json\/wp\/v2\/pa_connextion-shapes?post=18602"}],"curies":[{"name":"wp","href":"https:\/\/api.w.org\/{rel}","templated":true}]}}