{"id":18551,"date":"2021-07-26T12:38:39","date_gmt":"2021-07-26T10:38:39","guid":{"rendered":"https:\/\/d-identify.be\/product\/427-aluminium-klemmschloss-mit-etikett\/"},"modified":"2021-07-26T12:38:39","modified_gmt":"2021-07-26T10:38:39","slug":"427-aluminium-klemmschloss-mit-etikett","status":"publish","type":"product","link":"https:\/\/d-identify.be\/de\/produkt\/427-aluminium-klemmschloss-mit-etikett\/","title":{"rendered":"427 &#8211; Aluminium-Klemmschloss mit Etikett"},"content":{"rendered":"","protected":false},"excerpt":{"rendered":"<p>Das beschriftete rote Sicherheitssperre-Hasp Master Lock Nr. 427 verf\u00fcgt \u00fcber eine Klemm\u00f6ffnung mit einem Innendurchmesser von 1-3\/4 Zoll x 2-1\/8 Zoll (45 mm x 54 mm) und ist so konzipiert, dass es auf mehr Verriegelungspunkte passt als alternative beschriftete Sperre-Hasps mit Nietenscharnier. Die Konstruktion aus eloxiertem Aluminium und Edelstahl bietet kombinierten Korrosionsschutz und St\u00e4rke. Ein federbelasteter Verriegelungsarm bietet einen einfach anzuwendenden &#8218;Schnapp&#8216;-Vorteil. Enth\u00e4lt gut sichtbare, beschreibbare Sicherheitsetiketten zur Identifizierung der verantwortlichen Person.   <\/p>\n","protected":false},"featured_media":18552,"comment_status":"open","ping_status":"closed","template":"","meta":{"_acf_changed":false,"_et_pb_use_builder":"","_et_pb_old_content":"","_et_gb_content_width":""},"product_brand":[],"product_cat":[461,629],"product_tag":[935],"pa_connextion-shapes":[],"class_list":{"0":"post-18551","1":"product","2":"type-product","3":"status-publish","4":"has-post-thumbnail","6":"product_cat-lockout-tagout-de","7":"product_cat-lockout-padlocks","8":"product_tag-master-lock-de","10":"first","11":"instock","12":"taxable","13":"shipping-taxable","14":"purchasable","15":"product-type-variable","16":"has-default-attributes"},"exclude_global_add_ons":[],"addons":[],"acf":[],"yoast_head":"<!-- This site is optimized with the Yoast SEO Premium plugin v27.0 (Yoast SEO v27.1) - https:\/\/yoast.com\/product\/yoast-seo-premium-wordpress\/ -->\n<title>Aluminium-Klemmschloss + Etikett<\/title>\n<meta name=\"description\" content=\"Das Master Lock Nr. 427YLW beschriftete gelbe Sicherheitssperre-Hasp verf\u00fcgt \u00fcber eine Klemm\u00f6ffnung mit einem Innendurchmesser von 1-3\/4 Zoll x 2-1\/8 Zoll (45 mm x 54 mm) und...\" \/>\n<meta name=\"robots\" content=\"index, follow, max-snippet:-1, max-image-preview:large, max-video-preview:-1\" \/>\n<link rel=\"canonical\" href=\"https:\/\/d-identify.be\/de\/produkt\/427-aluminium-klemmschloss-mit-etikett\/\" \/>\n<meta property=\"og:locale\" content=\"de_DE\" \/>\n<meta property=\"og:type\" content=\"article\" \/>\n<meta property=\"og:title\" content=\"427 - Aluminium-Klemmschloss mit Etikett\" \/>\n<meta property=\"og:description\" content=\"Das Master Lock Nr. 427YLW beschriftete gelbe Sicherheitssperre-Hasp verf\u00fcgt \u00fcber eine Klemm\u00f6ffnung mit einem Innendurchmesser von 1-3\/4 Zoll x 2-1\/8 Zoll (45 mm x 54 mm) und...\" \/>\n<meta property=\"og:url\" content=\"https:\/\/d-identify.be\/de\/produkt\/427-aluminium-klemmschloss-mit-etikett\/\" \/>\n<meta property=\"og:site_name\" content=\"d-identify\" \/>\n<meta property=\"og:image\" content=\"https:\/\/d-identify.be\/wp-content\/uploads\/2021\/07\/427-RD.png\" \/>\n\t<meta property=\"og:image:width\" content=\"594\" \/>\n\t<meta property=\"og:image:height\" content=\"594\" \/>\n\t<meta property=\"og:image:type\" content=\"image\/png\" \/>\n<meta name=\"twitter:card\" content=\"summary_large_image\" \/>\n<script type=\"application\/ld+json\" class=\"yoast-schema-graph\">{\"@context\":\"https:\/\/schema.org\",\"@graph\":[{\"@type\":\"WebPage\",\"@id\":\"https:\/\/d-identify.be\/de\/produkt\/427-aluminium-klemmschloss-mit-etikett\/\",\"url\":\"https:\/\/d-identify.be\/de\/produkt\/427-aluminium-klemmschloss-mit-etikett\/\",\"name\":\"Aluminium-Klemmschloss + Etikett\",\"isPartOf\":{\"@id\":\"https:\/\/d-identify.be\/de\/#website\"},\"primaryImageOfPage\":{\"@id\":\"https:\/\/d-identify.be\/de\/produkt\/427-aluminium-klemmschloss-mit-etikett\/#primaryimage\"},\"image\":{\"@id\":\"https:\/\/d-identify.be\/de\/produkt\/427-aluminium-klemmschloss-mit-etikett\/#primaryimage\"},\"thumbnailUrl\":\"https:\/\/d-identify.be\/wp-content\/uploads\/2021\/07\/427-RD.png\",\"datePublished\":\"2021-07-26T10:38:39+00:00\",\"description\":\"Das Master Lock Nr. 427YLW beschriftete gelbe Sicherheitssperre-Hasp verf\u00fcgt \u00fcber eine Klemm\u00f6ffnung mit einem Innendurchmesser von 1-3\/4 Zoll x 2-1\/8 Zoll (45 mm x 54 mm) und...\",\"breadcrumb\":{\"@id\":\"https:\/\/d-identify.be\/de\/produkt\/427-aluminium-klemmschloss-mit-etikett\/#breadcrumb\"},\"inLanguage\":\"de\",\"potentialAction\":[{\"@type\":\"ReadAction\",\"target\":[\"https:\/\/d-identify.be\/de\/produkt\/427-aluminium-klemmschloss-mit-etikett\/\"]}]},{\"@type\":\"ImageObject\",\"inLanguage\":\"de\",\"@id\":\"https:\/\/d-identify.be\/de\/produkt\/427-aluminium-klemmschloss-mit-etikett\/#primaryimage\",\"url\":\"https:\/\/d-identify.be\/wp-content\/uploads\/2021\/07\/427-RD.png\",\"contentUrl\":\"https:\/\/d-identify.be\/wp-content\/uploads\/2021\/07\/427-RD.png\",\"width\":594,\"height\":594},{\"@type\":\"BreadcrumbList\",\"@id\":\"https:\/\/d-identify.be\/de\/produkt\/427-aluminium-klemmschloss-mit-etikett\/#breadcrumb\",\"itemListElement\":[{\"@type\":\"ListItem\",\"position\":1,\"name\":\"Home\",\"item\":\"https:\/\/d-identify.be\/de\/home-2\/\"},{\"@type\":\"ListItem\",\"position\":2,\"name\":\"Shop\",\"item\":\"https:\/\/d-identify.be\/shop-2\/\"},{\"@type\":\"ListItem\",\"position\":3,\"name\":\"427 &#8211; Aluminium-Klemmschloss mit Etikett\"}]},{\"@type\":\"WebSite\",\"@id\":\"https:\/\/d-identify.be\/de\/#website\",\"url\":\"https:\/\/d-identify.be\/de\/\",\"name\":\"d-identify\",\"description\":\"Industrial identification - Lockout - Tagout - Floor marking\",\"potentialAction\":[{\"@type\":\"SearchAction\",\"target\":{\"@type\":\"EntryPoint\",\"urlTemplate\":\"https:\/\/d-identify.be\/de\/?s={search_term_string}\"},\"query-input\":{\"@type\":\"PropertyValueSpecification\",\"valueRequired\":true,\"valueName\":\"search_term_string\"}}],\"inLanguage\":\"de\"}]}<\/script>\n<!-- \/ Yoast SEO Premium plugin. -->","yoast_head_json":{"title":"Aluminium-Klemmschloss + Etikett","description":"Das Master Lock Nr. 427YLW beschriftete gelbe Sicherheitssperre-Hasp verf\u00fcgt \u00fcber eine Klemm\u00f6ffnung mit einem Innendurchmesser von 1-3\/4 Zoll x 2-1\/8 Zoll (45 mm x 54 mm) und...","robots":{"index":"index","follow":"follow","max-snippet":"max-snippet:-1","max-image-preview":"max-image-preview:large","max-video-preview":"max-video-preview:-1"},"canonical":"https:\/\/d-identify.be\/de\/produkt\/427-aluminium-klemmschloss-mit-etikett\/","og_locale":"de_DE","og_type":"article","og_title":"427 - Aluminium-Klemmschloss mit Etikett","og_description":"Das Master Lock Nr. 427YLW beschriftete gelbe Sicherheitssperre-Hasp verf\u00fcgt \u00fcber eine Klemm\u00f6ffnung mit einem Innendurchmesser von 1-3\/4 Zoll x 2-1\/8 Zoll (45 mm x 54 mm) und...","og_url":"https:\/\/d-identify.be\/de\/produkt\/427-aluminium-klemmschloss-mit-etikett\/","og_site_name":"d-identify","og_image":[{"width":594,"height":594,"url":"https:\/\/d-identify.be\/wp-content\/uploads\/2021\/07\/427-RD.png","type":"image\/png"}],"twitter_card":"summary_large_image","schema":{"@context":"https:\/\/schema.org","@graph":[{"@type":"WebPage","@id":"https:\/\/d-identify.be\/de\/produkt\/427-aluminium-klemmschloss-mit-etikett\/","url":"https:\/\/d-identify.be\/de\/produkt\/427-aluminium-klemmschloss-mit-etikett\/","name":"Aluminium-Klemmschloss + Etikett","isPartOf":{"@id":"https:\/\/d-identify.be\/de\/#website"},"primaryImageOfPage":{"@id":"https:\/\/d-identify.be\/de\/produkt\/427-aluminium-klemmschloss-mit-etikett\/#primaryimage"},"image":{"@id":"https:\/\/d-identify.be\/de\/produkt\/427-aluminium-klemmschloss-mit-etikett\/#primaryimage"},"thumbnailUrl":"https:\/\/d-identify.be\/wp-content\/uploads\/2021\/07\/427-RD.png","datePublished":"2021-07-26T10:38:39+00:00","description":"Das Master Lock Nr. 427YLW beschriftete gelbe Sicherheitssperre-Hasp verf\u00fcgt \u00fcber eine Klemm\u00f6ffnung mit einem Innendurchmesser von 1-3\/4 Zoll x 2-1\/8 Zoll (45 mm x 54 mm) und...","breadcrumb":{"@id":"https:\/\/d-identify.be\/de\/produkt\/427-aluminium-klemmschloss-mit-etikett\/#breadcrumb"},"inLanguage":"de","potentialAction":[{"@type":"ReadAction","target":["https:\/\/d-identify.be\/de\/produkt\/427-aluminium-klemmschloss-mit-etikett\/"]}]},{"@type":"ImageObject","inLanguage":"de","@id":"https:\/\/d-identify.be\/de\/produkt\/427-aluminium-klemmschloss-mit-etikett\/#primaryimage","url":"https:\/\/d-identify.be\/wp-content\/uploads\/2021\/07\/427-RD.png","contentUrl":"https:\/\/d-identify.be\/wp-content\/uploads\/2021\/07\/427-RD.png","width":594,"height":594},{"@type":"BreadcrumbList","@id":"https:\/\/d-identify.be\/de\/produkt\/427-aluminium-klemmschloss-mit-etikett\/#breadcrumb","itemListElement":[{"@type":"ListItem","position":1,"name":"Home","item":"https:\/\/d-identify.be\/de\/home-2\/"},{"@type":"ListItem","position":2,"name":"Shop","item":"https:\/\/d-identify.be\/shop-2\/"},{"@type":"ListItem","position":3,"name":"427 &#8211; Aluminium-Klemmschloss mit Etikett"}]},{"@type":"WebSite","@id":"https:\/\/d-identify.be\/de\/#website","url":"https:\/\/d-identify.be\/de\/","name":"d-identify","description":"Industrial identification - Lockout - Tagout - Floor marking","potentialAction":[{"@type":"SearchAction","target":{"@type":"EntryPoint","urlTemplate":"https:\/\/d-identify.be\/de\/?s={search_term_string}"},"query-input":{"@type":"PropertyValueSpecification","valueRequired":true,"valueName":"search_term_string"}}],"inLanguage":"de"}]}},"_links":{"self":[{"href":"https:\/\/d-identify.be\/de\/wp-json\/wp\/v2\/product\/18551","targetHints":{"allow":["GET"]}}],"collection":[{"href":"https:\/\/d-identify.be\/de\/wp-json\/wp\/v2\/product"}],"about":[{"href":"https:\/\/d-identify.be\/de\/wp-json\/wp\/v2\/types\/product"}],"replies":[{"embeddable":true,"href":"https:\/\/d-identify.be\/de\/wp-json\/wp\/v2\/comments?post=18551"}],"wp:featuredmedia":[{"embeddable":true,"href":"https:\/\/d-identify.be\/de\/wp-json\/wp\/v2\/media\/18552"}],"wp:attachment":[{"href":"https:\/\/d-identify.be\/de\/wp-json\/wp\/v2\/media?parent=18551"}],"wp:term":[{"taxonomy":"product_brand","embeddable":true,"href":"https:\/\/d-identify.be\/de\/wp-json\/wp\/v2\/product_brand?post=18551"},{"taxonomy":"product_cat","embeddable":true,"href":"https:\/\/d-identify.be\/de\/wp-json\/wp\/v2\/product_cat?post=18551"},{"taxonomy":"product_tag","embeddable":true,"href":"https:\/\/d-identify.be\/de\/wp-json\/wp\/v2\/product_tag?post=18551"},{"taxonomy":"pa_connextion-shapes","embeddable":true,"href":"https:\/\/d-identify.be\/de\/wp-json\/wp\/v2\/pa_connextion-shapes?post=18551"}],"curies":[{"name":"wp","href":"https:\/\/api.w.org\/{rel}","templated":true}]}}