{"id":18503,"date":"2021-07-26T12:38:33","date_gmt":"2021-07-26T10:38:33","guid":{"rendered":"https:\/\/d-identify.be\/product\/410-zenex-thermoplastisches-sicherheits-vorhangeschloss-38-mm-breit-mit-38-mm-bugel\/"},"modified":"2025-12-21T21:36:23","modified_gmt":"2025-12-21T19:36:23","slug":"master-lock-nr-410-zenex-thermoplastisches-sicherheitsschloss","status":"publish","type":"product","link":"https:\/\/d-identify.be\/de\/produkt\/master-lock-nr-410-zenex-thermoplastisches-sicherheitsschloss\/","title":{"rendered":"Master Lock Nr. 410 Zenex\u2122 Thermoplastisches Sicherheitsschloss"},"content":{"rendered":"<p data-start=\"231\" data-end=\"462\">Das <strong data-start=\"235\" data-end=\"320\"><span class=\"hover:entity-accent entity-underline inline cursor-pointer align-baseline\">Master Lock\u00a0Nr. 410 Zenex\u2122 thermoplastisches Sicherheitsschloss<\/span><\/strong>\u00a0unterst\u00fctzt professionelle Lockout\/Tagout-(LOTO)-Verfahren und hilft, ein unbeabsichtigtes Einschalten von Maschinen w\u00e4hrend Wartungs- und Servicearbeiten zu verhindern.<\/p>\n<p data-start=\"464\" data-end=\"764\">Das Vorh\u00e4ngeschloss verf\u00fcgt <strong data-start=\"483\" data-end=\"516\">\u00fcber ein 38 mm breites thermoplastisches Geh\u00e4use<\/strong>, das keinen Strom leitet. Dieses Design erm\u00f6glicht den sicheren Einsatz in Umgebungen mit elektrischen Gefahren. Der <strong data-start=\"625\" data-end=\"642\">Metallsch\u00e4kel <\/strong>ist <strong data-start=\"652\" data-end=\"671\">38 mm hoch<\/strong> und hat einen <strong data-start=\"687\" data-end=\"704\">Durchmesser von 6 mm<\/strong>, wodurch das Schloss mit den meisten Lockout-Haspen und Verriegelungspunkten kompatibel ist.<\/p>\n<p data-start=\"766\" data-end=\"936\">Dank d<strong data-start=\"828\" data-end=\"850\">es leichten Designs<\/strong> k\u00f6nnen Mitarbeiter das Schloss einfach mitf\u00fchren und t\u00e4glich verwenden. Die robuste Konstruktion h\u00e4lt einer intensiven Nutzung in industriellen Umgebungen stand.<\/p>\n<p data-start=\"938\" data-end=\"1178\">Ein <strong data-start=\"940\" data-end=\"966\">Hochsicherheitszylinder<\/strong>, der ausschlie\u00dflich f\u00fcr Sicherheitsanwendungen vorgesehen ist, verbessert die Schl\u00fcsselkontrolle. Die Schl\u00fcsselr\u00fcckhaltung h\u00e4lt den Schl\u00fcssel fest, bis das Schloss vollst\u00e4ndig verriegelt ist. So verringert sich das Risiko, Anlagen ungesichert zu hinterlassen.<\/p>\n<p data-start=\"1180\" data-end=\"1337\">Das Master Lock <strong data-start=\"235\" data-end=\"320\"><span class=\"hover:entity-accent entity-underline inline cursor-pointer align-baseline\">410 Zenex\u2122 thermoplastisches Sicherheitsschloss<\/span><\/strong> eignet sich f\u00fcr Wartungs-, Reparatur- und Servicearbeiten. Es st\u00e4rkt LOTO-Verfahren und tr\u00e4gt zu mehr Sicherheit am Arbeitsplatz bei.<\/p>\n","protected":false},"excerpt":{"rendered":"<p>Das <strong data-start=\"390\" data-end=\"435\">Master Lock Nr. 410 Zenex\u2122 Sicherheitsschloss<\/strong> ist ein leichtes, nicht leitendes Vorh\u00e4ngeschloss, speziell f\u00fcr <strong data-start=\"503\" data-end=\"528\">Lockout\/Tagout-Anwendungen (LOTO)<\/strong> entwickelt. Mit seinem robusten thermoplastischen Geh\u00e4use und dem Metallsch\u00e4kel bietet es zuverl\u00e4ssige Sicherheit und ist f\u00fcr den t\u00e4glichen industriellen Einsatz geeignet.<\/p>\n","protected":false},"featured_media":18504,"comment_status":"open","ping_status":"closed","template":"","meta":{"_acf_changed":false,"_et_pb_use_builder":"","_et_pb_old_content":"","_et_gb_content_width":""},"product_brand":[],"product_cat":[461,629],"product_tag":[935],"pa_connextion-shapes":[],"class_list":{"0":"post-18503","1":"product","2":"type-product","3":"status-publish","4":"has-post-thumbnail","6":"product_cat-lockout-tagout-de","7":"product_cat-lockout-padlocks","8":"product_tag-master-lock-de","10":"first","11":"instock","12":"taxable","13":"shipping-taxable","14":"purchasable","15":"product-type-variable","16":"has-default-attributes"},"exclude_global_add_ons":[],"addons":[],"acf":[],"yoast_head":"<!-- This site is optimized with the Yoast SEO Premium plugin v27.0 (Yoast SEO v27.1) - https:\/\/yoast.com\/product\/yoast-seo-premium-wordpress\/ -->\n<title>410 Zenex\u2122 thermoplastisches Sicherheitsschloss<\/title>\n<meta name=\"description\" content=\"Master Lock 410 Zenex\u2122 thermoplastisches Sicherheitsschloss mit 38 mm thermoplastischem K\u00f6rper und Metallsch\u00e4kel \u00d8 6 mm, robust.\" \/>\n<meta name=\"robots\" content=\"index, follow, max-snippet:-1, max-image-preview:large, max-video-preview:-1\" \/>\n<link rel=\"canonical\" href=\"https:\/\/d-identify.be\/de\/produkt\/master-lock-nr-410-zenex-thermoplastisches-sicherheitsschloss\/\" \/>\n<meta property=\"og:locale\" content=\"de_DE\" \/>\n<meta property=\"og:type\" content=\"article\" \/>\n<meta property=\"og:title\" content=\"Master Lock Nr. 410 Zenex\u2122 Thermoplastisches Sicherheitsschloss\" \/>\n<meta property=\"og:description\" content=\"Master Lock 410 Zenex\u2122 thermoplastisches Sicherheitsschloss mit 38 mm thermoplastischem K\u00f6rper und Metallsch\u00e4kel \u00d8 6 mm, robust.\" \/>\n<meta property=\"og:url\" content=\"https:\/\/d-identify.be\/de\/produkt\/master-lock-nr-410-zenex-thermoplastisches-sicherheitsschloss\/\" \/>\n<meta property=\"og:site_name\" content=\"d-identify\" \/>\n<meta property=\"article:modified_time\" content=\"2025-12-21T19:36:23+00:00\" \/>\n<meta property=\"og:image\" content=\"https:\/\/d-identify.be\/wp-content\/uploads\/2021\/07\/410ORJ.jpg\" \/>\n\t<meta property=\"og:image:width\" content=\"273\" \/>\n\t<meta property=\"og:image:height\" content=\"273\" \/>\n\t<meta property=\"og:image:type\" content=\"image\/jpeg\" \/>\n<meta name=\"twitter:card\" content=\"summary_large_image\" \/>\n<meta name=\"twitter:label1\" content=\"Gesch\u00e4tzte Lesezeit\" \/>\n\t<meta name=\"twitter:data1\" content=\"1\u00a0Minute\" \/>\n<script type=\"application\/ld+json\" class=\"yoast-schema-graph\">{\"@context\":\"https:\/\/schema.org\",\"@graph\":[{\"@type\":\"WebPage\",\"@id\":\"https:\/\/d-identify.be\/de\/produkt\/master-lock-nr-410-zenex-thermoplastisches-sicherheitsschloss\/\",\"url\":\"https:\/\/d-identify.be\/de\/produkt\/master-lock-nr-410-zenex-thermoplastisches-sicherheitsschloss\/\",\"name\":\"410 Zenex\u2122 thermoplastisches Sicherheitsschloss\",\"isPartOf\":{\"@id\":\"https:\/\/d-identify.be\/de\/#website\"},\"primaryImageOfPage\":{\"@id\":\"https:\/\/d-identify.be\/de\/produkt\/master-lock-nr-410-zenex-thermoplastisches-sicherheitsschloss\/#primaryimage\"},\"image\":{\"@id\":\"https:\/\/d-identify.be\/de\/produkt\/master-lock-nr-410-zenex-thermoplastisches-sicherheitsschloss\/#primaryimage\"},\"thumbnailUrl\":\"https:\/\/d-identify.be\/wp-content\/uploads\/2021\/07\/410ORJ.jpg\",\"datePublished\":\"2021-07-26T10:38:33+00:00\",\"dateModified\":\"2025-12-21T19:36:23+00:00\",\"description\":\"Master Lock 410 Zenex\u2122 thermoplastisches Sicherheitsschloss mit 38 mm thermoplastischem K\u00f6rper und Metallsch\u00e4kel \u00d8 6 mm, robust.\",\"breadcrumb\":{\"@id\":\"https:\/\/d-identify.be\/de\/produkt\/master-lock-nr-410-zenex-thermoplastisches-sicherheitsschloss\/#breadcrumb\"},\"inLanguage\":\"de\",\"potentialAction\":[{\"@type\":\"ReadAction\",\"target\":[\"https:\/\/d-identify.be\/de\/produkt\/master-lock-nr-410-zenex-thermoplastisches-sicherheitsschloss\/\"]}]},{\"@type\":\"ImageObject\",\"inLanguage\":\"de\",\"@id\":\"https:\/\/d-identify.be\/de\/produkt\/master-lock-nr-410-zenex-thermoplastisches-sicherheitsschloss\/#primaryimage\",\"url\":\"https:\/\/d-identify.be\/wp-content\/uploads\/2021\/07\/410ORJ.jpg\",\"contentUrl\":\"https:\/\/d-identify.be\/wp-content\/uploads\/2021\/07\/410ORJ.jpg\",\"width\":273,\"height\":273,\"caption\":\"410 Zenex\u2122 thermoplastic safety padlock, 38mm wide with 38mm shackle\"},{\"@type\":\"BreadcrumbList\",\"@id\":\"https:\/\/d-identify.be\/de\/produkt\/master-lock-nr-410-zenex-thermoplastisches-sicherheitsschloss\/#breadcrumb\",\"itemListElement\":[{\"@type\":\"ListItem\",\"position\":1,\"name\":\"Home\",\"item\":\"https:\/\/d-identify.be\/de\/home-2\/\"},{\"@type\":\"ListItem\",\"position\":2,\"name\":\"Shop\",\"item\":\"https:\/\/d-identify.be\/shop-2\/\"},{\"@type\":\"ListItem\",\"position\":3,\"name\":\"Master Lock Nr. 410 Zenex\u2122 Thermoplastisches Sicherheitsschloss\"}]},{\"@type\":\"WebSite\",\"@id\":\"https:\/\/d-identify.be\/de\/#website\",\"url\":\"https:\/\/d-identify.be\/de\/\",\"name\":\"d-identify\",\"description\":\"Industrial identification - Lockout - Tagout - Floor marking\",\"potentialAction\":[{\"@type\":\"SearchAction\",\"target\":{\"@type\":\"EntryPoint\",\"urlTemplate\":\"https:\/\/d-identify.be\/de\/?s={search_term_string}\"},\"query-input\":{\"@type\":\"PropertyValueSpecification\",\"valueRequired\":true,\"valueName\":\"search_term_string\"}}],\"inLanguage\":\"de\"}]}<\/script>\n<!-- \/ Yoast SEO Premium plugin. -->","yoast_head_json":{"title":"410 Zenex\u2122 thermoplastisches Sicherheitsschloss","description":"Master Lock 410 Zenex\u2122 thermoplastisches Sicherheitsschloss mit 38 mm thermoplastischem K\u00f6rper und Metallsch\u00e4kel \u00d8 6 mm, robust.","robots":{"index":"index","follow":"follow","max-snippet":"max-snippet:-1","max-image-preview":"max-image-preview:large","max-video-preview":"max-video-preview:-1"},"canonical":"https:\/\/d-identify.be\/de\/produkt\/master-lock-nr-410-zenex-thermoplastisches-sicherheitsschloss\/","og_locale":"de_DE","og_type":"article","og_title":"Master Lock Nr. 410 Zenex\u2122 Thermoplastisches Sicherheitsschloss","og_description":"Master Lock 410 Zenex\u2122 thermoplastisches Sicherheitsschloss mit 38 mm thermoplastischem K\u00f6rper und Metallsch\u00e4kel \u00d8 6 mm, robust.","og_url":"https:\/\/d-identify.be\/de\/produkt\/master-lock-nr-410-zenex-thermoplastisches-sicherheitsschloss\/","og_site_name":"d-identify","article_modified_time":"2025-12-21T19:36:23+00:00","og_image":[{"width":273,"height":273,"url":"https:\/\/d-identify.be\/wp-content\/uploads\/2021\/07\/410ORJ.jpg","type":"image\/jpeg"}],"twitter_card":"summary_large_image","twitter_misc":{"Gesch\u00e4tzte Lesezeit":"1\u00a0Minute"},"schema":{"@context":"https:\/\/schema.org","@graph":[{"@type":"WebPage","@id":"https:\/\/d-identify.be\/de\/produkt\/master-lock-nr-410-zenex-thermoplastisches-sicherheitsschloss\/","url":"https:\/\/d-identify.be\/de\/produkt\/master-lock-nr-410-zenex-thermoplastisches-sicherheitsschloss\/","name":"410 Zenex\u2122 thermoplastisches Sicherheitsschloss","isPartOf":{"@id":"https:\/\/d-identify.be\/de\/#website"},"primaryImageOfPage":{"@id":"https:\/\/d-identify.be\/de\/produkt\/master-lock-nr-410-zenex-thermoplastisches-sicherheitsschloss\/#primaryimage"},"image":{"@id":"https:\/\/d-identify.be\/de\/produkt\/master-lock-nr-410-zenex-thermoplastisches-sicherheitsschloss\/#primaryimage"},"thumbnailUrl":"https:\/\/d-identify.be\/wp-content\/uploads\/2021\/07\/410ORJ.jpg","datePublished":"2021-07-26T10:38:33+00:00","dateModified":"2025-12-21T19:36:23+00:00","description":"Master Lock 410 Zenex\u2122 thermoplastisches Sicherheitsschloss mit 38 mm thermoplastischem K\u00f6rper und Metallsch\u00e4kel \u00d8 6 mm, robust.","breadcrumb":{"@id":"https:\/\/d-identify.be\/de\/produkt\/master-lock-nr-410-zenex-thermoplastisches-sicherheitsschloss\/#breadcrumb"},"inLanguage":"de","potentialAction":[{"@type":"ReadAction","target":["https:\/\/d-identify.be\/de\/produkt\/master-lock-nr-410-zenex-thermoplastisches-sicherheitsschloss\/"]}]},{"@type":"ImageObject","inLanguage":"de","@id":"https:\/\/d-identify.be\/de\/produkt\/master-lock-nr-410-zenex-thermoplastisches-sicherheitsschloss\/#primaryimage","url":"https:\/\/d-identify.be\/wp-content\/uploads\/2021\/07\/410ORJ.jpg","contentUrl":"https:\/\/d-identify.be\/wp-content\/uploads\/2021\/07\/410ORJ.jpg","width":273,"height":273,"caption":"410 Zenex\u2122 thermoplastic safety padlock, 38mm wide with 38mm shackle"},{"@type":"BreadcrumbList","@id":"https:\/\/d-identify.be\/de\/produkt\/master-lock-nr-410-zenex-thermoplastisches-sicherheitsschloss\/#breadcrumb","itemListElement":[{"@type":"ListItem","position":1,"name":"Home","item":"https:\/\/d-identify.be\/de\/home-2\/"},{"@type":"ListItem","position":2,"name":"Shop","item":"https:\/\/d-identify.be\/shop-2\/"},{"@type":"ListItem","position":3,"name":"Master Lock Nr. 410 Zenex\u2122 Thermoplastisches Sicherheitsschloss"}]},{"@type":"WebSite","@id":"https:\/\/d-identify.be\/de\/#website","url":"https:\/\/d-identify.be\/de\/","name":"d-identify","description":"Industrial identification - Lockout - Tagout - Floor marking","potentialAction":[{"@type":"SearchAction","target":{"@type":"EntryPoint","urlTemplate":"https:\/\/d-identify.be\/de\/?s={search_term_string}"},"query-input":{"@type":"PropertyValueSpecification","valueRequired":true,"valueName":"search_term_string"}}],"inLanguage":"de"}]}},"_links":{"self":[{"href":"https:\/\/d-identify.be\/de\/wp-json\/wp\/v2\/product\/18503","targetHints":{"allow":["GET"]}}],"collection":[{"href":"https:\/\/d-identify.be\/de\/wp-json\/wp\/v2\/product"}],"about":[{"href":"https:\/\/d-identify.be\/de\/wp-json\/wp\/v2\/types\/product"}],"replies":[{"embeddable":true,"href":"https:\/\/d-identify.be\/de\/wp-json\/wp\/v2\/comments?post=18503"}],"wp:featuredmedia":[{"embeddable":true,"href":"https:\/\/d-identify.be\/de\/wp-json\/wp\/v2\/media\/18504"}],"wp:attachment":[{"href":"https:\/\/d-identify.be\/de\/wp-json\/wp\/v2\/media?parent=18503"}],"wp:term":[{"taxonomy":"product_brand","embeddable":true,"href":"https:\/\/d-identify.be\/de\/wp-json\/wp\/v2\/product_brand?post=18503"},{"taxonomy":"product_cat","embeddable":true,"href":"https:\/\/d-identify.be\/de\/wp-json\/wp\/v2\/product_cat?post=18503"},{"taxonomy":"product_tag","embeddable":true,"href":"https:\/\/d-identify.be\/de\/wp-json\/wp\/v2\/product_tag?post=18503"},{"taxonomy":"pa_connextion-shapes","embeddable":true,"href":"https:\/\/d-identify.be\/de\/wp-json\/wp\/v2\/pa_connextion-shapes?post=18503"}],"curies":[{"name":"wp","href":"https:\/\/api.w.org\/{rel}","templated":true}]}}