{"id":18391,"date":"2021-07-26T12:38:39","date_gmt":"2021-07-26T10:38:39","guid":{"rendered":"https:\/\/d-identify.be\/product\/verriegelungsschliessbuegel-aus-aluminium\/"},"modified":"2021-07-26T12:38:39","modified_gmt":"2021-07-26T10:38:39","slug":"verriegelungsschliessbuegel-aus-aluminium","status":"publish","type":"product","link":"https:\/\/d-identify.be\/de\/produkt\/verriegelungsschliessbuegel-aus-aluminium\/","title":{"rendered":"Verriegelungsschlie\u00dfb\u00fcgel aus Aluminium"},"content":{"rendered":"<div id=\"product-features\" class=\"d-lg-block collapse show\">\n<div class=\"row flex-column flex-lg-row\">\n<div class=\"col-12 col-md-6 col-lg-4 offset-lg-1 order-2\">\n<div class=\"my-3\">Das Master Lock Nr. 416 Aluminium-Sicherheits-Vorh\u00e4ngeschloss hat einen 1-Zoll (25mm) gro\u00dfen Innenbacken-Durchmesser und kann bis zu sechs Vorh\u00e4ngeschl\u00f6sser aufnehmen. Ideal f\u00fcr die Sperrung durch mehrere Arbeiter an jedem Sperrpunkt. Der B\u00fcgel h\u00e4lt die Ausr\u00fcstung w\u00e4hrend Reparaturen oder Anpassungen au\u00dfer Betrieb. Die Steuerung kann erst eingeschaltet werden, wenn das letzte Vorh\u00e4ngeschloss des Arbeiters vom B\u00fcgel entfernt wird.   <\/div>\n<div><\/div>\n<\/div>\n<div>Das Master Lock Nr. 417 Aluminium-Sicherheits-Vorh\u00e4ngeschloss hat einen 1-1\/2 Zoll (38mm) gro\u00dfen Innenbacken-Durchmesser und kann bis zu sechs Vorh\u00e4ngeschl\u00f6sser aufnehmen. Ideal f\u00fcr die Sperrung durch mehrere Arbeiter an jedem Sperrpunkt. Der B\u00fcgel h\u00e4lt die Ausr\u00fcstung w\u00e4hrend Reparaturen oder Anpassungen au\u00dfer Betrieb. Die Steuerung kann erst eingeschaltet werden, wenn das letzte Vorh\u00e4ngeschloss des Arbeiters vom B\u00fcgel entfernt wird.   <\/div>\n<\/div>\n<\/div>\n","protected":false},"excerpt":{"rendered":"<p>Das Master Lock Nr. 416 Aluminium-Sicherheits-Vorh\u00e4ngeschloss hat einen 1-Zoll (25mm) gro\u00dfen Innenbacken-Durchmesser und kann bis zu sechs Vorh\u00e4ngeschl\u00f6sser aufnehmen. Ideal f\u00fcr die Sperrung durch mehrere Arbeiter an jedem Sperrpunkt. Der B\u00fcgel h\u00e4lt die Ausr\u00fcstung w\u00e4hrend Reparaturen oder Anpassungen au\u00dfer Betrieb. Die Steuerung kann erst eingeschaltet werden, wenn das letzte Vorh\u00e4ngeschloss des Arbeiters vom B\u00fcgel entfernt [&hellip;]<\/p>\n","protected":false},"featured_media":18392,"comment_status":"open","ping_status":"closed","template":"","meta":{"_acf_changed":false,"_et_pb_use_builder":"","_et_pb_old_content":"","_et_gb_content_width":""},"product_brand":[],"product_cat":[461,629],"product_tag":[935],"pa_connextion-shapes":[],"class_list":{"0":"post-18391","1":"product","2":"type-product","3":"status-publish","4":"has-post-thumbnail","6":"product_cat-lockout-tagout-de","7":"product_cat-lockout-padlocks","8":"product_tag-master-lock-de","10":"first","11":"instock","12":"taxable","13":"shipping-taxable","14":"purchasable","15":"product-type-variable","16":"has-default-attributes"},"exclude_global_add_ons":[],"addons":[],"acf":[],"yoast_head":"<!-- This site is optimized with the Yoast SEO Premium plugin v27.0 (Yoast SEO v27.1) - https:\/\/yoast.com\/product\/yoast-seo-premium-wordpress\/ -->\n<title>Verriegelungsschlie\u00dfb\u00fcgel aus Aluminium<\/title>\n<meta name=\"description\" content=\"Das Master Lock No. 416 Aluminium-Sicherheits-Vorh\u00e4ngeschloss hat einen inneren Kieferdurchmesser von 1 Zoll (25 mm) und kann bis zu sechs Vorh\u00e4ngeschl\u00f6sser aufnehmen.\" \/>\n<meta name=\"robots\" content=\"index, follow, max-snippet:-1, max-image-preview:large, max-video-preview:-1\" \/>\n<link rel=\"canonical\" href=\"https:\/\/d-identify.be\/de\/produkt\/verriegelungsschliessbuegel-aus-aluminium\/\" \/>\n<meta property=\"og:locale\" content=\"de_DE\" \/>\n<meta property=\"og:type\" content=\"article\" \/>\n<meta property=\"og:title\" content=\"Verriegelungsschlie\u00dfb\u00fcgel aus Aluminium\" \/>\n<meta property=\"og:description\" content=\"Das Master Lock No. 416 Aluminium-Sicherheits-Vorh\u00e4ngeschloss hat einen inneren Kieferdurchmesser von 1 Zoll (25 mm) und kann bis zu sechs Vorh\u00e4ngeschl\u00f6sser aufnehmen.\" \/>\n<meta property=\"og:url\" content=\"https:\/\/d-identify.be\/de\/produkt\/verriegelungsschliessbuegel-aus-aluminium\/\" \/>\n<meta property=\"og:site_name\" content=\"d-identify\" \/>\n<meta property=\"og:image\" content=\"https:\/\/d-identify.be\/wp-content\/uploads\/2021\/07\/MLCOM_PRODUCT_416.jpg\" \/>\n\t<meta property=\"og:image:width\" content=\"263\" \/>\n\t<meta property=\"og:image:height\" content=\"263\" \/>\n\t<meta property=\"og:image:type\" content=\"image\/jpeg\" \/>\n<meta name=\"twitter:card\" content=\"summary_large_image\" \/>\n<meta name=\"twitter:label1\" content=\"Gesch\u00e4tzte Lesezeit\" \/>\n\t<meta name=\"twitter:data1\" content=\"1\u00a0Minute\" \/>\n<script type=\"application\/ld+json\" class=\"yoast-schema-graph\">{\"@context\":\"https:\/\/schema.org\",\"@graph\":[{\"@type\":\"WebPage\",\"@id\":\"https:\/\/d-identify.be\/de\/produkt\/verriegelungsschliessbuegel-aus-aluminium\/\",\"url\":\"https:\/\/d-identify.be\/de\/produkt\/verriegelungsschliessbuegel-aus-aluminium\/\",\"name\":\"Verriegelungsschlie\u00dfb\u00fcgel aus Aluminium\",\"isPartOf\":{\"@id\":\"https:\/\/d-identify.be\/de\/#website\"},\"primaryImageOfPage\":{\"@id\":\"https:\/\/d-identify.be\/de\/produkt\/verriegelungsschliessbuegel-aus-aluminium\/#primaryimage\"},\"image\":{\"@id\":\"https:\/\/d-identify.be\/de\/produkt\/verriegelungsschliessbuegel-aus-aluminium\/#primaryimage\"},\"thumbnailUrl\":\"https:\/\/d-identify.be\/wp-content\/uploads\/2021\/07\/MLCOM_PRODUCT_416.jpg\",\"datePublished\":\"2021-07-26T10:38:39+00:00\",\"description\":\"Das Master Lock No. 416 Aluminium-Sicherheits-Vorh\u00e4ngeschloss hat einen inneren Kieferdurchmesser von 1 Zoll (25 mm) und kann bis zu sechs Vorh\u00e4ngeschl\u00f6sser aufnehmen.\",\"breadcrumb\":{\"@id\":\"https:\/\/d-identify.be\/de\/produkt\/verriegelungsschliessbuegel-aus-aluminium\/#breadcrumb\"},\"inLanguage\":\"de\",\"potentialAction\":[{\"@type\":\"ReadAction\",\"target\":[\"https:\/\/d-identify.be\/de\/produkt\/verriegelungsschliessbuegel-aus-aluminium\/\"]}]},{\"@type\":\"ImageObject\",\"inLanguage\":\"de\",\"@id\":\"https:\/\/d-identify.be\/de\/produkt\/verriegelungsschliessbuegel-aus-aluminium\/#primaryimage\",\"url\":\"https:\/\/d-identify.be\/wp-content\/uploads\/2021\/07\/MLCOM_PRODUCT_416.jpg\",\"contentUrl\":\"https:\/\/d-identify.be\/wp-content\/uploads\/2021\/07\/MLCOM_PRODUCT_416.jpg\",\"width\":263,\"height\":263},{\"@type\":\"BreadcrumbList\",\"@id\":\"https:\/\/d-identify.be\/de\/produkt\/verriegelungsschliessbuegel-aus-aluminium\/#breadcrumb\",\"itemListElement\":[{\"@type\":\"ListItem\",\"position\":1,\"name\":\"Home\",\"item\":\"https:\/\/d-identify.be\/de\/home-2\/\"},{\"@type\":\"ListItem\",\"position\":2,\"name\":\"Shop\",\"item\":\"https:\/\/d-identify.be\/shop-2\/\"},{\"@type\":\"ListItem\",\"position\":3,\"name\":\"Verriegelungsschlie\u00dfb\u00fcgel aus Aluminium\"}]},{\"@type\":\"WebSite\",\"@id\":\"https:\/\/d-identify.be\/de\/#website\",\"url\":\"https:\/\/d-identify.be\/de\/\",\"name\":\"d-identify\",\"description\":\"Industrial identification - Lockout - Tagout - Floor marking\",\"potentialAction\":[{\"@type\":\"SearchAction\",\"target\":{\"@type\":\"EntryPoint\",\"urlTemplate\":\"https:\/\/d-identify.be\/de\/?s={search_term_string}\"},\"query-input\":{\"@type\":\"PropertyValueSpecification\",\"valueRequired\":true,\"valueName\":\"search_term_string\"}}],\"inLanguage\":\"de\"}]}<\/script>\n<!-- \/ Yoast SEO Premium plugin. -->","yoast_head_json":{"title":"Verriegelungsschlie\u00dfb\u00fcgel aus Aluminium","description":"Das Master Lock No. 416 Aluminium-Sicherheits-Vorh\u00e4ngeschloss hat einen inneren Kieferdurchmesser von 1 Zoll (25 mm) und kann bis zu sechs Vorh\u00e4ngeschl\u00f6sser aufnehmen.","robots":{"index":"index","follow":"follow","max-snippet":"max-snippet:-1","max-image-preview":"max-image-preview:large","max-video-preview":"max-video-preview:-1"},"canonical":"https:\/\/d-identify.be\/de\/produkt\/verriegelungsschliessbuegel-aus-aluminium\/","og_locale":"de_DE","og_type":"article","og_title":"Verriegelungsschlie\u00dfb\u00fcgel aus Aluminium","og_description":"Das Master Lock No. 416 Aluminium-Sicherheits-Vorh\u00e4ngeschloss hat einen inneren Kieferdurchmesser von 1 Zoll (25 mm) und kann bis zu sechs Vorh\u00e4ngeschl\u00f6sser aufnehmen.","og_url":"https:\/\/d-identify.be\/de\/produkt\/verriegelungsschliessbuegel-aus-aluminium\/","og_site_name":"d-identify","og_image":[{"width":263,"height":263,"url":"https:\/\/d-identify.be\/wp-content\/uploads\/2021\/07\/MLCOM_PRODUCT_416.jpg","type":"image\/jpeg"}],"twitter_card":"summary_large_image","twitter_misc":{"Gesch\u00e4tzte Lesezeit":"1\u00a0Minute"},"schema":{"@context":"https:\/\/schema.org","@graph":[{"@type":"WebPage","@id":"https:\/\/d-identify.be\/de\/produkt\/verriegelungsschliessbuegel-aus-aluminium\/","url":"https:\/\/d-identify.be\/de\/produkt\/verriegelungsschliessbuegel-aus-aluminium\/","name":"Verriegelungsschlie\u00dfb\u00fcgel aus Aluminium","isPartOf":{"@id":"https:\/\/d-identify.be\/de\/#website"},"primaryImageOfPage":{"@id":"https:\/\/d-identify.be\/de\/produkt\/verriegelungsschliessbuegel-aus-aluminium\/#primaryimage"},"image":{"@id":"https:\/\/d-identify.be\/de\/produkt\/verriegelungsschliessbuegel-aus-aluminium\/#primaryimage"},"thumbnailUrl":"https:\/\/d-identify.be\/wp-content\/uploads\/2021\/07\/MLCOM_PRODUCT_416.jpg","datePublished":"2021-07-26T10:38:39+00:00","description":"Das Master Lock No. 416 Aluminium-Sicherheits-Vorh\u00e4ngeschloss hat einen inneren Kieferdurchmesser von 1 Zoll (25 mm) und kann bis zu sechs Vorh\u00e4ngeschl\u00f6sser aufnehmen.","breadcrumb":{"@id":"https:\/\/d-identify.be\/de\/produkt\/verriegelungsschliessbuegel-aus-aluminium\/#breadcrumb"},"inLanguage":"de","potentialAction":[{"@type":"ReadAction","target":["https:\/\/d-identify.be\/de\/produkt\/verriegelungsschliessbuegel-aus-aluminium\/"]}]},{"@type":"ImageObject","inLanguage":"de","@id":"https:\/\/d-identify.be\/de\/produkt\/verriegelungsschliessbuegel-aus-aluminium\/#primaryimage","url":"https:\/\/d-identify.be\/wp-content\/uploads\/2021\/07\/MLCOM_PRODUCT_416.jpg","contentUrl":"https:\/\/d-identify.be\/wp-content\/uploads\/2021\/07\/MLCOM_PRODUCT_416.jpg","width":263,"height":263},{"@type":"BreadcrumbList","@id":"https:\/\/d-identify.be\/de\/produkt\/verriegelungsschliessbuegel-aus-aluminium\/#breadcrumb","itemListElement":[{"@type":"ListItem","position":1,"name":"Home","item":"https:\/\/d-identify.be\/de\/home-2\/"},{"@type":"ListItem","position":2,"name":"Shop","item":"https:\/\/d-identify.be\/shop-2\/"},{"@type":"ListItem","position":3,"name":"Verriegelungsschlie\u00dfb\u00fcgel aus Aluminium"}]},{"@type":"WebSite","@id":"https:\/\/d-identify.be\/de\/#website","url":"https:\/\/d-identify.be\/de\/","name":"d-identify","description":"Industrial identification - Lockout - Tagout - Floor marking","potentialAction":[{"@type":"SearchAction","target":{"@type":"EntryPoint","urlTemplate":"https:\/\/d-identify.be\/de\/?s={search_term_string}"},"query-input":{"@type":"PropertyValueSpecification","valueRequired":true,"valueName":"search_term_string"}}],"inLanguage":"de"}]}},"_links":{"self":[{"href":"https:\/\/d-identify.be\/de\/wp-json\/wp\/v2\/product\/18391","targetHints":{"allow":["GET"]}}],"collection":[{"href":"https:\/\/d-identify.be\/de\/wp-json\/wp\/v2\/product"}],"about":[{"href":"https:\/\/d-identify.be\/de\/wp-json\/wp\/v2\/types\/product"}],"replies":[{"embeddable":true,"href":"https:\/\/d-identify.be\/de\/wp-json\/wp\/v2\/comments?post=18391"}],"wp:featuredmedia":[{"embeddable":true,"href":"https:\/\/d-identify.be\/de\/wp-json\/wp\/v2\/media\/18392"}],"wp:attachment":[{"href":"https:\/\/d-identify.be\/de\/wp-json\/wp\/v2\/media?parent=18391"}],"wp:term":[{"taxonomy":"product_brand","embeddable":true,"href":"https:\/\/d-identify.be\/de\/wp-json\/wp\/v2\/product_brand?post=18391"},{"taxonomy":"product_cat","embeddable":true,"href":"https:\/\/d-identify.be\/de\/wp-json\/wp\/v2\/product_cat?post=18391"},{"taxonomy":"product_tag","embeddable":true,"href":"https:\/\/d-identify.be\/de\/wp-json\/wp\/v2\/product_tag?post=18391"},{"taxonomy":"pa_connextion-shapes","embeddable":true,"href":"https:\/\/d-identify.be\/de\/wp-json\/wp\/v2\/pa_connextion-shapes?post=18391"}],"curies":[{"name":"wp","href":"https:\/\/api.w.org\/{rel}","templated":true}]}}