{"id":18325,"date":"2021-07-26T12:38:56","date_gmt":"2021-07-26T10:38:56","guid":{"rendered":"https:\/\/d-identify.be\/product\/deluxe-sperrstation-leer\/"},"modified":"2025-12-20T14:17:38","modified_gmt":"2025-12-20T12:17:38","slug":"master-lock-s1800-deluxe-etikettenzentrum","status":"publish","type":"product","link":"https:\/\/d-identify.be\/de\/produkt\/master-lock-s1800-deluxe-etikettenzentrum\/","title":{"rendered":"Master Lock S1800 Deluxe Etikettenzentrum"},"content":{"rendered":"<p data-start=\"514\" data-end=\"677\">Das Master Lock S1800 Deluxe Etikettenzentrum bietet eine \u00fcbersichtliche und geordnete Aufbewahrung f\u00fcr Lockout- und Sicherheitsetiketten. Es beschleunigt Arbeitsabl\u00e4ufe und reduziert Fehler bei Wartungsarbeiten.<\/p>\n<p data-start=\"679\" data-end=\"903\">Die robuste Konstruktion eignet sich f\u00fcr den t\u00e4glichen Einsatz in industriellen Umgebungen. Der offene Zugriff erm\u00f6glicht es Anwendern, schnell das richtige Etikett zu entnehmen. Die \u00fcbersichtliche Anordnung verbessert die Sichtbarkeit und unterst\u00fctzt eine konsequente Lockout-Tagout-Praxis.<\/p>\n<p data-start=\"905\" data-end=\"1012\">Dieses Tag Center tr\u00e4gt zur Verbesserung der Arbeitssicherheit bei und unterst\u00fctzt die Einhaltung von Sicherheitsvorschriften bei Wartungs- und Reparaturarbeiten.<\/p>\n","protected":false},"excerpt":{"rendered":"<p>Das Master Lock No. S1800 Deluxe Tag Center, unfilled, verf\u00fcgt \u00fcber eine robuste Konstruktion, um eine lange Lebensdauer in Produktionsst\u00e4tten zu gew\u00e4hrleisten, und \u00fcber abgedeckte F\u00e4cher, um Ger\u00e4te zu sch\u00fctzen und Staub und Schmutz fernzuhalten. Jedes Fach fasst 25 Tags und kann auch Sicherheitsbrillen und Geh\u00f6rschutz aufnehmen.<\/p>\n","protected":false},"featured_media":18326,"comment_status":"open","ping_status":"closed","template":"","meta":{"_acf_changed":false,"_et_pb_use_builder":"","_et_pb_old_content":"","_et_gb_content_width":""},"product_brand":[],"product_cat":[461,474],"product_tag":[935],"pa_connextion-shapes":[],"class_list":{"0":"post-18325","1":"product","2":"type-product","3":"status-publish","4":"has-post-thumbnail","6":"product_cat-lockout-tagout-de","7":"product_cat-empty-lockout-stations","8":"product_tag-master-lock-de","10":"first","11":"instock","12":"taxable","13":"shipping-taxable","14":"purchasable","15":"product-type-simple"},"exclude_global_add_ons":[],"addons":[],"acf":[],"yoast_head":"<!-- This site is optimized with the Yoast SEO Premium plugin v27.0 (Yoast SEO v27.1) - https:\/\/yoast.com\/product\/yoast-seo-premium-wordpress\/ -->\n<title>S1800 Deluxe Etikettenzentrum von Master Lock<\/title>\n<meta name=\"description\" content=\"S1800 Deluxe Etikettenzentrum von Master Lock f\u00fcr \u00fcbersichtliche Aufbewahrung von Lockout- und Sicherheitsetiketten in industriellen Wartungsumgebungen.\" \/>\n<meta name=\"robots\" content=\"index, follow, max-snippet:-1, max-image-preview:large, max-video-preview:-1\" \/>\n<link rel=\"canonical\" href=\"https:\/\/d-identify.be\/de\/produkt\/master-lock-s1800-deluxe-etikettenzentrum\/\" \/>\n<meta property=\"og:locale\" content=\"de_DE\" \/>\n<meta property=\"og:type\" content=\"article\" \/>\n<meta property=\"og:title\" content=\"Master Lock S1800 Deluxe Etikettenzentrum\" \/>\n<meta property=\"og:description\" content=\"S1800 Deluxe Etikettenzentrum von Master Lock f\u00fcr \u00fcbersichtliche Aufbewahrung von Lockout- und Sicherheitsetiketten in industriellen Wartungsumgebungen.\" \/>\n<meta property=\"og:url\" content=\"https:\/\/d-identify.be\/de\/produkt\/master-lock-s1800-deluxe-etikettenzentrum\/\" \/>\n<meta property=\"og:site_name\" content=\"d-identify\" \/>\n<meta property=\"article:modified_time\" content=\"2025-12-20T12:17:38+00:00\" \/>\n<meta property=\"og:image\" content=\"https:\/\/d-identify.be\/wp-content\/uploads\/2021\/07\/MLCOM_PRODUCT_S1800.jpg\" \/>\n\t<meta property=\"og:image:width\" content=\"285\" \/>\n\t<meta property=\"og:image:height\" content=\"285\" \/>\n\t<meta property=\"og:image:type\" content=\"image\/jpeg\" \/>\n<meta name=\"twitter:card\" content=\"summary_large_image\" \/>\n<meta name=\"twitter:label1\" content=\"Gesch\u00e4tzte Lesezeit\" \/>\n\t<meta name=\"twitter:data1\" content=\"1\u00a0Minute\" \/>\n<script type=\"application\/ld+json\" class=\"yoast-schema-graph\">{\"@context\":\"https:\/\/schema.org\",\"@graph\":[{\"@type\":\"WebPage\",\"@id\":\"https:\/\/d-identify.be\/de\/produkt\/master-lock-s1800-deluxe-etikettenzentrum\/\",\"url\":\"https:\/\/d-identify.be\/de\/produkt\/master-lock-s1800-deluxe-etikettenzentrum\/\",\"name\":\"S1800 Deluxe Etikettenzentrum von Master Lock\",\"isPartOf\":{\"@id\":\"https:\/\/d-identify.be\/de\/#website\"},\"primaryImageOfPage\":{\"@id\":\"https:\/\/d-identify.be\/de\/produkt\/master-lock-s1800-deluxe-etikettenzentrum\/#primaryimage\"},\"image\":{\"@id\":\"https:\/\/d-identify.be\/de\/produkt\/master-lock-s1800-deluxe-etikettenzentrum\/#primaryimage\"},\"thumbnailUrl\":\"https:\/\/d-identify.be\/wp-content\/uploads\/2021\/07\/MLCOM_PRODUCT_S1800.jpg\",\"datePublished\":\"2021-07-26T10:38:56+00:00\",\"dateModified\":\"2025-12-20T12:17:38+00:00\",\"description\":\"S1800 Deluxe Etikettenzentrum von Master Lock f\u00fcr \u00fcbersichtliche Aufbewahrung von Lockout- und Sicherheitsetiketten in industriellen Wartungsumgebungen.\",\"breadcrumb\":{\"@id\":\"https:\/\/d-identify.be\/de\/produkt\/master-lock-s1800-deluxe-etikettenzentrum\/#breadcrumb\"},\"inLanguage\":\"de\",\"potentialAction\":[{\"@type\":\"ReadAction\",\"target\":[\"https:\/\/d-identify.be\/de\/produkt\/master-lock-s1800-deluxe-etikettenzentrum\/\"]}]},{\"@type\":\"ImageObject\",\"inLanguage\":\"de\",\"@id\":\"https:\/\/d-identify.be\/de\/produkt\/master-lock-s1800-deluxe-etikettenzentrum\/#primaryimage\",\"url\":\"https:\/\/d-identify.be\/wp-content\/uploads\/2021\/07\/MLCOM_PRODUCT_S1800.jpg\",\"contentUrl\":\"https:\/\/d-identify.be\/wp-content\/uploads\/2021\/07\/MLCOM_PRODUCT_S1800.jpg\",\"width\":285,\"height\":285,\"caption\":\"S1800 Deluxe Etikettenzentrum - Master Lock\"},{\"@type\":\"BreadcrumbList\",\"@id\":\"https:\/\/d-identify.be\/de\/produkt\/master-lock-s1800-deluxe-etikettenzentrum\/#breadcrumb\",\"itemListElement\":[{\"@type\":\"ListItem\",\"position\":1,\"name\":\"Home\",\"item\":\"https:\/\/d-identify.be\/de\/home-2\/\"},{\"@type\":\"ListItem\",\"position\":2,\"name\":\"Shop\",\"item\":\"https:\/\/d-identify.be\/shop-2\/\"},{\"@type\":\"ListItem\",\"position\":3,\"name\":\"Master Lock S1800 Deluxe Etikettenzentrum\"}]},{\"@type\":\"WebSite\",\"@id\":\"https:\/\/d-identify.be\/de\/#website\",\"url\":\"https:\/\/d-identify.be\/de\/\",\"name\":\"d-identify\",\"description\":\"Industrial identification - Lockout - Tagout - Floor marking\",\"potentialAction\":[{\"@type\":\"SearchAction\",\"target\":{\"@type\":\"EntryPoint\",\"urlTemplate\":\"https:\/\/d-identify.be\/de\/?s={search_term_string}\"},\"query-input\":{\"@type\":\"PropertyValueSpecification\",\"valueRequired\":true,\"valueName\":\"search_term_string\"}}],\"inLanguage\":\"de\"}]}<\/script>\n<!-- \/ Yoast SEO Premium plugin. -->","yoast_head_json":{"title":"S1800 Deluxe Etikettenzentrum von Master Lock","description":"S1800 Deluxe Etikettenzentrum von Master Lock f\u00fcr \u00fcbersichtliche Aufbewahrung von Lockout- und Sicherheitsetiketten in industriellen Wartungsumgebungen.","robots":{"index":"index","follow":"follow","max-snippet":"max-snippet:-1","max-image-preview":"max-image-preview:large","max-video-preview":"max-video-preview:-1"},"canonical":"https:\/\/d-identify.be\/de\/produkt\/master-lock-s1800-deluxe-etikettenzentrum\/","og_locale":"de_DE","og_type":"article","og_title":"Master Lock S1800 Deluxe Etikettenzentrum","og_description":"S1800 Deluxe Etikettenzentrum von Master Lock f\u00fcr \u00fcbersichtliche Aufbewahrung von Lockout- und Sicherheitsetiketten in industriellen Wartungsumgebungen.","og_url":"https:\/\/d-identify.be\/de\/produkt\/master-lock-s1800-deluxe-etikettenzentrum\/","og_site_name":"d-identify","article_modified_time":"2025-12-20T12:17:38+00:00","og_image":[{"width":285,"height":285,"url":"https:\/\/d-identify.be\/wp-content\/uploads\/2021\/07\/MLCOM_PRODUCT_S1800.jpg","type":"image\/jpeg"}],"twitter_card":"summary_large_image","twitter_misc":{"Gesch\u00e4tzte Lesezeit":"1\u00a0Minute"},"schema":{"@context":"https:\/\/schema.org","@graph":[{"@type":"WebPage","@id":"https:\/\/d-identify.be\/de\/produkt\/master-lock-s1800-deluxe-etikettenzentrum\/","url":"https:\/\/d-identify.be\/de\/produkt\/master-lock-s1800-deluxe-etikettenzentrum\/","name":"S1800 Deluxe Etikettenzentrum von Master Lock","isPartOf":{"@id":"https:\/\/d-identify.be\/de\/#website"},"primaryImageOfPage":{"@id":"https:\/\/d-identify.be\/de\/produkt\/master-lock-s1800-deluxe-etikettenzentrum\/#primaryimage"},"image":{"@id":"https:\/\/d-identify.be\/de\/produkt\/master-lock-s1800-deluxe-etikettenzentrum\/#primaryimage"},"thumbnailUrl":"https:\/\/d-identify.be\/wp-content\/uploads\/2021\/07\/MLCOM_PRODUCT_S1800.jpg","datePublished":"2021-07-26T10:38:56+00:00","dateModified":"2025-12-20T12:17:38+00:00","description":"S1800 Deluxe Etikettenzentrum von Master Lock f\u00fcr \u00fcbersichtliche Aufbewahrung von Lockout- und Sicherheitsetiketten in industriellen Wartungsumgebungen.","breadcrumb":{"@id":"https:\/\/d-identify.be\/de\/produkt\/master-lock-s1800-deluxe-etikettenzentrum\/#breadcrumb"},"inLanguage":"de","potentialAction":[{"@type":"ReadAction","target":["https:\/\/d-identify.be\/de\/produkt\/master-lock-s1800-deluxe-etikettenzentrum\/"]}]},{"@type":"ImageObject","inLanguage":"de","@id":"https:\/\/d-identify.be\/de\/produkt\/master-lock-s1800-deluxe-etikettenzentrum\/#primaryimage","url":"https:\/\/d-identify.be\/wp-content\/uploads\/2021\/07\/MLCOM_PRODUCT_S1800.jpg","contentUrl":"https:\/\/d-identify.be\/wp-content\/uploads\/2021\/07\/MLCOM_PRODUCT_S1800.jpg","width":285,"height":285,"caption":"S1800 Deluxe Etikettenzentrum - Master Lock"},{"@type":"BreadcrumbList","@id":"https:\/\/d-identify.be\/de\/produkt\/master-lock-s1800-deluxe-etikettenzentrum\/#breadcrumb","itemListElement":[{"@type":"ListItem","position":1,"name":"Home","item":"https:\/\/d-identify.be\/de\/home-2\/"},{"@type":"ListItem","position":2,"name":"Shop","item":"https:\/\/d-identify.be\/shop-2\/"},{"@type":"ListItem","position":3,"name":"Master Lock S1800 Deluxe Etikettenzentrum"}]},{"@type":"WebSite","@id":"https:\/\/d-identify.be\/de\/#website","url":"https:\/\/d-identify.be\/de\/","name":"d-identify","description":"Industrial identification - Lockout - Tagout - Floor marking","potentialAction":[{"@type":"SearchAction","target":{"@type":"EntryPoint","urlTemplate":"https:\/\/d-identify.be\/de\/?s={search_term_string}"},"query-input":{"@type":"PropertyValueSpecification","valueRequired":true,"valueName":"search_term_string"}}],"inLanguage":"de"}]}},"_links":{"self":[{"href":"https:\/\/d-identify.be\/de\/wp-json\/wp\/v2\/product\/18325","targetHints":{"allow":["GET"]}}],"collection":[{"href":"https:\/\/d-identify.be\/de\/wp-json\/wp\/v2\/product"}],"about":[{"href":"https:\/\/d-identify.be\/de\/wp-json\/wp\/v2\/types\/product"}],"replies":[{"embeddable":true,"href":"https:\/\/d-identify.be\/de\/wp-json\/wp\/v2\/comments?post=18325"}],"wp:featuredmedia":[{"embeddable":true,"href":"https:\/\/d-identify.be\/de\/wp-json\/wp\/v2\/media\/18326"}],"wp:attachment":[{"href":"https:\/\/d-identify.be\/de\/wp-json\/wp\/v2\/media?parent=18325"}],"wp:term":[{"taxonomy":"product_brand","embeddable":true,"href":"https:\/\/d-identify.be\/de\/wp-json\/wp\/v2\/product_brand?post=18325"},{"taxonomy":"product_cat","embeddable":true,"href":"https:\/\/d-identify.be\/de\/wp-json\/wp\/v2\/product_cat?post=18325"},{"taxonomy":"product_tag","embeddable":true,"href":"https:\/\/d-identify.be\/de\/wp-json\/wp\/v2\/product_tag?post=18325"},{"taxonomy":"pa_connextion-shapes","embeddable":true,"href":"https:\/\/d-identify.be\/de\/wp-json\/wp\/v2\/pa_connextion-shapes?post=18325"}],"curies":[{"name":"wp","href":"https:\/\/api.w.org\/{rel}","templated":true}]}}