{"id":18310,"date":"2021-07-26T12:39:07","date_gmt":"2021-07-26T10:39:07","guid":{"rendered":"https:\/\/d-identify.be\/product\/doppellagiger-aluminium-sperrbugel\/"},"modified":"2021-07-26T12:39:07","modified_gmt":"2021-07-26T10:39:07","slug":"doppellagiger-aluminium-sperrbugel","status":"publish","type":"product","link":"https:\/\/d-identify.be\/de\/produkt\/doppellagiger-aluminium-sperrbugel\/","title":{"rendered":"Doppellagiger Aluminium-Sperrb\u00fcgel"},"content":{"rendered":"<p>The Master Lock No. 429 Aluminum Lockout Hasp features a dual jaw. Also spark-resistant aluminum body with a 25mm x 38mm diameter inside jaw clearance, and can accept up to 8 padlocks. Ideal for lockout by multiple workers at each lockout point, the hasp keeps equipment inoperative while repairs or adjustments are made. Die Steuerung kann nicht eingeschaltet werden, bis das Vorh\u00e4ngeschloss des letzten Arbeiters vom B\u00fcgel entfernt wird.   <\/p>\n","protected":false},"excerpt":{"rendered":"<p>Das Master Lock Nr. 429 Aluminium-Vorh\u00e4ngeschloss hat einen Doppelbacken. Es verf\u00fcgt auch \u00fcber einen funkenbest\u00e4ndigen Aluminiumk\u00f6rper mit einer Innendurchgangs\u00f6ffnung von 25 mm x 38 mm und kann bis zu 8 Vorh\u00e4ngeschl\u00f6sser aufnehmen. Ideal f\u00fcr die Abschaltung durch mehrere Arbeiter an jedem Abschaltungspunkt, h\u00e4lt der B\u00fcgel die Ausr\u00fcstung funktionsunf\u00e4hig, w\u00e4hrend Reparaturen oder Einstellungen vorgenommen werden.  <\/p>\n","protected":false},"featured_media":18311,"comment_status":"open","ping_status":"closed","template":"","meta":{"_acf_changed":false,"_et_pb_use_builder":"","_et_pb_old_content":"","_et_gb_content_width":""},"product_brand":[],"product_cat":[461,629],"product_tag":[935],"pa_connextion-shapes":[],"class_list":{"0":"post-18310","1":"product","2":"type-product","3":"status-publish","4":"has-post-thumbnail","6":"product_cat-lockout-tagout-de","7":"product_cat-lockout-padlocks","8":"product_tag-master-lock-de","10":"first","11":"instock","12":"taxable","13":"shipping-taxable","14":"purchasable","15":"product-type-simple"},"exclude_global_add_ons":[],"addons":[],"acf":[],"yoast_head":"<!-- This site is optimized with the Yoast SEO Premium plugin v27.0 (Yoast SEO v27.1) - https:\/\/yoast.com\/product\/yoast-seo-premium-wordpress\/ -->\n<title>Doppellagiger Aluminium-Sperrb\u00fcgel<\/title>\n<meta name=\"description\" content=\"Das Master Lock Nr. 429 Aluminium-Vorh\u00e4ngeschloss hat einen Doppelbacken und einen funkenresistenten Aluminiumk\u00f6rper mit einem Durchmesser von 25 mm x 38 mm.\" \/>\n<meta name=\"robots\" content=\"index, follow, max-snippet:-1, max-image-preview:large, max-video-preview:-1\" \/>\n<link rel=\"canonical\" href=\"https:\/\/d-identify.be\/de\/produkt\/doppellagiger-aluminium-sperrbugel\/\" \/>\n<meta property=\"og:locale\" content=\"de_DE\" \/>\n<meta property=\"og:type\" content=\"article\" \/>\n<meta property=\"og:title\" content=\"Doppellagiger Aluminium-Sperrb\u00fcgel\" \/>\n<meta property=\"og:description\" content=\"Das Master Lock Nr. 429 Aluminium-Vorh\u00e4ngeschloss hat einen Doppelbacken und einen funkenresistenten Aluminiumk\u00f6rper mit einem Durchmesser von 25 mm x 38 mm.\" \/>\n<meta property=\"og:url\" content=\"https:\/\/d-identify.be\/de\/produkt\/doppellagiger-aluminium-sperrbugel\/\" \/>\n<meta property=\"og:site_name\" content=\"d-identify\" \/>\n<meta property=\"og:image\" content=\"https:\/\/d-identify.be\/wp-content\/uploads\/2021\/07\/MLCOM_PRODUCT_429.jpg\" \/>\n\t<meta property=\"og:image:width\" content=\"285\" \/>\n\t<meta property=\"og:image:height\" content=\"285\" \/>\n\t<meta property=\"og:image:type\" content=\"image\/jpeg\" \/>\n<meta name=\"twitter:card\" content=\"summary_large_image\" \/>\n<script type=\"application\/ld+json\" class=\"yoast-schema-graph\">{\"@context\":\"https:\/\/schema.org\",\"@graph\":[{\"@type\":\"WebPage\",\"@id\":\"https:\/\/d-identify.be\/de\/produkt\/doppellagiger-aluminium-sperrbugel\/\",\"url\":\"https:\/\/d-identify.be\/de\/produkt\/doppellagiger-aluminium-sperrbugel\/\",\"name\":\"Doppellagiger Aluminium-Sperrb\u00fcgel\",\"isPartOf\":{\"@id\":\"https:\/\/d-identify.be\/de\/#website\"},\"primaryImageOfPage\":{\"@id\":\"https:\/\/d-identify.be\/de\/produkt\/doppellagiger-aluminium-sperrbugel\/#primaryimage\"},\"image\":{\"@id\":\"https:\/\/d-identify.be\/de\/produkt\/doppellagiger-aluminium-sperrbugel\/#primaryimage\"},\"thumbnailUrl\":\"https:\/\/d-identify.be\/wp-content\/uploads\/2021\/07\/MLCOM_PRODUCT_429.jpg\",\"datePublished\":\"2021-07-26T10:39:07+00:00\",\"description\":\"Das Master Lock Nr. 429 Aluminium-Vorh\u00e4ngeschloss hat einen Doppelbacken und einen funkenresistenten Aluminiumk\u00f6rper mit einem Durchmesser von 25 mm x 38 mm.\",\"breadcrumb\":{\"@id\":\"https:\/\/d-identify.be\/de\/produkt\/doppellagiger-aluminium-sperrbugel\/#breadcrumb\"},\"inLanguage\":\"de\",\"potentialAction\":[{\"@type\":\"ReadAction\",\"target\":[\"https:\/\/d-identify.be\/de\/produkt\/doppellagiger-aluminium-sperrbugel\/\"]}]},{\"@type\":\"ImageObject\",\"inLanguage\":\"de\",\"@id\":\"https:\/\/d-identify.be\/de\/produkt\/doppellagiger-aluminium-sperrbugel\/#primaryimage\",\"url\":\"https:\/\/d-identify.be\/wp-content\/uploads\/2021\/07\/MLCOM_PRODUCT_429.jpg\",\"contentUrl\":\"https:\/\/d-identify.be\/wp-content\/uploads\/2021\/07\/MLCOM_PRODUCT_429.jpg\",\"width\":285,\"height\":285},{\"@type\":\"BreadcrumbList\",\"@id\":\"https:\/\/d-identify.be\/de\/produkt\/doppellagiger-aluminium-sperrbugel\/#breadcrumb\",\"itemListElement\":[{\"@type\":\"ListItem\",\"position\":1,\"name\":\"Home\",\"item\":\"https:\/\/d-identify.be\/de\/home-2\/\"},{\"@type\":\"ListItem\",\"position\":2,\"name\":\"Shop\",\"item\":\"https:\/\/d-identify.be\/shop-2\/\"},{\"@type\":\"ListItem\",\"position\":3,\"name\":\"Doppellagiger Aluminium-Sperrb\u00fcgel\"}]},{\"@type\":\"WebSite\",\"@id\":\"https:\/\/d-identify.be\/de\/#website\",\"url\":\"https:\/\/d-identify.be\/de\/\",\"name\":\"d-identify\",\"description\":\"Industrial identification - Lockout - Tagout - Floor marking\",\"potentialAction\":[{\"@type\":\"SearchAction\",\"target\":{\"@type\":\"EntryPoint\",\"urlTemplate\":\"https:\/\/d-identify.be\/de\/?s={search_term_string}\"},\"query-input\":{\"@type\":\"PropertyValueSpecification\",\"valueRequired\":true,\"valueName\":\"search_term_string\"}}],\"inLanguage\":\"de\"}]}<\/script>\n<!-- \/ Yoast SEO Premium plugin. -->","yoast_head_json":{"title":"Doppellagiger Aluminium-Sperrb\u00fcgel","description":"Das Master Lock Nr. 429 Aluminium-Vorh\u00e4ngeschloss hat einen Doppelbacken und einen funkenresistenten Aluminiumk\u00f6rper mit einem Durchmesser von 25 mm x 38 mm.","robots":{"index":"index","follow":"follow","max-snippet":"max-snippet:-1","max-image-preview":"max-image-preview:large","max-video-preview":"max-video-preview:-1"},"canonical":"https:\/\/d-identify.be\/de\/produkt\/doppellagiger-aluminium-sperrbugel\/","og_locale":"de_DE","og_type":"article","og_title":"Doppellagiger Aluminium-Sperrb\u00fcgel","og_description":"Das Master Lock Nr. 429 Aluminium-Vorh\u00e4ngeschloss hat einen Doppelbacken und einen funkenresistenten Aluminiumk\u00f6rper mit einem Durchmesser von 25 mm x 38 mm.","og_url":"https:\/\/d-identify.be\/de\/produkt\/doppellagiger-aluminium-sperrbugel\/","og_site_name":"d-identify","og_image":[{"width":285,"height":285,"url":"https:\/\/d-identify.be\/wp-content\/uploads\/2021\/07\/MLCOM_PRODUCT_429.jpg","type":"image\/jpeg"}],"twitter_card":"summary_large_image","schema":{"@context":"https:\/\/schema.org","@graph":[{"@type":"WebPage","@id":"https:\/\/d-identify.be\/de\/produkt\/doppellagiger-aluminium-sperrbugel\/","url":"https:\/\/d-identify.be\/de\/produkt\/doppellagiger-aluminium-sperrbugel\/","name":"Doppellagiger Aluminium-Sperrb\u00fcgel","isPartOf":{"@id":"https:\/\/d-identify.be\/de\/#website"},"primaryImageOfPage":{"@id":"https:\/\/d-identify.be\/de\/produkt\/doppellagiger-aluminium-sperrbugel\/#primaryimage"},"image":{"@id":"https:\/\/d-identify.be\/de\/produkt\/doppellagiger-aluminium-sperrbugel\/#primaryimage"},"thumbnailUrl":"https:\/\/d-identify.be\/wp-content\/uploads\/2021\/07\/MLCOM_PRODUCT_429.jpg","datePublished":"2021-07-26T10:39:07+00:00","description":"Das Master Lock Nr. 429 Aluminium-Vorh\u00e4ngeschloss hat einen Doppelbacken und einen funkenresistenten Aluminiumk\u00f6rper mit einem Durchmesser von 25 mm x 38 mm.","breadcrumb":{"@id":"https:\/\/d-identify.be\/de\/produkt\/doppellagiger-aluminium-sperrbugel\/#breadcrumb"},"inLanguage":"de","potentialAction":[{"@type":"ReadAction","target":["https:\/\/d-identify.be\/de\/produkt\/doppellagiger-aluminium-sperrbugel\/"]}]},{"@type":"ImageObject","inLanguage":"de","@id":"https:\/\/d-identify.be\/de\/produkt\/doppellagiger-aluminium-sperrbugel\/#primaryimage","url":"https:\/\/d-identify.be\/wp-content\/uploads\/2021\/07\/MLCOM_PRODUCT_429.jpg","contentUrl":"https:\/\/d-identify.be\/wp-content\/uploads\/2021\/07\/MLCOM_PRODUCT_429.jpg","width":285,"height":285},{"@type":"BreadcrumbList","@id":"https:\/\/d-identify.be\/de\/produkt\/doppellagiger-aluminium-sperrbugel\/#breadcrumb","itemListElement":[{"@type":"ListItem","position":1,"name":"Home","item":"https:\/\/d-identify.be\/de\/home-2\/"},{"@type":"ListItem","position":2,"name":"Shop","item":"https:\/\/d-identify.be\/shop-2\/"},{"@type":"ListItem","position":3,"name":"Doppellagiger Aluminium-Sperrb\u00fcgel"}]},{"@type":"WebSite","@id":"https:\/\/d-identify.be\/de\/#website","url":"https:\/\/d-identify.be\/de\/","name":"d-identify","description":"Industrial identification - Lockout - Tagout - Floor marking","potentialAction":[{"@type":"SearchAction","target":{"@type":"EntryPoint","urlTemplate":"https:\/\/d-identify.be\/de\/?s={search_term_string}"},"query-input":{"@type":"PropertyValueSpecification","valueRequired":true,"valueName":"search_term_string"}}],"inLanguage":"de"}]}},"_links":{"self":[{"href":"https:\/\/d-identify.be\/de\/wp-json\/wp\/v2\/product\/18310","targetHints":{"allow":["GET"]}}],"collection":[{"href":"https:\/\/d-identify.be\/de\/wp-json\/wp\/v2\/product"}],"about":[{"href":"https:\/\/d-identify.be\/de\/wp-json\/wp\/v2\/types\/product"}],"replies":[{"embeddable":true,"href":"https:\/\/d-identify.be\/de\/wp-json\/wp\/v2\/comments?post=18310"}],"wp:featuredmedia":[{"embeddable":true,"href":"https:\/\/d-identify.be\/de\/wp-json\/wp\/v2\/media\/18311"}],"wp:attachment":[{"href":"https:\/\/d-identify.be\/de\/wp-json\/wp\/v2\/media?parent=18310"}],"wp:term":[{"taxonomy":"product_brand","embeddable":true,"href":"https:\/\/d-identify.be\/de\/wp-json\/wp\/v2\/product_brand?post=18310"},{"taxonomy":"product_cat","embeddable":true,"href":"https:\/\/d-identify.be\/de\/wp-json\/wp\/v2\/product_cat?post=18310"},{"taxonomy":"product_tag","embeddable":true,"href":"https:\/\/d-identify.be\/de\/wp-json\/wp\/v2\/product_tag?post=18310"},{"taxonomy":"pa_connextion-shapes","embeddable":true,"href":"https:\/\/d-identify.be\/de\/wp-json\/wp\/v2\/pa_connextion-shapes?post=18310"}],"curies":[{"name":"wp","href":"https:\/\/api.w.org\/{rel}","templated":true}]}}