{"id":18305,"date":"2021-07-26T12:38:34","date_gmt":"2021-07-26T10:38:34","guid":{"rendered":"https:\/\/d-identify.be\/product\/personlicher-verriegelungswerkzeugkasten-von-432-cm-unfilled-s1017\/"},"modified":"2025-12-20T14:48:01","modified_gmt":"2025-12-20T12:48:01","slug":"master-lock-s1017-persoenlicher-lockout-werkzeugkasten","status":"publish","type":"product","link":"https:\/\/d-identify.be\/de\/produkt\/master-lock-s1017-persoenlicher-lockout-werkzeugkasten\/","title":{"rendered":"Master Lock S1017 Pers\u00f6nlicher Lockout-Werkzeugkasten"},"content":{"rendered":"<p data-start=\"831\" data-end=\"1086\"><strong data-start=\"835\" data-end=\"869\">Die S1017 Pers\u00f6nlicher Lockout-Werkzeugkasten<\/strong>\u00a0bietet eine praktische und sichere L\u00f6sung zur Aufbewahrung pers\u00f6nlicher Lockout-Ger\u00e4te und Vorh\u00e4ngeschl\u00f6sser. Mit einer Breite von <strong data-start=\"978\" data-end=\"989\">43,1 cm<\/strong> h\u00e4lt diese verbesserte Sicherheits-Toolbox alle wichtigen Lockout-Komponenten \u00fcbersichtlich und leicht zug\u00e4nglich zusammen.<\/p>\n<p data-start=\"1088\" data-end=\"1357\">Die robuste Konstruktion eignet sich f\u00fcr den t\u00e4glichen Einsatz in industriellen Umgebungen. Die Toolbox verf\u00fcgt \u00fcber ein abschlie\u00dfbares Design, das den Inhalt vor unbefugtem Zugriff sch\u00fctzt. Dadurch ist sie ideal f\u00fcr einzelne Mitarbeiter, die eine zuverl\u00e4ssige Kontrolle \u00fcber ihre pers\u00f6nliche Lockout-Ausr\u00fcstung ben\u00f6tigen.<\/p>\n<p data-start=\"1359\" data-end=\"1554\">Die S1017 Pers\u00f6nlicher Lockout-Werkzeugkasten unterst\u00fctzt wirksame <strong data-start=\"1389\" data-end=\"1418\">Lockout-Tagout-Verfahren<\/strong>. Sie verbessert die Sicherheit am Arbeitsplatz und sorgt f\u00fcr Ordnung bei Wartungs- und Reparaturarbeiten.<\/p>\n","protected":false},"excerpt":{"rendered":"<p>Die S1017 Pers\u00f6nlicher Lockout-Werkzeugkasten bietet eine sichere Aufbewahrung f\u00fcr pers\u00f6nliche Lockout-Ger\u00e4te und Vorh\u00e4ngeschl\u00f6sser. Das abschlie\u00dfbare, robuste Design unterst\u00fctzt sichere und effiziente Wartungsarbeiten.<\/p>\n","protected":false},"featured_media":18306,"comment_status":"open","ping_status":"closed","template":"","meta":{"_acf_changed":false,"_et_pb_use_builder":"","_et_pb_old_content":"","_et_gb_content_width":""},"product_brand":[],"product_cat":[461,474],"product_tag":[935],"pa_connextion-shapes":[],"class_list":{"0":"post-18305","1":"product","2":"type-product","3":"status-publish","4":"has-post-thumbnail","6":"product_cat-lockout-tagout-de","7":"product_cat-empty-lockout-stations","8":"product_tag-master-lock-de","10":"first","11":"instock","12":"taxable","13":"shipping-taxable","14":"purchasable","15":"product-type-simple"},"exclude_global_add_ons":[],"addons":[],"acf":[],"yoast_head":"<!-- This site is optimized with the Yoast SEO Premium plugin v27.0 (Yoast SEO v27.1) - https:\/\/yoast.com\/product\/yoast-seo-premium-wordpress\/ -->\n<title>S1017 Pers\u00f6nlicher Lockout-Werkzeugkasten | Master Lock<\/title>\n<meta name=\"description\" content=\"S1017 Pers\u00f6nlicher Lockout-Werkzeugkasten von Master Lock zur sicheren Aufbewahrung pers\u00f6nlicher Lockout-Ger\u00e4te und Vorh\u00e4ngeschl\u00f6sser bei Wartungsarbeiten.\" \/>\n<meta name=\"robots\" content=\"index, follow, max-snippet:-1, max-image-preview:large, max-video-preview:-1\" \/>\n<link rel=\"canonical\" href=\"https:\/\/d-identify.be\/de\/produkt\/master-lock-s1017-persoenlicher-lockout-werkzeugkasten\/\" \/>\n<meta property=\"og:locale\" content=\"de_DE\" \/>\n<meta property=\"og:type\" content=\"article\" \/>\n<meta property=\"og:title\" content=\"Master Lock S1017 Pers\u00f6nlicher Lockout-Werkzeugkasten\" \/>\n<meta property=\"og:description\" content=\"S1017 Pers\u00f6nlicher Lockout-Werkzeugkasten von Master Lock zur sicheren Aufbewahrung pers\u00f6nlicher Lockout-Ger\u00e4te und Vorh\u00e4ngeschl\u00f6sser bei Wartungsarbeiten.\" \/>\n<meta property=\"og:url\" content=\"https:\/\/d-identify.be\/de\/produkt\/master-lock-s1017-persoenlicher-lockout-werkzeugkasten\/\" \/>\n<meta property=\"og:site_name\" content=\"d-identify\" \/>\n<meta property=\"article:modified_time\" content=\"2025-12-20T12:48:01+00:00\" \/>\n<meta property=\"og:image\" content=\"https:\/\/d-identify.be\/wp-content\/uploads\/2021\/07\/MLEU_PRODUCT_S1017.jpg\" \/>\n\t<meta property=\"og:image:width\" content=\"285\" \/>\n\t<meta property=\"og:image:height\" content=\"285\" \/>\n\t<meta property=\"og:image:type\" content=\"image\/jpeg\" \/>\n<meta name=\"twitter:card\" content=\"summary_large_image\" \/>\n<meta name=\"twitter:label1\" content=\"Gesch\u00e4tzte Lesezeit\" \/>\n\t<meta name=\"twitter:data1\" content=\"1\u00a0Minute\" \/>\n<script type=\"application\/ld+json\" class=\"yoast-schema-graph\">{\"@context\":\"https:\/\/schema.org\",\"@graph\":[{\"@type\":\"WebPage\",\"@id\":\"https:\/\/d-identify.be\/de\/produkt\/master-lock-s1017-persoenlicher-lockout-werkzeugkasten\/\",\"url\":\"https:\/\/d-identify.be\/de\/produkt\/master-lock-s1017-persoenlicher-lockout-werkzeugkasten\/\",\"name\":\"S1017 Pers\u00f6nlicher Lockout-Werkzeugkasten | Master Lock\",\"isPartOf\":{\"@id\":\"https:\/\/d-identify.be\/de\/#website\"},\"primaryImageOfPage\":{\"@id\":\"https:\/\/d-identify.be\/de\/produkt\/master-lock-s1017-persoenlicher-lockout-werkzeugkasten\/#primaryimage\"},\"image\":{\"@id\":\"https:\/\/d-identify.be\/de\/produkt\/master-lock-s1017-persoenlicher-lockout-werkzeugkasten\/#primaryimage\"},\"thumbnailUrl\":\"https:\/\/d-identify.be\/wp-content\/uploads\/2021\/07\/MLEU_PRODUCT_S1017.jpg\",\"datePublished\":\"2021-07-26T10:38:34+00:00\",\"dateModified\":\"2025-12-20T12:48:01+00:00\",\"description\":\"S1017 Pers\u00f6nlicher Lockout-Werkzeugkasten von Master Lock zur sicheren Aufbewahrung pers\u00f6nlicher Lockout-Ger\u00e4te und Vorh\u00e4ngeschl\u00f6sser bei Wartungsarbeiten.\",\"breadcrumb\":{\"@id\":\"https:\/\/d-identify.be\/de\/produkt\/master-lock-s1017-persoenlicher-lockout-werkzeugkasten\/#breadcrumb\"},\"inLanguage\":\"de\",\"potentialAction\":[{\"@type\":\"ReadAction\",\"target\":[\"https:\/\/d-identify.be\/de\/produkt\/master-lock-s1017-persoenlicher-lockout-werkzeugkasten\/\"]}]},{\"@type\":\"ImageObject\",\"inLanguage\":\"de\",\"@id\":\"https:\/\/d-identify.be\/de\/produkt\/master-lock-s1017-persoenlicher-lockout-werkzeugkasten\/#primaryimage\",\"url\":\"https:\/\/d-identify.be\/wp-content\/uploads\/2021\/07\/MLEU_PRODUCT_S1017.jpg\",\"contentUrl\":\"https:\/\/d-identify.be\/wp-content\/uploads\/2021\/07\/MLEU_PRODUCT_S1017.jpg\",\"width\":285,\"height\":285,\"caption\":\"S1017 Pers\u00f6nlicher Lockout-Werkzeugkasten - Master Lock\"},{\"@type\":\"BreadcrumbList\",\"@id\":\"https:\/\/d-identify.be\/de\/produkt\/master-lock-s1017-persoenlicher-lockout-werkzeugkasten\/#breadcrumb\",\"itemListElement\":[{\"@type\":\"ListItem\",\"position\":1,\"name\":\"Home\",\"item\":\"https:\/\/d-identify.be\/de\/home-2\/\"},{\"@type\":\"ListItem\",\"position\":2,\"name\":\"Shop\",\"item\":\"https:\/\/d-identify.be\/shop-2\/\"},{\"@type\":\"ListItem\",\"position\":3,\"name\":\"Master Lock S1017 Pers\u00f6nlicher Lockout-Werkzeugkasten\"}]},{\"@type\":\"WebSite\",\"@id\":\"https:\/\/d-identify.be\/de\/#website\",\"url\":\"https:\/\/d-identify.be\/de\/\",\"name\":\"d-identify\",\"description\":\"Industrial identification - Lockout - Tagout - Floor marking\",\"potentialAction\":[{\"@type\":\"SearchAction\",\"target\":{\"@type\":\"EntryPoint\",\"urlTemplate\":\"https:\/\/d-identify.be\/de\/?s={search_term_string}\"},\"query-input\":{\"@type\":\"PropertyValueSpecification\",\"valueRequired\":true,\"valueName\":\"search_term_string\"}}],\"inLanguage\":\"de\"}]}<\/script>\n<!-- \/ Yoast SEO Premium plugin. -->","yoast_head_json":{"title":"S1017 Pers\u00f6nlicher Lockout-Werkzeugkasten | Master Lock","description":"S1017 Pers\u00f6nlicher Lockout-Werkzeugkasten von Master Lock zur sicheren Aufbewahrung pers\u00f6nlicher Lockout-Ger\u00e4te und Vorh\u00e4ngeschl\u00f6sser bei Wartungsarbeiten.","robots":{"index":"index","follow":"follow","max-snippet":"max-snippet:-1","max-image-preview":"max-image-preview:large","max-video-preview":"max-video-preview:-1"},"canonical":"https:\/\/d-identify.be\/de\/produkt\/master-lock-s1017-persoenlicher-lockout-werkzeugkasten\/","og_locale":"de_DE","og_type":"article","og_title":"Master Lock S1017 Pers\u00f6nlicher Lockout-Werkzeugkasten","og_description":"S1017 Pers\u00f6nlicher Lockout-Werkzeugkasten von Master Lock zur sicheren Aufbewahrung pers\u00f6nlicher Lockout-Ger\u00e4te und Vorh\u00e4ngeschl\u00f6sser bei Wartungsarbeiten.","og_url":"https:\/\/d-identify.be\/de\/produkt\/master-lock-s1017-persoenlicher-lockout-werkzeugkasten\/","og_site_name":"d-identify","article_modified_time":"2025-12-20T12:48:01+00:00","og_image":[{"width":285,"height":285,"url":"https:\/\/d-identify.be\/wp-content\/uploads\/2021\/07\/MLEU_PRODUCT_S1017.jpg","type":"image\/jpeg"}],"twitter_card":"summary_large_image","twitter_misc":{"Gesch\u00e4tzte Lesezeit":"1\u00a0Minute"},"schema":{"@context":"https:\/\/schema.org","@graph":[{"@type":"WebPage","@id":"https:\/\/d-identify.be\/de\/produkt\/master-lock-s1017-persoenlicher-lockout-werkzeugkasten\/","url":"https:\/\/d-identify.be\/de\/produkt\/master-lock-s1017-persoenlicher-lockout-werkzeugkasten\/","name":"S1017 Pers\u00f6nlicher Lockout-Werkzeugkasten | Master Lock","isPartOf":{"@id":"https:\/\/d-identify.be\/de\/#website"},"primaryImageOfPage":{"@id":"https:\/\/d-identify.be\/de\/produkt\/master-lock-s1017-persoenlicher-lockout-werkzeugkasten\/#primaryimage"},"image":{"@id":"https:\/\/d-identify.be\/de\/produkt\/master-lock-s1017-persoenlicher-lockout-werkzeugkasten\/#primaryimage"},"thumbnailUrl":"https:\/\/d-identify.be\/wp-content\/uploads\/2021\/07\/MLEU_PRODUCT_S1017.jpg","datePublished":"2021-07-26T10:38:34+00:00","dateModified":"2025-12-20T12:48:01+00:00","description":"S1017 Pers\u00f6nlicher Lockout-Werkzeugkasten von Master Lock zur sicheren Aufbewahrung pers\u00f6nlicher Lockout-Ger\u00e4te und Vorh\u00e4ngeschl\u00f6sser bei Wartungsarbeiten.","breadcrumb":{"@id":"https:\/\/d-identify.be\/de\/produkt\/master-lock-s1017-persoenlicher-lockout-werkzeugkasten\/#breadcrumb"},"inLanguage":"de","potentialAction":[{"@type":"ReadAction","target":["https:\/\/d-identify.be\/de\/produkt\/master-lock-s1017-persoenlicher-lockout-werkzeugkasten\/"]}]},{"@type":"ImageObject","inLanguage":"de","@id":"https:\/\/d-identify.be\/de\/produkt\/master-lock-s1017-persoenlicher-lockout-werkzeugkasten\/#primaryimage","url":"https:\/\/d-identify.be\/wp-content\/uploads\/2021\/07\/MLEU_PRODUCT_S1017.jpg","contentUrl":"https:\/\/d-identify.be\/wp-content\/uploads\/2021\/07\/MLEU_PRODUCT_S1017.jpg","width":285,"height":285,"caption":"S1017 Pers\u00f6nlicher Lockout-Werkzeugkasten - Master Lock"},{"@type":"BreadcrumbList","@id":"https:\/\/d-identify.be\/de\/produkt\/master-lock-s1017-persoenlicher-lockout-werkzeugkasten\/#breadcrumb","itemListElement":[{"@type":"ListItem","position":1,"name":"Home","item":"https:\/\/d-identify.be\/de\/home-2\/"},{"@type":"ListItem","position":2,"name":"Shop","item":"https:\/\/d-identify.be\/shop-2\/"},{"@type":"ListItem","position":3,"name":"Master Lock S1017 Pers\u00f6nlicher Lockout-Werkzeugkasten"}]},{"@type":"WebSite","@id":"https:\/\/d-identify.be\/de\/#website","url":"https:\/\/d-identify.be\/de\/","name":"d-identify","description":"Industrial identification - Lockout - Tagout - Floor marking","potentialAction":[{"@type":"SearchAction","target":{"@type":"EntryPoint","urlTemplate":"https:\/\/d-identify.be\/de\/?s={search_term_string}"},"query-input":{"@type":"PropertyValueSpecification","valueRequired":true,"valueName":"search_term_string"}}],"inLanguage":"de"}]}},"_links":{"self":[{"href":"https:\/\/d-identify.be\/de\/wp-json\/wp\/v2\/product\/18305","targetHints":{"allow":["GET"]}}],"collection":[{"href":"https:\/\/d-identify.be\/de\/wp-json\/wp\/v2\/product"}],"about":[{"href":"https:\/\/d-identify.be\/de\/wp-json\/wp\/v2\/types\/product"}],"replies":[{"embeddable":true,"href":"https:\/\/d-identify.be\/de\/wp-json\/wp\/v2\/comments?post=18305"}],"wp:featuredmedia":[{"embeddable":true,"href":"https:\/\/d-identify.be\/de\/wp-json\/wp\/v2\/media\/18306"}],"wp:attachment":[{"href":"https:\/\/d-identify.be\/de\/wp-json\/wp\/v2\/media?parent=18305"}],"wp:term":[{"taxonomy":"product_brand","embeddable":true,"href":"https:\/\/d-identify.be\/de\/wp-json\/wp\/v2\/product_brand?post=18305"},{"taxonomy":"product_cat","embeddable":true,"href":"https:\/\/d-identify.be\/de\/wp-json\/wp\/v2\/product_cat?post=18305"},{"taxonomy":"product_tag","embeddable":true,"href":"https:\/\/d-identify.be\/de\/wp-json\/wp\/v2\/product_tag?post=18305"},{"taxonomy":"pa_connextion-shapes","embeddable":true,"href":"https:\/\/d-identify.be\/de\/wp-json\/wp\/v2\/pa_connextion-shapes?post=18305"}],"curies":[{"name":"wp","href":"https:\/\/api.w.org\/{rel}","templated":true}]}}