{"id":18297,"date":"2021-07-26T12:38:35","date_gmt":"2021-07-26T11:38:35","guid":{"rendered":"https:\/\/d-identify.be\/product\/506-grip-tight-leistungsschalter-verriegelungsset\/"},"modified":"2026-01-12T11:50:16","modified_gmt":"2026-01-12T09:50:16","slug":"506-grip-tight-leitungsschutzschalter-lockout","status":"publish","type":"product","link":"https:\/\/d-identify.be\/de\/produkt\/506-grip-tight-leitungsschutzschalter-lockout\/","title":{"rendered":"Master Lock 506 Grip Tight\u2122 Leitungsschutzschalter Lockout \u2013 Kombipack"},"content":{"rendered":"<p data-start=\"1333\" data-end=\"1617\">Das <strong data-start=\"1337\" data-end=\"1386\">506 Grip Tight Leitungsschutzschalter Lockout<\/strong> Kombipack besteht aus einem 491B- und einem 493-Grip-Tight\u2122-Verriegelungsger\u00e4t. Zusammen bieten sie eine zuverl\u00e4ssige und flexible L\u00f6sung zur sicheren Verriegelung von Leitungsschutzschaltern w\u00e4hrend Wartungs- und Servicearbeiten.<\/p>\n<p data-start=\"1619\" data-end=\"1893\">Dank des innovativen und patentierten Grip-Tight-Mechanismus l\u00e4sst sich der Leitungsschutzschalter schnell und einfach verriegeln. Dadurch wird das Risiko eines unbeabsichtigten Wiedereinschaltens deutlich reduziert. Dies unterst\u00fctzt eine klare und sichere Lockout-Prozedur.<\/p>\n<p data-start=\"1895\" data-end=\"2172\">Dar\u00fcber hinaus bestehen die Verriegelungsger\u00e4te aus pulverbeschichtetem Stahl und verst\u00e4rktem Polymer. Somit sind sie f\u00fcr raue industrielle Umgebungen geeignet. Das kompakte Design erm\u00f6glicht zudem den Einsatz in engen Schaltschr\u00e4nken ohne Beeintr\u00e4chtigung anderer Komponenten.<\/p>\n<p data-start=\"2174\" data-end=\"2492\">Au\u00dferdem sind die <strong data-start=\"2192\" data-end=\"2241\">506 Grip Tight Leitungsschutzschalter Lockout<\/strong> Ger\u00e4te mit allen American Lock\u00ae sowie <strong data-start=\"2280\" data-end=\"2321\"><span class=\"hover:entity-accent entity-underline inline cursor-pointer align-baseline\"><span class=\"whitespace-normal\">Master Lock<\/span><\/span><\/strong> Sicherheitsschl\u00f6ssern kompatibel. Sie unterst\u00fctzen auch die meisten Lockout-Haspen. Dadurch lassen sie sich problemlos in bestehende Lockout-Tagout-Programme integrieren.<\/p>\n<p data-start=\"2494\" data-end=\"2645\">Dieses Kombipack ist eine langlebige und effiziente L\u00f6sung zur Verbesserung der elektrischen Sicherheit und zur Umsetzung normgerechter LOTO-Verfahren.<\/p>\n","protected":false},"excerpt":{"rendered":"<p data-start=\"941\" data-end=\"1255\">Das <strong data-start=\"945\" data-end=\"994\">506 Grip Tight Leitungsschutzschalter Lockout<\/strong> Kombipack enth\u00e4lt zwei Verriegelungsger\u00e4te (491B und 493) zur schnellen und sicheren Absicherung von Leitungsschutzschaltern. Der patentierte Grip-Tight-Mechanismus und die robuste Bauweise machen diese L\u00f6sung ideal f\u00fcr industrielle Lockout-Tagout-Anwendungen.<\/p>\n","protected":false},"featured_media":18298,"comment_status":"open","ping_status":"closed","template":"","meta":{"_acf_changed":false,"_et_pb_use_builder":"","_et_pb_old_content":"","_et_gb_content_width":""},"product_brand":[],"product_cat":[461,479],"product_tag":[935],"pa_connextion-shapes":[],"class_list":{"0":"post-18297","1":"product","2":"type-product","3":"status-publish","4":"has-post-thumbnail","6":"product_cat-lockout-tagout-de","7":"product_cat-electrical-lockout-devices","8":"product_tag-master-lock-de","10":"first","11":"instock","12":"taxable","13":"shipping-taxable","14":"purchasable","15":"product-type-simple"},"exclude_global_add_ons":[],"addons":[],"acf":[],"yoast_head":"<!-- This site is optimized with the Yoast SEO Premium plugin v27.0 (Yoast SEO v27.1) - https:\/\/yoast.com\/product\/yoast-seo-premium-wordpress\/ -->\n<title>506 Grip Tight Leitungsschutzschalter Lockout - Master Lock<\/title>\n<meta name=\"description\" content=\"506 Grip Tight Leitungsschutzschalter Lockout Kombipack mit 491B und 493 f\u00fcr die sichere Verriegelung von Leitungsschutzschaltern.\" \/>\n<meta name=\"robots\" content=\"index, follow, max-snippet:-1, max-image-preview:large, max-video-preview:-1\" \/>\n<link rel=\"canonical\" href=\"https:\/\/d-identify.be\/de\/produkt\/506-grip-tight-leitungsschutzschalter-lockout\/\" \/>\n<meta property=\"og:locale\" content=\"de_DE\" \/>\n<meta property=\"og:type\" content=\"article\" \/>\n<meta property=\"og:title\" content=\"Master Lock 506 Grip Tight\u2122 Leitungsschutzschalter Lockout \u2013 Kombipack\" \/>\n<meta property=\"og:description\" content=\"506 Grip Tight Leitungsschutzschalter Lockout Kombipack mit 491B und 493 f\u00fcr die sichere Verriegelung von Leitungsschutzschaltern.\" \/>\n<meta property=\"og:url\" content=\"https:\/\/d-identify.be\/de\/produkt\/506-grip-tight-leitungsschutzschalter-lockout\/\" \/>\n<meta property=\"og:site_name\" content=\"d-identify\" \/>\n<meta property=\"article:modified_time\" content=\"2026-01-12T09:50:16+00:00\" \/>\n<meta property=\"og:image\" content=\"https:\/\/d-identify.be\/wp-content\/uploads\/2021\/07\/506.jpg\" \/>\n\t<meta property=\"og:image:width\" content=\"285\" \/>\n\t<meta property=\"og:image:height\" content=\"285\" \/>\n\t<meta property=\"og:image:type\" content=\"image\/jpeg\" \/>\n<meta name=\"twitter:card\" content=\"summary_large_image\" \/>\n<meta name=\"twitter:label1\" content=\"Gesch\u00e4tzte Lesezeit\" \/>\n\t<meta name=\"twitter:data1\" content=\"1\u00a0Minute\" \/>\n<script type=\"application\/ld+json\" class=\"yoast-schema-graph\">{\"@context\":\"https:\/\/schema.org\",\"@graph\":[{\"@type\":\"WebPage\",\"@id\":\"https:\/\/d-identify.be\/de\/produkt\/506-grip-tight-leitungsschutzschalter-lockout\/\",\"url\":\"https:\/\/d-identify.be\/de\/produkt\/506-grip-tight-leitungsschutzschalter-lockout\/\",\"name\":\"506 Grip Tight Leitungsschutzschalter Lockout - Master Lock\",\"isPartOf\":{\"@id\":\"https:\/\/d-identify.be\/de\/#website\"},\"primaryImageOfPage\":{\"@id\":\"https:\/\/d-identify.be\/de\/produkt\/506-grip-tight-leitungsschutzschalter-lockout\/#primaryimage\"},\"image\":{\"@id\":\"https:\/\/d-identify.be\/de\/produkt\/506-grip-tight-leitungsschutzschalter-lockout\/#primaryimage\"},\"thumbnailUrl\":\"https:\/\/d-identify.be\/wp-content\/uploads\/2021\/07\/506.jpg\",\"datePublished\":\"2021-07-26T11:38:35+00:00\",\"dateModified\":\"2026-01-12T09:50:16+00:00\",\"description\":\"506 Grip Tight Leitungsschutzschalter Lockout Kombipack mit 491B und 493 f\u00fcr die sichere Verriegelung von Leitungsschutzschaltern.\",\"breadcrumb\":{\"@id\":\"https:\/\/d-identify.be\/de\/produkt\/506-grip-tight-leitungsschutzschalter-lockout\/#breadcrumb\"},\"inLanguage\":\"de\",\"potentialAction\":[{\"@type\":\"ReadAction\",\"target\":[\"https:\/\/d-identify.be\/de\/produkt\/506-grip-tight-leitungsschutzschalter-lockout\/\"]}]},{\"@type\":\"ImageObject\",\"inLanguage\":\"de\",\"@id\":\"https:\/\/d-identify.be\/de\/produkt\/506-grip-tight-leitungsschutzschalter-lockout\/#primaryimage\",\"url\":\"https:\/\/d-identify.be\/wp-content\/uploads\/2021\/07\/506.jpg\",\"contentUrl\":\"https:\/\/d-identify.be\/wp-content\/uploads\/2021\/07\/506.jpg\",\"width\":285,\"height\":285,\"caption\":\"506 Grip Tight Leitungsschutzschalter Lockout - Master Lock\"},{\"@type\":\"BreadcrumbList\",\"@id\":\"https:\/\/d-identify.be\/de\/produkt\/506-grip-tight-leitungsschutzschalter-lockout\/#breadcrumb\",\"itemListElement\":[{\"@type\":\"ListItem\",\"position\":1,\"name\":\"Home\",\"item\":\"https:\/\/d-identify.be\/de\/home-2\/\"},{\"@type\":\"ListItem\",\"position\":2,\"name\":\"Shop\",\"item\":\"https:\/\/d-identify.be\/shop-2\/\"},{\"@type\":\"ListItem\",\"position\":3,\"name\":\"Master Lock 506 Grip Tight\u2122 Leitungsschutzschalter Lockout \u2013 Kombipack\"}]},{\"@type\":\"WebSite\",\"@id\":\"https:\/\/d-identify.be\/de\/#website\",\"url\":\"https:\/\/d-identify.be\/de\/\",\"name\":\"d-identify\",\"description\":\"Industrial identification - Lockout - Tagout - Floor marking\",\"potentialAction\":[{\"@type\":\"SearchAction\",\"target\":{\"@type\":\"EntryPoint\",\"urlTemplate\":\"https:\/\/d-identify.be\/de\/?s={search_term_string}\"},\"query-input\":{\"@type\":\"PropertyValueSpecification\",\"valueRequired\":true,\"valueName\":\"search_term_string\"}}],\"inLanguage\":\"de\"}]}<\/script>\n<!-- \/ Yoast SEO Premium plugin. -->","yoast_head_json":{"title":"506 Grip Tight Leitungsschutzschalter Lockout - Master Lock","description":"506 Grip Tight Leitungsschutzschalter Lockout Kombipack mit 491B und 493 f\u00fcr die sichere Verriegelung von Leitungsschutzschaltern.","robots":{"index":"index","follow":"follow","max-snippet":"max-snippet:-1","max-image-preview":"max-image-preview:large","max-video-preview":"max-video-preview:-1"},"canonical":"https:\/\/d-identify.be\/de\/produkt\/506-grip-tight-leitungsschutzschalter-lockout\/","og_locale":"de_DE","og_type":"article","og_title":"Master Lock 506 Grip Tight\u2122 Leitungsschutzschalter Lockout \u2013 Kombipack","og_description":"506 Grip Tight Leitungsschutzschalter Lockout Kombipack mit 491B und 493 f\u00fcr die sichere Verriegelung von Leitungsschutzschaltern.","og_url":"https:\/\/d-identify.be\/de\/produkt\/506-grip-tight-leitungsschutzschalter-lockout\/","og_site_name":"d-identify","article_modified_time":"2026-01-12T09:50:16+00:00","og_image":[{"width":285,"height":285,"url":"https:\/\/d-identify.be\/wp-content\/uploads\/2021\/07\/506.jpg","type":"image\/jpeg"}],"twitter_card":"summary_large_image","twitter_misc":{"Gesch\u00e4tzte Lesezeit":"1\u00a0Minute"},"schema":{"@context":"https:\/\/schema.org","@graph":[{"@type":"WebPage","@id":"https:\/\/d-identify.be\/de\/produkt\/506-grip-tight-leitungsschutzschalter-lockout\/","url":"https:\/\/d-identify.be\/de\/produkt\/506-grip-tight-leitungsschutzschalter-lockout\/","name":"506 Grip Tight Leitungsschutzschalter Lockout - Master Lock","isPartOf":{"@id":"https:\/\/d-identify.be\/de\/#website"},"primaryImageOfPage":{"@id":"https:\/\/d-identify.be\/de\/produkt\/506-grip-tight-leitungsschutzschalter-lockout\/#primaryimage"},"image":{"@id":"https:\/\/d-identify.be\/de\/produkt\/506-grip-tight-leitungsschutzschalter-lockout\/#primaryimage"},"thumbnailUrl":"https:\/\/d-identify.be\/wp-content\/uploads\/2021\/07\/506.jpg","datePublished":"2021-07-26T11:38:35+00:00","dateModified":"2026-01-12T09:50:16+00:00","description":"506 Grip Tight Leitungsschutzschalter Lockout Kombipack mit 491B und 493 f\u00fcr die sichere Verriegelung von Leitungsschutzschaltern.","breadcrumb":{"@id":"https:\/\/d-identify.be\/de\/produkt\/506-grip-tight-leitungsschutzschalter-lockout\/#breadcrumb"},"inLanguage":"de","potentialAction":[{"@type":"ReadAction","target":["https:\/\/d-identify.be\/de\/produkt\/506-grip-tight-leitungsschutzschalter-lockout\/"]}]},{"@type":"ImageObject","inLanguage":"de","@id":"https:\/\/d-identify.be\/de\/produkt\/506-grip-tight-leitungsschutzschalter-lockout\/#primaryimage","url":"https:\/\/d-identify.be\/wp-content\/uploads\/2021\/07\/506.jpg","contentUrl":"https:\/\/d-identify.be\/wp-content\/uploads\/2021\/07\/506.jpg","width":285,"height":285,"caption":"506 Grip Tight Leitungsschutzschalter Lockout - Master Lock"},{"@type":"BreadcrumbList","@id":"https:\/\/d-identify.be\/de\/produkt\/506-grip-tight-leitungsschutzschalter-lockout\/#breadcrumb","itemListElement":[{"@type":"ListItem","position":1,"name":"Home","item":"https:\/\/d-identify.be\/de\/home-2\/"},{"@type":"ListItem","position":2,"name":"Shop","item":"https:\/\/d-identify.be\/shop-2\/"},{"@type":"ListItem","position":3,"name":"Master Lock 506 Grip Tight\u2122 Leitungsschutzschalter Lockout \u2013 Kombipack"}]},{"@type":"WebSite","@id":"https:\/\/d-identify.be\/de\/#website","url":"https:\/\/d-identify.be\/de\/","name":"d-identify","description":"Industrial identification - Lockout - Tagout - Floor marking","potentialAction":[{"@type":"SearchAction","target":{"@type":"EntryPoint","urlTemplate":"https:\/\/d-identify.be\/de\/?s={search_term_string}"},"query-input":{"@type":"PropertyValueSpecification","valueRequired":true,"valueName":"search_term_string"}}],"inLanguage":"de"}]}},"_links":{"self":[{"href":"https:\/\/d-identify.be\/de\/wp-json\/wp\/v2\/product\/18297","targetHints":{"allow":["GET"]}}],"collection":[{"href":"https:\/\/d-identify.be\/de\/wp-json\/wp\/v2\/product"}],"about":[{"href":"https:\/\/d-identify.be\/de\/wp-json\/wp\/v2\/types\/product"}],"replies":[{"embeddable":true,"href":"https:\/\/d-identify.be\/de\/wp-json\/wp\/v2\/comments?post=18297"}],"wp:featuredmedia":[{"embeddable":true,"href":"https:\/\/d-identify.be\/de\/wp-json\/wp\/v2\/media\/18298"}],"wp:attachment":[{"href":"https:\/\/d-identify.be\/de\/wp-json\/wp\/v2\/media?parent=18297"}],"wp:term":[{"taxonomy":"product_brand","embeddable":true,"href":"https:\/\/d-identify.be\/de\/wp-json\/wp\/v2\/product_brand?post=18297"},{"taxonomy":"product_cat","embeddable":true,"href":"https:\/\/d-identify.be\/de\/wp-json\/wp\/v2\/product_cat?post=18297"},{"taxonomy":"product_tag","embeddable":true,"href":"https:\/\/d-identify.be\/de\/wp-json\/wp\/v2\/product_tag?post=18297"},{"taxonomy":"pa_connextion-shapes","embeddable":true,"href":"https:\/\/d-identify.be\/de\/wp-json\/wp\/v2\/pa_connextion-shapes?post=18297"}],"curies":[{"name":"wp","href":"https:\/\/api.w.org\/{rel}","templated":true}]}}