{"id":18291,"date":"2021-07-26T12:39:09","date_gmt":"2021-07-26T11:39:09","guid":{"rendered":"https:\/\/d-identify.be\/product\/eleckit-en-elektrisches-verriegelungskit\/"},"modified":"2026-01-15T11:42:13","modified_gmt":"2026-01-15T09:42:13","slug":"master-lock-eleckit-en-elektrisches-lockout-set","status":"publish","type":"product","link":"https:\/\/d-identify.be\/de\/produkt\/master-lock-eleckit-en-elektrisches-lockout-set\/","title":{"rendered":"Master Lock ELECKIT-EN \u2013 Elektrisches Lockout Set"},"content":{"rendered":"<p data-start=\"1165\" data-end=\"1409\">Das <strong data-start=\"1169\" data-end=\"1207\">elektrische Lockout Set ELECKIT-EN<\/strong> von <strong data-start=\"1212\" data-end=\"1253\"><span class=\"hover:entity-accent entity-underline inline cursor-pointer align-baseline\"><span class=\"whitespace-normal\">Master Lock<\/span><\/span><\/strong> wurde f\u00fcr elektrische Lockout-Tagout-Arbeiten entwickelt. Es bietet eine einfache und sichere L\u00f6sung f\u00fcr t\u00e4gliche Wartungsarbeiten an elektrischen Anlagen.<\/p>\n<p data-start=\"1411\" data-end=\"1584\">Im Set sind zwei Zenex\u2122 thermoplastische Sicherheits-Vorh\u00e4ngeschl\u00f6sser mit gleicher Schlie\u00dfung enthalten. Dadurch bleibt die pers\u00f6nliche Verriegelung klar und \u00fcbersichtlich.<\/p>\n<p data-start=\"1586\" data-end=\"1839\">Zus\u00e4tzlich enth\u00e4lt das Set mehrere Verriegelungen f\u00fcr Leistungsschutzschalter. Mini-Verriegelungen sichern kleine Automaten. Die Grip Tight\u2122 Verriegelung blockiert gro\u00dfe Schalthebel zuverl\u00e4ssig. So wird ein unbeabsichtigtes Wiedereinschalten verhindert.<\/p>\n<p data-start=\"1841\" data-end=\"2028\">Zwei Warnanh\u00e4nger zeigen deutlich an, dass Ger\u00e4te verriegelt sind. Au\u00dferdem ist eine Nylon-Lockout-Hasp enthalten. Sie erm\u00f6glicht Gruppenverriegelungen bei Arbeiten mit mehreren Personen.<\/p>\n<p data-start=\"2030\" data-end=\"2248\">Alle Komponenten werden in einer kompakten Lockout-Tasche geliefert. Diese Tasche ist Teil des elektrischen Lockout Set ELECKIT-EN und wird kostenlos mitgeliefert. Sie erleichtert den Transport und h\u00e4lt alles zusammen.<\/p>\n","protected":false},"excerpt":{"rendered":"<p data-start=\"910\" data-end=\"1106\">Das Master Lock ELECKIT-EN ist ein elektrisches Lockout Set f\u00fcr Elektriker. Es enth\u00e4lt Vorh\u00e4ngeschl\u00f6sser, Verriegelungen f\u00fcr Leistungsschutzschalter, Warnanh\u00e4nger und eine kompakte Lockout-Tasche.<\/p>\n","protected":false},"featured_media":18292,"comment_status":"open","ping_status":"closed","template":"","meta":{"_acf_changed":false,"_et_pb_use_builder":"","_et_pb_old_content":"","_et_gb_content_width":""},"product_brand":[],"product_cat":[461,462],"product_tag":[935],"pa_connextion-shapes":[],"class_list":{"0":"post-18291","1":"product","2":"type-product","3":"status-publish","4":"has-post-thumbnail","6":"product_cat-lockout-tagout-de","7":"product_cat-lockout-tagout-kits","8":"product_tag-master-lock-de","10":"first","11":"instock","12":"featured","13":"taxable","14":"shipping-taxable","15":"purchasable","16":"product-type-simple"},"exclude_global_add_ons":[],"addons":[],"acf":[],"yoast_head":"<!-- This site is optimized with the Yoast SEO Premium plugin v27.0 (Yoast SEO v27.1) - https:\/\/yoast.com\/product\/yoast-seo-premium-wordpress\/ -->\n<title>Elektrisches Lockout Set ELECKIT-EN | Master Lock<\/title>\n<meta name=\"description\" content=\"Elektrisches Lockout Set ELECKIT-EN mit Zenex\u2122 Vorh\u00e4ngeschl\u00f6ssern, Leistungsschutzschalter-Verriegelungen, Warnanh\u00e4ngern, Hasp und kompakter Tasche.\" \/>\n<meta name=\"robots\" content=\"index, follow, max-snippet:-1, max-image-preview:large, max-video-preview:-1\" \/>\n<link rel=\"canonical\" href=\"https:\/\/d-identify.be\/de\/produkt\/master-lock-eleckit-en-elektrisches-lockout-set\/\" \/>\n<meta property=\"og:locale\" content=\"de_DE\" \/>\n<meta property=\"og:type\" content=\"article\" \/>\n<meta property=\"og:title\" content=\"Master Lock ELECKIT-EN \u2013 Elektrisches Lockout Set\" \/>\n<meta property=\"og:description\" content=\"Elektrisches Lockout Set ELECKIT-EN mit Zenex\u2122 Vorh\u00e4ngeschl\u00f6ssern, Leistungsschutzschalter-Verriegelungen, Warnanh\u00e4ngern, Hasp und kompakter Tasche.\" \/>\n<meta property=\"og:url\" content=\"https:\/\/d-identify.be\/de\/produkt\/master-lock-eleckit-en-elektrisches-lockout-set\/\" \/>\n<meta property=\"og:site_name\" content=\"d-identify\" \/>\n<meta property=\"article:modified_time\" content=\"2026-01-15T09:42:13+00:00\" \/>\n<meta property=\"og:image\" content=\"https:\/\/d-identify.be\/wp-content\/uploads\/2021\/07\/ELECKIT-EN.jpg\" \/>\n\t<meta property=\"og:image:width\" content=\"285\" \/>\n\t<meta property=\"og:image:height\" content=\"285\" \/>\n\t<meta property=\"og:image:type\" content=\"image\/jpeg\" \/>\n<meta name=\"twitter:card\" content=\"summary_large_image\" \/>\n<meta name=\"twitter:label1\" content=\"Gesch\u00e4tzte Lesezeit\" \/>\n\t<meta name=\"twitter:data1\" content=\"1\u00a0Minute\" \/>\n<script type=\"application\/ld+json\" class=\"yoast-schema-graph\">{\"@context\":\"https:\/\/schema.org\",\"@graph\":[{\"@type\":\"WebPage\",\"@id\":\"https:\/\/d-identify.be\/de\/produkt\/master-lock-eleckit-en-elektrisches-lockout-set\/\",\"url\":\"https:\/\/d-identify.be\/de\/produkt\/master-lock-eleckit-en-elektrisches-lockout-set\/\",\"name\":\"Elektrisches Lockout Set ELECKIT-EN | Master Lock\",\"isPartOf\":{\"@id\":\"https:\/\/d-identify.be\/de\/#website\"},\"primaryImageOfPage\":{\"@id\":\"https:\/\/d-identify.be\/de\/produkt\/master-lock-eleckit-en-elektrisches-lockout-set\/#primaryimage\"},\"image\":{\"@id\":\"https:\/\/d-identify.be\/de\/produkt\/master-lock-eleckit-en-elektrisches-lockout-set\/#primaryimage\"},\"thumbnailUrl\":\"https:\/\/d-identify.be\/wp-content\/uploads\/2021\/07\/ELECKIT-EN.jpg\",\"datePublished\":\"2021-07-26T11:39:09+00:00\",\"dateModified\":\"2026-01-15T09:42:13+00:00\",\"description\":\"Elektrisches Lockout Set ELECKIT-EN mit Zenex\u2122 Vorh\u00e4ngeschl\u00f6ssern, Leistungsschutzschalter-Verriegelungen, Warnanh\u00e4ngern, Hasp und kompakter Tasche.\",\"breadcrumb\":{\"@id\":\"https:\/\/d-identify.be\/de\/produkt\/master-lock-eleckit-en-elektrisches-lockout-set\/#breadcrumb\"},\"inLanguage\":\"de\",\"potentialAction\":[{\"@type\":\"ReadAction\",\"target\":[\"https:\/\/d-identify.be\/de\/produkt\/master-lock-eleckit-en-elektrisches-lockout-set\/\"]}]},{\"@type\":\"ImageObject\",\"inLanguage\":\"de\",\"@id\":\"https:\/\/d-identify.be\/de\/produkt\/master-lock-eleckit-en-elektrisches-lockout-set\/#primaryimage\",\"url\":\"https:\/\/d-identify.be\/wp-content\/uploads\/2021\/07\/ELECKIT-EN.jpg\",\"contentUrl\":\"https:\/\/d-identify.be\/wp-content\/uploads\/2021\/07\/ELECKIT-EN.jpg\",\"width\":285,\"height\":285,\"caption\":\"Elektrisches Lockout Set ELECKIT-EN | Master Lock\"},{\"@type\":\"BreadcrumbList\",\"@id\":\"https:\/\/d-identify.be\/de\/produkt\/master-lock-eleckit-en-elektrisches-lockout-set\/#breadcrumb\",\"itemListElement\":[{\"@type\":\"ListItem\",\"position\":1,\"name\":\"Home\",\"item\":\"https:\/\/d-identify.be\/de\/home-2\/\"},{\"@type\":\"ListItem\",\"position\":2,\"name\":\"Shop\",\"item\":\"https:\/\/d-identify.be\/shop-2\/\"},{\"@type\":\"ListItem\",\"position\":3,\"name\":\"Master Lock ELECKIT-EN \u2013 Elektrisches Lockout Set\"}]},{\"@type\":\"WebSite\",\"@id\":\"https:\/\/d-identify.be\/de\/#website\",\"url\":\"https:\/\/d-identify.be\/de\/\",\"name\":\"d-identify\",\"description\":\"Industrial identification - Lockout - Tagout - Floor marking\",\"potentialAction\":[{\"@type\":\"SearchAction\",\"target\":{\"@type\":\"EntryPoint\",\"urlTemplate\":\"https:\/\/d-identify.be\/de\/?s={search_term_string}\"},\"query-input\":{\"@type\":\"PropertyValueSpecification\",\"valueRequired\":true,\"valueName\":\"search_term_string\"}}],\"inLanguage\":\"de\"}]}<\/script>\n<!-- \/ Yoast SEO Premium plugin. -->","yoast_head_json":{"title":"Elektrisches Lockout Set ELECKIT-EN | Master Lock","description":"Elektrisches Lockout Set ELECKIT-EN mit Zenex\u2122 Vorh\u00e4ngeschl\u00f6ssern, Leistungsschutzschalter-Verriegelungen, Warnanh\u00e4ngern, Hasp und kompakter Tasche.","robots":{"index":"index","follow":"follow","max-snippet":"max-snippet:-1","max-image-preview":"max-image-preview:large","max-video-preview":"max-video-preview:-1"},"canonical":"https:\/\/d-identify.be\/de\/produkt\/master-lock-eleckit-en-elektrisches-lockout-set\/","og_locale":"de_DE","og_type":"article","og_title":"Master Lock ELECKIT-EN \u2013 Elektrisches Lockout Set","og_description":"Elektrisches Lockout Set ELECKIT-EN mit Zenex\u2122 Vorh\u00e4ngeschl\u00f6ssern, Leistungsschutzschalter-Verriegelungen, Warnanh\u00e4ngern, Hasp und kompakter Tasche.","og_url":"https:\/\/d-identify.be\/de\/produkt\/master-lock-eleckit-en-elektrisches-lockout-set\/","og_site_name":"d-identify","article_modified_time":"2026-01-15T09:42:13+00:00","og_image":[{"width":285,"height":285,"url":"https:\/\/d-identify.be\/wp-content\/uploads\/2021\/07\/ELECKIT-EN.jpg","type":"image\/jpeg"}],"twitter_card":"summary_large_image","twitter_misc":{"Gesch\u00e4tzte Lesezeit":"1\u00a0Minute"},"schema":{"@context":"https:\/\/schema.org","@graph":[{"@type":"WebPage","@id":"https:\/\/d-identify.be\/de\/produkt\/master-lock-eleckit-en-elektrisches-lockout-set\/","url":"https:\/\/d-identify.be\/de\/produkt\/master-lock-eleckit-en-elektrisches-lockout-set\/","name":"Elektrisches Lockout Set ELECKIT-EN | Master Lock","isPartOf":{"@id":"https:\/\/d-identify.be\/de\/#website"},"primaryImageOfPage":{"@id":"https:\/\/d-identify.be\/de\/produkt\/master-lock-eleckit-en-elektrisches-lockout-set\/#primaryimage"},"image":{"@id":"https:\/\/d-identify.be\/de\/produkt\/master-lock-eleckit-en-elektrisches-lockout-set\/#primaryimage"},"thumbnailUrl":"https:\/\/d-identify.be\/wp-content\/uploads\/2021\/07\/ELECKIT-EN.jpg","datePublished":"2021-07-26T11:39:09+00:00","dateModified":"2026-01-15T09:42:13+00:00","description":"Elektrisches Lockout Set ELECKIT-EN mit Zenex\u2122 Vorh\u00e4ngeschl\u00f6ssern, Leistungsschutzschalter-Verriegelungen, Warnanh\u00e4ngern, Hasp und kompakter Tasche.","breadcrumb":{"@id":"https:\/\/d-identify.be\/de\/produkt\/master-lock-eleckit-en-elektrisches-lockout-set\/#breadcrumb"},"inLanguage":"de","potentialAction":[{"@type":"ReadAction","target":["https:\/\/d-identify.be\/de\/produkt\/master-lock-eleckit-en-elektrisches-lockout-set\/"]}]},{"@type":"ImageObject","inLanguage":"de","@id":"https:\/\/d-identify.be\/de\/produkt\/master-lock-eleckit-en-elektrisches-lockout-set\/#primaryimage","url":"https:\/\/d-identify.be\/wp-content\/uploads\/2021\/07\/ELECKIT-EN.jpg","contentUrl":"https:\/\/d-identify.be\/wp-content\/uploads\/2021\/07\/ELECKIT-EN.jpg","width":285,"height":285,"caption":"Elektrisches Lockout Set ELECKIT-EN | Master Lock"},{"@type":"BreadcrumbList","@id":"https:\/\/d-identify.be\/de\/produkt\/master-lock-eleckit-en-elektrisches-lockout-set\/#breadcrumb","itemListElement":[{"@type":"ListItem","position":1,"name":"Home","item":"https:\/\/d-identify.be\/de\/home-2\/"},{"@type":"ListItem","position":2,"name":"Shop","item":"https:\/\/d-identify.be\/shop-2\/"},{"@type":"ListItem","position":3,"name":"Master Lock ELECKIT-EN \u2013 Elektrisches Lockout Set"}]},{"@type":"WebSite","@id":"https:\/\/d-identify.be\/de\/#website","url":"https:\/\/d-identify.be\/de\/","name":"d-identify","description":"Industrial identification - Lockout - Tagout - Floor marking","potentialAction":[{"@type":"SearchAction","target":{"@type":"EntryPoint","urlTemplate":"https:\/\/d-identify.be\/de\/?s={search_term_string}"},"query-input":{"@type":"PropertyValueSpecification","valueRequired":true,"valueName":"search_term_string"}}],"inLanguage":"de"}]}},"_links":{"self":[{"href":"https:\/\/d-identify.be\/de\/wp-json\/wp\/v2\/product\/18291","targetHints":{"allow":["GET"]}}],"collection":[{"href":"https:\/\/d-identify.be\/de\/wp-json\/wp\/v2\/product"}],"about":[{"href":"https:\/\/d-identify.be\/de\/wp-json\/wp\/v2\/types\/product"}],"replies":[{"embeddable":true,"href":"https:\/\/d-identify.be\/de\/wp-json\/wp\/v2\/comments?post=18291"}],"wp:featuredmedia":[{"embeddable":true,"href":"https:\/\/d-identify.be\/de\/wp-json\/wp\/v2\/media\/18292"}],"wp:attachment":[{"href":"https:\/\/d-identify.be\/de\/wp-json\/wp\/v2\/media?parent=18291"}],"wp:term":[{"taxonomy":"product_brand","embeddable":true,"href":"https:\/\/d-identify.be\/de\/wp-json\/wp\/v2\/product_brand?post=18291"},{"taxonomy":"product_cat","embeddable":true,"href":"https:\/\/d-identify.be\/de\/wp-json\/wp\/v2\/product_cat?post=18291"},{"taxonomy":"product_tag","embeddable":true,"href":"https:\/\/d-identify.be\/de\/wp-json\/wp\/v2\/product_tag?post=18291"},{"taxonomy":"pa_connextion-shapes","embeddable":true,"href":"https:\/\/d-identify.be\/de\/wp-json\/wp\/v2\/pa_connextion-shapes?post=18291"}],"curies":[{"name":"wp","href":"https:\/\/api.w.org\/{rel}","templated":true}]}}