{"id":18283,"date":"2021-07-26T12:39:19","date_gmt":"2021-07-26T10:39:19","guid":{"rendered":"https:\/\/d-identify.be\/product\/abdeckungen-fur-extremen-umgebungsschutz-fur-master-lock-nr-s31-s32-s33-sicherheitsschlosser-beutel-mit-72-stuck\/"},"modified":"2021-07-26T12:39:19","modified_gmt":"2021-07-26T10:39:19","slug":"abdeckungen-fur-extremen-umgebungsschutz-fur-master-lock-nr-s31-s32-s33-sicherheitsschlosser-beutel-mit-72-stuck","status":"publish","type":"product","link":"https:\/\/d-identify.be\/de\/produkt\/abdeckungen-fur-extremen-umgebungsschutz-fur-master-lock-nr-s31-s32-s33-sicherheitsschlosser-beutel-mit-72-stuck\/","title":{"rendered":"Abdeckungen f\u00fcr extremen Umgebungsschutz f\u00fcr Master Lock Nr. S31, S32, S33 Sicherheitsschl\u00f6sser, Beutel mit 72 St\u00fcck"},"content":{"rendered":"<p style=\"text-align: left;\">Die Master Lock Nr. S30COVERS Abdeckungen f\u00fcr extreme Umgebungen sind f\u00fcr Master Lock Nr. S31, S32 und S33 Zenex\u2122. Thermoplastische Sicherheitsschl\u00f6sser konzipiert, die \u00fcber eine B\u00fcgel- und Schl\u00fcsselwegdichtung verf\u00fcgen, um das Eindringen von Staub und Schmutz in extremen Umgebungen zu verhindern. Das robuste TPE (Thermoplastisches Elastomer) ist wetterbest\u00e4ndig und silikonfrei, und die Abdeckung bietet Schutz in rauen Umgebungen.    <\/p>\n","protected":false},"excerpt":{"rendered":"<p>Die Master Lock Nr. S30COVERS Abdeckungen f\u00fcr extreme Umgebungen sind f\u00fcr Master Lock Nr. S31, S32 und S33 Zenex\u2122. Thermoplastische Sicherheitsschl\u00f6sser konzipiert, die \u00fcber eine B\u00fcgel- und Schl\u00fcsselwegdichtung verf\u00fcgen, um das Eindringen von Staub und Schmutz in extremen Umgebungen zu verhindern. Das robuste TPE (Thermoplastisches Elastomer) ist wetterbest\u00e4ndig und silikonfrei, und die Abdeckung bietet Schutz in rauen Umgebungen.   <\/p>\n","protected":false},"featured_media":17458,"comment_status":"open","ping_status":"closed","template":"","meta":{"_acf_changed":false,"_et_pb_use_builder":"","_et_pb_old_content":"","_et_gb_content_width":""},"product_brand":[],"product_cat":[461],"product_tag":[935],"pa_connextion-shapes":[],"class_list":{"0":"post-18283","1":"product","2":"type-product","3":"status-publish","4":"has-post-thumbnail","6":"product_cat-lockout-tagout-de","7":"product_tag-master-lock-de","9":"first","10":"instock","11":"taxable","12":"shipping-taxable","13":"purchasable","14":"product-type-simple"},"exclude_global_add_ons":[],"addons":[],"acf":[],"yoast_head":"<!-- This site is optimized with the Yoast SEO Premium plugin v27.0 (Yoast SEO v27.1) - https:\/\/yoast.com\/product\/yoast-seo-premium-wordpress\/ -->\n<title>Abdeckungen f\u00fcr extremen Umgebungsschutz f\u00fcr Master Lock Nr. S31, S32, S33<\/title>\n<meta name=\"description\" content=\"Die Master Lock Nr. S30COVERS Abdeckungen f\u00fcr extreme Umgebungen sind f\u00fcr die Master Lock Nr. S31, S32 und S33 Zenex\u2122 Thermoplastik-Sicherheitsschl\u00f6sser konzipiert...\" \/>\n<meta name=\"robots\" content=\"index, follow, max-snippet:-1, max-image-preview:large, max-video-preview:-1\" \/>\n<link rel=\"canonical\" href=\"https:\/\/d-identify.be\/de\/produkt\/abdeckungen-fur-extremen-umgebungsschutz-fur-master-lock-nr-s31-s32-s33-sicherheitsschlosser-beutel-mit-72-stuck\/\" \/>\n<meta property=\"og:locale\" content=\"de_DE\" \/>\n<meta property=\"og:type\" content=\"article\" \/>\n<meta property=\"og:title\" content=\"Abdeckungen f\u00fcr extremen Umgebungsschutz f\u00fcr Master Lock Nr. S31, S32, S33 Sicherheitsschl\u00f6sser, Beutel mit 72 St\u00fcck\" \/>\n<meta property=\"og:description\" content=\"Die Master Lock Nr. S30COVERS Abdeckungen f\u00fcr extreme Umgebungen sind f\u00fcr die Master Lock Nr. S31, S32 und S33 Zenex\u2122 Thermoplastik-Sicherheitsschl\u00f6sser konzipiert...\" \/>\n<meta property=\"og:url\" content=\"https:\/\/d-identify.be\/de\/produkt\/abdeckungen-fur-extremen-umgebungsschutz-fur-master-lock-nr-s31-s32-s33-sicherheitsschlosser-beutel-mit-72-stuck\/\" \/>\n<meta property=\"og:site_name\" content=\"d-identify\" \/>\n<meta property=\"og:image\" content=\"https:\/\/d-identify.be\/wp-content\/uploads\/2021\/07\/4314882_S30COVERS_lg_FR.jpg\" \/>\n\t<meta property=\"og:image:width\" content=\"277\" \/>\n\t<meta property=\"og:image:height\" content=\"277\" \/>\n\t<meta property=\"og:image:type\" content=\"image\/jpeg\" \/>\n<meta name=\"twitter:card\" content=\"summary_large_image\" \/>\n<script type=\"application\/ld+json\" class=\"yoast-schema-graph\">{\"@context\":\"https:\/\/schema.org\",\"@graph\":[{\"@type\":\"WebPage\",\"@id\":\"https:\/\/d-identify.be\/de\/produkt\/abdeckungen-fur-extremen-umgebungsschutz-fur-master-lock-nr-s31-s32-s33-sicherheitsschlosser-beutel-mit-72-stuck\/\",\"url\":\"https:\/\/d-identify.be\/de\/produkt\/abdeckungen-fur-extremen-umgebungsschutz-fur-master-lock-nr-s31-s32-s33-sicherheitsschlosser-beutel-mit-72-stuck\/\",\"name\":\"Abdeckungen f\u00fcr extremen Umgebungsschutz f\u00fcr Master Lock Nr. S31, S32, S33\",\"isPartOf\":{\"@id\":\"https:\/\/d-identify.be\/de\/#website\"},\"primaryImageOfPage\":{\"@id\":\"https:\/\/d-identify.be\/de\/produkt\/abdeckungen-fur-extremen-umgebungsschutz-fur-master-lock-nr-s31-s32-s33-sicherheitsschlosser-beutel-mit-72-stuck\/#primaryimage\"},\"image\":{\"@id\":\"https:\/\/d-identify.be\/de\/produkt\/abdeckungen-fur-extremen-umgebungsschutz-fur-master-lock-nr-s31-s32-s33-sicherheitsschlosser-beutel-mit-72-stuck\/#primaryimage\"},\"thumbnailUrl\":\"https:\/\/d-identify.be\/wp-content\/uploads\/2021\/07\/4314882_S30COVERS_lg_FR.jpg\",\"datePublished\":\"2021-07-26T10:39:19+00:00\",\"description\":\"Die Master Lock Nr. S30COVERS Abdeckungen f\u00fcr extreme Umgebungen sind f\u00fcr die Master Lock Nr. S31, S32 und S33 Zenex\u2122 Thermoplastik-Sicherheitsschl\u00f6sser konzipiert...\",\"breadcrumb\":{\"@id\":\"https:\/\/d-identify.be\/de\/produkt\/abdeckungen-fur-extremen-umgebungsschutz-fur-master-lock-nr-s31-s32-s33-sicherheitsschlosser-beutel-mit-72-stuck\/#breadcrumb\"},\"inLanguage\":\"de\",\"potentialAction\":[{\"@type\":\"ReadAction\",\"target\":[\"https:\/\/d-identify.be\/de\/produkt\/abdeckungen-fur-extremen-umgebungsschutz-fur-master-lock-nr-s31-s32-s33-sicherheitsschlosser-beutel-mit-72-stuck\/\"]}]},{\"@type\":\"ImageObject\",\"inLanguage\":\"de\",\"@id\":\"https:\/\/d-identify.be\/de\/produkt\/abdeckungen-fur-extremen-umgebungsschutz-fur-master-lock-nr-s31-s32-s33-sicherheitsschlosser-beutel-mit-72-stuck\/#primaryimage\",\"url\":\"https:\/\/d-identify.be\/wp-content\/uploads\/2021\/07\/4314882_S30COVERS_lg_FR.jpg\",\"contentUrl\":\"https:\/\/d-identify.be\/wp-content\/uploads\/2021\/07\/4314882_S30COVERS_lg_FR.jpg\",\"width\":277,\"height\":277,\"caption\":\"S30COVERS H\u00fclle | Master Lock\"},{\"@type\":\"BreadcrumbList\",\"@id\":\"https:\/\/d-identify.be\/de\/produkt\/abdeckungen-fur-extremen-umgebungsschutz-fur-master-lock-nr-s31-s32-s33-sicherheitsschlosser-beutel-mit-72-stuck\/#breadcrumb\",\"itemListElement\":[{\"@type\":\"ListItem\",\"position\":1,\"name\":\"Home\",\"item\":\"https:\/\/d-identify.be\/de\/home-2\/\"},{\"@type\":\"ListItem\",\"position\":2,\"name\":\"Shop\",\"item\":\"https:\/\/d-identify.be\/shop-2\/\"},{\"@type\":\"ListItem\",\"position\":3,\"name\":\"Abdeckungen f\u00fcr extremen Umgebungsschutz f\u00fcr Master Lock Nr. S31, S32, S33 Sicherheitsschl\u00f6sser, Beutel mit 72 St\u00fcck\"}]},{\"@type\":\"WebSite\",\"@id\":\"https:\/\/d-identify.be\/de\/#website\",\"url\":\"https:\/\/d-identify.be\/de\/\",\"name\":\"d-identify\",\"description\":\"Industrial identification - Lockout - Tagout - Floor marking\",\"potentialAction\":[{\"@type\":\"SearchAction\",\"target\":{\"@type\":\"EntryPoint\",\"urlTemplate\":\"https:\/\/d-identify.be\/de\/?s={search_term_string}\"},\"query-input\":{\"@type\":\"PropertyValueSpecification\",\"valueRequired\":true,\"valueName\":\"search_term_string\"}}],\"inLanguage\":\"de\"}]}<\/script>\n<!-- \/ Yoast SEO Premium plugin. -->","yoast_head_json":{"title":"Abdeckungen f\u00fcr extremen Umgebungsschutz f\u00fcr Master Lock Nr. S31, S32, S33","description":"Die Master Lock Nr. S30COVERS Abdeckungen f\u00fcr extreme Umgebungen sind f\u00fcr die Master Lock Nr. S31, S32 und S33 Zenex\u2122 Thermoplastik-Sicherheitsschl\u00f6sser konzipiert...","robots":{"index":"index","follow":"follow","max-snippet":"max-snippet:-1","max-image-preview":"max-image-preview:large","max-video-preview":"max-video-preview:-1"},"canonical":"https:\/\/d-identify.be\/de\/produkt\/abdeckungen-fur-extremen-umgebungsschutz-fur-master-lock-nr-s31-s32-s33-sicherheitsschlosser-beutel-mit-72-stuck\/","og_locale":"de_DE","og_type":"article","og_title":"Abdeckungen f\u00fcr extremen Umgebungsschutz f\u00fcr Master Lock Nr. S31, S32, S33 Sicherheitsschl\u00f6sser, Beutel mit 72 St\u00fcck","og_description":"Die Master Lock Nr. S30COVERS Abdeckungen f\u00fcr extreme Umgebungen sind f\u00fcr die Master Lock Nr. S31, S32 und S33 Zenex\u2122 Thermoplastik-Sicherheitsschl\u00f6sser konzipiert...","og_url":"https:\/\/d-identify.be\/de\/produkt\/abdeckungen-fur-extremen-umgebungsschutz-fur-master-lock-nr-s31-s32-s33-sicherheitsschlosser-beutel-mit-72-stuck\/","og_site_name":"d-identify","og_image":[{"width":277,"height":277,"url":"https:\/\/d-identify.be\/wp-content\/uploads\/2021\/07\/4314882_S30COVERS_lg_FR.jpg","type":"image\/jpeg"}],"twitter_card":"summary_large_image","schema":{"@context":"https:\/\/schema.org","@graph":[{"@type":"WebPage","@id":"https:\/\/d-identify.be\/de\/produkt\/abdeckungen-fur-extremen-umgebungsschutz-fur-master-lock-nr-s31-s32-s33-sicherheitsschlosser-beutel-mit-72-stuck\/","url":"https:\/\/d-identify.be\/de\/produkt\/abdeckungen-fur-extremen-umgebungsschutz-fur-master-lock-nr-s31-s32-s33-sicherheitsschlosser-beutel-mit-72-stuck\/","name":"Abdeckungen f\u00fcr extremen Umgebungsschutz f\u00fcr Master Lock Nr. S31, S32, S33","isPartOf":{"@id":"https:\/\/d-identify.be\/de\/#website"},"primaryImageOfPage":{"@id":"https:\/\/d-identify.be\/de\/produkt\/abdeckungen-fur-extremen-umgebungsschutz-fur-master-lock-nr-s31-s32-s33-sicherheitsschlosser-beutel-mit-72-stuck\/#primaryimage"},"image":{"@id":"https:\/\/d-identify.be\/de\/produkt\/abdeckungen-fur-extremen-umgebungsschutz-fur-master-lock-nr-s31-s32-s33-sicherheitsschlosser-beutel-mit-72-stuck\/#primaryimage"},"thumbnailUrl":"https:\/\/d-identify.be\/wp-content\/uploads\/2021\/07\/4314882_S30COVERS_lg_FR.jpg","datePublished":"2021-07-26T10:39:19+00:00","description":"Die Master Lock Nr. S30COVERS Abdeckungen f\u00fcr extreme Umgebungen sind f\u00fcr die Master Lock Nr. S31, S32 und S33 Zenex\u2122 Thermoplastik-Sicherheitsschl\u00f6sser konzipiert...","breadcrumb":{"@id":"https:\/\/d-identify.be\/de\/produkt\/abdeckungen-fur-extremen-umgebungsschutz-fur-master-lock-nr-s31-s32-s33-sicherheitsschlosser-beutel-mit-72-stuck\/#breadcrumb"},"inLanguage":"de","potentialAction":[{"@type":"ReadAction","target":["https:\/\/d-identify.be\/de\/produkt\/abdeckungen-fur-extremen-umgebungsschutz-fur-master-lock-nr-s31-s32-s33-sicherheitsschlosser-beutel-mit-72-stuck\/"]}]},{"@type":"ImageObject","inLanguage":"de","@id":"https:\/\/d-identify.be\/de\/produkt\/abdeckungen-fur-extremen-umgebungsschutz-fur-master-lock-nr-s31-s32-s33-sicherheitsschlosser-beutel-mit-72-stuck\/#primaryimage","url":"https:\/\/d-identify.be\/wp-content\/uploads\/2021\/07\/4314882_S30COVERS_lg_FR.jpg","contentUrl":"https:\/\/d-identify.be\/wp-content\/uploads\/2021\/07\/4314882_S30COVERS_lg_FR.jpg","width":277,"height":277,"caption":"S30COVERS H\u00fclle | Master Lock"},{"@type":"BreadcrumbList","@id":"https:\/\/d-identify.be\/de\/produkt\/abdeckungen-fur-extremen-umgebungsschutz-fur-master-lock-nr-s31-s32-s33-sicherheitsschlosser-beutel-mit-72-stuck\/#breadcrumb","itemListElement":[{"@type":"ListItem","position":1,"name":"Home","item":"https:\/\/d-identify.be\/de\/home-2\/"},{"@type":"ListItem","position":2,"name":"Shop","item":"https:\/\/d-identify.be\/shop-2\/"},{"@type":"ListItem","position":3,"name":"Abdeckungen f\u00fcr extremen Umgebungsschutz f\u00fcr Master Lock Nr. S31, S32, S33 Sicherheitsschl\u00f6sser, Beutel mit 72 St\u00fcck"}]},{"@type":"WebSite","@id":"https:\/\/d-identify.be\/de\/#website","url":"https:\/\/d-identify.be\/de\/","name":"d-identify","description":"Industrial identification - Lockout - Tagout - Floor marking","potentialAction":[{"@type":"SearchAction","target":{"@type":"EntryPoint","urlTemplate":"https:\/\/d-identify.be\/de\/?s={search_term_string}"},"query-input":{"@type":"PropertyValueSpecification","valueRequired":true,"valueName":"search_term_string"}}],"inLanguage":"de"}]}},"_links":{"self":[{"href":"https:\/\/d-identify.be\/de\/wp-json\/wp\/v2\/product\/18283","targetHints":{"allow":["GET"]}}],"collection":[{"href":"https:\/\/d-identify.be\/de\/wp-json\/wp\/v2\/product"}],"about":[{"href":"https:\/\/d-identify.be\/de\/wp-json\/wp\/v2\/types\/product"}],"replies":[{"embeddable":true,"href":"https:\/\/d-identify.be\/de\/wp-json\/wp\/v2\/comments?post=18283"}],"wp:featuredmedia":[{"embeddable":true,"href":"https:\/\/d-identify.be\/de\/wp-json\/wp\/v2\/media\/17458"}],"wp:attachment":[{"href":"https:\/\/d-identify.be\/de\/wp-json\/wp\/v2\/media?parent=18283"}],"wp:term":[{"taxonomy":"product_brand","embeddable":true,"href":"https:\/\/d-identify.be\/de\/wp-json\/wp\/v2\/product_brand?post=18283"},{"taxonomy":"product_cat","embeddable":true,"href":"https:\/\/d-identify.be\/de\/wp-json\/wp\/v2\/product_cat?post=18283"},{"taxonomy":"product_tag","embeddable":true,"href":"https:\/\/d-identify.be\/de\/wp-json\/wp\/v2\/product_tag?post=18283"},{"taxonomy":"pa_connextion-shapes","embeddable":true,"href":"https:\/\/d-identify.be\/de\/wp-json\/wp\/v2\/pa_connextion-shapes?post=18283"}],"curies":[{"name":"wp","href":"https:\/\/api.w.org\/{rel}","templated":true}]}}