{"id":18267,"date":"2021-07-26T12:39:19","date_gmt":"2021-07-26T10:39:19","guid":{"rendered":"https:\/\/d-identify.be\/product\/abdeckungen-fur-extreme-umgebungen-fur-master-lock-nr-410-und-406-sicherheitsschlosser-beutel-mit-12-stuck\/"},"modified":"2024-03-19T17:50:57","modified_gmt":"2024-03-19T15:50:57","slug":"abdeckungen-fur-extreme-umgebungen-fur-master-lock-nr-410-und-406-sicherheitsschlosser-beutel-mit-12-stuck","status":"publish","type":"product","link":"https:\/\/d-identify.be\/de\/produkt\/abdeckungen-fur-extreme-umgebungen-fur-master-lock-nr-410-und-406-sicherheitsschlosser-beutel-mit-12-stuck\/","title":{"rendered":"Abdeckungen f\u00fcr extreme Umgebungen f\u00fcr Master Lock Nr. 410 und 406 Sicherheitsschl\u00f6sser, Beutel mit 12 St\u00fcck"},"content":{"rendered":"<p style=\"text-align: left;\">Die Master Lock No. 400COVERS Schutzh\u00fcllen f\u00fcr extreme Umgebungen sind f\u00fcr Master Lock Nr. 410 und 406 Zenex\u2122 Thermoplast-Sicherheitsschl\u00f6sser konzipiert. Die Sicherheitsschl\u00f6sser aus Thermoplast verf\u00fcgen \u00fcber einen B\u00fcgel und eine Schl\u00fcsselwegdichtung, um das Eindringen von Staub und Schmutz in extremen Umgebungen zu verhindern. Das robuste TPE (Thermoplastisches Elastomer) ist wetterbest\u00e4ndig und silikonfrei. Die Abdeckung bietet Schutz in rauesten Umgebungen.  <\/p>\n","protected":false},"excerpt":{"rendered":"<p>Die Master Lock No. 400COVERS Schutzh\u00fcllen f\u00fcr extreme Umgebungen sind f\u00fcr Master Lock Nr. 410 und 406 Zenex\u2122 Thermoplast-Sicherheitsschl\u00f6sser konzipiert. Die Sicherheitsschl\u00f6sser aus Thermoplast verf\u00fcgen \u00fcber einen B\u00fcgel und eine Schl\u00fcsselwegdichtung, um das Eindringen von Staub und Schmutz in extremen Umgebungen zu verhindern. Das robuste TPE (Thermoplastisches Elastomer) ist wetterbest\u00e4ndig und silikonfrei. Die Abdeckung bietet Schutz in rauesten Umgebungen.  <\/p>\n","protected":false},"featured_media":18268,"comment_status":"open","ping_status":"closed","template":"","meta":{"_acf_changed":false,"_et_pb_use_builder":"","_et_pb_old_content":"","_et_gb_content_width":""},"product_brand":[],"product_cat":[461],"product_tag":[935],"pa_connextion-shapes":[],"class_list":{"0":"post-18267","1":"product","2":"type-product","3":"status-publish","4":"has-post-thumbnail","6":"product_cat-lockout-tagout-de","7":"product_tag-master-lock-de","9":"first","10":"instock","11":"taxable","12":"shipping-taxable","13":"purchasable","14":"product-type-simple"},"exclude_global_add_ons":[],"addons":[],"acf":[],"yoast_head":"<!-- This site is optimized with the Yoast SEO Premium plugin v27.0 (Yoast SEO v27.1) - https:\/\/yoast.com\/product\/yoast-seo-premium-wordpress\/ -->\n<title>Abdeckungen f\u00fcr extreme Umgebungen f\u00fcr Master Lock Nr. 410 und 406 Sicherheitsschl\u00f6sser, Beutel mit 12 St\u00fcck - d-identify<\/title>\n<meta name=\"description\" content=\"Die Master Lock No. 400COVERS Schutzh\u00fcllen f\u00fcr extremen Umgebungen sind f\u00fcr die Master Lock Nr. 410 und 406 Zenex\u2122 Thermoplastik-Sicherheitsschl\u00f6sser konzipiert.\" \/>\n<meta name=\"robots\" content=\"index, follow, max-snippet:-1, max-image-preview:large, max-video-preview:-1\" \/>\n<link rel=\"canonical\" href=\"https:\/\/d-identify.be\/de\/produkt\/abdeckungen-fur-extreme-umgebungen-fur-master-lock-nr-410-und-406-sicherheitsschlosser-beutel-mit-12-stuck\/\" \/>\n<meta property=\"og:locale\" content=\"de_DE\" \/>\n<meta property=\"og:type\" content=\"article\" \/>\n<meta property=\"og:title\" content=\"Abdeckungen f\u00fcr extreme Umgebungen f\u00fcr Master Lock Nr. 410 und 406 Sicherheitsschl\u00f6sser, Beutel mit 12 St\u00fcck\" \/>\n<meta property=\"og:description\" content=\"Die Master Lock No. 400COVERS Schutzh\u00fcllen f\u00fcr extremen Umgebungen sind f\u00fcr die Master Lock Nr. 410 und 406 Zenex\u2122 Thermoplastik-Sicherheitsschl\u00f6sser konzipiert.\" \/>\n<meta property=\"og:url\" content=\"https:\/\/d-identify.be\/de\/produkt\/abdeckungen-fur-extreme-umgebungen-fur-master-lock-nr-410-und-406-sicherheitsschlosser-beutel-mit-12-stuck\/\" \/>\n<meta property=\"og:site_name\" content=\"d-identify\" \/>\n<meta property=\"article:modified_time\" content=\"2024-03-19T15:50:57+00:00\" \/>\n<meta property=\"og:image\" content=\"https:\/\/d-identify.be\/wp-content\/uploads\/2021\/07\/12917893_400COVERS_lg_FR.jpg\" \/>\n\t<meta property=\"og:image:width\" content=\"282\" \/>\n\t<meta property=\"og:image:height\" content=\"282\" \/>\n\t<meta property=\"og:image:type\" content=\"image\/jpeg\" \/>\n<meta name=\"twitter:card\" content=\"summary_large_image\" \/>\n<script type=\"application\/ld+json\" class=\"yoast-schema-graph\">{\"@context\":\"https:\/\/schema.org\",\"@graph\":[{\"@type\":\"WebPage\",\"@id\":\"https:\/\/d-identify.be\/de\/produkt\/abdeckungen-fur-extreme-umgebungen-fur-master-lock-nr-410-und-406-sicherheitsschlosser-beutel-mit-12-stuck\/\",\"url\":\"https:\/\/d-identify.be\/de\/produkt\/abdeckungen-fur-extreme-umgebungen-fur-master-lock-nr-410-und-406-sicherheitsschlosser-beutel-mit-12-stuck\/\",\"name\":\"Abdeckungen f\u00fcr extreme Umgebungen f\u00fcr Master Lock Nr. 410 und 406 Sicherheitsschl\u00f6sser, Beutel mit 12 St\u00fcck - d-identify\",\"isPartOf\":{\"@id\":\"https:\/\/d-identify.be\/de\/#website\"},\"primaryImageOfPage\":{\"@id\":\"https:\/\/d-identify.be\/de\/produkt\/abdeckungen-fur-extreme-umgebungen-fur-master-lock-nr-410-und-406-sicherheitsschlosser-beutel-mit-12-stuck\/#primaryimage\"},\"image\":{\"@id\":\"https:\/\/d-identify.be\/de\/produkt\/abdeckungen-fur-extreme-umgebungen-fur-master-lock-nr-410-und-406-sicherheitsschlosser-beutel-mit-12-stuck\/#primaryimage\"},\"thumbnailUrl\":\"https:\/\/d-identify.be\/wp-content\/uploads\/2021\/07\/12917893_400COVERS_lg_FR.jpg\",\"datePublished\":\"2021-07-26T10:39:19+00:00\",\"dateModified\":\"2024-03-19T15:50:57+00:00\",\"description\":\"Die Master Lock No. 400COVERS Schutzh\u00fcllen f\u00fcr extremen Umgebungen sind f\u00fcr die Master Lock Nr. 410 und 406 Zenex\u2122 Thermoplastik-Sicherheitsschl\u00f6sser konzipiert.\",\"breadcrumb\":{\"@id\":\"https:\/\/d-identify.be\/de\/produkt\/abdeckungen-fur-extreme-umgebungen-fur-master-lock-nr-410-und-406-sicherheitsschlosser-beutel-mit-12-stuck\/#breadcrumb\"},\"inLanguage\":\"de\",\"potentialAction\":[{\"@type\":\"ReadAction\",\"target\":[\"https:\/\/d-identify.be\/de\/produkt\/abdeckungen-fur-extreme-umgebungen-fur-master-lock-nr-410-und-406-sicherheitsschlosser-beutel-mit-12-stuck\/\"]}]},{\"@type\":\"ImageObject\",\"inLanguage\":\"de\",\"@id\":\"https:\/\/d-identify.be\/de\/produkt\/abdeckungen-fur-extreme-umgebungen-fur-master-lock-nr-410-und-406-sicherheitsschlosser-beutel-mit-12-stuck\/#primaryimage\",\"url\":\"https:\/\/d-identify.be\/wp-content\/uploads\/2021\/07\/12917893_400COVERS_lg_FR.jpg\",\"contentUrl\":\"https:\/\/d-identify.be\/wp-content\/uploads\/2021\/07\/12917893_400COVERS_lg_FR.jpg\",\"width\":282,\"height\":282,\"caption\":\"Extreme Environment Covers for Master Lock No. 410 and 406 Safety Padlocks, Bag of 12\"},{\"@type\":\"BreadcrumbList\",\"@id\":\"https:\/\/d-identify.be\/de\/produkt\/abdeckungen-fur-extreme-umgebungen-fur-master-lock-nr-410-und-406-sicherheitsschlosser-beutel-mit-12-stuck\/#breadcrumb\",\"itemListElement\":[{\"@type\":\"ListItem\",\"position\":1,\"name\":\"Home\",\"item\":\"https:\/\/d-identify.be\/de\/home-2\/\"},{\"@type\":\"ListItem\",\"position\":2,\"name\":\"Shop\",\"item\":\"https:\/\/d-identify.be\/shop-2\/\"},{\"@type\":\"ListItem\",\"position\":3,\"name\":\"Abdeckungen f\u00fcr extreme Umgebungen f\u00fcr Master Lock Nr. 410 und 406 Sicherheitsschl\u00f6sser, Beutel mit 12 St\u00fcck\"}]},{\"@type\":\"WebSite\",\"@id\":\"https:\/\/d-identify.be\/de\/#website\",\"url\":\"https:\/\/d-identify.be\/de\/\",\"name\":\"d-identify\",\"description\":\"Industrial identification - Lockout - Tagout - Floor marking\",\"potentialAction\":[{\"@type\":\"SearchAction\",\"target\":{\"@type\":\"EntryPoint\",\"urlTemplate\":\"https:\/\/d-identify.be\/de\/?s={search_term_string}\"},\"query-input\":{\"@type\":\"PropertyValueSpecification\",\"valueRequired\":true,\"valueName\":\"search_term_string\"}}],\"inLanguage\":\"de\"}]}<\/script>\n<!-- \/ Yoast SEO Premium plugin. -->","yoast_head_json":{"title":"Abdeckungen f\u00fcr extreme Umgebungen f\u00fcr Master Lock Nr. 410 und 406 Sicherheitsschl\u00f6sser, Beutel mit 12 St\u00fcck - d-identify","description":"Die Master Lock No. 400COVERS Schutzh\u00fcllen f\u00fcr extremen Umgebungen sind f\u00fcr die Master Lock Nr. 410 und 406 Zenex\u2122 Thermoplastik-Sicherheitsschl\u00f6sser konzipiert.","robots":{"index":"index","follow":"follow","max-snippet":"max-snippet:-1","max-image-preview":"max-image-preview:large","max-video-preview":"max-video-preview:-1"},"canonical":"https:\/\/d-identify.be\/de\/produkt\/abdeckungen-fur-extreme-umgebungen-fur-master-lock-nr-410-und-406-sicherheitsschlosser-beutel-mit-12-stuck\/","og_locale":"de_DE","og_type":"article","og_title":"Abdeckungen f\u00fcr extreme Umgebungen f\u00fcr Master Lock Nr. 410 und 406 Sicherheitsschl\u00f6sser, Beutel mit 12 St\u00fcck","og_description":"Die Master Lock No. 400COVERS Schutzh\u00fcllen f\u00fcr extremen Umgebungen sind f\u00fcr die Master Lock Nr. 410 und 406 Zenex\u2122 Thermoplastik-Sicherheitsschl\u00f6sser konzipiert.","og_url":"https:\/\/d-identify.be\/de\/produkt\/abdeckungen-fur-extreme-umgebungen-fur-master-lock-nr-410-und-406-sicherheitsschlosser-beutel-mit-12-stuck\/","og_site_name":"d-identify","article_modified_time":"2024-03-19T15:50:57+00:00","og_image":[{"width":282,"height":282,"url":"https:\/\/d-identify.be\/wp-content\/uploads\/2021\/07\/12917893_400COVERS_lg_FR.jpg","type":"image\/jpeg"}],"twitter_card":"summary_large_image","schema":{"@context":"https:\/\/schema.org","@graph":[{"@type":"WebPage","@id":"https:\/\/d-identify.be\/de\/produkt\/abdeckungen-fur-extreme-umgebungen-fur-master-lock-nr-410-und-406-sicherheitsschlosser-beutel-mit-12-stuck\/","url":"https:\/\/d-identify.be\/de\/produkt\/abdeckungen-fur-extreme-umgebungen-fur-master-lock-nr-410-und-406-sicherheitsschlosser-beutel-mit-12-stuck\/","name":"Abdeckungen f\u00fcr extreme Umgebungen f\u00fcr Master Lock Nr. 410 und 406 Sicherheitsschl\u00f6sser, Beutel mit 12 St\u00fcck - d-identify","isPartOf":{"@id":"https:\/\/d-identify.be\/de\/#website"},"primaryImageOfPage":{"@id":"https:\/\/d-identify.be\/de\/produkt\/abdeckungen-fur-extreme-umgebungen-fur-master-lock-nr-410-und-406-sicherheitsschlosser-beutel-mit-12-stuck\/#primaryimage"},"image":{"@id":"https:\/\/d-identify.be\/de\/produkt\/abdeckungen-fur-extreme-umgebungen-fur-master-lock-nr-410-und-406-sicherheitsschlosser-beutel-mit-12-stuck\/#primaryimage"},"thumbnailUrl":"https:\/\/d-identify.be\/wp-content\/uploads\/2021\/07\/12917893_400COVERS_lg_FR.jpg","datePublished":"2021-07-26T10:39:19+00:00","dateModified":"2024-03-19T15:50:57+00:00","description":"Die Master Lock No. 400COVERS Schutzh\u00fcllen f\u00fcr extremen Umgebungen sind f\u00fcr die Master Lock Nr. 410 und 406 Zenex\u2122 Thermoplastik-Sicherheitsschl\u00f6sser konzipiert.","breadcrumb":{"@id":"https:\/\/d-identify.be\/de\/produkt\/abdeckungen-fur-extreme-umgebungen-fur-master-lock-nr-410-und-406-sicherheitsschlosser-beutel-mit-12-stuck\/#breadcrumb"},"inLanguage":"de","potentialAction":[{"@type":"ReadAction","target":["https:\/\/d-identify.be\/de\/produkt\/abdeckungen-fur-extreme-umgebungen-fur-master-lock-nr-410-und-406-sicherheitsschlosser-beutel-mit-12-stuck\/"]}]},{"@type":"ImageObject","inLanguage":"de","@id":"https:\/\/d-identify.be\/de\/produkt\/abdeckungen-fur-extreme-umgebungen-fur-master-lock-nr-410-und-406-sicherheitsschlosser-beutel-mit-12-stuck\/#primaryimage","url":"https:\/\/d-identify.be\/wp-content\/uploads\/2021\/07\/12917893_400COVERS_lg_FR.jpg","contentUrl":"https:\/\/d-identify.be\/wp-content\/uploads\/2021\/07\/12917893_400COVERS_lg_FR.jpg","width":282,"height":282,"caption":"Extreme Environment Covers for Master Lock No. 410 and 406 Safety Padlocks, Bag of 12"},{"@type":"BreadcrumbList","@id":"https:\/\/d-identify.be\/de\/produkt\/abdeckungen-fur-extreme-umgebungen-fur-master-lock-nr-410-und-406-sicherheitsschlosser-beutel-mit-12-stuck\/#breadcrumb","itemListElement":[{"@type":"ListItem","position":1,"name":"Home","item":"https:\/\/d-identify.be\/de\/home-2\/"},{"@type":"ListItem","position":2,"name":"Shop","item":"https:\/\/d-identify.be\/shop-2\/"},{"@type":"ListItem","position":3,"name":"Abdeckungen f\u00fcr extreme Umgebungen f\u00fcr Master Lock Nr. 410 und 406 Sicherheitsschl\u00f6sser, Beutel mit 12 St\u00fcck"}]},{"@type":"WebSite","@id":"https:\/\/d-identify.be\/de\/#website","url":"https:\/\/d-identify.be\/de\/","name":"d-identify","description":"Industrial identification - Lockout - Tagout - Floor marking","potentialAction":[{"@type":"SearchAction","target":{"@type":"EntryPoint","urlTemplate":"https:\/\/d-identify.be\/de\/?s={search_term_string}"},"query-input":{"@type":"PropertyValueSpecification","valueRequired":true,"valueName":"search_term_string"}}],"inLanguage":"de"}]}},"_links":{"self":[{"href":"https:\/\/d-identify.be\/de\/wp-json\/wp\/v2\/product\/18267","targetHints":{"allow":["GET"]}}],"collection":[{"href":"https:\/\/d-identify.be\/de\/wp-json\/wp\/v2\/product"}],"about":[{"href":"https:\/\/d-identify.be\/de\/wp-json\/wp\/v2\/types\/product"}],"replies":[{"embeddable":true,"href":"https:\/\/d-identify.be\/de\/wp-json\/wp\/v2\/comments?post=18267"}],"wp:featuredmedia":[{"embeddable":true,"href":"https:\/\/d-identify.be\/de\/wp-json\/wp\/v2\/media\/18268"}],"wp:attachment":[{"href":"https:\/\/d-identify.be\/de\/wp-json\/wp\/v2\/media?parent=18267"}],"wp:term":[{"taxonomy":"product_brand","embeddable":true,"href":"https:\/\/d-identify.be\/de\/wp-json\/wp\/v2\/product_brand?post=18267"},{"taxonomy":"product_cat","embeddable":true,"href":"https:\/\/d-identify.be\/de\/wp-json\/wp\/v2\/product_cat?post=18267"},{"taxonomy":"product_tag","embeddable":true,"href":"https:\/\/d-identify.be\/de\/wp-json\/wp\/v2\/product_tag?post=18267"},{"taxonomy":"pa_connextion-shapes","embeddable":true,"href":"https:\/\/d-identify.be\/de\/wp-json\/wp\/v2\/pa_connextion-shapes?post=18267"}],"curies":[{"name":"wp","href":"https:\/\/api.w.org\/{rel}","templated":true}]}}