{"id":18138,"date":"2021-07-26T12:40:04","date_gmt":"2021-07-26T10:40:04","guid":{"rendered":"https:\/\/d-identify.be\/product\/sicherheitshangschloss-aus-laminiertem-stahl-40-mm-breit-mit-38-mm-hohem-bugel\/"},"modified":"2021-07-26T12:40:04","modified_gmt":"2021-07-26T10:40:04","slug":"sicherheitshangschloss-aus-laminiertem-stahl-40-mm-breit-mit-38-mm-hohem-bugel","status":"publish","type":"product","link":"https:\/\/d-identify.be\/de\/produkt\/sicherheitshangschloss-aus-laminiertem-stahl-40-mm-breit-mit-38-mm-hohem-bugel\/","title":{"rendered":"Sicherheitshangschloss aus laminiertem Stahl, 40 mm breit mit 38 mm hohem B\u00fcgel"},"content":{"rendered":"<p>Das Master Lock Nr. 3LFBLK Laminated Steel Padlock verf\u00fcgt \u00fcber einen 40 mm breiten verst\u00e4rkten laminierten Stahlk\u00f6rper. Mit einem Sto\u00dff\u00e4nger und einem 38 mm hohen, 7 mm Durchmesser B\u00fcgel. Der Kugellager-Sperrmechanismus f\u00fcr zus\u00e4tzliche Aufbruchsicherheit macht es ideal f\u00fcr Umgebungen, in denen das Schloss physischem Missbrauch ausgesetzt ist. Der 4-Stift-Schlie\u00dfzylinder bietet Sicherheit. Es ist unerl\u00e4sslich, dass jeder Mitarbeiter in einem Betrieb einen Vorh\u00e4ngeschlossschl\u00fcssel hat, der einzigartig f\u00fcr ihn ist. Die Schl\u00fcsselzuordnung ist entscheidend, um zu verhindern, dass doppelte Schl\u00fcssel in den Arbeitsplatz gelangen.   <\/p>\n<div class='et-learn-more clearfix'>\n\t\t\t\t\t<h3 class='heading-more'>KD<span class='et_learnmore_arrow'><span><\/span><\/span><\/h3>\n\t\t\t\t\t<div class='learn-more-content'>Jedes Schloss wird mit seinem eigenen einzigartigen Schl\u00fcssel ge\u00f6ffnet, der kein anderes Schloss im Set \u00f6ffnet. Entspricht dem Mantra &#8222;Ein Schloss, ein Mitarbeiter, ein Schl\u00fcssel&#8220; (Standardlieferung).<\/div>\n\t\t\t\t<\/div>\n<div class='et-learn-more clearfix'>\n\t\t\t\t\t<h3 class='heading-more'>KA<span class='et_learnmore_arrow'><span><\/span><\/span><\/h3>\n\t\t\t\t\t<div class='learn-more-content'>Alle Vorh\u00e4ngeschl\u00f6sser im Set werden mit demselben Schl\u00fcssel ge\u00f6ffnet, sodass nur ein Schl\u00fcssel erforderlich ist, um zahlreiche Vorh\u00e4ngeschl\u00f6sser zu \u00f6ffnen \u2013 f\u00fcr Mitarbeiter, die viele Schl\u00f6sser ben\u00f6tigen, haben sie immer noch nur einen Schl\u00fcssel.<\/div>\n\t\t\t\t<\/div>\n<div class='et-learn-more clearfix'>\n\t\t\t\t\t<h3 class='heading-more'>MK<span class='et_learnmore_arrow'><span><\/span><\/span><\/h3>\n\t\t\t\t\t<div class='learn-more-content'>Ein Hauptschl\u00fcssel \u00f6ffnet alle Schl\u00f6sser im System. Gleichzeitig hat jedoch auch jedes Schloss seinen eigenen einzigartigen Schl\u00fcssel \u2013 dies erm\u00f6glicht das verantwortungsbewusste Entfernen von falsch platzierten oder vergessenen Verriegelungen gem\u00e4\u00df Ihrer Notfallbenachrichtigungsrichtlinie (Lieferung nach Ma\u00dfanfertigung in 4 bis 6 Wochen).<\/div>\n\t\t\t\t<\/div>\n","protected":false},"excerpt":{"rendered":"<p>Das Master Lock Nr. 3LFBLK Laminated Steel Padlock verf\u00fcgt \u00fcber einen verst\u00e4rkten laminierten Stahlk\u00f6rper mit einer Breite von 40 mm. Mit einem Sto\u00dff\u00e4nger und einem 38 mm hohen, 7 mm Durchmesser B\u00fcgel. Der Kugellager-Sperrmechanismus f\u00fcr zus\u00e4tzliche Aufbruchsicherheit macht es ideal f\u00fcr Umgebungen, in denen das Schloss physischem Missbrauch ausgesetzt ist. Der 4-Stift-Schlie\u00dfzylinder bietet Sicherheit.   <\/p>\n","protected":false},"featured_media":18154,"comment_status":"open","ping_status":"closed","template":"","meta":{"_acf_changed":false,"_et_pb_use_builder":"","_et_pb_old_content":"","_et_gb_content_width":""},"product_brand":[],"product_cat":[461,629],"product_tag":[962],"pa_connextion-shapes":[],"class_list":{"0":"post-18138","1":"product","2":"type-product","3":"status-publish","4":"has-post-thumbnail","6":"product_cat-lockout-tagout-de","7":"product_cat-lockout-padlocks","8":"product_tag-d-identify-de","10":"first","11":"instock","12":"taxable","13":"shipping-taxable","14":"purchasable","15":"product-type-variable","16":"has-default-attributes"},"exclude_global_add_ons":[],"addons":[],"acf":[],"yoast_head":"<!-- This site is optimized with the Yoast SEO Premium plugin v27.0 (Yoast SEO v27.1) - https:\/\/yoast.com\/product\/yoast-seo-premium-wordpress\/ -->\n<title>Sicherheitshangschloss aus laminiertem Stahl, 40 mm<\/title>\n<meta name=\"description\" content=\"Das Master Lock Laminated Steel Padlock verf\u00fcgt \u00fcber einen verst\u00e4rkten laminierten Stahlk\u00f6rper mit einer Breite von 40 mm. Mit einem Sto\u00dff\u00e4nger und einem 38 mm hohen, ...\" \/>\n<meta name=\"robots\" content=\"index, follow, max-snippet:-1, max-image-preview:large, max-video-preview:-1\" \/>\n<link rel=\"canonical\" href=\"https:\/\/d-identify.be\/de\/produkt\/sicherheitshangschloss-aus-laminiertem-stahl-40-mm-breit-mit-38-mm-hohem-bugel\/\" \/>\n<meta property=\"og:locale\" content=\"de_DE\" \/>\n<meta property=\"og:type\" content=\"article\" \/>\n<meta property=\"og:title\" content=\"Sicherheitshangschloss aus laminiertem Stahl, 40 mm breit mit 38 mm hohem B\u00fcgel\" \/>\n<meta property=\"og:description\" content=\"Das Master Lock Laminated Steel Padlock verf\u00fcgt \u00fcber einen verst\u00e4rkten laminierten Stahlk\u00f6rper mit einer Breite von 40 mm. Mit einem Sto\u00dff\u00e4nger und einem 38 mm hohen, ...\" \/>\n<meta property=\"og:url\" content=\"https:\/\/d-identify.be\/de\/produkt\/sicherheitshangschloss-aus-laminiertem-stahl-40-mm-breit-mit-38-mm-hohem-bugel\/\" \/>\n<meta property=\"og:site_name\" content=\"d-identify\" \/>\n<meta property=\"og:image\" content=\"https:\/\/d-identify.be\/wp-content\/uploads\/2021\/07\/MLCOM_PRODUCT_3LFBLK.jpg\" \/>\n\t<meta property=\"og:image:width\" content=\"285\" \/>\n\t<meta property=\"og:image:height\" content=\"285\" \/>\n\t<meta property=\"og:image:type\" content=\"image\/jpeg\" \/>\n<meta name=\"twitter:card\" content=\"summary_large_image\" \/>\n<meta name=\"twitter:label1\" content=\"Gesch\u00e4tzte Lesezeit\" \/>\n\t<meta name=\"twitter:data1\" content=\"1\u00a0Minute\" \/>\n<script type=\"application\/ld+json\" class=\"yoast-schema-graph\">{\"@context\":\"https:\/\/schema.org\",\"@graph\":[{\"@type\":\"WebPage\",\"@id\":\"https:\/\/d-identify.be\/de\/produkt\/sicherheitshangschloss-aus-laminiertem-stahl-40-mm-breit-mit-38-mm-hohem-bugel\/\",\"url\":\"https:\/\/d-identify.be\/de\/produkt\/sicherheitshangschloss-aus-laminiertem-stahl-40-mm-breit-mit-38-mm-hohem-bugel\/\",\"name\":\"Sicherheitshangschloss aus laminiertem Stahl, 40 mm\",\"isPartOf\":{\"@id\":\"https:\/\/d-identify.be\/de\/#website\"},\"primaryImageOfPage\":{\"@id\":\"https:\/\/d-identify.be\/de\/produkt\/sicherheitshangschloss-aus-laminiertem-stahl-40-mm-breit-mit-38-mm-hohem-bugel\/#primaryimage\"},\"image\":{\"@id\":\"https:\/\/d-identify.be\/de\/produkt\/sicherheitshangschloss-aus-laminiertem-stahl-40-mm-breit-mit-38-mm-hohem-bugel\/#primaryimage\"},\"thumbnailUrl\":\"https:\/\/d-identify.be\/wp-content\/uploads\/2021\/07\/MLCOM_PRODUCT_3LFBLK.jpg\",\"datePublished\":\"2021-07-26T10:40:04+00:00\",\"description\":\"Das Master Lock Laminated Steel Padlock verf\u00fcgt \u00fcber einen verst\u00e4rkten laminierten Stahlk\u00f6rper mit einer Breite von 40 mm. Mit einem Sto\u00dff\u00e4nger und einem 38 mm hohen, ...\",\"breadcrumb\":{\"@id\":\"https:\/\/d-identify.be\/de\/produkt\/sicherheitshangschloss-aus-laminiertem-stahl-40-mm-breit-mit-38-mm-hohem-bugel\/#breadcrumb\"},\"inLanguage\":\"de\",\"potentialAction\":[{\"@type\":\"ReadAction\",\"target\":[\"https:\/\/d-identify.be\/de\/produkt\/sicherheitshangschloss-aus-laminiertem-stahl-40-mm-breit-mit-38-mm-hohem-bugel\/\"]}]},{\"@type\":\"ImageObject\",\"inLanguage\":\"de\",\"@id\":\"https:\/\/d-identify.be\/de\/produkt\/sicherheitshangschloss-aus-laminiertem-stahl-40-mm-breit-mit-38-mm-hohem-bugel\/#primaryimage\",\"url\":\"https:\/\/d-identify.be\/wp-content\/uploads\/2021\/07\/MLCOM_PRODUCT_3LFBLK.jpg\",\"contentUrl\":\"https:\/\/d-identify.be\/wp-content\/uploads\/2021\/07\/MLCOM_PRODUCT_3LFBLK.jpg\",\"width\":285,\"height\":285},{\"@type\":\"BreadcrumbList\",\"@id\":\"https:\/\/d-identify.be\/de\/produkt\/sicherheitshangschloss-aus-laminiertem-stahl-40-mm-breit-mit-38-mm-hohem-bugel\/#breadcrumb\",\"itemListElement\":[{\"@type\":\"ListItem\",\"position\":1,\"name\":\"Home\",\"item\":\"https:\/\/d-identify.be\/de\/home-2\/\"},{\"@type\":\"ListItem\",\"position\":2,\"name\":\"Shop\",\"item\":\"https:\/\/d-identify.be\/shop-2\/\"},{\"@type\":\"ListItem\",\"position\":3,\"name\":\"Sicherheitshangschloss aus laminiertem Stahl, 40 mm breit mit 38 mm hohem B\u00fcgel\"}]},{\"@type\":\"WebSite\",\"@id\":\"https:\/\/d-identify.be\/de\/#website\",\"url\":\"https:\/\/d-identify.be\/de\/\",\"name\":\"d-identify\",\"description\":\"Industrial identification - Lockout - Tagout - Floor marking\",\"potentialAction\":[{\"@type\":\"SearchAction\",\"target\":{\"@type\":\"EntryPoint\",\"urlTemplate\":\"https:\/\/d-identify.be\/de\/?s={search_term_string}\"},\"query-input\":{\"@type\":\"PropertyValueSpecification\",\"valueRequired\":true,\"valueName\":\"search_term_string\"}}],\"inLanguage\":\"de\"}]}<\/script>\n<!-- \/ Yoast SEO Premium plugin. -->","yoast_head_json":{"title":"Sicherheitshangschloss aus laminiertem Stahl, 40 mm","description":"Das Master Lock Laminated Steel Padlock verf\u00fcgt \u00fcber einen verst\u00e4rkten laminierten Stahlk\u00f6rper mit einer Breite von 40 mm. Mit einem Sto\u00dff\u00e4nger und einem 38 mm hohen, ...","robots":{"index":"index","follow":"follow","max-snippet":"max-snippet:-1","max-image-preview":"max-image-preview:large","max-video-preview":"max-video-preview:-1"},"canonical":"https:\/\/d-identify.be\/de\/produkt\/sicherheitshangschloss-aus-laminiertem-stahl-40-mm-breit-mit-38-mm-hohem-bugel\/","og_locale":"de_DE","og_type":"article","og_title":"Sicherheitshangschloss aus laminiertem Stahl, 40 mm breit mit 38 mm hohem B\u00fcgel","og_description":"Das Master Lock Laminated Steel Padlock verf\u00fcgt \u00fcber einen verst\u00e4rkten laminierten Stahlk\u00f6rper mit einer Breite von 40 mm. Mit einem Sto\u00dff\u00e4nger und einem 38 mm hohen, ...","og_url":"https:\/\/d-identify.be\/de\/produkt\/sicherheitshangschloss-aus-laminiertem-stahl-40-mm-breit-mit-38-mm-hohem-bugel\/","og_site_name":"d-identify","og_image":[{"width":285,"height":285,"url":"https:\/\/d-identify.be\/wp-content\/uploads\/2021\/07\/MLCOM_PRODUCT_3LFBLK.jpg","type":"image\/jpeg"}],"twitter_card":"summary_large_image","twitter_misc":{"Gesch\u00e4tzte Lesezeit":"1\u00a0Minute"},"schema":{"@context":"https:\/\/schema.org","@graph":[{"@type":"WebPage","@id":"https:\/\/d-identify.be\/de\/produkt\/sicherheitshangschloss-aus-laminiertem-stahl-40-mm-breit-mit-38-mm-hohem-bugel\/","url":"https:\/\/d-identify.be\/de\/produkt\/sicherheitshangschloss-aus-laminiertem-stahl-40-mm-breit-mit-38-mm-hohem-bugel\/","name":"Sicherheitshangschloss aus laminiertem Stahl, 40 mm","isPartOf":{"@id":"https:\/\/d-identify.be\/de\/#website"},"primaryImageOfPage":{"@id":"https:\/\/d-identify.be\/de\/produkt\/sicherheitshangschloss-aus-laminiertem-stahl-40-mm-breit-mit-38-mm-hohem-bugel\/#primaryimage"},"image":{"@id":"https:\/\/d-identify.be\/de\/produkt\/sicherheitshangschloss-aus-laminiertem-stahl-40-mm-breit-mit-38-mm-hohem-bugel\/#primaryimage"},"thumbnailUrl":"https:\/\/d-identify.be\/wp-content\/uploads\/2021\/07\/MLCOM_PRODUCT_3LFBLK.jpg","datePublished":"2021-07-26T10:40:04+00:00","description":"Das Master Lock Laminated Steel Padlock verf\u00fcgt \u00fcber einen verst\u00e4rkten laminierten Stahlk\u00f6rper mit einer Breite von 40 mm. Mit einem Sto\u00dff\u00e4nger und einem 38 mm hohen, ...","breadcrumb":{"@id":"https:\/\/d-identify.be\/de\/produkt\/sicherheitshangschloss-aus-laminiertem-stahl-40-mm-breit-mit-38-mm-hohem-bugel\/#breadcrumb"},"inLanguage":"de","potentialAction":[{"@type":"ReadAction","target":["https:\/\/d-identify.be\/de\/produkt\/sicherheitshangschloss-aus-laminiertem-stahl-40-mm-breit-mit-38-mm-hohem-bugel\/"]}]},{"@type":"ImageObject","inLanguage":"de","@id":"https:\/\/d-identify.be\/de\/produkt\/sicherheitshangschloss-aus-laminiertem-stahl-40-mm-breit-mit-38-mm-hohem-bugel\/#primaryimage","url":"https:\/\/d-identify.be\/wp-content\/uploads\/2021\/07\/MLCOM_PRODUCT_3LFBLK.jpg","contentUrl":"https:\/\/d-identify.be\/wp-content\/uploads\/2021\/07\/MLCOM_PRODUCT_3LFBLK.jpg","width":285,"height":285},{"@type":"BreadcrumbList","@id":"https:\/\/d-identify.be\/de\/produkt\/sicherheitshangschloss-aus-laminiertem-stahl-40-mm-breit-mit-38-mm-hohem-bugel\/#breadcrumb","itemListElement":[{"@type":"ListItem","position":1,"name":"Home","item":"https:\/\/d-identify.be\/de\/home-2\/"},{"@type":"ListItem","position":2,"name":"Shop","item":"https:\/\/d-identify.be\/shop-2\/"},{"@type":"ListItem","position":3,"name":"Sicherheitshangschloss aus laminiertem Stahl, 40 mm breit mit 38 mm hohem B\u00fcgel"}]},{"@type":"WebSite","@id":"https:\/\/d-identify.be\/de\/#website","url":"https:\/\/d-identify.be\/de\/","name":"d-identify","description":"Industrial identification - Lockout - Tagout - Floor marking","potentialAction":[{"@type":"SearchAction","target":{"@type":"EntryPoint","urlTemplate":"https:\/\/d-identify.be\/de\/?s={search_term_string}"},"query-input":{"@type":"PropertyValueSpecification","valueRequired":true,"valueName":"search_term_string"}}],"inLanguage":"de"}]}},"_links":{"self":[{"href":"https:\/\/d-identify.be\/de\/wp-json\/wp\/v2\/product\/18138","targetHints":{"allow":["GET"]}}],"collection":[{"href":"https:\/\/d-identify.be\/de\/wp-json\/wp\/v2\/product"}],"about":[{"href":"https:\/\/d-identify.be\/de\/wp-json\/wp\/v2\/types\/product"}],"replies":[{"embeddable":true,"href":"https:\/\/d-identify.be\/de\/wp-json\/wp\/v2\/comments?post=18138"}],"wp:featuredmedia":[{"embeddable":true,"href":"https:\/\/d-identify.be\/de\/wp-json\/wp\/v2\/media\/18154"}],"wp:attachment":[{"href":"https:\/\/d-identify.be\/de\/wp-json\/wp\/v2\/media?parent=18138"}],"wp:term":[{"taxonomy":"product_brand","embeddable":true,"href":"https:\/\/d-identify.be\/de\/wp-json\/wp\/v2\/product_brand?post=18138"},{"taxonomy":"product_cat","embeddable":true,"href":"https:\/\/d-identify.be\/de\/wp-json\/wp\/v2\/product_cat?post=18138"},{"taxonomy":"product_tag","embeddable":true,"href":"https:\/\/d-identify.be\/de\/wp-json\/wp\/v2\/product_tag?post=18138"},{"taxonomy":"pa_connextion-shapes","embeddable":true,"href":"https:\/\/d-identify.be\/de\/wp-json\/wp\/v2\/pa_connextion-shapes?post=18138"}],"curies":[{"name":"wp","href":"https:\/\/api.w.org\/{rel}","templated":true}]}}