{"id":18032,"date":"2021-07-26T12:40:08","date_gmt":"2021-07-26T10:40:08","guid":{"rendered":"https:\/\/d-identify.be\/product\/tragbarer-gruppenschlieskasten-mit-latch-tight\/"},"modified":"2025-12-20T11:15:06","modified_gmt":"2025-12-20T09:15:06","slug":"master-lock-498a-latch-tight-tragbare-gruppen-lockout-box","status":"publish","type":"product","link":"https:\/\/d-identify.be\/de\/produkt\/master-lock-498a-latch-tight-tragbare-gruppen-lockout-box\/","title":{"rendered":"Master Lock 498A Latch Tight\u2122 Tragbare Gruppen-Lockout-Box"},"content":{"rendered":"<p data-start=\"325\" data-end=\"558\">Die<strong data-start=\"329\" data-end=\"416\"> Master Lock Nr. 498A <\/strong><span class=\"hover:entity-accent entity-underline inline cursor-pointer align-baseline\">Latch Tight\u2122<\/span> <span class=\"whitespace-normal\">tragbare Gruppen-Lockout-Box<\/span> verf\u00fcgt \u00fcber eine robuste, rot pulverbeschichtete Oberfl\u00e4che. Ein ergonomischer, griffiger Tragegriff sorgt f\u00fcr sicheren Halt. Sie ist f\u00fcr bis zu <strong data-start=\"509\" data-end=\"529\">12 Mitarbeiter<\/strong> ausgelegt und kann mit Lockout-B\u00fcgeln erweitert werden.<\/p>\n<p data-start=\"560\" data-end=\"903\">Eine <strong data-start=\"564\" data-end=\"591\">tragbare Gruppen-Lockout-Box <\/strong>sichert alle Lockout-Punkte einer einzelnen Maschine. Die Schl\u00fcssel dieser Punkte werden in der Box aufbewahrt. Jeder autorisierte Mitarbeiter bringt sein pers\u00f6nliches Sicherheitsschloss an. Er entfernt es erst nach Abschluss seiner Arbeit. Die exklusive <strong data-start=\"821\" data-end=\"837\">Latch Tight\u2122<\/strong>-Funktion verhindert den Zugriff auf die Schl\u00fcssel, bis das letzte Schloss entfernt wurde.<\/p>\n","protected":false},"excerpt":{"rendered":"<p data-start=\"190\" data-end=\"525\">Die <strong data-start=\"190\" data-end=\"273\">Master Lock 498A<\/strong> Latch Tight\u2122 <span class=\"whitespace-normal\">tragbare Gruppen-Lockout-Box<\/span> sorgt f\u00fcr eine sichere Schl\u00fcsselverwaltung bei Lockout-Tagout-Verfahren. Die robuste, rot pulverbeschichtete Box ist f\u00fcr bis zu 12 Mitarbeiter ausgelegt und l\u00e4sst sich mit Lockout-B\u00fcgeln erweitern. Der <strong data-start=\"436\" data-end=\"462\">Latch Tight\u2122-Mechanismus<\/strong> verhindert den Zugriff auf die Schl\u00fcssel, bis das letzte Sicherheitsschloss entfernt wurde.<\/p>\n","protected":false},"featured_media":18033,"comment_status":"open","ping_status":"closed","template":"","meta":{"_acf_changed":false,"_et_pb_use_builder":"","_et_pb_old_content":"","_et_gb_content_width":""},"product_brand":[],"product_cat":[461,474],"product_tag":[935],"pa_connextion-shapes":[],"class_list":{"0":"post-18032","1":"product","2":"type-product","3":"status-publish","4":"has-post-thumbnail","6":"product_cat-lockout-tagout-de","7":"product_cat-empty-lockout-stations","8":"product_tag-master-lock-de","10":"first","11":"instock","12":"taxable","13":"shipping-taxable","14":"purchasable","15":"product-type-simple"},"exclude_global_add_ons":[],"addons":[],"acf":[],"yoast_head":"<!-- This site is optimized with the Yoast SEO Premium plugin v27.0 (Yoast SEO v27.1) - https:\/\/yoast.com\/product\/yoast-seo-premium-wordpress\/ -->\n<title>Tragbare Gruppen-Lockout-Box von Master Lock 498A<\/title>\n<meta name=\"description\" content=\"Master Lock 498A Latch Tight\u2122 tragbare Gruppen-Lockout-Box zur sicheren Schl\u00fcsselaufbewahrung bei Lockout-Tagout-Verfahren in industriellen Umgebungen.\" \/>\n<meta name=\"robots\" content=\"index, follow, max-snippet:-1, max-image-preview:large, max-video-preview:-1\" \/>\n<link rel=\"canonical\" href=\"https:\/\/d-identify.be\/de\/produkt\/master-lock-498a-latch-tight-tragbare-gruppen-lockout-box\/\" \/>\n<meta property=\"og:locale\" content=\"de_DE\" \/>\n<meta property=\"og:type\" content=\"article\" \/>\n<meta property=\"og:title\" content=\"Master Lock 498A Latch Tight\u2122 Tragbare Gruppen-Lockout-Box\" \/>\n<meta property=\"og:description\" content=\"Master Lock 498A Latch Tight\u2122 tragbare Gruppen-Lockout-Box zur sicheren Schl\u00fcsselaufbewahrung bei Lockout-Tagout-Verfahren in industriellen Umgebungen.\" \/>\n<meta property=\"og:url\" content=\"https:\/\/d-identify.be\/de\/produkt\/master-lock-498a-latch-tight-tragbare-gruppen-lockout-box\/\" \/>\n<meta property=\"og:site_name\" content=\"d-identify\" \/>\n<meta property=\"article:modified_time\" content=\"2025-12-20T09:15:06+00:00\" \/>\n<meta property=\"og:image\" content=\"https:\/\/d-identify.be\/wp-content\/uploads\/2021\/07\/MLCOM_PRODUCT_498A.jpg\" \/>\n\t<meta property=\"og:image:width\" content=\"285\" \/>\n\t<meta property=\"og:image:height\" content=\"285\" \/>\n\t<meta property=\"og:image:type\" content=\"image\/jpeg\" \/>\n<meta name=\"twitter:card\" content=\"summary_large_image\" \/>\n<meta name=\"twitter:label1\" content=\"Gesch\u00e4tzte Lesezeit\" \/>\n\t<meta name=\"twitter:data1\" content=\"1\u00a0Minute\" \/>\n<script type=\"application\/ld+json\" class=\"yoast-schema-graph\">{\"@context\":\"https:\/\/schema.org\",\"@graph\":[{\"@type\":\"WebPage\",\"@id\":\"https:\/\/d-identify.be\/de\/produkt\/master-lock-498a-latch-tight-tragbare-gruppen-lockout-box\/\",\"url\":\"https:\/\/d-identify.be\/de\/produkt\/master-lock-498a-latch-tight-tragbare-gruppen-lockout-box\/\",\"name\":\"Tragbare Gruppen-Lockout-Box von Master Lock 498A\",\"isPartOf\":{\"@id\":\"https:\/\/d-identify.be\/de\/#website\"},\"primaryImageOfPage\":{\"@id\":\"https:\/\/d-identify.be\/de\/produkt\/master-lock-498a-latch-tight-tragbare-gruppen-lockout-box\/#primaryimage\"},\"image\":{\"@id\":\"https:\/\/d-identify.be\/de\/produkt\/master-lock-498a-latch-tight-tragbare-gruppen-lockout-box\/#primaryimage\"},\"thumbnailUrl\":\"https:\/\/d-identify.be\/wp-content\/uploads\/2021\/07\/MLCOM_PRODUCT_498A.jpg\",\"datePublished\":\"2021-07-26T10:40:08+00:00\",\"dateModified\":\"2025-12-20T09:15:06+00:00\",\"description\":\"Master Lock 498A Latch Tight\u2122 tragbare Gruppen-Lockout-Box zur sicheren Schl\u00fcsselaufbewahrung bei Lockout-Tagout-Verfahren in industriellen Umgebungen.\",\"breadcrumb\":{\"@id\":\"https:\/\/d-identify.be\/de\/produkt\/master-lock-498a-latch-tight-tragbare-gruppen-lockout-box\/#breadcrumb\"},\"inLanguage\":\"de\",\"potentialAction\":[{\"@type\":\"ReadAction\",\"target\":[\"https:\/\/d-identify.be\/de\/produkt\/master-lock-498a-latch-tight-tragbare-gruppen-lockout-box\/\"]}]},{\"@type\":\"ImageObject\",\"inLanguage\":\"de\",\"@id\":\"https:\/\/d-identify.be\/de\/produkt\/master-lock-498a-latch-tight-tragbare-gruppen-lockout-box\/#primaryimage\",\"url\":\"https:\/\/d-identify.be\/wp-content\/uploads\/2021\/07\/MLCOM_PRODUCT_498A.jpg\",\"contentUrl\":\"https:\/\/d-identify.be\/wp-content\/uploads\/2021\/07\/MLCOM_PRODUCT_498A.jpg\",\"width\":285,\"height\":285,\"caption\":\"Tragbare Gruppen-Lockout-Box Master Lock 498A\"},{\"@type\":\"BreadcrumbList\",\"@id\":\"https:\/\/d-identify.be\/de\/produkt\/master-lock-498a-latch-tight-tragbare-gruppen-lockout-box\/#breadcrumb\",\"itemListElement\":[{\"@type\":\"ListItem\",\"position\":1,\"name\":\"Home\",\"item\":\"https:\/\/d-identify.be\/de\/home-2\/\"},{\"@type\":\"ListItem\",\"position\":2,\"name\":\"Shop\",\"item\":\"https:\/\/d-identify.be\/shop-2\/\"},{\"@type\":\"ListItem\",\"position\":3,\"name\":\"Master Lock 498A Latch Tight\u2122 Tragbare Gruppen-Lockout-Box\"}]},{\"@type\":\"WebSite\",\"@id\":\"https:\/\/d-identify.be\/de\/#website\",\"url\":\"https:\/\/d-identify.be\/de\/\",\"name\":\"d-identify\",\"description\":\"Industrial identification - Lockout - Tagout - Floor marking\",\"potentialAction\":[{\"@type\":\"SearchAction\",\"target\":{\"@type\":\"EntryPoint\",\"urlTemplate\":\"https:\/\/d-identify.be\/de\/?s={search_term_string}\"},\"query-input\":{\"@type\":\"PropertyValueSpecification\",\"valueRequired\":true,\"valueName\":\"search_term_string\"}}],\"inLanguage\":\"de\"}]}<\/script>\n<!-- \/ Yoast SEO Premium plugin. -->","yoast_head_json":{"title":"Tragbare Gruppen-Lockout-Box von Master Lock 498A","description":"Master Lock 498A Latch Tight\u2122 tragbare Gruppen-Lockout-Box zur sicheren Schl\u00fcsselaufbewahrung bei Lockout-Tagout-Verfahren in industriellen Umgebungen.","robots":{"index":"index","follow":"follow","max-snippet":"max-snippet:-1","max-image-preview":"max-image-preview:large","max-video-preview":"max-video-preview:-1"},"canonical":"https:\/\/d-identify.be\/de\/produkt\/master-lock-498a-latch-tight-tragbare-gruppen-lockout-box\/","og_locale":"de_DE","og_type":"article","og_title":"Master Lock 498A Latch Tight\u2122 Tragbare Gruppen-Lockout-Box","og_description":"Master Lock 498A Latch Tight\u2122 tragbare Gruppen-Lockout-Box zur sicheren Schl\u00fcsselaufbewahrung bei Lockout-Tagout-Verfahren in industriellen Umgebungen.","og_url":"https:\/\/d-identify.be\/de\/produkt\/master-lock-498a-latch-tight-tragbare-gruppen-lockout-box\/","og_site_name":"d-identify","article_modified_time":"2025-12-20T09:15:06+00:00","og_image":[{"width":285,"height":285,"url":"https:\/\/d-identify.be\/wp-content\/uploads\/2021\/07\/MLCOM_PRODUCT_498A.jpg","type":"image\/jpeg"}],"twitter_card":"summary_large_image","twitter_misc":{"Gesch\u00e4tzte Lesezeit":"1\u00a0Minute"},"schema":{"@context":"https:\/\/schema.org","@graph":[{"@type":"WebPage","@id":"https:\/\/d-identify.be\/de\/produkt\/master-lock-498a-latch-tight-tragbare-gruppen-lockout-box\/","url":"https:\/\/d-identify.be\/de\/produkt\/master-lock-498a-latch-tight-tragbare-gruppen-lockout-box\/","name":"Tragbare Gruppen-Lockout-Box von Master Lock 498A","isPartOf":{"@id":"https:\/\/d-identify.be\/de\/#website"},"primaryImageOfPage":{"@id":"https:\/\/d-identify.be\/de\/produkt\/master-lock-498a-latch-tight-tragbare-gruppen-lockout-box\/#primaryimage"},"image":{"@id":"https:\/\/d-identify.be\/de\/produkt\/master-lock-498a-latch-tight-tragbare-gruppen-lockout-box\/#primaryimage"},"thumbnailUrl":"https:\/\/d-identify.be\/wp-content\/uploads\/2021\/07\/MLCOM_PRODUCT_498A.jpg","datePublished":"2021-07-26T10:40:08+00:00","dateModified":"2025-12-20T09:15:06+00:00","description":"Master Lock 498A Latch Tight\u2122 tragbare Gruppen-Lockout-Box zur sicheren Schl\u00fcsselaufbewahrung bei Lockout-Tagout-Verfahren in industriellen Umgebungen.","breadcrumb":{"@id":"https:\/\/d-identify.be\/de\/produkt\/master-lock-498a-latch-tight-tragbare-gruppen-lockout-box\/#breadcrumb"},"inLanguage":"de","potentialAction":[{"@type":"ReadAction","target":["https:\/\/d-identify.be\/de\/produkt\/master-lock-498a-latch-tight-tragbare-gruppen-lockout-box\/"]}]},{"@type":"ImageObject","inLanguage":"de","@id":"https:\/\/d-identify.be\/de\/produkt\/master-lock-498a-latch-tight-tragbare-gruppen-lockout-box\/#primaryimage","url":"https:\/\/d-identify.be\/wp-content\/uploads\/2021\/07\/MLCOM_PRODUCT_498A.jpg","contentUrl":"https:\/\/d-identify.be\/wp-content\/uploads\/2021\/07\/MLCOM_PRODUCT_498A.jpg","width":285,"height":285,"caption":"Tragbare Gruppen-Lockout-Box Master Lock 498A"},{"@type":"BreadcrumbList","@id":"https:\/\/d-identify.be\/de\/produkt\/master-lock-498a-latch-tight-tragbare-gruppen-lockout-box\/#breadcrumb","itemListElement":[{"@type":"ListItem","position":1,"name":"Home","item":"https:\/\/d-identify.be\/de\/home-2\/"},{"@type":"ListItem","position":2,"name":"Shop","item":"https:\/\/d-identify.be\/shop-2\/"},{"@type":"ListItem","position":3,"name":"Master Lock 498A Latch Tight\u2122 Tragbare Gruppen-Lockout-Box"}]},{"@type":"WebSite","@id":"https:\/\/d-identify.be\/de\/#website","url":"https:\/\/d-identify.be\/de\/","name":"d-identify","description":"Industrial identification - Lockout - Tagout - Floor marking","potentialAction":[{"@type":"SearchAction","target":{"@type":"EntryPoint","urlTemplate":"https:\/\/d-identify.be\/de\/?s={search_term_string}"},"query-input":{"@type":"PropertyValueSpecification","valueRequired":true,"valueName":"search_term_string"}}],"inLanguage":"de"}]}},"_links":{"self":[{"href":"https:\/\/d-identify.be\/de\/wp-json\/wp\/v2\/product\/18032","targetHints":{"allow":["GET"]}}],"collection":[{"href":"https:\/\/d-identify.be\/de\/wp-json\/wp\/v2\/product"}],"about":[{"href":"https:\/\/d-identify.be\/de\/wp-json\/wp\/v2\/types\/product"}],"replies":[{"embeddable":true,"href":"https:\/\/d-identify.be\/de\/wp-json\/wp\/v2\/comments?post=18032"}],"wp:featuredmedia":[{"embeddable":true,"href":"https:\/\/d-identify.be\/de\/wp-json\/wp\/v2\/media\/18033"}],"wp:attachment":[{"href":"https:\/\/d-identify.be\/de\/wp-json\/wp\/v2\/media?parent=18032"}],"wp:term":[{"taxonomy":"product_brand","embeddable":true,"href":"https:\/\/d-identify.be\/de\/wp-json\/wp\/v2\/product_brand?post=18032"},{"taxonomy":"product_cat","embeddable":true,"href":"https:\/\/d-identify.be\/de\/wp-json\/wp\/v2\/product_cat?post=18032"},{"taxonomy":"product_tag","embeddable":true,"href":"https:\/\/d-identify.be\/de\/wp-json\/wp\/v2\/product_tag?post=18032"},{"taxonomy":"pa_connextion-shapes","embeddable":true,"href":"https:\/\/d-identify.be\/de\/wp-json\/wp\/v2\/pa_connextion-shapes?post=18032"}],"curies":[{"name":"wp","href":"https:\/\/api.w.org\/{rel}","templated":true}]}}