{"id":18025,"date":"2021-07-26T12:40:08","date_gmt":"2021-07-26T10:40:08","guid":{"rendered":"https:\/\/d-identify.be\/product\/sicherheitskasten-mit-riegelsicherung-zur-wandmontage-oder-tragbar\/"},"modified":"2025-12-20T10:13:49","modified_gmt":"2025-12-20T08:13:49","slug":"master-lock-503ylw-rd-latch-tight-gruppen-lockout-box","status":"publish","type":"product","link":"https:\/\/d-identify.be\/de\/produkt\/master-lock-503ylw-rd-latch-tight-gruppen-lockout-box\/","title":{"rendered":"Master Lock 503YLW\/RD Latch Tight\u2122 Gruppen-Lockout-Box"},"content":{"rendered":"<p>Der Master Lock No. 503YLW\/RD Latch Tight\u2122 Gruppen-Lockout-Box akzeptiert 14 Vorh\u00e4ngeschl\u00f6sser oder Verriegelungsb\u00fcgel. Er kann an der Wand montiert oder von Arbeitsplatz zu Arbeitsplatz getragen werden. Der Sperrkasten fasst Hunderte von Schl\u00fcsseln und bietet organisierte Aufbewahrungsm\u00f6glichkeiten f\u00fcr 12 Schl\u00fcssel auf der R\u00fcckseite des Kastens. Er verf\u00fcgt au\u00dferdem \u00fcber einen exklusiven, patentierten Latch Tight\u2122-Verriegelungsmechanismus, der verhindert, dass Schl\u00fcssel zug\u00e4nglich sind, bis das letzte Vorh\u00e4ngeschloss oder der letzte Verriegelungsb\u00fcgel aus dem Kasten entfernt wird.<\/p>\n","protected":false},"excerpt":{"rendered":"<p>Der Master Lock No. 503YLW\/RD Latch Tight\u2122 Gruppen-Lockout-Box in Gelb akzeptiert 14 Vorh\u00e4ngeschl\u00f6sser oder Verriegelungsb\u00fcgel und kann an der Wand montiert oder von Arbeitsplatz zu Arbeitsplatz getragen werden. Der Sperrkasten fasst Hunderte von Schl\u00fcsseln und bietet organisierte Aufbewahrungsm\u00f6glichkeiten f\u00fcr 12 Schl\u00fcssel auf der R\u00fcckseite des Kastens.<\/p>\n","protected":false},"featured_media":18028,"comment_status":"open","ping_status":"closed","template":"","meta":{"_acf_changed":false,"_et_pb_use_builder":"","_et_pb_old_content":"","_et_gb_content_width":""},"product_brand":[],"product_cat":[461,474],"product_tag":[935],"pa_connextion-shapes":[],"class_list":{"0":"post-18025","1":"product","2":"type-product","3":"status-publish","4":"has-post-thumbnail","6":"product_cat-lockout-tagout-de","7":"product_cat-empty-lockout-stations","8":"product_tag-master-lock-de","10":"first","11":"instock","12":"taxable","13":"shipping-taxable","14":"purchasable","15":"product-type-variable"},"exclude_global_add_ons":[],"addons":[],"acf":[],"yoast_head":"<!-- This site is optimized with the Yoast SEO Premium plugin v27.0 (Yoast SEO v27.1) - https:\/\/yoast.com\/product\/yoast-seo-premium-wordpress\/ -->\n<title>Gruppen-Lockout-Box Master Lock 503YLW\/RD Latch Tight\u2122<\/title>\n<meta name=\"description\" content=\"Gruppen-Lockout-Box Von Master Lock 503YLW\/RD Latch Tight\u2122 bietet Platz f\u00fcr Hunderte von Schl\u00fcsseln und eine organisierte Aufbewahrung f\u00fcr 12 Schl\u00fcssel\" \/>\n<meta name=\"robots\" content=\"index, follow, max-snippet:-1, max-image-preview:large, max-video-preview:-1\" \/>\n<link rel=\"canonical\" href=\"https:\/\/d-identify.be\/de\/produkt\/master-lock-503ylw-rd-latch-tight-gruppen-lockout-box\/\" \/>\n<meta property=\"og:locale\" content=\"de_DE\" \/>\n<meta property=\"og:type\" content=\"article\" \/>\n<meta property=\"og:title\" content=\"Master Lock 503YLW\/RD Latch Tight\u2122 Gruppen-Lockout-Box\" \/>\n<meta property=\"og:description\" content=\"Gruppen-Lockout-Box Von Master Lock 503YLW\/RD Latch Tight\u2122 bietet Platz f\u00fcr Hunderte von Schl\u00fcsseln und eine organisierte Aufbewahrung f\u00fcr 12 Schl\u00fcssel\" \/>\n<meta property=\"og:url\" content=\"https:\/\/d-identify.be\/de\/produkt\/master-lock-503ylw-rd-latch-tight-gruppen-lockout-box\/\" \/>\n<meta property=\"og:site_name\" content=\"d-identify\" \/>\n<meta property=\"article:modified_time\" content=\"2025-12-20T08:13:49+00:00\" \/>\n<meta property=\"og:image\" content=\"https:\/\/d-identify.be\/wp-content\/uploads\/2021\/07\/MLCOM_PRODUCT_503RED.jpg\" \/>\n\t<meta property=\"og:image:width\" content=\"269\" \/>\n\t<meta property=\"og:image:height\" content=\"269\" \/>\n\t<meta property=\"og:image:type\" content=\"image\/jpeg\" \/>\n<meta name=\"twitter:card\" content=\"summary_large_image\" \/>\n<meta name=\"twitter:label1\" content=\"Gesch\u00e4tzte Lesezeit\" \/>\n\t<meta name=\"twitter:data1\" content=\"1\u00a0Minute\" \/>\n<script type=\"application\/ld+json\" class=\"yoast-schema-graph\">{\"@context\":\"https:\/\/schema.org\",\"@graph\":[{\"@type\":\"WebPage\",\"@id\":\"https:\/\/d-identify.be\/de\/produkt\/master-lock-503ylw-rd-latch-tight-gruppen-lockout-box\/\",\"url\":\"https:\/\/d-identify.be\/de\/produkt\/master-lock-503ylw-rd-latch-tight-gruppen-lockout-box\/\",\"name\":\"Gruppen-Lockout-Box Master Lock 503YLW\/RD Latch Tight\u2122\",\"isPartOf\":{\"@id\":\"https:\/\/d-identify.be\/de\/#website\"},\"primaryImageOfPage\":{\"@id\":\"https:\/\/d-identify.be\/de\/produkt\/master-lock-503ylw-rd-latch-tight-gruppen-lockout-box\/#primaryimage\"},\"image\":{\"@id\":\"https:\/\/d-identify.be\/de\/produkt\/master-lock-503ylw-rd-latch-tight-gruppen-lockout-box\/#primaryimage\"},\"thumbnailUrl\":\"https:\/\/d-identify.be\/wp-content\/uploads\/2021\/07\/MLCOM_PRODUCT_503RED.jpg\",\"datePublished\":\"2021-07-26T10:40:08+00:00\",\"dateModified\":\"2025-12-20T08:13:49+00:00\",\"description\":\"Gruppen-Lockout-Box Von Master Lock 503YLW\/RD Latch Tight\u2122 bietet Platz f\u00fcr Hunderte von Schl\u00fcsseln und eine organisierte Aufbewahrung f\u00fcr 12 Schl\u00fcssel\",\"breadcrumb\":{\"@id\":\"https:\/\/d-identify.be\/de\/produkt\/master-lock-503ylw-rd-latch-tight-gruppen-lockout-box\/#breadcrumb\"},\"inLanguage\":\"de\",\"potentialAction\":[{\"@type\":\"ReadAction\",\"target\":[\"https:\/\/d-identify.be\/de\/produkt\/master-lock-503ylw-rd-latch-tight-gruppen-lockout-box\/\"]}]},{\"@type\":\"ImageObject\",\"inLanguage\":\"de\",\"@id\":\"https:\/\/d-identify.be\/de\/produkt\/master-lock-503ylw-rd-latch-tight-gruppen-lockout-box\/#primaryimage\",\"url\":\"https:\/\/d-identify.be\/wp-content\/uploads\/2021\/07\/MLCOM_PRODUCT_503RED.jpg\",\"contentUrl\":\"https:\/\/d-identify.be\/wp-content\/uploads\/2021\/07\/MLCOM_PRODUCT_503RED.jpg\",\"width\":269,\"height\":269,\"caption\":\"Gruppen-Lockout-Box Master Lock 503\"},{\"@type\":\"BreadcrumbList\",\"@id\":\"https:\/\/d-identify.be\/de\/produkt\/master-lock-503ylw-rd-latch-tight-gruppen-lockout-box\/#breadcrumb\",\"itemListElement\":[{\"@type\":\"ListItem\",\"position\":1,\"name\":\"Home\",\"item\":\"https:\/\/d-identify.be\/de\/home-2\/\"},{\"@type\":\"ListItem\",\"position\":2,\"name\":\"Shop\",\"item\":\"https:\/\/d-identify.be\/shop-2\/\"},{\"@type\":\"ListItem\",\"position\":3,\"name\":\"Master Lock 503YLW\/RD Latch Tight\u2122 Gruppen-Lockout-Box\"}]},{\"@type\":\"WebSite\",\"@id\":\"https:\/\/d-identify.be\/de\/#website\",\"url\":\"https:\/\/d-identify.be\/de\/\",\"name\":\"d-identify\",\"description\":\"Industrial identification - Lockout - Tagout - Floor marking\",\"potentialAction\":[{\"@type\":\"SearchAction\",\"target\":{\"@type\":\"EntryPoint\",\"urlTemplate\":\"https:\/\/d-identify.be\/de\/?s={search_term_string}\"},\"query-input\":{\"@type\":\"PropertyValueSpecification\",\"valueRequired\":true,\"valueName\":\"search_term_string\"}}],\"inLanguage\":\"de\"}]}<\/script>\n<!-- \/ Yoast SEO Premium plugin. -->","yoast_head_json":{"title":"Gruppen-Lockout-Box Master Lock 503YLW\/RD Latch Tight\u2122","description":"Gruppen-Lockout-Box Von Master Lock 503YLW\/RD Latch Tight\u2122 bietet Platz f\u00fcr Hunderte von Schl\u00fcsseln und eine organisierte Aufbewahrung f\u00fcr 12 Schl\u00fcssel","robots":{"index":"index","follow":"follow","max-snippet":"max-snippet:-1","max-image-preview":"max-image-preview:large","max-video-preview":"max-video-preview:-1"},"canonical":"https:\/\/d-identify.be\/de\/produkt\/master-lock-503ylw-rd-latch-tight-gruppen-lockout-box\/","og_locale":"de_DE","og_type":"article","og_title":"Master Lock 503YLW\/RD Latch Tight\u2122 Gruppen-Lockout-Box","og_description":"Gruppen-Lockout-Box Von Master Lock 503YLW\/RD Latch Tight\u2122 bietet Platz f\u00fcr Hunderte von Schl\u00fcsseln und eine organisierte Aufbewahrung f\u00fcr 12 Schl\u00fcssel","og_url":"https:\/\/d-identify.be\/de\/produkt\/master-lock-503ylw-rd-latch-tight-gruppen-lockout-box\/","og_site_name":"d-identify","article_modified_time":"2025-12-20T08:13:49+00:00","og_image":[{"width":269,"height":269,"url":"https:\/\/d-identify.be\/wp-content\/uploads\/2021\/07\/MLCOM_PRODUCT_503RED.jpg","type":"image\/jpeg"}],"twitter_card":"summary_large_image","twitter_misc":{"Gesch\u00e4tzte Lesezeit":"1\u00a0Minute"},"schema":{"@context":"https:\/\/schema.org","@graph":[{"@type":"WebPage","@id":"https:\/\/d-identify.be\/de\/produkt\/master-lock-503ylw-rd-latch-tight-gruppen-lockout-box\/","url":"https:\/\/d-identify.be\/de\/produkt\/master-lock-503ylw-rd-latch-tight-gruppen-lockout-box\/","name":"Gruppen-Lockout-Box Master Lock 503YLW\/RD Latch Tight\u2122","isPartOf":{"@id":"https:\/\/d-identify.be\/de\/#website"},"primaryImageOfPage":{"@id":"https:\/\/d-identify.be\/de\/produkt\/master-lock-503ylw-rd-latch-tight-gruppen-lockout-box\/#primaryimage"},"image":{"@id":"https:\/\/d-identify.be\/de\/produkt\/master-lock-503ylw-rd-latch-tight-gruppen-lockout-box\/#primaryimage"},"thumbnailUrl":"https:\/\/d-identify.be\/wp-content\/uploads\/2021\/07\/MLCOM_PRODUCT_503RED.jpg","datePublished":"2021-07-26T10:40:08+00:00","dateModified":"2025-12-20T08:13:49+00:00","description":"Gruppen-Lockout-Box Von Master Lock 503YLW\/RD Latch Tight\u2122 bietet Platz f\u00fcr Hunderte von Schl\u00fcsseln und eine organisierte Aufbewahrung f\u00fcr 12 Schl\u00fcssel","breadcrumb":{"@id":"https:\/\/d-identify.be\/de\/produkt\/master-lock-503ylw-rd-latch-tight-gruppen-lockout-box\/#breadcrumb"},"inLanguage":"de","potentialAction":[{"@type":"ReadAction","target":["https:\/\/d-identify.be\/de\/produkt\/master-lock-503ylw-rd-latch-tight-gruppen-lockout-box\/"]}]},{"@type":"ImageObject","inLanguage":"de","@id":"https:\/\/d-identify.be\/de\/produkt\/master-lock-503ylw-rd-latch-tight-gruppen-lockout-box\/#primaryimage","url":"https:\/\/d-identify.be\/wp-content\/uploads\/2021\/07\/MLCOM_PRODUCT_503RED.jpg","contentUrl":"https:\/\/d-identify.be\/wp-content\/uploads\/2021\/07\/MLCOM_PRODUCT_503RED.jpg","width":269,"height":269,"caption":"Gruppen-Lockout-Box Master Lock 503"},{"@type":"BreadcrumbList","@id":"https:\/\/d-identify.be\/de\/produkt\/master-lock-503ylw-rd-latch-tight-gruppen-lockout-box\/#breadcrumb","itemListElement":[{"@type":"ListItem","position":1,"name":"Home","item":"https:\/\/d-identify.be\/de\/home-2\/"},{"@type":"ListItem","position":2,"name":"Shop","item":"https:\/\/d-identify.be\/shop-2\/"},{"@type":"ListItem","position":3,"name":"Master Lock 503YLW\/RD Latch Tight\u2122 Gruppen-Lockout-Box"}]},{"@type":"WebSite","@id":"https:\/\/d-identify.be\/de\/#website","url":"https:\/\/d-identify.be\/de\/","name":"d-identify","description":"Industrial identification - Lockout - Tagout - Floor marking","potentialAction":[{"@type":"SearchAction","target":{"@type":"EntryPoint","urlTemplate":"https:\/\/d-identify.be\/de\/?s={search_term_string}"},"query-input":{"@type":"PropertyValueSpecification","valueRequired":true,"valueName":"search_term_string"}}],"inLanguage":"de"}]}},"_links":{"self":[{"href":"https:\/\/d-identify.be\/de\/wp-json\/wp\/v2\/product\/18025","targetHints":{"allow":["GET"]}}],"collection":[{"href":"https:\/\/d-identify.be\/de\/wp-json\/wp\/v2\/product"}],"about":[{"href":"https:\/\/d-identify.be\/de\/wp-json\/wp\/v2\/types\/product"}],"replies":[{"embeddable":true,"href":"https:\/\/d-identify.be\/de\/wp-json\/wp\/v2\/comments?post=18025"}],"wp:featuredmedia":[{"embeddable":true,"href":"https:\/\/d-identify.be\/de\/wp-json\/wp\/v2\/media\/18028"}],"wp:attachment":[{"href":"https:\/\/d-identify.be\/de\/wp-json\/wp\/v2\/media?parent=18025"}],"wp:term":[{"taxonomy":"product_brand","embeddable":true,"href":"https:\/\/d-identify.be\/de\/wp-json\/wp\/v2\/product_brand?post=18025"},{"taxonomy":"product_cat","embeddable":true,"href":"https:\/\/d-identify.be\/de\/wp-json\/wp\/v2\/product_cat?post=18025"},{"taxonomy":"product_tag","embeddable":true,"href":"https:\/\/d-identify.be\/de\/wp-json\/wp\/v2\/product_tag?post=18025"},{"taxonomy":"pa_connextion-shapes","embeddable":true,"href":"https:\/\/d-identify.be\/de\/wp-json\/wp\/v2\/pa_connextion-shapes?post=18025"}],"curies":[{"name":"wp","href":"https:\/\/api.w.org\/{rel}","templated":true}]}}