{"id":17996,"date":"2021-07-26T12:40:24","date_gmt":"2021-07-26T11:40:24","guid":{"rendered":"https:\/\/d-identify.be\/product\/maintkit-en-wartungssperrkit\/"},"modified":"2026-01-14T19:56:53","modified_gmt":"2026-01-14T17:56:53","slug":"maintkit-en-wartungssperrkit","status":"publish","type":"product","link":"https:\/\/d-identify.be\/de\/produkt\/maintkit-en-wartungssperrkit\/","title":{"rendered":"Master Lock MAINT KIT-EN \u2013 Allgemeines Wartungs-Lockout-Tagout-Set"},"content":{"rendered":"<p data-start=\"1163\" data-end=\"1375\">Das <strong data-start=\"1167\" data-end=\"1215\">Master Lock MAINT KIT-EN Wartung Lockout Set<\/strong> wurde f\u00fcr t\u00e4gliche Wartungsarbeiten in industriellen Umgebungen entwickelt. Es hilft Technikern, Energiequellen sicher zu verriegeln und Risiken zu reduzieren.<\/p>\n<p data-start=\"1377\" data-end=\"1602\"><strong data-start=\"1377\" data-end=\"1387\">Zuerst<\/strong> enth\u00e4lt das Set zwei Zenex\u2122 Sicherheits-Vorh\u00e4ngeschl\u00f6sser mit gleichschlie\u00dfenden Schl\u00fcsseln. Eine Person kann damit mehrere Energiepunkte gleichzeitig sichern. <strong data-start=\"1548\" data-end=\"1554\">So<\/strong> bleibt die Kontrolle einfach und \u00fcbersichtlich.<\/p>\n<p data-start=\"1604\" data-end=\"1870\"><strong data-start=\"1604\" data-end=\"1612\">Dann<\/strong> bietet das Set mehrere Verriegelungen f\u00fcr Leitungsschutzschalter. Diese eignen sich f\u00fcr viele g\u00e4ngige elektrische Installationen. <strong data-start=\"1743\" data-end=\"1755\">Au\u00dferdem<\/strong> erm\u00f6glicht die verstellbare Kabelverriegelung das Sichern von Ventilen, Schaltern und schwer zug\u00e4nglichen Punkten.<\/p>\n<p data-start=\"1872\" data-end=\"2119\"><strong data-start=\"1872\" data-end=\"1886\">Zus\u00e4tzlich<\/strong> unterst\u00fctzt eine Nylon-Lockout-Haspe mit flexiblem B\u00fcgel die Gruppenverriegelung. Mehrere Personen k\u00f6nnen so sicher an derselben Anlage arbeiten. Die mitgelieferten \u201eDo Not Operate\u201c-Tags zeigen klar an, dass Wartungsarbeiten laufen.<\/p>\n<p data-start=\"2121\" data-end=\"2277\"><strong data-start=\"2121\" data-end=\"2136\">Schlie\u00dflich<\/strong> bewahrt eine kompakte Lockout-Tasche alle Teile zusammen auf. Die Tasche erleichtert den Transport und h\u00e4lt das Set jederzeit einsatzbereit.<\/p>\n<p data-start=\"2279\" data-end=\"2431\">Das <strong data-start=\"2283\" data-end=\"2331\">Master Lock MAINT KIT-EN Wartung Lockout Set<\/strong> ist eine praktische L\u00f6sung f\u00fcr Wartung, Service und Reparaturen mit klaren Lockout-Tagout-Abl\u00e4ufen.<\/p>\n","protected":false},"excerpt":{"rendered":"<p data-start=\"890\" data-end=\"1104\">Das Master Lock MAINT KIT-EN ist ein Wartungs-Lockout-Tagout-Set f\u00fcr den t\u00e4glichen Einsatz. Das Set enth\u00e4lt wichtige Verriegelungsger\u00e4te f\u00fcr allgemeine Wartungsarbeiten und wird in einer kompakten Tasche geliefert.<\/p>\n","protected":false},"featured_media":17997,"comment_status":"open","ping_status":"closed","template":"","meta":{"_acf_changed":false,"_et_pb_use_builder":"","_et_pb_old_content":"","_et_gb_content_width":""},"product_brand":[],"product_cat":[461,462],"product_tag":[935],"pa_connextion-shapes":[],"class_list":{"0":"post-17996","1":"product","2":"type-product","3":"status-publish","4":"has-post-thumbnail","6":"product_cat-lockout-tagout-de","7":"product_cat-lockout-tagout-kits","8":"product_tag-master-lock-de","10":"first","11":"instock","12":"taxable","13":"shipping-taxable","14":"purchasable","15":"product-type-simple"},"exclude_global_add_ons":[],"addons":[],"acf":[],"yoast_head":"<!-- This site is optimized with the Yoast SEO Premium plugin v27.0 (Yoast SEO v27.1) - https:\/\/yoast.com\/product\/yoast-seo-premium-wordpress\/ -->\n<title>Wartung Lockout Set | Master Lock MAINT KIT-EN<\/title>\n<meta name=\"description\" content=\"Wartung Lockout Set von Master Lock f\u00fcr allgemeine Lockout-Tagout-Arbeiten mit Vorh\u00e4ngeschl\u00f6ssern und Verriegelungen im Alltag.\" \/>\n<meta name=\"robots\" content=\"index, follow, max-snippet:-1, max-image-preview:large, max-video-preview:-1\" \/>\n<link rel=\"canonical\" href=\"https:\/\/d-identify.be\/de\/produkt\/maintkit-en-wartungssperrkit\/\" \/>\n<meta property=\"og:locale\" content=\"de_DE\" \/>\n<meta property=\"og:type\" content=\"article\" \/>\n<meta property=\"og:title\" content=\"Master Lock MAINT KIT-EN \u2013 Allgemeines Wartungs-Lockout-Tagout-Set\" \/>\n<meta property=\"og:description\" content=\"Wartung Lockout Set von Master Lock f\u00fcr allgemeine Lockout-Tagout-Arbeiten mit Vorh\u00e4ngeschl\u00f6ssern und Verriegelungen im Alltag.\" \/>\n<meta property=\"og:url\" content=\"https:\/\/d-identify.be\/de\/produkt\/maintkit-en-wartungssperrkit\/\" \/>\n<meta property=\"og:site_name\" content=\"d-identify\" \/>\n<meta property=\"article:modified_time\" content=\"2026-01-14T17:56:53+00:00\" \/>\n<meta property=\"og:image\" content=\"https:\/\/d-identify.be\/wp-content\/uploads\/2021\/07\/MAINTKIT-EN.jpg\" \/>\n\t<meta property=\"og:image:width\" content=\"285\" \/>\n\t<meta property=\"og:image:height\" content=\"285\" \/>\n\t<meta property=\"og:image:type\" content=\"image\/jpeg\" \/>\n<meta name=\"twitter:card\" content=\"summary_large_image\" \/>\n<meta name=\"twitter:label1\" content=\"Gesch\u00e4tzte Lesezeit\" \/>\n\t<meta name=\"twitter:data1\" content=\"1\u00a0Minute\" \/>\n<script type=\"application\/ld+json\" class=\"yoast-schema-graph\">{\"@context\":\"https:\/\/schema.org\",\"@graph\":[{\"@type\":\"WebPage\",\"@id\":\"https:\/\/d-identify.be\/de\/produkt\/maintkit-en-wartungssperrkit\/\",\"url\":\"https:\/\/d-identify.be\/de\/produkt\/maintkit-en-wartungssperrkit\/\",\"name\":\"Wartung Lockout Set | Master Lock MAINT KIT-EN\",\"isPartOf\":{\"@id\":\"https:\/\/d-identify.be\/de\/#website\"},\"primaryImageOfPage\":{\"@id\":\"https:\/\/d-identify.be\/de\/produkt\/maintkit-en-wartungssperrkit\/#primaryimage\"},\"image\":{\"@id\":\"https:\/\/d-identify.be\/de\/produkt\/maintkit-en-wartungssperrkit\/#primaryimage\"},\"thumbnailUrl\":\"https:\/\/d-identify.be\/wp-content\/uploads\/2021\/07\/MAINTKIT-EN.jpg\",\"datePublished\":\"2021-07-26T11:40:24+00:00\",\"dateModified\":\"2026-01-14T17:56:53+00:00\",\"description\":\"Wartung Lockout Set von Master Lock f\u00fcr allgemeine Lockout-Tagout-Arbeiten mit Vorh\u00e4ngeschl\u00f6ssern und Verriegelungen im Alltag.\",\"breadcrumb\":{\"@id\":\"https:\/\/d-identify.be\/de\/produkt\/maintkit-en-wartungssperrkit\/#breadcrumb\"},\"inLanguage\":\"de\",\"potentialAction\":[{\"@type\":\"ReadAction\",\"target\":[\"https:\/\/d-identify.be\/de\/produkt\/maintkit-en-wartungssperrkit\/\"]}]},{\"@type\":\"ImageObject\",\"inLanguage\":\"de\",\"@id\":\"https:\/\/d-identify.be\/de\/produkt\/maintkit-en-wartungssperrkit\/#primaryimage\",\"url\":\"https:\/\/d-identify.be\/wp-content\/uploads\/2021\/07\/MAINTKIT-EN.jpg\",\"contentUrl\":\"https:\/\/d-identify.be\/wp-content\/uploads\/2021\/07\/MAINTKIT-EN.jpg\",\"width\":285,\"height\":285,\"caption\":\"Wartung Lockout Set | Master Lock MAINT KIT-EN\"},{\"@type\":\"BreadcrumbList\",\"@id\":\"https:\/\/d-identify.be\/de\/produkt\/maintkit-en-wartungssperrkit\/#breadcrumb\",\"itemListElement\":[{\"@type\":\"ListItem\",\"position\":1,\"name\":\"Home\",\"item\":\"https:\/\/d-identify.be\/de\/home-2\/\"},{\"@type\":\"ListItem\",\"position\":2,\"name\":\"Shop\",\"item\":\"https:\/\/d-identify.be\/shop-2\/\"},{\"@type\":\"ListItem\",\"position\":3,\"name\":\"Master Lock MAINT KIT-EN \u2013 Allgemeines Wartungs-Lockout-Tagout-Set\"}]},{\"@type\":\"WebSite\",\"@id\":\"https:\/\/d-identify.be\/de\/#website\",\"url\":\"https:\/\/d-identify.be\/de\/\",\"name\":\"d-identify\",\"description\":\"Industrial identification - Lockout - Tagout - Floor marking\",\"potentialAction\":[{\"@type\":\"SearchAction\",\"target\":{\"@type\":\"EntryPoint\",\"urlTemplate\":\"https:\/\/d-identify.be\/de\/?s={search_term_string}\"},\"query-input\":{\"@type\":\"PropertyValueSpecification\",\"valueRequired\":true,\"valueName\":\"search_term_string\"}}],\"inLanguage\":\"de\"}]}<\/script>\n<!-- \/ Yoast SEO Premium plugin. -->","yoast_head_json":{"title":"Wartung Lockout Set | Master Lock MAINT KIT-EN","description":"Wartung Lockout Set von Master Lock f\u00fcr allgemeine Lockout-Tagout-Arbeiten mit Vorh\u00e4ngeschl\u00f6ssern und Verriegelungen im Alltag.","robots":{"index":"index","follow":"follow","max-snippet":"max-snippet:-1","max-image-preview":"max-image-preview:large","max-video-preview":"max-video-preview:-1"},"canonical":"https:\/\/d-identify.be\/de\/produkt\/maintkit-en-wartungssperrkit\/","og_locale":"de_DE","og_type":"article","og_title":"Master Lock MAINT KIT-EN \u2013 Allgemeines Wartungs-Lockout-Tagout-Set","og_description":"Wartung Lockout Set von Master Lock f\u00fcr allgemeine Lockout-Tagout-Arbeiten mit Vorh\u00e4ngeschl\u00f6ssern und Verriegelungen im Alltag.","og_url":"https:\/\/d-identify.be\/de\/produkt\/maintkit-en-wartungssperrkit\/","og_site_name":"d-identify","article_modified_time":"2026-01-14T17:56:53+00:00","og_image":[{"width":285,"height":285,"url":"https:\/\/d-identify.be\/wp-content\/uploads\/2021\/07\/MAINTKIT-EN.jpg","type":"image\/jpeg"}],"twitter_card":"summary_large_image","twitter_misc":{"Gesch\u00e4tzte Lesezeit":"1\u00a0Minute"},"schema":{"@context":"https:\/\/schema.org","@graph":[{"@type":"WebPage","@id":"https:\/\/d-identify.be\/de\/produkt\/maintkit-en-wartungssperrkit\/","url":"https:\/\/d-identify.be\/de\/produkt\/maintkit-en-wartungssperrkit\/","name":"Wartung Lockout Set | Master Lock MAINT KIT-EN","isPartOf":{"@id":"https:\/\/d-identify.be\/de\/#website"},"primaryImageOfPage":{"@id":"https:\/\/d-identify.be\/de\/produkt\/maintkit-en-wartungssperrkit\/#primaryimage"},"image":{"@id":"https:\/\/d-identify.be\/de\/produkt\/maintkit-en-wartungssperrkit\/#primaryimage"},"thumbnailUrl":"https:\/\/d-identify.be\/wp-content\/uploads\/2021\/07\/MAINTKIT-EN.jpg","datePublished":"2021-07-26T11:40:24+00:00","dateModified":"2026-01-14T17:56:53+00:00","description":"Wartung Lockout Set von Master Lock f\u00fcr allgemeine Lockout-Tagout-Arbeiten mit Vorh\u00e4ngeschl\u00f6ssern und Verriegelungen im Alltag.","breadcrumb":{"@id":"https:\/\/d-identify.be\/de\/produkt\/maintkit-en-wartungssperrkit\/#breadcrumb"},"inLanguage":"de","potentialAction":[{"@type":"ReadAction","target":["https:\/\/d-identify.be\/de\/produkt\/maintkit-en-wartungssperrkit\/"]}]},{"@type":"ImageObject","inLanguage":"de","@id":"https:\/\/d-identify.be\/de\/produkt\/maintkit-en-wartungssperrkit\/#primaryimage","url":"https:\/\/d-identify.be\/wp-content\/uploads\/2021\/07\/MAINTKIT-EN.jpg","contentUrl":"https:\/\/d-identify.be\/wp-content\/uploads\/2021\/07\/MAINTKIT-EN.jpg","width":285,"height":285,"caption":"Wartung Lockout Set | Master Lock MAINT KIT-EN"},{"@type":"BreadcrumbList","@id":"https:\/\/d-identify.be\/de\/produkt\/maintkit-en-wartungssperrkit\/#breadcrumb","itemListElement":[{"@type":"ListItem","position":1,"name":"Home","item":"https:\/\/d-identify.be\/de\/home-2\/"},{"@type":"ListItem","position":2,"name":"Shop","item":"https:\/\/d-identify.be\/shop-2\/"},{"@type":"ListItem","position":3,"name":"Master Lock MAINT KIT-EN \u2013 Allgemeines Wartungs-Lockout-Tagout-Set"}]},{"@type":"WebSite","@id":"https:\/\/d-identify.be\/de\/#website","url":"https:\/\/d-identify.be\/de\/","name":"d-identify","description":"Industrial identification - Lockout - Tagout - Floor marking","potentialAction":[{"@type":"SearchAction","target":{"@type":"EntryPoint","urlTemplate":"https:\/\/d-identify.be\/de\/?s={search_term_string}"},"query-input":{"@type":"PropertyValueSpecification","valueRequired":true,"valueName":"search_term_string"}}],"inLanguage":"de"}]}},"_links":{"self":[{"href":"https:\/\/d-identify.be\/de\/wp-json\/wp\/v2\/product\/17996","targetHints":{"allow":["GET"]}}],"collection":[{"href":"https:\/\/d-identify.be\/de\/wp-json\/wp\/v2\/product"}],"about":[{"href":"https:\/\/d-identify.be\/de\/wp-json\/wp\/v2\/types\/product"}],"replies":[{"embeddable":true,"href":"https:\/\/d-identify.be\/de\/wp-json\/wp\/v2\/comments?post=17996"}],"wp:featuredmedia":[{"embeddable":true,"href":"https:\/\/d-identify.be\/de\/wp-json\/wp\/v2\/media\/17997"}],"wp:attachment":[{"href":"https:\/\/d-identify.be\/de\/wp-json\/wp\/v2\/media?parent=17996"}],"wp:term":[{"taxonomy":"product_brand","embeddable":true,"href":"https:\/\/d-identify.be\/de\/wp-json\/wp\/v2\/product_brand?post=17996"},{"taxonomy":"product_cat","embeddable":true,"href":"https:\/\/d-identify.be\/de\/wp-json\/wp\/v2\/product_cat?post=17996"},{"taxonomy":"product_tag","embeddable":true,"href":"https:\/\/d-identify.be\/de\/wp-json\/wp\/v2\/product_tag?post=17996"},{"taxonomy":"pa_connextion-shapes","embeddable":true,"href":"https:\/\/d-identify.be\/de\/wp-json\/wp\/v2\/pa_connextion-shapes?post=17996"}],"curies":[{"name":"wp","href":"https:\/\/api.w.org\/{rel}","templated":true}]}}