{"id":17988,"date":"2021-07-26T12:40:51","date_gmt":"2021-07-26T10:40:51","guid":{"rendered":"https:\/\/d-identify.be\/product\/nylon-nichtleitendes-vorhangeschlossbugel-25mm-x-64mm-kieferabstand\/"},"modified":"2021-07-26T12:40:51","modified_gmt":"2021-07-26T10:40:51","slug":"nylon-nichtleitendes-vorhangeschlossbugel-25mm-x-64mm-kieferabstand","status":"publish","type":"product","link":"https:\/\/d-identify.be\/de\/produkt\/nylon-nichtleitendes-vorhangeschlossbugel-25mm-x-64mm-kieferabstand\/","title":{"rendered":"Nylon Nichtleitendes Vorh\u00e4ngeschlossb\u00fcgel, 25mm x 64mm Kieferabstand"},"content":{"rendered":"<p>Die Master Lock No. 428 Kunststoff-Sicherheitsvorh\u00e4ngeschlossb\u00fcgel besteht aus funkenfreiem Nylonmaterial mit einem Innendurchmesser der Kiefer von 2-1\/2 Zoll (64 mm) und bietet Platz f\u00fcr bis zu sechs Vorh\u00e4ngeschl\u00f6sser. Ideal f\u00fcr die Verriegelung durch mehrere Arbeiter an jedem Verriegelungspunkt. Der B\u00fcgel h\u00e4lt die Ausr\u00fcstung au\u00dfer Betrieb, w\u00e4hrend Reparaturen oder Einstellungen vorgenommen werden. Die Steuerung kann nicht eingeschaltet werden, bis das Vorh\u00e4ngeschloss des letzten Arbeiters vom B\u00fcgel entfernt wird.   <\/p>\n","protected":false},"excerpt":{"rendered":"<p>Das Master Lock No. 428 Kunststoff-Sicherheits-Vorh\u00e4ngeschloss verf\u00fcgt \u00fcber funkenfestes Nylonmaterial mit einem Innendurchmesser der Kiefer von 2-1\/2 Zoll (64 mm) und bietet Platz f\u00fcr bis zu sechs Vorh\u00e4ngeschl\u00f6sser.<\/p>\n","protected":false},"featured_media":17990,"comment_status":"open","ping_status":"closed","template":"","meta":{"_acf_changed":false,"_et_pb_use_builder":"","_et_pb_old_content":"","_et_gb_content_width":""},"product_brand":[],"product_cat":[461,629],"product_tag":[935],"pa_connextion-shapes":[],"class_list":{"0":"post-17988","1":"product","2":"type-product","3":"status-publish","4":"has-post-thumbnail","6":"product_cat-lockout-tagout-de","7":"product_cat-lockout-padlocks","8":"product_tag-master-lock-de","10":"first","11":"instock","12":"taxable","13":"shipping-taxable","14":"purchasable","15":"product-type-simple"},"exclude_global_add_ons":[],"addons":[],"acf":[],"yoast_head":"<!-- This site is optimized with the Yoast SEO Premium plugin v27.0 (Yoast SEO v27.1) - https:\/\/yoast.com\/product\/yoast-seo-premium-wordpress\/ -->\n<title>Nylon-Isolierender Verriegelungsb\u00fcgel, 25x64mm B\u00fcgelweite<\/title>\n<meta name=\"description\" content=\"Der Master Lock No. 428 Plastic Lockout Safety Hasp besteht aus funkenfreiem Nylonmaterial mit einem Innendurchmesser von 2-1\/2 Zoll (64 mm) und...\" \/>\n<meta name=\"robots\" content=\"index, follow, max-snippet:-1, max-image-preview:large, max-video-preview:-1\" \/>\n<link rel=\"canonical\" href=\"https:\/\/d-identify.be\/de\/produkt\/nylon-nichtleitendes-vorhangeschlossbugel-25mm-x-64mm-kieferabstand\/\" \/>\n<meta property=\"og:locale\" content=\"de_DE\" \/>\n<meta property=\"og:type\" content=\"article\" \/>\n<meta property=\"og:title\" content=\"Nylon Nichtleitendes Vorh\u00e4ngeschlossb\u00fcgel, 25mm x 64mm Kieferabstand\" \/>\n<meta property=\"og:description\" content=\"Der Master Lock No. 428 Plastic Lockout Safety Hasp besteht aus funkenfreiem Nylonmaterial mit einem Innendurchmesser von 2-1\/2 Zoll (64 mm) und...\" \/>\n<meta property=\"og:url\" content=\"https:\/\/d-identify.be\/de\/produkt\/nylon-nichtleitendes-vorhangeschlossbugel-25mm-x-64mm-kieferabstand\/\" \/>\n<meta property=\"og:site_name\" content=\"d-identify\" \/>\n<meta property=\"og:image\" content=\"https:\/\/d-identify.be\/wp-content\/uploads\/2021\/07\/MLCOM_PRODUCT_428.jpg\" \/>\n\t<meta property=\"og:image:width\" content=\"258\" \/>\n\t<meta property=\"og:image:height\" content=\"258\" \/>\n\t<meta property=\"og:image:type\" content=\"image\/jpeg\" \/>\n<meta name=\"twitter:card\" content=\"summary_large_image\" \/>\n<script type=\"application\/ld+json\" class=\"yoast-schema-graph\">{\"@context\":\"https:\/\/schema.org\",\"@graph\":[{\"@type\":\"WebPage\",\"@id\":\"https:\/\/d-identify.be\/de\/produkt\/nylon-nichtleitendes-vorhangeschlossbugel-25mm-x-64mm-kieferabstand\/\",\"url\":\"https:\/\/d-identify.be\/de\/produkt\/nylon-nichtleitendes-vorhangeschlossbugel-25mm-x-64mm-kieferabstand\/\",\"name\":\"Nylon-Isolierender Verriegelungsb\u00fcgel, 25x64mm B\u00fcgelweite\",\"isPartOf\":{\"@id\":\"https:\/\/d-identify.be\/de\/#website\"},\"primaryImageOfPage\":{\"@id\":\"https:\/\/d-identify.be\/de\/produkt\/nylon-nichtleitendes-vorhangeschlossbugel-25mm-x-64mm-kieferabstand\/#primaryimage\"},\"image\":{\"@id\":\"https:\/\/d-identify.be\/de\/produkt\/nylon-nichtleitendes-vorhangeschlossbugel-25mm-x-64mm-kieferabstand\/#primaryimage\"},\"thumbnailUrl\":\"https:\/\/d-identify.be\/wp-content\/uploads\/2021\/07\/MLCOM_PRODUCT_428.jpg\",\"datePublished\":\"2021-07-26T10:40:51+00:00\",\"description\":\"Der Master Lock No. 428 Plastic Lockout Safety Hasp besteht aus funkenfreiem Nylonmaterial mit einem Innendurchmesser von 2-1\/2 Zoll (64 mm) und...\",\"breadcrumb\":{\"@id\":\"https:\/\/d-identify.be\/de\/produkt\/nylon-nichtleitendes-vorhangeschlossbugel-25mm-x-64mm-kieferabstand\/#breadcrumb\"},\"inLanguage\":\"de\",\"potentialAction\":[{\"@type\":\"ReadAction\",\"target\":[\"https:\/\/d-identify.be\/de\/produkt\/nylon-nichtleitendes-vorhangeschlossbugel-25mm-x-64mm-kieferabstand\/\"]}]},{\"@type\":\"ImageObject\",\"inLanguage\":\"de\",\"@id\":\"https:\/\/d-identify.be\/de\/produkt\/nylon-nichtleitendes-vorhangeschlossbugel-25mm-x-64mm-kieferabstand\/#primaryimage\",\"url\":\"https:\/\/d-identify.be\/wp-content\/uploads\/2021\/07\/MLCOM_PRODUCT_428.jpg\",\"contentUrl\":\"https:\/\/d-identify.be\/wp-content\/uploads\/2021\/07\/MLCOM_PRODUCT_428.jpg\",\"width\":258,\"height\":258},{\"@type\":\"BreadcrumbList\",\"@id\":\"https:\/\/d-identify.be\/de\/produkt\/nylon-nichtleitendes-vorhangeschlossbugel-25mm-x-64mm-kieferabstand\/#breadcrumb\",\"itemListElement\":[{\"@type\":\"ListItem\",\"position\":1,\"name\":\"Home\",\"item\":\"https:\/\/d-identify.be\/de\/home-2\/\"},{\"@type\":\"ListItem\",\"position\":2,\"name\":\"Shop\",\"item\":\"https:\/\/d-identify.be\/shop-2\/\"},{\"@type\":\"ListItem\",\"position\":3,\"name\":\"Nylon Nichtleitendes Vorh\u00e4ngeschlossb\u00fcgel, 25mm x 64mm Kieferabstand\"}]},{\"@type\":\"WebSite\",\"@id\":\"https:\/\/d-identify.be\/de\/#website\",\"url\":\"https:\/\/d-identify.be\/de\/\",\"name\":\"d-identify\",\"description\":\"Industrial identification - Lockout - Tagout - Floor marking\",\"potentialAction\":[{\"@type\":\"SearchAction\",\"target\":{\"@type\":\"EntryPoint\",\"urlTemplate\":\"https:\/\/d-identify.be\/de\/?s={search_term_string}\"},\"query-input\":{\"@type\":\"PropertyValueSpecification\",\"valueRequired\":true,\"valueName\":\"search_term_string\"}}],\"inLanguage\":\"de\"}]}<\/script>\n<!-- \/ Yoast SEO Premium plugin. -->","yoast_head_json":{"title":"Nylon-Isolierender Verriegelungsb\u00fcgel, 25x64mm B\u00fcgelweite","description":"Der Master Lock No. 428 Plastic Lockout Safety Hasp besteht aus funkenfreiem Nylonmaterial mit einem Innendurchmesser von 2-1\/2 Zoll (64 mm) und...","robots":{"index":"index","follow":"follow","max-snippet":"max-snippet:-1","max-image-preview":"max-image-preview:large","max-video-preview":"max-video-preview:-1"},"canonical":"https:\/\/d-identify.be\/de\/produkt\/nylon-nichtleitendes-vorhangeschlossbugel-25mm-x-64mm-kieferabstand\/","og_locale":"de_DE","og_type":"article","og_title":"Nylon Nichtleitendes Vorh\u00e4ngeschlossb\u00fcgel, 25mm x 64mm Kieferabstand","og_description":"Der Master Lock No. 428 Plastic Lockout Safety Hasp besteht aus funkenfreiem Nylonmaterial mit einem Innendurchmesser von 2-1\/2 Zoll (64 mm) und...","og_url":"https:\/\/d-identify.be\/de\/produkt\/nylon-nichtleitendes-vorhangeschlossbugel-25mm-x-64mm-kieferabstand\/","og_site_name":"d-identify","og_image":[{"width":258,"height":258,"url":"https:\/\/d-identify.be\/wp-content\/uploads\/2021\/07\/MLCOM_PRODUCT_428.jpg","type":"image\/jpeg"}],"twitter_card":"summary_large_image","schema":{"@context":"https:\/\/schema.org","@graph":[{"@type":"WebPage","@id":"https:\/\/d-identify.be\/de\/produkt\/nylon-nichtleitendes-vorhangeschlossbugel-25mm-x-64mm-kieferabstand\/","url":"https:\/\/d-identify.be\/de\/produkt\/nylon-nichtleitendes-vorhangeschlossbugel-25mm-x-64mm-kieferabstand\/","name":"Nylon-Isolierender Verriegelungsb\u00fcgel, 25x64mm B\u00fcgelweite","isPartOf":{"@id":"https:\/\/d-identify.be\/de\/#website"},"primaryImageOfPage":{"@id":"https:\/\/d-identify.be\/de\/produkt\/nylon-nichtleitendes-vorhangeschlossbugel-25mm-x-64mm-kieferabstand\/#primaryimage"},"image":{"@id":"https:\/\/d-identify.be\/de\/produkt\/nylon-nichtleitendes-vorhangeschlossbugel-25mm-x-64mm-kieferabstand\/#primaryimage"},"thumbnailUrl":"https:\/\/d-identify.be\/wp-content\/uploads\/2021\/07\/MLCOM_PRODUCT_428.jpg","datePublished":"2021-07-26T10:40:51+00:00","description":"Der Master Lock No. 428 Plastic Lockout Safety Hasp besteht aus funkenfreiem Nylonmaterial mit einem Innendurchmesser von 2-1\/2 Zoll (64 mm) und...","breadcrumb":{"@id":"https:\/\/d-identify.be\/de\/produkt\/nylon-nichtleitendes-vorhangeschlossbugel-25mm-x-64mm-kieferabstand\/#breadcrumb"},"inLanguage":"de","potentialAction":[{"@type":"ReadAction","target":["https:\/\/d-identify.be\/de\/produkt\/nylon-nichtleitendes-vorhangeschlossbugel-25mm-x-64mm-kieferabstand\/"]}]},{"@type":"ImageObject","inLanguage":"de","@id":"https:\/\/d-identify.be\/de\/produkt\/nylon-nichtleitendes-vorhangeschlossbugel-25mm-x-64mm-kieferabstand\/#primaryimage","url":"https:\/\/d-identify.be\/wp-content\/uploads\/2021\/07\/MLCOM_PRODUCT_428.jpg","contentUrl":"https:\/\/d-identify.be\/wp-content\/uploads\/2021\/07\/MLCOM_PRODUCT_428.jpg","width":258,"height":258},{"@type":"BreadcrumbList","@id":"https:\/\/d-identify.be\/de\/produkt\/nylon-nichtleitendes-vorhangeschlossbugel-25mm-x-64mm-kieferabstand\/#breadcrumb","itemListElement":[{"@type":"ListItem","position":1,"name":"Home","item":"https:\/\/d-identify.be\/de\/home-2\/"},{"@type":"ListItem","position":2,"name":"Shop","item":"https:\/\/d-identify.be\/shop-2\/"},{"@type":"ListItem","position":3,"name":"Nylon Nichtleitendes Vorh\u00e4ngeschlossb\u00fcgel, 25mm x 64mm Kieferabstand"}]},{"@type":"WebSite","@id":"https:\/\/d-identify.be\/de\/#website","url":"https:\/\/d-identify.be\/de\/","name":"d-identify","description":"Industrial identification - Lockout - Tagout - Floor marking","potentialAction":[{"@type":"SearchAction","target":{"@type":"EntryPoint","urlTemplate":"https:\/\/d-identify.be\/de\/?s={search_term_string}"},"query-input":{"@type":"PropertyValueSpecification","valueRequired":true,"valueName":"search_term_string"}}],"inLanguage":"de"}]}},"_links":{"self":[{"href":"https:\/\/d-identify.be\/de\/wp-json\/wp\/v2\/product\/17988","targetHints":{"allow":["GET"]}}],"collection":[{"href":"https:\/\/d-identify.be\/de\/wp-json\/wp\/v2\/product"}],"about":[{"href":"https:\/\/d-identify.be\/de\/wp-json\/wp\/v2\/types\/product"}],"replies":[{"embeddable":true,"href":"https:\/\/d-identify.be\/de\/wp-json\/wp\/v2\/comments?post=17988"}],"wp:featuredmedia":[{"embeddable":true,"href":"https:\/\/d-identify.be\/de\/wp-json\/wp\/v2\/media\/17990"}],"wp:attachment":[{"href":"https:\/\/d-identify.be\/de\/wp-json\/wp\/v2\/media?parent=17988"}],"wp:term":[{"taxonomy":"product_brand","embeddable":true,"href":"https:\/\/d-identify.be\/de\/wp-json\/wp\/v2\/product_brand?post=17988"},{"taxonomy":"product_cat","embeddable":true,"href":"https:\/\/d-identify.be\/de\/wp-json\/wp\/v2\/product_cat?post=17988"},{"taxonomy":"product_tag","embeddable":true,"href":"https:\/\/d-identify.be\/de\/wp-json\/wp\/v2\/product_tag?post=17988"},{"taxonomy":"pa_connextion-shapes","embeddable":true,"href":"https:\/\/d-identify.be\/de\/wp-json\/wp\/v2\/pa_connextion-shapes?post=17988"}],"curies":[{"name":"wp","href":"https:\/\/api.w.org\/{rel}","templated":true}]}}