{"id":17981,"date":"2021-07-26T12:40:54","date_gmt":"2021-07-26T10:40:54","guid":{"rendered":"https:\/\/d-identify.be\/product\/erlaubnis-anzeigestation\/"},"modified":"2025-12-19T18:09:00","modified_gmt":"2025-12-19T16:09:00","slug":"erlaubnis-anzeigestation","status":"publish","type":"product","link":"https:\/\/d-identify.be\/de\/produkt\/erlaubnis-anzeigestation\/","title":{"rendered":"Master Lock S3501 Genehmigungs-Display-Geh\u00e4use"},"content":{"rendered":"<p>Der Master Lock S3501 Genehmigungs-Display-Geh\u00e4use fasst Dokumente bis zu einer Gr\u00f6\u00dfe von DIN A3 (297 x 420 mm). Ein klarer, schlagfester Fenster erm\u00f6glicht es Benutzern, die Erlaubnisdokumente einzusehen und zu sch\u00fctzen. Der Kasten ist abgedichtet, um Wasserbesch\u00e4digungen bei Au\u00dfenanwendungen oder w\u00e4hrend der Reinigung zu verhindern. Enth\u00e4lt einen Tragegriff.   <\/p>\n","protected":false},"excerpt":{"rendered":"<p>Die Master Lock S3501 Erlaubnisanzeige-H\u00fclle bietet Platz f\u00fcr Dokumente im Format DIN A4 und andere Unterlagen bis zu 11-3\/4 Zoll x 16-1\/2 Zoll (297 x 420 mm). Ein klarer, schlagfester Fenster erm\u00f6glicht es Benutzern, Erlaubnis-Dokumente zu betrachten und zu sch\u00fctzen<\/p>\n","protected":false},"featured_media":17982,"comment_status":"open","ping_status":"closed","template":"","meta":{"_acf_changed":false,"_et_pb_use_builder":"","_et_pb_old_content":"","_et_gb_content_width":""},"product_brand":[],"product_cat":[461,474],"product_tag":[935],"pa_connextion-shapes":[],"class_list":{"0":"post-17981","1":"product","2":"type-product","3":"status-publish","4":"has-post-thumbnail","6":"product_cat-lockout-tagout-de","7":"product_cat-empty-lockout-stations","8":"product_tag-master-lock-de","10":"first","11":"instock","12":"taxable","13":"shipping-taxable","14":"purchasable","15":"product-type-simple"},"exclude_global_add_ons":[],"addons":[],"acf":[],"yoast_head":"<!-- This site is optimized with the Yoast SEO Premium plugin v27.0 (Yoast SEO v27.1) - https:\/\/yoast.com\/product\/yoast-seo-premium-wordpress\/ -->\n<title>Master Lock S3501 Genehmigungs-Display-Geh\u00e4use - Lockout<\/title>\n<meta name=\"description\" content=\"Der Master Lock S3501 Erlaubnis-Anzeigekasten fasst Dokumente bis zu einer Gr\u00f6\u00dfe von DIN A3 (297 x 420 mm)\" \/>\n<meta name=\"robots\" content=\"index, follow, max-snippet:-1, max-image-preview:large, max-video-preview:-1\" \/>\n<link rel=\"canonical\" href=\"https:\/\/d-identify.be\/de\/produkt\/erlaubnis-anzeigestation\/\" \/>\n<meta property=\"og:locale\" content=\"de_DE\" \/>\n<meta property=\"og:type\" content=\"article\" \/>\n<meta property=\"og:title\" content=\"Master Lock S3501 Genehmigungs-Display-Geh\u00e4use\" \/>\n<meta property=\"og:description\" content=\"Der Master Lock S3501 Erlaubnis-Anzeigekasten fasst Dokumente bis zu einer Gr\u00f6\u00dfe von DIN A3 (297 x 420 mm)\" \/>\n<meta property=\"og:url\" content=\"https:\/\/d-identify.be\/de\/produkt\/erlaubnis-anzeigestation\/\" \/>\n<meta property=\"og:site_name\" content=\"d-identify\" \/>\n<meta property=\"article:modified_time\" content=\"2025-12-19T16:09:00+00:00\" \/>\n<meta property=\"og:image\" content=\"https:\/\/d-identify.be\/wp-content\/uploads\/2021\/07\/MLCOM_PRODUCT_S3501.jpg\" \/>\n\t<meta property=\"og:image:width\" content=\"285\" \/>\n\t<meta property=\"og:image:height\" content=\"285\" \/>\n\t<meta property=\"og:image:type\" content=\"image\/jpeg\" \/>\n<meta name=\"twitter:card\" content=\"summary_large_image\" \/>\n<script type=\"application\/ld+json\" class=\"yoast-schema-graph\">{\"@context\":\"https:\/\/schema.org\",\"@graph\":[{\"@type\":\"WebPage\",\"@id\":\"https:\/\/d-identify.be\/de\/produkt\/erlaubnis-anzeigestation\/\",\"url\":\"https:\/\/d-identify.be\/de\/produkt\/erlaubnis-anzeigestation\/\",\"name\":\"Master Lock S3501 Genehmigungs-Display-Geh\u00e4use - Lockout\",\"isPartOf\":{\"@id\":\"https:\/\/d-identify.be\/de\/#website\"},\"primaryImageOfPage\":{\"@id\":\"https:\/\/d-identify.be\/de\/produkt\/erlaubnis-anzeigestation\/#primaryimage\"},\"image\":{\"@id\":\"https:\/\/d-identify.be\/de\/produkt\/erlaubnis-anzeigestation\/#primaryimage\"},\"thumbnailUrl\":\"https:\/\/d-identify.be\/wp-content\/uploads\/2021\/07\/MLCOM_PRODUCT_S3501.jpg\",\"datePublished\":\"2021-07-26T10:40:54+00:00\",\"dateModified\":\"2025-12-19T16:09:00+00:00\",\"description\":\"Der Master Lock S3501 Erlaubnis-Anzeigekasten fasst Dokumente bis zu einer Gr\u00f6\u00dfe von DIN A3 (297 x 420 mm)\",\"breadcrumb\":{\"@id\":\"https:\/\/d-identify.be\/de\/produkt\/erlaubnis-anzeigestation\/#breadcrumb\"},\"inLanguage\":\"de\",\"potentialAction\":[{\"@type\":\"ReadAction\",\"target\":[\"https:\/\/d-identify.be\/de\/produkt\/erlaubnis-anzeigestation\/\"]}]},{\"@type\":\"ImageObject\",\"inLanguage\":\"de\",\"@id\":\"https:\/\/d-identify.be\/de\/produkt\/erlaubnis-anzeigestation\/#primaryimage\",\"url\":\"https:\/\/d-identify.be\/wp-content\/uploads\/2021\/07\/MLCOM_PRODUCT_S3501.jpg\",\"contentUrl\":\"https:\/\/d-identify.be\/wp-content\/uploads\/2021\/07\/MLCOM_PRODUCT_S3501.jpg\",\"width\":285,\"height\":285,\"caption\":\"Master Lock S3501 Genehmigungs-Display-Geh\u00e4use\"},{\"@type\":\"BreadcrumbList\",\"@id\":\"https:\/\/d-identify.be\/de\/produkt\/erlaubnis-anzeigestation\/#breadcrumb\",\"itemListElement\":[{\"@type\":\"ListItem\",\"position\":1,\"name\":\"Home\",\"item\":\"https:\/\/d-identify.be\/de\/home-2\/\"},{\"@type\":\"ListItem\",\"position\":2,\"name\":\"Shop\",\"item\":\"https:\/\/d-identify.be\/shop-2\/\"},{\"@type\":\"ListItem\",\"position\":3,\"name\":\"Master Lock S3501 Genehmigungs-Display-Geh\u00e4use\"}]},{\"@type\":\"WebSite\",\"@id\":\"https:\/\/d-identify.be\/de\/#website\",\"url\":\"https:\/\/d-identify.be\/de\/\",\"name\":\"d-identify\",\"description\":\"Industrial identification - Lockout - Tagout - Floor marking\",\"potentialAction\":[{\"@type\":\"SearchAction\",\"target\":{\"@type\":\"EntryPoint\",\"urlTemplate\":\"https:\/\/d-identify.be\/de\/?s={search_term_string}\"},\"query-input\":{\"@type\":\"PropertyValueSpecification\",\"valueRequired\":true,\"valueName\":\"search_term_string\"}}],\"inLanguage\":\"de\"}]}<\/script>\n<!-- \/ Yoast SEO Premium plugin. -->","yoast_head_json":{"title":"Master Lock S3501 Genehmigungs-Display-Geh\u00e4use - Lockout","description":"Der Master Lock S3501 Erlaubnis-Anzeigekasten fasst Dokumente bis zu einer Gr\u00f6\u00dfe von DIN A3 (297 x 420 mm)","robots":{"index":"index","follow":"follow","max-snippet":"max-snippet:-1","max-image-preview":"max-image-preview:large","max-video-preview":"max-video-preview:-1"},"canonical":"https:\/\/d-identify.be\/de\/produkt\/erlaubnis-anzeigestation\/","og_locale":"de_DE","og_type":"article","og_title":"Master Lock S3501 Genehmigungs-Display-Geh\u00e4use","og_description":"Der Master Lock S3501 Erlaubnis-Anzeigekasten fasst Dokumente bis zu einer Gr\u00f6\u00dfe von DIN A3 (297 x 420 mm)","og_url":"https:\/\/d-identify.be\/de\/produkt\/erlaubnis-anzeigestation\/","og_site_name":"d-identify","article_modified_time":"2025-12-19T16:09:00+00:00","og_image":[{"width":285,"height":285,"url":"https:\/\/d-identify.be\/wp-content\/uploads\/2021\/07\/MLCOM_PRODUCT_S3501.jpg","type":"image\/jpeg"}],"twitter_card":"summary_large_image","schema":{"@context":"https:\/\/schema.org","@graph":[{"@type":"WebPage","@id":"https:\/\/d-identify.be\/de\/produkt\/erlaubnis-anzeigestation\/","url":"https:\/\/d-identify.be\/de\/produkt\/erlaubnis-anzeigestation\/","name":"Master Lock S3501 Genehmigungs-Display-Geh\u00e4use - Lockout","isPartOf":{"@id":"https:\/\/d-identify.be\/de\/#website"},"primaryImageOfPage":{"@id":"https:\/\/d-identify.be\/de\/produkt\/erlaubnis-anzeigestation\/#primaryimage"},"image":{"@id":"https:\/\/d-identify.be\/de\/produkt\/erlaubnis-anzeigestation\/#primaryimage"},"thumbnailUrl":"https:\/\/d-identify.be\/wp-content\/uploads\/2021\/07\/MLCOM_PRODUCT_S3501.jpg","datePublished":"2021-07-26T10:40:54+00:00","dateModified":"2025-12-19T16:09:00+00:00","description":"Der Master Lock S3501 Erlaubnis-Anzeigekasten fasst Dokumente bis zu einer Gr\u00f6\u00dfe von DIN A3 (297 x 420 mm)","breadcrumb":{"@id":"https:\/\/d-identify.be\/de\/produkt\/erlaubnis-anzeigestation\/#breadcrumb"},"inLanguage":"de","potentialAction":[{"@type":"ReadAction","target":["https:\/\/d-identify.be\/de\/produkt\/erlaubnis-anzeigestation\/"]}]},{"@type":"ImageObject","inLanguage":"de","@id":"https:\/\/d-identify.be\/de\/produkt\/erlaubnis-anzeigestation\/#primaryimage","url":"https:\/\/d-identify.be\/wp-content\/uploads\/2021\/07\/MLCOM_PRODUCT_S3501.jpg","contentUrl":"https:\/\/d-identify.be\/wp-content\/uploads\/2021\/07\/MLCOM_PRODUCT_S3501.jpg","width":285,"height":285,"caption":"Master Lock S3501 Genehmigungs-Display-Geh\u00e4use"},{"@type":"BreadcrumbList","@id":"https:\/\/d-identify.be\/de\/produkt\/erlaubnis-anzeigestation\/#breadcrumb","itemListElement":[{"@type":"ListItem","position":1,"name":"Home","item":"https:\/\/d-identify.be\/de\/home-2\/"},{"@type":"ListItem","position":2,"name":"Shop","item":"https:\/\/d-identify.be\/shop-2\/"},{"@type":"ListItem","position":3,"name":"Master Lock S3501 Genehmigungs-Display-Geh\u00e4use"}]},{"@type":"WebSite","@id":"https:\/\/d-identify.be\/de\/#website","url":"https:\/\/d-identify.be\/de\/","name":"d-identify","description":"Industrial identification - Lockout - Tagout - Floor marking","potentialAction":[{"@type":"SearchAction","target":{"@type":"EntryPoint","urlTemplate":"https:\/\/d-identify.be\/de\/?s={search_term_string}"},"query-input":{"@type":"PropertyValueSpecification","valueRequired":true,"valueName":"search_term_string"}}],"inLanguage":"de"}]}},"_links":{"self":[{"href":"https:\/\/d-identify.be\/de\/wp-json\/wp\/v2\/product\/17981","targetHints":{"allow":["GET"]}}],"collection":[{"href":"https:\/\/d-identify.be\/de\/wp-json\/wp\/v2\/product"}],"about":[{"href":"https:\/\/d-identify.be\/de\/wp-json\/wp\/v2\/types\/product"}],"replies":[{"embeddable":true,"href":"https:\/\/d-identify.be\/de\/wp-json\/wp\/v2\/comments?post=17981"}],"wp:featuredmedia":[{"embeddable":true,"href":"https:\/\/d-identify.be\/de\/wp-json\/wp\/v2\/media\/17982"}],"wp:attachment":[{"href":"https:\/\/d-identify.be\/de\/wp-json\/wp\/v2\/media?parent=17981"}],"wp:term":[{"taxonomy":"product_brand","embeddable":true,"href":"https:\/\/d-identify.be\/de\/wp-json\/wp\/v2\/product_brand?post=17981"},{"taxonomy":"product_cat","embeddable":true,"href":"https:\/\/d-identify.be\/de\/wp-json\/wp\/v2\/product_cat?post=17981"},{"taxonomy":"product_tag","embeddable":true,"href":"https:\/\/d-identify.be\/de\/wp-json\/wp\/v2\/product_tag?post=17981"},{"taxonomy":"pa_connextion-shapes","embeddable":true,"href":"https:\/\/d-identify.be\/de\/wp-json\/wp\/v2\/pa_connextion-shapes?post=17981"}],"curies":[{"name":"wp","href":"https:\/\/api.w.org\/{rel}","templated":true}]}}