{"id":17963,"date":"2021-07-26T12:40:56","date_gmt":"2021-07-26T11:40:56","guid":{"rendered":"https:\/\/d-identify.be\/product\/zenex-personliche-sicherheitssperre-werkzeugkasten-ventil-elektrische-fokussierung\/"},"modified":"2026-01-14T18:59:16","modified_gmt":"2026-01-14T16:59:16","slug":"persoenliches-lockout-set-1457ve410ka","status":"publish","type":"product","link":"https:\/\/d-identify.be\/de\/produkt\/persoenliches-lockout-set-1457ve410ka\/","title":{"rendered":"Master Lock 1457VE410KA Pers\u00f6nliches Lockout-Tagout-Kit \u2013 Ventil &#038; Elektrisch"},"content":{"rendered":"<p data-start=\"1325\" data-end=\"1595\">Das <strong data-start=\"1098\" data-end=\"1137\">pers\u00f6nliche Lockout-Set 1457VE410KA<\/strong> wurde f\u00fcr einzelne Mitarbeiter entwickelt, die Ventile und elektrische Anlagen sicher verriegeln m\u00fcssen. Es b\u00fcndelt wichtige Lockout-Tagout-Ger\u00e4te in einem kompakten und \u00fcbersichtlichen Set.<\/p>\n<p data-start=\"1597\" data-end=\"1874\">Im Set enthalten sind drei 410 Zenex\u2122 thermoplastische Sicherheits-Vorh\u00e4ngeschl\u00f6sser mit gleichschlie\u00dfenden Schl\u00fcsseln. Diese L\u00f6sung erm\u00f6glicht es einer Person, mehrere Isolationspunkte mit nur einem Schl\u00fcssel zu sichern. Das vereinfacht den Arbeitsablauf und reduziert Fehler.<\/p>\n<p data-start=\"1876\" data-end=\"2202\">F\u00fcr Ventilanwendungen enth\u00e4lt das Kit unter anderem Ventilabdeckungen und eine verstellbare Kabelverriegelung. F\u00fcr elektrische Anwendungen stehen passende L\u00f6sungen f\u00fcr Steckdosen, Wandschalter und Leitungsschutzschalter zur Verf\u00fcgung. Damit deckt das Kit die h\u00e4ufigsten Lockout-Tagout-Szenarien in industriellen Umgebungen ab.<\/p>\n<p data-start=\"2204\" data-end=\"2392\">Alle Komponenten sind in einer verbesserten, tragbaren Lockout-Toolbox untergebracht. Die Toolbox sch\u00fctzt die Ger\u00e4te, sorgt f\u00fcr Ordnung und erleichtert den Transport direkt zum Einsatzort.<\/p>\n<p data-start=\"1421\" data-end=\"1564\">Das <strong data-start=\"1425\" data-end=\"1464\">pers\u00f6nliche Lockout-Set 1457VE410KA<\/strong> unterst\u00fctzt sichere, klare und wiederholbare Lockout-Tagout-Abl\u00e4ufe im industriellen Arbeitsalltag.<\/p>\n","protected":false},"excerpt":{"rendered":"<p>Das Master Lock No. 1457VE410KA Personal Lockout Kit, Ventil und Elektrik, verf\u00fcgt \u00fcber eine verbesserte Sicherheits-Verriegelungsbox, um wichtige Verriegelungsvorrichtungen und Vorh\u00e4ngeschl\u00f6sser zusammenzuhalten. Ideal f\u00fcr einzelne Arbeiter, werden die Vorh\u00e4ngeschl\u00f6sser gleichschlie\u00dfend geliefert, um dem Arbeiter zus\u00e4tzlichen Komfort zu bieten.<\/p>\n","protected":false},"featured_media":17964,"comment_status":"open","ping_status":"closed","template":"","meta":{"_acf_changed":false,"_et_pb_use_builder":"","_et_pb_old_content":"","_et_gb_content_width":""},"product_brand":[],"product_cat":[461,462],"product_tag":[935],"pa_connextion-shapes":[],"class_list":{"0":"post-17963","1":"product","2":"type-product","3":"status-publish","4":"has-post-thumbnail","6":"product_cat-lockout-tagout-de","7":"product_cat-lockout-tagout-kits","8":"product_tag-master-lock-de","10":"first","11":"instock","12":"taxable","13":"shipping-taxable","14":"purchasable","15":"product-type-simple"},"exclude_global_add_ons":[],"addons":[],"acf":[],"yoast_head":"<!-- This site is optimized with the Yoast SEO Premium plugin v27.0 (Yoast SEO v27.1) - https:\/\/yoast.com\/product\/yoast-seo-premium-wordpress\/ -->\n<title>Pers\u00f6nliches Lockout-Set 1457VE410KA | Master Lock<\/title>\n<meta name=\"description\" content=\"Pers\u00f6nliches Lockout-Set 1457VE410KA f\u00fcr Ventil- und elektrische Anwendungen mit Zenex\u2122 Sicherheits-Vorh\u00e4ngeschl\u00f6ssern in tragbarer Toolbox.\" \/>\n<meta name=\"robots\" content=\"index, follow, max-snippet:-1, max-image-preview:large, max-video-preview:-1\" \/>\n<link rel=\"canonical\" href=\"https:\/\/d-identify.be\/de\/produkt\/persoenliches-lockout-set-1457ve410ka\/\" \/>\n<meta property=\"og:locale\" content=\"de_DE\" \/>\n<meta property=\"og:type\" content=\"article\" \/>\n<meta property=\"og:title\" content=\"Master Lock 1457VE410KA Pers\u00f6nliches Lockout-Tagout-Kit \u2013 Ventil &amp; Elektrisch\" \/>\n<meta property=\"og:description\" content=\"Pers\u00f6nliches Lockout-Set 1457VE410KA f\u00fcr Ventil- und elektrische Anwendungen mit Zenex\u2122 Sicherheits-Vorh\u00e4ngeschl\u00f6ssern in tragbarer Toolbox.\" \/>\n<meta property=\"og:url\" content=\"https:\/\/d-identify.be\/de\/produkt\/persoenliches-lockout-set-1457ve410ka\/\" \/>\n<meta property=\"og:site_name\" content=\"d-identify\" \/>\n<meta property=\"article:modified_time\" content=\"2026-01-14T16:59:16+00:00\" \/>\n<meta property=\"og:image\" content=\"https:\/\/d-identify.be\/wp-content\/uploads\/2021\/07\/MLEU_PRODUCT_1457VE410KA_03a6ca45-4e76-4032-963e-a176774dae02.jpg\" \/>\n\t<meta property=\"og:image:width\" content=\"285\" \/>\n\t<meta property=\"og:image:height\" content=\"285\" \/>\n\t<meta property=\"og:image:type\" content=\"image\/jpeg\" \/>\n<meta name=\"twitter:card\" content=\"summary_large_image\" \/>\n<meta name=\"twitter:label1\" content=\"Gesch\u00e4tzte Lesezeit\" \/>\n\t<meta name=\"twitter:data1\" content=\"1\u00a0Minute\" \/>\n<script type=\"application\/ld+json\" class=\"yoast-schema-graph\">{\"@context\":\"https:\/\/schema.org\",\"@graph\":[{\"@type\":\"WebPage\",\"@id\":\"https:\/\/d-identify.be\/de\/produkt\/persoenliches-lockout-set-1457ve410ka\/\",\"url\":\"https:\/\/d-identify.be\/de\/produkt\/persoenliches-lockout-set-1457ve410ka\/\",\"name\":\"Pers\u00f6nliches Lockout-Set 1457VE410KA | Master Lock\",\"isPartOf\":{\"@id\":\"https:\/\/d-identify.be\/de\/#website\"},\"primaryImageOfPage\":{\"@id\":\"https:\/\/d-identify.be\/de\/produkt\/persoenliches-lockout-set-1457ve410ka\/#primaryimage\"},\"image\":{\"@id\":\"https:\/\/d-identify.be\/de\/produkt\/persoenliches-lockout-set-1457ve410ka\/#primaryimage\"},\"thumbnailUrl\":\"https:\/\/d-identify.be\/wp-content\/uploads\/2021\/07\/MLEU_PRODUCT_1457VE410KA_03a6ca45-4e76-4032-963e-a176774dae02.jpg\",\"datePublished\":\"2021-07-26T11:40:56+00:00\",\"dateModified\":\"2026-01-14T16:59:16+00:00\",\"description\":\"Pers\u00f6nliches Lockout-Set 1457VE410KA f\u00fcr Ventil- und elektrische Anwendungen mit Zenex\u2122 Sicherheits-Vorh\u00e4ngeschl\u00f6ssern in tragbarer Toolbox.\",\"breadcrumb\":{\"@id\":\"https:\/\/d-identify.be\/de\/produkt\/persoenliches-lockout-set-1457ve410ka\/#breadcrumb\"},\"inLanguage\":\"de\",\"potentialAction\":[{\"@type\":\"ReadAction\",\"target\":[\"https:\/\/d-identify.be\/de\/produkt\/persoenliches-lockout-set-1457ve410ka\/\"]}]},{\"@type\":\"ImageObject\",\"inLanguage\":\"de\",\"@id\":\"https:\/\/d-identify.be\/de\/produkt\/persoenliches-lockout-set-1457ve410ka\/#primaryimage\",\"url\":\"https:\/\/d-identify.be\/wp-content\/uploads\/2021\/07\/MLEU_PRODUCT_1457VE410KA_03a6ca45-4e76-4032-963e-a176774dae02.jpg\",\"contentUrl\":\"https:\/\/d-identify.be\/wp-content\/uploads\/2021\/07\/MLEU_PRODUCT_1457VE410KA_03a6ca45-4e76-4032-963e-a176774dae02.jpg\",\"width\":285,\"height\":285,\"caption\":\"Pers\u00f6nliches Lockout-Set 1457VE410KA | Master Lock\"},{\"@type\":\"BreadcrumbList\",\"@id\":\"https:\/\/d-identify.be\/de\/produkt\/persoenliches-lockout-set-1457ve410ka\/#breadcrumb\",\"itemListElement\":[{\"@type\":\"ListItem\",\"position\":1,\"name\":\"Home\",\"item\":\"https:\/\/d-identify.be\/de\/home-2\/\"},{\"@type\":\"ListItem\",\"position\":2,\"name\":\"Shop\",\"item\":\"https:\/\/d-identify.be\/shop-2\/\"},{\"@type\":\"ListItem\",\"position\":3,\"name\":\"Master Lock 1457VE410KA Pers\u00f6nliches Lockout-Tagout-Kit \u2013 Ventil &#038; Elektrisch\"}]},{\"@type\":\"WebSite\",\"@id\":\"https:\/\/d-identify.be\/de\/#website\",\"url\":\"https:\/\/d-identify.be\/de\/\",\"name\":\"d-identify\",\"description\":\"Industrial identification - Lockout - Tagout - Floor marking\",\"potentialAction\":[{\"@type\":\"SearchAction\",\"target\":{\"@type\":\"EntryPoint\",\"urlTemplate\":\"https:\/\/d-identify.be\/de\/?s={search_term_string}\"},\"query-input\":{\"@type\":\"PropertyValueSpecification\",\"valueRequired\":true,\"valueName\":\"search_term_string\"}}],\"inLanguage\":\"de\"}]}<\/script>\n<!-- \/ Yoast SEO Premium plugin. -->","yoast_head_json":{"title":"Pers\u00f6nliches Lockout-Set 1457VE410KA | Master Lock","description":"Pers\u00f6nliches Lockout-Set 1457VE410KA f\u00fcr Ventil- und elektrische Anwendungen mit Zenex\u2122 Sicherheits-Vorh\u00e4ngeschl\u00f6ssern in tragbarer Toolbox.","robots":{"index":"index","follow":"follow","max-snippet":"max-snippet:-1","max-image-preview":"max-image-preview:large","max-video-preview":"max-video-preview:-1"},"canonical":"https:\/\/d-identify.be\/de\/produkt\/persoenliches-lockout-set-1457ve410ka\/","og_locale":"de_DE","og_type":"article","og_title":"Master Lock 1457VE410KA Pers\u00f6nliches Lockout-Tagout-Kit \u2013 Ventil & Elektrisch","og_description":"Pers\u00f6nliches Lockout-Set 1457VE410KA f\u00fcr Ventil- und elektrische Anwendungen mit Zenex\u2122 Sicherheits-Vorh\u00e4ngeschl\u00f6ssern in tragbarer Toolbox.","og_url":"https:\/\/d-identify.be\/de\/produkt\/persoenliches-lockout-set-1457ve410ka\/","og_site_name":"d-identify","article_modified_time":"2026-01-14T16:59:16+00:00","og_image":[{"width":285,"height":285,"url":"https:\/\/d-identify.be\/wp-content\/uploads\/2021\/07\/MLEU_PRODUCT_1457VE410KA_03a6ca45-4e76-4032-963e-a176774dae02.jpg","type":"image\/jpeg"}],"twitter_card":"summary_large_image","twitter_misc":{"Gesch\u00e4tzte Lesezeit":"1\u00a0Minute"},"schema":{"@context":"https:\/\/schema.org","@graph":[{"@type":"WebPage","@id":"https:\/\/d-identify.be\/de\/produkt\/persoenliches-lockout-set-1457ve410ka\/","url":"https:\/\/d-identify.be\/de\/produkt\/persoenliches-lockout-set-1457ve410ka\/","name":"Pers\u00f6nliches Lockout-Set 1457VE410KA | Master Lock","isPartOf":{"@id":"https:\/\/d-identify.be\/de\/#website"},"primaryImageOfPage":{"@id":"https:\/\/d-identify.be\/de\/produkt\/persoenliches-lockout-set-1457ve410ka\/#primaryimage"},"image":{"@id":"https:\/\/d-identify.be\/de\/produkt\/persoenliches-lockout-set-1457ve410ka\/#primaryimage"},"thumbnailUrl":"https:\/\/d-identify.be\/wp-content\/uploads\/2021\/07\/MLEU_PRODUCT_1457VE410KA_03a6ca45-4e76-4032-963e-a176774dae02.jpg","datePublished":"2021-07-26T11:40:56+00:00","dateModified":"2026-01-14T16:59:16+00:00","description":"Pers\u00f6nliches Lockout-Set 1457VE410KA f\u00fcr Ventil- und elektrische Anwendungen mit Zenex\u2122 Sicherheits-Vorh\u00e4ngeschl\u00f6ssern in tragbarer Toolbox.","breadcrumb":{"@id":"https:\/\/d-identify.be\/de\/produkt\/persoenliches-lockout-set-1457ve410ka\/#breadcrumb"},"inLanguage":"de","potentialAction":[{"@type":"ReadAction","target":["https:\/\/d-identify.be\/de\/produkt\/persoenliches-lockout-set-1457ve410ka\/"]}]},{"@type":"ImageObject","inLanguage":"de","@id":"https:\/\/d-identify.be\/de\/produkt\/persoenliches-lockout-set-1457ve410ka\/#primaryimage","url":"https:\/\/d-identify.be\/wp-content\/uploads\/2021\/07\/MLEU_PRODUCT_1457VE410KA_03a6ca45-4e76-4032-963e-a176774dae02.jpg","contentUrl":"https:\/\/d-identify.be\/wp-content\/uploads\/2021\/07\/MLEU_PRODUCT_1457VE410KA_03a6ca45-4e76-4032-963e-a176774dae02.jpg","width":285,"height":285,"caption":"Pers\u00f6nliches Lockout-Set 1457VE410KA | Master Lock"},{"@type":"BreadcrumbList","@id":"https:\/\/d-identify.be\/de\/produkt\/persoenliches-lockout-set-1457ve410ka\/#breadcrumb","itemListElement":[{"@type":"ListItem","position":1,"name":"Home","item":"https:\/\/d-identify.be\/de\/home-2\/"},{"@type":"ListItem","position":2,"name":"Shop","item":"https:\/\/d-identify.be\/shop-2\/"},{"@type":"ListItem","position":3,"name":"Master Lock 1457VE410KA Pers\u00f6nliches Lockout-Tagout-Kit \u2013 Ventil &#038; Elektrisch"}]},{"@type":"WebSite","@id":"https:\/\/d-identify.be\/de\/#website","url":"https:\/\/d-identify.be\/de\/","name":"d-identify","description":"Industrial identification - Lockout - Tagout - Floor marking","potentialAction":[{"@type":"SearchAction","target":{"@type":"EntryPoint","urlTemplate":"https:\/\/d-identify.be\/de\/?s={search_term_string}"},"query-input":{"@type":"PropertyValueSpecification","valueRequired":true,"valueName":"search_term_string"}}],"inLanguage":"de"}]}},"_links":{"self":[{"href":"https:\/\/d-identify.be\/de\/wp-json\/wp\/v2\/product\/17963","targetHints":{"allow":["GET"]}}],"collection":[{"href":"https:\/\/d-identify.be\/de\/wp-json\/wp\/v2\/product"}],"about":[{"href":"https:\/\/d-identify.be\/de\/wp-json\/wp\/v2\/types\/product"}],"replies":[{"embeddable":true,"href":"https:\/\/d-identify.be\/de\/wp-json\/wp\/v2\/comments?post=17963"}],"wp:featuredmedia":[{"embeddable":true,"href":"https:\/\/d-identify.be\/de\/wp-json\/wp\/v2\/media\/17964"}],"wp:attachment":[{"href":"https:\/\/d-identify.be\/de\/wp-json\/wp\/v2\/media?parent=17963"}],"wp:term":[{"taxonomy":"product_brand","embeddable":true,"href":"https:\/\/d-identify.be\/de\/wp-json\/wp\/v2\/product_brand?post=17963"},{"taxonomy":"product_cat","embeddable":true,"href":"https:\/\/d-identify.be\/de\/wp-json\/wp\/v2\/product_cat?post=17963"},{"taxonomy":"product_tag","embeddable":true,"href":"https:\/\/d-identify.be\/de\/wp-json\/wp\/v2\/product_tag?post=17963"},{"taxonomy":"pa_connextion-shapes","embeddable":true,"href":"https:\/\/d-identify.be\/de\/wp-json\/wp\/v2\/pa_connextion-shapes?post=17963"}],"curies":[{"name":"wp","href":"https:\/\/api.w.org\/{rel}","templated":true}]}}