{"id":17944,"date":"2021-07-26T12:41:22","date_gmt":"2021-07-26T10:41:22","guid":{"rendered":"https:\/\/d-identify.be\/product\/miniaturschutzschalter-sperrung-fur-stiftpositionsschalter\/"},"modified":"2026-01-09T00:33:53","modified_gmt":"2026-01-08T22:33:53","slug":"miniatur-leitungsschutzschalter-lockout-s2390-master-lock","status":"publish","type":"product","link":"https:\/\/d-identify.be\/de\/produkt\/miniatur-leitungsschutzschalter-lockout-s2390-master-lock\/","title":{"rendered":"Master Lock Miniatur-Leitungsschutzschalter Lockout S2390"},"content":{"rendered":"<p data-start=\"1126\" data-end=\"1402\">Der <strong data-start=\"1130\" data-end=\"1179\">Miniatur-Leitungsschutzschalter Lockout S2390<\/strong> bietet eine zuverl\u00e4ssige L\u00f6sung zur Verriegelung von ISO\/DIN-Miniatur-Leitungsschutzschaltern, die weltweit eingesetzt werden. Das Ger\u00e4t sichert die meisten g\u00e4ngigen Schalter in industriellen und gewerblichen Verteilungen.<\/p>\n<p data-start=\"1404\" data-end=\"1698\">Das patentierte Design passt auf Schalter mit Standard-Hebel\u00f6ffnungen von <strong data-start=\"1478\" data-end=\"1512\">7\/16 Zoll (11 mm) oder kleiner<\/strong>. Dieser <strong data-start=\"1521\" data-end=\"1570\">Miniatur-Leitungsschutzschalter Lockout S2390<\/strong> ist kompatibel mit Sicherheitsschl\u00f6ssern von Master Lock und American Lock. Au\u00dferdem unterst\u00fctzt er die meisten Lockout-Haspen.<\/p>\n<p data-start=\"1700\" data-end=\"1807\">Die kompakte Bauform erleichtert Transport und Lagerung. Die Montage erfolgt schnell und effizient vor Ort.<\/p>\n","protected":false},"excerpt":{"rendered":"<p>Das Master Lock Nr. S2390 Miniatur-Schutzschalter-Verriegelungsger\u00e4t sperrt die meisten Miniatur-Schutzschalter mit ISO\/DIN-Stift-Aus-Verriegelung weltweit. Das patentierte Ger\u00e4t passt zu Schaltern mit Standard-Kippschalter\u00f6ffnungen von 7\/16 Zoll (11 mm) oder weniger und funktioniert mit allen Master Lock und American Lock Sicherheitsschl\u00f6ssern und den meisten Haspen.<\/p>\n","protected":false},"featured_media":17945,"comment_status":"open","ping_status":"closed","template":"","meta":{"_acf_changed":false,"_et_pb_use_builder":"","_et_pb_old_content":"","_et_gb_content_width":""},"product_brand":[],"product_cat":[461,479],"product_tag":[935],"pa_connextion-shapes":[],"class_list":{"0":"post-17944","1":"product","2":"type-product","3":"status-publish","4":"has-post-thumbnail","6":"product_cat-lockout-tagout-de","7":"product_cat-electrical-lockout-devices","8":"product_tag-master-lock-de","10":"first","11":"instock","12":"taxable","13":"shipping-taxable","14":"purchasable","15":"product-type-simple"},"exclude_global_add_ons":[],"addons":[],"acf":[],"yoast_head":"<!-- This site is optimized with the Yoast SEO Premium plugin v27.0 (Yoast SEO v27.1) - https:\/\/yoast.com\/product\/yoast-seo-premium-wordpress\/ -->\n<title>Miniatur-Leitungsschutzschalter Lockout S2390 \u2013 Master Lock<\/title>\n<meta name=\"description\" content=\"Miniatur-Leitungsschutzschalter Lockout S2390 f\u00fcr ISO\/DIN-Schalter. Geeignet f\u00fcr Hebel\u00f6ffnungen bis 11 mm und Sicherheitsschl\u00f6sser.\" \/>\n<meta name=\"robots\" content=\"index, follow, max-snippet:-1, max-image-preview:large, max-video-preview:-1\" \/>\n<link rel=\"canonical\" href=\"https:\/\/d-identify.be\/de\/produkt\/miniatur-leitungsschutzschalter-lockout-s2390-master-lock\/\" \/>\n<meta property=\"og:locale\" content=\"de_DE\" \/>\n<meta property=\"og:type\" content=\"article\" \/>\n<meta property=\"og:title\" content=\"Master Lock Miniatur-Leitungsschutzschalter Lockout S2390\" \/>\n<meta property=\"og:description\" content=\"Miniatur-Leitungsschutzschalter Lockout S2390 f\u00fcr ISO\/DIN-Schalter. Geeignet f\u00fcr Hebel\u00f6ffnungen bis 11 mm und Sicherheitsschl\u00f6sser.\" \/>\n<meta property=\"og:url\" content=\"https:\/\/d-identify.be\/de\/produkt\/miniatur-leitungsschutzschalter-lockout-s2390-master-lock\/\" \/>\n<meta property=\"og:site_name\" content=\"d-identify\" \/>\n<meta property=\"article:modified_time\" content=\"2026-01-08T22:33:53+00:00\" \/>\n<meta property=\"og:image\" content=\"https:\/\/d-identify.be\/wp-content\/uploads\/2021\/07\/S2390.jpg\" \/>\n\t<meta property=\"og:image:width\" content=\"285\" \/>\n\t<meta property=\"og:image:height\" content=\"285\" \/>\n\t<meta property=\"og:image:type\" content=\"image\/jpeg\" \/>\n<meta name=\"twitter:card\" content=\"summary_large_image\" \/>\n<meta name=\"twitter:label1\" content=\"Gesch\u00e4tzte Lesezeit\" \/>\n\t<meta name=\"twitter:data1\" content=\"1\u00a0Minute\" \/>\n<script type=\"application\/ld+json\" class=\"yoast-schema-graph\">{\"@context\":\"https:\/\/schema.org\",\"@graph\":[{\"@type\":\"WebPage\",\"@id\":\"https:\/\/d-identify.be\/de\/produkt\/miniatur-leitungsschutzschalter-lockout-s2390-master-lock\/\",\"url\":\"https:\/\/d-identify.be\/de\/produkt\/miniatur-leitungsschutzschalter-lockout-s2390-master-lock\/\",\"name\":\"Miniatur-Leitungsschutzschalter Lockout S2390 \u2013 Master Lock\",\"isPartOf\":{\"@id\":\"https:\/\/d-identify.be\/de\/#website\"},\"primaryImageOfPage\":{\"@id\":\"https:\/\/d-identify.be\/de\/produkt\/miniatur-leitungsschutzschalter-lockout-s2390-master-lock\/#primaryimage\"},\"image\":{\"@id\":\"https:\/\/d-identify.be\/de\/produkt\/miniatur-leitungsschutzschalter-lockout-s2390-master-lock\/#primaryimage\"},\"thumbnailUrl\":\"https:\/\/d-identify.be\/wp-content\/uploads\/2021\/07\/S2390.jpg\",\"datePublished\":\"2021-07-26T10:41:22+00:00\",\"dateModified\":\"2026-01-08T22:33:53+00:00\",\"description\":\"Miniatur-Leitungsschutzschalter Lockout S2390 f\u00fcr ISO\/DIN-Schalter. Geeignet f\u00fcr Hebel\u00f6ffnungen bis 11 mm und Sicherheitsschl\u00f6sser.\",\"breadcrumb\":{\"@id\":\"https:\/\/d-identify.be\/de\/produkt\/miniatur-leitungsschutzschalter-lockout-s2390-master-lock\/#breadcrumb\"},\"inLanguage\":\"de\",\"potentialAction\":[{\"@type\":\"ReadAction\",\"target\":[\"https:\/\/d-identify.be\/de\/produkt\/miniatur-leitungsschutzschalter-lockout-s2390-master-lock\/\"]}]},{\"@type\":\"ImageObject\",\"inLanguage\":\"de\",\"@id\":\"https:\/\/d-identify.be\/de\/produkt\/miniatur-leitungsschutzschalter-lockout-s2390-master-lock\/#primaryimage\",\"url\":\"https:\/\/d-identify.be\/wp-content\/uploads\/2021\/07\/S2390.jpg\",\"contentUrl\":\"https:\/\/d-identify.be\/wp-content\/uploads\/2021\/07\/S2390.jpg\",\"width\":285,\"height\":285,\"caption\":\"Miniatur-Leitungsschutzschalter Lockout S2390 \u2013 Master Lock\"},{\"@type\":\"BreadcrumbList\",\"@id\":\"https:\/\/d-identify.be\/de\/produkt\/miniatur-leitungsschutzschalter-lockout-s2390-master-lock\/#breadcrumb\",\"itemListElement\":[{\"@type\":\"ListItem\",\"position\":1,\"name\":\"Home\",\"item\":\"https:\/\/d-identify.be\/de\/home-2\/\"},{\"@type\":\"ListItem\",\"position\":2,\"name\":\"Shop\",\"item\":\"https:\/\/d-identify.be\/shop-2\/\"},{\"@type\":\"ListItem\",\"position\":3,\"name\":\"Master Lock Miniatur-Leitungsschutzschalter Lockout S2390\"}]},{\"@type\":\"WebSite\",\"@id\":\"https:\/\/d-identify.be\/de\/#website\",\"url\":\"https:\/\/d-identify.be\/de\/\",\"name\":\"d-identify\",\"description\":\"Industrial identification - Lockout - Tagout - Floor marking\",\"potentialAction\":[{\"@type\":\"SearchAction\",\"target\":{\"@type\":\"EntryPoint\",\"urlTemplate\":\"https:\/\/d-identify.be\/de\/?s={search_term_string}\"},\"query-input\":{\"@type\":\"PropertyValueSpecification\",\"valueRequired\":true,\"valueName\":\"search_term_string\"}}],\"inLanguage\":\"de\"}]}<\/script>\n<!-- \/ Yoast SEO Premium plugin. -->","yoast_head_json":{"title":"Miniatur-Leitungsschutzschalter Lockout S2390 \u2013 Master Lock","description":"Miniatur-Leitungsschutzschalter Lockout S2390 f\u00fcr ISO\/DIN-Schalter. Geeignet f\u00fcr Hebel\u00f6ffnungen bis 11 mm und Sicherheitsschl\u00f6sser.","robots":{"index":"index","follow":"follow","max-snippet":"max-snippet:-1","max-image-preview":"max-image-preview:large","max-video-preview":"max-video-preview:-1"},"canonical":"https:\/\/d-identify.be\/de\/produkt\/miniatur-leitungsschutzschalter-lockout-s2390-master-lock\/","og_locale":"de_DE","og_type":"article","og_title":"Master Lock Miniatur-Leitungsschutzschalter Lockout S2390","og_description":"Miniatur-Leitungsschutzschalter Lockout S2390 f\u00fcr ISO\/DIN-Schalter. Geeignet f\u00fcr Hebel\u00f6ffnungen bis 11 mm und Sicherheitsschl\u00f6sser.","og_url":"https:\/\/d-identify.be\/de\/produkt\/miniatur-leitungsschutzschalter-lockout-s2390-master-lock\/","og_site_name":"d-identify","article_modified_time":"2026-01-08T22:33:53+00:00","og_image":[{"width":285,"height":285,"url":"https:\/\/d-identify.be\/wp-content\/uploads\/2021\/07\/S2390.jpg","type":"image\/jpeg"}],"twitter_card":"summary_large_image","twitter_misc":{"Gesch\u00e4tzte Lesezeit":"1\u00a0Minute"},"schema":{"@context":"https:\/\/schema.org","@graph":[{"@type":"WebPage","@id":"https:\/\/d-identify.be\/de\/produkt\/miniatur-leitungsschutzschalter-lockout-s2390-master-lock\/","url":"https:\/\/d-identify.be\/de\/produkt\/miniatur-leitungsschutzschalter-lockout-s2390-master-lock\/","name":"Miniatur-Leitungsschutzschalter Lockout S2390 \u2013 Master Lock","isPartOf":{"@id":"https:\/\/d-identify.be\/de\/#website"},"primaryImageOfPage":{"@id":"https:\/\/d-identify.be\/de\/produkt\/miniatur-leitungsschutzschalter-lockout-s2390-master-lock\/#primaryimage"},"image":{"@id":"https:\/\/d-identify.be\/de\/produkt\/miniatur-leitungsschutzschalter-lockout-s2390-master-lock\/#primaryimage"},"thumbnailUrl":"https:\/\/d-identify.be\/wp-content\/uploads\/2021\/07\/S2390.jpg","datePublished":"2021-07-26T10:41:22+00:00","dateModified":"2026-01-08T22:33:53+00:00","description":"Miniatur-Leitungsschutzschalter Lockout S2390 f\u00fcr ISO\/DIN-Schalter. Geeignet f\u00fcr Hebel\u00f6ffnungen bis 11 mm und Sicherheitsschl\u00f6sser.","breadcrumb":{"@id":"https:\/\/d-identify.be\/de\/produkt\/miniatur-leitungsschutzschalter-lockout-s2390-master-lock\/#breadcrumb"},"inLanguage":"de","potentialAction":[{"@type":"ReadAction","target":["https:\/\/d-identify.be\/de\/produkt\/miniatur-leitungsschutzschalter-lockout-s2390-master-lock\/"]}]},{"@type":"ImageObject","inLanguage":"de","@id":"https:\/\/d-identify.be\/de\/produkt\/miniatur-leitungsschutzschalter-lockout-s2390-master-lock\/#primaryimage","url":"https:\/\/d-identify.be\/wp-content\/uploads\/2021\/07\/S2390.jpg","contentUrl":"https:\/\/d-identify.be\/wp-content\/uploads\/2021\/07\/S2390.jpg","width":285,"height":285,"caption":"Miniatur-Leitungsschutzschalter Lockout S2390 \u2013 Master Lock"},{"@type":"BreadcrumbList","@id":"https:\/\/d-identify.be\/de\/produkt\/miniatur-leitungsschutzschalter-lockout-s2390-master-lock\/#breadcrumb","itemListElement":[{"@type":"ListItem","position":1,"name":"Home","item":"https:\/\/d-identify.be\/de\/home-2\/"},{"@type":"ListItem","position":2,"name":"Shop","item":"https:\/\/d-identify.be\/shop-2\/"},{"@type":"ListItem","position":3,"name":"Master Lock Miniatur-Leitungsschutzschalter Lockout S2390"}]},{"@type":"WebSite","@id":"https:\/\/d-identify.be\/de\/#website","url":"https:\/\/d-identify.be\/de\/","name":"d-identify","description":"Industrial identification - Lockout - Tagout - Floor marking","potentialAction":[{"@type":"SearchAction","target":{"@type":"EntryPoint","urlTemplate":"https:\/\/d-identify.be\/de\/?s={search_term_string}"},"query-input":{"@type":"PropertyValueSpecification","valueRequired":true,"valueName":"search_term_string"}}],"inLanguage":"de"}]}},"_links":{"self":[{"href":"https:\/\/d-identify.be\/de\/wp-json\/wp\/v2\/product\/17944","targetHints":{"allow":["GET"]}}],"collection":[{"href":"https:\/\/d-identify.be\/de\/wp-json\/wp\/v2\/product"}],"about":[{"href":"https:\/\/d-identify.be\/de\/wp-json\/wp\/v2\/types\/product"}],"replies":[{"embeddable":true,"href":"https:\/\/d-identify.be\/de\/wp-json\/wp\/v2\/comments?post=17944"}],"wp:featuredmedia":[{"embeddable":true,"href":"https:\/\/d-identify.be\/de\/wp-json\/wp\/v2\/media\/17945"}],"wp:attachment":[{"href":"https:\/\/d-identify.be\/de\/wp-json\/wp\/v2\/media?parent=17944"}],"wp:term":[{"taxonomy":"product_brand","embeddable":true,"href":"https:\/\/d-identify.be\/de\/wp-json\/wp\/v2\/product_brand?post=17944"},{"taxonomy":"product_cat","embeddable":true,"href":"https:\/\/d-identify.be\/de\/wp-json\/wp\/v2\/product_cat?post=17944"},{"taxonomy":"product_tag","embeddable":true,"href":"https:\/\/d-identify.be\/de\/wp-json\/wp\/v2\/product_tag?post=17944"},{"taxonomy":"pa_connextion-shapes","embeddable":true,"href":"https:\/\/d-identify.be\/de\/wp-json\/wp\/v2\/pa_connextion-shapes?post=17944"}],"curies":[{"name":"wp","href":"https:\/\/api.w.org\/{rel}","templated":true}]}}