{"id":17933,"date":"2021-07-26T12:41:23","date_gmt":"2021-07-26T10:41:23","guid":{"rendered":"https:\/\/d-identify.be\/product\/miniatur-leitungsschutzschalter-verriegelung-3-stuck-universelle-passform\/"},"modified":"2026-01-08T17:51:28","modified_gmt":"2026-01-08T15:51:28","slug":"verriegelung-miniatur-leitungsschutzschalter-master-lock-s2393","status":"publish","type":"product","link":"https:\/\/d-identify.be\/de\/produkt\/verriegelung-miniatur-leitungsschutzschalter-master-lock-s2393\/","title":{"rendered":"Master Lock S2393 Verriegelung f\u00fcr Miniatur-Leitungsschutzschalter"},"content":{"rendered":"<p data-start=\"1083\" data-end=\"1358\">Die <strong data-start=\"1087\" data-end=\"1145\">Verriegelung Miniatur-Leitungsschutzschalter No. S2393<\/strong> erm\u00f6glicht eine zuverl\u00e4ssige Sicherung von ISO\/DIN-Miniatur-Leitungsschutzschaltern, die weltweit eingesetzt werden. Das Ger\u00e4t sch\u00fctzt die meisten g\u00e4ngigen Schalter in industriellen und gewerblichen Verteilungen.<\/p>\n<p data-start=\"1360\" data-end=\"1632\">Das patentierte Design passt direkt auf den Schalthebel. Sie fixieren die Vorrichtung mit einem Schraubendreher f\u00fcr einen sicheren Halt. Das System ist kompatibel mit Sicherheitsschl\u00f6ssern von Master Lock und American Lock. Zudem unterst\u00fctzt es die meisten Lockout-Haspen.<\/p>\n<p data-start=\"1634\" data-end=\"1721\">Die kompakte Bauform erleichtert Transport, Lagerung und den schnellen Einsatz vor Ort.<\/p>\n","protected":false},"excerpt":{"rendered":"<p data-start=\"1757\" data-end=\"1889\">Verriegelung f\u00fcr Miniatur-Leitungsschutzschalter nach ISO\/DIN. Schraubbefestigung am Hebel und kompatibel mit Sicherheitsschl\u00f6ssern.<\/p>\n","protected":false},"featured_media":17934,"comment_status":"open","ping_status":"closed","template":"","meta":{"_acf_changed":false,"_et_pb_use_builder":"","_et_pb_old_content":"","_et_gb_content_width":""},"product_brand":[],"product_cat":[461,479],"product_tag":[935],"pa_connextion-shapes":[],"class_list":{"0":"post-17933","1":"product","2":"type-product","3":"status-publish","4":"has-post-thumbnail","6":"product_cat-lockout-tagout-de","7":"product_cat-electrical-lockout-devices","8":"product_tag-master-lock-de","10":"first","11":"instock","12":"taxable","13":"shipping-taxable","14":"purchasable","15":"product-type-simple"},"exclude_global_add_ons":[],"addons":[],"acf":[],"yoast_head":"<!-- This site is optimized with the Yoast SEO Premium plugin v27.0 (Yoast SEO v27.1) - https:\/\/yoast.com\/product\/yoast-seo-premium-wordpress\/ -->\n<title>Verriegelung Miniatur-Leitungsschutzschalter \u2013 Master Lock S2393<\/title>\n<meta name=\"description\" content=\"Verriegelung f\u00fcr Miniatur-Leitungsschutzschalter nach ISO\/DIN. Schraubbefestigung am Hebel und kompatibel mit Sicherheitsschl\u00f6ssern.\" \/>\n<meta name=\"robots\" content=\"index, follow, max-snippet:-1, max-image-preview:large, max-video-preview:-1\" \/>\n<link rel=\"canonical\" href=\"https:\/\/d-identify.be\/de\/produkt\/verriegelung-miniatur-leitungsschutzschalter-master-lock-s2393\/\" \/>\n<meta property=\"og:locale\" content=\"de_DE\" \/>\n<meta property=\"og:type\" content=\"article\" \/>\n<meta property=\"og:title\" content=\"Master Lock S2393 Verriegelung f\u00fcr Miniatur-Leitungsschutzschalter\" \/>\n<meta property=\"og:description\" content=\"Verriegelung f\u00fcr Miniatur-Leitungsschutzschalter nach ISO\/DIN. Schraubbefestigung am Hebel und kompatibel mit Sicherheitsschl\u00f6ssern.\" \/>\n<meta property=\"og:url\" content=\"https:\/\/d-identify.be\/de\/produkt\/verriegelung-miniatur-leitungsschutzschalter-master-lock-s2393\/\" \/>\n<meta property=\"og:site_name\" content=\"d-identify\" \/>\n<meta property=\"article:modified_time\" content=\"2026-01-08T15:51:28+00:00\" \/>\n<meta property=\"og:image\" content=\"https:\/\/d-identify.be\/wp-content\/uploads\/2021\/07\/S2393.jpg\" \/>\n\t<meta property=\"og:image:width\" content=\"285\" \/>\n\t<meta property=\"og:image:height\" content=\"285\" \/>\n\t<meta property=\"og:image:type\" content=\"image\/jpeg\" \/>\n<meta name=\"twitter:card\" content=\"summary_large_image\" \/>\n<meta name=\"twitter:label1\" content=\"Gesch\u00e4tzte Lesezeit\" \/>\n\t<meta name=\"twitter:data1\" content=\"1\u00a0Minute\" \/>\n<script type=\"application\/ld+json\" class=\"yoast-schema-graph\">{\"@context\":\"https:\/\/schema.org\",\"@graph\":[{\"@type\":\"WebPage\",\"@id\":\"https:\/\/d-identify.be\/de\/produkt\/verriegelung-miniatur-leitungsschutzschalter-master-lock-s2393\/\",\"url\":\"https:\/\/d-identify.be\/de\/produkt\/verriegelung-miniatur-leitungsschutzschalter-master-lock-s2393\/\",\"name\":\"Verriegelung Miniatur-Leitungsschutzschalter \u2013 Master Lock S2393\",\"isPartOf\":{\"@id\":\"https:\/\/d-identify.be\/de\/#website\"},\"primaryImageOfPage\":{\"@id\":\"https:\/\/d-identify.be\/de\/produkt\/verriegelung-miniatur-leitungsschutzschalter-master-lock-s2393\/#primaryimage\"},\"image\":{\"@id\":\"https:\/\/d-identify.be\/de\/produkt\/verriegelung-miniatur-leitungsschutzschalter-master-lock-s2393\/#primaryimage\"},\"thumbnailUrl\":\"https:\/\/d-identify.be\/wp-content\/uploads\/2021\/07\/S2393.jpg\",\"datePublished\":\"2021-07-26T10:41:23+00:00\",\"dateModified\":\"2026-01-08T15:51:28+00:00\",\"description\":\"Verriegelung f\u00fcr Miniatur-Leitungsschutzschalter nach ISO\/DIN. Schraubbefestigung am Hebel und kompatibel mit Sicherheitsschl\u00f6ssern.\",\"breadcrumb\":{\"@id\":\"https:\/\/d-identify.be\/de\/produkt\/verriegelung-miniatur-leitungsschutzschalter-master-lock-s2393\/#breadcrumb\"},\"inLanguage\":\"de\",\"potentialAction\":[{\"@type\":\"ReadAction\",\"target\":[\"https:\/\/d-identify.be\/de\/produkt\/verriegelung-miniatur-leitungsschutzschalter-master-lock-s2393\/\"]}]},{\"@type\":\"ImageObject\",\"inLanguage\":\"de\",\"@id\":\"https:\/\/d-identify.be\/de\/produkt\/verriegelung-miniatur-leitungsschutzschalter-master-lock-s2393\/#primaryimage\",\"url\":\"https:\/\/d-identify.be\/wp-content\/uploads\/2021\/07\/S2393.jpg\",\"contentUrl\":\"https:\/\/d-identify.be\/wp-content\/uploads\/2021\/07\/S2393.jpg\",\"width\":285,\"height\":285,\"caption\":\"Verriegelung Miniatur-Leitungsschutzschalter \u2013 Master Lock S2393\"},{\"@type\":\"BreadcrumbList\",\"@id\":\"https:\/\/d-identify.be\/de\/produkt\/verriegelung-miniatur-leitungsschutzschalter-master-lock-s2393\/#breadcrumb\",\"itemListElement\":[{\"@type\":\"ListItem\",\"position\":1,\"name\":\"Home\",\"item\":\"https:\/\/d-identify.be\/de\/home-2\/\"},{\"@type\":\"ListItem\",\"position\":2,\"name\":\"Shop\",\"item\":\"https:\/\/d-identify.be\/shop-2\/\"},{\"@type\":\"ListItem\",\"position\":3,\"name\":\"Master Lock S2393 Verriegelung f\u00fcr Miniatur-Leitungsschutzschalter\"}]},{\"@type\":\"WebSite\",\"@id\":\"https:\/\/d-identify.be\/de\/#website\",\"url\":\"https:\/\/d-identify.be\/de\/\",\"name\":\"d-identify\",\"description\":\"Industrial identification - Lockout - Tagout - Floor marking\",\"potentialAction\":[{\"@type\":\"SearchAction\",\"target\":{\"@type\":\"EntryPoint\",\"urlTemplate\":\"https:\/\/d-identify.be\/de\/?s={search_term_string}\"},\"query-input\":{\"@type\":\"PropertyValueSpecification\",\"valueRequired\":true,\"valueName\":\"search_term_string\"}}],\"inLanguage\":\"de\"}]}<\/script>\n<!-- \/ Yoast SEO Premium plugin. -->","yoast_head_json":{"title":"Verriegelung Miniatur-Leitungsschutzschalter \u2013 Master Lock S2393","description":"Verriegelung f\u00fcr Miniatur-Leitungsschutzschalter nach ISO\/DIN. Schraubbefestigung am Hebel und kompatibel mit Sicherheitsschl\u00f6ssern.","robots":{"index":"index","follow":"follow","max-snippet":"max-snippet:-1","max-image-preview":"max-image-preview:large","max-video-preview":"max-video-preview:-1"},"canonical":"https:\/\/d-identify.be\/de\/produkt\/verriegelung-miniatur-leitungsschutzschalter-master-lock-s2393\/","og_locale":"de_DE","og_type":"article","og_title":"Master Lock S2393 Verriegelung f\u00fcr Miniatur-Leitungsschutzschalter","og_description":"Verriegelung f\u00fcr Miniatur-Leitungsschutzschalter nach ISO\/DIN. Schraubbefestigung am Hebel und kompatibel mit Sicherheitsschl\u00f6ssern.","og_url":"https:\/\/d-identify.be\/de\/produkt\/verriegelung-miniatur-leitungsschutzschalter-master-lock-s2393\/","og_site_name":"d-identify","article_modified_time":"2026-01-08T15:51:28+00:00","og_image":[{"width":285,"height":285,"url":"https:\/\/d-identify.be\/wp-content\/uploads\/2021\/07\/S2393.jpg","type":"image\/jpeg"}],"twitter_card":"summary_large_image","twitter_misc":{"Gesch\u00e4tzte Lesezeit":"1\u00a0Minute"},"schema":{"@context":"https:\/\/schema.org","@graph":[{"@type":"WebPage","@id":"https:\/\/d-identify.be\/de\/produkt\/verriegelung-miniatur-leitungsschutzschalter-master-lock-s2393\/","url":"https:\/\/d-identify.be\/de\/produkt\/verriegelung-miniatur-leitungsschutzschalter-master-lock-s2393\/","name":"Verriegelung Miniatur-Leitungsschutzschalter \u2013 Master Lock S2393","isPartOf":{"@id":"https:\/\/d-identify.be\/de\/#website"},"primaryImageOfPage":{"@id":"https:\/\/d-identify.be\/de\/produkt\/verriegelung-miniatur-leitungsschutzschalter-master-lock-s2393\/#primaryimage"},"image":{"@id":"https:\/\/d-identify.be\/de\/produkt\/verriegelung-miniatur-leitungsschutzschalter-master-lock-s2393\/#primaryimage"},"thumbnailUrl":"https:\/\/d-identify.be\/wp-content\/uploads\/2021\/07\/S2393.jpg","datePublished":"2021-07-26T10:41:23+00:00","dateModified":"2026-01-08T15:51:28+00:00","description":"Verriegelung f\u00fcr Miniatur-Leitungsschutzschalter nach ISO\/DIN. Schraubbefestigung am Hebel und kompatibel mit Sicherheitsschl\u00f6ssern.","breadcrumb":{"@id":"https:\/\/d-identify.be\/de\/produkt\/verriegelung-miniatur-leitungsschutzschalter-master-lock-s2393\/#breadcrumb"},"inLanguage":"de","potentialAction":[{"@type":"ReadAction","target":["https:\/\/d-identify.be\/de\/produkt\/verriegelung-miniatur-leitungsschutzschalter-master-lock-s2393\/"]}]},{"@type":"ImageObject","inLanguage":"de","@id":"https:\/\/d-identify.be\/de\/produkt\/verriegelung-miniatur-leitungsschutzschalter-master-lock-s2393\/#primaryimage","url":"https:\/\/d-identify.be\/wp-content\/uploads\/2021\/07\/S2393.jpg","contentUrl":"https:\/\/d-identify.be\/wp-content\/uploads\/2021\/07\/S2393.jpg","width":285,"height":285,"caption":"Verriegelung Miniatur-Leitungsschutzschalter \u2013 Master Lock S2393"},{"@type":"BreadcrumbList","@id":"https:\/\/d-identify.be\/de\/produkt\/verriegelung-miniatur-leitungsschutzschalter-master-lock-s2393\/#breadcrumb","itemListElement":[{"@type":"ListItem","position":1,"name":"Home","item":"https:\/\/d-identify.be\/de\/home-2\/"},{"@type":"ListItem","position":2,"name":"Shop","item":"https:\/\/d-identify.be\/shop-2\/"},{"@type":"ListItem","position":3,"name":"Master Lock S2393 Verriegelung f\u00fcr Miniatur-Leitungsschutzschalter"}]},{"@type":"WebSite","@id":"https:\/\/d-identify.be\/de\/#website","url":"https:\/\/d-identify.be\/de\/","name":"d-identify","description":"Industrial identification - Lockout - Tagout - Floor marking","potentialAction":[{"@type":"SearchAction","target":{"@type":"EntryPoint","urlTemplate":"https:\/\/d-identify.be\/de\/?s={search_term_string}"},"query-input":{"@type":"PropertyValueSpecification","valueRequired":true,"valueName":"search_term_string"}}],"inLanguage":"de"}]}},"_links":{"self":[{"href":"https:\/\/d-identify.be\/de\/wp-json\/wp\/v2\/product\/17933","targetHints":{"allow":["GET"]}}],"collection":[{"href":"https:\/\/d-identify.be\/de\/wp-json\/wp\/v2\/product"}],"about":[{"href":"https:\/\/d-identify.be\/de\/wp-json\/wp\/v2\/types\/product"}],"replies":[{"embeddable":true,"href":"https:\/\/d-identify.be\/de\/wp-json\/wp\/v2\/comments?post=17933"}],"wp:featuredmedia":[{"embeddable":true,"href":"https:\/\/d-identify.be\/de\/wp-json\/wp\/v2\/media\/17934"}],"wp:attachment":[{"href":"https:\/\/d-identify.be\/de\/wp-json\/wp\/v2\/media?parent=17933"}],"wp:term":[{"taxonomy":"product_brand","embeddable":true,"href":"https:\/\/d-identify.be\/de\/wp-json\/wp\/v2\/product_brand?post=17933"},{"taxonomy":"product_cat","embeddable":true,"href":"https:\/\/d-identify.be\/de\/wp-json\/wp\/v2\/product_cat?post=17933"},{"taxonomy":"product_tag","embeddable":true,"href":"https:\/\/d-identify.be\/de\/wp-json\/wp\/v2\/product_tag?post=17933"},{"taxonomy":"pa_connextion-shapes","embeddable":true,"href":"https:\/\/d-identify.be\/de\/wp-json\/wp\/v2\/pa_connextion-shapes?post=17933"}],"curies":[{"name":"wp","href":"https:\/\/api.w.org\/{rel}","templated":true}]}}