{"id":17863,"date":"2021-07-26T12:41:24","date_gmt":"2021-07-26T10:41:24","guid":{"rendered":"https:\/\/d-identify.be\/product\/zenex-thermoplast-sicherheitsschloss-s31\/"},"modified":"2026-01-12T17:20:02","modified_gmt":"2026-01-12T15:20:02","slug":"zenex-thermoplast-sicherheitsschloss-s31","status":"publish","type":"product","link":"https:\/\/d-identify.be\/de\/produkt\/zenex-thermoplast-sicherheitsschloss-s31\/","title":{"rendered":"Master Lock S31 Zenex\u2122 thermoplastisches Sicherheitsschloss"},"content":{"rendered":"<p data-start=\"1246\" data-end=\"1503\">Das <strong data-start=\"1250\" data-end=\"1276\">S31 Sicherheitsschloss<\/strong> ist f\u00fcr Lockout-Tagout-Anwendungen in korrosiven und anspruchsvollen Umgebungen ausgelegt. Es verf\u00fcgt \u00fcber ein Zenex\u2122-Thermoplastgeh\u00e4use mit einer Breite von 35 mm. <strong data-start=\"1442\" data-end=\"1451\">Daher<\/strong> bleibt das Schloss leicht und einfach zu handhaben.<\/p>\n<p data-start=\"1505\" data-end=\"1762\"><strong data-start=\"1505\" data-end=\"1517\">Au\u00dferdem<\/strong> widersteht das Zenex\u2122-Geh\u00e4use Chemikalien, UV-Strahlung und starken Temperaturschwankungen. <strong data-start=\"1610\" data-end=\"1619\">Somit<\/strong> arbeitet das Schloss zuverl\u00e4ssig in feuchten, Au\u00dfen- und Industrieumgebungen. <strong data-start=\"1698\" data-end=\"1707\">Zudem<\/strong> erleichtert das geringe Gewicht den t\u00e4glichen Einsatz.<\/p>\n<p data-start=\"1764\" data-end=\"2078\"><strong data-start=\"1764\" data-end=\"1782\">Dar\u00fcber hinaus<\/strong> besitzt der B\u00fcgel aus marinetauglichem Edelstahl eine H\u00f6he von 38 mm und einen Durchmesser von 5 mm. <strong data-start=\"1884\" data-end=\"1895\">Dadurch<\/strong> bietet er einen hohen Schutz gegen Rost und Verschlei\u00df. Das <strong data-start=\"1956\" data-end=\"1982\">S31 Sicherheitsschloss<\/strong> eignet sich deshalb f\u00fcr die Lebensmittelindustrie, chemische Betriebe und maritime Anwendungen.<\/p>\n<p data-start=\"2080\" data-end=\"2336\"><strong data-start=\"2080\" data-end=\"2094\">Zus\u00e4tzlich<\/strong> nutzt das Schloss einen schl\u00fcsselr\u00fcckhaltenden Mechanismus. Der Anwender kann den Schl\u00fcssel nur entfernen, wenn das Schloss vollst\u00e4ndig verriegelt ist. <strong data-start=\"2247\" data-end=\"2256\">Somit<\/strong> verhindert das System unbeabsichtigt offene Schl\u00f6sser w\u00e4hrend Wartungsarbeiten.<\/p>\n<p data-start=\"2338\" data-end=\"2594\"><strong data-start=\"2338\" data-end=\"2353\">Schlie\u00dflich<\/strong> ist der Sicherheitszylinder ausschlie\u00dflich f\u00fcr Lockout-Tagout-Anwendungen vorgesehen. <strong data-start=\"2440\" data-end=\"2449\">Daher<\/strong> unterst\u00fctzt das Schloss das Prinzip <strong data-start=\"2486\" data-end=\"2535\">\u201eein Mitarbeiter, ein Schloss, ein Schl\u00fcssel\u201c<\/strong> und gew\u00e4hrleistet eine zuverl\u00e4ssige pers\u00f6nliche Kontrolle.<\/p>\n","protected":false},"excerpt":{"rendered":"<p data-start=\"954\" data-end=\"1167\">Das <strong data-start=\"958\" data-end=\"984\">S31 Sicherheitsschloss<\/strong> ist f\u00fcr Lockout-Tagout-Anwendungen in korrosiven Umgebungen konzipiert. Das Zenex\u2122-Thermoplastgeh\u00e4use und der Edelstahlb\u00fcgel sorgen f\u00fcr eine sichere und langlebige Energieisolierung.<\/p>\n","protected":false},"featured_media":17880,"comment_status":"open","ping_status":"closed","template":"","meta":{"_acf_changed":false,"_et_pb_use_builder":"","_et_pb_old_content":"","_et_gb_content_width":""},"product_brand":[],"product_cat":[461,629],"product_tag":[935],"pa_connextion-shapes":[],"class_list":{"0":"post-17863","1":"product","2":"type-product","3":"status-publish","4":"has-post-thumbnail","6":"product_cat-lockout-tagout-de","7":"product_cat-lockout-padlocks","8":"product_tag-master-lock-de","10":"first","11":"instock","12":"taxable","13":"shipping-taxable","14":"purchasable","15":"product-type-variable","16":"has-default-attributes"},"exclude_global_add_ons":[],"addons":[],"acf":[],"yoast_head":"<!-- This site is optimized with the Yoast SEO Premium plugin v27.0 (Yoast SEO v27.1) - https:\/\/yoast.com\/product\/yoast-seo-premium-wordpress\/ -->\n<title>S31 Sicherheitsschloss - Master Lock<\/title>\n<meta name=\"description\" content=\"S31 Sicherheitsschloss mit Zenex\u2122 Thermoplast-Geh\u00e4use und Edelstahlb\u00fcgel. Entwickelt f\u00fcr Lockout-Tagout in korrosiven Umgebungen.\" \/>\n<meta name=\"robots\" content=\"index, follow, max-snippet:-1, max-image-preview:large, max-video-preview:-1\" \/>\n<link rel=\"canonical\" href=\"https:\/\/d-identify.be\/de\/produkt\/zenex-thermoplast-sicherheitsschloss-s31\/\" \/>\n<meta property=\"og:locale\" content=\"de_DE\" \/>\n<meta property=\"og:type\" content=\"article\" \/>\n<meta property=\"og:title\" content=\"Master Lock S31 Zenex\u2122 thermoplastisches Sicherheitsschloss\" \/>\n<meta property=\"og:description\" content=\"S31 Sicherheitsschloss mit Zenex\u2122 Thermoplast-Geh\u00e4use und Edelstahlb\u00fcgel. Entwickelt f\u00fcr Lockout-Tagout in korrosiven Umgebungen.\" \/>\n<meta property=\"og:url\" content=\"https:\/\/d-identify.be\/de\/produkt\/zenex-thermoplast-sicherheitsschloss-s31\/\" \/>\n<meta property=\"og:site_name\" content=\"d-identify\" \/>\n<meta property=\"article:modified_time\" content=\"2026-01-12T15:20:02+00:00\" \/>\n<meta property=\"og:image\" content=\"https:\/\/d-identify.be\/wp-content\/uploads\/2021\/07\/MLCOM_PRODUCT_38368_S31BLU_S33BLU.jpg\" \/>\n\t<meta property=\"og:image:width\" content=\"257\" \/>\n\t<meta property=\"og:image:height\" content=\"257\" \/>\n\t<meta property=\"og:image:type\" content=\"image\/jpeg\" \/>\n<meta name=\"twitter:card\" content=\"summary_large_image\" \/>\n<meta name=\"twitter:label1\" content=\"Gesch\u00e4tzte Lesezeit\" \/>\n\t<meta name=\"twitter:data1\" content=\"1\u00a0Minute\" \/>\n<script type=\"application\/ld+json\" class=\"yoast-schema-graph\">{\"@context\":\"https:\/\/schema.org\",\"@graph\":[{\"@type\":\"WebPage\",\"@id\":\"https:\/\/d-identify.be\/de\/produkt\/zenex-thermoplast-sicherheitsschloss-s31\/\",\"url\":\"https:\/\/d-identify.be\/de\/produkt\/zenex-thermoplast-sicherheitsschloss-s31\/\",\"name\":\"S31 Sicherheitsschloss - Master Lock\",\"isPartOf\":{\"@id\":\"https:\/\/d-identify.be\/de\/#website\"},\"primaryImageOfPage\":{\"@id\":\"https:\/\/d-identify.be\/de\/produkt\/zenex-thermoplast-sicherheitsschloss-s31\/#primaryimage\"},\"image\":{\"@id\":\"https:\/\/d-identify.be\/de\/produkt\/zenex-thermoplast-sicherheitsschloss-s31\/#primaryimage\"},\"thumbnailUrl\":\"https:\/\/d-identify.be\/wp-content\/uploads\/2021\/07\/MLCOM_PRODUCT_38368_S31BLU_S33BLU.jpg\",\"datePublished\":\"2021-07-26T10:41:24+00:00\",\"dateModified\":\"2026-01-12T15:20:02+00:00\",\"description\":\"S31 Sicherheitsschloss mit Zenex\u2122 Thermoplast-Geh\u00e4use und Edelstahlb\u00fcgel. Entwickelt f\u00fcr Lockout-Tagout in korrosiven Umgebungen.\",\"breadcrumb\":{\"@id\":\"https:\/\/d-identify.be\/de\/produkt\/zenex-thermoplast-sicherheitsschloss-s31\/#breadcrumb\"},\"inLanguage\":\"de\",\"potentialAction\":[{\"@type\":\"ReadAction\",\"target\":[\"https:\/\/d-identify.be\/de\/produkt\/zenex-thermoplast-sicherheitsschloss-s31\/\"]}]},{\"@type\":\"ImageObject\",\"inLanguage\":\"de\",\"@id\":\"https:\/\/d-identify.be\/de\/produkt\/zenex-thermoplast-sicherheitsschloss-s31\/#primaryimage\",\"url\":\"https:\/\/d-identify.be\/wp-content\/uploads\/2021\/07\/MLCOM_PRODUCT_38368_S31BLU_S33BLU.jpg\",\"contentUrl\":\"https:\/\/d-identify.be\/wp-content\/uploads\/2021\/07\/MLCOM_PRODUCT_38368_S31BLU_S33BLU.jpg\",\"width\":257,\"height\":257,\"caption\":\"S31 Sicherheitsschloss - Master Lock\"},{\"@type\":\"BreadcrumbList\",\"@id\":\"https:\/\/d-identify.be\/de\/produkt\/zenex-thermoplast-sicherheitsschloss-s31\/#breadcrumb\",\"itemListElement\":[{\"@type\":\"ListItem\",\"position\":1,\"name\":\"Home\",\"item\":\"https:\/\/d-identify.be\/de\/home-2\/\"},{\"@type\":\"ListItem\",\"position\":2,\"name\":\"Shop\",\"item\":\"https:\/\/d-identify.be\/shop-2\/\"},{\"@type\":\"ListItem\",\"position\":3,\"name\":\"Master Lock S31 Zenex\u2122 thermoplastisches Sicherheitsschloss\"}]},{\"@type\":\"WebSite\",\"@id\":\"https:\/\/d-identify.be\/de\/#website\",\"url\":\"https:\/\/d-identify.be\/de\/\",\"name\":\"d-identify\",\"description\":\"Industrial identification - Lockout - Tagout - Floor marking\",\"potentialAction\":[{\"@type\":\"SearchAction\",\"target\":{\"@type\":\"EntryPoint\",\"urlTemplate\":\"https:\/\/d-identify.be\/de\/?s={search_term_string}\"},\"query-input\":{\"@type\":\"PropertyValueSpecification\",\"valueRequired\":true,\"valueName\":\"search_term_string\"}}],\"inLanguage\":\"de\"}]}<\/script>\n<!-- \/ Yoast SEO Premium plugin. -->","yoast_head_json":{"title":"S31 Sicherheitsschloss - Master Lock","description":"S31 Sicherheitsschloss mit Zenex\u2122 Thermoplast-Geh\u00e4use und Edelstahlb\u00fcgel. Entwickelt f\u00fcr Lockout-Tagout in korrosiven Umgebungen.","robots":{"index":"index","follow":"follow","max-snippet":"max-snippet:-1","max-image-preview":"max-image-preview:large","max-video-preview":"max-video-preview:-1"},"canonical":"https:\/\/d-identify.be\/de\/produkt\/zenex-thermoplast-sicherheitsschloss-s31\/","og_locale":"de_DE","og_type":"article","og_title":"Master Lock S31 Zenex\u2122 thermoplastisches Sicherheitsschloss","og_description":"S31 Sicherheitsschloss mit Zenex\u2122 Thermoplast-Geh\u00e4use und Edelstahlb\u00fcgel. Entwickelt f\u00fcr Lockout-Tagout in korrosiven Umgebungen.","og_url":"https:\/\/d-identify.be\/de\/produkt\/zenex-thermoplast-sicherheitsschloss-s31\/","og_site_name":"d-identify","article_modified_time":"2026-01-12T15:20:02+00:00","og_image":[{"width":257,"height":257,"url":"https:\/\/d-identify.be\/wp-content\/uploads\/2021\/07\/MLCOM_PRODUCT_38368_S31BLU_S33BLU.jpg","type":"image\/jpeg"}],"twitter_card":"summary_large_image","twitter_misc":{"Gesch\u00e4tzte Lesezeit":"1\u00a0Minute"},"schema":{"@context":"https:\/\/schema.org","@graph":[{"@type":"WebPage","@id":"https:\/\/d-identify.be\/de\/produkt\/zenex-thermoplast-sicherheitsschloss-s31\/","url":"https:\/\/d-identify.be\/de\/produkt\/zenex-thermoplast-sicherheitsschloss-s31\/","name":"S31 Sicherheitsschloss - Master Lock","isPartOf":{"@id":"https:\/\/d-identify.be\/de\/#website"},"primaryImageOfPage":{"@id":"https:\/\/d-identify.be\/de\/produkt\/zenex-thermoplast-sicherheitsschloss-s31\/#primaryimage"},"image":{"@id":"https:\/\/d-identify.be\/de\/produkt\/zenex-thermoplast-sicherheitsschloss-s31\/#primaryimage"},"thumbnailUrl":"https:\/\/d-identify.be\/wp-content\/uploads\/2021\/07\/MLCOM_PRODUCT_38368_S31BLU_S33BLU.jpg","datePublished":"2021-07-26T10:41:24+00:00","dateModified":"2026-01-12T15:20:02+00:00","description":"S31 Sicherheitsschloss mit Zenex\u2122 Thermoplast-Geh\u00e4use und Edelstahlb\u00fcgel. Entwickelt f\u00fcr Lockout-Tagout in korrosiven Umgebungen.","breadcrumb":{"@id":"https:\/\/d-identify.be\/de\/produkt\/zenex-thermoplast-sicherheitsschloss-s31\/#breadcrumb"},"inLanguage":"de","potentialAction":[{"@type":"ReadAction","target":["https:\/\/d-identify.be\/de\/produkt\/zenex-thermoplast-sicherheitsschloss-s31\/"]}]},{"@type":"ImageObject","inLanguage":"de","@id":"https:\/\/d-identify.be\/de\/produkt\/zenex-thermoplast-sicherheitsschloss-s31\/#primaryimage","url":"https:\/\/d-identify.be\/wp-content\/uploads\/2021\/07\/MLCOM_PRODUCT_38368_S31BLU_S33BLU.jpg","contentUrl":"https:\/\/d-identify.be\/wp-content\/uploads\/2021\/07\/MLCOM_PRODUCT_38368_S31BLU_S33BLU.jpg","width":257,"height":257,"caption":"S31 Sicherheitsschloss - Master Lock"},{"@type":"BreadcrumbList","@id":"https:\/\/d-identify.be\/de\/produkt\/zenex-thermoplast-sicherheitsschloss-s31\/#breadcrumb","itemListElement":[{"@type":"ListItem","position":1,"name":"Home","item":"https:\/\/d-identify.be\/de\/home-2\/"},{"@type":"ListItem","position":2,"name":"Shop","item":"https:\/\/d-identify.be\/shop-2\/"},{"@type":"ListItem","position":3,"name":"Master Lock S31 Zenex\u2122 thermoplastisches Sicherheitsschloss"}]},{"@type":"WebSite","@id":"https:\/\/d-identify.be\/de\/#website","url":"https:\/\/d-identify.be\/de\/","name":"d-identify","description":"Industrial identification - Lockout - Tagout - Floor marking","potentialAction":[{"@type":"SearchAction","target":{"@type":"EntryPoint","urlTemplate":"https:\/\/d-identify.be\/de\/?s={search_term_string}"},"query-input":{"@type":"PropertyValueSpecification","valueRequired":true,"valueName":"search_term_string"}}],"inLanguage":"de"}]}},"_links":{"self":[{"href":"https:\/\/d-identify.be\/de\/wp-json\/wp\/v2\/product\/17863","targetHints":{"allow":["GET"]}}],"collection":[{"href":"https:\/\/d-identify.be\/de\/wp-json\/wp\/v2\/product"}],"about":[{"href":"https:\/\/d-identify.be\/de\/wp-json\/wp\/v2\/types\/product"}],"replies":[{"embeddable":true,"href":"https:\/\/d-identify.be\/de\/wp-json\/wp\/v2\/comments?post=17863"}],"wp:featuredmedia":[{"embeddable":true,"href":"https:\/\/d-identify.be\/de\/wp-json\/wp\/v2\/media\/17880"}],"wp:attachment":[{"href":"https:\/\/d-identify.be\/de\/wp-json\/wp\/v2\/media?parent=17863"}],"wp:term":[{"taxonomy":"product_brand","embeddable":true,"href":"https:\/\/d-identify.be\/de\/wp-json\/wp\/v2\/product_brand?post=17863"},{"taxonomy":"product_cat","embeddable":true,"href":"https:\/\/d-identify.be\/de\/wp-json\/wp\/v2\/product_cat?post=17863"},{"taxonomy":"product_tag","embeddable":true,"href":"https:\/\/d-identify.be\/de\/wp-json\/wp\/v2\/product_tag?post=17863"},{"taxonomy":"pa_connextion-shapes","embeddable":true,"href":"https:\/\/d-identify.be\/de\/wp-json\/wp\/v2\/pa_connextion-shapes?post=17863"}],"curies":[{"name":"wp","href":"https:\/\/api.w.org\/{rel}","templated":true}]}}