{"id":17860,"date":"2021-07-26T12:41:24","date_gmt":"2021-07-26T11:41:24","guid":{"rendered":"https:\/\/d-identify.be\/product\/s3080-vierbeiniges-vierteldrehsperreventil\/"},"modified":"2026-01-15T21:06:02","modified_gmt":"2026-01-15T19:06:02","slug":"master-lock-s3080-verstellbarer-kugelhahn-lockout","status":"publish","type":"product","link":"https:\/\/d-identify.be\/de\/produkt\/master-lock-s3080-verstellbarer-kugelhahn-lockout\/","title":{"rendered":"Master Lock S3080 \u2013 Verstellbarer Kugelhahn-Lockout"},"content":{"rendered":"<p data-start=\"1026\" data-end=\"1250\">Der verstellbare Kugelhahn-Lockout Master Lock S3080 wurde entwickelt, um geschlossene Kugelh\u00e4hne bei Wartungs- und Servicearbeiten sicher zu verriegeln.<br data-start=\"1179\" data-end=\"1182\" \/>Er hilft, eine unbeabsichtigte Bet\u00e4tigung des Ventils zu verhindern.<\/p>\n<p data-start=\"1252\" data-end=\"1400\">Das Ger\u00e4t besteht aus langlebigem und leichtem Zenex\u2122 Thermoplast.<br data-start=\"1318\" data-end=\"1321\" \/>Dieses Material ist chemikalienbest\u00e4ndig und f\u00fcr extreme Temperaturen geeignet.<\/p>\n<p data-start=\"1402\" data-end=\"1567\">Dank des verstellbaren Designs passt der Lockout auf Kugelh\u00e4hne mit Durchmessern von 13 bis 51 mm.<br data-start=\"1500\" data-end=\"1503\" \/>Damit eignet er sich f\u00fcr viele g\u00e4ngige industrielle Anwendungen.<\/p>\n<p data-start=\"1569\" data-end=\"1748\">Vier integrierte Verriegelungs\u00f6ffnungen sind f\u00fcr alle Sicherheitsvorh\u00e4ngeschl\u00f6sser von Master Lock und American Lock geeignet.<br data-start=\"1695\" data-end=\"1698\" \/>So sind Einzel- und Gruppenverriegelungen m\u00f6glich.<\/p>\n<p data-start=\"1750\" data-end=\"1914\">Der S3080 l\u00e4sst sich einfach und ohne Werkzeug montieren und entfernen.<br data-start=\"1821\" data-end=\"1824\" \/>Er bietet eine praktische und zuverl\u00e4ssige L\u00f6sung zur sicheren Absperrung von Kugelh\u00e4hnen.<\/p>\n","protected":false},"excerpt":{"rendered":"<p data-start=\"771\" data-end=\"967\">Der <strong data-start=\"775\" data-end=\"802\">Kugelhahn Lockout S3080<\/strong> verhindert das unbeabsichtigte Bet\u00e4tigen geschlossener Kugelh\u00e4hne. Das verstellbare Design erm\u00f6glicht eine schnelle und sichere Verriegelung bei Wartungsarbeiten.<\/p>\n","protected":false},"featured_media":17861,"comment_status":"open","ping_status":"closed","template":"","meta":{"_acf_changed":false,"_et_pb_use_builder":"","_et_pb_old_content":"","_et_gb_content_width":""},"product_brand":[],"product_cat":[461,489],"product_tag":[935],"pa_connextion-shapes":[],"class_list":{"0":"post-17860","1":"product","2":"type-product","3":"status-publish","4":"has-post-thumbnail","6":"product_cat-lockout-tagout-de","7":"product_cat-valve-lockout-devices","8":"product_tag-master-lock-de","10":"first","11":"instock","12":"taxable","13":"shipping-taxable","14":"purchasable","15":"product-type-simple"},"exclude_global_add_ons":[],"addons":[],"acf":[],"yoast_head":"<!-- This site is optimized with the Yoast SEO Premium plugin v27.0 (Yoast SEO v27.1) - https:\/\/yoast.com\/product\/yoast-seo-premium-wordpress\/ -->\n<title>Kugelhahn Lockout S3080 | Master Lock<\/title>\n<meta name=\"description\" content=\"Kugelhahn Lockout S3080 aus leichtem Zenex\u2122 Thermoplast. Verstellbares Design f\u00fcr Kugelh\u00e4hne von 13 bis 51 mm und Schutz vor unbeabsichtigter Bet\u00e4tigung.\" \/>\n<meta name=\"robots\" content=\"index, follow, max-snippet:-1, max-image-preview:large, max-video-preview:-1\" \/>\n<link rel=\"canonical\" href=\"https:\/\/d-identify.be\/de\/produkt\/master-lock-s3080-verstellbarer-kugelhahn-lockout\/\" \/>\n<meta property=\"og:locale\" content=\"de_DE\" \/>\n<meta property=\"og:type\" content=\"article\" \/>\n<meta property=\"og:title\" content=\"Master Lock S3080 \u2013 Verstellbarer Kugelhahn-Lockout\" \/>\n<meta property=\"og:description\" content=\"Kugelhahn Lockout S3080 aus leichtem Zenex\u2122 Thermoplast. Verstellbares Design f\u00fcr Kugelh\u00e4hne von 13 bis 51 mm und Schutz vor unbeabsichtigter Bet\u00e4tigung.\" \/>\n<meta property=\"og:url\" content=\"https:\/\/d-identify.be\/de\/produkt\/master-lock-s3080-verstellbarer-kugelhahn-lockout\/\" \/>\n<meta property=\"og:site_name\" content=\"d-identify\" \/>\n<meta property=\"article:modified_time\" content=\"2026-01-15T19:06:02+00:00\" \/>\n<meta property=\"og:image\" content=\"https:\/\/d-identify.be\/wp-content\/uploads\/2021\/07\/S3080body.jpg\" \/>\n\t<meta property=\"og:image:width\" content=\"258\" \/>\n\t<meta property=\"og:image:height\" content=\"258\" \/>\n\t<meta property=\"og:image:type\" content=\"image\/jpeg\" \/>\n<meta name=\"twitter:card\" content=\"summary_large_image\" \/>\n<meta name=\"twitter:label1\" content=\"Gesch\u00e4tzte Lesezeit\" \/>\n\t<meta name=\"twitter:data1\" content=\"1\u00a0Minute\" \/>\n<script type=\"application\/ld+json\" class=\"yoast-schema-graph\">{\"@context\":\"https:\/\/schema.org\",\"@graph\":[{\"@type\":\"WebPage\",\"@id\":\"https:\/\/d-identify.be\/de\/produkt\/master-lock-s3080-verstellbarer-kugelhahn-lockout\/\",\"url\":\"https:\/\/d-identify.be\/de\/produkt\/master-lock-s3080-verstellbarer-kugelhahn-lockout\/\",\"name\":\"Kugelhahn Lockout S3080 | Master Lock\",\"isPartOf\":{\"@id\":\"https:\/\/d-identify.be\/de\/#website\"},\"primaryImageOfPage\":{\"@id\":\"https:\/\/d-identify.be\/de\/produkt\/master-lock-s3080-verstellbarer-kugelhahn-lockout\/#primaryimage\"},\"image\":{\"@id\":\"https:\/\/d-identify.be\/de\/produkt\/master-lock-s3080-verstellbarer-kugelhahn-lockout\/#primaryimage\"},\"thumbnailUrl\":\"https:\/\/d-identify.be\/wp-content\/uploads\/2021\/07\/S3080body.jpg\",\"datePublished\":\"2021-07-26T11:41:24+00:00\",\"dateModified\":\"2026-01-15T19:06:02+00:00\",\"description\":\"Kugelhahn Lockout S3080 aus leichtem Zenex\u2122 Thermoplast. Verstellbares Design f\u00fcr Kugelh\u00e4hne von 13 bis 51 mm und Schutz vor unbeabsichtigter Bet\u00e4tigung.\",\"breadcrumb\":{\"@id\":\"https:\/\/d-identify.be\/de\/produkt\/master-lock-s3080-verstellbarer-kugelhahn-lockout\/#breadcrumb\"},\"inLanguage\":\"de\",\"potentialAction\":[{\"@type\":\"ReadAction\",\"target\":[\"https:\/\/d-identify.be\/de\/produkt\/master-lock-s3080-verstellbarer-kugelhahn-lockout\/\"]}]},{\"@type\":\"ImageObject\",\"inLanguage\":\"de\",\"@id\":\"https:\/\/d-identify.be\/de\/produkt\/master-lock-s3080-verstellbarer-kugelhahn-lockout\/#primaryimage\",\"url\":\"https:\/\/d-identify.be\/wp-content\/uploads\/2021\/07\/S3080body.jpg\",\"contentUrl\":\"https:\/\/d-identify.be\/wp-content\/uploads\/2021\/07\/S3080body.jpg\",\"width\":258,\"height\":258,\"caption\":\"Kugelhahn Lockout S3080 | Master Lock\"},{\"@type\":\"BreadcrumbList\",\"@id\":\"https:\/\/d-identify.be\/de\/produkt\/master-lock-s3080-verstellbarer-kugelhahn-lockout\/#breadcrumb\",\"itemListElement\":[{\"@type\":\"ListItem\",\"position\":1,\"name\":\"Home\",\"item\":\"https:\/\/d-identify.be\/de\/home-2\/\"},{\"@type\":\"ListItem\",\"position\":2,\"name\":\"Shop\",\"item\":\"https:\/\/d-identify.be\/shop-2\/\"},{\"@type\":\"ListItem\",\"position\":3,\"name\":\"Master Lock S3080 \u2013 Verstellbarer Kugelhahn-Lockout\"}]},{\"@type\":\"WebSite\",\"@id\":\"https:\/\/d-identify.be\/de\/#website\",\"url\":\"https:\/\/d-identify.be\/de\/\",\"name\":\"d-identify\",\"description\":\"Industrial identification - Lockout - Tagout - Floor marking\",\"potentialAction\":[{\"@type\":\"SearchAction\",\"target\":{\"@type\":\"EntryPoint\",\"urlTemplate\":\"https:\/\/d-identify.be\/de\/?s={search_term_string}\"},\"query-input\":{\"@type\":\"PropertyValueSpecification\",\"valueRequired\":true,\"valueName\":\"search_term_string\"}}],\"inLanguage\":\"de\"}]}<\/script>\n<!-- \/ Yoast SEO Premium plugin. -->","yoast_head_json":{"title":"Kugelhahn Lockout S3080 | Master Lock","description":"Kugelhahn Lockout S3080 aus leichtem Zenex\u2122 Thermoplast. Verstellbares Design f\u00fcr Kugelh\u00e4hne von 13 bis 51 mm und Schutz vor unbeabsichtigter Bet\u00e4tigung.","robots":{"index":"index","follow":"follow","max-snippet":"max-snippet:-1","max-image-preview":"max-image-preview:large","max-video-preview":"max-video-preview:-1"},"canonical":"https:\/\/d-identify.be\/de\/produkt\/master-lock-s3080-verstellbarer-kugelhahn-lockout\/","og_locale":"de_DE","og_type":"article","og_title":"Master Lock S3080 \u2013 Verstellbarer Kugelhahn-Lockout","og_description":"Kugelhahn Lockout S3080 aus leichtem Zenex\u2122 Thermoplast. Verstellbares Design f\u00fcr Kugelh\u00e4hne von 13 bis 51 mm und Schutz vor unbeabsichtigter Bet\u00e4tigung.","og_url":"https:\/\/d-identify.be\/de\/produkt\/master-lock-s3080-verstellbarer-kugelhahn-lockout\/","og_site_name":"d-identify","article_modified_time":"2026-01-15T19:06:02+00:00","og_image":[{"width":258,"height":258,"url":"https:\/\/d-identify.be\/wp-content\/uploads\/2021\/07\/S3080body.jpg","type":"image\/jpeg"}],"twitter_card":"summary_large_image","twitter_misc":{"Gesch\u00e4tzte Lesezeit":"1\u00a0Minute"},"schema":{"@context":"https:\/\/schema.org","@graph":[{"@type":"WebPage","@id":"https:\/\/d-identify.be\/de\/produkt\/master-lock-s3080-verstellbarer-kugelhahn-lockout\/","url":"https:\/\/d-identify.be\/de\/produkt\/master-lock-s3080-verstellbarer-kugelhahn-lockout\/","name":"Kugelhahn Lockout S3080 | Master Lock","isPartOf":{"@id":"https:\/\/d-identify.be\/de\/#website"},"primaryImageOfPage":{"@id":"https:\/\/d-identify.be\/de\/produkt\/master-lock-s3080-verstellbarer-kugelhahn-lockout\/#primaryimage"},"image":{"@id":"https:\/\/d-identify.be\/de\/produkt\/master-lock-s3080-verstellbarer-kugelhahn-lockout\/#primaryimage"},"thumbnailUrl":"https:\/\/d-identify.be\/wp-content\/uploads\/2021\/07\/S3080body.jpg","datePublished":"2021-07-26T11:41:24+00:00","dateModified":"2026-01-15T19:06:02+00:00","description":"Kugelhahn Lockout S3080 aus leichtem Zenex\u2122 Thermoplast. Verstellbares Design f\u00fcr Kugelh\u00e4hne von 13 bis 51 mm und Schutz vor unbeabsichtigter Bet\u00e4tigung.","breadcrumb":{"@id":"https:\/\/d-identify.be\/de\/produkt\/master-lock-s3080-verstellbarer-kugelhahn-lockout\/#breadcrumb"},"inLanguage":"de","potentialAction":[{"@type":"ReadAction","target":["https:\/\/d-identify.be\/de\/produkt\/master-lock-s3080-verstellbarer-kugelhahn-lockout\/"]}]},{"@type":"ImageObject","inLanguage":"de","@id":"https:\/\/d-identify.be\/de\/produkt\/master-lock-s3080-verstellbarer-kugelhahn-lockout\/#primaryimage","url":"https:\/\/d-identify.be\/wp-content\/uploads\/2021\/07\/S3080body.jpg","contentUrl":"https:\/\/d-identify.be\/wp-content\/uploads\/2021\/07\/S3080body.jpg","width":258,"height":258,"caption":"Kugelhahn Lockout S3080 | Master Lock"},{"@type":"BreadcrumbList","@id":"https:\/\/d-identify.be\/de\/produkt\/master-lock-s3080-verstellbarer-kugelhahn-lockout\/#breadcrumb","itemListElement":[{"@type":"ListItem","position":1,"name":"Home","item":"https:\/\/d-identify.be\/de\/home-2\/"},{"@type":"ListItem","position":2,"name":"Shop","item":"https:\/\/d-identify.be\/shop-2\/"},{"@type":"ListItem","position":3,"name":"Master Lock S3080 \u2013 Verstellbarer Kugelhahn-Lockout"}]},{"@type":"WebSite","@id":"https:\/\/d-identify.be\/de\/#website","url":"https:\/\/d-identify.be\/de\/","name":"d-identify","description":"Industrial identification - Lockout - Tagout - Floor marking","potentialAction":[{"@type":"SearchAction","target":{"@type":"EntryPoint","urlTemplate":"https:\/\/d-identify.be\/de\/?s={search_term_string}"},"query-input":{"@type":"PropertyValueSpecification","valueRequired":true,"valueName":"search_term_string"}}],"inLanguage":"de"}]}},"_links":{"self":[{"href":"https:\/\/d-identify.be\/de\/wp-json\/wp\/v2\/product\/17860","targetHints":{"allow":["GET"]}}],"collection":[{"href":"https:\/\/d-identify.be\/de\/wp-json\/wp\/v2\/product"}],"about":[{"href":"https:\/\/d-identify.be\/de\/wp-json\/wp\/v2\/types\/product"}],"replies":[{"embeddable":true,"href":"https:\/\/d-identify.be\/de\/wp-json\/wp\/v2\/comments?post=17860"}],"wp:featuredmedia":[{"embeddable":true,"href":"https:\/\/d-identify.be\/de\/wp-json\/wp\/v2\/media\/17861"}],"wp:attachment":[{"href":"https:\/\/d-identify.be\/de\/wp-json\/wp\/v2\/media?parent=17860"}],"wp:term":[{"taxonomy":"product_brand","embeddable":true,"href":"https:\/\/d-identify.be\/de\/wp-json\/wp\/v2\/product_brand?post=17860"},{"taxonomy":"product_cat","embeddable":true,"href":"https:\/\/d-identify.be\/de\/wp-json\/wp\/v2\/product_cat?post=17860"},{"taxonomy":"product_tag","embeddable":true,"href":"https:\/\/d-identify.be\/de\/wp-json\/wp\/v2\/product_tag?post=17860"},{"taxonomy":"pa_connextion-shapes","embeddable":true,"href":"https:\/\/d-identify.be\/de\/wp-json\/wp\/v2\/pa_connextion-shapes?post=17860"}],"curies":[{"name":"wp","href":"https:\/\/api.w.org\/{rel}","templated":true}]}}