{"id":17852,"date":"2021-07-26T12:41:24","date_gmt":"2021-07-26T10:41:24","guid":{"rendered":"https:\/\/d-identify.be\/product\/s2394-miniatur-leitungsschutzschalter-sperrvorrichtung-werkzeugfreie-universelle-passform\/"},"modified":"2026-01-08T16:58:33","modified_gmt":"2026-01-08T14:58:33","slug":"master-lock-s2394-universelle-verriegelungsvorrichtung-fuer-miniatur-leitungsschutzschalter","status":"publish","type":"product","link":"https:\/\/d-identify.be\/de\/produkt\/master-lock-s2394-universelle-verriegelungsvorrichtung-fuer-miniatur-leitungsschutzschalter\/","title":{"rendered":"Master Lock S2394 Universelle Verriegelungsvorrichtung f\u00fcr Miniatur-Leitungsschutzschalter"},"content":{"rendered":"<div id=\"product-features\" class=\"d-lg-block collapse show\">\n<div class=\"row flex-column flex-lg-row\">\n<div class=\"col-12 col-md-6 col-lg-4 offset-lg-1 order-2\">\n<div class=\"my-3\">\n<p data-start=\"1205\" data-end=\"1500\">Die <strong data-start=\"1209\" data-end=\"1283\">Verriegelungsvorrichtung f\u00fcr Miniatur-Leitungsschutzschalter No. S2394<\/strong> erm\u00f6glicht eine sichere Verriegelung von ISO\/DIN-Miniatur-Leitungsschutzschaltern, die weltweit eingesetzt werden. Sie verriegelt nahezu alle g\u00e4ngigen Miniatur-Schalter in industriellen und gewerblichen Verteilungen.<\/p>\n<p data-start=\"1502\" data-end=\"1901\">Dank der patentierten Konstruktion befestigen Sie das Ger\u00e4t schnell \u00fcber eine praktische R\u00e4ndelschraube. Die Montage erfolgt ohne Werkzeug. Im verriegelten Zustand blockiert die Vorrichtung den Drehmechanismus und verhindert das Entfernen. Diese <strong data-start=\"1748\" data-end=\"1812\">Verriegelungsvorrichtung f\u00fcr Miniatur-Leitungsschutzschalter<\/strong> erlaubt die Anbringung eines Vorh\u00e4ngeschlosses in horizontaler oder vertikaler Position.<\/p>\n<p data-start=\"1903\" data-end=\"2233\">Das kompakte Design erm\u00f6glicht die Montage mehrerer Ger\u00e4te nebeneinander auf benachbarten Schaltern. Die Vorrichtung ist kompatibel mit Sicherheitsschl\u00f6ssern von <strong data-start=\"2065\" data-end=\"2106\"><span class=\"hover:entity-accent entity-underline inline cursor-pointer align-baseline\"><span class=\"whitespace-normal\">American Lock<\/span><\/span><\/strong> und <strong data-start=\"2111\" data-end=\"2152\"><span class=\"hover:entity-accent entity-underline inline cursor-pointer align-baseline\"><span class=\"whitespace-normal\">Master Lock<\/span><\/span><\/strong> sowie mit den meisten Lockout-Haspen.<br data-start=\"2190\" data-end=\"2193\" \/><em data-start=\"2193\" data-end=\"2233\">ALO80 und ALO802 sind nicht enthalten.<\/em><\/p>\n<\/div>\n<\/div>\n<\/div>\n<\/div>\n","protected":false},"excerpt":{"rendered":"<p data-start=\"2269\" data-end=\"2406\">Universelle Verriegelungsvorrichtung f\u00fcr Miniatur-Leitungsschutzschalter nach ISO\/DIN. Werkzeuglose Montage und flexible Schlossposition.<\/p>\n","protected":false},"featured_media":17853,"comment_status":"open","ping_status":"closed","template":"","meta":{"_acf_changed":false,"_et_pb_use_builder":"","_et_pb_old_content":"","_et_gb_content_width":""},"product_brand":[],"product_cat":[461,479],"product_tag":[935],"pa_connextion-shapes":[],"class_list":{"0":"post-17852","1":"product","2":"type-product","3":"status-publish","4":"has-post-thumbnail","6":"product_cat-lockout-tagout-de","7":"product_cat-electrical-lockout-devices","8":"product_tag-master-lock-de","10":"first","11":"instock","12":"taxable","13":"shipping-taxable","14":"purchasable","15":"product-type-simple"},"exclude_global_add_ons":[],"addons":[],"acf":[],"yoast_head":"<!-- This site is optimized with the Yoast SEO Premium plugin v27.0 (Yoast SEO v27.1) - https:\/\/yoast.com\/product\/yoast-seo-premium-wordpress\/ -->\n<title>Verriegelungsvorrichtung f\u00fcr Miniatur-Leitungsschutzschalter<\/title>\n<meta name=\"description\" content=\"Verriegelungsvorrichtung f\u00fcr Miniatur-Leitungsschutzschalter nach ISO\/DIN. Werkzeuglose Montage und flexible Schlossposition.\" \/>\n<meta name=\"robots\" content=\"index, follow, max-snippet:-1, max-image-preview:large, max-video-preview:-1\" \/>\n<link rel=\"canonical\" href=\"https:\/\/d-identify.be\/de\/produkt\/master-lock-s2394-universelle-verriegelungsvorrichtung-fuer-miniatur-leitungsschutzschalter\/\" \/>\n<meta property=\"og:locale\" content=\"de_DE\" \/>\n<meta property=\"og:type\" content=\"article\" \/>\n<meta property=\"og:title\" content=\"Master Lock S2394 Universelle Verriegelungsvorrichtung f\u00fcr Miniatur-Leitungsschutzschalter\" \/>\n<meta property=\"og:description\" content=\"Verriegelungsvorrichtung f\u00fcr Miniatur-Leitungsschutzschalter nach ISO\/DIN. Werkzeuglose Montage und flexible Schlossposition.\" \/>\n<meta property=\"og:url\" content=\"https:\/\/d-identify.be\/de\/produkt\/master-lock-s2394-universelle-verriegelungsvorrichtung-fuer-miniatur-leitungsschutzschalter\/\" \/>\n<meta property=\"og:site_name\" content=\"d-identify\" \/>\n<meta property=\"article:modified_time\" content=\"2026-01-08T14:58:33+00:00\" \/>\n<meta property=\"og:image\" content=\"https:\/\/d-identify.be\/wp-content\/uploads\/2021\/07\/S2394LR3.jpg\" \/>\n\t<meta property=\"og:image:width\" content=\"228\" \/>\n\t<meta property=\"og:image:height\" content=\"228\" \/>\n\t<meta property=\"og:image:type\" content=\"image\/jpeg\" \/>\n<meta name=\"twitter:card\" content=\"summary_large_image\" \/>\n<meta name=\"twitter:label1\" content=\"Gesch\u00e4tzte Lesezeit\" \/>\n\t<meta name=\"twitter:data1\" content=\"1\u00a0Minute\" \/>\n<script type=\"application\/ld+json\" class=\"yoast-schema-graph\">{\"@context\":\"https:\/\/schema.org\",\"@graph\":[{\"@type\":\"WebPage\",\"@id\":\"https:\/\/d-identify.be\/de\/produkt\/master-lock-s2394-universelle-verriegelungsvorrichtung-fuer-miniatur-leitungsschutzschalter\/\",\"url\":\"https:\/\/d-identify.be\/de\/produkt\/master-lock-s2394-universelle-verriegelungsvorrichtung-fuer-miniatur-leitungsschutzschalter\/\",\"name\":\"Verriegelungsvorrichtung f\u00fcr Miniatur-Leitungsschutzschalter\",\"isPartOf\":{\"@id\":\"https:\/\/d-identify.be\/de\/#website\"},\"primaryImageOfPage\":{\"@id\":\"https:\/\/d-identify.be\/de\/produkt\/master-lock-s2394-universelle-verriegelungsvorrichtung-fuer-miniatur-leitungsschutzschalter\/#primaryimage\"},\"image\":{\"@id\":\"https:\/\/d-identify.be\/de\/produkt\/master-lock-s2394-universelle-verriegelungsvorrichtung-fuer-miniatur-leitungsschutzschalter\/#primaryimage\"},\"thumbnailUrl\":\"https:\/\/d-identify.be\/wp-content\/uploads\/2021\/07\/S2394LR3.jpg\",\"datePublished\":\"2021-07-26T10:41:24+00:00\",\"dateModified\":\"2026-01-08T14:58:33+00:00\",\"description\":\"Verriegelungsvorrichtung f\u00fcr Miniatur-Leitungsschutzschalter nach ISO\/DIN. Werkzeuglose Montage und flexible Schlossposition.\",\"breadcrumb\":{\"@id\":\"https:\/\/d-identify.be\/de\/produkt\/master-lock-s2394-universelle-verriegelungsvorrichtung-fuer-miniatur-leitungsschutzschalter\/#breadcrumb\"},\"inLanguage\":\"de\",\"potentialAction\":[{\"@type\":\"ReadAction\",\"target\":[\"https:\/\/d-identify.be\/de\/produkt\/master-lock-s2394-universelle-verriegelungsvorrichtung-fuer-miniatur-leitungsschutzschalter\/\"]}]},{\"@type\":\"ImageObject\",\"inLanguage\":\"de\",\"@id\":\"https:\/\/d-identify.be\/de\/produkt\/master-lock-s2394-universelle-verriegelungsvorrichtung-fuer-miniatur-leitungsschutzschalter\/#primaryimage\",\"url\":\"https:\/\/d-identify.be\/wp-content\/uploads\/2021\/07\/S2394LR3.jpg\",\"contentUrl\":\"https:\/\/d-identify.be\/wp-content\/uploads\/2021\/07\/S2394LR3.jpg\",\"width\":228,\"height\":228,\"caption\":\"Verriegelungsvorrichtung f\u00fcr Miniatur-Leitungsschutzschalter - Master Lock S2394\"},{\"@type\":\"BreadcrumbList\",\"@id\":\"https:\/\/d-identify.be\/de\/produkt\/master-lock-s2394-universelle-verriegelungsvorrichtung-fuer-miniatur-leitungsschutzschalter\/#breadcrumb\",\"itemListElement\":[{\"@type\":\"ListItem\",\"position\":1,\"name\":\"Home\",\"item\":\"https:\/\/d-identify.be\/de\/home-2\/\"},{\"@type\":\"ListItem\",\"position\":2,\"name\":\"Shop\",\"item\":\"https:\/\/d-identify.be\/shop-2\/\"},{\"@type\":\"ListItem\",\"position\":3,\"name\":\"Master Lock S2394 Universelle Verriegelungsvorrichtung f\u00fcr Miniatur-Leitungsschutzschalter\"}]},{\"@type\":\"WebSite\",\"@id\":\"https:\/\/d-identify.be\/de\/#website\",\"url\":\"https:\/\/d-identify.be\/de\/\",\"name\":\"d-identify\",\"description\":\"Industrial identification - Lockout - Tagout - Floor marking\",\"potentialAction\":[{\"@type\":\"SearchAction\",\"target\":{\"@type\":\"EntryPoint\",\"urlTemplate\":\"https:\/\/d-identify.be\/de\/?s={search_term_string}\"},\"query-input\":{\"@type\":\"PropertyValueSpecification\",\"valueRequired\":true,\"valueName\":\"search_term_string\"}}],\"inLanguage\":\"de\"}]}<\/script>\n<!-- \/ Yoast SEO Premium plugin. -->","yoast_head_json":{"title":"Verriegelungsvorrichtung f\u00fcr Miniatur-Leitungsschutzschalter","description":"Verriegelungsvorrichtung f\u00fcr Miniatur-Leitungsschutzschalter nach ISO\/DIN. Werkzeuglose Montage und flexible Schlossposition.","robots":{"index":"index","follow":"follow","max-snippet":"max-snippet:-1","max-image-preview":"max-image-preview:large","max-video-preview":"max-video-preview:-1"},"canonical":"https:\/\/d-identify.be\/de\/produkt\/master-lock-s2394-universelle-verriegelungsvorrichtung-fuer-miniatur-leitungsschutzschalter\/","og_locale":"de_DE","og_type":"article","og_title":"Master Lock S2394 Universelle Verriegelungsvorrichtung f\u00fcr Miniatur-Leitungsschutzschalter","og_description":"Verriegelungsvorrichtung f\u00fcr Miniatur-Leitungsschutzschalter nach ISO\/DIN. Werkzeuglose Montage und flexible Schlossposition.","og_url":"https:\/\/d-identify.be\/de\/produkt\/master-lock-s2394-universelle-verriegelungsvorrichtung-fuer-miniatur-leitungsschutzschalter\/","og_site_name":"d-identify","article_modified_time":"2026-01-08T14:58:33+00:00","og_image":[{"width":228,"height":228,"url":"https:\/\/d-identify.be\/wp-content\/uploads\/2021\/07\/S2394LR3.jpg","type":"image\/jpeg"}],"twitter_card":"summary_large_image","twitter_misc":{"Gesch\u00e4tzte Lesezeit":"1\u00a0Minute"},"schema":{"@context":"https:\/\/schema.org","@graph":[{"@type":"WebPage","@id":"https:\/\/d-identify.be\/de\/produkt\/master-lock-s2394-universelle-verriegelungsvorrichtung-fuer-miniatur-leitungsschutzschalter\/","url":"https:\/\/d-identify.be\/de\/produkt\/master-lock-s2394-universelle-verriegelungsvorrichtung-fuer-miniatur-leitungsschutzschalter\/","name":"Verriegelungsvorrichtung f\u00fcr Miniatur-Leitungsschutzschalter","isPartOf":{"@id":"https:\/\/d-identify.be\/de\/#website"},"primaryImageOfPage":{"@id":"https:\/\/d-identify.be\/de\/produkt\/master-lock-s2394-universelle-verriegelungsvorrichtung-fuer-miniatur-leitungsschutzschalter\/#primaryimage"},"image":{"@id":"https:\/\/d-identify.be\/de\/produkt\/master-lock-s2394-universelle-verriegelungsvorrichtung-fuer-miniatur-leitungsschutzschalter\/#primaryimage"},"thumbnailUrl":"https:\/\/d-identify.be\/wp-content\/uploads\/2021\/07\/S2394LR3.jpg","datePublished":"2021-07-26T10:41:24+00:00","dateModified":"2026-01-08T14:58:33+00:00","description":"Verriegelungsvorrichtung f\u00fcr Miniatur-Leitungsschutzschalter nach ISO\/DIN. Werkzeuglose Montage und flexible Schlossposition.","breadcrumb":{"@id":"https:\/\/d-identify.be\/de\/produkt\/master-lock-s2394-universelle-verriegelungsvorrichtung-fuer-miniatur-leitungsschutzschalter\/#breadcrumb"},"inLanguage":"de","potentialAction":[{"@type":"ReadAction","target":["https:\/\/d-identify.be\/de\/produkt\/master-lock-s2394-universelle-verriegelungsvorrichtung-fuer-miniatur-leitungsschutzschalter\/"]}]},{"@type":"ImageObject","inLanguage":"de","@id":"https:\/\/d-identify.be\/de\/produkt\/master-lock-s2394-universelle-verriegelungsvorrichtung-fuer-miniatur-leitungsschutzschalter\/#primaryimage","url":"https:\/\/d-identify.be\/wp-content\/uploads\/2021\/07\/S2394LR3.jpg","contentUrl":"https:\/\/d-identify.be\/wp-content\/uploads\/2021\/07\/S2394LR3.jpg","width":228,"height":228,"caption":"Verriegelungsvorrichtung f\u00fcr Miniatur-Leitungsschutzschalter - Master Lock S2394"},{"@type":"BreadcrumbList","@id":"https:\/\/d-identify.be\/de\/produkt\/master-lock-s2394-universelle-verriegelungsvorrichtung-fuer-miniatur-leitungsschutzschalter\/#breadcrumb","itemListElement":[{"@type":"ListItem","position":1,"name":"Home","item":"https:\/\/d-identify.be\/de\/home-2\/"},{"@type":"ListItem","position":2,"name":"Shop","item":"https:\/\/d-identify.be\/shop-2\/"},{"@type":"ListItem","position":3,"name":"Master Lock S2394 Universelle Verriegelungsvorrichtung f\u00fcr Miniatur-Leitungsschutzschalter"}]},{"@type":"WebSite","@id":"https:\/\/d-identify.be\/de\/#website","url":"https:\/\/d-identify.be\/de\/","name":"d-identify","description":"Industrial identification - Lockout - Tagout - Floor marking","potentialAction":[{"@type":"SearchAction","target":{"@type":"EntryPoint","urlTemplate":"https:\/\/d-identify.be\/de\/?s={search_term_string}"},"query-input":{"@type":"PropertyValueSpecification","valueRequired":true,"valueName":"search_term_string"}}],"inLanguage":"de"}]}},"_links":{"self":[{"href":"https:\/\/d-identify.be\/de\/wp-json\/wp\/v2\/product\/17852","targetHints":{"allow":["GET"]}}],"collection":[{"href":"https:\/\/d-identify.be\/de\/wp-json\/wp\/v2\/product"}],"about":[{"href":"https:\/\/d-identify.be\/de\/wp-json\/wp\/v2\/types\/product"}],"replies":[{"embeddable":true,"href":"https:\/\/d-identify.be\/de\/wp-json\/wp\/v2\/comments?post=17852"}],"wp:featuredmedia":[{"embeddable":true,"href":"https:\/\/d-identify.be\/de\/wp-json\/wp\/v2\/media\/17853"}],"wp:attachment":[{"href":"https:\/\/d-identify.be\/de\/wp-json\/wp\/v2\/media?parent=17852"}],"wp:term":[{"taxonomy":"product_brand","embeddable":true,"href":"https:\/\/d-identify.be\/de\/wp-json\/wp\/v2\/product_brand?post=17852"},{"taxonomy":"product_cat","embeddable":true,"href":"https:\/\/d-identify.be\/de\/wp-json\/wp\/v2\/product_cat?post=17852"},{"taxonomy":"product_tag","embeddable":true,"href":"https:\/\/d-identify.be\/de\/wp-json\/wp\/v2\/product_tag?post=17852"},{"taxonomy":"pa_connextion-shapes","embeddable":true,"href":"https:\/\/d-identify.be\/de\/wp-json\/wp\/v2\/pa_connextion-shapes?post=17852"}],"curies":[{"name":"wp","href":"https:\/\/api.w.org\/{rel}","templated":true}]}}