{"id":17722,"date":"2021-07-26T12:41:28","date_gmt":"2021-07-26T11:41:28","guid":{"rendered":"https:\/\/d-identify.be\/product\/s3922-blindflens-vergrendelingsinrichting-klein-middel-groot\/"},"modified":"2026-01-15T20:43:43","modified_gmt":"2026-01-15T18:43:43","slug":"master-lock-s3922-s3923-s3924-blindflansch-lockout","status":"publish","type":"product","link":"https:\/\/d-identify.be\/de\/produkt\/master-lock-s3922-s3923-s3924-blindflansch-lockout\/","title":{"rendered":"Master Lock S3922 \/ S3923 \/ S3924 \u2013 Blindflansch-Lockout"},"content":{"rendered":"<p data-start=\"1069\" data-end=\"1335\">Die Blindflansch-Lockout-Ger\u00e4te Master Lock S3922, S3923 und S3924 wurden als bew\u00e4hrte L\u00f6sung f\u00fcr Wartungsarbeiten an Rohrleitungssystemen entwickelt.<br data-start=\"1219\" data-end=\"1222\" \/>Sie stellen sicher, dass ein eingesetzter Blindflansch w\u00e4hrend der gesamten Arbeit zuverl\u00e4ssig verriegelt bleibt.<\/p>\n<p data-start=\"1337\" data-end=\"1536\">Eine verstellbare Kappe sorgt f\u00fcr einen festen und sicheren Sitz auf dem Blindflansch.<br data-start=\"1423\" data-end=\"1426\" \/>Die Muttern, mit denen der Blindflansch befestigt ist, werden vollst\u00e4ndig abgedeckt und sind nicht zug\u00e4nglich.<\/p>\n<p data-start=\"1538\" data-end=\"1729\">Wartungsarbeiten k\u00f6nnen dadurch mit hoher Sicherheit durchgef\u00fchrt werden.<br data-start=\"1611\" data-end=\"1614\" \/>Der Blindflansch kann erst entfernt werden, wenn alle beteiligten Personen ihre Vorh\u00e4ngeschl\u00f6sser abgenommen haben.<\/p>\n<p data-start=\"1731\" data-end=\"1898\">Vier Verriegelungs\u00f6ffnungen erm\u00f6glichen eine gleichzeitige Gruppenverriegelung.<br data-start=\"1810\" data-end=\"1813\" \/>Dies unterst\u00fctzt klare Lockout-Tagout-Abl\u00e4ufe bei Arbeiten mit mehreren Mitarbeitern.<\/p>\n<p data-start=\"1900\" data-end=\"2051\">Der Blindflansch Lockout tr\u00e4gt zu einer sicheren Rohrleitungsisolierung bei.<br data-start=\"1976\" data-end=\"1979\" \/>Risiken w\u00e4hrend Wartungs- und Servicearbeiten werden deutlich reduziert.<\/p>\n","protected":false},"excerpt":{"rendered":"<p>Der <strong data-start=\"798\" data-end=\"822\">Blindflansch Lockout<\/strong> ist eine physische und sichere L\u00f6sung f\u00fcr Wartungsarbeiten an Rohrleitungen.<br data-start=\"899\" data-end=\"902\" \/>Er verhindert das Entfernen des eingesetzten Blindflansches, solange noch Vorh\u00e4ngeschl\u00f6sser angebracht sind.<\/p>\n","protected":false},"featured_media":17726,"comment_status":"open","ping_status":"closed","template":"","meta":{"_acf_changed":false,"_et_pb_use_builder":"","_et_pb_old_content":"","_et_gb_content_width":""},"product_brand":[],"product_cat":[461,489],"product_tag":[935],"pa_connextion-shapes":[],"class_list":{"0":"post-17722","1":"product","2":"type-product","3":"status-publish","4":"has-post-thumbnail","6":"product_cat-lockout-tagout-de","7":"product_cat-valve-lockout-devices","8":"product_tag-master-lock-de","10":"first","11":"instock","12":"taxable","13":"shipping-taxable","14":"purchasable","15":"product-type-variable","16":"has-default-attributes"},"exclude_global_add_ons":[],"addons":[],"acf":[],"yoast_head":"<!-- This site is optimized with the Yoast SEO Premium plugin v27.0 (Yoast SEO v27.1) - https:\/\/yoast.com\/product\/yoast-seo-premium-wordpress\/ -->\n<title>Blindflansch Lockout | Master Lock<\/title>\n<meta name=\"description\" content=\"Blindflansch Lockout f\u00fcr Wartungsarbeiten an Rohrleitungen. Verstellbare Kappe und sichere Gruppenverriegelung mit mehreren Vorh\u00e4ngeschl\u00f6ssern.\" \/>\n<meta name=\"robots\" content=\"index, follow, max-snippet:-1, max-image-preview:large, max-video-preview:-1\" \/>\n<link rel=\"canonical\" href=\"https:\/\/d-identify.be\/de\/produkt\/master-lock-s3922-s3923-s3924-blindflansch-lockout\/\" \/>\n<meta property=\"og:locale\" content=\"de_DE\" \/>\n<meta property=\"og:type\" content=\"article\" \/>\n<meta property=\"og:title\" content=\"Master Lock S3922 \/ S3923 \/ S3924 \u2013 Blindflansch-Lockout\" \/>\n<meta property=\"og:description\" content=\"Blindflansch Lockout f\u00fcr Wartungsarbeiten an Rohrleitungen. Verstellbare Kappe und sichere Gruppenverriegelung mit mehreren Vorh\u00e4ngeschl\u00f6ssern.\" \/>\n<meta property=\"og:url\" content=\"https:\/\/d-identify.be\/de\/produkt\/master-lock-s3922-s3923-s3924-blindflansch-lockout\/\" \/>\n<meta property=\"og:site_name\" content=\"d-identify\" \/>\n<meta property=\"article:modified_time\" content=\"2026-01-15T18:43:43+00:00\" \/>\n<meta property=\"og:image\" content=\"https:\/\/d-identify.be\/wp-content\/uploads\/2021\/07\/S3922.jpg\" \/>\n\t<meta property=\"og:image:width\" content=\"258\" \/>\n\t<meta property=\"og:image:height\" content=\"258\" \/>\n\t<meta property=\"og:image:type\" content=\"image\/jpeg\" \/>\n<meta name=\"twitter:card\" content=\"summary_large_image\" \/>\n<meta name=\"twitter:label1\" content=\"Gesch\u00e4tzte Lesezeit\" \/>\n\t<meta name=\"twitter:data1\" content=\"1\u00a0Minute\" \/>\n<script type=\"application\/ld+json\" class=\"yoast-schema-graph\">{\"@context\":\"https:\/\/schema.org\",\"@graph\":[{\"@type\":\"WebPage\",\"@id\":\"https:\/\/d-identify.be\/de\/produkt\/master-lock-s3922-s3923-s3924-blindflansch-lockout\/\",\"url\":\"https:\/\/d-identify.be\/de\/produkt\/master-lock-s3922-s3923-s3924-blindflansch-lockout\/\",\"name\":\"Blindflansch Lockout | Master Lock\",\"isPartOf\":{\"@id\":\"https:\/\/d-identify.be\/de\/#website\"},\"primaryImageOfPage\":{\"@id\":\"https:\/\/d-identify.be\/de\/produkt\/master-lock-s3922-s3923-s3924-blindflansch-lockout\/#primaryimage\"},\"image\":{\"@id\":\"https:\/\/d-identify.be\/de\/produkt\/master-lock-s3922-s3923-s3924-blindflansch-lockout\/#primaryimage\"},\"thumbnailUrl\":\"https:\/\/d-identify.be\/wp-content\/uploads\/2021\/07\/S3922.jpg\",\"datePublished\":\"2021-07-26T11:41:28+00:00\",\"dateModified\":\"2026-01-15T18:43:43+00:00\",\"description\":\"Blindflansch Lockout f\u00fcr Wartungsarbeiten an Rohrleitungen. Verstellbare Kappe und sichere Gruppenverriegelung mit mehreren Vorh\u00e4ngeschl\u00f6ssern.\",\"breadcrumb\":{\"@id\":\"https:\/\/d-identify.be\/de\/produkt\/master-lock-s3922-s3923-s3924-blindflansch-lockout\/#breadcrumb\"},\"inLanguage\":\"de\",\"potentialAction\":[{\"@type\":\"ReadAction\",\"target\":[\"https:\/\/d-identify.be\/de\/produkt\/master-lock-s3922-s3923-s3924-blindflansch-lockout\/\"]}]},{\"@type\":\"ImageObject\",\"inLanguage\":\"de\",\"@id\":\"https:\/\/d-identify.be\/de\/produkt\/master-lock-s3922-s3923-s3924-blindflansch-lockout\/#primaryimage\",\"url\":\"https:\/\/d-identify.be\/wp-content\/uploads\/2021\/07\/S3922.jpg\",\"contentUrl\":\"https:\/\/d-identify.be\/wp-content\/uploads\/2021\/07\/S3922.jpg\",\"width\":258,\"height\":258,\"caption\":\"Blindflansch Lockout | Master Lock\"},{\"@type\":\"BreadcrumbList\",\"@id\":\"https:\/\/d-identify.be\/de\/produkt\/master-lock-s3922-s3923-s3924-blindflansch-lockout\/#breadcrumb\",\"itemListElement\":[{\"@type\":\"ListItem\",\"position\":1,\"name\":\"Home\",\"item\":\"https:\/\/d-identify.be\/de\/home-2\/\"},{\"@type\":\"ListItem\",\"position\":2,\"name\":\"Shop\",\"item\":\"https:\/\/d-identify.be\/shop-2\/\"},{\"@type\":\"ListItem\",\"position\":3,\"name\":\"Master Lock S3922 \/ S3923 \/ S3924 \u2013 Blindflansch-Lockout\"}]},{\"@type\":\"WebSite\",\"@id\":\"https:\/\/d-identify.be\/de\/#website\",\"url\":\"https:\/\/d-identify.be\/de\/\",\"name\":\"d-identify\",\"description\":\"Industrial identification - Lockout - Tagout - Floor marking\",\"potentialAction\":[{\"@type\":\"SearchAction\",\"target\":{\"@type\":\"EntryPoint\",\"urlTemplate\":\"https:\/\/d-identify.be\/de\/?s={search_term_string}\"},\"query-input\":{\"@type\":\"PropertyValueSpecification\",\"valueRequired\":true,\"valueName\":\"search_term_string\"}}],\"inLanguage\":\"de\"}]}<\/script>\n<!-- \/ Yoast SEO Premium plugin. -->","yoast_head_json":{"title":"Blindflansch Lockout | Master Lock","description":"Blindflansch Lockout f\u00fcr Wartungsarbeiten an Rohrleitungen. Verstellbare Kappe und sichere Gruppenverriegelung mit mehreren Vorh\u00e4ngeschl\u00f6ssern.","robots":{"index":"index","follow":"follow","max-snippet":"max-snippet:-1","max-image-preview":"max-image-preview:large","max-video-preview":"max-video-preview:-1"},"canonical":"https:\/\/d-identify.be\/de\/produkt\/master-lock-s3922-s3923-s3924-blindflansch-lockout\/","og_locale":"de_DE","og_type":"article","og_title":"Master Lock S3922 \/ S3923 \/ S3924 \u2013 Blindflansch-Lockout","og_description":"Blindflansch Lockout f\u00fcr Wartungsarbeiten an Rohrleitungen. Verstellbare Kappe und sichere Gruppenverriegelung mit mehreren Vorh\u00e4ngeschl\u00f6ssern.","og_url":"https:\/\/d-identify.be\/de\/produkt\/master-lock-s3922-s3923-s3924-blindflansch-lockout\/","og_site_name":"d-identify","article_modified_time":"2026-01-15T18:43:43+00:00","og_image":[{"width":258,"height":258,"url":"https:\/\/d-identify.be\/wp-content\/uploads\/2021\/07\/S3922.jpg","type":"image\/jpeg"}],"twitter_card":"summary_large_image","twitter_misc":{"Gesch\u00e4tzte Lesezeit":"1\u00a0Minute"},"schema":{"@context":"https:\/\/schema.org","@graph":[{"@type":"WebPage","@id":"https:\/\/d-identify.be\/de\/produkt\/master-lock-s3922-s3923-s3924-blindflansch-lockout\/","url":"https:\/\/d-identify.be\/de\/produkt\/master-lock-s3922-s3923-s3924-blindflansch-lockout\/","name":"Blindflansch Lockout | Master Lock","isPartOf":{"@id":"https:\/\/d-identify.be\/de\/#website"},"primaryImageOfPage":{"@id":"https:\/\/d-identify.be\/de\/produkt\/master-lock-s3922-s3923-s3924-blindflansch-lockout\/#primaryimage"},"image":{"@id":"https:\/\/d-identify.be\/de\/produkt\/master-lock-s3922-s3923-s3924-blindflansch-lockout\/#primaryimage"},"thumbnailUrl":"https:\/\/d-identify.be\/wp-content\/uploads\/2021\/07\/S3922.jpg","datePublished":"2021-07-26T11:41:28+00:00","dateModified":"2026-01-15T18:43:43+00:00","description":"Blindflansch Lockout f\u00fcr Wartungsarbeiten an Rohrleitungen. Verstellbare Kappe und sichere Gruppenverriegelung mit mehreren Vorh\u00e4ngeschl\u00f6ssern.","breadcrumb":{"@id":"https:\/\/d-identify.be\/de\/produkt\/master-lock-s3922-s3923-s3924-blindflansch-lockout\/#breadcrumb"},"inLanguage":"de","potentialAction":[{"@type":"ReadAction","target":["https:\/\/d-identify.be\/de\/produkt\/master-lock-s3922-s3923-s3924-blindflansch-lockout\/"]}]},{"@type":"ImageObject","inLanguage":"de","@id":"https:\/\/d-identify.be\/de\/produkt\/master-lock-s3922-s3923-s3924-blindflansch-lockout\/#primaryimage","url":"https:\/\/d-identify.be\/wp-content\/uploads\/2021\/07\/S3922.jpg","contentUrl":"https:\/\/d-identify.be\/wp-content\/uploads\/2021\/07\/S3922.jpg","width":258,"height":258,"caption":"Blindflansch Lockout | Master Lock"},{"@type":"BreadcrumbList","@id":"https:\/\/d-identify.be\/de\/produkt\/master-lock-s3922-s3923-s3924-blindflansch-lockout\/#breadcrumb","itemListElement":[{"@type":"ListItem","position":1,"name":"Home","item":"https:\/\/d-identify.be\/de\/home-2\/"},{"@type":"ListItem","position":2,"name":"Shop","item":"https:\/\/d-identify.be\/shop-2\/"},{"@type":"ListItem","position":3,"name":"Master Lock S3922 \/ S3923 \/ S3924 \u2013 Blindflansch-Lockout"}]},{"@type":"WebSite","@id":"https:\/\/d-identify.be\/de\/#website","url":"https:\/\/d-identify.be\/de\/","name":"d-identify","description":"Industrial identification - Lockout - Tagout - Floor marking","potentialAction":[{"@type":"SearchAction","target":{"@type":"EntryPoint","urlTemplate":"https:\/\/d-identify.be\/de\/?s={search_term_string}"},"query-input":{"@type":"PropertyValueSpecification","valueRequired":true,"valueName":"search_term_string"}}],"inLanguage":"de"}]}},"_links":{"self":[{"href":"https:\/\/d-identify.be\/de\/wp-json\/wp\/v2\/product\/17722","targetHints":{"allow":["GET"]}}],"collection":[{"href":"https:\/\/d-identify.be\/de\/wp-json\/wp\/v2\/product"}],"about":[{"href":"https:\/\/d-identify.be\/de\/wp-json\/wp\/v2\/types\/product"}],"replies":[{"embeddable":true,"href":"https:\/\/d-identify.be\/de\/wp-json\/wp\/v2\/comments?post=17722"}],"wp:featuredmedia":[{"embeddable":true,"href":"https:\/\/d-identify.be\/de\/wp-json\/wp\/v2\/media\/17726"}],"wp:attachment":[{"href":"https:\/\/d-identify.be\/de\/wp-json\/wp\/v2\/media?parent=17722"}],"wp:term":[{"taxonomy":"product_brand","embeddable":true,"href":"https:\/\/d-identify.be\/de\/wp-json\/wp\/v2\/product_brand?post=17722"},{"taxonomy":"product_cat","embeddable":true,"href":"https:\/\/d-identify.be\/de\/wp-json\/wp\/v2\/product_cat?post=17722"},{"taxonomy":"product_tag","embeddable":true,"href":"https:\/\/d-identify.be\/de\/wp-json\/wp\/v2\/product_tag?post=17722"},{"taxonomy":"pa_connextion-shapes","embeddable":true,"href":"https:\/\/d-identify.be\/de\/wp-json\/wp\/v2\/pa_connextion-shapes?post=17722"}],"curies":[{"name":"wp","href":"https:\/\/api.w.org\/{rel}","templated":true}]}}