{"id":17688,"date":"2021-07-26T12:41:28","date_gmt":"2021-07-26T10:41:28","guid":{"rendered":"https:\/\/d-identify.be\/product\/s806-verstellbares-kabel-vorhangeschloss-mit-einer-lange-von-18-m\/"},"modified":"2025-12-24T13:23:14","modified_gmt":"2025-12-24T11:23:14","slug":"s806-verstellbare-kabelverriegelung-master-lock","status":"publish","type":"product","link":"https:\/\/d-identify.be\/de\/produkt\/s806-verstellbare-kabelverriegelung-master-lock\/","title":{"rendered":"S806 Verstellbare Kabelverriegelung Master Lock"},"content":{"rendered":"<div class=\"flex flex-col text-sm pb-25\">\n<article class=\"text-token-text-primary w-full focus:outline-none [--shadow-height:45px] has-data-writing-block:pointer-events-none has-data-writing-block:-mt-(--shadow-height) has-data-writing-block:pt-(--shadow-height) [&amp;:has([data-writing-block])&gt;*]:pointer-events-auto scroll-mt-[calc(var(--header-height)+min(200px,max(70px,20svh)))]\" dir=\"auto\" tabindex=\"-1\" data-turn-id=\"request-WEB:73aa3448-c06f-4385-b844-4cc90d40df12-29\" data-testid=\"conversation-turn-60\" data-scroll-anchor=\"true\" data-turn=\"assistant\">\n<div class=\"text-base my-auto mx-auto pb-10 [--thread-content-margin:--spacing(4)] @w-sm\/main:[--thread-content-margin:--spacing(6)] @w-lg\/main:[--thread-content-margin:--spacing(16)] px-(--thread-content-margin)\">\n<div class=\"[--thread-content-max-width:40rem] @w-lg\/main:[--thread-content-max-width:48rem] mx-auto max-w-(--thread-content-max-width) flex-1 group\/turn-messages focus-visible:outline-hidden relative flex w-full min-w-0 flex-col agent-turn\" tabindex=\"-1\">\n<div class=\"flex max-w-full flex-col grow\">\n<div class=\"min-h-8 text-message relative flex w-full flex-col items-end gap-2 text-start break-words whitespace-normal [.text-message+&amp;]:mt-1\" dir=\"auto\" data-message-author-role=\"assistant\" data-message-id=\"c6ad04d8-a135-436f-a43b-1452c337417c\" data-message-model-slug=\"gpt-5-2\">\n<div class=\"flex w-full flex-col gap-1 empty:hidden first:pt-[1px]\">\n<div class=\"markdown prose dark:prose-invert w-full break-words light markdown-new-styling\">\n<p data-start=\"246\" data-end=\"491\">Die <strong data-start=\"250\" data-end=\"301\">S806 Verstellbare Kabelverriegelung Master Lock<\/strong> ist eine zuverl\u00e4ssige L\u00f6sung f\u00fcr Gruppen- und Mehrpunkt-Lockout-Tagout in industriellen Umgebungen. Sie eignet sich ideal f\u00fcr Wartungs- und Instandhaltungsarbeiten an Maschinen und Anlagen.<\/p>\n<p data-start=\"493\" data-end=\"744\">Das Ger\u00e4t verwendet ein robustes und flexibles mehradriges Stahlkabel. Eine transparente Kunststoffbeschichtung sch\u00fctzt das Kabel im t\u00e4glichen Einsatz. Das Kabel l\u00e4sst sich leicht um Ventile, Handr\u00e4der, Hebel und andere Energieisolationspunkte f\u00fchren.<\/p>\n<p data-start=\"746\" data-end=\"955\">Die S806 Verstellbare Kabelverriegelung Master Lock unterst\u00fctzt sichere und normgerechte Lockout-Tagout-Verfahren. Das flexible Kabel erm\u00f6glicht eine schnelle und einfache Anwendung an verschiedenen Maschinen.<\/p>\n<p data-start=\"957\" data-end=\"1148\">Das Geh\u00e4use besteht aus leichtem <strong data-start=\"990\" data-end=\"1012\">Zenex\u2122-Thermoplast<\/strong>. Es ist widerstandsf\u00e4hig gegen Chemikalien, St\u00f6\u00dfe und Verschlei\u00df. Dadurch eignet sich das Ger\u00e4t auch f\u00fcr raue industrielle Bedingungen.<\/p>\n<p data-start=\"1150\" data-end=\"1432\">Die verstellbare Kabelverriegelung ist in vielen Kabell\u00e4ngen erh\u00e4ltlich. Standardl\u00e4ngen reichen von <strong data-start=\"1250\" data-end=\"1293\">30 cm, 60 cm und 90 cm bis zu 15 Metern<\/strong>. Die L\u00e4ngen sind in <strong data-start=\"1314\" data-end=\"1333\">30-cm-Schritten<\/strong> verf\u00fcgbar. Ben\u00f6tigen Sie eine andere L\u00e4nge, kontaktieren Sie uns f\u00fcr eine ma\u00dfgeschneiderte L\u00f6sung.<\/p>\n<\/div>\n<\/div>\n<\/div>\n<\/div>\n<\/div>\n<\/div>\n<\/article>\n<\/div>\n","protected":false},"excerpt":{"rendered":"<p><strong data-start=\"681\" data-end=\"730\">Master Lock S806 verstellbare Kabel-Verriegelung <\/strong> Bietet eine flexible und sichere L\u00f6sung f\u00fcr Gruppen- und <strong data-start=\"773\" data-end=\"826\">Mehrpunkt-Lockout-Tagout-Anwendungen<\/strong>. Das Ger\u00e4t verf\u00fcgt \u00fcber ein <strong data-start=\"842\" data-end=\"899\">mehradriges Stahlkabel<\/strong> mit t<strong data-start=\"906\" data-end=\"947\">ransparenter Kunststoffbeschichtung<\/strong> und ein leichtes Geh\u00e4use aus Zenex\u2122-Thermoplast, das gegen Chemikalien und raue industrielle Bedingungen best\u00e4ndig ist. Erh\u00e4ltlich mit kundenspezifischen <strong data-start=\"1017\" data-end=\"1068\">Kabell\u00e4ngen von 30 cm bis 15 Metern<\/strong>.<\/p>\n<p>Kundenspezifische Kabell\u00e4ngen sind von 30 cm, 60 cm und 90 cm bis zu 15 Metern erh\u00e4ltlich. Jede L\u00e4nge erh\u00f6ht sich in 30-cm-Schritten. Ben\u00f6tigen Sie eine andere L\u00e4nge? Kontaktieren Sie uns f\u00fcr eine ma\u00dfgeschneiderte L\u00f6sung.<\/p>\n","protected":false},"featured_media":17693,"comment_status":"open","ping_status":"closed","template":"","meta":{"_acf_changed":false,"_et_pb_use_builder":"","_et_pb_old_content":"","_et_gb_content_width":""},"product_brand":[],"product_cat":[461,588],"product_tag":[935],"pa_connextion-shapes":[],"class_list":{"0":"post-17688","1":"product","2":"type-product","3":"status-publish","4":"has-post-thumbnail","6":"product_cat-lockout-tagout-de","7":"product_cat-cable-lockout-devices","8":"product_tag-master-lock-de","10":"first","11":"instock","12":"taxable","13":"shipping-taxable","14":"purchasable","15":"product-type-variable","16":"has-default-attributes"},"exclude_global_add_ons":[],"addons":[],"acf":[],"yoast_head":"<!-- This site is optimized with the Yoast SEO Premium plugin v27.0 (Yoast SEO v27.1) - https:\/\/yoast.com\/product\/yoast-seo-premium-wordpress\/ -->\n<title>S806 Verstellbare Kabelverriegelung Master Lock<\/title>\n<meta name=\"description\" content=\"S806 Verstellbare Kabelverriegelung Master Lock f\u00fcr Gruppen- und Mehrpunktverriegelungen, robustes flexibles Stahlkabel, sicher.\" \/>\n<meta name=\"robots\" content=\"index, follow, max-snippet:-1, max-image-preview:large, max-video-preview:-1\" \/>\n<link rel=\"canonical\" href=\"https:\/\/d-identify.be\/de\/produkt\/s806-verstellbare-kabelverriegelung-master-lock\/\" \/>\n<meta property=\"og:locale\" content=\"de_DE\" \/>\n<meta property=\"og:type\" content=\"article\" \/>\n<meta property=\"og:title\" content=\"S806 Verstellbare Kabelverriegelung Master Lock\" \/>\n<meta property=\"og:description\" content=\"S806 Verstellbare Kabelverriegelung Master Lock f\u00fcr Gruppen- und Mehrpunktverriegelungen, robustes flexibles Stahlkabel, sicher.\" \/>\n<meta property=\"og:url\" content=\"https:\/\/d-identify.be\/de\/produkt\/s806-verstellbare-kabelverriegelung-master-lock\/\" \/>\n<meta property=\"og:site_name\" content=\"d-identify\" \/>\n<meta property=\"article:modified_time\" content=\"2025-12-24T11:23:14+00:00\" \/>\n<meta property=\"og:image\" content=\"https:\/\/d-identify.be\/wp-content\/uploads\/2021\/07\/MLCOM_PRODUCT_S806.jpg\" \/>\n\t<meta property=\"og:image:width\" content=\"248\" \/>\n\t<meta property=\"og:image:height\" content=\"248\" \/>\n\t<meta property=\"og:image:type\" content=\"image\/jpeg\" \/>\n<meta name=\"twitter:card\" content=\"summary_large_image\" \/>\n<meta name=\"twitter:label1\" content=\"Gesch\u00e4tzte Lesezeit\" \/>\n\t<meta name=\"twitter:data1\" content=\"1\u00a0Minute\" \/>\n<script type=\"application\/ld+json\" class=\"yoast-schema-graph\">{\"@context\":\"https:\/\/schema.org\",\"@graph\":[{\"@type\":\"WebPage\",\"@id\":\"https:\/\/d-identify.be\/de\/produkt\/s806-verstellbare-kabelverriegelung-master-lock\/\",\"url\":\"https:\/\/d-identify.be\/de\/produkt\/s806-verstellbare-kabelverriegelung-master-lock\/\",\"name\":\"S806 Verstellbare Kabelverriegelung Master Lock\",\"isPartOf\":{\"@id\":\"https:\/\/d-identify.be\/de\/#website\"},\"primaryImageOfPage\":{\"@id\":\"https:\/\/d-identify.be\/de\/produkt\/s806-verstellbare-kabelverriegelung-master-lock\/#primaryimage\"},\"image\":{\"@id\":\"https:\/\/d-identify.be\/de\/produkt\/s806-verstellbare-kabelverriegelung-master-lock\/#primaryimage\"},\"thumbnailUrl\":\"https:\/\/d-identify.be\/wp-content\/uploads\/2021\/07\/MLCOM_PRODUCT_S806.jpg\",\"datePublished\":\"2021-07-26T10:41:28+00:00\",\"dateModified\":\"2025-12-24T11:23:14+00:00\",\"description\":\"S806 Verstellbare Kabelverriegelung Master Lock f\u00fcr Gruppen- und Mehrpunktverriegelungen, robustes flexibles Stahlkabel, sicher.\",\"breadcrumb\":{\"@id\":\"https:\/\/d-identify.be\/de\/produkt\/s806-verstellbare-kabelverriegelung-master-lock\/#breadcrumb\"},\"inLanguage\":\"de\",\"potentialAction\":[{\"@type\":\"ReadAction\",\"target\":[\"https:\/\/d-identify.be\/de\/produkt\/s806-verstellbare-kabelverriegelung-master-lock\/\"]}]},{\"@type\":\"ImageObject\",\"inLanguage\":\"de\",\"@id\":\"https:\/\/d-identify.be\/de\/produkt\/s806-verstellbare-kabelverriegelung-master-lock\/#primaryimage\",\"url\":\"https:\/\/d-identify.be\/wp-content\/uploads\/2021\/07\/MLCOM_PRODUCT_S806.jpg\",\"contentUrl\":\"https:\/\/d-identify.be\/wp-content\/uploads\/2021\/07\/MLCOM_PRODUCT_S806.jpg\",\"width\":248,\"height\":248,\"caption\":\"Kabel-Verriegelungsger\u00e4te \u2013 Master Lock S806\"},{\"@type\":\"BreadcrumbList\",\"@id\":\"https:\/\/d-identify.be\/de\/produkt\/s806-verstellbare-kabelverriegelung-master-lock\/#breadcrumb\",\"itemListElement\":[{\"@type\":\"ListItem\",\"position\":1,\"name\":\"Home\",\"item\":\"https:\/\/d-identify.be\/de\/home-2\/\"},{\"@type\":\"ListItem\",\"position\":2,\"name\":\"Shop\",\"item\":\"https:\/\/d-identify.be\/shop-2\/\"},{\"@type\":\"ListItem\",\"position\":3,\"name\":\"S806 Verstellbare Kabelverriegelung Master Lock\"}]},{\"@type\":\"WebSite\",\"@id\":\"https:\/\/d-identify.be\/de\/#website\",\"url\":\"https:\/\/d-identify.be\/de\/\",\"name\":\"d-identify\",\"description\":\"Industrial identification - Lockout - Tagout - Floor marking\",\"potentialAction\":[{\"@type\":\"SearchAction\",\"target\":{\"@type\":\"EntryPoint\",\"urlTemplate\":\"https:\/\/d-identify.be\/de\/?s={search_term_string}\"},\"query-input\":{\"@type\":\"PropertyValueSpecification\",\"valueRequired\":true,\"valueName\":\"search_term_string\"}}],\"inLanguage\":\"de\"}]}<\/script>\n<!-- \/ Yoast SEO Premium plugin. -->","yoast_head_json":{"title":"S806 Verstellbare Kabelverriegelung Master Lock","description":"S806 Verstellbare Kabelverriegelung Master Lock f\u00fcr Gruppen- und Mehrpunktverriegelungen, robustes flexibles Stahlkabel, sicher.","robots":{"index":"index","follow":"follow","max-snippet":"max-snippet:-1","max-image-preview":"max-image-preview:large","max-video-preview":"max-video-preview:-1"},"canonical":"https:\/\/d-identify.be\/de\/produkt\/s806-verstellbare-kabelverriegelung-master-lock\/","og_locale":"de_DE","og_type":"article","og_title":"S806 Verstellbare Kabelverriegelung Master Lock","og_description":"S806 Verstellbare Kabelverriegelung Master Lock f\u00fcr Gruppen- und Mehrpunktverriegelungen, robustes flexibles Stahlkabel, sicher.","og_url":"https:\/\/d-identify.be\/de\/produkt\/s806-verstellbare-kabelverriegelung-master-lock\/","og_site_name":"d-identify","article_modified_time":"2025-12-24T11:23:14+00:00","og_image":[{"width":248,"height":248,"url":"https:\/\/d-identify.be\/wp-content\/uploads\/2021\/07\/MLCOM_PRODUCT_S806.jpg","type":"image\/jpeg"}],"twitter_card":"summary_large_image","twitter_misc":{"Gesch\u00e4tzte Lesezeit":"1\u00a0Minute"},"schema":{"@context":"https:\/\/schema.org","@graph":[{"@type":"WebPage","@id":"https:\/\/d-identify.be\/de\/produkt\/s806-verstellbare-kabelverriegelung-master-lock\/","url":"https:\/\/d-identify.be\/de\/produkt\/s806-verstellbare-kabelverriegelung-master-lock\/","name":"S806 Verstellbare Kabelverriegelung Master Lock","isPartOf":{"@id":"https:\/\/d-identify.be\/de\/#website"},"primaryImageOfPage":{"@id":"https:\/\/d-identify.be\/de\/produkt\/s806-verstellbare-kabelverriegelung-master-lock\/#primaryimage"},"image":{"@id":"https:\/\/d-identify.be\/de\/produkt\/s806-verstellbare-kabelverriegelung-master-lock\/#primaryimage"},"thumbnailUrl":"https:\/\/d-identify.be\/wp-content\/uploads\/2021\/07\/MLCOM_PRODUCT_S806.jpg","datePublished":"2021-07-26T10:41:28+00:00","dateModified":"2025-12-24T11:23:14+00:00","description":"S806 Verstellbare Kabelverriegelung Master Lock f\u00fcr Gruppen- und Mehrpunktverriegelungen, robustes flexibles Stahlkabel, sicher.","breadcrumb":{"@id":"https:\/\/d-identify.be\/de\/produkt\/s806-verstellbare-kabelverriegelung-master-lock\/#breadcrumb"},"inLanguage":"de","potentialAction":[{"@type":"ReadAction","target":["https:\/\/d-identify.be\/de\/produkt\/s806-verstellbare-kabelverriegelung-master-lock\/"]}]},{"@type":"ImageObject","inLanguage":"de","@id":"https:\/\/d-identify.be\/de\/produkt\/s806-verstellbare-kabelverriegelung-master-lock\/#primaryimage","url":"https:\/\/d-identify.be\/wp-content\/uploads\/2021\/07\/MLCOM_PRODUCT_S806.jpg","contentUrl":"https:\/\/d-identify.be\/wp-content\/uploads\/2021\/07\/MLCOM_PRODUCT_S806.jpg","width":248,"height":248,"caption":"Kabel-Verriegelungsger\u00e4te \u2013 Master Lock S806"},{"@type":"BreadcrumbList","@id":"https:\/\/d-identify.be\/de\/produkt\/s806-verstellbare-kabelverriegelung-master-lock\/#breadcrumb","itemListElement":[{"@type":"ListItem","position":1,"name":"Home","item":"https:\/\/d-identify.be\/de\/home-2\/"},{"@type":"ListItem","position":2,"name":"Shop","item":"https:\/\/d-identify.be\/shop-2\/"},{"@type":"ListItem","position":3,"name":"S806 Verstellbare Kabelverriegelung Master Lock"}]},{"@type":"WebSite","@id":"https:\/\/d-identify.be\/de\/#website","url":"https:\/\/d-identify.be\/de\/","name":"d-identify","description":"Industrial identification - Lockout - Tagout - Floor marking","potentialAction":[{"@type":"SearchAction","target":{"@type":"EntryPoint","urlTemplate":"https:\/\/d-identify.be\/de\/?s={search_term_string}"},"query-input":{"@type":"PropertyValueSpecification","valueRequired":true,"valueName":"search_term_string"}}],"inLanguage":"de"}]}},"_links":{"self":[{"href":"https:\/\/d-identify.be\/de\/wp-json\/wp\/v2\/product\/17688","targetHints":{"allow":["GET"]}}],"collection":[{"href":"https:\/\/d-identify.be\/de\/wp-json\/wp\/v2\/product"}],"about":[{"href":"https:\/\/d-identify.be\/de\/wp-json\/wp\/v2\/types\/product"}],"replies":[{"embeddable":true,"href":"https:\/\/d-identify.be\/de\/wp-json\/wp\/v2\/comments?post=17688"}],"wp:featuredmedia":[{"embeddable":true,"href":"https:\/\/d-identify.be\/de\/wp-json\/wp\/v2\/media\/17693"}],"wp:attachment":[{"href":"https:\/\/d-identify.be\/de\/wp-json\/wp\/v2\/media?parent=17688"}],"wp:term":[{"taxonomy":"product_brand","embeddable":true,"href":"https:\/\/d-identify.be\/de\/wp-json\/wp\/v2\/product_brand?post=17688"},{"taxonomy":"product_cat","embeddable":true,"href":"https:\/\/d-identify.be\/de\/wp-json\/wp\/v2\/product_cat?post=17688"},{"taxonomy":"product_tag","embeddable":true,"href":"https:\/\/d-identify.be\/de\/wp-json\/wp\/v2\/product_tag?post=17688"},{"taxonomy":"pa_connextion-shapes","embeddable":true,"href":"https:\/\/d-identify.be\/de\/wp-json\/wp\/v2\/pa_connextion-shapes?post=17688"}],"curies":[{"name":"wp","href":"https:\/\/api.w.org\/{rel}","templated":true}]}}