{"id":17648,"date":"2021-07-26T12:41:50","date_gmt":"2021-07-26T10:41:50","guid":{"rendered":"https:\/\/d-identify.be\/product\/stahl-vorhangeschloss-1-1-2-zoll-38-mm-kieferfreiheit\/"},"modified":"2021-07-26T12:41:50","modified_gmt":"2021-07-26T10:41:50","slug":"stahl-vorhangeschloss-1-1-2-zoll-38-mm-kieferfreiheit","status":"publish","type":"product","link":"https:\/\/d-identify.be\/de\/produkt\/stahl-vorhangeschloss-1-1-2-zoll-38-mm-kieferfreiheit\/","title":{"rendered":"Stahl-Vorh\u00e4ngeschloss, 1-1\/2 Zoll (38 mm) Kieferfreiheit"},"content":{"rendered":"","protected":false},"excerpt":{"rendered":"<p>Das Sicherheits-Vorh\u00e4ngeschloss aus Stahl von Master Lock verf\u00fcgt \u00fcber einen Innendurchmesser der Kiefer von 1-1\/2 Zoll (38 mm) oder 1 Zoll (25 mm). Es kann bis zu sechs Vorh\u00e4ngeschl\u00f6sser halten. Ideal f\u00fcr das Sperren durch mehrere Arbeiter an jedem Sperrpunkt h\u00e4lt der Hasp das Ger\u00e4t au\u00dfer Betrieb, w\u00e4hrend Reparaturen oder Anpassungen durchgef\u00fchrt werden.  <\/p>\n","protected":false},"featured_media":17651,"comment_status":"open","ping_status":"closed","template":"","meta":{"_acf_changed":false,"_et_pb_use_builder":"","_et_pb_old_content":"","_et_gb_content_width":""},"product_brand":[],"product_cat":[461,629],"product_tag":[935],"pa_connextion-shapes":[],"class_list":{"0":"post-17648","1":"product","2":"type-product","3":"status-publish","4":"has-post-thumbnail","6":"product_cat-lockout-tagout-de","7":"product_cat-lockout-padlocks","8":"product_tag-master-lock-de","10":"first","11":"instock","12":"taxable","13":"shipping-taxable","14":"purchasable","15":"product-type-variable","16":"has-default-attributes"},"exclude_global_add_ons":[],"addons":[],"acf":[],"yoast_head":"<!-- This site is optimized with the Yoast SEO Premium plugin v27.0 (Yoast SEO v27.1) - https:\/\/yoast.com\/product\/yoast-seo-premium-wordpress\/ -->\n<title>Verriegelungsschliessb\u00fcgel Stahl 420<\/title>\n<meta name=\"description\" content=\"Der Master Lock No. 421 Stahl-Sicherheits-Vorh\u00e4ngeschlossb\u00fcgel verf\u00fcgt \u00fcber einen Innendurchmesser von 1-1\/2 Zoll (38 mm). Er kann bis zu sechs Vorh\u00e4ngeschl\u00f6sser aufnehmen.\" \/>\n<meta name=\"robots\" content=\"index, follow, max-snippet:-1, max-image-preview:large, max-video-preview:-1\" \/>\n<link rel=\"canonical\" href=\"https:\/\/d-identify.be\/de\/produkt\/stahl-vorhangeschloss-1-1-2-zoll-38-mm-kieferfreiheit\/\" \/>\n<meta property=\"og:locale\" content=\"de_DE\" \/>\n<meta property=\"og:type\" content=\"article\" \/>\n<meta property=\"og:title\" content=\"Stahl-Vorh\u00e4ngeschloss, 1-1\/2 Zoll (38 mm) Kieferfreiheit\" \/>\n<meta property=\"og:description\" content=\"Der Master Lock No. 421 Stahl-Sicherheits-Vorh\u00e4ngeschlossb\u00fcgel verf\u00fcgt \u00fcber einen Innendurchmesser von 1-1\/2 Zoll (38 mm). Er kann bis zu sechs Vorh\u00e4ngeschl\u00f6sser aufnehmen.\" \/>\n<meta property=\"og:url\" content=\"https:\/\/d-identify.be\/de\/produkt\/stahl-vorhangeschloss-1-1-2-zoll-38-mm-kieferfreiheit\/\" \/>\n<meta property=\"og:site_name\" content=\"d-identify\" \/>\n<meta property=\"og:image\" content=\"https:\/\/d-identify.be\/wp-content\/uploads\/2021\/07\/MLCOM_PRODUCT_420.jpg\" \/>\n\t<meta property=\"og:image:width\" content=\"277\" \/>\n\t<meta property=\"og:image:height\" content=\"277\" \/>\n\t<meta property=\"og:image:type\" content=\"image\/jpeg\" \/>\n<meta name=\"twitter:card\" content=\"summary_large_image\" \/>\n<script type=\"application\/ld+json\" class=\"yoast-schema-graph\">{\"@context\":\"https:\/\/schema.org\",\"@graph\":[{\"@type\":\"WebPage\",\"@id\":\"https:\/\/d-identify.be\/de\/produkt\/stahl-vorhangeschloss-1-1-2-zoll-38-mm-kieferfreiheit\/\",\"url\":\"https:\/\/d-identify.be\/de\/produkt\/stahl-vorhangeschloss-1-1-2-zoll-38-mm-kieferfreiheit\/\",\"name\":\"Verriegelungsschliessb\u00fcgel Stahl 420\",\"isPartOf\":{\"@id\":\"https:\/\/d-identify.be\/de\/#website\"},\"primaryImageOfPage\":{\"@id\":\"https:\/\/d-identify.be\/de\/produkt\/stahl-vorhangeschloss-1-1-2-zoll-38-mm-kieferfreiheit\/#primaryimage\"},\"image\":{\"@id\":\"https:\/\/d-identify.be\/de\/produkt\/stahl-vorhangeschloss-1-1-2-zoll-38-mm-kieferfreiheit\/#primaryimage\"},\"thumbnailUrl\":\"https:\/\/d-identify.be\/wp-content\/uploads\/2021\/07\/MLCOM_PRODUCT_420.jpg\",\"datePublished\":\"2021-07-26T10:41:50+00:00\",\"description\":\"Der Master Lock No. 421 Stahl-Sicherheits-Vorh\u00e4ngeschlossb\u00fcgel verf\u00fcgt \u00fcber einen Innendurchmesser von 1-1\/2 Zoll (38 mm). Er kann bis zu sechs Vorh\u00e4ngeschl\u00f6sser aufnehmen.\",\"breadcrumb\":{\"@id\":\"https:\/\/d-identify.be\/de\/produkt\/stahl-vorhangeschloss-1-1-2-zoll-38-mm-kieferfreiheit\/#breadcrumb\"},\"inLanguage\":\"de\",\"potentialAction\":[{\"@type\":\"ReadAction\",\"target\":[\"https:\/\/d-identify.be\/de\/produkt\/stahl-vorhangeschloss-1-1-2-zoll-38-mm-kieferfreiheit\/\"]}]},{\"@type\":\"ImageObject\",\"inLanguage\":\"de\",\"@id\":\"https:\/\/d-identify.be\/de\/produkt\/stahl-vorhangeschloss-1-1-2-zoll-38-mm-kieferfreiheit\/#primaryimage\",\"url\":\"https:\/\/d-identify.be\/wp-content\/uploads\/2021\/07\/MLCOM_PRODUCT_420.jpg\",\"contentUrl\":\"https:\/\/d-identify.be\/wp-content\/uploads\/2021\/07\/MLCOM_PRODUCT_420.jpg\",\"width\":277,\"height\":277},{\"@type\":\"BreadcrumbList\",\"@id\":\"https:\/\/d-identify.be\/de\/produkt\/stahl-vorhangeschloss-1-1-2-zoll-38-mm-kieferfreiheit\/#breadcrumb\",\"itemListElement\":[{\"@type\":\"ListItem\",\"position\":1,\"name\":\"Home\",\"item\":\"https:\/\/d-identify.be\/de\/home-2\/\"},{\"@type\":\"ListItem\",\"position\":2,\"name\":\"Shop\",\"item\":\"https:\/\/d-identify.be\/shop-2\/\"},{\"@type\":\"ListItem\",\"position\":3,\"name\":\"Stahl-Vorh\u00e4ngeschloss, 1-1\/2 Zoll (38 mm) Kieferfreiheit\"}]},{\"@type\":\"WebSite\",\"@id\":\"https:\/\/d-identify.be\/de\/#website\",\"url\":\"https:\/\/d-identify.be\/de\/\",\"name\":\"d-identify\",\"description\":\"Industrial identification - Lockout - Tagout - Floor marking\",\"potentialAction\":[{\"@type\":\"SearchAction\",\"target\":{\"@type\":\"EntryPoint\",\"urlTemplate\":\"https:\/\/d-identify.be\/de\/?s={search_term_string}\"},\"query-input\":{\"@type\":\"PropertyValueSpecification\",\"valueRequired\":true,\"valueName\":\"search_term_string\"}}],\"inLanguage\":\"de\"}]}<\/script>\n<!-- \/ Yoast SEO Premium plugin. -->","yoast_head_json":{"title":"Verriegelungsschliessb\u00fcgel Stahl 420","description":"Der Master Lock No. 421 Stahl-Sicherheits-Vorh\u00e4ngeschlossb\u00fcgel verf\u00fcgt \u00fcber einen Innendurchmesser von 1-1\/2 Zoll (38 mm). Er kann bis zu sechs Vorh\u00e4ngeschl\u00f6sser aufnehmen.","robots":{"index":"index","follow":"follow","max-snippet":"max-snippet:-1","max-image-preview":"max-image-preview:large","max-video-preview":"max-video-preview:-1"},"canonical":"https:\/\/d-identify.be\/de\/produkt\/stahl-vorhangeschloss-1-1-2-zoll-38-mm-kieferfreiheit\/","og_locale":"de_DE","og_type":"article","og_title":"Stahl-Vorh\u00e4ngeschloss, 1-1\/2 Zoll (38 mm) Kieferfreiheit","og_description":"Der Master Lock No. 421 Stahl-Sicherheits-Vorh\u00e4ngeschlossb\u00fcgel verf\u00fcgt \u00fcber einen Innendurchmesser von 1-1\/2 Zoll (38 mm). Er kann bis zu sechs Vorh\u00e4ngeschl\u00f6sser aufnehmen.","og_url":"https:\/\/d-identify.be\/de\/produkt\/stahl-vorhangeschloss-1-1-2-zoll-38-mm-kieferfreiheit\/","og_site_name":"d-identify","og_image":[{"width":277,"height":277,"url":"https:\/\/d-identify.be\/wp-content\/uploads\/2021\/07\/MLCOM_PRODUCT_420.jpg","type":"image\/jpeg"}],"twitter_card":"summary_large_image","schema":{"@context":"https:\/\/schema.org","@graph":[{"@type":"WebPage","@id":"https:\/\/d-identify.be\/de\/produkt\/stahl-vorhangeschloss-1-1-2-zoll-38-mm-kieferfreiheit\/","url":"https:\/\/d-identify.be\/de\/produkt\/stahl-vorhangeschloss-1-1-2-zoll-38-mm-kieferfreiheit\/","name":"Verriegelungsschliessb\u00fcgel Stahl 420","isPartOf":{"@id":"https:\/\/d-identify.be\/de\/#website"},"primaryImageOfPage":{"@id":"https:\/\/d-identify.be\/de\/produkt\/stahl-vorhangeschloss-1-1-2-zoll-38-mm-kieferfreiheit\/#primaryimage"},"image":{"@id":"https:\/\/d-identify.be\/de\/produkt\/stahl-vorhangeschloss-1-1-2-zoll-38-mm-kieferfreiheit\/#primaryimage"},"thumbnailUrl":"https:\/\/d-identify.be\/wp-content\/uploads\/2021\/07\/MLCOM_PRODUCT_420.jpg","datePublished":"2021-07-26T10:41:50+00:00","description":"Der Master Lock No. 421 Stahl-Sicherheits-Vorh\u00e4ngeschlossb\u00fcgel verf\u00fcgt \u00fcber einen Innendurchmesser von 1-1\/2 Zoll (38 mm). Er kann bis zu sechs Vorh\u00e4ngeschl\u00f6sser aufnehmen.","breadcrumb":{"@id":"https:\/\/d-identify.be\/de\/produkt\/stahl-vorhangeschloss-1-1-2-zoll-38-mm-kieferfreiheit\/#breadcrumb"},"inLanguage":"de","potentialAction":[{"@type":"ReadAction","target":["https:\/\/d-identify.be\/de\/produkt\/stahl-vorhangeschloss-1-1-2-zoll-38-mm-kieferfreiheit\/"]}]},{"@type":"ImageObject","inLanguage":"de","@id":"https:\/\/d-identify.be\/de\/produkt\/stahl-vorhangeschloss-1-1-2-zoll-38-mm-kieferfreiheit\/#primaryimage","url":"https:\/\/d-identify.be\/wp-content\/uploads\/2021\/07\/MLCOM_PRODUCT_420.jpg","contentUrl":"https:\/\/d-identify.be\/wp-content\/uploads\/2021\/07\/MLCOM_PRODUCT_420.jpg","width":277,"height":277},{"@type":"BreadcrumbList","@id":"https:\/\/d-identify.be\/de\/produkt\/stahl-vorhangeschloss-1-1-2-zoll-38-mm-kieferfreiheit\/#breadcrumb","itemListElement":[{"@type":"ListItem","position":1,"name":"Home","item":"https:\/\/d-identify.be\/de\/home-2\/"},{"@type":"ListItem","position":2,"name":"Shop","item":"https:\/\/d-identify.be\/shop-2\/"},{"@type":"ListItem","position":3,"name":"Stahl-Vorh\u00e4ngeschloss, 1-1\/2 Zoll (38 mm) Kieferfreiheit"}]},{"@type":"WebSite","@id":"https:\/\/d-identify.be\/de\/#website","url":"https:\/\/d-identify.be\/de\/","name":"d-identify","description":"Industrial identification - Lockout - Tagout - Floor marking","potentialAction":[{"@type":"SearchAction","target":{"@type":"EntryPoint","urlTemplate":"https:\/\/d-identify.be\/de\/?s={search_term_string}"},"query-input":{"@type":"PropertyValueSpecification","valueRequired":true,"valueName":"search_term_string"}}],"inLanguage":"de"}]}},"_links":{"self":[{"href":"https:\/\/d-identify.be\/de\/wp-json\/wp\/v2\/product\/17648","targetHints":{"allow":["GET"]}}],"collection":[{"href":"https:\/\/d-identify.be\/de\/wp-json\/wp\/v2\/product"}],"about":[{"href":"https:\/\/d-identify.be\/de\/wp-json\/wp\/v2\/types\/product"}],"replies":[{"embeddable":true,"href":"https:\/\/d-identify.be\/de\/wp-json\/wp\/v2\/comments?post=17648"}],"wp:featuredmedia":[{"embeddable":true,"href":"https:\/\/d-identify.be\/de\/wp-json\/wp\/v2\/media\/17651"}],"wp:attachment":[{"href":"https:\/\/d-identify.be\/de\/wp-json\/wp\/v2\/media?parent=17648"}],"wp:term":[{"taxonomy":"product_brand","embeddable":true,"href":"https:\/\/d-identify.be\/de\/wp-json\/wp\/v2\/product_brand?post=17648"},{"taxonomy":"product_cat","embeddable":true,"href":"https:\/\/d-identify.be\/de\/wp-json\/wp\/v2\/product_cat?post=17648"},{"taxonomy":"product_tag","embeddable":true,"href":"https:\/\/d-identify.be\/de\/wp-json\/wp\/v2\/product_tag?post=17648"},{"taxonomy":"pa_connextion-shapes","embeddable":true,"href":"https:\/\/d-identify.be\/de\/wp-json\/wp\/v2\/pa_connextion-shapes?post=17648"}],"curies":[{"name":"wp","href":"https:\/\/api.w.org\/{rel}","templated":true}]}}