{"id":17457,"date":"2021-09-15T09:27:08","date_gmt":"2021-09-15T07:27:08","guid":{"rendered":"https:\/\/d-identify.be\/product\/abdeckungen-fur-extreme-umgebungen-fur-master-lock-nr-s31-s32-s33-sicherheitsschlosser-beutel-mit-72\/"},"modified":"2026-01-14T11:21:34","modified_gmt":"2026-01-14T09:21:34","slug":"s30covers-vorhaengeschloss-hulle","status":"publish","type":"product","link":"https:\/\/d-identify.be\/de\/produkt\/s30covers-vorhaengeschloss-hulle\/","title":{"rendered":"Master Lock S30COVERS Extreme Environment Schutzh\u00fcllen f\u00fcr Zenex\u2122 Sicherheits-Vorh\u00e4ngeschl\u00f6sser"},"content":{"rendered":"<p data-start=\"1276\" data-end=\"1613\">Die <strong data-start=\"1280\" data-end=\"1315\">S30COVERS Vorh\u00e4ngeschloss H\u00fclle<\/strong> sch\u00fctzt Zenex\u2122 thermoplastische Sicherheits-Vorh\u00e4ngeschl\u00f6sser, die in extremen und rauen Umgebungen eingesetzt werden. Die H\u00fcllen sind f\u00fcr die Sicherheits-Vorh\u00e4ngeschl\u00f6sser <span class=\"hover:entity-accent entity-underline inline cursor-pointer align-baseline\"><span class=\"whitespace-normal\">Master Lock<\/span><\/span> S30, S31 und S32 ausgelegt und tragen zu einer l\u00e4ngeren Lebensdauer der Schl\u00f6sser bei.<\/p>\n<p data-start=\"1615\" data-end=\"1890\">Jede Schutzh\u00fclle verf\u00fcgt \u00fcber eine Abdichtung f\u00fcr den B\u00fcgel sowie eine Abdichtung f\u00fcr das Schl\u00fcsselloch. Dadurch wird das Eindringen von Staub, Schmutz und Ablagerungen reduziert. Das Vorh\u00e4ngeschloss bleibt somit auch unter schwierigen Bedingungen zuverl\u00e4ssig funktionsf\u00e4hig.<\/p>\n<p data-start=\"1892\" data-end=\"2160\">Die Schutzh\u00fcllen bestehen aus robustem TPE (thermoplastischem Elastomer). Dieses Material ist wetterbest\u00e4ndig und bleibt auch bei wechselnden Temperaturen flexibel. Zudem ist das Design vollst\u00e4ndig silikonfrei und eignet sich f\u00fcr empfindliche industrielle Anwendungen.<\/p>\n<p data-start=\"2162\" data-end=\"2385\">Die <strong data-start=\"2166\" data-end=\"2201\">S30COVERS Vorh\u00e4ngeschloss H\u00fclle<\/strong> bietet zus\u00e4tzlichen Schutz f\u00fcr Sicherheits-Vorh\u00e4ngeschl\u00f6sser im Au\u00dfenbereich oder in aggressiven Industrieumgebungen. Sie unterst\u00fctzt saubere und zuverl\u00e4ssige Lockout-Tagout-Prozesse.<\/p>\n","protected":false},"excerpt":{"rendered":"<p data-start=\"931\" data-end=\"1200\">Die Master Lock S30COVERS Extreme Environment Schutzh\u00fcllen wurden f\u00fcr Zenex\u2122 thermoplastische Sicherheits-Vorh\u00e4ngeschl\u00f6sser entwickelt. Sie sind kompatibel mit den Modellen S30, S31 und S32 und sch\u00fctzen vor Staub, Schmutz und Feuchtigkeit in anspruchsvollen Umgebungen.<\/p>\n","protected":false},"featured_media":17458,"comment_status":"open","ping_status":"closed","template":"","meta":{"_acf_changed":false,"_et_pb_use_builder":"","_et_pb_old_content":"","_et_gb_content_width":""},"product_brand":[],"product_cat":[461,629],"product_tag":[935],"pa_connextion-shapes":[],"class_list":{"0":"post-17457","1":"product","2":"type-product","3":"status-publish","4":"has-post-thumbnail","6":"product_cat-lockout-tagout-de","7":"product_cat-lockout-padlocks","8":"product_tag-master-lock-de","10":"first","11":"instock","12":"taxable","13":"shipping-taxable","14":"purchasable","15":"product-type-simple"},"exclude_global_add_ons":[],"addons":[],"acf":[],"yoast_head":"<!-- This site is optimized with the Yoast SEO Premium plugin v27.0 (Yoast SEO v27.1) - https:\/\/yoast.com\/product\/yoast-seo-premium-wordpress\/ -->\n<title>S30COVERS Vorh\u00e4ngeschloss H\u00fclle | Master Lock<\/title>\n<meta name=\"description\" content=\"S30COVERS Vorh\u00e4ngeschloss H\u00fclle f\u00fcr Zenex\u2122 Sicherheits-Vorh\u00e4ngeschl\u00f6sser. Wetterfeste, silikonfreie TPE-Schutzh\u00fclle f\u00fcr Industrieumgebungen.\" \/>\n<meta name=\"robots\" content=\"index, follow, max-snippet:-1, max-image-preview:large, max-video-preview:-1\" \/>\n<link rel=\"canonical\" href=\"https:\/\/d-identify.be\/de\/produkt\/s30covers-vorhaengeschloss-hulle\/\" \/>\n<meta property=\"og:locale\" content=\"de_DE\" \/>\n<meta property=\"og:type\" content=\"article\" \/>\n<meta property=\"og:title\" content=\"Master Lock S30COVERS Extreme Environment Schutzh\u00fcllen f\u00fcr Zenex\u2122 Sicherheits-Vorh\u00e4ngeschl\u00f6sser\" \/>\n<meta property=\"og:description\" content=\"S30COVERS Vorh\u00e4ngeschloss H\u00fclle f\u00fcr Zenex\u2122 Sicherheits-Vorh\u00e4ngeschl\u00f6sser. Wetterfeste, silikonfreie TPE-Schutzh\u00fclle f\u00fcr Industrieumgebungen.\" \/>\n<meta property=\"og:url\" content=\"https:\/\/d-identify.be\/de\/produkt\/s30covers-vorhaengeschloss-hulle\/\" \/>\n<meta property=\"og:site_name\" content=\"d-identify\" \/>\n<meta property=\"article:modified_time\" content=\"2026-01-14T09:21:34+00:00\" \/>\n<meta property=\"og:image\" content=\"https:\/\/d-identify.be\/wp-content\/uploads\/2021\/07\/4314882_S30COVERS_lg_FR.jpg\" \/>\n\t<meta property=\"og:image:width\" content=\"277\" \/>\n\t<meta property=\"og:image:height\" content=\"277\" \/>\n\t<meta property=\"og:image:type\" content=\"image\/jpeg\" \/>\n<meta name=\"twitter:card\" content=\"summary_large_image\" \/>\n<meta name=\"twitter:label1\" content=\"Gesch\u00e4tzte Lesezeit\" \/>\n\t<meta name=\"twitter:data1\" content=\"1\u00a0Minute\" \/>\n<script type=\"application\/ld+json\" class=\"yoast-schema-graph\">{\"@context\":\"https:\/\/schema.org\",\"@graph\":[{\"@type\":\"WebPage\",\"@id\":\"https:\/\/d-identify.be\/de\/produkt\/s30covers-vorhaengeschloss-hulle\/\",\"url\":\"https:\/\/d-identify.be\/de\/produkt\/s30covers-vorhaengeschloss-hulle\/\",\"name\":\"S30COVERS Vorh\u00e4ngeschloss H\u00fclle | Master Lock\",\"isPartOf\":{\"@id\":\"https:\/\/d-identify.be\/de\/#website\"},\"primaryImageOfPage\":{\"@id\":\"https:\/\/d-identify.be\/de\/produkt\/s30covers-vorhaengeschloss-hulle\/#primaryimage\"},\"image\":{\"@id\":\"https:\/\/d-identify.be\/de\/produkt\/s30covers-vorhaengeschloss-hulle\/#primaryimage\"},\"thumbnailUrl\":\"https:\/\/d-identify.be\/wp-content\/uploads\/2021\/07\/4314882_S30COVERS_lg_FR.jpg\",\"datePublished\":\"2021-09-15T07:27:08+00:00\",\"dateModified\":\"2026-01-14T09:21:34+00:00\",\"description\":\"S30COVERS Vorh\u00e4ngeschloss H\u00fclle f\u00fcr Zenex\u2122 Sicherheits-Vorh\u00e4ngeschl\u00f6sser. Wetterfeste, silikonfreie TPE-Schutzh\u00fclle f\u00fcr Industrieumgebungen.\",\"breadcrumb\":{\"@id\":\"https:\/\/d-identify.be\/de\/produkt\/s30covers-vorhaengeschloss-hulle\/#breadcrumb\"},\"inLanguage\":\"de\",\"potentialAction\":[{\"@type\":\"ReadAction\",\"target\":[\"https:\/\/d-identify.be\/de\/produkt\/s30covers-vorhaengeschloss-hulle\/\"]}]},{\"@type\":\"ImageObject\",\"inLanguage\":\"de\",\"@id\":\"https:\/\/d-identify.be\/de\/produkt\/s30covers-vorhaengeschloss-hulle\/#primaryimage\",\"url\":\"https:\/\/d-identify.be\/wp-content\/uploads\/2021\/07\/4314882_S30COVERS_lg_FR.jpg\",\"contentUrl\":\"https:\/\/d-identify.be\/wp-content\/uploads\/2021\/07\/4314882_S30COVERS_lg_FR.jpg\",\"width\":277,\"height\":277,\"caption\":\"S30COVERS H\u00fclle | Master Lock\"},{\"@type\":\"BreadcrumbList\",\"@id\":\"https:\/\/d-identify.be\/de\/produkt\/s30covers-vorhaengeschloss-hulle\/#breadcrumb\",\"itemListElement\":[{\"@type\":\"ListItem\",\"position\":1,\"name\":\"Home\",\"item\":\"https:\/\/d-identify.be\/de\/home-2\/\"},{\"@type\":\"ListItem\",\"position\":2,\"name\":\"Shop\",\"item\":\"https:\/\/d-identify.be\/shop-2\/\"},{\"@type\":\"ListItem\",\"position\":3,\"name\":\"Master Lock S30COVERS Extreme Environment Schutzh\u00fcllen f\u00fcr Zenex\u2122 Sicherheits-Vorh\u00e4ngeschl\u00f6sser\"}]},{\"@type\":\"WebSite\",\"@id\":\"https:\/\/d-identify.be\/de\/#website\",\"url\":\"https:\/\/d-identify.be\/de\/\",\"name\":\"d-identify\",\"description\":\"Industrial identification - Lockout - Tagout - Floor marking\",\"potentialAction\":[{\"@type\":\"SearchAction\",\"target\":{\"@type\":\"EntryPoint\",\"urlTemplate\":\"https:\/\/d-identify.be\/de\/?s={search_term_string}\"},\"query-input\":{\"@type\":\"PropertyValueSpecification\",\"valueRequired\":true,\"valueName\":\"search_term_string\"}}],\"inLanguage\":\"de\"}]}<\/script>\n<!-- \/ Yoast SEO Premium plugin. -->","yoast_head_json":{"title":"S30COVERS Vorh\u00e4ngeschloss H\u00fclle | Master Lock","description":"S30COVERS Vorh\u00e4ngeschloss H\u00fclle f\u00fcr Zenex\u2122 Sicherheits-Vorh\u00e4ngeschl\u00f6sser. Wetterfeste, silikonfreie TPE-Schutzh\u00fclle f\u00fcr Industrieumgebungen.","robots":{"index":"index","follow":"follow","max-snippet":"max-snippet:-1","max-image-preview":"max-image-preview:large","max-video-preview":"max-video-preview:-1"},"canonical":"https:\/\/d-identify.be\/de\/produkt\/s30covers-vorhaengeschloss-hulle\/","og_locale":"de_DE","og_type":"article","og_title":"Master Lock S30COVERS Extreme Environment Schutzh\u00fcllen f\u00fcr Zenex\u2122 Sicherheits-Vorh\u00e4ngeschl\u00f6sser","og_description":"S30COVERS Vorh\u00e4ngeschloss H\u00fclle f\u00fcr Zenex\u2122 Sicherheits-Vorh\u00e4ngeschl\u00f6sser. Wetterfeste, silikonfreie TPE-Schutzh\u00fclle f\u00fcr Industrieumgebungen.","og_url":"https:\/\/d-identify.be\/de\/produkt\/s30covers-vorhaengeschloss-hulle\/","og_site_name":"d-identify","article_modified_time":"2026-01-14T09:21:34+00:00","og_image":[{"width":277,"height":277,"url":"https:\/\/d-identify.be\/wp-content\/uploads\/2021\/07\/4314882_S30COVERS_lg_FR.jpg","type":"image\/jpeg"}],"twitter_card":"summary_large_image","twitter_misc":{"Gesch\u00e4tzte Lesezeit":"1\u00a0Minute"},"schema":{"@context":"https:\/\/schema.org","@graph":[{"@type":"WebPage","@id":"https:\/\/d-identify.be\/de\/produkt\/s30covers-vorhaengeschloss-hulle\/","url":"https:\/\/d-identify.be\/de\/produkt\/s30covers-vorhaengeschloss-hulle\/","name":"S30COVERS Vorh\u00e4ngeschloss H\u00fclle | Master Lock","isPartOf":{"@id":"https:\/\/d-identify.be\/de\/#website"},"primaryImageOfPage":{"@id":"https:\/\/d-identify.be\/de\/produkt\/s30covers-vorhaengeschloss-hulle\/#primaryimage"},"image":{"@id":"https:\/\/d-identify.be\/de\/produkt\/s30covers-vorhaengeschloss-hulle\/#primaryimage"},"thumbnailUrl":"https:\/\/d-identify.be\/wp-content\/uploads\/2021\/07\/4314882_S30COVERS_lg_FR.jpg","datePublished":"2021-09-15T07:27:08+00:00","dateModified":"2026-01-14T09:21:34+00:00","description":"S30COVERS Vorh\u00e4ngeschloss H\u00fclle f\u00fcr Zenex\u2122 Sicherheits-Vorh\u00e4ngeschl\u00f6sser. Wetterfeste, silikonfreie TPE-Schutzh\u00fclle f\u00fcr Industrieumgebungen.","breadcrumb":{"@id":"https:\/\/d-identify.be\/de\/produkt\/s30covers-vorhaengeschloss-hulle\/#breadcrumb"},"inLanguage":"de","potentialAction":[{"@type":"ReadAction","target":["https:\/\/d-identify.be\/de\/produkt\/s30covers-vorhaengeschloss-hulle\/"]}]},{"@type":"ImageObject","inLanguage":"de","@id":"https:\/\/d-identify.be\/de\/produkt\/s30covers-vorhaengeschloss-hulle\/#primaryimage","url":"https:\/\/d-identify.be\/wp-content\/uploads\/2021\/07\/4314882_S30COVERS_lg_FR.jpg","contentUrl":"https:\/\/d-identify.be\/wp-content\/uploads\/2021\/07\/4314882_S30COVERS_lg_FR.jpg","width":277,"height":277,"caption":"S30COVERS H\u00fclle | Master Lock"},{"@type":"BreadcrumbList","@id":"https:\/\/d-identify.be\/de\/produkt\/s30covers-vorhaengeschloss-hulle\/#breadcrumb","itemListElement":[{"@type":"ListItem","position":1,"name":"Home","item":"https:\/\/d-identify.be\/de\/home-2\/"},{"@type":"ListItem","position":2,"name":"Shop","item":"https:\/\/d-identify.be\/shop-2\/"},{"@type":"ListItem","position":3,"name":"Master Lock S30COVERS Extreme Environment Schutzh\u00fcllen f\u00fcr Zenex\u2122 Sicherheits-Vorh\u00e4ngeschl\u00f6sser"}]},{"@type":"WebSite","@id":"https:\/\/d-identify.be\/de\/#website","url":"https:\/\/d-identify.be\/de\/","name":"d-identify","description":"Industrial identification - Lockout - Tagout - Floor marking","potentialAction":[{"@type":"SearchAction","target":{"@type":"EntryPoint","urlTemplate":"https:\/\/d-identify.be\/de\/?s={search_term_string}"},"query-input":{"@type":"PropertyValueSpecification","valueRequired":true,"valueName":"search_term_string"}}],"inLanguage":"de"}]}},"_links":{"self":[{"href":"https:\/\/d-identify.be\/de\/wp-json\/wp\/v2\/product\/17457","targetHints":{"allow":["GET"]}}],"collection":[{"href":"https:\/\/d-identify.be\/de\/wp-json\/wp\/v2\/product"}],"about":[{"href":"https:\/\/d-identify.be\/de\/wp-json\/wp\/v2\/types\/product"}],"replies":[{"embeddable":true,"href":"https:\/\/d-identify.be\/de\/wp-json\/wp\/v2\/comments?post=17457"}],"wp:featuredmedia":[{"embeddable":true,"href":"https:\/\/d-identify.be\/de\/wp-json\/wp\/v2\/media\/17458"}],"wp:attachment":[{"href":"https:\/\/d-identify.be\/de\/wp-json\/wp\/v2\/media?parent=17457"}],"wp:term":[{"taxonomy":"product_brand","embeddable":true,"href":"https:\/\/d-identify.be\/de\/wp-json\/wp\/v2\/product_brand?post=17457"},{"taxonomy":"product_cat","embeddable":true,"href":"https:\/\/d-identify.be\/de\/wp-json\/wp\/v2\/product_cat?post=17457"},{"taxonomy":"product_tag","embeddable":true,"href":"https:\/\/d-identify.be\/de\/wp-json\/wp\/v2\/product_tag?post=17457"},{"taxonomy":"pa_connextion-shapes","embeddable":true,"href":"https:\/\/d-identify.be\/de\/wp-json\/wp\/v2\/pa_connextion-shapes?post=17457"}],"curies":[{"name":"wp","href":"https:\/\/api.w.org\/{rel}","templated":true}]}}