{"id":17410,"date":"2021-09-15T10:07:05","date_gmt":"2021-09-15T08:07:05","guid":{"rendered":"https:\/\/d-identify.be\/product\/zenex-thermoplastisches-sicherheitsschloss-411lt-38-mm-breit-mit-76-mm-bugel\/"},"modified":"2026-01-12T17:00:58","modified_gmt":"2026-01-12T15:00:58","slug":"411lt-sicherheitsschloss","status":"publish","type":"product","link":"https:\/\/d-identify.be\/de\/produkt\/411lt-sicherheitsschloss\/","title":{"rendered":"Master Lock 411LT Zenex\u2122 thermoplastisches Sicherheitsschloss"},"content":{"rendered":"<p data-start=\"1177\" data-end=\"1504\">Das <strong data-start=\"1181\" data-end=\"1209\">411LT Sicherheitsschloss<\/strong> wurde f\u00fcr Lockout-Tagout-Sicherheitsanwendungen entwickelt, bei denen ein l\u00e4ngerer B\u00fcgel erforderlich ist. Es kombiniert ein robustes Zenex\u2122-Thermoplastgeh\u00e4use mit einem langen Metallb\u00fcgel. Dadurch eignet sich das Schloss f\u00fcr verschiedene Verriegelungsvorrichtungen und Gruppen-Lockout-Systeme.<\/p>\n<p data-start=\"1506\" data-end=\"1743\">Das Zenex\u2122-Thermoplastgeh\u00e4use widersteht Chemikalien, Feuchtigkeit und mechanischer Belastung. Es sorgt f\u00fcr zuverl\u00e4ssige Leistung in anspruchsvollen industriellen Umgebungen. Das geringe Gewicht erleichtert zudem die t\u00e4gliche Handhabung.<\/p>\n<p data-start=\"1745\" data-end=\"2011\">Das Sicherheitsschloss arbeitet mit einem schl\u00fcsselr\u00fcckhaltenden Mechanismus. Der Anwender kann den Schl\u00fcssel erst entfernen, wenn das Schloss vollst\u00e4ndig verriegelt ist. Diese Funktion verhindert unbeabsichtigtes Offenlassen und unterst\u00fctzt sichere Lockout-Abl\u00e4ufe.<\/p>\n<p data-start=\"2013\" data-end=\"2246\">Der Sicherheitszylinder folgt dem Prinzip <strong data-start=\"2055\" data-end=\"2104\">\u201eein Mitarbeiter, ein Schloss, ein Schl\u00fcssel\u201c<\/strong>. Jeder Anwender beh\u00e4lt dadurch die pers\u00f6nliche Kontrolle w\u00e4hrend Wartungs- und Servicearbeiten, was Sicherheit und Verantwortlichkeit erh\u00f6ht.<\/p>\n<p data-start=\"2248\" data-end=\"2514\">Das <strong data-start=\"2252\" data-end=\"2280\">411LT Sicherheitsschloss<\/strong> wird mit beschreibbaren, mehrsprachigen Etiketten geliefert. Anwender k\u00f6nnen Namen, Abteilungen oder Aufgaben direkt vor Ort kennzeichnen. Dies verbessert die Identifikation und unterst\u00fctzt die Einhaltung von Lockout-Tagout-Vorgaben.<\/p>\n","protected":false},"excerpt":{"rendered":"<p data-start=\"859\" data-end=\"1113\">Das <strong data-start=\"863\" data-end=\"891\">411LT Sicherheitsschloss<\/strong> ist ein thermoplastisches Sicherheitsschloss mit langem Metallb\u00fcgel f\u00fcr Lockout-Tagout-Anwendungen. Das Zenex\u2122-Geh\u00e4use und der schl\u00fcsselr\u00fcckhaltende Mechanismus unterst\u00fctzen eine sichere und pers\u00f6nliche Energieisolierung.<\/p>\n","protected":false},"featured_media":17425,"comment_status":"open","ping_status":"closed","template":"","meta":{"_acf_changed":false,"_et_pb_use_builder":"","_et_pb_old_content":"","_et_gb_content_width":""},"product_brand":[],"product_cat":[461,629],"product_tag":[935],"pa_connextion-shapes":[],"class_list":{"0":"post-17410","1":"product","2":"type-product","3":"status-publish","4":"has-post-thumbnail","6":"product_cat-lockout-tagout-de","7":"product_cat-lockout-padlocks","8":"product_tag-master-lock-de","10":"first","11":"instock","12":"taxable","13":"shipping-taxable","14":"purchasable","15":"product-type-variable","16":"has-default-attributes"},"exclude_global_add_ons":[],"addons":[],"acf":[],"yoast_head":"<!-- This site is optimized with the Yoast SEO Premium plugin v27.0 (Yoast SEO v27.1) - https:\/\/yoast.com\/product\/yoast-seo-premium-wordpress\/ -->\n<title>411LT Sicherheitsschloss - Master Lock<\/title>\n<meta name=\"description\" content=\"411LT Sicherheitsschloss mit Zenex\u2122 Thermoplast-Geh\u00e4use und langem Metallb\u00fcgel. Ideal f\u00fcr Lockout-Tagout-Anwendungen und pers\u00f6nliche Energieisolierung.\" \/>\n<meta name=\"robots\" content=\"index, follow, max-snippet:-1, max-image-preview:large, max-video-preview:-1\" \/>\n<link rel=\"canonical\" href=\"https:\/\/d-identify.be\/de\/produkt\/411lt-sicherheitsschloss\/\" \/>\n<meta property=\"og:locale\" content=\"de_DE\" \/>\n<meta property=\"og:type\" content=\"article\" \/>\n<meta property=\"og:title\" content=\"Master Lock 411LT Zenex\u2122 thermoplastisches Sicherheitsschloss\" \/>\n<meta property=\"og:description\" content=\"411LT Sicherheitsschloss mit Zenex\u2122 Thermoplast-Geh\u00e4use und langem Metallb\u00fcgel. Ideal f\u00fcr Lockout-Tagout-Anwendungen und pers\u00f6nliche Energieisolierung.\" \/>\n<meta property=\"og:url\" content=\"https:\/\/d-identify.be\/de\/produkt\/411lt-sicherheitsschloss\/\" \/>\n<meta property=\"og:site_name\" content=\"d-identify\" \/>\n<meta property=\"article:modified_time\" content=\"2026-01-12T15:00:58+00:00\" \/>\n<meta property=\"og:image\" content=\"https:\/\/d-identify.be\/wp-content\/uploads\/2021\/09\/411LTPRP.jpg\" \/>\n\t<meta property=\"og:image:width\" content=\"285\" \/>\n\t<meta property=\"og:image:height\" content=\"285\" \/>\n\t<meta property=\"og:image:type\" content=\"image\/jpeg\" \/>\n<meta name=\"twitter:card\" content=\"summary_large_image\" \/>\n<meta name=\"twitter:label1\" content=\"Gesch\u00e4tzte Lesezeit\" \/>\n\t<meta name=\"twitter:data1\" content=\"1\u00a0Minute\" \/>\n<script type=\"application\/ld+json\" class=\"yoast-schema-graph\">{\"@context\":\"https:\/\/schema.org\",\"@graph\":[{\"@type\":\"WebPage\",\"@id\":\"https:\/\/d-identify.be\/de\/produkt\/411lt-sicherheitsschloss\/\",\"url\":\"https:\/\/d-identify.be\/de\/produkt\/411lt-sicherheitsschloss\/\",\"name\":\"411LT Sicherheitsschloss - Master Lock\",\"isPartOf\":{\"@id\":\"https:\/\/d-identify.be\/de\/#website\"},\"primaryImageOfPage\":{\"@id\":\"https:\/\/d-identify.be\/de\/produkt\/411lt-sicherheitsschloss\/#primaryimage\"},\"image\":{\"@id\":\"https:\/\/d-identify.be\/de\/produkt\/411lt-sicherheitsschloss\/#primaryimage\"},\"thumbnailUrl\":\"https:\/\/d-identify.be\/wp-content\/uploads\/2021\/09\/411LTPRP.jpg\",\"datePublished\":\"2021-09-15T08:07:05+00:00\",\"dateModified\":\"2026-01-12T15:00:58+00:00\",\"description\":\"411LT Sicherheitsschloss mit Zenex\u2122 Thermoplast-Geh\u00e4use und langem Metallb\u00fcgel. Ideal f\u00fcr Lockout-Tagout-Anwendungen und pers\u00f6nliche Energieisolierung.\",\"breadcrumb\":{\"@id\":\"https:\/\/d-identify.be\/de\/produkt\/411lt-sicherheitsschloss\/#breadcrumb\"},\"inLanguage\":\"de\",\"potentialAction\":[{\"@type\":\"ReadAction\",\"target\":[\"https:\/\/d-identify.be\/de\/produkt\/411lt-sicherheitsschloss\/\"]}]},{\"@type\":\"ImageObject\",\"inLanguage\":\"de\",\"@id\":\"https:\/\/d-identify.be\/de\/produkt\/411lt-sicherheitsschloss\/#primaryimage\",\"url\":\"https:\/\/d-identify.be\/wp-content\/uploads\/2021\/09\/411LTPRP.jpg\",\"contentUrl\":\"https:\/\/d-identify.be\/wp-content\/uploads\/2021\/09\/411LTPRP.jpg\",\"width\":285,\"height\":285,\"caption\":\"411LT Sicherheitsschloss - Master Lock\"},{\"@type\":\"BreadcrumbList\",\"@id\":\"https:\/\/d-identify.be\/de\/produkt\/411lt-sicherheitsschloss\/#breadcrumb\",\"itemListElement\":[{\"@type\":\"ListItem\",\"position\":1,\"name\":\"Home\",\"item\":\"https:\/\/d-identify.be\/de\/home-2\/\"},{\"@type\":\"ListItem\",\"position\":2,\"name\":\"Shop\",\"item\":\"https:\/\/d-identify.be\/shop-2\/\"},{\"@type\":\"ListItem\",\"position\":3,\"name\":\"Master Lock 411LT Zenex\u2122 thermoplastisches Sicherheitsschloss\"}]},{\"@type\":\"WebSite\",\"@id\":\"https:\/\/d-identify.be\/de\/#website\",\"url\":\"https:\/\/d-identify.be\/de\/\",\"name\":\"d-identify\",\"description\":\"Industrial identification - Lockout - Tagout - Floor marking\",\"potentialAction\":[{\"@type\":\"SearchAction\",\"target\":{\"@type\":\"EntryPoint\",\"urlTemplate\":\"https:\/\/d-identify.be\/de\/?s={search_term_string}\"},\"query-input\":{\"@type\":\"PropertyValueSpecification\",\"valueRequired\":true,\"valueName\":\"search_term_string\"}}],\"inLanguage\":\"de\"}]}<\/script>\n<!-- \/ Yoast SEO Premium plugin. -->","yoast_head_json":{"title":"411LT Sicherheitsschloss - Master Lock","description":"411LT Sicherheitsschloss mit Zenex\u2122 Thermoplast-Geh\u00e4use und langem Metallb\u00fcgel. Ideal f\u00fcr Lockout-Tagout-Anwendungen und pers\u00f6nliche Energieisolierung.","robots":{"index":"index","follow":"follow","max-snippet":"max-snippet:-1","max-image-preview":"max-image-preview:large","max-video-preview":"max-video-preview:-1"},"canonical":"https:\/\/d-identify.be\/de\/produkt\/411lt-sicherheitsschloss\/","og_locale":"de_DE","og_type":"article","og_title":"Master Lock 411LT Zenex\u2122 thermoplastisches Sicherheitsschloss","og_description":"411LT Sicherheitsschloss mit Zenex\u2122 Thermoplast-Geh\u00e4use und langem Metallb\u00fcgel. Ideal f\u00fcr Lockout-Tagout-Anwendungen und pers\u00f6nliche Energieisolierung.","og_url":"https:\/\/d-identify.be\/de\/produkt\/411lt-sicherheitsschloss\/","og_site_name":"d-identify","article_modified_time":"2026-01-12T15:00:58+00:00","og_image":[{"width":285,"height":285,"url":"https:\/\/d-identify.be\/wp-content\/uploads\/2021\/09\/411LTPRP.jpg","type":"image\/jpeg"}],"twitter_card":"summary_large_image","twitter_misc":{"Gesch\u00e4tzte Lesezeit":"1\u00a0Minute"},"schema":{"@context":"https:\/\/schema.org","@graph":[{"@type":"WebPage","@id":"https:\/\/d-identify.be\/de\/produkt\/411lt-sicherheitsschloss\/","url":"https:\/\/d-identify.be\/de\/produkt\/411lt-sicherheitsschloss\/","name":"411LT Sicherheitsschloss - Master Lock","isPartOf":{"@id":"https:\/\/d-identify.be\/de\/#website"},"primaryImageOfPage":{"@id":"https:\/\/d-identify.be\/de\/produkt\/411lt-sicherheitsschloss\/#primaryimage"},"image":{"@id":"https:\/\/d-identify.be\/de\/produkt\/411lt-sicherheitsschloss\/#primaryimage"},"thumbnailUrl":"https:\/\/d-identify.be\/wp-content\/uploads\/2021\/09\/411LTPRP.jpg","datePublished":"2021-09-15T08:07:05+00:00","dateModified":"2026-01-12T15:00:58+00:00","description":"411LT Sicherheitsschloss mit Zenex\u2122 Thermoplast-Geh\u00e4use und langem Metallb\u00fcgel. Ideal f\u00fcr Lockout-Tagout-Anwendungen und pers\u00f6nliche Energieisolierung.","breadcrumb":{"@id":"https:\/\/d-identify.be\/de\/produkt\/411lt-sicherheitsschloss\/#breadcrumb"},"inLanguage":"de","potentialAction":[{"@type":"ReadAction","target":["https:\/\/d-identify.be\/de\/produkt\/411lt-sicherheitsschloss\/"]}]},{"@type":"ImageObject","inLanguage":"de","@id":"https:\/\/d-identify.be\/de\/produkt\/411lt-sicherheitsschloss\/#primaryimage","url":"https:\/\/d-identify.be\/wp-content\/uploads\/2021\/09\/411LTPRP.jpg","contentUrl":"https:\/\/d-identify.be\/wp-content\/uploads\/2021\/09\/411LTPRP.jpg","width":285,"height":285,"caption":"411LT Sicherheitsschloss - Master Lock"},{"@type":"BreadcrumbList","@id":"https:\/\/d-identify.be\/de\/produkt\/411lt-sicherheitsschloss\/#breadcrumb","itemListElement":[{"@type":"ListItem","position":1,"name":"Home","item":"https:\/\/d-identify.be\/de\/home-2\/"},{"@type":"ListItem","position":2,"name":"Shop","item":"https:\/\/d-identify.be\/shop-2\/"},{"@type":"ListItem","position":3,"name":"Master Lock 411LT Zenex\u2122 thermoplastisches Sicherheitsschloss"}]},{"@type":"WebSite","@id":"https:\/\/d-identify.be\/de\/#website","url":"https:\/\/d-identify.be\/de\/","name":"d-identify","description":"Industrial identification - Lockout - Tagout - Floor marking","potentialAction":[{"@type":"SearchAction","target":{"@type":"EntryPoint","urlTemplate":"https:\/\/d-identify.be\/de\/?s={search_term_string}"},"query-input":{"@type":"PropertyValueSpecification","valueRequired":true,"valueName":"search_term_string"}}],"inLanguage":"de"}]}},"_links":{"self":[{"href":"https:\/\/d-identify.be\/de\/wp-json\/wp\/v2\/product\/17410","targetHints":{"allow":["GET"]}}],"collection":[{"href":"https:\/\/d-identify.be\/de\/wp-json\/wp\/v2\/product"}],"about":[{"href":"https:\/\/d-identify.be\/de\/wp-json\/wp\/v2\/types\/product"}],"replies":[{"embeddable":true,"href":"https:\/\/d-identify.be\/de\/wp-json\/wp\/v2\/comments?post=17410"}],"wp:featuredmedia":[{"embeddable":true,"href":"https:\/\/d-identify.be\/de\/wp-json\/wp\/v2\/media\/17425"}],"wp:attachment":[{"href":"https:\/\/d-identify.be\/de\/wp-json\/wp\/v2\/media?parent=17410"}],"wp:term":[{"taxonomy":"product_brand","embeddable":true,"href":"https:\/\/d-identify.be\/de\/wp-json\/wp\/v2\/product_brand?post=17410"},{"taxonomy":"product_cat","embeddable":true,"href":"https:\/\/d-identify.be\/de\/wp-json\/wp\/v2\/product_cat?post=17410"},{"taxonomy":"product_tag","embeddable":true,"href":"https:\/\/d-identify.be\/de\/wp-json\/wp\/v2\/product_tag?post=17410"},{"taxonomy":"pa_connextion-shapes","embeddable":true,"href":"https:\/\/d-identify.be\/de\/wp-json\/wp\/v2\/pa_connextion-shapes?post=17410"}],"curies":[{"name":"wp","href":"https:\/\/api.w.org\/{rel}","templated":true}]}}