{"id":17341,"date":"2024-01-02T15:25:42","date_gmt":"2024-01-02T13:25:42","guid":{"rendered":"https:\/\/d-identify.be\/product\/496b-universale-wandschalterabdeckung\/"},"modified":"2026-01-08T16:14:33","modified_gmt":"2026-01-08T14:14:33","slug":"wandschalter-lockout-abdeckung-master-lock-496b","status":"publish","type":"product","link":"https:\/\/d-identify.be\/de\/produkt\/wandschalter-lockout-abdeckung-master-lock-496b\/","title":{"rendered":"Master Lock 496B Wandschalter Lockout Abdeckung \u2013 Universal"},"content":{"rendered":"<p data-start=\"999\" data-end=\"1189\">Die <strong data-start=\"1003\" data-end=\"1046\">Wandschalter Lockout Abdeckung No. 496B<\/strong> dient zur sicheren Verriegelung elektrischer Wandschalter bei Lockout-Tagout-Arbeiten. Sie ist kompatibel mit <strong data-start=\"1157\" data-end=\"1188\">Kipp- und Decora\u2122-Schaltern<\/strong>.<\/p>\n<p data-start=\"1191\" data-end=\"1399\">Das patentierte Design h\u00e4lt den Schalter zuverl\u00e4ssig in der <strong data-start=\"1251\" data-end=\"1277\">Ein- oder Aus-Position<\/strong>. Die schwenkbare Abdeckung \u00f6ffnet vollst\u00e4ndig und erlaubt den normalen Betrieb, wenn keine Verriegelung erforderlich ist.<\/p>\n<p data-start=\"1401\" data-end=\"1568\">Das Produkt erh\u00f6ht die Sichtbarkeit und unterst\u00fctzt klare Lockout-Tagout-Abl\u00e4ufe. Es enth\u00e4lt <strong data-start=\"1494\" data-end=\"1567\">mehrsprachige Etiketten in Englisch\/Spanisch und Englisch\/Franz\u00f6sisch<\/strong>.<\/p>\n<p data-start=\"1570\" data-end=\"1704\">Diese <strong data-start=\"1576\" data-end=\"1610\">Wandschalter Lockout Abdeckung<\/strong> eignet sich f\u00fcr elektrische Wartung, Geb\u00e4udemanagement und industrielle Sicherheitsprogramme.<\/p>\n","protected":false},"excerpt":{"rendered":"<p data-start=\"1740\" data-end=\"1852\">Universelle Wandschalter Lockout Abdeckung f\u00fcr Kipp- und Decora\u2122-Schalter. Verriegelt in Ein- oder Aus-Position.<\/p>\n","protected":false},"featured_media":17342,"comment_status":"open","ping_status":"closed","template":"","meta":{"_acf_changed":false,"_et_pb_use_builder":"","_et_pb_old_content":"","_et_gb_content_width":""},"product_brand":[],"product_cat":[461,479],"product_tag":[935],"pa_connextion-shapes":[],"class_list":{"0":"post-17341","1":"product","2":"type-product","3":"status-publish","4":"has-post-thumbnail","6":"product_cat-lockout-tagout-de","7":"product_cat-electrical-lockout-devices","8":"product_tag-master-lock-de","10":"first","11":"instock","12":"taxable","13":"shipping-taxable","14":"purchasable","15":"product-type-simple"},"exclude_global_add_ons":[],"addons":[],"acf":[],"yoast_head":"<!-- This site is optimized with the Yoast SEO Premium plugin v27.0 (Yoast SEO v27.1) - https:\/\/yoast.com\/product\/yoast-seo-premium-wordpress\/ -->\n<title>Wandschalter Lockout Abdeckung \u2013 Master Lock 496B Universal<\/title>\n<meta name=\"description\" content=\"Universelle Wandschalter Lockout Abdeckung f\u00fcr Kipp- und Decora\u2122-Schalter. Verriegelt Schalter in Ein- oder Aus-Position.\" \/>\n<meta name=\"robots\" content=\"index, follow, max-snippet:-1, max-image-preview:large, max-video-preview:-1\" \/>\n<link rel=\"canonical\" href=\"https:\/\/d-identify.be\/de\/produkt\/wandschalter-lockout-abdeckung-master-lock-496b\/\" \/>\n<meta property=\"og:locale\" content=\"de_DE\" \/>\n<meta property=\"og:type\" content=\"article\" \/>\n<meta property=\"og:title\" content=\"Master Lock 496B Wandschalter Lockout Abdeckung \u2013 Universal\" \/>\n<meta property=\"og:description\" content=\"Universelle Wandschalter Lockout Abdeckung f\u00fcr Kipp- und Decora\u2122-Schalter. Verriegelt Schalter in Ein- oder Aus-Position.\" \/>\n<meta property=\"og:url\" content=\"https:\/\/d-identify.be\/de\/produkt\/wandschalter-lockout-abdeckung-master-lock-496b\/\" \/>\n<meta property=\"og:site_name\" content=\"d-identify\" \/>\n<meta property=\"article:modified_time\" content=\"2026-01-08T14:14:33+00:00\" \/>\n<meta property=\"og:image\" content=\"https:\/\/d-identify.be\/wp-content\/uploads\/2024\/01\/MLCOM_PRODUCT_496B.jpg\" \/>\n\t<meta property=\"og:image:width\" content=\"285\" \/>\n\t<meta property=\"og:image:height\" content=\"285\" \/>\n\t<meta property=\"og:image:type\" content=\"image\/jpeg\" \/>\n<meta name=\"twitter:card\" content=\"summary_large_image\" \/>\n<meta name=\"twitter:label1\" content=\"Gesch\u00e4tzte Lesezeit\" \/>\n\t<meta name=\"twitter:data1\" content=\"1\u00a0Minute\" \/>\n<script type=\"application\/ld+json\" class=\"yoast-schema-graph\">{\"@context\":\"https:\/\/schema.org\",\"@graph\":[{\"@type\":\"WebPage\",\"@id\":\"https:\/\/d-identify.be\/de\/produkt\/wandschalter-lockout-abdeckung-master-lock-496b\/\",\"url\":\"https:\/\/d-identify.be\/de\/produkt\/wandschalter-lockout-abdeckung-master-lock-496b\/\",\"name\":\"Wandschalter Lockout Abdeckung \u2013 Master Lock 496B Universal\",\"isPartOf\":{\"@id\":\"https:\/\/d-identify.be\/de\/#website\"},\"primaryImageOfPage\":{\"@id\":\"https:\/\/d-identify.be\/de\/produkt\/wandschalter-lockout-abdeckung-master-lock-496b\/#primaryimage\"},\"image\":{\"@id\":\"https:\/\/d-identify.be\/de\/produkt\/wandschalter-lockout-abdeckung-master-lock-496b\/#primaryimage\"},\"thumbnailUrl\":\"https:\/\/d-identify.be\/wp-content\/uploads\/2024\/01\/MLCOM_PRODUCT_496B.jpg\",\"datePublished\":\"2024-01-02T13:25:42+00:00\",\"dateModified\":\"2026-01-08T14:14:33+00:00\",\"description\":\"Universelle Wandschalter Lockout Abdeckung f\u00fcr Kipp- und Decora\u2122-Schalter. Verriegelt Schalter in Ein- oder Aus-Position.\",\"breadcrumb\":{\"@id\":\"https:\/\/d-identify.be\/de\/produkt\/wandschalter-lockout-abdeckung-master-lock-496b\/#breadcrumb\"},\"inLanguage\":\"de\",\"potentialAction\":[{\"@type\":\"ReadAction\",\"target\":[\"https:\/\/d-identify.be\/de\/produkt\/wandschalter-lockout-abdeckung-master-lock-496b\/\"]}]},{\"@type\":\"ImageObject\",\"inLanguage\":\"de\",\"@id\":\"https:\/\/d-identify.be\/de\/produkt\/wandschalter-lockout-abdeckung-master-lock-496b\/#primaryimage\",\"url\":\"https:\/\/d-identify.be\/wp-content\/uploads\/2024\/01\/MLCOM_PRODUCT_496B.jpg\",\"contentUrl\":\"https:\/\/d-identify.be\/wp-content\/uploads\/2024\/01\/MLCOM_PRODUCT_496B.jpg\",\"width\":285,\"height\":285,\"caption\":\"Master Lock 496B \u2013 Wandschalter Lockout Abdeckung\"},{\"@type\":\"BreadcrumbList\",\"@id\":\"https:\/\/d-identify.be\/de\/produkt\/wandschalter-lockout-abdeckung-master-lock-496b\/#breadcrumb\",\"itemListElement\":[{\"@type\":\"ListItem\",\"position\":1,\"name\":\"Home\",\"item\":\"https:\/\/d-identify.be\/de\/home-2\/\"},{\"@type\":\"ListItem\",\"position\":2,\"name\":\"Shop\",\"item\":\"https:\/\/d-identify.be\/shop-2\/\"},{\"@type\":\"ListItem\",\"position\":3,\"name\":\"Master Lock 496B Wandschalter Lockout Abdeckung \u2013 Universal\"}]},{\"@type\":\"WebSite\",\"@id\":\"https:\/\/d-identify.be\/de\/#website\",\"url\":\"https:\/\/d-identify.be\/de\/\",\"name\":\"d-identify\",\"description\":\"Industrial identification - Lockout - Tagout - Floor marking\",\"potentialAction\":[{\"@type\":\"SearchAction\",\"target\":{\"@type\":\"EntryPoint\",\"urlTemplate\":\"https:\/\/d-identify.be\/de\/?s={search_term_string}\"},\"query-input\":{\"@type\":\"PropertyValueSpecification\",\"valueRequired\":true,\"valueName\":\"search_term_string\"}}],\"inLanguage\":\"de\"}]}<\/script>\n<!-- \/ Yoast SEO Premium plugin. -->","yoast_head_json":{"title":"Wandschalter Lockout Abdeckung \u2013 Master Lock 496B Universal","description":"Universelle Wandschalter Lockout Abdeckung f\u00fcr Kipp- und Decora\u2122-Schalter. Verriegelt Schalter in Ein- oder Aus-Position.","robots":{"index":"index","follow":"follow","max-snippet":"max-snippet:-1","max-image-preview":"max-image-preview:large","max-video-preview":"max-video-preview:-1"},"canonical":"https:\/\/d-identify.be\/de\/produkt\/wandschalter-lockout-abdeckung-master-lock-496b\/","og_locale":"de_DE","og_type":"article","og_title":"Master Lock 496B Wandschalter Lockout Abdeckung \u2013 Universal","og_description":"Universelle Wandschalter Lockout Abdeckung f\u00fcr Kipp- und Decora\u2122-Schalter. Verriegelt Schalter in Ein- oder Aus-Position.","og_url":"https:\/\/d-identify.be\/de\/produkt\/wandschalter-lockout-abdeckung-master-lock-496b\/","og_site_name":"d-identify","article_modified_time":"2026-01-08T14:14:33+00:00","og_image":[{"width":285,"height":285,"url":"https:\/\/d-identify.be\/wp-content\/uploads\/2024\/01\/MLCOM_PRODUCT_496B.jpg","type":"image\/jpeg"}],"twitter_card":"summary_large_image","twitter_misc":{"Gesch\u00e4tzte Lesezeit":"1\u00a0Minute"},"schema":{"@context":"https:\/\/schema.org","@graph":[{"@type":"WebPage","@id":"https:\/\/d-identify.be\/de\/produkt\/wandschalter-lockout-abdeckung-master-lock-496b\/","url":"https:\/\/d-identify.be\/de\/produkt\/wandschalter-lockout-abdeckung-master-lock-496b\/","name":"Wandschalter Lockout Abdeckung \u2013 Master Lock 496B Universal","isPartOf":{"@id":"https:\/\/d-identify.be\/de\/#website"},"primaryImageOfPage":{"@id":"https:\/\/d-identify.be\/de\/produkt\/wandschalter-lockout-abdeckung-master-lock-496b\/#primaryimage"},"image":{"@id":"https:\/\/d-identify.be\/de\/produkt\/wandschalter-lockout-abdeckung-master-lock-496b\/#primaryimage"},"thumbnailUrl":"https:\/\/d-identify.be\/wp-content\/uploads\/2024\/01\/MLCOM_PRODUCT_496B.jpg","datePublished":"2024-01-02T13:25:42+00:00","dateModified":"2026-01-08T14:14:33+00:00","description":"Universelle Wandschalter Lockout Abdeckung f\u00fcr Kipp- und Decora\u2122-Schalter. Verriegelt Schalter in Ein- oder Aus-Position.","breadcrumb":{"@id":"https:\/\/d-identify.be\/de\/produkt\/wandschalter-lockout-abdeckung-master-lock-496b\/#breadcrumb"},"inLanguage":"de","potentialAction":[{"@type":"ReadAction","target":["https:\/\/d-identify.be\/de\/produkt\/wandschalter-lockout-abdeckung-master-lock-496b\/"]}]},{"@type":"ImageObject","inLanguage":"de","@id":"https:\/\/d-identify.be\/de\/produkt\/wandschalter-lockout-abdeckung-master-lock-496b\/#primaryimage","url":"https:\/\/d-identify.be\/wp-content\/uploads\/2024\/01\/MLCOM_PRODUCT_496B.jpg","contentUrl":"https:\/\/d-identify.be\/wp-content\/uploads\/2024\/01\/MLCOM_PRODUCT_496B.jpg","width":285,"height":285,"caption":"Master Lock 496B \u2013 Wandschalter Lockout Abdeckung"},{"@type":"BreadcrumbList","@id":"https:\/\/d-identify.be\/de\/produkt\/wandschalter-lockout-abdeckung-master-lock-496b\/#breadcrumb","itemListElement":[{"@type":"ListItem","position":1,"name":"Home","item":"https:\/\/d-identify.be\/de\/home-2\/"},{"@type":"ListItem","position":2,"name":"Shop","item":"https:\/\/d-identify.be\/shop-2\/"},{"@type":"ListItem","position":3,"name":"Master Lock 496B Wandschalter Lockout Abdeckung \u2013 Universal"}]},{"@type":"WebSite","@id":"https:\/\/d-identify.be\/de\/#website","url":"https:\/\/d-identify.be\/de\/","name":"d-identify","description":"Industrial identification - Lockout - Tagout - Floor marking","potentialAction":[{"@type":"SearchAction","target":{"@type":"EntryPoint","urlTemplate":"https:\/\/d-identify.be\/de\/?s={search_term_string}"},"query-input":{"@type":"PropertyValueSpecification","valueRequired":true,"valueName":"search_term_string"}}],"inLanguage":"de"}]}},"_links":{"self":[{"href":"https:\/\/d-identify.be\/de\/wp-json\/wp\/v2\/product\/17341","targetHints":{"allow":["GET"]}}],"collection":[{"href":"https:\/\/d-identify.be\/de\/wp-json\/wp\/v2\/product"}],"about":[{"href":"https:\/\/d-identify.be\/de\/wp-json\/wp\/v2\/types\/product"}],"replies":[{"embeddable":true,"href":"https:\/\/d-identify.be\/de\/wp-json\/wp\/v2\/comments?post=17341"}],"wp:featuredmedia":[{"embeddable":true,"href":"https:\/\/d-identify.be\/de\/wp-json\/wp\/v2\/media\/17342"}],"wp:attachment":[{"href":"https:\/\/d-identify.be\/de\/wp-json\/wp\/v2\/media?parent=17341"}],"wp:term":[{"taxonomy":"product_brand","embeddable":true,"href":"https:\/\/d-identify.be\/de\/wp-json\/wp\/v2\/product_brand?post=17341"},{"taxonomy":"product_cat","embeddable":true,"href":"https:\/\/d-identify.be\/de\/wp-json\/wp\/v2\/product_cat?post=17341"},{"taxonomy":"product_tag","embeddable":true,"href":"https:\/\/d-identify.be\/de\/wp-json\/wp\/v2\/product_tag?post=17341"},{"taxonomy":"pa_connextion-shapes","embeddable":true,"href":"https:\/\/d-identify.be\/de\/wp-json\/wp\/v2\/pa_connextion-shapes?post=17341"}],"curies":[{"name":"wp","href":"https:\/\/api.w.org\/{rel}","templated":true}]}}