{"id":17302,"date":"2024-01-02T16:57:58","date_gmt":"2024-01-02T14:57:58","guid":{"rendered":"https:\/\/d-identify.be\/product\/stahl-vorhangeschlossbugel-1-1-2-zoll-38-mm-oder-1-zoll-25-mm-bugelweite\/"},"modified":"2025-04-06T11:54:30","modified_gmt":"2025-04-06T09:54:30","slug":"stahl-vorhangeschlossbugel-1-1-2-zoll-38-mm-oder-1-zoll-25-mm-bugelweite","status":"publish","type":"product","link":"https:\/\/d-identify.be\/de\/produkt\/stahl-vorhangeschlossbugel-1-1-2-zoll-38-mm-oder-1-zoll-25-mm-bugelweite\/","title":{"rendered":"Stahl-Vorh\u00e4ngeschlossb\u00fcgel, 1-1\/2 Zoll (38 mm) oder 1 Zoll (25 mm) B\u00fcgelweite."},"content":{"rendered":"","protected":false},"excerpt":{"rendered":"<p>Der Stahl-Sicherheits-Vorh\u00e4ngeschlossb\u00fcgel verf\u00fcgt \u00fcber einen Innendurchmesser von 1-1\/2 Zoll (38 mm) oder 1 Zoll (25 mm). Er kann bis zu sechs Vorh\u00e4ngeschl\u00f6sser aufnehmen. Ideal f\u00fcr die Verriegelung durch mehrere Arbeiter an jedem Verriegelungspunkt h\u00e4lt der B\u00fcgel die Ausr\u00fcstung w\u00e4hrend Reparaturen oder Anpassungen au\u00dfer Betrieb.   (10 Hasps pro Box)<\/p>\n","protected":false},"featured_media":49115,"comment_status":"open","ping_status":"closed","template":"","meta":{"_acf_changed":false,"_et_pb_use_builder":"","_et_pb_old_content":"","_et_gb_content_width":""},"product_brand":[],"product_cat":[461,629],"product_tag":[962],"pa_connextion-shapes":[],"class_list":{"0":"post-17302","1":"product","2":"type-product","3":"status-publish","4":"has-post-thumbnail","6":"product_cat-lockout-tagout-de","7":"product_cat-lockout-padlocks","8":"product_tag-d-identify-de","10":"first","11":"instock","12":"sale","13":"taxable","14":"shipping-taxable","15":"purchasable","16":"product-type-variable","17":"has-default-attributes"},"exclude_global_add_ons":[],"addons":[],"acf":[],"yoast_head":"<!-- This site is optimized with the Yoast SEO Premium plugin v27.0 (Yoast SEO v27.1) - https:\/\/yoast.com\/product\/yoast-seo-premium-wordpress\/ -->\n<title>Verriegelungsschliessb\u00fcgel Stahl 420<\/title>\n<meta name=\"description\" content=\"Der Master Lock No. 421 Stahl-Sicherheits-Vorh\u00e4ngeschlossb\u00fcgel verf\u00fcgt \u00fcber einen Innendurchmesser von 1-1\/2 Zoll (38 mm). Er kann bis zu sechs Vorh\u00e4ngeschl\u00f6sser aufnehmen.\" \/>\n<meta name=\"robots\" content=\"index, follow, max-snippet:-1, max-image-preview:large, max-video-preview:-1\" \/>\n<link rel=\"canonical\" href=\"https:\/\/d-identify.be\/de\/produkt\/stahl-vorhangeschlossbugel-1-1-2-zoll-38-mm-oder-1-zoll-25-mm-bugelweite\/\" \/>\n<meta property=\"og:locale\" content=\"de_DE\" \/>\n<meta property=\"og:type\" content=\"article\" \/>\n<meta property=\"og:title\" content=\"Stahl-Vorh\u00e4ngeschlossb\u00fcgel, 1-1\/2 Zoll (38 mm) oder 1 Zoll (25 mm) B\u00fcgelweite.\" \/>\n<meta property=\"og:description\" content=\"Der Master Lock No. 421 Stahl-Sicherheits-Vorh\u00e4ngeschlossb\u00fcgel verf\u00fcgt \u00fcber einen Innendurchmesser von 1-1\/2 Zoll (38 mm). Er kann bis zu sechs Vorh\u00e4ngeschl\u00f6sser aufnehmen.\" \/>\n<meta property=\"og:url\" content=\"https:\/\/d-identify.be\/de\/produkt\/stahl-vorhangeschlossbugel-1-1-2-zoll-38-mm-oder-1-zoll-25-mm-bugelweite\/\" \/>\n<meta property=\"og:site_name\" content=\"d-identify\" \/>\n<meta property=\"article:modified_time\" content=\"2025-04-06T09:54:30+00:00\" \/>\n<meta property=\"og:image\" content=\"https:\/\/d-identify.be\/wp-content\/uploads\/2024\/12\/D-H21-and-H22.png\" \/>\n\t<meta property=\"og:image:width\" content=\"250\" \/>\n\t<meta property=\"og:image:height\" content=\"259\" \/>\n\t<meta property=\"og:image:type\" content=\"image\/png\" \/>\n<meta name=\"twitter:card\" content=\"summary_large_image\" \/>\n<script type=\"application\/ld+json\" class=\"yoast-schema-graph\">{\"@context\":\"https:\/\/schema.org\",\"@graph\":[{\"@type\":\"WebPage\",\"@id\":\"https:\/\/d-identify.be\/de\/produkt\/stahl-vorhangeschlossbugel-1-1-2-zoll-38-mm-oder-1-zoll-25-mm-bugelweite\/\",\"url\":\"https:\/\/d-identify.be\/de\/produkt\/stahl-vorhangeschlossbugel-1-1-2-zoll-38-mm-oder-1-zoll-25-mm-bugelweite\/\",\"name\":\"Verriegelungsschliessb\u00fcgel Stahl 420\",\"isPartOf\":{\"@id\":\"https:\/\/d-identify.be\/de\/#website\"},\"primaryImageOfPage\":{\"@id\":\"https:\/\/d-identify.be\/de\/produkt\/stahl-vorhangeschlossbugel-1-1-2-zoll-38-mm-oder-1-zoll-25-mm-bugelweite\/#primaryimage\"},\"image\":{\"@id\":\"https:\/\/d-identify.be\/de\/produkt\/stahl-vorhangeschlossbugel-1-1-2-zoll-38-mm-oder-1-zoll-25-mm-bugelweite\/#primaryimage\"},\"thumbnailUrl\":\"https:\/\/d-identify.be\/wp-content\/uploads\/2024\/12\/D-H21-and-H22.png\",\"datePublished\":\"2024-01-02T14:57:58+00:00\",\"dateModified\":\"2025-04-06T09:54:30+00:00\",\"description\":\"Der Master Lock No. 421 Stahl-Sicherheits-Vorh\u00e4ngeschlossb\u00fcgel verf\u00fcgt \u00fcber einen Innendurchmesser von 1-1\/2 Zoll (38 mm). Er kann bis zu sechs Vorh\u00e4ngeschl\u00f6sser aufnehmen.\",\"breadcrumb\":{\"@id\":\"https:\/\/d-identify.be\/de\/produkt\/stahl-vorhangeschlossbugel-1-1-2-zoll-38-mm-oder-1-zoll-25-mm-bugelweite\/#breadcrumb\"},\"inLanguage\":\"de\",\"potentialAction\":[{\"@type\":\"ReadAction\",\"target\":[\"https:\/\/d-identify.be\/de\/produkt\/stahl-vorhangeschlossbugel-1-1-2-zoll-38-mm-oder-1-zoll-25-mm-bugelweite\/\"]}]},{\"@type\":\"ImageObject\",\"inLanguage\":\"de\",\"@id\":\"https:\/\/d-identify.be\/de\/produkt\/stahl-vorhangeschlossbugel-1-1-2-zoll-38-mm-oder-1-zoll-25-mm-bugelweite\/#primaryimage\",\"url\":\"https:\/\/d-identify.be\/wp-content\/uploads\/2024\/12\/D-H21-and-H22.png\",\"contentUrl\":\"https:\/\/d-identify.be\/wp-content\/uploads\/2024\/12\/D-H21-and-H22.png\",\"width\":250,\"height\":259,\"caption\":\"Locakout tagout hasp - Economical\"},{\"@type\":\"BreadcrumbList\",\"@id\":\"https:\/\/d-identify.be\/de\/produkt\/stahl-vorhangeschlossbugel-1-1-2-zoll-38-mm-oder-1-zoll-25-mm-bugelweite\/#breadcrumb\",\"itemListElement\":[{\"@type\":\"ListItem\",\"position\":1,\"name\":\"Home\",\"item\":\"https:\/\/d-identify.be\/de\/home-2\/\"},{\"@type\":\"ListItem\",\"position\":2,\"name\":\"Shop\",\"item\":\"https:\/\/d-identify.be\/shop-2\/\"},{\"@type\":\"ListItem\",\"position\":3,\"name\":\"Stahl-Vorh\u00e4ngeschlossb\u00fcgel, 1-1\/2 Zoll (38 mm) oder 1 Zoll (25 mm) B\u00fcgelweite.\"}]},{\"@type\":\"WebSite\",\"@id\":\"https:\/\/d-identify.be\/de\/#website\",\"url\":\"https:\/\/d-identify.be\/de\/\",\"name\":\"d-identify\",\"description\":\"Industrial identification - Lockout - Tagout - Floor marking\",\"potentialAction\":[{\"@type\":\"SearchAction\",\"target\":{\"@type\":\"EntryPoint\",\"urlTemplate\":\"https:\/\/d-identify.be\/de\/?s={search_term_string}\"},\"query-input\":{\"@type\":\"PropertyValueSpecification\",\"valueRequired\":true,\"valueName\":\"search_term_string\"}}],\"inLanguage\":\"de\"}]}<\/script>\n<!-- \/ Yoast SEO Premium plugin. -->","yoast_head_json":{"title":"Verriegelungsschliessb\u00fcgel Stahl 420","description":"Der Master Lock No. 421 Stahl-Sicherheits-Vorh\u00e4ngeschlossb\u00fcgel verf\u00fcgt \u00fcber einen Innendurchmesser von 1-1\/2 Zoll (38 mm). Er kann bis zu sechs Vorh\u00e4ngeschl\u00f6sser aufnehmen.","robots":{"index":"index","follow":"follow","max-snippet":"max-snippet:-1","max-image-preview":"max-image-preview:large","max-video-preview":"max-video-preview:-1"},"canonical":"https:\/\/d-identify.be\/de\/produkt\/stahl-vorhangeschlossbugel-1-1-2-zoll-38-mm-oder-1-zoll-25-mm-bugelweite\/","og_locale":"de_DE","og_type":"article","og_title":"Stahl-Vorh\u00e4ngeschlossb\u00fcgel, 1-1\/2 Zoll (38 mm) oder 1 Zoll (25 mm) B\u00fcgelweite.","og_description":"Der Master Lock No. 421 Stahl-Sicherheits-Vorh\u00e4ngeschlossb\u00fcgel verf\u00fcgt \u00fcber einen Innendurchmesser von 1-1\/2 Zoll (38 mm). Er kann bis zu sechs Vorh\u00e4ngeschl\u00f6sser aufnehmen.","og_url":"https:\/\/d-identify.be\/de\/produkt\/stahl-vorhangeschlossbugel-1-1-2-zoll-38-mm-oder-1-zoll-25-mm-bugelweite\/","og_site_name":"d-identify","article_modified_time":"2025-04-06T09:54:30+00:00","og_image":[{"width":250,"height":259,"url":"https:\/\/d-identify.be\/wp-content\/uploads\/2024\/12\/D-H21-and-H22.png","type":"image\/png"}],"twitter_card":"summary_large_image","schema":{"@context":"https:\/\/schema.org","@graph":[{"@type":"WebPage","@id":"https:\/\/d-identify.be\/de\/produkt\/stahl-vorhangeschlossbugel-1-1-2-zoll-38-mm-oder-1-zoll-25-mm-bugelweite\/","url":"https:\/\/d-identify.be\/de\/produkt\/stahl-vorhangeschlossbugel-1-1-2-zoll-38-mm-oder-1-zoll-25-mm-bugelweite\/","name":"Verriegelungsschliessb\u00fcgel Stahl 420","isPartOf":{"@id":"https:\/\/d-identify.be\/de\/#website"},"primaryImageOfPage":{"@id":"https:\/\/d-identify.be\/de\/produkt\/stahl-vorhangeschlossbugel-1-1-2-zoll-38-mm-oder-1-zoll-25-mm-bugelweite\/#primaryimage"},"image":{"@id":"https:\/\/d-identify.be\/de\/produkt\/stahl-vorhangeschlossbugel-1-1-2-zoll-38-mm-oder-1-zoll-25-mm-bugelweite\/#primaryimage"},"thumbnailUrl":"https:\/\/d-identify.be\/wp-content\/uploads\/2024\/12\/D-H21-and-H22.png","datePublished":"2024-01-02T14:57:58+00:00","dateModified":"2025-04-06T09:54:30+00:00","description":"Der Master Lock No. 421 Stahl-Sicherheits-Vorh\u00e4ngeschlossb\u00fcgel verf\u00fcgt \u00fcber einen Innendurchmesser von 1-1\/2 Zoll (38 mm). Er kann bis zu sechs Vorh\u00e4ngeschl\u00f6sser aufnehmen.","breadcrumb":{"@id":"https:\/\/d-identify.be\/de\/produkt\/stahl-vorhangeschlossbugel-1-1-2-zoll-38-mm-oder-1-zoll-25-mm-bugelweite\/#breadcrumb"},"inLanguage":"de","potentialAction":[{"@type":"ReadAction","target":["https:\/\/d-identify.be\/de\/produkt\/stahl-vorhangeschlossbugel-1-1-2-zoll-38-mm-oder-1-zoll-25-mm-bugelweite\/"]}]},{"@type":"ImageObject","inLanguage":"de","@id":"https:\/\/d-identify.be\/de\/produkt\/stahl-vorhangeschlossbugel-1-1-2-zoll-38-mm-oder-1-zoll-25-mm-bugelweite\/#primaryimage","url":"https:\/\/d-identify.be\/wp-content\/uploads\/2024\/12\/D-H21-and-H22.png","contentUrl":"https:\/\/d-identify.be\/wp-content\/uploads\/2024\/12\/D-H21-and-H22.png","width":250,"height":259,"caption":"Locakout tagout hasp - Economical"},{"@type":"BreadcrumbList","@id":"https:\/\/d-identify.be\/de\/produkt\/stahl-vorhangeschlossbugel-1-1-2-zoll-38-mm-oder-1-zoll-25-mm-bugelweite\/#breadcrumb","itemListElement":[{"@type":"ListItem","position":1,"name":"Home","item":"https:\/\/d-identify.be\/de\/home-2\/"},{"@type":"ListItem","position":2,"name":"Shop","item":"https:\/\/d-identify.be\/shop-2\/"},{"@type":"ListItem","position":3,"name":"Stahl-Vorh\u00e4ngeschlossb\u00fcgel, 1-1\/2 Zoll (38 mm) oder 1 Zoll (25 mm) B\u00fcgelweite."}]},{"@type":"WebSite","@id":"https:\/\/d-identify.be\/de\/#website","url":"https:\/\/d-identify.be\/de\/","name":"d-identify","description":"Industrial identification - Lockout - Tagout - Floor marking","potentialAction":[{"@type":"SearchAction","target":{"@type":"EntryPoint","urlTemplate":"https:\/\/d-identify.be\/de\/?s={search_term_string}"},"query-input":{"@type":"PropertyValueSpecification","valueRequired":true,"valueName":"search_term_string"}}],"inLanguage":"de"}]}},"_links":{"self":[{"href":"https:\/\/d-identify.be\/de\/wp-json\/wp\/v2\/product\/17302","targetHints":{"allow":["GET"]}}],"collection":[{"href":"https:\/\/d-identify.be\/de\/wp-json\/wp\/v2\/product"}],"about":[{"href":"https:\/\/d-identify.be\/de\/wp-json\/wp\/v2\/types\/product"}],"replies":[{"embeddable":true,"href":"https:\/\/d-identify.be\/de\/wp-json\/wp\/v2\/comments?post=17302"}],"wp:featuredmedia":[{"embeddable":true,"href":"https:\/\/d-identify.be\/de\/wp-json\/wp\/v2\/media\/49115"}],"wp:attachment":[{"href":"https:\/\/d-identify.be\/de\/wp-json\/wp\/v2\/media?parent=17302"}],"wp:term":[{"taxonomy":"product_brand","embeddable":true,"href":"https:\/\/d-identify.be\/de\/wp-json\/wp\/v2\/product_brand?post=17302"},{"taxonomy":"product_cat","embeddable":true,"href":"https:\/\/d-identify.be\/de\/wp-json\/wp\/v2\/product_cat?post=17302"},{"taxonomy":"product_tag","embeddable":true,"href":"https:\/\/d-identify.be\/de\/wp-json\/wp\/v2\/product_tag?post=17302"},{"taxonomy":"pa_connextion-shapes","embeddable":true,"href":"https:\/\/d-identify.be\/de\/wp-json\/wp\/v2\/pa_connextion-shapes?post=17302"}],"curies":[{"name":"wp","href":"https:\/\/api.w.org\/{rel}","templated":true}]}}