{"id":17300,"date":"2023-12-22T11:47:48","date_gmt":"2023-12-22T09:47:48","guid":{"rendered":"https:\/\/d-identify.be\/product\/493b-grip-tight-schutzschalter-verriegelung-standard-einzel-und-doppelschalter\/"},"modified":"2026-01-08T16:26:53","modified_gmt":"2026-01-08T14:26:53","slug":"verriegelungsvorrichtung-leitungsschutzschalter-grip-tight-master-lock-493b","status":"publish","type":"product","link":"https:\/\/d-identify.be\/de\/produkt\/verriegelungsvorrichtung-leitungsschutzschalter-grip-tight-master-lock-493b\/","title":{"rendered":"Master Lock 493B Grip Tight\u2122 Verriegelungsvorrichtung f\u00fcr Leitungsschutzschalter"},"content":{"rendered":"<p data-start=\"1159\" data-end=\"1426\">Die <strong data-start=\"1163\" data-end=\"1239\">Verriegelungsvorrichtung f\u00fcr Leitungsschutzschalter No. 493B Grip Tight\u2122<\/strong> erm\u00f6glicht eine schnelle und sichere Verriegelung von Schutzschaltern. Sie passt auf Standard-Hebel und Koppelstangen, wie sie bei <strong data-start=\"1371\" data-end=\"1413\">120V- und 240V-Leitungsschutzschaltern<\/strong> \u00fcblich sind.<\/p>\n<p data-start=\"1428\" data-end=\"1855\">Das patentierte Grip Tight\u2122 Design blockiert den Schalter mit einer einfachen Daumenverstellung. Anschlie\u00dfend schlie\u00dfen Sie den Klemmhebel f\u00fcr einen festen Halt am Hebel. Diese <strong data-start=\"1605\" data-end=\"1660\">Verriegelungsvorrichtung f\u00fcr Leitungsschutzschalter<\/strong> ist kompatibel mit allen Sicherheitsschl\u00f6ssern von <strong data-start=\"1712\" data-end=\"1753\"><span class=\"hover:entity-accent entity-underline inline cursor-pointer align-baseline\"><span class=\"whitespace-normal\">American Lock<\/span><\/span><\/strong> und <strong data-start=\"1758\" data-end=\"1799\"><span class=\"hover:entity-accent entity-underline inline cursor-pointer align-baseline\"><span class=\"whitespace-normal\">Master Lock<\/span><\/span><\/strong>. Zudem funktioniert sie mit den meisten Lockout-Haspen.<\/p>\n<p data-start=\"1857\" data-end=\"1994\">Die robuste Ausf\u00fchrung h\u00e4lt rauen Industrieumgebungen stand. Das kompakte Design erleichtert Transport, Lagerung und den Einsatz vor Ort.<\/p>\n","protected":false},"excerpt":{"rendered":"<p>Verriegelungsvorrichtung f\u00fcr Leitungsschutzschalter mit Grip Tight\u2122 Design. Geeignet f\u00fcr 120V- und 240V-Schalter. Schnelle Verriegelung.<\/p>\n","protected":false},"featured_media":17301,"comment_status":"open","ping_status":"closed","template":"","meta":{"_acf_changed":false,"_et_pb_use_builder":"","_et_pb_old_content":"","_et_gb_content_width":""},"product_brand":[],"product_cat":[461,479],"product_tag":[935],"pa_connextion-shapes":[],"class_list":{"0":"post-17300","1":"product","2":"type-product","3":"status-publish","4":"has-post-thumbnail","6":"product_cat-lockout-tagout-de","7":"product_cat-electrical-lockout-devices","8":"product_tag-master-lock-de","10":"first","11":"instock","12":"taxable","13":"shipping-taxable","14":"purchasable","15":"product-type-simple"},"exclude_global_add_ons":[],"addons":[],"acf":[],"yoast_head":"<!-- This site is optimized with the Yoast SEO Premium plugin v27.0 (Yoast SEO v27.1) - https:\/\/yoast.com\/product\/yoast-seo-premium-wordpress\/ -->\n<title>Verriegelungsvorrichtung f\u00fcr Leitungsschutzschalter \u2013 Master Lock<\/title>\n<meta name=\"description\" content=\"Verriegelungsvorrichtung f\u00fcr Leitungsschutzschalter f\u00fcr 120V und 240V. Grip Tight\u2122 Design sorgt f\u00fcr schnellen und festen Halt.\" \/>\n<meta name=\"robots\" content=\"index, follow, max-snippet:-1, max-image-preview:large, max-video-preview:-1\" \/>\n<link rel=\"canonical\" href=\"https:\/\/d-identify.be\/de\/produkt\/verriegelungsvorrichtung-leitungsschutzschalter-grip-tight-master-lock-493b\/\" \/>\n<meta property=\"og:locale\" content=\"de_DE\" \/>\n<meta property=\"og:type\" content=\"article\" \/>\n<meta property=\"og:title\" content=\"Master Lock 493B Grip Tight\u2122 Verriegelungsvorrichtung f\u00fcr Leitungsschutzschalter\" \/>\n<meta property=\"og:description\" content=\"Verriegelungsvorrichtung f\u00fcr Leitungsschutzschalter f\u00fcr 120V und 240V. Grip Tight\u2122 Design sorgt f\u00fcr schnellen und festen Halt.\" \/>\n<meta property=\"og:url\" content=\"https:\/\/d-identify.be\/de\/produkt\/verriegelungsvorrichtung-leitungsschutzschalter-grip-tight-master-lock-493b\/\" \/>\n<meta property=\"og:site_name\" content=\"d-identify\" \/>\n<meta property=\"article:modified_time\" content=\"2026-01-08T14:26:53+00:00\" \/>\n<meta property=\"og:image\" content=\"https:\/\/d-identify.be\/wp-content\/uploads\/2023\/12\/MLCOM_PRODUCT_493B.jpg\" \/>\n\t<meta property=\"og:image:width\" content=\"285\" \/>\n\t<meta property=\"og:image:height\" content=\"285\" \/>\n\t<meta property=\"og:image:type\" content=\"image\/jpeg\" \/>\n<meta name=\"twitter:card\" content=\"summary_large_image\" \/>\n<meta name=\"twitter:label1\" content=\"Gesch\u00e4tzte Lesezeit\" \/>\n\t<meta name=\"twitter:data1\" content=\"1\u00a0Minute\" \/>\n<script type=\"application\/ld+json\" class=\"yoast-schema-graph\">{\"@context\":\"https:\/\/schema.org\",\"@graph\":[{\"@type\":\"WebPage\",\"@id\":\"https:\/\/d-identify.be\/de\/produkt\/verriegelungsvorrichtung-leitungsschutzschalter-grip-tight-master-lock-493b\/\",\"url\":\"https:\/\/d-identify.be\/de\/produkt\/verriegelungsvorrichtung-leitungsschutzschalter-grip-tight-master-lock-493b\/\",\"name\":\"Verriegelungsvorrichtung f\u00fcr Leitungsschutzschalter \u2013 Master Lock\",\"isPartOf\":{\"@id\":\"https:\/\/d-identify.be\/de\/#website\"},\"primaryImageOfPage\":{\"@id\":\"https:\/\/d-identify.be\/de\/produkt\/verriegelungsvorrichtung-leitungsschutzschalter-grip-tight-master-lock-493b\/#primaryimage\"},\"image\":{\"@id\":\"https:\/\/d-identify.be\/de\/produkt\/verriegelungsvorrichtung-leitungsschutzschalter-grip-tight-master-lock-493b\/#primaryimage\"},\"thumbnailUrl\":\"https:\/\/d-identify.be\/wp-content\/uploads\/2023\/12\/MLCOM_PRODUCT_493B.jpg\",\"datePublished\":\"2023-12-22T09:47:48+00:00\",\"dateModified\":\"2026-01-08T14:26:53+00:00\",\"description\":\"Verriegelungsvorrichtung f\u00fcr Leitungsschutzschalter f\u00fcr 120V und 240V. Grip Tight\u2122 Design sorgt f\u00fcr schnellen und festen Halt.\",\"breadcrumb\":{\"@id\":\"https:\/\/d-identify.be\/de\/produkt\/verriegelungsvorrichtung-leitungsschutzschalter-grip-tight-master-lock-493b\/#breadcrumb\"},\"inLanguage\":\"de\",\"potentialAction\":[{\"@type\":\"ReadAction\",\"target\":[\"https:\/\/d-identify.be\/de\/produkt\/verriegelungsvorrichtung-leitungsschutzschalter-grip-tight-master-lock-493b\/\"]}]},{\"@type\":\"ImageObject\",\"inLanguage\":\"de\",\"@id\":\"https:\/\/d-identify.be\/de\/produkt\/verriegelungsvorrichtung-leitungsschutzschalter-grip-tight-master-lock-493b\/#primaryimage\",\"url\":\"https:\/\/d-identify.be\/wp-content\/uploads\/2023\/12\/MLCOM_PRODUCT_493B.jpg\",\"contentUrl\":\"https:\/\/d-identify.be\/wp-content\/uploads\/2023\/12\/MLCOM_PRODUCT_493B.jpg\",\"width\":285,\"height\":285,\"caption\":\"Verriegelungsvorrichtung f\u00fcr Leitungsschutzschalter \u2013 Master Lock 493B\"},{\"@type\":\"BreadcrumbList\",\"@id\":\"https:\/\/d-identify.be\/de\/produkt\/verriegelungsvorrichtung-leitungsschutzschalter-grip-tight-master-lock-493b\/#breadcrumb\",\"itemListElement\":[{\"@type\":\"ListItem\",\"position\":1,\"name\":\"Home\",\"item\":\"https:\/\/d-identify.be\/de\/home-2\/\"},{\"@type\":\"ListItem\",\"position\":2,\"name\":\"Shop\",\"item\":\"https:\/\/d-identify.be\/shop-2\/\"},{\"@type\":\"ListItem\",\"position\":3,\"name\":\"Master Lock 493B Grip Tight\u2122 Verriegelungsvorrichtung f\u00fcr Leitungsschutzschalter\"}]},{\"@type\":\"WebSite\",\"@id\":\"https:\/\/d-identify.be\/de\/#website\",\"url\":\"https:\/\/d-identify.be\/de\/\",\"name\":\"d-identify\",\"description\":\"Industrial identification - Lockout - Tagout - Floor marking\",\"potentialAction\":[{\"@type\":\"SearchAction\",\"target\":{\"@type\":\"EntryPoint\",\"urlTemplate\":\"https:\/\/d-identify.be\/de\/?s={search_term_string}\"},\"query-input\":{\"@type\":\"PropertyValueSpecification\",\"valueRequired\":true,\"valueName\":\"search_term_string\"}}],\"inLanguage\":\"de\"}]}<\/script>\n<!-- \/ Yoast SEO Premium plugin. -->","yoast_head_json":{"title":"Verriegelungsvorrichtung f\u00fcr Leitungsschutzschalter \u2013 Master Lock","description":"Verriegelungsvorrichtung f\u00fcr Leitungsschutzschalter f\u00fcr 120V und 240V. Grip Tight\u2122 Design sorgt f\u00fcr schnellen und festen Halt.","robots":{"index":"index","follow":"follow","max-snippet":"max-snippet:-1","max-image-preview":"max-image-preview:large","max-video-preview":"max-video-preview:-1"},"canonical":"https:\/\/d-identify.be\/de\/produkt\/verriegelungsvorrichtung-leitungsschutzschalter-grip-tight-master-lock-493b\/","og_locale":"de_DE","og_type":"article","og_title":"Master Lock 493B Grip Tight\u2122 Verriegelungsvorrichtung f\u00fcr Leitungsschutzschalter","og_description":"Verriegelungsvorrichtung f\u00fcr Leitungsschutzschalter f\u00fcr 120V und 240V. Grip Tight\u2122 Design sorgt f\u00fcr schnellen und festen Halt.","og_url":"https:\/\/d-identify.be\/de\/produkt\/verriegelungsvorrichtung-leitungsschutzschalter-grip-tight-master-lock-493b\/","og_site_name":"d-identify","article_modified_time":"2026-01-08T14:26:53+00:00","og_image":[{"width":285,"height":285,"url":"https:\/\/d-identify.be\/wp-content\/uploads\/2023\/12\/MLCOM_PRODUCT_493B.jpg","type":"image\/jpeg"}],"twitter_card":"summary_large_image","twitter_misc":{"Gesch\u00e4tzte Lesezeit":"1\u00a0Minute"},"schema":{"@context":"https:\/\/schema.org","@graph":[{"@type":"WebPage","@id":"https:\/\/d-identify.be\/de\/produkt\/verriegelungsvorrichtung-leitungsschutzschalter-grip-tight-master-lock-493b\/","url":"https:\/\/d-identify.be\/de\/produkt\/verriegelungsvorrichtung-leitungsschutzschalter-grip-tight-master-lock-493b\/","name":"Verriegelungsvorrichtung f\u00fcr Leitungsschutzschalter \u2013 Master Lock","isPartOf":{"@id":"https:\/\/d-identify.be\/de\/#website"},"primaryImageOfPage":{"@id":"https:\/\/d-identify.be\/de\/produkt\/verriegelungsvorrichtung-leitungsschutzschalter-grip-tight-master-lock-493b\/#primaryimage"},"image":{"@id":"https:\/\/d-identify.be\/de\/produkt\/verriegelungsvorrichtung-leitungsschutzschalter-grip-tight-master-lock-493b\/#primaryimage"},"thumbnailUrl":"https:\/\/d-identify.be\/wp-content\/uploads\/2023\/12\/MLCOM_PRODUCT_493B.jpg","datePublished":"2023-12-22T09:47:48+00:00","dateModified":"2026-01-08T14:26:53+00:00","description":"Verriegelungsvorrichtung f\u00fcr Leitungsschutzschalter f\u00fcr 120V und 240V. Grip Tight\u2122 Design sorgt f\u00fcr schnellen und festen Halt.","breadcrumb":{"@id":"https:\/\/d-identify.be\/de\/produkt\/verriegelungsvorrichtung-leitungsschutzschalter-grip-tight-master-lock-493b\/#breadcrumb"},"inLanguage":"de","potentialAction":[{"@type":"ReadAction","target":["https:\/\/d-identify.be\/de\/produkt\/verriegelungsvorrichtung-leitungsschutzschalter-grip-tight-master-lock-493b\/"]}]},{"@type":"ImageObject","inLanguage":"de","@id":"https:\/\/d-identify.be\/de\/produkt\/verriegelungsvorrichtung-leitungsschutzschalter-grip-tight-master-lock-493b\/#primaryimage","url":"https:\/\/d-identify.be\/wp-content\/uploads\/2023\/12\/MLCOM_PRODUCT_493B.jpg","contentUrl":"https:\/\/d-identify.be\/wp-content\/uploads\/2023\/12\/MLCOM_PRODUCT_493B.jpg","width":285,"height":285,"caption":"Verriegelungsvorrichtung f\u00fcr Leitungsschutzschalter \u2013 Master Lock 493B"},{"@type":"BreadcrumbList","@id":"https:\/\/d-identify.be\/de\/produkt\/verriegelungsvorrichtung-leitungsschutzschalter-grip-tight-master-lock-493b\/#breadcrumb","itemListElement":[{"@type":"ListItem","position":1,"name":"Home","item":"https:\/\/d-identify.be\/de\/home-2\/"},{"@type":"ListItem","position":2,"name":"Shop","item":"https:\/\/d-identify.be\/shop-2\/"},{"@type":"ListItem","position":3,"name":"Master Lock 493B Grip Tight\u2122 Verriegelungsvorrichtung f\u00fcr Leitungsschutzschalter"}]},{"@type":"WebSite","@id":"https:\/\/d-identify.be\/de\/#website","url":"https:\/\/d-identify.be\/de\/","name":"d-identify","description":"Industrial identification - Lockout - Tagout - Floor marking","potentialAction":[{"@type":"SearchAction","target":{"@type":"EntryPoint","urlTemplate":"https:\/\/d-identify.be\/de\/?s={search_term_string}"},"query-input":{"@type":"PropertyValueSpecification","valueRequired":true,"valueName":"search_term_string"}}],"inLanguage":"de"}]}},"_links":{"self":[{"href":"https:\/\/d-identify.be\/de\/wp-json\/wp\/v2\/product\/17300","targetHints":{"allow":["GET"]}}],"collection":[{"href":"https:\/\/d-identify.be\/de\/wp-json\/wp\/v2\/product"}],"about":[{"href":"https:\/\/d-identify.be\/de\/wp-json\/wp\/v2\/types\/product"}],"replies":[{"embeddable":true,"href":"https:\/\/d-identify.be\/de\/wp-json\/wp\/v2\/comments?post=17300"}],"wp:featuredmedia":[{"embeddable":true,"href":"https:\/\/d-identify.be\/de\/wp-json\/wp\/v2\/media\/17301"}],"wp:attachment":[{"href":"https:\/\/d-identify.be\/de\/wp-json\/wp\/v2\/media?parent=17300"}],"wp:term":[{"taxonomy":"product_brand","embeddable":true,"href":"https:\/\/d-identify.be\/de\/wp-json\/wp\/v2\/product_brand?post=17300"},{"taxonomy":"product_cat","embeddable":true,"href":"https:\/\/d-identify.be\/de\/wp-json\/wp\/v2\/product_cat?post=17300"},{"taxonomy":"product_tag","embeddable":true,"href":"https:\/\/d-identify.be\/de\/wp-json\/wp\/v2\/product_tag?post=17300"},{"taxonomy":"pa_connextion-shapes","embeddable":true,"href":"https:\/\/d-identify.be\/de\/wp-json\/wp\/v2\/pa_connextion-shapes?post=17300"}],"curies":[{"name":"wp","href":"https:\/\/api.w.org\/{rel}","templated":true}]}}