{"id":22457,"date":"2021-07-16T10:38:54","date_gmt":"2021-07-16T08:38:54","guid":{"rendered":"https:\/\/d-identify.be\/identifizierung-von-kabeln-und-leitungen\/"},"modified":"2025-01-27T16:05:04","modified_gmt":"2025-01-27T14:05:04","slug":"identifizierung-von-kabeln-und-leitungen","status":"publish","type":"page","link":"https:\/\/d-identify.be\/de\/identifizierung-von-kabeln-und-leitungen\/","title":{"rendered":"Identifizierung von Kabeln und Leitungen"},"content":{"rendered":"<p>[et_pb_section fb_built=&#8220;1&#8243; _builder_version=&#8220;4.16&#8243; _module_preset=&#8220;default&#8220; custom_padding=&#8220;0px||37px|||&#8220; global_colors_info=&#8220;{}&#8220; da_is_popup=&#8220;off&#8220; da_exit_intent=&#8220;off&#8220; da_has_close=&#8220;on&#8220; da_alt_close=&#8220;off&#8220; da_dark_close=&#8220;off&#8220; da_not_modal=&#8220;on&#8220; da_is_singular=&#8220;off&#8220; da_with_loader=&#8220;off&#8220; da_has_shadow=&#8220;on&#8220; da_disable_devices=&#8220;off|off|off&#8220;][et_pb_row _builder_version=&#8220;4.16&#8243; _module_preset=&#8220;default&#8220; custom_padding=&#8220;||2px|||&#8220; global_colors_info=&#8220;{}&#8220;][et_pb_column type=&#8220;4_4&#8243; _builder_version=&#8220;4.16&#8243; _module_preset=&#8220;default&#8220; global_colors_info=&#8220;{}&#8220;][et_pb_text _builder_version=&#8220;4.16&#8243; _module_preset=&#8220;default&#8220; header_font_size=&#8220;24px&#8220; text_orientation=&#8220;center&#8220; custom_margin=&#8220;10px||5px||false|false&#8220; global_colors_info=&#8220;{}&#8220;]<\/p>\n<h1>Identifizierung von Kabeln und Leitungen<\/h1>\n<p>[\/et_pb_text][et_pb_divider color=&#8220;#E6754C&#8220; divider_weight=&#8220;4px&#8220; _builder_version=&#8220;4.16&#8243; _module_preset=&#8220;default&#8220; width=&#8220;50px&#8220; module_alignment=&#8220;center&#8220; custom_margin=&#8220;||20px||false|false&#8220; custom_padding=&#8220;||||false|false&#8220; animation_style=&#8220;slide&#8220; animation_direction=&#8220;left&#8220; animation_duration=&#8220;400ms&#8220; global_colors_info=&#8220;{}&#8220;][\/et_pb_divider][\/et_pb_column][\/et_pb_row][et_pb_row column_structure=&#8220;3_5,2_5&#8243; _builder_version=&#8220;4.16&#8243; _module_preset=&#8220;default&#8220; custom_padding=&#8220;|30px||30px|false|true&#8220; global_colors_info=&#8220;{}&#8220;][et_pb_column type=&#8220;3_5&#8243; _builder_version=&#8220;4.16&#8243; _module_preset=&#8220;default&#8220; animation_style=&#8220;slide&#8220; animation_direction=&#8220;left&#8220; animation_intensity_slide=&#8220;1%&#8220; global_colors_info=&#8220;{}&#8220;][et_pb_text _builder_version=&#8220;4.16&#8243; _module_preset=&#8220;default&#8220; global_colors_info=&#8220;{}&#8220;]<\/p>\n<h3><span>Schrumpfschl\u00e4uche<\/span><\/h3>\n<p>[\/et_pb_text][et_pb_text _builder_version=&#8220;4.16&#8243; _module_preset=&#8220;default&#8220; global_colors_info=&#8220;{}&#8220;]<\/p>\n<p>DMIL Markierungsh\u00fclsen sind f\u00fcr die dauerhafte Kennzeichnung von Dr\u00e4hten und Kabeln konzipiert.<br \/>\nSie bestehen aus strapazierf\u00e4higem und flammhemmendem, w\u00e4rmeschrumpfendem Polyolefin und werden durch einen elektronischen Hochenergiestrahl strahlenvernetzt. <\/p>\n<p><strong>Standard:<\/strong> AMS erf\u00fcllt AMS-DTL-23053\/5 Klasse 1&amp;3, SAE-AS 81531, MILSTD- 202F\/Methode 215J, UL224, VW-1, RoHS.<\/p>\n<p>[\/et_pb_text][et_pb_button button_url=&#8220;https:\/\/d-identify.be\/de\/produktkategorien\/etiketten-und-baender-de\/kabelmarkierung\/bedruckbare-schrumpfschlaeuche\/&#8220; button_text=&#8220;Jetzt einkaufen&#8220; _builder_version=&#8220;4.27.4&#8243; _module_preset=&#8220;default&#8220; hover_enabled=&#8220;0&#8243; global_colors_info=&#8220;{}&#8220; sticky_enabled=&#8220;0&#8243;][\/et_pb_button][\/et_pb_column][et_pb_column type=&#8220;2_5&#8243; _builder_version=&#8220;4.16&#8243; _module_preset=&#8220;default&#8220; animation_style=&#8220;slide&#8220; animation_direction=&#8220;right&#8220; animation_intensity_slide=&#8220;9%&#8220; global_colors_info=&#8220;{}&#8220;][et_pb_image src=&#8220;https:\/\/d-identify.be\/wp-content\/uploads\/2021\/07\/heatshrink_sleeves_360x.jpg&#8220; title_text=&#8220;w\u00e4rmeschrumpfende_\u00c4rmel_360x&#8220; _builder_version=&#8220;4.16&#8243; _module_preset=&#8220;default&#8220; max_width=&#8220;350px&#8220; module_alignment=&#8220;right&#8220; custom_margin=&#8220;19px|||||&#8220; module_alignment_tablet=&#8220;left&#8220; module_alignment_phone=&#8220;&#8220; module_alignment_last_edited=&#8220;on|tablet&#8220; global_colors_info=&#8220;{}&#8220;][\/et_pb_image][\/et_pb_column][\/et_pb_row][et_pb_row column_structure=&#8220;1_3,2_3&#8243; use_custom_gutter=&#8220;on&#8220; _builder_version=&#8220;4.16&#8243; _module_preset=&#8220;default&#8220; background_color=&#8220;#f4f4f4&#8243; custom_padding=&#8220;|30px||30px|false|true&#8220; custom_css_main_element=&#8220;display: flex;||flex-wrap: wrap;&#8220; global_colors_info=&#8220;{}&#8220; custom_css_main_element_last_edited=&#8220;on|tablet&#8220; custom_css_main_element_tablet=&#8220;display: flex;||flex-wrap: wrap;&#8220; custom_css_main_element_phone=&#8220;display: flex;||flex-wrap: wrap;&#8220;][et_pb_column type=&#8220;1_3&#8243; _builder_version=&#8220;4.16&#8243; _module_preset=&#8220;default&#8220; animation_style=&#8220;slide&#8220; animation_direction=&#8220;left&#8220; animation_intensity_slide=&#8220;9%&#8220; custom_css_main_element=&#8220;order: 1;&#8220; global_colors_info=&#8220;{}&#8220; custom_css_main_element_last_edited=&#8220;on|tablet&#8220; custom_css_main_element_tablet=&#8220;order: 2;&#8220; custom_css_main_element_phone=&#8220;order: 2;&#8220;][et_pb_image src=&#8220;https:\/\/d-identify.be\/wp-content\/uploads\/2021\/07\/D-identify_-Cable_wrap_360x.jpg&#8220; title_text=&#8220;D-identify_-Cable_wrap_360x&#8220; _builder_version=&#8220;4.16&#8243; _module_preset=&#8220;default&#8220; max_width=&#8220;300px&#8220; module_alignment=&#8220;left&#8220; module_alignment_tablet=&#8220;left&#8220; module_alignment_phone=&#8220;&#8220; module_alignment_last_edited=&#8220;on|tablet&#8220; global_colors_info=&#8220;{}&#8220;][\/et_pb_image][\/et_pb_column][et_pb_column type=&#8220;2_3&#8243; _builder_version=&#8220;4.16&#8243; _module_preset=&#8220;default&#8220; animation_style=&#8220;slide&#8220; animation_direction=&#8220;right&#8220; animation_intensity_slide=&#8220;1%&#8220; custom_css_main_element=&#8220;order: 2;&#8220; global_colors_info=&#8220;{}&#8220; custom_css_main_element_last_edited=&#8220;on|tablet&#8220; custom_css_main_element_tablet=&#8220;order: 1;&#8220; custom_css_main_element_phone=&#8220;order: 1;&#8220;][et_pb_text _builder_version=&#8220;4.16&#8243; _module_preset=&#8220;default&#8220; global_colors_info=&#8220;{}&#8220;]<\/p>\n<h3><span>Kabelwickel-Etiketten<\/span><\/h3>\n<p>[\/et_pb_text][et_pb_text _builder_version=&#8220;4.16&#8243; _module_preset=&#8220;default&#8220; global_colors_info=&#8220;{}&#8220;]<\/p>\n<p>Selbstlaminierende Etiketten haben einen farbigen <strong>wei\u00dfen<\/strong> oder<strong>gelben <\/strong>bedruckbaren Bereich und einen transparenten Teil. Der transparente Teil wird verwendet, um Ihren Ausdruck zu \u00fcberlaminieren und ihn vor Abrieb und Chemikalien zu sch\u00fctzen, die Ihren Ausweis abwischen k\u00f6nnen. Sie k\u00f6nnen sowohl f\u00fcr Kabel als auch f\u00fcr Rohre verwendet werden und es gibt sie in verschiedenen Gr\u00f6\u00dfen.  <\/p>\n<p>Diese Gr\u00f6\u00dfen wurden sorgf\u00e4ltig f\u00fcr bestimmte Anwendungen ausgew\u00e4hlt, z.B. ist die 25mmx37mm -12,5mm gro\u00dfe wei\u00dfe Fl\u00e4che ideal f\u00fcr die Kennzeichnung von CAT Internetkabeln.  <\/p>\n<p>[\/et_pb_text][et_pb_button button_url=&#8220;https:\/\/d-identify.be\/de\/produktkategorien\/etiketten-und-baender-de\/kabelmarkierung\/selbstlaminierende-kabeletiketten\/&#8220; button_text=&#8220;Jetzt einkaufen&#8220; _builder_version=&#8220;4.27.4&#8243; _module_preset=&#8220;default&#8220; custom_margin=&#8220;||30px||false|false&#8220; hover_enabled=&#8220;0&#8243; global_colors_info=&#8220;{}&#8220; sticky_enabled=&#8220;0&#8243;][\/et_pb_button][\/et_pb_column][\/et_pb_row][et_pb_row column_structure=&#8220;3_5,2_5&#8243; _builder_version=&#8220;4.16&#8243; _module_preset=&#8220;default&#8220; custom_padding=&#8220;|30px|57px|30px|false|true&#8220; global_colors_info=&#8220;{}&#8220;][et_pb_column type=&#8220;3_5&#8243; _builder_version=&#8220;4.16&#8243; _module_preset=&#8220;default&#8220; animation_style=&#8220;slide&#8220; animation_direction=&#8220;left&#8220; animation_intensity_slide=&#8220;1%&#8220; global_colors_info=&#8220;{}&#8220;][et_pb_text _builder_version=&#8220;4.16&#8243; _module_preset=&#8220;default&#8220; custom_padding=&#8220;29px|||||&#8220; global_colors_info=&#8220;{}&#8220;]<\/p>\n<h3><span>Kabelanh\u00e4nger<\/span><\/h3>\n<p>[\/et_pb_text][et_pb_text _builder_version=&#8220;4.16&#8243; _module_preset=&#8220;default&#8220; global_colors_info=&#8220;{}&#8220;]<\/p>\n<p>Die PUR-Kabelmarkierer sind aus einem&nbsp;<strong>Thermoplastisches Polyurethan<\/strong>&nbsp;Material, das ein&nbsp;<strong>halogenfreies<\/strong>, flammhemmendes, hydrolyse- und mikroorganismenbest\u00e4ndiges Material. Das Rohmaterial erf\u00fcllt&nbsp;<strong>UL94-V0 (feuerhemmend)<\/strong><\/p>\n<p>[\/et_pb_text][et_pb_button button_url=&#8220;https:\/\/d-identify.be\/de\/produktkategorien\/etiketten-und-baender-de\/kabelmarkierung\/kabelbuendel-identifikation\/pur-kabelidentifikation\/&#8220; button_text=&#8220;Jetzt einkaufen&#8220; _builder_version=&#8220;4.27.4&#8243; _module_preset=&#8220;default&#8220; hover_enabled=&#8220;0&#8243; global_colors_info=&#8220;{}&#8220; sticky_enabled=&#8220;0&#8243;][\/et_pb_button][\/et_pb_column][et_pb_column type=&#8220;2_5&#8243; _builder_version=&#8220;4.16&#8243; _module_preset=&#8220;default&#8220; animation_style=&#8220;slide&#8220; animation_direction=&#8220;right&#8220; animation_intensity_slide=&#8220;9%&#8220; global_colors_info=&#8220;{}&#8220;][et_pb_image src=&#8220;https:\/\/d-identify.be\/wp-content\/uploads\/2021\/07\/PUR_TAG_YELLOW_360x.png&#8220; title_text=&#8220;PUR_TAG_YELLOW_360x&#8220; _builder_version=&#8220;4.16&#8243; _module_preset=&#8220;default&#8220; max_width=&#8220;350px&#8220; module_alignment=&#8220;right&#8220; custom_margin=&#8220;19px|||||&#8220; module_alignment_tablet=&#8220;left&#8220; module_alignment_phone=&#8220;&#8220; module_alignment_last_edited=&#8220;on|tablet&#8220; global_colors_info=&#8220;{}&#8220;][\/et_pb_image][\/et_pb_column][\/et_pb_row][et_pb_row column_structure=&#8220;1_3,2_3&#8243; use_custom_gutter=&#8220;on&#8220; _builder_version=&#8220;4.16&#8243; _module_preset=&#8220;default&#8220; background_color=&#8220;#f4f4f4&#8243; custom_padding=&#8220;|30px||30px|false|true&#8220; custom_css_main_element=&#8220;display: flex;||flex-wrap: wrap;&#8220; global_colors_info=&#8220;{}&#8220; custom_css_main_element_last_edited=&#8220;off|desktop&#8220;][et_pb_column type=&#8220;1_3&#8243; _builder_version=&#8220;4.16&#8243; _module_preset=&#8220;default&#8220; animation_style=&#8220;slide&#8220; animation_direction=&#8220;left&#8220; animation_intensity_slide=&#8220;9%&#8220; custom_css_main_element=&#8220;order: 1;&#8220; global_colors_info=&#8220;{}&#8220; custom_css_main_element_last_edited=&#8220;on|tablet&#8220; custom_css_main_element_tablet=&#8220;order: 2;&#8220; custom_css_main_element_phone=&#8220;order: 2;&#8220;][et_pb_image src=&#8220;https:\/\/d-identify.be\/wp-content\/uploads\/2021\/07\/panel-labels_360x-1.jpg&#8220; title_text=&#8220;Tafel-Etiketten_360x&#8220; _builder_version=&#8220;4.16&#8243; _module_preset=&#8220;default&#8220; max_width=&#8220;300px&#8220; module_alignment=&#8220;left&#8220; global_colors_info=&#8220;{}&#8220;][\/et_pb_image][\/et_pb_column][et_pb_column type=&#8220;2_3&#8243; _builder_version=&#8220;4.16&#8243; _module_preset=&#8220;default&#8220; animation_style=&#8220;slide&#8220; animation_direction=&#8220;right&#8220; animation_intensity_slide=&#8220;1%&#8220; custom_css_main_element=&#8220;order: 2;&#8220; global_colors_info=&#8220;{}&#8220; custom_css_main_element_last_edited=&#8220;on|tablet&#8220; custom_css_main_element_tablet=&#8220;order: 1;&#8220; custom_css_main_element_phone=&#8220;order: 1;&#8220;][et_pb_text _builder_version=&#8220;4.16&#8243; _module_preset=&#8220;default&#8220; custom_margin=&#8220;||20px|||&#8220; global_colors_info=&#8220;{}&#8220;]<\/p>\n<h3><span>Etiketten mit Gravurplatte<\/span><\/h3>\n<p>[\/et_pb_text][et_pb_text _builder_version=&#8220;4.16&#8243; _module_preset=&#8220;default&#8220; custom_margin=&#8220;||16px|||&#8220; global_colors_info=&#8220;{}&#8220;]<\/p>\n<p>Gravurplatten-Etiketten wurden entwickelt, um maschinell hergestellte Gravurplatten zu ersetzen.&nbsp;  Diese Etiketten sind 40% billiger, da sie weniger zeitaufwendig und flexibler sind. Die Etiketten sind in Silber und Wei\u00df erh\u00e4ltlich.&nbsp;<\/p>\n<p>Unsere Knopfetiketten sind in den Farben Rot\/Gr\u00fcn&nbsp; und Gelb erh\u00e4ltlich und passen in die meisten Standardknopfl\u00f6cher.&nbsp;<\/p>\n<p>[\/et_pb_text][et_pb_button button_url=&#8220;https:\/\/d-identify.be\/de\/produktkategorien\/etiketten-und-baender-de\/industrieetiketten\/gravurplatten-etiketten\/&#8220; button_text=&#8220;Jetzt einkaufen&#8220; _builder_version=&#8220;4.27.4&#8243; _module_preset=&#8220;default&#8220; custom_margin=&#8220;||30px||false|false&#8220; hover_enabled=&#8220;0&#8243; global_colors_info=&#8220;{}&#8220; sticky_enabled=&#8220;0&#8243;][\/et_pb_button][\/et_pb_column][\/et_pb_row][\/et_pb_section]<\/p>\n","protected":false},"excerpt":{"rendered":"<p>Identifizierung von Kabeln und LeitungenSchrumpfschl\u00e4ucheDMIL Markierungsh\u00fclsen sind f\u00fcr die dauerhafte Kennzeichnung von Dr\u00e4hten und Kabeln konzipiert. Sie bestehen aus strapazierf\u00e4higem und flammhemmendem, w\u00e4rmeschrumpfendem Polyolefin und werden durch einen elektronischen Hochenergiestrahl strahlenvernetzt. Standard: AMS erf\u00fcllt AMS-DTL-23053\/5 Klasse 1&amp;3, SAE-AS 81531, MILSTD- 202F\/Methode 215J, UL224, VW-1, RoHS.Kabelwickel-EtikettenSelbstlaminierende Etiketten haben einen farbigen wei\u00dfen odergelben bedruckbaren Bereich und einen [&hellip;]<\/p>\n","protected":false},"author":1,"featured_media":0,"parent":0,"menu_order":0,"comment_status":"closed","ping_status":"closed","template":"","meta":{"_acf_changed":false,"_et_pb_use_builder":"on","_et_pb_old_content":"","_et_gb_content_width":"","footnotes":""},"class_list":["post-22457","page","type-page","status-publish","hentry"],"acf":[],"yoast_head":"<!-- This site is optimized with the Yoast SEO Premium plugin v27.0 (Yoast SEO v27.1) - https:\/\/yoast.com\/product\/yoast-seo-premium-wordpress\/ -->\n<title>Identifizierung von Kabeln und Leitungen - d-identify<\/title>\n<meta name=\"robots\" content=\"index, follow, max-snippet:-1, max-image-preview:large, max-video-preview:-1\" \/>\n<link rel=\"canonical\" href=\"https:\/\/d-identify.be\/de\/identifizierung-von-kabeln-und-leitungen\/\" \/>\n<meta property=\"og:locale\" content=\"de_DE\" \/>\n<meta property=\"og:type\" content=\"article\" \/>\n<meta property=\"og:title\" content=\"Identifizierung von Kabeln und Leitungen\" \/>\n<meta property=\"og:description\" content=\"Identifizierung von Kabeln und LeitungenSchrumpfschl\u00e4ucheDMIL Markierungsh\u00fclsen sind f\u00fcr die dauerhafte Kennzeichnung von Dr\u00e4hten und Kabeln konzipiert. Sie bestehen aus strapazierf\u00e4higem und flammhemmendem, w\u00e4rmeschrumpfendem Polyolefin und werden durch einen elektronischen Hochenergiestrahl strahlenvernetzt. Standard: AMS erf\u00fcllt AMS-DTL-23053\/5 Klasse 1&amp;3, SAE-AS 81531, MILSTD- 202F\/Methode 215J, UL224, VW-1, RoHS.Kabelwickel-EtikettenSelbstlaminierende Etiketten haben einen farbigen wei\u00dfen odergelben bedruckbaren Bereich und einen [&hellip;]\" \/>\n<meta property=\"og:url\" content=\"https:\/\/d-identify.be\/de\/identifizierung-von-kabeln-und-leitungen\/\" \/>\n<meta property=\"og:site_name\" content=\"d-identify\" \/>\n<meta property=\"article:modified_time\" content=\"2025-01-27T14:05:04+00:00\" \/>\n<meta property=\"og:image\" content=\"https:\/\/d-identify.be\/wp-content\/uploads\/2022\/07\/Logo-creating-Print-Solutions.png\" \/>\n\t<meta property=\"og:image:width\" content=\"3989\" \/>\n\t<meta property=\"og:image:height\" content=\"1675\" \/>\n\t<meta property=\"og:image:type\" content=\"image\/png\" \/>\n<meta name=\"twitter:card\" content=\"summary_large_image\" \/>\n<meta name=\"twitter:label1\" content=\"Gesch\u00e4tzte Lesezeit\" \/>\n\t<meta name=\"twitter:data1\" content=\"6\u00a0Minuten\" \/>\n<script type=\"application\/ld+json\" class=\"yoast-schema-graph\">{\"@context\":\"https:\/\/schema.org\",\"@graph\":[{\"@type\":\"WebPage\",\"@id\":\"https:\/\/d-identify.be\/de\/identifizierung-von-kabeln-und-leitungen\/\",\"url\":\"https:\/\/d-identify.be\/de\/identifizierung-von-kabeln-und-leitungen\/\",\"name\":\"Identifizierung von Kabeln und Leitungen - d-identify\",\"isPartOf\":{\"@id\":\"https:\/\/d-identify.be\/de\/#website\"},\"datePublished\":\"2021-07-16T08:38:54+00:00\",\"dateModified\":\"2025-01-27T14:05:04+00:00\",\"breadcrumb\":{\"@id\":\"https:\/\/d-identify.be\/de\/identifizierung-von-kabeln-und-leitungen\/#breadcrumb\"},\"inLanguage\":\"de\",\"potentialAction\":[{\"@type\":\"ReadAction\",\"target\":[\"https:\/\/d-identify.be\/de\/identifizierung-von-kabeln-und-leitungen\/\"]}]},{\"@type\":\"BreadcrumbList\",\"@id\":\"https:\/\/d-identify.be\/de\/identifizierung-von-kabeln-und-leitungen\/#breadcrumb\",\"itemListElement\":[{\"@type\":\"ListItem\",\"position\":1,\"name\":\"Home\",\"item\":\"https:\/\/d-identify.be\/de\/home-2\/\"},{\"@type\":\"ListItem\",\"position\":2,\"name\":\"Identifizierung von Kabeln und Leitungen\"}]},{\"@type\":\"WebSite\",\"@id\":\"https:\/\/d-identify.be\/de\/#website\",\"url\":\"https:\/\/d-identify.be\/de\/\",\"name\":\"d-identify\",\"description\":\"Industrial identification - Lockout - Tagout - Floor marking\",\"potentialAction\":[{\"@type\":\"SearchAction\",\"target\":{\"@type\":\"EntryPoint\",\"urlTemplate\":\"https:\/\/d-identify.be\/de\/?s={search_term_string}\"},\"query-input\":{\"@type\":\"PropertyValueSpecification\",\"valueRequired\":true,\"valueName\":\"search_term_string\"}}],\"inLanguage\":\"de\"}]}<\/script>\n<!-- \/ Yoast SEO Premium plugin. -->","yoast_head_json":{"title":"Identifizierung von Kabeln und Leitungen - d-identify","robots":{"index":"index","follow":"follow","max-snippet":"max-snippet:-1","max-image-preview":"max-image-preview:large","max-video-preview":"max-video-preview:-1"},"canonical":"https:\/\/d-identify.be\/de\/identifizierung-von-kabeln-und-leitungen\/","og_locale":"de_DE","og_type":"article","og_title":"Identifizierung von Kabeln und Leitungen","og_description":"Identifizierung von Kabeln und LeitungenSchrumpfschl\u00e4ucheDMIL Markierungsh\u00fclsen sind f\u00fcr die dauerhafte Kennzeichnung von Dr\u00e4hten und Kabeln konzipiert. Sie bestehen aus strapazierf\u00e4higem und flammhemmendem, w\u00e4rmeschrumpfendem Polyolefin und werden durch einen elektronischen Hochenergiestrahl strahlenvernetzt. Standard: AMS erf\u00fcllt AMS-DTL-23053\/5 Klasse 1&amp;3, SAE-AS 81531, MILSTD- 202F\/Methode 215J, UL224, VW-1, RoHS.Kabelwickel-EtikettenSelbstlaminierende Etiketten haben einen farbigen wei\u00dfen odergelben bedruckbaren Bereich und einen [&hellip;]","og_url":"https:\/\/d-identify.be\/de\/identifizierung-von-kabeln-und-leitungen\/","og_site_name":"d-identify","article_modified_time":"2025-01-27T14:05:04+00:00","og_image":[{"width":3989,"height":1675,"url":"https:\/\/d-identify.be\/wp-content\/uploads\/2022\/07\/Logo-creating-Print-Solutions.png","type":"image\/png"}],"twitter_card":"summary_large_image","twitter_misc":{"Gesch\u00e4tzte Lesezeit":"6\u00a0Minuten"},"schema":{"@context":"https:\/\/schema.org","@graph":[{"@type":"WebPage","@id":"https:\/\/d-identify.be\/de\/identifizierung-von-kabeln-und-leitungen\/","url":"https:\/\/d-identify.be\/de\/identifizierung-von-kabeln-und-leitungen\/","name":"Identifizierung von Kabeln und Leitungen - d-identify","isPartOf":{"@id":"https:\/\/d-identify.be\/de\/#website"},"datePublished":"2021-07-16T08:38:54+00:00","dateModified":"2025-01-27T14:05:04+00:00","breadcrumb":{"@id":"https:\/\/d-identify.be\/de\/identifizierung-von-kabeln-und-leitungen\/#breadcrumb"},"inLanguage":"de","potentialAction":[{"@type":"ReadAction","target":["https:\/\/d-identify.be\/de\/identifizierung-von-kabeln-und-leitungen\/"]}]},{"@type":"BreadcrumbList","@id":"https:\/\/d-identify.be\/de\/identifizierung-von-kabeln-und-leitungen\/#breadcrumb","itemListElement":[{"@type":"ListItem","position":1,"name":"Home","item":"https:\/\/d-identify.be\/de\/home-2\/"},{"@type":"ListItem","position":2,"name":"Identifizierung von Kabeln und Leitungen"}]},{"@type":"WebSite","@id":"https:\/\/d-identify.be\/de\/#website","url":"https:\/\/d-identify.be\/de\/","name":"d-identify","description":"Industrial identification - Lockout - Tagout - Floor marking","potentialAction":[{"@type":"SearchAction","target":{"@type":"EntryPoint","urlTemplate":"https:\/\/d-identify.be\/de\/?s={search_term_string}"},"query-input":{"@type":"PropertyValueSpecification","valueRequired":true,"valueName":"search_term_string"}}],"inLanguage":"de"}]}},"_links":{"self":[{"href":"https:\/\/d-identify.be\/de\/wp-json\/wp\/v2\/pages\/22457","targetHints":{"allow":["GET"]}}],"collection":[{"href":"https:\/\/d-identify.be\/de\/wp-json\/wp\/v2\/pages"}],"about":[{"href":"https:\/\/d-identify.be\/de\/wp-json\/wp\/v2\/types\/page"}],"author":[{"embeddable":true,"href":"https:\/\/d-identify.be\/de\/wp-json\/wp\/v2\/users\/1"}],"replies":[{"embeddable":true,"href":"https:\/\/d-identify.be\/de\/wp-json\/wp\/v2\/comments?post=22457"}],"version-history":[{"count":1,"href":"https:\/\/d-identify.be\/de\/wp-json\/wp\/v2\/pages\/22457\/revisions"}],"predecessor-version":[{"id":50352,"href":"https:\/\/d-identify.be\/de\/wp-json\/wp\/v2\/pages\/22457\/revisions\/50352"}],"wp:attachment":[{"href":"https:\/\/d-identify.be\/de\/wp-json\/wp\/v2\/media?parent=22457"}],"curies":[{"name":"wp","href":"https:\/\/api.w.org\/{rel}","templated":true}]}}