{"id":22238,"date":"2021-07-19T22:15:30","date_gmt":"2021-07-19T20:15:30","guid":{"rendered":"https:\/\/d-identify.be\/duralabel-drucker\/"},"modified":"2024-05-22T16:20:20","modified_gmt":"2024-05-22T14:20:20","slug":"duralabel-drucker","status":"publish","type":"page","link":"https:\/\/d-identify.be\/de\/duralabel-drucker\/","title":{"rendered":"DuraLabel-Drucker"},"content":{"rendered":"<p>[et_pb_section fb_built=&#8220;1&#8243; _builder_version=&#8220;4.16&#8243; _module_preset=&#8220;default&#8220; custom_padding=&#8220;0px||26px|||&#8220; da_disable_devices=&#8220;off|off|off&#8220; global_colors_info=&#8220;{}&#8220; da_is_popup=&#8220;off&#8220; da_exit_intent=&#8220;off&#8220; da_has_close=&#8220;on&#8220; da_alt_close=&#8220;off&#8220; da_dark_close=&#8220;off&#8220; da_not_modal=&#8220;on&#8220; da_is_singular=&#8220;off&#8220; da_with_loader=&#8220;off&#8220; da_has_shadow=&#8220;on&#8220;][et_pb_row _builder_version=&#8220;4.16&#8243; _module_preset=&#8220;default&#8220; custom_padding=&#8220;||2px|||&#8220; global_colors_info=&#8220;{}&#8220;][et_pb_column type=&#8220;4_4&#8243; _builder_version=&#8220;4.16&#8243; _module_preset=&#8220;default&#8220; global_colors_info=&#8220;{}&#8220;][et_pb_text _builder_version=&#8220;4.24.2&#8243; _module_preset=&#8220;default&#8220; header_font_size=&#8220;42px&#8220; text_orientation=&#8220;center&#8220; custom_margin=&#8220;10px||5px||false|false&#8220; global_colors_info=&#8220;{}&#8220;]<\/p>\n<h1>DuraLabel-Drucker<\/h1>\n<p>[\/et_pb_text][et_pb_divider color=&#8220;#E6754C&#8220; divider_weight=&#8220;4px&#8220; _builder_version=&#8220;4.16&#8243; _module_preset=&#8220;default&#8220; width=&#8220;50px&#8220; module_alignment=&#8220;center&#8220; custom_margin=&#8220;||20px||false|false&#8220; custom_padding=&#8220;||||false|false&#8220; animation_style=&#8220;slide&#8220; animation_direction=&#8220;left&#8220; animation_duration=&#8220;400ms&#8220; global_colors_info=&#8220;{}&#8220;][\/et_pb_divider][\/et_pb_column][\/et_pb_row][et_pb_row column_structure=&#8220;2_3,1_3&#8243; _builder_version=&#8220;4.16&#8243; _module_preset=&#8220;default&#8220; custom_padding=&#8220;|30px||30px|false|true&#8220; global_colors_info=&#8220;{}&#8220;][et_pb_column type=&#8220;2_3&#8243; _builder_version=&#8220;4.16&#8243; _module_preset=&#8220;default&#8220; animation_style=&#8220;slide&#8220; animation_direction=&#8220;left&#8220; animation_intensity_slide=&#8220;1%&#8220; global_colors_info=&#8220;{}&#8220;][et_pb_text _builder_version=&#8220;4.23.1&#8243; _module_preset=&#8220;default&#8220; custom_margin=&#8220;||-27px|||&#8220; custom_padding=&#8220;1px||58px|||&#8220; global_colors_info=&#8220;{}&#8220;]<\/p>\n<h1 class=\"productView-title main-heading\">DuraLabel Toro Max Industrie-Etikettendrucker<\/h1>\n<p>[\/et_pb_text][et_pb_image src=&#8220;https:\/\/d-identify.be\/wp-content\/uploads\/2023\/11\/Toro-MAx-features.png&#8220; title_text=&#8220;Die Funktionen des Toro Max&#8220; _builder_version=&#8220;4.23.1&#8243; _module_preset=&#8220;default&#8220; animation_style=&#8220;flip&#8220; global_colors_info=&#8220;{}&#8220;][\/et_pb_image][et_pb_text _builder_version=&#8220;4.24.2&#8243; _module_preset=&#8220;default&#8220; custom_margin=&#8220;||42px|||&#8220; hover_enabled=&#8220;0&#8243; global_colors_info=&#8220;{}&#8220; sticky_enabled=&#8220;0&#8243;]<\/p>\n<ul>\n<li><strong>Alles inklusive:<\/strong> Der Toro Max ist direkt einsatzbereit, ohne dass ein Computer erforderlich ist. Entwerfen Sie Etiketten sofort mit dem (23cm) 9-Zoll-Farb-Touchscreen, der herunterklappbaren Tastatur, der drahtlosen Maus und der integrierten Etikettensoftware. Weitere Details und Vorteile finden Sie in der <span> <\/span><a href=\"https:\/\/d-identify.be\/wp-content\/uploads\/2023\/11\/toro-max_flyer-2.pdf\">DuraLabel Toro Max flyer.<\/a><\/li>\n<li><strong>Vom Nullpunkt zum Druck:<\/strong> Laden Sie Verbrauchsmaterialien und starten Sie den Druck in Sekundenschnelle mit der Auto-Kalibrierungsfunktion.<\/li>\n<li><strong>Vollst\u00e4ndig tragbar:<\/strong> Drucken Sie optional stundenlang mobil vor Ort mit einem optionalen Akku.<\/li>\n<li><strong>Intelligente Software:<\/strong> Mit <a href=\"https:\/\/d-identify.be\/de\/labelforge-pro-page-2\/\">LabelForge PRO<\/a> k\u00f6nnen Sie standardisierte Etiketten erstellen, um gesetzliche Anforderungen zu erf\u00fcllen, indem Sie Vorlagen verwenden oder Etiketten von Grund auf anpassen<span>.<\/span><\/li>\n<li><strong>Robustes Zubeh\u00f6r:<\/strong> W\u00e4hlen Sie aus \u00fcber 40 Arten von Zubeh\u00f6r, das f\u00fcr eine Vielzahl von branchenspezifischen Anforderungen und Innen- \/ Au\u00dfenumgebungen geeignet ist.<\/li>\n<li><strong>R\u00fcckw\u00e4rtskompatibel:<\/strong> Der Toro Max verwendet dieselben Vinylmaterialien wie der DuraLabel Bronco und Toro, damit Sie mehr tun k\u00f6nnen und weniger ausgeben m\u00fcssen.<\/li>\n<li><strong>Hergestellt in den USA:<\/strong> Alle DuraLabel-Drucker werden vollst\u00e4ndig intern von unseren erfahrenen Technikern montiert.<\/li>\n<li><strong>5-j\u00e4hrige Garantie:<\/strong> Alle DuraLabel-Drucker sind bis zu f\u00fcnf Jahre nach dem Kauf frei von Defekten und Ausf\u00e4llen. Mehr lesen<span> <\/span><\/li>\n<li><strong>Lebenslanger Support:<\/strong> Erhalten Sie kostenlosen technischen Support f\u00fcr die Lebensdauer Ihres Produkts.<\/li>\n<\/ul>\n<p>[\/et_pb_text][\/et_pb_column][et_pb_column type=&#8220;1_3&#8243; _builder_version=&#8220;4.16&#8243; _module_preset=&#8220;default&#8220; animation_style=&#8220;slide&#8220; animation_direction=&#8220;right&#8220; animation_intensity_slide=&#8220;9%&#8220; global_colors_info=&#8220;{}&#8220;][et_pb_image src=&#8220;https:\/\/d-identify.be\/wp-content\/uploads\/2021\/07\/TOROMAX_360_KEYBOARD_0007.png&#8220; title_text=&#8220;TOROMAX_360_KEYBOARD_0007&#8243; _builder_version=&#8220;4.23.1&#8243; _module_preset=&#8220;default&#8220; max_width=&#8220;350px&#8220; module_alignment=&#8220;right&#8220; custom_margin=&#8220;-1px|||||&#8220; custom_padding=&#8220;0px|||||&#8220; module_alignment_tablet=&#8220;left&#8220; module_alignment_phone=&#8220;&#8220; module_alignment_last_edited=&#8220;on|tablet&#8220; global_colors_info=&#8220;{}&#8220;][\/et_pb_image][et_pb_button button_url=&#8220;https:\/\/d-identify.be\/de\/produkt\/duralabel-toro-max-2\/&#8220; button_text=&#8220;Jetzt einkaufen&#8220; button_alignment=&#8220;center&#8220; _builder_version=&#8220;4.23.1&#8243; _module_preset=&#8220;default&#8220; global_colors_info=&#8220;{}&#8220;][\/et_pb_button][et_pb_image src=&#8220;https:\/\/d-identify.be\/wp-content\/uploads\/2022\/09\/toro-max-cartridge.png&#8220; title_text=&#8220;toro-max-cartridge&#8220; _builder_version=&#8220;4.23.1&#8243; _module_preset=&#8220;default&#8220; global_colors_info=&#8220;{}&#8220;][\/et_pb_image][\/et_pb_column][\/et_pb_row][et_pb_row column_structure=&#8220;1_2,1_2&#8243; _builder_version=&#8220;4.23.1&#8243; _module_preset=&#8220;default&#8220; background_color=&#8220;#EDEDED&#8220; custom_padding=&#8220;||37px||false|false&#8220; global_colors_info=&#8220;{}&#8220;][et_pb_column type=&#8220;1_2&#8243; _builder_version=&#8220;4.23.1&#8243; _module_preset=&#8220;default&#8220; background_color=&#8220;#EDEDED&#8220; global_colors_info=&#8220;{}&#8220;][et_pb_image src=&#8220;https:\/\/d-identify.be\/wp-content\/uploads\/2023\/11\/dlcom-homepage-labelforge-image-2.png&#8220; title_text=&#8220;dlcom-homepage-labelforge-image-2&#8243; _builder_version=&#8220;4.23.1&#8243; _module_preset=&#8220;default&#8220; custom_padding=&#8220;0px|||34px|false|false&#8220; animation_style=&#8220;slide&#8220; global_colors_info=&#8220;{}&#8220;][\/et_pb_image][\/et_pb_column][et_pb_column type=&#8220;1_2&#8243; _builder_version=&#8220;4.23.1&#8243; _module_preset=&#8220;default&#8220; global_colors_info=&#8220;{}&#8220;][et_pb_heading title=&#8220;ETIKETTERSTELLUNG LEICHT GEMACHT&#8220; _builder_version=&#8220;4.23.1&#8243; _module_preset=&#8220;default&#8220; global_colors_info=&#8220;{}&#8220;][\/et_pb_heading][et_pb_text _builder_version=&#8220;4.23.1&#8243; _module_preset=&#8220;default&#8220; global_colors_info=&#8220;{}&#8220;]<\/p>\n<div data-widget-id=\"8156a3dd-0eeb-4b82-9dc2-0d9353f15884\" data-placement-id=\"ea50b07c-16e5-4e3f-ae4a-5b9025ee4209\" data-placement-status=\"ACTIVE\">\n<div class=\"sd-simple-text-8156a3dd-0eeb-4b82-9dc2-0d9353f15884 \">\n<div id=\"sd-simple-text-editable-8156a3dd-0eeb-4b82-9dc2-0d9353f15884\" data-edit-mode=\"\">\n<p><strong>\u00dcberall. Jederzeit. Jeder Drucker.  <\/strong><\/p>\n<p><strong><\/strong><\/p>\n<\/div>\n<\/div>\n<\/div>\n<div data-widget-id=\"0270065f-8c13-43a5-98bf-878592907003\" data-placement-id=\"d92e6b82-75f9-4b79-ba7d-de339afdbc81\" data-placement-status=\"ACTIVE\">\n<section class=\"db-list-0270065f-8c13-43a5-98bf-878592907003\">\n<ul class=\"db-list-container\">\n<li class=\"db-list-item-0\">Drucken Sie auf jedem Drucker, jederzeit und \u00fcberall.<\/li>\n<li class=\"db-list-item-1\">Designen und drucken Sie Etiketten in Sekunden.<\/li>\n<li class=\"db-list-item-2\">Erstellen Sie benutzerdefinierte Schilder und Etiketten in 14 Sprachen.<\/li>\n<li class=\"db-list-item-3\">Enth\u00e4lt Tausende von fertig zum Drucken geeigneten OSHA\/ANSI-konformen Etiketten.<\/li>\n<li class=\"db-list-item-4\">Umfangreiche chemische Datenbank zur Erstellung von HazCom- und GHS-Etiketten.<\/li>\n<\/ul>\n<\/section>\n<\/div>\n<p>[\/et_pb_text][et_pb_button button_url=&#8220;https:\/\/d-identify.be\/de\/labelforge-pro-page-2\/&#8220; button_text=&#8220;KOSTENLOSE DOWNLOAD&#8220; _builder_version=&#8220;4.23.1&#8243; _module_preset=&#8220;default&#8220; animation_style=&#8220;zoom&#8220; global_colors_info=&#8220;{}&#8220;][\/et_pb_button][\/et_pb_column][\/et_pb_row][et_pb_row column_structure=&#8220;2_3,1_3&#8243; _builder_version=&#8220;4.16&#8243; _module_preset=&#8220;default&#8220; custom_padding=&#8220;|30px||30px|false|true&#8220; global_colors_info=&#8220;{}&#8220;][et_pb_column type=&#8220;2_3&#8243; _builder_version=&#8220;4.16&#8243; _module_preset=&#8220;default&#8220; animation_style=&#8220;slide&#8220; animation_direction=&#8220;left&#8220; animation_intensity_slide=&#8220;1%&#8220; global_colors_info=&#8220;{}&#8220;][et_pb_text _builder_version=&#8220;4.23.1&#8243; _module_preset=&#8220;default&#8220; custom_margin=&#8220;||-27px|||&#8220; custom_padding=&#8220;21px||58px||false|false&#8220; global_colors_info=&#8220;{}&#8220;]<\/p>\n<h1 class=\"productView-title main-heading\">DuraLabel Kodiak Industrie-Etikettendrucker<\/h1>\n<p>[\/et_pb_text][et_pb_text _builder_version=&#8220;4.23.1&#8243; _module_preset=&#8220;default&#8220; global_colors_info=&#8220;{}&#8220;]<\/p>\n<p><span>F\u00fcr Kodiak gibt es keine Aufgabe, die zu gro\u00df oder zu klein w\u00e4re. Dieser gro\u00dfformatige Multicolor-Drucker macht es einfach, hochwertige Schilder in allen Gr\u00f6\u00dfen mit einem einzigen System zu erstellen. Drucken Sie auf Vorr\u00e4te von 4 (100mm) bis 10 (254mm) Zoll Breite und bis zu (2.4m) 8 Fu\u00df L\u00e4nge f\u00fcr unendliche M\u00f6glichkeiten. Es ist perfekt f\u00fcr GHS\/HazCom 2012 Chemieetiketten, OSHA\/ANSI-Schilder mit \u00dcberschriften und Wegweiser.<\/span><\/p>\n<p>[\/et_pb_text][et_pb_text _builder_version=&#8220;4.16&#8243; _module_preset=&#8220;default&#8220; custom_margin=&#8220;||42px|||&#8220; global_colors_info=&#8220;{}&#8220;]<\/p>\n<p><strong>Gro\u00dfe Schilder drucken:<\/strong> Entwerfen und drucken Sie Schilder von 100mm bis 254mm Breite und bis zu 2,4 Meter L\u00e4nge.<br \/><strong>Mehrfarbiger Druck:<\/strong> Mehrfarbige Druckf\u00e4higkeit f\u00fcr farbcodierte Schilder, OSHA\/ANSI-Schilder mit \u00dcberschriften und GHS\/HazCom 2012 Chemieetiketten.<br \/><strong>Standalone Arbeitsstation:<\/strong> Verwenden Sie den 9-Zoll-Touchscreen und die drahtlose QWERTY-Tastatur, um ganz einfach Ihre Schilder oder Etiketten zu entwerfen und \u00fcberall dort zu drucken, wo eine Steckdose vorhanden ist.<br \/><strong>Leistungsstarke Software:<\/strong> Entwerfen Sie m\u00fchelos individuelle Etiketten und Schilder f\u00fcr eine Vielzahl von industriellen Anwendungen, einschlie\u00dflich OSHA-Konformit\u00e4t, GHS\/HazCom 2012 Chemikalienkennzeichnung, Wegweiser, Rohrmarkierung, Lichtbogenblitz-Warnungen und mehr. Enth\u00e4lt eine Bibliothek mit \u00fcber 1.500 standardisierten Symbolen.<br \/><strong>Problemlose Einrichtung:<\/strong> Das eigenst\u00e4ndige System umfasst vorinstallierte Software \u2013 keine IT-Unterst\u00fctzung erforderlich.<br \/><strong>Breites Sortiment an Verbrauchsmaterialien:<\/strong> W\u00e4hlen Sie zwischen einfarbigen und mehrfarbigen Vorr\u00e4ten sowie \u00fcber 30 anwendungsspezifischen Verbrauchsmaterialien.<br \/><strong>Schneller Druck:<\/strong> Steigern Sie Ihre Produktivit\u00e4t mit einer Druckgeschwindigkeit von 50 mm pro Sekunde und einem automatischen Schneidemesser, ohne Trockenzeit f\u00fcr gedruckte Etiketten.<br \/><strong>Netzwerkverbindung:<\/strong> Verbinden Sie sich mit einem drahtlosen Netzwerk f\u00fcr kostenlose Software-Updates und den Fernzugriff auf Datenbanken.<br \/><strong>Hohe Aufl\u00f6sung:<\/strong> Drucken Sie fettgedruckte, leicht lesbare Schilder und Etiketten mit 300 dpi.<br \/><strong>5-j\u00e4hrige Garantie:<\/strong> <strong>Lebenslanger Support:<\/strong> Erhalten Sie kostenlosen Support f\u00fcr die Lebensdauer Ihres Produkts.<\/p>\n<p>[\/et_pb_text][\/et_pb_column][et_pb_column type=&#8220;1_3&#8243; _builder_version=&#8220;4.16&#8243; _module_preset=&#8220;default&#8220; animation_style=&#8220;slide&#8220; animation_direction=&#8220;right&#8220; animation_intensity_slide=&#8220;9%&#8220; global_colors_info=&#8220;{}&#8220;][et_pb_image src=&#8220;https:\/\/d-identify.be\/wp-content\/uploads\/2021\/07\/dlkodiak-main_360x.png&#8220; title_text=&#8220;dlkodiak-main_360x&#8220; _builder_version=&#8220;4.23.1&#8243; _module_preset=&#8220;default&#8220; max_width=&#8220;350px&#8220; module_alignment=&#8220;right&#8220; custom_margin=&#8220;0px||||false|false&#8220; custom_padding=&#8220;60px||||false|false&#8220; module_alignment_tablet=&#8220;left&#8220; module_alignment_phone=&#8220;&#8220; module_alignment_last_edited=&#8220;on|tablet&#8220; global_colors_info=&#8220;{}&#8220;][\/et_pb_image][et_pb_button button_url=&#8220;https:\/\/d-identify.be\/de\/produkt\/kodiak-max-multicolor-grosformatdrucker\/&#8220; button_text=&#8220;Jetzt einkaufen&#8220; button_alignment=&#8220;center&#8220; _builder_version=&#8220;4.23.1&#8243; _module_preset=&#8220;default&#8220; global_colors_info=&#8220;{}&#8220;][\/et_pb_button][\/et_pb_column][\/et_pb_row][\/et_pb_section]<\/p>\n","protected":false},"excerpt":{"rendered":"<p>DuraLabel-DruckerDuraLabel Toro Max Industrie-Etikettendrucker Alles inklusive: Der Toro Max ist direkt einsatzbereit, ohne dass ein Computer erforderlich ist. Entwerfen Sie Etiketten sofort mit dem (23cm) 9-Zoll-Farb-Touchscreen, der herunterklappbaren Tastatur, der drahtlosen Maus und der integrierten Etikettensoftware. Weitere Details und Vorteile finden Sie in der DuraLabel Toro Max flyer. Vom Nullpunkt zum Druck: Laden Sie Verbrauchsmaterialien [&hellip;]<\/p>\n","protected":false},"author":1,"featured_media":0,"parent":0,"menu_order":0,"comment_status":"closed","ping_status":"closed","template":"","meta":{"_acf_changed":false,"_et_pb_use_builder":"on","_et_pb_old_content":"","_et_gb_content_width":"","footnotes":""},"class_list":["post-22238","page","type-page","status-publish","hentry"],"acf":[],"yoast_head":"<!-- This site is optimized with the Yoast SEO Premium plugin v27.0 (Yoast SEO v27.1) - https:\/\/yoast.com\/product\/yoast-seo-premium-wordpress\/ -->\n<title>DuraLabel-Drucker - d-identify<\/title>\n<meta name=\"robots\" content=\"index, follow, max-snippet:-1, max-image-preview:large, max-video-preview:-1\" \/>\n<link rel=\"canonical\" href=\"https:\/\/d-identify.be\/de\/duralabel-drucker\/\" \/>\n<meta property=\"og:locale\" content=\"de_DE\" \/>\n<meta property=\"og:type\" content=\"article\" \/>\n<meta property=\"og:title\" content=\"DuraLabel-Drucker\" \/>\n<meta property=\"og:description\" content=\"DuraLabel-DruckerDuraLabel Toro Max Industrie-Etikettendrucker Alles inklusive: Der Toro Max ist direkt einsatzbereit, ohne dass ein Computer erforderlich ist. Entwerfen Sie Etiketten sofort mit dem (23cm) 9-Zoll-Farb-Touchscreen, der herunterklappbaren Tastatur, der drahtlosen Maus und der integrierten Etikettensoftware. Weitere Details und Vorteile finden Sie in der DuraLabel Toro Max flyer. Vom Nullpunkt zum Druck: Laden Sie Verbrauchsmaterialien [&hellip;]\" \/>\n<meta property=\"og:url\" content=\"https:\/\/d-identify.be\/de\/duralabel-drucker\/\" \/>\n<meta property=\"og:site_name\" content=\"d-identify\" \/>\n<meta property=\"article:modified_time\" content=\"2024-05-22T14:20:20+00:00\" \/>\n<meta property=\"og:image\" content=\"https:\/\/d-identify.be\/wp-content\/uploads\/2022\/07\/Logo-creating-Print-Solutions.png\" \/>\n\t<meta property=\"og:image:width\" content=\"3989\" \/>\n\t<meta property=\"og:image:height\" content=\"1675\" \/>\n\t<meta property=\"og:image:type\" content=\"image\/png\" \/>\n<meta name=\"twitter:card\" content=\"summary_large_image\" \/>\n<meta name=\"twitter:label1\" content=\"Gesch\u00e4tzte Lesezeit\" \/>\n\t<meta name=\"twitter:data1\" content=\"7\u00a0Minuten\" \/>\n<script type=\"application\/ld+json\" class=\"yoast-schema-graph\">{\"@context\":\"https:\/\/schema.org\",\"@graph\":[{\"@type\":\"WebPage\",\"@id\":\"https:\/\/d-identify.be\/de\/duralabel-drucker\/\",\"url\":\"https:\/\/d-identify.be\/de\/duralabel-drucker\/\",\"name\":\"DuraLabel-Drucker - d-identify\",\"isPartOf\":{\"@id\":\"https:\/\/d-identify.be\/de\/#website\"},\"datePublished\":\"2021-07-19T20:15:30+00:00\",\"dateModified\":\"2024-05-22T14:20:20+00:00\",\"breadcrumb\":{\"@id\":\"https:\/\/d-identify.be\/de\/duralabel-drucker\/#breadcrumb\"},\"inLanguage\":\"de\",\"potentialAction\":[{\"@type\":\"ReadAction\",\"target\":[\"https:\/\/d-identify.be\/de\/duralabel-drucker\/\"]}]},{\"@type\":\"BreadcrumbList\",\"@id\":\"https:\/\/d-identify.be\/de\/duralabel-drucker\/#breadcrumb\",\"itemListElement\":[{\"@type\":\"ListItem\",\"position\":1,\"name\":\"Home\",\"item\":\"https:\/\/d-identify.be\/de\/home-2\/\"},{\"@type\":\"ListItem\",\"position\":2,\"name\":\"DuraLabel-Drucker\"}]},{\"@type\":\"WebSite\",\"@id\":\"https:\/\/d-identify.be\/de\/#website\",\"url\":\"https:\/\/d-identify.be\/de\/\",\"name\":\"d-identify\",\"description\":\"Industrial identification - Lockout - Tagout - Floor marking\",\"potentialAction\":[{\"@type\":\"SearchAction\",\"target\":{\"@type\":\"EntryPoint\",\"urlTemplate\":\"https:\/\/d-identify.be\/de\/?s={search_term_string}\"},\"query-input\":{\"@type\":\"PropertyValueSpecification\",\"valueRequired\":true,\"valueName\":\"search_term_string\"}}],\"inLanguage\":\"de\"}]}<\/script>\n<!-- \/ Yoast SEO Premium plugin. -->","yoast_head_json":{"title":"DuraLabel-Drucker - d-identify","robots":{"index":"index","follow":"follow","max-snippet":"max-snippet:-1","max-image-preview":"max-image-preview:large","max-video-preview":"max-video-preview:-1"},"canonical":"https:\/\/d-identify.be\/de\/duralabel-drucker\/","og_locale":"de_DE","og_type":"article","og_title":"DuraLabel-Drucker","og_description":"DuraLabel-DruckerDuraLabel Toro Max Industrie-Etikettendrucker Alles inklusive: Der Toro Max ist direkt einsatzbereit, ohne dass ein Computer erforderlich ist. Entwerfen Sie Etiketten sofort mit dem (23cm) 9-Zoll-Farb-Touchscreen, der herunterklappbaren Tastatur, der drahtlosen Maus und der integrierten Etikettensoftware. Weitere Details und Vorteile finden Sie in der DuraLabel Toro Max flyer. Vom Nullpunkt zum Druck: Laden Sie Verbrauchsmaterialien [&hellip;]","og_url":"https:\/\/d-identify.be\/de\/duralabel-drucker\/","og_site_name":"d-identify","article_modified_time":"2024-05-22T14:20:20+00:00","og_image":[{"width":3989,"height":1675,"url":"https:\/\/d-identify.be\/wp-content\/uploads\/2022\/07\/Logo-creating-Print-Solutions.png","type":"image\/png"}],"twitter_card":"summary_large_image","twitter_misc":{"Gesch\u00e4tzte Lesezeit":"7\u00a0Minuten"},"schema":{"@context":"https:\/\/schema.org","@graph":[{"@type":"WebPage","@id":"https:\/\/d-identify.be\/de\/duralabel-drucker\/","url":"https:\/\/d-identify.be\/de\/duralabel-drucker\/","name":"DuraLabel-Drucker - d-identify","isPartOf":{"@id":"https:\/\/d-identify.be\/de\/#website"},"datePublished":"2021-07-19T20:15:30+00:00","dateModified":"2024-05-22T14:20:20+00:00","breadcrumb":{"@id":"https:\/\/d-identify.be\/de\/duralabel-drucker\/#breadcrumb"},"inLanguage":"de","potentialAction":[{"@type":"ReadAction","target":["https:\/\/d-identify.be\/de\/duralabel-drucker\/"]}]},{"@type":"BreadcrumbList","@id":"https:\/\/d-identify.be\/de\/duralabel-drucker\/#breadcrumb","itemListElement":[{"@type":"ListItem","position":1,"name":"Home","item":"https:\/\/d-identify.be\/de\/home-2\/"},{"@type":"ListItem","position":2,"name":"DuraLabel-Drucker"}]},{"@type":"WebSite","@id":"https:\/\/d-identify.be\/de\/#website","url":"https:\/\/d-identify.be\/de\/","name":"d-identify","description":"Industrial identification - Lockout - Tagout - Floor marking","potentialAction":[{"@type":"SearchAction","target":{"@type":"EntryPoint","urlTemplate":"https:\/\/d-identify.be\/de\/?s={search_term_string}"},"query-input":{"@type":"PropertyValueSpecification","valueRequired":true,"valueName":"search_term_string"}}],"inLanguage":"de"}]}},"_links":{"self":[{"href":"https:\/\/d-identify.be\/de\/wp-json\/wp\/v2\/pages\/22238","targetHints":{"allow":["GET"]}}],"collection":[{"href":"https:\/\/d-identify.be\/de\/wp-json\/wp\/v2\/pages"}],"about":[{"href":"https:\/\/d-identify.be\/de\/wp-json\/wp\/v2\/types\/page"}],"author":[{"embeddable":true,"href":"https:\/\/d-identify.be\/de\/wp-json\/wp\/v2\/users\/1"}],"replies":[{"embeddable":true,"href":"https:\/\/d-identify.be\/de\/wp-json\/wp\/v2\/comments?post=22238"}],"version-history":[{"count":0,"href":"https:\/\/d-identify.be\/de\/wp-json\/wp\/v2\/pages\/22238\/revisions"}],"wp:attachment":[{"href":"https:\/\/d-identify.be\/de\/wp-json\/wp\/v2\/media?parent=22238"}],"curies":[{"name":"wp","href":"https:\/\/api.w.org\/{rel}","templated":true}]}}