{"id":22148,"date":"2020-11-02T13:37:31","date_gmt":"2020-11-02T11:37:31","guid":{"rendered":"https:\/\/d-identify.be\/datenschutzbestimmungen\/"},"modified":"2024-05-22T10:16:31","modified_gmt":"2024-05-22T08:16:31","slug":"datenschutzbestimmungen","status":"publish","type":"page","link":"https:\/\/d-identify.be\/de\/datenschutzbestimmungen\/","title":{"rendered":"Datenschutzbestimmungen"},"content":{"rendered":"<p>[et_pb_section fb_built=&#8220;1&#8243; _builder_version=&#8220;3.22&#8243; custom_padding=&#8220;0px|||||&#8220;][et_pb_row _builder_version=&#8220;3.25&#8243; background_size=&#8220;initial&#8220; background_position=&#8220;top_left&#8220; background_repeat=&#8220;repeat&#8220; custom_padding=&#8220;40px|||||&#8220;][et_pb_column type=&#8220;4_4&#8243; _builder_version=&#8220;3.25&#8243; custom_padding=&#8220;|||&#8220; custom_padding__hover=&#8220;|||&#8220;][et_pb_text _builder_version=&#8220;4.9.7&#8243; background_size=&#8220;initial&#8220; background_position=&#8220;top_left&#8220; background_repeat=&#8220;repeat&#8220; hover_enabled=&#8220;0&#8243; sticky_enabled=&#8220;0&#8243;]<\/p>\n<h1>Datenschutzbestimmungen<\/h1>\n<p>[\/et_pb_text][et_pb_text _builder_version=&#8220;4.9.7&#8243; background_size=&#8220;initial&#8220; background_position=&#8220;top_left&#8220; background_repeat=&#8220;repeat&#8220; hover_enabled=&#8220;0&#8243; sticky_enabled=&#8220;0&#8243;]<\/p>\n<p>Diese Datenschutzrichtlinie beschreibt, wie Ihre pers\u00f6nlichen Daten gesammelt, verwendet und weitergegeben werden, wenn Sie industrial-labelling-supplies.myshopify.com (die &#8222;Website&#8220;) besuchen oder dort einen Kauf t\u00e4tigen.<\/p>\n<p>PERS\u00d6NLICHE INFORMATIONEN, DIE WIR SAMMELN<br \/>Wenn Sie die Website besuchen, sammeln wir automatisch bestimmte Informationen \u00fcber Ihr Ger\u00e4t, einschlie\u00dflich Informationen \u00fcber Ihren Webbrowser, Ihre IP-Adresse, Ihre Zeitzone und einige der Cookies, die auf Ihrem Ger\u00e4t installiert sind. Wenn Sie auf der Website surfen, sammeln wir au\u00dferdem Informationen \u00fcber die einzelnen Webseiten oder Produkte, die Sie sich ansehen, welche Websites oder Suchbegriffe Sie auf die Website verwiesen haben, und Informationen dar\u00fcber, wie Sie mit der Website interagieren. Wir bezeichnen diese automatisch gesammelten Informationen als &#8222;Ger\u00e4teinformationen&#8220;.<\/p>\n<p>Wir sammeln Ger\u00e4teinformationen mit Hilfe der folgenden Technologien:<br \/>&#8211; &#8222;Cookies&#8220; sind Datendateien, die auf Ihrem Ger\u00e4t oder Computer abgelegt werden und oft eine anonyme, eindeutige Kennung enthalten. Weitere Informationen \u00fcber Cookies und wie Sie Cookies deaktivieren k\u00f6nnen, finden Sie unter http:\/\/www.allaboutcookies.org.<br \/>&#8211; Logdateien&#8220; verfolgen die Aktionen auf der Website und erfassen Daten wie Ihre IP-Adresse, den Browsertyp, den Internetdienstanbieter, die verweisenden\/verlassenden Seiten sowie Datums- und Zeitstempel.<br \/>&#8211; &#8222;Web Beacons&#8220;, &#8222;Tags&#8220; und &#8222;Pixel&#8220; sind elektronische Dateien, die verwendet werden, um Informationen dar\u00fcber aufzuzeichnen, wie Sie die Website besuchen.<br \/>&#8211; [[INSERT DESCRIPTIONS OF OTHER TYPES OF TRACKING TECHNOLOGIES USED]]<\/p>\n<p>Wenn Sie einen Kauf t\u00e4tigen oder versuchen, einen Kauf \u00fcber die Website zu t\u00e4tigen, erfassen wir au\u00dferdem bestimmte Informationen von Ihnen, einschlie\u00dflich Ihres Namens, Ihrer Rechnungsadresse, Ihrer Lieferadresse, Ihrer Zahlungsinformationen (einschlie\u00dflich Kreditkartennummern [[INSERT ANY OTHER PAYMENT TYPES ACCEPTED]]), Ihrer E-Mail-Adresse und Ihrer Telefonnummer. Wir bezeichnen diese Informationen als &#8222;Bestellinformationen&#8220;.<\/p>\n<p>[[F\u00dcGEN SIE ALLE ANDEREN INFORMATIONEN EIN, DIE SIE SAMMELN: OFFLINE-DATEN, GEKAUFTE MARKETINGDATEN\/LISTEN]]<\/p>\n<p>Wenn wir in dieser Datenschutzrichtlinie von &#8222;pers\u00f6nlichen Daten&#8220; sprechen, meinen wir sowohl Ger\u00e4te- als auch Bestellinformationen.<\/p>\n<p>WIE VERWENDEN WIR IHRE PERS\u00d6NLICHEN DATEN?<br \/>Wir verwenden die von uns gesammelten Bestellinformationen im Allgemeinen, um die \u00fcber die Website aufgegebenen Bestellungen auszuf\u00fchren (einschlie\u00dflich der Verarbeitung Ihrer Zahlungsinformationen, der Organisation des Versands und der Zusendung von Rechnungen und\/oder Auftragsbest\u00e4tigungen). Au\u00dferdem verwenden wir diese Bestellinformationen, um:<br \/>&#8211; Kommunizieren Sie mit Ihnen;<br \/>&#8211; unsere Bestellungen auf potenzielle Risiken oder Betrug zu \u00fcberpr\u00fcfen; und<br \/>&#8211; Wenn es den Pr\u00e4ferenzen entspricht, die Sie uns mitgeteilt haben, stellen wir Ihnen Informationen oder Werbung zu unseren Produkten oder Dienstleistungen zur Verf\u00fcgung.<br \/>&#8211; [[INSERT OTHER USES OF ORDER INFORMATION]]<\/p>\n<p>Wir verwenden die gesammelten Ger\u00e4tedaten, um uns dabei zu helfen, potenzielle Risiken und Betrug zu erkennen (insbesondere Ihre IP-Adresse), und ganz allgemein, um unsere Website zu verbessern und zu optimieren (z. B. durch die Erstellung von Analysen dar\u00fcber, wie unsere Kunden auf der Website surfen und mit ihr interagieren, und um den Erfolg unserer Marketing- und Werbekampagnen zu bewerten).<\/p>\n<p>[[ANDERE VERWENDUNGSZWECKE VON GER\u00c4TEDATEN EINF\u00dcGEN, EINSCHLIESSLICH: WERBUNG\/RETARGETING]]<\/p>\n<p>WEITERGABE IHRER PERS\u00d6NLICHEN INFORMATIONEN<br \/>Wir geben Ihre pers\u00f6nlichen Daten an Dritte weiter, die uns bei der Verwendung Ihrer pers\u00f6nlichen Daten, wie oben beschrieben, helfen. Wir verwenden zum Beispiel Shopify, um unseren Online-Shop zu betreiben &#8211; Sie k\u00f6nnen hier mehr dar\u00fcber lesen, wie Shopify Ihre pers\u00f6nlichen Daten verwendet: https:\/\/www.shopify.com\/legal\/privacy. Wir verwenden auch Google Analytics, um zu verstehen, wie unsere Kunden die Website nutzen &#8211; Sie k\u00f6nnen hier mehr dar\u00fcber lesen, wie Google Ihre pers\u00f6nlichen Daten verwendet: https:\/\/www.google.com\/intl\/en\/policies\/privacy\/. Sie k\u00f6nnen Google Analytics auch hier abbestellen: https:\/\/tools.google.com\/dlpage\/gaoptout.<\/p>\n<p>Schlie\u00dflich k\u00f6nnen wir Ihre pers\u00f6nlichen Daten auch weitergeben, um geltende Gesetze und Vorschriften einzuhalten, um auf eine Vorladung, einen Durchsuchungsbefehl oder eine andere rechtm\u00e4\u00dfige Anfrage nach Informationen, die wir erhalten, zu reagieren oder um unsere Rechte anderweitig zu sch\u00fctzen.<\/p>\n<p>VERHALTENSBASIERTE WERBUNG<br \/>Wie oben beschrieben, verwenden wir Ihre pers\u00f6nlichen Daten, um Ihnen gezielte Werbung oder Marketingmitteilungen zukommen zu lassen, von denen wir glauben, dass sie f\u00fcr Sie von Interesse sein k\u00f6nnten. Weitere Informationen dar\u00fcber, wie gezielte Werbung funktioniert, finden Sie auf der Bildungsseite der Network Advertising Initiative (&#8222;NAI&#8220;) unter http:\/\/www.networkadvertising.org\/understanding-online-advertising\/how-does-it-work.<\/p>\n<p>Sie k\u00f6nnen gezielte Werbung deaktivieren, indem Sie die nachstehenden Links verwenden:<br \/>&#8211; Facebook: https:\/\/www.facebook.com\/settings\/?tab=ads<br \/>&#8211; Google: https:\/\/www.google.com\/settings\/ads\/anonymous<br \/>&#8211; Bing: https:\/\/advertise.bingads.microsoft.com\/en-us\/resources\/policies\/personalized-ads<br \/>&#8211; [[INCLUDE OPT-OUT LINKS FROM WHICHEVER SERVICES BEING USED]]<\/p>\n<p>Dar\u00fcber hinaus k\u00f6nnen Sie sich von einigen dieser Dienste abmelden, indem Sie das Opt-out-Portal der Digital Advertising Alliance besuchen: http:\/\/optout.aboutads.info\/.<\/p>\n<p>NICHT VERFOLGEN<br \/>Bitte beachten Sie, dass wir die Datenerfassungs- und Nutzungspraktiken unserer Website nicht \u00e4ndern, wenn wir ein &#8222;Do Not Track&#8220;-Signal von Ihrem Browser sehen.<\/p>\n<p>IHRE RECHTE<br \/>Wenn Sie in Europa ans\u00e4ssig sind, haben Sie das Recht, auf die von uns \u00fcber Sie gespeicherten personenbezogenen Daten zuzugreifen und zu verlangen, dass diese korrigiert, aktualisiert oder gel\u00f6scht werden. Wenn Sie von diesem Recht Gebrauch machen m\u00f6chten, kontaktieren Sie uns bitte \u00fcber die unten stehenden Kontaktinformationen.<\/p>\n<p>Wenn Sie in Europa ans\u00e4ssig sind, weisen wir au\u00dferdem darauf hin, dass wir Ihre Daten verarbeiten, um Vertr\u00e4ge mit Ihnen zu erf\u00fcllen (z.B. wenn Sie eine Bestellung \u00fcber die Website aufgeben) oder um unsere oben aufgef\u00fchrten legitimen Gesch\u00e4ftsinteressen zu verfolgen. Bitte beachten Sie au\u00dferdem, dass Ihre Daten au\u00dferhalb Europas, einschlie\u00dflich Kanada und den Vereinigten Staaten, \u00fcbermittelt werden.<\/p>\n<p>DATENAUFBEWAHRUNG<br \/>Wenn Sie eine Bestellung \u00fcber die Website aufgeben, werden wir Ihre Bestellinformationen f\u00fcr unsere Unterlagen aufbewahren, bis Sie uns bitten, diese Informationen zu l\u00f6schen.<\/p>\n<p>\u00c4NDERUNGEN<br \/>Wir behalten uns vor, diese Datenschutzerkl\u00e4rung von Zeit zu Zeit zu aktualisieren, um z.B. \u00c4nderungen unserer Praktiken oder anderen betrieblichen, rechtlichen oder regulatorischen Gr\u00fcnden Rechnung zu tragen.<\/p>\n<p>[[INSERT IF AGE RESTRICTION IS REQUIRED]]<br \/>MINOREN<br \/>Die Website ist nicht f\u00fcr Personen unter dem Alter von [[INSERT AGE]] bestimmt.<\/p>\n<p>KONTAKT US<br \/>Wenn Sie weitere Informationen \u00fcber unsere Datenschutzpraktiken w\u00fcnschen, wenn Sie Fragen haben oder eine Beschwerde einreichen m\u00f6chten, wenden Sie sich bitte per E-Mail an info@d-identify.be oder per Post an die unten angegebenen Kontaktdaten:<\/p>\n<p>Industrielles Etikettierzubeh\u00f6r<br \/>[Re: Datenschutzbeauftragter]<br \/>Belselestraat 39A<br \/>9250, Waasmunster<br \/>Belgium<\/p>\n<p>&#8212;&#8211;<\/p>\n<p>[\/et_pb_text][\/et_pb_column][\/et_pb_row][\/et_pb_section]<\/p>\n","protected":false},"excerpt":{"rendered":"<p>DatenschutzbestimmungenDiese Datenschutzrichtlinie beschreibt, wie Ihre pers\u00f6nlichen Daten gesammelt, verwendet und weitergegeben werden, wenn Sie industrial-labelling-supplies.myshopify.com (die &#8222;Website&#8220;) besuchen oder dort einen Kauf t\u00e4tigen. PERS\u00d6NLICHE INFORMATIONEN, DIE WIR SAMMELNWenn Sie die Website besuchen, sammeln wir automatisch bestimmte Informationen \u00fcber Ihr Ger\u00e4t, einschlie\u00dflich Informationen \u00fcber Ihren Webbrowser, Ihre IP-Adresse, Ihre Zeitzone und einige der Cookies, die auf [&hellip;]<\/p>\n","protected":false},"author":1,"featured_media":0,"parent":0,"menu_order":0,"comment_status":"closed","ping_status":"open","template":"","meta":{"_acf_changed":false,"_et_pb_use_builder":"on","_et_pb_old_content":"","_et_gb_content_width":"","footnotes":""},"class_list":["post-22148","page","type-page","status-publish","hentry"],"acf":[],"yoast_head":"<!-- This site is optimized with the Yoast SEO Premium plugin v27.0 (Yoast SEO v27.1) - https:\/\/yoast.com\/product\/yoast-seo-premium-wordpress\/ -->\n<title>Datenschutzbestimmungen - d-identify<\/title>\n<meta name=\"robots\" content=\"index, follow, max-snippet:-1, max-image-preview:large, max-video-preview:-1\" \/>\n<link rel=\"canonical\" href=\"https:\/\/d-identify.be\/de\/datenschutzbestimmungen\/\" \/>\n<meta property=\"og:locale\" content=\"de_DE\" \/>\n<meta property=\"og:type\" content=\"article\" \/>\n<meta property=\"og:title\" content=\"Datenschutzbestimmungen\" \/>\n<meta property=\"og:description\" content=\"DatenschutzbestimmungenDiese Datenschutzrichtlinie beschreibt, wie Ihre pers\u00f6nlichen Daten gesammelt, verwendet und weitergegeben werden, wenn Sie industrial-labelling-supplies.myshopify.com (die &quot;Website&quot;) besuchen oder dort einen Kauf t\u00e4tigen. PERS\u00d6NLICHE INFORMATIONEN, DIE WIR SAMMELNWenn Sie die Website besuchen, sammeln wir automatisch bestimmte Informationen \u00fcber Ihr Ger\u00e4t, einschlie\u00dflich Informationen \u00fcber Ihren Webbrowser, Ihre IP-Adresse, Ihre Zeitzone und einige der Cookies, die auf [&hellip;]\" \/>\n<meta property=\"og:url\" content=\"https:\/\/d-identify.be\/de\/datenschutzbestimmungen\/\" \/>\n<meta property=\"og:site_name\" content=\"d-identify\" \/>\n<meta property=\"article:modified_time\" content=\"2024-05-22T08:16:31+00:00\" \/>\n<meta property=\"og:image\" content=\"https:\/\/d-identify.be\/wp-content\/uploads\/2022\/07\/Logo-creating-Print-Solutions.png\" \/>\n\t<meta property=\"og:image:width\" content=\"3989\" \/>\n\t<meta property=\"og:image:height\" content=\"1675\" \/>\n\t<meta property=\"og:image:type\" content=\"image\/png\" \/>\n<meta name=\"twitter:card\" content=\"summary_large_image\" \/>\n<meta name=\"twitter:label1\" content=\"Gesch\u00e4tzte Lesezeit\" \/>\n\t<meta name=\"twitter:data1\" content=\"6\u00a0Minuten\" \/>\n<script type=\"application\/ld+json\" class=\"yoast-schema-graph\">{\"@context\":\"https:\/\/schema.org\",\"@graph\":[{\"@type\":\"WebPage\",\"@id\":\"https:\/\/d-identify.be\/de\/datenschutzbestimmungen\/\",\"url\":\"https:\/\/d-identify.be\/de\/datenschutzbestimmungen\/\",\"name\":\"Datenschutzbestimmungen - d-identify\",\"isPartOf\":{\"@id\":\"https:\/\/d-identify.be\/de\/#website\"},\"datePublished\":\"2020-11-02T11:37:31+00:00\",\"dateModified\":\"2024-05-22T08:16:31+00:00\",\"breadcrumb\":{\"@id\":\"https:\/\/d-identify.be\/de\/datenschutzbestimmungen\/#breadcrumb\"},\"inLanguage\":\"de\",\"potentialAction\":[{\"@type\":\"ReadAction\",\"target\":[\"https:\/\/d-identify.be\/de\/datenschutzbestimmungen\/\"]}]},{\"@type\":\"BreadcrumbList\",\"@id\":\"https:\/\/d-identify.be\/de\/datenschutzbestimmungen\/#breadcrumb\",\"itemListElement\":[{\"@type\":\"ListItem\",\"position\":1,\"name\":\"Home\",\"item\":\"https:\/\/d-identify.be\/de\/home-2\/\"},{\"@type\":\"ListItem\",\"position\":2,\"name\":\"Datenschutzbestimmungen\"}]},{\"@type\":\"WebSite\",\"@id\":\"https:\/\/d-identify.be\/de\/#website\",\"url\":\"https:\/\/d-identify.be\/de\/\",\"name\":\"d-identify\",\"description\":\"Industrial identification - Lockout - Tagout - Floor marking\",\"potentialAction\":[{\"@type\":\"SearchAction\",\"target\":{\"@type\":\"EntryPoint\",\"urlTemplate\":\"https:\/\/d-identify.be\/de\/?s={search_term_string}\"},\"query-input\":{\"@type\":\"PropertyValueSpecification\",\"valueRequired\":true,\"valueName\":\"search_term_string\"}}],\"inLanguage\":\"de\"}]}<\/script>\n<!-- \/ Yoast SEO Premium plugin. -->","yoast_head_json":{"title":"Datenschutzbestimmungen - d-identify","robots":{"index":"index","follow":"follow","max-snippet":"max-snippet:-1","max-image-preview":"max-image-preview:large","max-video-preview":"max-video-preview:-1"},"canonical":"https:\/\/d-identify.be\/de\/datenschutzbestimmungen\/","og_locale":"de_DE","og_type":"article","og_title":"Datenschutzbestimmungen","og_description":"DatenschutzbestimmungenDiese Datenschutzrichtlinie beschreibt, wie Ihre pers\u00f6nlichen Daten gesammelt, verwendet und weitergegeben werden, wenn Sie industrial-labelling-supplies.myshopify.com (die \"Website\") besuchen oder dort einen Kauf t\u00e4tigen. PERS\u00d6NLICHE INFORMATIONEN, DIE WIR SAMMELNWenn Sie die Website besuchen, sammeln wir automatisch bestimmte Informationen \u00fcber Ihr Ger\u00e4t, einschlie\u00dflich Informationen \u00fcber Ihren Webbrowser, Ihre IP-Adresse, Ihre Zeitzone und einige der Cookies, die auf [&hellip;]","og_url":"https:\/\/d-identify.be\/de\/datenschutzbestimmungen\/","og_site_name":"d-identify","article_modified_time":"2024-05-22T08:16:31+00:00","og_image":[{"width":3989,"height":1675,"url":"https:\/\/d-identify.be\/wp-content\/uploads\/2022\/07\/Logo-creating-Print-Solutions.png","type":"image\/png"}],"twitter_card":"summary_large_image","twitter_misc":{"Gesch\u00e4tzte Lesezeit":"6\u00a0Minuten"},"schema":{"@context":"https:\/\/schema.org","@graph":[{"@type":"WebPage","@id":"https:\/\/d-identify.be\/de\/datenschutzbestimmungen\/","url":"https:\/\/d-identify.be\/de\/datenschutzbestimmungen\/","name":"Datenschutzbestimmungen - d-identify","isPartOf":{"@id":"https:\/\/d-identify.be\/de\/#website"},"datePublished":"2020-11-02T11:37:31+00:00","dateModified":"2024-05-22T08:16:31+00:00","breadcrumb":{"@id":"https:\/\/d-identify.be\/de\/datenschutzbestimmungen\/#breadcrumb"},"inLanguage":"de","potentialAction":[{"@type":"ReadAction","target":["https:\/\/d-identify.be\/de\/datenschutzbestimmungen\/"]}]},{"@type":"BreadcrumbList","@id":"https:\/\/d-identify.be\/de\/datenschutzbestimmungen\/#breadcrumb","itemListElement":[{"@type":"ListItem","position":1,"name":"Home","item":"https:\/\/d-identify.be\/de\/home-2\/"},{"@type":"ListItem","position":2,"name":"Datenschutzbestimmungen"}]},{"@type":"WebSite","@id":"https:\/\/d-identify.be\/de\/#website","url":"https:\/\/d-identify.be\/de\/","name":"d-identify","description":"Industrial identification - Lockout - Tagout - Floor marking","potentialAction":[{"@type":"SearchAction","target":{"@type":"EntryPoint","urlTemplate":"https:\/\/d-identify.be\/de\/?s={search_term_string}"},"query-input":{"@type":"PropertyValueSpecification","valueRequired":true,"valueName":"search_term_string"}}],"inLanguage":"de"}]}},"_links":{"self":[{"href":"https:\/\/d-identify.be\/de\/wp-json\/wp\/v2\/pages\/22148","targetHints":{"allow":["GET"]}}],"collection":[{"href":"https:\/\/d-identify.be\/de\/wp-json\/wp\/v2\/pages"}],"about":[{"href":"https:\/\/d-identify.be\/de\/wp-json\/wp\/v2\/types\/page"}],"author":[{"embeddable":true,"href":"https:\/\/d-identify.be\/de\/wp-json\/wp\/v2\/users\/1"}],"replies":[{"embeddable":true,"href":"https:\/\/d-identify.be\/de\/wp-json\/wp\/v2\/comments?post=22148"}],"version-history":[{"count":0,"href":"https:\/\/d-identify.be\/de\/wp-json\/wp\/v2\/pages\/22148\/revisions"}],"wp:attachment":[{"href":"https:\/\/d-identify.be\/de\/wp-json\/wp\/v2\/media?parent=22148"}],"curies":[{"name":"wp","href":"https:\/\/api.w.org\/{rel}","templated":true}]}}